{"id":308896,"date":"2019-02-08T10:29:46","date_gmt":"2019-02-08T10:29:46","guid":{"rendered":"https:\/\/www.purejewels.com\/?post_type=product&#038;p=308896"},"modified":"2020-12-21T17:49:51","modified_gmt":"2020-12-21T17:49:51","slug":"antika-kaplamali-gelin-kolyesi","status":"publish","type":"product","link":"https:\/\/www.purejewels.com\/tr\/product\/bridal-necklace-with-antique-finish\/","title":{"rendered":"Antik Kaplamal\u0131 Gelin Kolyesi"},"content":{"rendered":"<ul>\n<li>22 Ayar Alt\u0131n <a href=\"https:\/\/www.purejewels.com\/tr\/product\/22ct-gold-bridal-necklace-46262\/\">Gelin Kolyesi<\/a> ile <a href=\"https:\/\/www.purejewels.com\/tr\/armari-collection\/\">Antik Kaplama<\/a><\/li>\n<li>G\u00fcl Kaplamal\u0131 ve Polki Ta\u015fl\u0131<\/li>\n<li>A\u011f\u0131rl\u0131k 40.6 g<\/li>\n<li>SKU. 28893<\/li>\n<li>E\u015fle\u015ftirme <a href=\"https:\/\/www.purejewels.com\/tr\/product-category\/22ct-gold-jewellery\/gold-earrings\/\">K\u00fcpeler<\/a> Bu Kolye i\u00e7in Mevcuttur<\/li>\n<li>T\u00fcm fiyatlara KDV dahildir<\/li>\n<li>\n<p style=\"margin: 0in;font-family: Georgia;font-size: 12.0pt\">T\u00fcm \u00dcr\u00fcnlerimiz Londra Tahlil Ofisi Taraf\u0131ndan Damgalanm\u0131\u015ft\u0131r<\/p>\n<\/li>\n<li>T\u00fcm Set Sunum Kutusuyla Birlikte Gelir<\/li>\n<li>Teslimat Dahil<\/li>\n<li>T\u00fcm yeni Asya Gelin kolyesi \u00e7e\u015fitlerini g\u00f6rmek i\u00e7in bizimle sohbet edin. <a href=\"https:\/\/www.purejewels.com\/tr\/product\/22ct-gold-ladies-stud-earring-with-rhodium-finish-46497\/\">K\u00fcpe<\/a> set ma\u011fazam\u0131zda mevcuttur, Londra, \u0130ngiltere<\/li>\n<\/ul>","protected":false},"excerpt":{"rendered":"<ul>\n<li>Antik Kaplamal\u0131 22 Ayar Alt\u0131n Gelin Kolyesi<\/li>\n<li>G\u00fcl Kaplamal\u0131 ve Polki Ta\u015fl\u0131<\/li>\n<li>A\u011f\u0131rl\u0131k 40.6 g<\/li>\n<li>SKU. 28893<\/li>\n<li>T\u00fcm fiyatlara KDV dahildir<\/li>\n<li>\n<p style=\"margin: 0in;font-family: Georgia;font-size: 12.0pt\">T\u00fcm \u00dcr\u00fcnlerimiz Londra Tahlil Ofisi Taraf\u0131ndan Damgalanm\u0131\u015ft\u0131r<\/p>\n<\/li>\n<li>T\u00fcm Set Sunum Kutusuyla Birlikte Gelir<\/li>\n<li>Teslimat Dahil<\/li>\n<li>Polki Ta\u015fl\u0131 Hint K\u00fcpesi<\/li>\n<li>\u00a0Antik ve Rose Kaplama 22 ayar Sar\u0131 alt\u0131n k\u00fcpe<\/li>\n<li>A\u011f\u0131rl\u0131k 8 g<\/li>\n<li>SKU. 28898<\/li>\n<li>\n<p style=\"margin: 0in;font-family: Georgia;font-size: 12.0pt\">T\u00fcm \u00dcr\u00fcnlerimiz Londra Tahlil Ofisi Taraf\u0131ndan Damgalanm\u0131\u015ft\u0131r<\/p>\n<\/li>\n<li>Sunum Kutusu ile Birlikte Gelir<\/li>\n<li>Teslimat Dahil<\/li>\n<li>T\u00fcm fiyatlara KDV dahildir<\/li>\n<li>Londra, \u0130ngiltere'deki ma\u011fazam\u0131zda bulunan t\u00fcm yeni Asya Gelin kolye ve k\u00fcpe setini g\u00f6rmek i\u00e7in bizimle sohbet edin<\/li>\n<\/ul>","protected":false},"featured_media":309151,"comment_status":"closed","ping_status":"closed","template":"","meta":{"_eb_attr":"","_crsspst_to_jayantr4sg-hostcom":false},"product_brand":[],"product_cat":[256,1625,1574],"product_tag":[],"class_list":{"0":"post-308896","1":"product","2":"type-product","3":"status-publish","4":"has-post-thumbnail","6":"product_cat-anusha-collections","7":"product_cat-bridal-set","8":"product_cat-womens-jewellery","10":"first","11":"outofstock","12":"taxable","13":"shipping-taxable","14":"product-type-simple","15":"add-to-wishlist-before_image"},"yoast_head":"<!-- This site is optimized with the Yoast SEO plugin v27.3 - https:\/\/yoast.com\/product\/yoast-seo-wordpress\/ -->\n<title>Bridal Necklace With Antique Finish - PureJewels UK<\/title>\n<meta name=\"robots\" content=\"index, follow, max-snippet:-1, max-image-preview:large, max-video-preview:-1\" \/>\n<link rel=\"canonical\" href=\"https:\/\/www.purejewels.com\/tr\/urun\/antika-kaplamali-gelin-kolyesi\/\" \/>\n<meta property=\"og:locale\" content=\"tr_TR\" \/>\n<meta property=\"og:type\" content=\"article\" \/>\n<meta property=\"og:title\" content=\"Bridal Necklace With Antique Finish - PureJewels UK\" \/>\n<meta property=\"og:description\" content=\"22ct Gold Bridal Necklace With Antique Finish  With Rose Finish and Polki Stones  Wt. 40.6 g  SKU. 28893  All prices include VAT   All our Products are Hallmarked by London Assay Office   All Set Comes With Presentation Box  Delivery Included  Indian Earring Studded With Polki stones  \u00a0Earring with Antique and Rose Finish in 22ct Yellow gold  Wt. 8 g  SKU. 28898   All our Products are Hallmarked by London Assay Office   Comes With Presentation Box  Delivery Included  All prices include VAT  Chat with us to view the entire new range of Asian Bridal necklace and earring set available in our store, London,UK\" \/>\n<meta property=\"og:url\" content=\"https:\/\/www.purejewels.com\/tr\/urun\/antika-kaplamali-gelin-kolyesi\/\" \/>\n<meta property=\"og:site_name\" content=\"PureJewels UK\" \/>\n<meta property=\"article:modified_time\" content=\"2020-12-21T17:49:51+00:00\" \/>\n<meta property=\"og:image\" content=\"https:\/\/www.purejewels.com\/wp-content\/uploads\/2019\/01\/28893.png\" \/>\n\t<meta property=\"og:image:width\" content=\"1000\" \/>\n\t<meta property=\"og:image:height\" content=\"1000\" \/>\n\t<meta property=\"og:image:type\" content=\"image\/png\" \/>\n<meta name=\"twitter:card\" content=\"summary_large_image\" \/>\n<script type=\"application\/ld+json\" class=\"yoast-schema-graph\">{\"@context\":\"https:\\\/\\\/schema.org\",\"@graph\":[{\"@type\":[\"WebPage\",\"ItemPage\"],\"@id\":\"https:\\\/\\\/www.purejewels.com\\\/product\\\/bridal-necklace-with-antique-finish\\\/\",\"url\":\"https:\\\/\\\/www.purejewels.com\\\/product\\\/bridal-necklace-with-antique-finish\\\/\",\"name\":\"Bridal Necklace With Antique Finish - PureJewels UK\",\"isPartOf\":{\"@id\":\"https:\\\/\\\/www.purejewels.com\\\/#website\"},\"primaryImageOfPage\":{\"@id\":\"https:\\\/\\\/www.purejewels.com\\\/product\\\/bridal-necklace-with-antique-finish\\\/#primaryimage\"},\"image\":{\"@id\":\"https:\\\/\\\/www.purejewels.com\\\/product\\\/bridal-necklace-with-antique-finish\\\/#primaryimage\"},\"thumbnailUrl\":\"https:\\\/\\\/static.purejewels.com\\\/wp-content\\\/uploads\\\/2019\\\/01\\\/28893.png\",\"datePublished\":\"2019-02-08T10:29:46+00:00\",\"dateModified\":\"2020-12-21T17:49:51+00:00\",\"breadcrumb\":{\"@id\":\"https:\\\/\\\/www.purejewels.com\\\/product\\\/bridal-necklace-with-antique-finish\\\/#breadcrumb\"},\"inLanguage\":\"tr\",\"potentialAction\":[{\"@type\":\"ReadAction\",\"target\":[\"https:\\\/\\\/www.purejewels.com\\\/product\\\/bridal-necklace-with-antique-finish\\\/\"]}]},{\"@type\":\"ImageObject\",\"inLanguage\":\"tr\",\"@id\":\"https:\\\/\\\/www.purejewels.com\\\/product\\\/bridal-necklace-with-antique-finish\\\/#primaryimage\",\"url\":\"https:\\\/\\\/static.purejewels.com\\\/wp-content\\\/uploads\\\/2019\\\/01\\\/28893.png\",\"contentUrl\":\"https:\\\/\\\/static.purejewels.com\\\/wp-content\\\/uploads\\\/2019\\\/01\\\/28893.png\",\"width\":1000,\"height\":1000,\"caption\":\"28893\"},{\"@type\":\"BreadcrumbList\",\"@id\":\"https:\\\/\\\/www.purejewels.com\\\/product\\\/bridal-necklace-with-antique-finish\\\/#breadcrumb\",\"itemListElement\":[{\"@type\":\"ListItem\",\"position\":1,\"name\":\"Home\",\"item\":\"https:\\\/\\\/www.purejewels.com\\\/\"},{\"@type\":\"ListItem\",\"position\":2,\"name\":\"Shop\",\"item\":\"https:\\\/\\\/www.purejewels.com\\\/shop\\\/\"},{\"@type\":\"ListItem\",\"position\":3,\"name\":\"Bridal Necklace With Antique Finish\"}]},{\"@type\":\"WebSite\",\"@id\":\"https:\\\/\\\/www.purejewels.com\\\/#website\",\"url\":\"https:\\\/\\\/www.purejewels.com\\\/\",\"name\":\"PureJewels UK\",\"description\":\"Share the Love\",\"publisher\":{\"@id\":\"https:\\\/\\\/www.purejewels.com\\\/#organization\"},\"potentialAction\":[{\"@type\":\"SearchAction\",\"target\":{\"@type\":\"EntryPoint\",\"urlTemplate\":\"https:\\\/\\\/www.purejewels.com\\\/?s={search_term_string}\"},\"query-input\":{\"@type\":\"PropertyValueSpecification\",\"valueRequired\":true,\"valueName\":\"search_term_string\"}}],\"inLanguage\":\"tr\"},{\"@type\":\"Organization\",\"@id\":\"https:\\\/\\\/www.purejewels.com\\\/#organization\",\"name\":\"PureJewels UK\",\"url\":\"https:\\\/\\\/www.purejewels.com\\\/\",\"logo\":{\"@type\":\"ImageObject\",\"inLanguage\":\"tr\",\"@id\":\"https:\\\/\\\/www.purejewels.com\\\/#\\\/schema\\\/logo\\\/image\\\/\",\"url\":\"https:\\\/\\\/static.purejewels.com\\\/wp-content\\\/uploads\\\/2020\\\/11\\\/Logo-PJ-New-1.png\",\"contentUrl\":\"https:\\\/\\\/static.purejewels.com\\\/wp-content\\\/uploads\\\/2020\\\/11\\\/Logo-PJ-New-1.png\",\"width\":150,\"height\":80,\"caption\":\"PureJewels UK\"},\"image\":{\"@id\":\"https:\\\/\\\/www.purejewels.com\\\/#\\\/schema\\\/logo\\\/image\\\/\"}}]}<\/script>\n<!-- \/ Yoast SEO plugin. -->","yoast_head_json":{"title":"Antik Kaplamal\u0131 Gelin Kolyesi - PureJewels UK","robots":{"index":"index","follow":"follow","max-snippet":"max-snippet:-1","max-image-preview":"max-image-preview:large","max-video-preview":"max-video-preview:-1"},"canonical":"https:\/\/www.purejewels.com\/tr\/urun\/antika-kaplamali-gelin-kolyesi\/","og_locale":"tr_TR","og_type":"article","og_title":"Bridal Necklace With Antique Finish - PureJewels UK","og_description":"22ct Gold Bridal Necklace With Antique Finish  With Rose Finish and Polki Stones  Wt. 40.6 g  SKU. 28893  All prices include VAT   All our Products are Hallmarked by London Assay Office   All Set Comes With Presentation Box  Delivery Included  Indian Earring Studded With Polki stones  \u00a0Earring with Antique and Rose Finish in 22ct Yellow gold  Wt. 8 g  SKU. 28898   All our Products are Hallmarked by London Assay Office   Comes With Presentation Box  Delivery Included  All prices include VAT  Chat with us to view the entire new range of Asian Bridal necklace and earring set available in our store, London,UK","og_url":"https:\/\/www.purejewels.com\/tr\/urun\/antika-kaplamali-gelin-kolyesi\/","og_site_name":"PureJewels UK","article_modified_time":"2020-12-21T17:49:51+00:00","og_image":[{"width":1000,"height":1000,"url":"https:\/\/www.purejewels.com\/wp-content\/uploads\/2019\/01\/28893.png","type":"image\/png"}],"twitter_card":"summary_large_image","schema":{"@context":"https:\/\/schema.org","@graph":[{"@type":["WebPage","ItemPage"],"@id":"https:\/\/www.purejewels.com\/product\/bridal-necklace-with-antique-finish\/","url":"https:\/\/www.purejewels.com\/product\/bridal-necklace-with-antique-finish\/","name":"Antik Kaplamal\u0131 Gelin Kolyesi - PureJewels UK","isPartOf":{"@id":"https:\/\/www.purejewels.com\/#website"},"primaryImageOfPage":{"@id":"https:\/\/www.purejewels.com\/product\/bridal-necklace-with-antique-finish\/#primaryimage"},"image":{"@id":"https:\/\/www.purejewels.com\/product\/bridal-necklace-with-antique-finish\/#primaryimage"},"thumbnailUrl":"https:\/\/static.purejewels.com\/wp-content\/uploads\/2019\/01\/28893.png","datePublished":"2019-02-08T10:29:46+00:00","dateModified":"2020-12-21T17:49:51+00:00","breadcrumb":{"@id":"https:\/\/www.purejewels.com\/product\/bridal-necklace-with-antique-finish\/#breadcrumb"},"inLanguage":"tr","potentialAction":[{"@type":"ReadAction","target":["https:\/\/www.purejewels.com\/product\/bridal-necklace-with-antique-finish\/"]}]},{"@type":"ImageObject","inLanguage":"tr","@id":"https:\/\/www.purejewels.com\/product\/bridal-necklace-with-antique-finish\/#primaryimage","url":"https:\/\/static.purejewels.com\/wp-content\/uploads\/2019\/01\/28893.png","contentUrl":"https:\/\/static.purejewels.com\/wp-content\/uploads\/2019\/01\/28893.png","width":1000,"height":1000,"caption":"28893"},{"@type":"BreadcrumbList","@id":"https:\/\/www.purejewels.com\/product\/bridal-necklace-with-antique-finish\/#breadcrumb","itemListElement":[{"@type":"ListItem","position":1,"name":"Home","item":"https:\/\/www.purejewels.com\/"},{"@type":"ListItem","position":2,"name":"Shop","item":"https:\/\/www.purejewels.com\/shop\/"},{"@type":"ListItem","position":3,"name":"Bridal Necklace With Antique Finish"}]},{"@type":"WebSite","@id":"https:\/\/www.purejewels.com\/#website","url":"https:\/\/www.purejewels.com\/","name":"PureJewels \u0130ngiltere","description":"Sevgiyi Payla\u015f\u0131n","publisher":{"@id":"https:\/\/www.purejewels.com\/#organization"},"potentialAction":[{"@type":"SearchAction","target":{"@type":"EntryPoint","urlTemplate":"https:\/\/www.purejewels.com\/?s={search_term_string}"},"query-input":{"@type":"PropertyValueSpecification","valueRequired":true,"valueName":"search_term_string"}}],"inLanguage":"tr"},{"@type":"Organization","@id":"https:\/\/www.purejewels.com\/#organization","name":"PureJewels \u0130ngiltere","url":"https:\/\/www.purejewels.com\/","logo":{"@type":"ImageObject","inLanguage":"tr","@id":"https:\/\/www.purejewels.com\/#\/schema\/logo\/image\/","url":"https:\/\/static.purejewels.com\/wp-content\/uploads\/2020\/11\/Logo-PJ-New-1.png","contentUrl":"https:\/\/static.purejewels.com\/wp-content\/uploads\/2020\/11\/Logo-PJ-New-1.png","width":150,"height":80,"caption":"PureJewels UK"},"image":{"@id":"https:\/\/www.purejewels.com\/#\/schema\/logo\/image\/"}}]}},"_links":{"self":[{"href":"https:\/\/www.purejewels.com\/tr\/wp-json\/wp\/v2\/product\/308896","targetHints":{"allow":["GET"]}}],"collection":[{"href":"https:\/\/www.purejewels.com\/tr\/wp-json\/wp\/v2\/product"}],"about":[{"href":"https:\/\/www.purejewels.com\/tr\/wp-json\/wp\/v2\/types\/product"}],"replies":[{"embeddable":true,"href":"https:\/\/www.purejewels.com\/tr\/wp-json\/wp\/v2\/comments?post=308896"}],"version-history":[{"count":0,"href":"https:\/\/www.purejewels.com\/tr\/wp-json\/wp\/v2\/product\/308896\/revisions"}],"wp:featuredmedia":[{"embeddable":true,"href":"https:\/\/www.purejewels.com\/tr\/wp-json\/wp\/v2\/media\/309151"}],"wp:attachment":[{"href":"https:\/\/www.purejewels.com\/tr\/wp-json\/wp\/v2\/media?parent=308896"}],"wp:term":[{"taxonomy":"product_brand","embeddable":true,"href":"https:\/\/www.purejewels.com\/tr\/wp-json\/wp\/v2\/product_brand?post=308896"},{"taxonomy":"product_cat","embeddable":true,"href":"https:\/\/www.purejewels.com\/tr\/wp-json\/wp\/v2\/product_cat?post=308896"},{"taxonomy":"product_tag","embeddable":true,"href":"https:\/\/www.purejewels.com\/tr\/wp-json\/wp\/v2\/product_tag?post=308896"}],"curies":[{"name":"wp","href":"https:\/\/api.w.org\/{rel}","templated":true}]}}