{"id":308898,"date":"2019-02-08T11:01:06","date_gmt":"2019-02-08T11:01:06","guid":{"rendered":"https:\/\/www.purejewels.com\/?post_type=product&#038;p=308898"},"modified":"2020-12-21T17:49:51","modified_gmt":"2020-12-21T17:49:51","slug":"polki-tasli-asya-altin-kolye","status":"publish","type":"product","link":"https:\/\/www.purejewels.com\/tr\/product\/asian-gold-necklace-with-polki-stones\/","title":{"rendered":"Polki Ta\u015fl\u0131 Asya Alt\u0131n Kolye"},"content":{"rendered":"<ul>\n<li>Polki Ta\u015fl\u0131 Asya Alt\u0131n Kolye<\/li>\n<li>G\u00fcl Kaplamal\u0131 Anusha Kolye<\/li>\n<li>A\u011f\u0131rl\u0131k 23.3 g<\/li>\n<li>SKU. 28889<\/li>\n<li>E\u015fle\u015ftirme <a href=\"https:\/\/www.purejewels.com\/tr\/product-category\/22ct-gold-jewellery\/gold-earrings\/\">K\u00fcpeler<\/a> Bu Kolye i\u00e7in Mevcuttur<\/li>\n<li>T\u00fcm fiyatlara KDV dahildir<\/li>\n<li>\n<p style=\"margin: 0in; font-family: Georgia; font-size: 12.0pt;\">T\u00fcm \u00dcr\u00fcnlerimiz Londra Tahlil Ofisi Taraf\u0131ndan Damgalanm\u0131\u015ft\u0131r<\/p>\n<\/li>\n<li>T\u00fcm Set Sunum Kutusuyla Birlikte Gelir<\/li>\n<li>Teslimat Dahil<\/li>\n<li>Asya \u00fcr\u00fcn yelpazesini g\u00f6r\u00fcnt\u00fclemek i\u00e7in bizimle sohbet edin veya Whats app us <a href=\"https:\/\/www.purejewels.com\/tr\/product-category\/22ct-gold-jewellery\/gold-necklaces\/\">Gelin alt\u0131n kolye<\/a> ve <a href=\"https:\/\/www.purejewels.com\/tr\/product\/22ct-gold-ladies-stud-earring-with-rhodium-finish-46497\/\">K\u00fcpe<\/a> setler Forest Gate, Londra, \u0130ngiltere'deki ma\u011fazam\u0131zda mevcuttur<\/li>\n<\/ul>","protected":false},"excerpt":{"rendered":"<ul>\n<li>Polki Ta\u015fl\u0131 Asya Alt\u0131n Kolye<\/li>\n<li>G\u00fcl Kaplamal\u0131 Anusha Kolye<\/li>\n<li>A\u011f\u0131rl\u0131k 23.3 g<\/li>\n<li>SKU. 28889<\/li>\n<li>Bu Kolye ile E\u015fle\u015fen K\u00fcpeler Mevcuttur<\/li>\n<li>T\u00fcm fiyatlara KDV dahildir<\/li>\n<li>\n<p style=\"margin: 0in; font-family: Georgia; font-size: 12.0pt;\">T\u00fcm \u00dcr\u00fcnlerimiz Londra Tahlil Ofisi Taraf\u0131ndan Damgalanm\u0131\u015ft\u0131r<\/p>\n<\/li>\n<li>T\u00fcm Set Sunum Kutusuyla Birlikte Gelir<\/li>\n<li>Teslimat Dahil<\/li>\n<li>Forest Gate, Londra, \u0130ngiltere'deki ma\u011fazam\u0131zda bulunan Asya Gelin alt\u0131n kolye ve k\u00fcpe setlerini g\u00f6rmek i\u00e7in bizimle sohbet edin veya Whats app us<\/li>\n<li><\/li>\n<\/ul>","protected":false},"featured_media":309153,"comment_status":"closed","ping_status":"closed","template":"","meta":{"_eb_attr":"","_crsspst_to_jayantr4sg-hostcom":false},"product_brand":[],"product_cat":[256,1625],"product_tag":[],"class_list":{"0":"post-308898","1":"product","2":"type-product","3":"status-publish","4":"has-post-thumbnail","6":"product_cat-anusha-collections","7":"product_cat-bridal-set","9":"first","10":"outofstock","11":"taxable","12":"shipping-taxable","13":"product-type-simple","14":"add-to-wishlist-before_image"},"yoast_head":"<!-- This site is optimized with the Yoast SEO plugin v27.3 - https:\/\/yoast.com\/product\/yoast-seo-wordpress\/ -->\n<title>Asian Gold Necklace with Polki Stones - PureJewels UK<\/title>\n<meta name=\"robots\" content=\"index, follow, max-snippet:-1, max-image-preview:large, max-video-preview:-1\" \/>\n<link rel=\"canonical\" href=\"https:\/\/www.purejewels.com\/tr\/urun\/polki-tasli-asya-altin-kolye\/\" \/>\n<meta property=\"og:locale\" content=\"tr_TR\" \/>\n<meta property=\"og:type\" content=\"article\" \/>\n<meta property=\"og:title\" content=\"Asian Gold Necklace with Polki Stones - PureJewels UK\" \/>\n<meta property=\"og:description\" content=\"Asian Gold Necklace with Polki Stones  Anusha Necklace with Rose Finish  Wt. 23.3 g  SKU. 28889  Matching Earrings are Available for this Necklace  All prices include VAT   All our Products are Hallmarked by London Assay Office   All Set Comes With Presentation Box  Delivery Included  Chat with us or Whats app us\u00a0 to view the\u00a0 range of Asian Bridal gold necklace and earring sets available in our store in forest gate, London,UK\" \/>\n<meta property=\"og:url\" content=\"https:\/\/www.purejewels.com\/tr\/urun\/polki-tasli-asya-altin-kolye\/\" \/>\n<meta property=\"og:site_name\" content=\"PureJewels UK\" \/>\n<meta property=\"article:modified_time\" content=\"2020-12-21T17:49:51+00:00\" \/>\n<meta property=\"og:image\" content=\"https:\/\/www.purejewels.com\/wp-content\/uploads\/2019\/01\/28889.png\" \/>\n\t<meta property=\"og:image:width\" content=\"1000\" \/>\n\t<meta property=\"og:image:height\" content=\"1000\" \/>\n\t<meta property=\"og:image:type\" content=\"image\/png\" \/>\n<meta name=\"twitter:card\" content=\"summary_large_image\" \/>\n<script type=\"application\/ld+json\" class=\"yoast-schema-graph\">{\"@context\":\"https:\\\/\\\/schema.org\",\"@graph\":[{\"@type\":[\"WebPage\",\"ItemPage\"],\"@id\":\"https:\\\/\\\/www.purejewels.com\\\/product\\\/asian-gold-necklace-with-polki-stones\\\/\",\"url\":\"https:\\\/\\\/www.purejewels.com\\\/product\\\/asian-gold-necklace-with-polki-stones\\\/\",\"name\":\"Asian Gold Necklace with Polki Stones - PureJewels UK\",\"isPartOf\":{\"@id\":\"https:\\\/\\\/www.purejewels.com\\\/#website\"},\"primaryImageOfPage\":{\"@id\":\"https:\\\/\\\/www.purejewels.com\\\/product\\\/asian-gold-necklace-with-polki-stones\\\/#primaryimage\"},\"image\":{\"@id\":\"https:\\\/\\\/www.purejewels.com\\\/product\\\/asian-gold-necklace-with-polki-stones\\\/#primaryimage\"},\"thumbnailUrl\":\"https:\\\/\\\/static.purejewels.com\\\/wp-content\\\/uploads\\\/2019\\\/01\\\/28889.png\",\"datePublished\":\"2019-02-08T11:01:06+00:00\",\"dateModified\":\"2020-12-21T17:49:51+00:00\",\"breadcrumb\":{\"@id\":\"https:\\\/\\\/www.purejewels.com\\\/product\\\/asian-gold-necklace-with-polki-stones\\\/#breadcrumb\"},\"inLanguage\":\"tr\",\"potentialAction\":[{\"@type\":\"ReadAction\",\"target\":[\"https:\\\/\\\/www.purejewels.com\\\/product\\\/asian-gold-necklace-with-polki-stones\\\/\"]}]},{\"@type\":\"ImageObject\",\"inLanguage\":\"tr\",\"@id\":\"https:\\\/\\\/www.purejewels.com\\\/product\\\/asian-gold-necklace-with-polki-stones\\\/#primaryimage\",\"url\":\"https:\\\/\\\/static.purejewels.com\\\/wp-content\\\/uploads\\\/2019\\\/01\\\/28889.png\",\"contentUrl\":\"https:\\\/\\\/static.purejewels.com\\\/wp-content\\\/uploads\\\/2019\\\/01\\\/28889.png\",\"width\":1000,\"height\":1000,\"caption\":\"28889\"},{\"@type\":\"BreadcrumbList\",\"@id\":\"https:\\\/\\\/www.purejewels.com\\\/product\\\/asian-gold-necklace-with-polki-stones\\\/#breadcrumb\",\"itemListElement\":[{\"@type\":\"ListItem\",\"position\":1,\"name\":\"Home\",\"item\":\"https:\\\/\\\/www.purejewels.com\\\/\"},{\"@type\":\"ListItem\",\"position\":2,\"name\":\"Shop\",\"item\":\"https:\\\/\\\/www.purejewels.com\\\/shop\\\/\"},{\"@type\":\"ListItem\",\"position\":3,\"name\":\"Asian Gold Necklace with Polki Stones\"}]},{\"@type\":\"WebSite\",\"@id\":\"https:\\\/\\\/www.purejewels.com\\\/#website\",\"url\":\"https:\\\/\\\/www.purejewels.com\\\/\",\"name\":\"PureJewels UK\",\"description\":\"Share the Love\",\"publisher\":{\"@id\":\"https:\\\/\\\/www.purejewels.com\\\/#organization\"},\"potentialAction\":[{\"@type\":\"SearchAction\",\"target\":{\"@type\":\"EntryPoint\",\"urlTemplate\":\"https:\\\/\\\/www.purejewels.com\\\/?s={search_term_string}\"},\"query-input\":{\"@type\":\"PropertyValueSpecification\",\"valueRequired\":true,\"valueName\":\"search_term_string\"}}],\"inLanguage\":\"tr\"},{\"@type\":\"Organization\",\"@id\":\"https:\\\/\\\/www.purejewels.com\\\/#organization\",\"name\":\"PureJewels UK\",\"url\":\"https:\\\/\\\/www.purejewels.com\\\/\",\"logo\":{\"@type\":\"ImageObject\",\"inLanguage\":\"tr\",\"@id\":\"https:\\\/\\\/www.purejewels.com\\\/#\\\/schema\\\/logo\\\/image\\\/\",\"url\":\"https:\\\/\\\/static.purejewels.com\\\/wp-content\\\/uploads\\\/2020\\\/11\\\/Logo-PJ-New-1.png\",\"contentUrl\":\"https:\\\/\\\/static.purejewels.com\\\/wp-content\\\/uploads\\\/2020\\\/11\\\/Logo-PJ-New-1.png\",\"width\":150,\"height\":80,\"caption\":\"PureJewels UK\"},\"image\":{\"@id\":\"https:\\\/\\\/www.purejewels.com\\\/#\\\/schema\\\/logo\\\/image\\\/\"}}]}<\/script>\n<!-- \/ Yoast SEO plugin. -->","yoast_head_json":{"title":"Polki Ta\u015fl\u0131 Asya Alt\u0131n Kolye - PureJewels UK","robots":{"index":"index","follow":"follow","max-snippet":"max-snippet:-1","max-image-preview":"max-image-preview:large","max-video-preview":"max-video-preview:-1"},"canonical":"https:\/\/www.purejewels.com\/tr\/urun\/polki-tasli-asya-altin-kolye\/","og_locale":"tr_TR","og_type":"article","og_title":"Asian Gold Necklace with Polki Stones - PureJewels UK","og_description":"Asian Gold Necklace with Polki Stones  Anusha Necklace with Rose Finish  Wt. 23.3 g  SKU. 28889  Matching Earrings are Available for this Necklace  All prices include VAT   All our Products are Hallmarked by London Assay Office   All Set Comes With Presentation Box  Delivery Included  Chat with us or Whats app us\u00a0 to view the\u00a0 range of Asian Bridal gold necklace and earring sets available in our store in forest gate, London,UK","og_url":"https:\/\/www.purejewels.com\/tr\/urun\/polki-tasli-asya-altin-kolye\/","og_site_name":"PureJewels UK","article_modified_time":"2020-12-21T17:49:51+00:00","og_image":[{"width":1000,"height":1000,"url":"https:\/\/www.purejewels.com\/wp-content\/uploads\/2019\/01\/28889.png","type":"image\/png"}],"twitter_card":"summary_large_image","schema":{"@context":"https:\/\/schema.org","@graph":[{"@type":["WebPage","ItemPage"],"@id":"https:\/\/www.purejewels.com\/product\/asian-gold-necklace-with-polki-stones\/","url":"https:\/\/www.purejewels.com\/product\/asian-gold-necklace-with-polki-stones\/","name":"Polki Ta\u015fl\u0131 Asya Alt\u0131n Kolye - PureJewels UK","isPartOf":{"@id":"https:\/\/www.purejewels.com\/#website"},"primaryImageOfPage":{"@id":"https:\/\/www.purejewels.com\/product\/asian-gold-necklace-with-polki-stones\/#primaryimage"},"image":{"@id":"https:\/\/www.purejewels.com\/product\/asian-gold-necklace-with-polki-stones\/#primaryimage"},"thumbnailUrl":"https:\/\/static.purejewels.com\/wp-content\/uploads\/2019\/01\/28889.png","datePublished":"2019-02-08T11:01:06+00:00","dateModified":"2020-12-21T17:49:51+00:00","breadcrumb":{"@id":"https:\/\/www.purejewels.com\/product\/asian-gold-necklace-with-polki-stones\/#breadcrumb"},"inLanguage":"tr","potentialAction":[{"@type":"ReadAction","target":["https:\/\/www.purejewels.com\/product\/asian-gold-necklace-with-polki-stones\/"]}]},{"@type":"ImageObject","inLanguage":"tr","@id":"https:\/\/www.purejewels.com\/product\/asian-gold-necklace-with-polki-stones\/#primaryimage","url":"https:\/\/static.purejewels.com\/wp-content\/uploads\/2019\/01\/28889.png","contentUrl":"https:\/\/static.purejewels.com\/wp-content\/uploads\/2019\/01\/28889.png","width":1000,"height":1000,"caption":"28889"},{"@type":"BreadcrumbList","@id":"https:\/\/www.purejewels.com\/product\/asian-gold-necklace-with-polki-stones\/#breadcrumb","itemListElement":[{"@type":"ListItem","position":1,"name":"Home","item":"https:\/\/www.purejewels.com\/"},{"@type":"ListItem","position":2,"name":"Shop","item":"https:\/\/www.purejewels.com\/shop\/"},{"@type":"ListItem","position":3,"name":"Asian Gold Necklace with Polki Stones"}]},{"@type":"WebSite","@id":"https:\/\/www.purejewels.com\/#website","url":"https:\/\/www.purejewels.com\/","name":"PureJewels \u0130ngiltere","description":"Sevgiyi Payla\u015f\u0131n","publisher":{"@id":"https:\/\/www.purejewels.com\/#organization"},"potentialAction":[{"@type":"SearchAction","target":{"@type":"EntryPoint","urlTemplate":"https:\/\/www.purejewels.com\/?s={search_term_string}"},"query-input":{"@type":"PropertyValueSpecification","valueRequired":true,"valueName":"search_term_string"}}],"inLanguage":"tr"},{"@type":"Organization","@id":"https:\/\/www.purejewels.com\/#organization","name":"PureJewels \u0130ngiltere","url":"https:\/\/www.purejewels.com\/","logo":{"@type":"ImageObject","inLanguage":"tr","@id":"https:\/\/www.purejewels.com\/#\/schema\/logo\/image\/","url":"https:\/\/static.purejewels.com\/wp-content\/uploads\/2020\/11\/Logo-PJ-New-1.png","contentUrl":"https:\/\/static.purejewels.com\/wp-content\/uploads\/2020\/11\/Logo-PJ-New-1.png","width":150,"height":80,"caption":"PureJewels UK"},"image":{"@id":"https:\/\/www.purejewels.com\/#\/schema\/logo\/image\/"}}]}},"_links":{"self":[{"href":"https:\/\/www.purejewels.com\/tr\/wp-json\/wp\/v2\/product\/308898","targetHints":{"allow":["GET"]}}],"collection":[{"href":"https:\/\/www.purejewels.com\/tr\/wp-json\/wp\/v2\/product"}],"about":[{"href":"https:\/\/www.purejewels.com\/tr\/wp-json\/wp\/v2\/types\/product"}],"replies":[{"embeddable":true,"href":"https:\/\/www.purejewels.com\/tr\/wp-json\/wp\/v2\/comments?post=308898"}],"version-history":[{"count":0,"href":"https:\/\/www.purejewels.com\/tr\/wp-json\/wp\/v2\/product\/308898\/revisions"}],"wp:featuredmedia":[{"embeddable":true,"href":"https:\/\/www.purejewels.com\/tr\/wp-json\/wp\/v2\/media\/309153"}],"wp:attachment":[{"href":"https:\/\/www.purejewels.com\/tr\/wp-json\/wp\/v2\/media?parent=308898"}],"wp:term":[{"taxonomy":"product_brand","embeddable":true,"href":"https:\/\/www.purejewels.com\/tr\/wp-json\/wp\/v2\/product_brand?post=308898"},{"taxonomy":"product_cat","embeddable":true,"href":"https:\/\/www.purejewels.com\/tr\/wp-json\/wp\/v2\/product_cat?post=308898"},{"taxonomy":"product_tag","embeddable":true,"href":"https:\/\/www.purejewels.com\/tr\/wp-json\/wp\/v2\/product_tag?post=308898"}],"curies":[{"name":"wp","href":"https:\/\/api.w.org\/{rel}","templated":true}]}}