{"id":308904,"date":"2019-01-17T09:51:43","date_gmt":"2019-01-17T09:51:43","guid":{"rendered":"https:\/\/www.purejewels.com\/?post_type=product&#038;p=308904"},"modified":"2025-11-06T06:02:42","modified_gmt":"2025-11-06T06:02:42","slug":"rani-haar-kolye","status":"publish","type":"product","link":"https:\/\/www.purejewels.com\/tr\/product\/rani-haar-necklace\/","title":{"rendered":"Rani Haar Kolye"},"content":{"rendered":"<p>Kar\u015f\u0131n\u0131zda Anusha Koleksiyonu'ndan, 22 ayar alt\u0131nla i\u015flenmi\u015f Polki ta\u015flar\u0131 ve g\u00f6z al\u0131c\u0131 g\u00fcl rengi kaplamas\u0131yla enfes Rani Haar Kolyemiz. Bu l\u00fcks par\u00e7a 41,7 g a\u011f\u0131rl\u0131\u011f\u0131ndad\u0131r ve her t\u00fcrl\u00fc \u00f6zel durumda kendini g\u00f6sterecektir. Her bir par\u00e7a Londra Assay Ofisi taraf\u0131ndan damgalanarak orijinalli\u011fi ve kalitesi garanti alt\u0131na al\u0131nm\u0131\u015ft\u0131r.<\/p>\n<p>Rani Haar Kolyemiz bir sunum kutusuyla birlikte gelir ve kendiniz veya sevdikleriniz i\u00e7in m\u00fckemmel bir hediye olur. \u00dccretsiz takipli teslimat ve g\u00fcvenli \u00e7evrimi\u00e7i \u00f6demelerle, bizimle al\u0131\u015fveri\u015f yapmak rahat ve endi\u015fesizdir.<\/p>\n<p>Forest Gate, Londra, Birle\u015fik Krall\u0131k'taki ma\u011fazam\u0131zda gelin Rani Haar kolye ve k\u00fcpe setlerinden olu\u015fan se\u00e7kimize g\u00f6z at\u0131n. En yeni tasar\u0131mlar\u0131 g\u00f6rmek ve \u00f6zel g\u00fcn\u00fcn\u00fcz i\u00e7in m\u00fckemmel par\u00e7ay\u0131 bulmak i\u00e7in bizimle sohbet edin. G\u00f6r\u00fcn\u00fcm\u00fcn\u00fcz\u00fc y\u00fckseltecek ve sizi kraliyet ailesi gibi hissettirecek bu zarif ve zamans\u0131z aksesuar\u0131 ka\u00e7\u0131rmay\u0131n. \u015eimdi al\u0131\u015fveri\u015f yap\u0131n ve PureJewels'in l\u00fcks\u00fcn\u00fc ya\u015fay\u0131n.<\/p>","protected":false},"excerpt":{"rendered":"<ul>\n<li>Rani Haar Kolye<\/li>\n<li>G\u00fcl Kaplama ve Polki Ta\u015fl\u0131 22 Ayar Alt\u0131n Anusha Kolye<\/li>\n<li>A\u011f\u0131rl\u0131k 41.7 g<\/li>\n<li>SKU. 28885<\/li>\n<li>T\u00fcm fiyatlara KDV dahildir<\/li>\n<li>\n<p style=\"margin: 0in; font-family: Georgia; font-size: 12.0pt;\">T\u00fcm \u00dcr\u00fcnlerimiz Londra Tahlil Ofisi Taraf\u0131ndan Damgalanm\u0131\u015ft\u0131r<\/p>\n<\/li>\n<li>T\u00fcm Set Sunum Kutusuyla Birlikte Gelir<\/li>\n<li>Teslimat Dahil<\/li>\n<li>Forest Gate, Londra, \u0130ngiltere'deki ma\u011fazam\u0131zda bulunan t\u00fcm yeni Bridal Rani Haar kolye ve k\u00fcpe setini g\u00f6rmek i\u00e7in bizimle sohbet edin<\/li>\n<li>Bizim ke\u015ffedin\u00a0<strong>Kolyeler<\/strong><\/li>\n<\/ul>","protected":false},"featured_media":309157,"comment_status":"closed","ping_status":"closed","template":"","meta":{"_eb_attr":"","_crsspst_to_jayantr4sg-hostcom":false},"product_brand":[],"product_cat":[256,1625],"product_tag":[],"class_list":{"0":"post-308904","1":"product","2":"type-product","3":"status-publish","4":"has-post-thumbnail","6":"product_cat-anusha-collections","7":"product_cat-bridal-set","9":"first","10":"outofstock","11":"taxable","12":"shipping-taxable","13":"product-type-simple","14":"add-to-wishlist-before_image"},"yoast_head":"<!-- This site is optimized with the Yoast SEO plugin v27.5 - https:\/\/yoast.com\/product\/yoast-seo-wordpress\/ -->\n<title>Browse 22ct Gold Indian Rani Haar Necklace | PureJewels,London UK<\/title>\n<meta name=\"description\" content=\"Purejewels - Specialists in Diamond, Platinum, 22ct 22kt gold. Indian Rani Haar Necklace.\" \/>\n<meta name=\"robots\" content=\"index, follow, max-snippet:-1, max-image-preview:large, max-video-preview:-1\" \/>\n<link rel=\"canonical\" href=\"https:\/\/www.purejewels.com\/tr\/urun\/rani-haar-kolye\/\" \/>\n<meta property=\"og:locale\" content=\"tr_TR\" \/>\n<meta property=\"og:type\" content=\"article\" \/>\n<meta property=\"og:title\" content=\"Browse 22ct Gold Indian Rani Haar Necklace | PureJewels,London UK\" \/>\n<meta property=\"og:description\" content=\"Purejewels - Specialists in Diamond, Platinum, 22ct 22kt gold. Indian Rani Haar Necklace.\" \/>\n<meta property=\"og:url\" content=\"https:\/\/www.purejewels.com\/tr\/urun\/rani-haar-kolye\/\" \/>\n<meta property=\"og:site_name\" content=\"PureJewels UK\" \/>\n<meta property=\"article:modified_time\" content=\"2025-11-06T06:02:42+00:00\" \/>\n<meta property=\"og:image\" content=\"https:\/\/www.purejewels.com\/wp-content\/uploads\/2019\/01\/28885.png\" \/>\n\t<meta property=\"og:image:width\" content=\"1000\" \/>\n\t<meta property=\"og:image:height\" content=\"1000\" \/>\n\t<meta property=\"og:image:type\" content=\"image\/png\" \/>\n<meta name=\"twitter:card\" content=\"summary_large_image\" \/>\n<meta name=\"twitter:label1\" content=\"Tahmini okuma s\u00fcresi\" \/>\n\t<meta name=\"twitter:data1\" content=\"1 dakika\" \/>\n<script type=\"application\/ld+json\" class=\"yoast-schema-graph\">{\"@context\":\"https:\\\/\\\/schema.org\",\"@graph\":[{\"@type\":[\"WebPage\",\"ItemPage\"],\"@id\":\"https:\\\/\\\/www.purejewels.com\\\/product\\\/rani-haar-necklace\\\/\",\"url\":\"https:\\\/\\\/www.purejewels.com\\\/product\\\/rani-haar-necklace\\\/\",\"name\":\"Browse 22ct Gold Indian Rani Haar Necklace | PureJewels,London UK\",\"isPartOf\":{\"@id\":\"https:\\\/\\\/www.purejewels.com\\\/#website\"},\"primaryImageOfPage\":{\"@id\":\"https:\\\/\\\/www.purejewels.com\\\/product\\\/rani-haar-necklace\\\/#primaryimage\"},\"image\":{\"@id\":\"https:\\\/\\\/www.purejewels.com\\\/product\\\/rani-haar-necklace\\\/#primaryimage\"},\"thumbnailUrl\":\"https:\\\/\\\/static.purejewels.com\\\/wp-content\\\/uploads\\\/2019\\\/01\\\/28885.png\",\"datePublished\":\"2019-01-17T09:51:43+00:00\",\"dateModified\":\"2025-11-06T06:02:42+00:00\",\"description\":\"Purejewels - Specialists in Diamond, Platinum, 22ct 22kt gold. Indian Rani Haar Necklace.\",\"breadcrumb\":{\"@id\":\"https:\\\/\\\/www.purejewels.com\\\/product\\\/rani-haar-necklace\\\/#breadcrumb\"},\"inLanguage\":\"tr\",\"potentialAction\":[{\"@type\":\"ReadAction\",\"target\":[\"https:\\\/\\\/www.purejewels.com\\\/product\\\/rani-haar-necklace\\\/\"]}]},{\"@type\":\"ImageObject\",\"inLanguage\":\"tr\",\"@id\":\"https:\\\/\\\/www.purejewels.com\\\/product\\\/rani-haar-necklace\\\/#primaryimage\",\"url\":\"https:\\\/\\\/static.purejewels.com\\\/wp-content\\\/uploads\\\/2019\\\/01\\\/28885.png\",\"contentUrl\":\"https:\\\/\\\/static.purejewels.com\\\/wp-content\\\/uploads\\\/2019\\\/01\\\/28885.png\",\"width\":1000,\"height\":1000,\"caption\":\"28885\"},{\"@type\":\"BreadcrumbList\",\"@id\":\"https:\\\/\\\/www.purejewels.com\\\/product\\\/rani-haar-necklace\\\/#breadcrumb\",\"itemListElement\":[{\"@type\":\"ListItem\",\"position\":1,\"name\":\"Home\",\"item\":\"https:\\\/\\\/www.purejewels.com\\\/\"},{\"@type\":\"ListItem\",\"position\":2,\"name\":\"Shop\",\"item\":\"https:\\\/\\\/www.purejewels.com\\\/shop\\\/\"},{\"@type\":\"ListItem\",\"position\":3,\"name\":\"Rani Haar Necklace\"}]},{\"@type\":\"WebSite\",\"@id\":\"https:\\\/\\\/www.purejewels.com\\\/#website\",\"url\":\"https:\\\/\\\/www.purejewels.com\\\/\",\"name\":\"PureJewels UK\",\"description\":\"Share the Love\",\"publisher\":{\"@id\":\"https:\\\/\\\/www.purejewels.com\\\/#organization\"},\"potentialAction\":[{\"@type\":\"SearchAction\",\"target\":{\"@type\":\"EntryPoint\",\"urlTemplate\":\"https:\\\/\\\/www.purejewels.com\\\/?s={search_term_string}\"},\"query-input\":{\"@type\":\"PropertyValueSpecification\",\"valueRequired\":true,\"valueName\":\"search_term_string\"}}],\"inLanguage\":\"tr\"},{\"@type\":\"Organization\",\"@id\":\"https:\\\/\\\/www.purejewels.com\\\/#organization\",\"name\":\"PureJewels UK\",\"url\":\"https:\\\/\\\/www.purejewels.com\\\/\",\"logo\":{\"@type\":\"ImageObject\",\"inLanguage\":\"tr\",\"@id\":\"https:\\\/\\\/www.purejewels.com\\\/#\\\/schema\\\/logo\\\/image\\\/\",\"url\":\"https:\\\/\\\/static.purejewels.com\\\/wp-content\\\/uploads\\\/2020\\\/11\\\/Logo-PJ-New-1.png\",\"contentUrl\":\"https:\\\/\\\/static.purejewels.com\\\/wp-content\\\/uploads\\\/2020\\\/11\\\/Logo-PJ-New-1.png\",\"width\":150,\"height\":80,\"caption\":\"PureJewels UK\"},\"image\":{\"@id\":\"https:\\\/\\\/www.purejewels.com\\\/#\\\/schema\\\/logo\\\/image\\\/\"}}]}<\/script>\n<!-- \/ Yoast SEO plugin. -->","yoast_head_json":{"title":"22 Ayar Alt\u0131n Hint Rani Haar Kolyeye G\u00f6z At\u0131n | PureJewels,London UK","description":"Purejewels - P\u0131rlanta, Platin, 22 ayar alt\u0131n uzmanlar\u0131. Hint Rani Haar Kolye.","robots":{"index":"index","follow":"follow","max-snippet":"max-snippet:-1","max-image-preview":"max-image-preview:large","max-video-preview":"max-video-preview:-1"},"canonical":"https:\/\/www.purejewels.com\/tr\/urun\/rani-haar-kolye\/","og_locale":"tr_TR","og_type":"article","og_title":"Browse 22ct Gold Indian Rani Haar Necklace | PureJewels,London UK","og_description":"Purejewels - Specialists in Diamond, Platinum, 22ct 22kt gold. Indian Rani Haar Necklace.","og_url":"https:\/\/www.purejewels.com\/tr\/urun\/rani-haar-kolye\/","og_site_name":"PureJewels UK","article_modified_time":"2025-11-06T06:02:42+00:00","og_image":[{"width":1000,"height":1000,"url":"https:\/\/www.purejewels.com\/wp-content\/uploads\/2019\/01\/28885.png","type":"image\/png"}],"twitter_card":"summary_large_image","twitter_misc":{"Tahmini okuma s\u00fcresi":"1 dakika"},"schema":{"@context":"https:\/\/schema.org","@graph":[{"@type":["WebPage","ItemPage"],"@id":"https:\/\/www.purejewels.com\/product\/rani-haar-necklace\/","url":"https:\/\/www.purejewels.com\/product\/rani-haar-necklace\/","name":"22 Ayar Alt\u0131n Hint Rani Haar Kolyeye G\u00f6z At\u0131n | PureJewels,London UK","isPartOf":{"@id":"https:\/\/www.purejewels.com\/#website"},"primaryImageOfPage":{"@id":"https:\/\/www.purejewels.com\/product\/rani-haar-necklace\/#primaryimage"},"image":{"@id":"https:\/\/www.purejewels.com\/product\/rani-haar-necklace\/#primaryimage"},"thumbnailUrl":"https:\/\/static.purejewels.com\/wp-content\/uploads\/2019\/01\/28885.png","datePublished":"2019-01-17T09:51:43+00:00","dateModified":"2025-11-06T06:02:42+00:00","description":"Purejewels - P\u0131rlanta, Platin, 22 ayar alt\u0131n uzmanlar\u0131. Hint Rani Haar Kolye.","breadcrumb":{"@id":"https:\/\/www.purejewels.com\/product\/rani-haar-necklace\/#breadcrumb"},"inLanguage":"tr","potentialAction":[{"@type":"ReadAction","target":["https:\/\/www.purejewels.com\/product\/rani-haar-necklace\/"]}]},{"@type":"ImageObject","inLanguage":"tr","@id":"https:\/\/www.purejewels.com\/product\/rani-haar-necklace\/#primaryimage","url":"https:\/\/static.purejewels.com\/wp-content\/uploads\/2019\/01\/28885.png","contentUrl":"https:\/\/static.purejewels.com\/wp-content\/uploads\/2019\/01\/28885.png","width":1000,"height":1000,"caption":"28885"},{"@type":"BreadcrumbList","@id":"https:\/\/www.purejewels.com\/product\/rani-haar-necklace\/#breadcrumb","itemListElement":[{"@type":"ListItem","position":1,"name":"Home","item":"https:\/\/www.purejewels.com\/"},{"@type":"ListItem","position":2,"name":"Shop","item":"https:\/\/www.purejewels.com\/shop\/"},{"@type":"ListItem","position":3,"name":"Rani Haar Necklace"}]},{"@type":"WebSite","@id":"https:\/\/www.purejewels.com\/#website","url":"https:\/\/www.purejewels.com\/","name":"PureJewels \u0130ngiltere","description":"Sevgiyi Payla\u015f\u0131n","publisher":{"@id":"https:\/\/www.purejewels.com\/#organization"},"potentialAction":[{"@type":"SearchAction","target":{"@type":"EntryPoint","urlTemplate":"https:\/\/www.purejewels.com\/?s={search_term_string}"},"query-input":{"@type":"PropertyValueSpecification","valueRequired":true,"valueName":"search_term_string"}}],"inLanguage":"tr"},{"@type":"Organization","@id":"https:\/\/www.purejewels.com\/#organization","name":"PureJewels \u0130ngiltere","url":"https:\/\/www.purejewels.com\/","logo":{"@type":"ImageObject","inLanguage":"tr","@id":"https:\/\/www.purejewels.com\/#\/schema\/logo\/image\/","url":"https:\/\/static.purejewels.com\/wp-content\/uploads\/2020\/11\/Logo-PJ-New-1.png","contentUrl":"https:\/\/static.purejewels.com\/wp-content\/uploads\/2020\/11\/Logo-PJ-New-1.png","width":150,"height":80,"caption":"PureJewels UK"},"image":{"@id":"https:\/\/www.purejewels.com\/#\/schema\/logo\/image\/"}}]}},"_links":{"self":[{"href":"https:\/\/www.purejewels.com\/tr\/wp-json\/wp\/v2\/product\/308904","targetHints":{"allow":["GET"]}}],"collection":[{"href":"https:\/\/www.purejewels.com\/tr\/wp-json\/wp\/v2\/product"}],"about":[{"href":"https:\/\/www.purejewels.com\/tr\/wp-json\/wp\/v2\/types\/product"}],"replies":[{"embeddable":true,"href":"https:\/\/www.purejewels.com\/tr\/wp-json\/wp\/v2\/comments?post=308904"}],"version-history":[{"count":3,"href":"https:\/\/www.purejewels.com\/tr\/wp-json\/wp\/v2\/product\/308904\/revisions"}],"predecessor-version":[{"id":420301,"href":"https:\/\/www.purejewels.com\/tr\/wp-json\/wp\/v2\/product\/308904\/revisions\/420301"}],"wp:featuredmedia":[{"embeddable":true,"href":"https:\/\/www.purejewels.com\/tr\/wp-json\/wp\/v2\/media\/309157"}],"wp:attachment":[{"href":"https:\/\/www.purejewels.com\/tr\/wp-json\/wp\/v2\/media?parent=308904"}],"wp:term":[{"taxonomy":"product_brand","embeddable":true,"href":"https:\/\/www.purejewels.com\/tr\/wp-json\/wp\/v2\/product_brand?post=308904"},{"taxonomy":"product_cat","embeddable":true,"href":"https:\/\/www.purejewels.com\/tr\/wp-json\/wp\/v2\/product_cat?post=308904"},{"taxonomy":"product_tag","embeddable":true,"href":"https:\/\/www.purejewels.com\/tr\/wp-json\/wp\/v2\/product_tag?post=308904"}],"curies":[{"name":"wp","href":"https:\/\/api.w.org\/{rel}","templated":true}]}}