{"id":309028,"date":"2019-02-08T12:17:01","date_gmt":"2019-02-08T12:17:01","guid":{"rendered":"https:\/\/www.purejewels.com\/?post_type=product&#038;p=309028"},"modified":"2026-01-06T11:14:17","modified_gmt":"2026-01-06T11:14:17","slug":"22ct-hint-altin-yuzuk","status":"publish","type":"product","link":"https:\/\/www.purejewels.com\/tr\/product\/indian-gold-ring-in-22ct\/","title":{"rendered":"22ct Hint Alt\u0131n Y\u00fcz\u00fck"},"content":{"rendered":"<p>&nbsp;<\/p>\n<ul>\n<li>Y\u00fcz\u00fck a\u011f\u0131rl\u0131\u011f\u0131 7,4 gms<\/li>\n<li>SKU. 28903<\/li>\n<\/ul>","protected":false},"excerpt":{"rendered":"<ul>\n<li>22ct Hint Alt\u0131n Y\u00fcz\u00fck<\/li>\n<li>Spiral Temal\u0131 \u0130nce Telkari Tasar\u0131m<\/li>\n<li>Y\u00fcz\u00fck a\u011f\u0131rl\u0131\u011f\u0131 7,4 gms<\/li>\n<li>Y\u00fcz\u00fck \u00d6l\u00e7\u00fcs\u00fc N<\/li>\n<li>SKU. 28903<\/li>\n<li>T\u00fcm \u00fcr\u00fcnlerimiz London Assay Office taraf\u0131ndan damgalanm\u0131\u015ft\u0131r<\/li>\n<li>Sunum kutusu ile birlikte gelir<\/li>\n<li>T\u00fcm fiyatlara KDV dahildir<\/li>\n<li>Teslimat Dahil<\/li>\n<li>Annem i\u00e7in y\u00fcz\u00fck videosu i\u00e7in bizimle ileti\u015fime ge\u00e7in\/ sohbet edin<\/li>\n<\/ul>","protected":false},"featured_media":313097,"comment_status":"closed","ping_status":"closed","template":"","meta":{"_eb_attr":"","_crsspst_to_jayantr4sg-hostcom":true},"product_brand":[],"product_cat":[1235,1783,1570,1786,1573,1574],"product_tag":[],"class_list":{"0":"post-309028","1":"product","2":"type-product","3":"status-publish","4":"has-post-thumbnail","6":"product_cat-gold-rings","7":"product_cat-ladies-rings","8":"product_cat-mothers-day-gifts","9":"product_cat-occasional-wear-rings","10":"product_cat-wedding-gifts","11":"product_cat-womens-jewellery","13":"first","14":"outofstock","15":"taxable","16":"shipping-taxable","17":"product-type-simple","18":"add-to-wishlist-before_image"},"yoast_head":"<!-- This site is optimized with the Yoast SEO plugin v27.3 - https:\/\/yoast.com\/product\/yoast-seo-wordpress\/ -->\n<title>Indian Gold Ring In 22ct - PureJewels UK<\/title>\n<meta name=\"robots\" content=\"index, follow, max-snippet:-1, max-image-preview:large, max-video-preview:-1\" \/>\n<link rel=\"canonical\" href=\"https:\/\/www.purejewels.com\/tr\/urun\/22ct-hint-altin-yuzuk\/\" \/>\n<meta property=\"og:locale\" content=\"tr_TR\" \/>\n<meta property=\"og:type\" content=\"article\" \/>\n<meta property=\"og:title\" content=\"Indian Gold Ring In 22ct - PureJewels UK\" \/>\n<meta property=\"og:description\" content=\"Indian Gold Ring In 22ct  Fine Filigree Design With Spiral Theme  Ring wt. 7.4 gms  Ring Size N  SKU. 28903  All our products are hallmarked by London Assay Office  Comes with presentation box  All prices include VAT  Delivery Included  Contact us\/ chat with us for the video of\u00a0 rings for Mum\" \/>\n<meta property=\"og:url\" content=\"https:\/\/www.purejewels.com\/tr\/urun\/22ct-hint-altin-yuzuk\/\" \/>\n<meta property=\"og:site_name\" content=\"PureJewels UK\" \/>\n<meta property=\"article:modified_time\" content=\"2026-01-06T11:14:17+00:00\" \/>\n<meta property=\"og:image\" content=\"https:\/\/www.purejewels.com\/wp-content\/uploads\/2020\/03\/135706849.png\" \/>\n\t<meta property=\"og:image:width\" content=\"1000\" \/>\n\t<meta property=\"og:image:height\" content=\"1000\" \/>\n\t<meta property=\"og:image:type\" content=\"image\/png\" \/>\n<meta name=\"twitter:card\" content=\"summary_large_image\" \/>\n<script type=\"application\/ld+json\" class=\"yoast-schema-graph\">{\"@context\":\"https:\\\/\\\/schema.org\",\"@graph\":[{\"@type\":[\"WebPage\",\"ItemPage\"],\"@id\":\"https:\\\/\\\/www.purejewels.com\\\/product\\\/indian-gold-ring-in-22ct\\\/\",\"url\":\"https:\\\/\\\/www.purejewels.com\\\/product\\\/indian-gold-ring-in-22ct\\\/\",\"name\":\"Indian Gold Ring In 22ct - PureJewels UK\",\"isPartOf\":{\"@id\":\"https:\\\/\\\/www.purejewels.com\\\/#website\"},\"primaryImageOfPage\":{\"@id\":\"https:\\\/\\\/www.purejewels.com\\\/product\\\/indian-gold-ring-in-22ct\\\/#primaryimage\"},\"image\":{\"@id\":\"https:\\\/\\\/www.purejewels.com\\\/product\\\/indian-gold-ring-in-22ct\\\/#primaryimage\"},\"thumbnailUrl\":\"https:\\\/\\\/static.purejewels.com\\\/wp-content\\\/uploads\\\/2020\\\/03\\\/135706849.png\",\"datePublished\":\"2019-02-08T12:17:01+00:00\",\"dateModified\":\"2026-01-06T11:14:17+00:00\",\"breadcrumb\":{\"@id\":\"https:\\\/\\\/www.purejewels.com\\\/product\\\/indian-gold-ring-in-22ct\\\/#breadcrumb\"},\"inLanguage\":\"tr\",\"potentialAction\":[{\"@type\":\"ReadAction\",\"target\":[\"https:\\\/\\\/www.purejewels.com\\\/product\\\/indian-gold-ring-in-22ct\\\/\"]}]},{\"@type\":\"ImageObject\",\"inLanguage\":\"tr\",\"@id\":\"https:\\\/\\\/www.purejewels.com\\\/product\\\/indian-gold-ring-in-22ct\\\/#primaryimage\",\"url\":\"https:\\\/\\\/static.purejewels.com\\\/wp-content\\\/uploads\\\/2020\\\/03\\\/135706849.png\",\"contentUrl\":\"https:\\\/\\\/static.purejewels.com\\\/wp-content\\\/uploads\\\/2020\\\/03\\\/135706849.png\",\"width\":1000,\"height\":1000,\"caption\":\"Indian Gold Ring In 22ctFine Filigree Design With Spiral ThemeRing wt. 7.4 gSKU. 28903All our products are hallmarked by London Assay OfficeComes with presentation BoxAll prices include VATDelivery IncludedContact us\\\/ chat with us for the video of\u00a0 this product\"},{\"@type\":\"BreadcrumbList\",\"@id\":\"https:\\\/\\\/www.purejewels.com\\\/product\\\/indian-gold-ring-in-22ct\\\/#breadcrumb\",\"itemListElement\":[{\"@type\":\"ListItem\",\"position\":1,\"name\":\"Home\",\"item\":\"https:\\\/\\\/www.purejewels.com\\\/\"},{\"@type\":\"ListItem\",\"position\":2,\"name\":\"Shop\",\"item\":\"https:\\\/\\\/www.purejewels.com\\\/shop\\\/\"},{\"@type\":\"ListItem\",\"position\":3,\"name\":\"Indian Gold Ring In 22ct\"}]},{\"@type\":\"WebSite\",\"@id\":\"https:\\\/\\\/www.purejewels.com\\\/#website\",\"url\":\"https:\\\/\\\/www.purejewels.com\\\/\",\"name\":\"PureJewels UK\",\"description\":\"Share the Love\",\"publisher\":{\"@id\":\"https:\\\/\\\/www.purejewels.com\\\/#organization\"},\"potentialAction\":[{\"@type\":\"SearchAction\",\"target\":{\"@type\":\"EntryPoint\",\"urlTemplate\":\"https:\\\/\\\/www.purejewels.com\\\/?s={search_term_string}\"},\"query-input\":{\"@type\":\"PropertyValueSpecification\",\"valueRequired\":true,\"valueName\":\"search_term_string\"}}],\"inLanguage\":\"tr\"},{\"@type\":\"Organization\",\"@id\":\"https:\\\/\\\/www.purejewels.com\\\/#organization\",\"name\":\"PureJewels UK\",\"url\":\"https:\\\/\\\/www.purejewels.com\\\/\",\"logo\":{\"@type\":\"ImageObject\",\"inLanguage\":\"tr\",\"@id\":\"https:\\\/\\\/www.purejewels.com\\\/#\\\/schema\\\/logo\\\/image\\\/\",\"url\":\"https:\\\/\\\/static.purejewels.com\\\/wp-content\\\/uploads\\\/2020\\\/11\\\/Logo-PJ-New-1.png\",\"contentUrl\":\"https:\\\/\\\/static.purejewels.com\\\/wp-content\\\/uploads\\\/2020\\\/11\\\/Logo-PJ-New-1.png\",\"width\":150,\"height\":80,\"caption\":\"PureJewels UK\"},\"image\":{\"@id\":\"https:\\\/\\\/www.purejewels.com\\\/#\\\/schema\\\/logo\\\/image\\\/\"}}]}<\/script>\n<!-- \/ Yoast SEO plugin. -->","yoast_head_json":{"title":"22ct Hint Alt\u0131n Y\u00fcz\u00fck - PureJewels UK","robots":{"index":"index","follow":"follow","max-snippet":"max-snippet:-1","max-image-preview":"max-image-preview:large","max-video-preview":"max-video-preview:-1"},"canonical":"https:\/\/www.purejewels.com\/tr\/urun\/22ct-hint-altin-yuzuk\/","og_locale":"tr_TR","og_type":"article","og_title":"Indian Gold Ring In 22ct - PureJewels UK","og_description":"Indian Gold Ring In 22ct  Fine Filigree Design With Spiral Theme  Ring wt. 7.4 gms  Ring Size N  SKU. 28903  All our products are hallmarked by London Assay Office  Comes with presentation box  All prices include VAT  Delivery Included  Contact us\/ chat with us for the video of\u00a0 rings for Mum","og_url":"https:\/\/www.purejewels.com\/tr\/urun\/22ct-hint-altin-yuzuk\/","og_site_name":"PureJewels UK","article_modified_time":"2026-01-06T11:14:17+00:00","og_image":[{"width":1000,"height":1000,"url":"https:\/\/www.purejewels.com\/wp-content\/uploads\/2020\/03\/135706849.png","type":"image\/png"}],"twitter_card":"summary_large_image","schema":{"@context":"https:\/\/schema.org","@graph":[{"@type":["WebPage","ItemPage"],"@id":"https:\/\/www.purejewels.com\/product\/indian-gold-ring-in-22ct\/","url":"https:\/\/www.purejewels.com\/product\/indian-gold-ring-in-22ct\/","name":"22ct Hint Alt\u0131n Y\u00fcz\u00fck - PureJewels UK","isPartOf":{"@id":"https:\/\/www.purejewels.com\/#website"},"primaryImageOfPage":{"@id":"https:\/\/www.purejewels.com\/product\/indian-gold-ring-in-22ct\/#primaryimage"},"image":{"@id":"https:\/\/www.purejewels.com\/product\/indian-gold-ring-in-22ct\/#primaryimage"},"thumbnailUrl":"https:\/\/static.purejewels.com\/wp-content\/uploads\/2020\/03\/135706849.png","datePublished":"2019-02-08T12:17:01+00:00","dateModified":"2026-01-06T11:14:17+00:00","breadcrumb":{"@id":"https:\/\/www.purejewels.com\/product\/indian-gold-ring-in-22ct\/#breadcrumb"},"inLanguage":"tr","potentialAction":[{"@type":"ReadAction","target":["https:\/\/www.purejewels.com\/product\/indian-gold-ring-in-22ct\/"]}]},{"@type":"ImageObject","inLanguage":"tr","@id":"https:\/\/www.purejewels.com\/product\/indian-gold-ring-in-22ct\/#primaryimage","url":"https:\/\/static.purejewels.com\/wp-content\/uploads\/2020\/03\/135706849.png","contentUrl":"https:\/\/static.purejewels.com\/wp-content\/uploads\/2020\/03\/135706849.png","width":1000,"height":1000,"caption":"Indian Gold Ring In 22ctFine Filigree Design With Spiral ThemeRing wt. 7.4 gSKU. 28903All our products are hallmarked by London Assay OfficeComes with presentation BoxAll prices include VATDelivery IncludedContact us\/ chat with us for the video of\u00a0 this product"},{"@type":"BreadcrumbList","@id":"https:\/\/www.purejewels.com\/product\/indian-gold-ring-in-22ct\/#breadcrumb","itemListElement":[{"@type":"ListItem","position":1,"name":"Home","item":"https:\/\/www.purejewels.com\/"},{"@type":"ListItem","position":2,"name":"Shop","item":"https:\/\/www.purejewels.com\/shop\/"},{"@type":"ListItem","position":3,"name":"Indian Gold Ring In 22ct"}]},{"@type":"WebSite","@id":"https:\/\/www.purejewels.com\/#website","url":"https:\/\/www.purejewels.com\/","name":"PureJewels \u0130ngiltere","description":"Sevgiyi Payla\u015f\u0131n","publisher":{"@id":"https:\/\/www.purejewels.com\/#organization"},"potentialAction":[{"@type":"SearchAction","target":{"@type":"EntryPoint","urlTemplate":"https:\/\/www.purejewels.com\/?s={search_term_string}"},"query-input":{"@type":"PropertyValueSpecification","valueRequired":true,"valueName":"search_term_string"}}],"inLanguage":"tr"},{"@type":"Organization","@id":"https:\/\/www.purejewels.com\/#organization","name":"PureJewels \u0130ngiltere","url":"https:\/\/www.purejewels.com\/","logo":{"@type":"ImageObject","inLanguage":"tr","@id":"https:\/\/www.purejewels.com\/#\/schema\/logo\/image\/","url":"https:\/\/static.purejewels.com\/wp-content\/uploads\/2020\/11\/Logo-PJ-New-1.png","contentUrl":"https:\/\/static.purejewels.com\/wp-content\/uploads\/2020\/11\/Logo-PJ-New-1.png","width":150,"height":80,"caption":"PureJewels UK"},"image":{"@id":"https:\/\/www.purejewels.com\/#\/schema\/logo\/image\/"}}]}},"_links":{"self":[{"href":"https:\/\/www.purejewels.com\/tr\/wp-json\/wp\/v2\/product\/309028","targetHints":{"allow":["GET"]}}],"collection":[{"href":"https:\/\/www.purejewels.com\/tr\/wp-json\/wp\/v2\/product"}],"about":[{"href":"https:\/\/www.purejewels.com\/tr\/wp-json\/wp\/v2\/types\/product"}],"replies":[{"embeddable":true,"href":"https:\/\/www.purejewels.com\/tr\/wp-json\/wp\/v2\/comments?post=309028"}],"version-history":[{"count":1,"href":"https:\/\/www.purejewels.com\/tr\/wp-json\/wp\/v2\/product\/309028\/revisions"}],"predecessor-version":[{"id":389574,"href":"https:\/\/www.purejewels.com\/tr\/wp-json\/wp\/v2\/product\/309028\/revisions\/389574"}],"wp:featuredmedia":[{"embeddable":true,"href":"https:\/\/www.purejewels.com\/tr\/wp-json\/wp\/v2\/media\/313097"}],"wp:attachment":[{"href":"https:\/\/www.purejewels.com\/tr\/wp-json\/wp\/v2\/media?parent=309028"}],"wp:term":[{"taxonomy":"product_brand","embeddable":true,"href":"https:\/\/www.purejewels.com\/tr\/wp-json\/wp\/v2\/product_brand?post=309028"},{"taxonomy":"product_cat","embeddable":true,"href":"https:\/\/www.purejewels.com\/tr\/wp-json\/wp\/v2\/product_cat?post=309028"},{"taxonomy":"product_tag","embeddable":true,"href":"https:\/\/www.purejewels.com\/tr\/wp-json\/wp\/v2\/product_tag?post=309028"}],"curies":[{"name":"wp","href":"https:\/\/api.w.org\/{rel}","templated":true}]}}