{"id":309248,"date":"2019-02-18T08:49:44","date_gmt":"2019-02-18T08:49:44","guid":{"rendered":"https:\/\/www.purejewels.com\/?post_type=product&#038;p=309248"},"modified":"2026-03-05T12:40:42","modified_gmt":"2026-03-05T12:40:42","slug":"altin-burun-ignesi-uk-4","status":"publish","type":"product","link":"https:\/\/www.purejewels.com\/tr\/product\/gold-nose-pin-uk-4\/","title":{"rendered":"CZ Ta\u015fl\u0131 Alt\u0131n Kalp Burun Pimi"},"content":{"rendered":"<p data-start=\"617\" data-end=\"974\"><strong data-start=\"617\" data-end=\"635\">Tasar\u0131m Konsepti<\/strong><br data-start=\"635\" data-end=\"638\" \/>Evrensel olarak sevilen kalp \u015feklinde haz\u0131rlanm\u0131\u015f bu <a href=\"https:\/\/www.purejewels.com\/tr\/urun-kategori%cc%87si%cc%87\/22-ayar-altin-takilar\/burun-takilari\/altin-burun-igneleri\/\">burun pimi<\/a> a\u015fk\u0131n ve kad\u0131nl\u0131\u011f\u0131n \u00f6z\u00fcn\u00fc yans\u0131t\u0131yor. Tasar\u0131m, burun konturunu takip edecek \u015fekilde nazik\u00e7e kavislendirilirken, CZ ta\u015f \u00fc\u00e7l\u00fcs\u00fc ince bir \u0131\u015f\u0131lt\u0131 katar. \u0130ster bir sevgi sembol\u00fc olarak ister sadece b\u00fcy\u00fcleyici esteti\u011fi i\u00e7in tak\u0131ls\u0131n, bu par\u00e7a g\u00fczelli\u011fin zamans\u0131z bir vurgusudur.<\/p>\n<p data-start=\"976\" data-end=\"1324\"><strong data-start=\"976\" data-end=\"993\">Zanaatkarl\u0131k<\/strong><br data-start=\"993\" data-end=\"996\" \/>Y\u00fcksek cilal\u0131 alt\u0131ndan ustal\u0131kla \u00fcretilen bu <a href=\"https:\/\/www.purejewels.com\/tr\/urun-kategori%cc%87si%cc%87\/22-ayar-altin-takilar\/burun-takilari\/altin-burun-igneleri\/\">burun pimi<\/a> \u0131\u015f\u0131\u011f\u0131 elmas benzeri bir parlakl\u0131kla yans\u0131tan hassas ayarl\u0131 k\u00fcbik zirkon ta\u015flara sahiptir. G\u00fcvenli vidal\u0131 arka k\u0131s\u0131m, g\u00fcnl\u00fck kullan\u0131m i\u00e7in rahatl\u0131k ve uzun \u00f6m\u00fcrl\u00fcl\u00fck sa\u011flar. \u0130ngiltere'deki tercihler g\u00f6z \u00f6n\u00fcnde bulundurularak tasarlanan zarif oranlar ve p\u00fcr\u00fczs\u00fcz y\u00fczey uzun s\u00fcreli kullan\u0131m i\u00e7in idealdir.<\/p>\n<p data-start=\"1326\" data-end=\"1597\"><strong data-start=\"1326\" data-end=\"1343\">Stil Fikirleri<\/strong><br data-start=\"1343\" data-end=\"1346\" \/>Ki\u015filikli zarif m\u00fccevherleri sevenler i\u00e7in m\u00fckemmel bir se\u00e7im. Minimalist alt\u0131n k\u00fcpelerle kombinleyin veya k\u00fc\u00e7\u00fck halka k\u00fcpelerle birlikte takarak katmanl\u0131, \u00e7a\u011fda\u015f bir g\u00f6r\u00fcn\u00fcm elde edin. Ayr\u0131ca do\u011fum g\u00fcnleri, y\u0131ld\u00f6n\u00fcmleri veya sadece sevgiyi kutlamak i\u00e7in anlaml\u0131 bir hediye se\u00e7ene\u011fidir.<\/p>","protected":false},"excerpt":{"rendered":"<p>Bu Alt\u0131n Kalp <a href=\"https:\/\/www.purejewels.com\/tr\/urun-kategori%cc%87si%cc%87\/22-ayar-altin-takilar\/burun-takilari\/altin-burun-igneleri\/\">Burun Pimi<\/a> romantik bir kalp siluetine yerle\u015ftirilmi\u015f \u00fc\u00e7 parlak CZ ta\u015fla \u0131\u015f\u0131ld\u0131yor. G\u00fcnl\u00fck \u015f\u0131kl\u0131k veya \u00f6zel anlar i\u00e7in m\u00fckemmel, zarif ama \u0131\u015f\u0131lt\u0131l\u0131 bir dokunu\u015f.<\/p>\n<ul>\n<li>Alt\u0131n Burun \u0130\u011fnesi \u0130ngiltere<\/li>\n<li><a href=\"https:\/\/www.purejewels.com\/tr\/urun-kategori%cc%87si%cc%87\/22-ayar-altin-takilar\/burun-takilari\/altin-burun-igneleri\/\">Burun pimi<\/a> CZ Ta\u015fl\u0131 22 Ayar Sar\u0131 Alt\u0131n<\/li>\n<li>Vidal\u0131 S\u0131rt ile birlikte gelir<\/li>\n<li>SKU.  28855_C1<\/li>\n<li>G\u00fcnl\u00fck kullan\u0131m i\u00e7in Green Street'te Alt\u0131n Burun Tak\u0131lar\u0131.<\/li>\n<li>Sunum Kutusu ile Birlikte Gelir<\/li>\n<li>\u0130ngiltere Genelinde \u00dccretsiz Teslimat<\/li>\n<li>T\u00fcm fiyatlara KDV dahildir<\/li>\n<li>\"\u00dcr\u00fcn videosu i\u00e7in bizimle ileti\u015fime ge\u00e7in\/canl\u0131 sohbet edin.\"<\/li>\n<\/ul>","protected":false},"featured_media":317893,"comment_status":"closed","ping_status":"closed","template":"","meta":{"_eb_attr":"","_crsspst_to_jayantr4sg-hostcom":false},"product_brand":[],"product_cat":[1711,1574],"product_tag":[],"class_list":{"0":"post-309248","1":"product","2":"type-product","3":"status-publish","4":"has-post-thumbnail","6":"product_cat-gold-nose-studs","7":"product_cat-womens-jewellery","9":"first","10":"outofstock","11":"taxable","12":"shipping-taxable","13":"product-type-simple","14":"add-to-wishlist-before_image"},"yoast_head":"<!-- This site is optimized with the Yoast SEO plugin v27.3 - https:\/\/yoast.com\/product\/yoast-seo-wordpress\/ -->\n<title>Heart-Shaped Gold Nose Pin with CZ Stones \u2013 Delicate Sparkle<\/title>\n<meta name=\"description\" content=\"Discover the Gold Heart Nose Pin with CZ Stones \u2013 a dainty and romantic design perfect for everyday wear. Ideal gift and elegant styling for the modern woman.\" \/>\n<meta name=\"robots\" content=\"index, follow, max-snippet:-1, max-image-preview:large, max-video-preview:-1\" \/>\n<link rel=\"canonical\" href=\"https:\/\/www.purejewels.com\/tr\/urun\/altin-burun-ignesi-uk-4\/\" \/>\n<meta property=\"og:locale\" content=\"tr_TR\" \/>\n<meta property=\"og:type\" content=\"article\" \/>\n<meta property=\"og:title\" content=\"Heart-Shaped Gold Nose Pin with CZ Stones \u2013 Delicate Sparkle\" \/>\n<meta property=\"og:description\" content=\"Discover the Gold Heart Nose Pin with CZ Stones \u2013 a dainty and romantic design perfect for everyday wear. Ideal gift and elegant styling for the modern woman.\" \/>\n<meta property=\"og:url\" content=\"https:\/\/www.purejewels.com\/tr\/urun\/altin-burun-ignesi-uk-4\/\" \/>\n<meta property=\"og:site_name\" content=\"PureJewels UK\" \/>\n<meta property=\"article:modified_time\" content=\"2026-03-05T12:40:42+00:00\" \/>\n<meta property=\"og:image\" content=\"https:\/\/static.purejewels.com\/wp-content\/uploads\/2019\/02\/28555c1.jpg\" \/>\n\t<meta property=\"og:image:width\" content=\"1000\" \/>\n\t<meta property=\"og:image:height\" content=\"1000\" \/>\n\t<meta property=\"og:image:type\" content=\"image\/jpeg\" \/>\n<meta name=\"twitter:card\" content=\"summary_large_image\" \/>\n<meta name=\"twitter:label1\" content=\"Tahmini okuma s\u00fcresi\" \/>\n\t<meta name=\"twitter:data1\" content=\"1 dakika\" \/>\n<script type=\"application\/ld+json\" class=\"yoast-schema-graph\">{\"@context\":\"https:\\\/\\\/schema.org\",\"@graph\":[{\"@type\":[\"WebPage\",\"ItemPage\"],\"@id\":\"https:\\\/\\\/www.purejewels.com\\\/product\\\/gold-nose-pin-uk-4\\\/\",\"url\":\"https:\\\/\\\/www.purejewels.com\\\/product\\\/gold-nose-pin-uk-4\\\/\",\"name\":\"Heart-Shaped Gold Nose Pin with CZ Stones \u2013 Delicate Sparkle\",\"isPartOf\":{\"@id\":\"https:\\\/\\\/www.purejewels.com\\\/#website\"},\"primaryImageOfPage\":{\"@id\":\"https:\\\/\\\/www.purejewels.com\\\/product\\\/gold-nose-pin-uk-4\\\/#primaryimage\"},\"image\":{\"@id\":\"https:\\\/\\\/www.purejewels.com\\\/product\\\/gold-nose-pin-uk-4\\\/#primaryimage\"},\"thumbnailUrl\":\"https:\\\/\\\/static.purejewels.com\\\/wp-content\\\/uploads\\\/2019\\\/02\\\/28555c1.jpg\",\"datePublished\":\"2019-02-18T08:49:44+00:00\",\"dateModified\":\"2026-03-05T12:40:42+00:00\",\"description\":\"Discover the Gold Heart Nose Pin with CZ Stones \u2013 a dainty and romantic design perfect for everyday wear. Ideal gift and elegant styling for the modern woman.\",\"breadcrumb\":{\"@id\":\"https:\\\/\\\/www.purejewels.com\\\/product\\\/gold-nose-pin-uk-4\\\/#breadcrumb\"},\"inLanguage\":\"tr\",\"potentialAction\":[{\"@type\":\"ReadAction\",\"target\":[\"https:\\\/\\\/www.purejewels.com\\\/product\\\/gold-nose-pin-uk-4\\\/\"]}]},{\"@type\":\"ImageObject\",\"inLanguage\":\"tr\",\"@id\":\"https:\\\/\\\/www.purejewels.com\\\/product\\\/gold-nose-pin-uk-4\\\/#primaryimage\",\"url\":\"https:\\\/\\\/static.purejewels.com\\\/wp-content\\\/uploads\\\/2019\\\/02\\\/28555c1.jpg\",\"contentUrl\":\"https:\\\/\\\/static.purejewels.com\\\/wp-content\\\/uploads\\\/2019\\\/02\\\/28555c1.jpg\",\"width\":1000,\"height\":1000},{\"@type\":\"BreadcrumbList\",\"@id\":\"https:\\\/\\\/www.purejewels.com\\\/product\\\/gold-nose-pin-uk-4\\\/#breadcrumb\",\"itemListElement\":[{\"@type\":\"ListItem\",\"position\":1,\"name\":\"Home\",\"item\":\"https:\\\/\\\/www.purejewels.com\\\/\"},{\"@type\":\"ListItem\",\"position\":2,\"name\":\"Shop\",\"item\":\"https:\\\/\\\/www.purejewels.com\\\/shop\\\/\"},{\"@type\":\"ListItem\",\"position\":3,\"name\":\"Gold Heart Nose Pin with CZ Stones\"}]},{\"@type\":\"WebSite\",\"@id\":\"https:\\\/\\\/www.purejewels.com\\\/#website\",\"url\":\"https:\\\/\\\/www.purejewels.com\\\/\",\"name\":\"PureJewels UK\",\"description\":\"Share the Love\",\"publisher\":{\"@id\":\"https:\\\/\\\/www.purejewels.com\\\/#organization\"},\"potentialAction\":[{\"@type\":\"SearchAction\",\"target\":{\"@type\":\"EntryPoint\",\"urlTemplate\":\"https:\\\/\\\/www.purejewels.com\\\/?s={search_term_string}\"},\"query-input\":{\"@type\":\"PropertyValueSpecification\",\"valueRequired\":true,\"valueName\":\"search_term_string\"}}],\"inLanguage\":\"tr\"},{\"@type\":\"Organization\",\"@id\":\"https:\\\/\\\/www.purejewels.com\\\/#organization\",\"name\":\"PureJewels UK\",\"url\":\"https:\\\/\\\/www.purejewels.com\\\/\",\"logo\":{\"@type\":\"ImageObject\",\"inLanguage\":\"tr\",\"@id\":\"https:\\\/\\\/www.purejewels.com\\\/#\\\/schema\\\/logo\\\/image\\\/\",\"url\":\"https:\\\/\\\/static.purejewels.com\\\/wp-content\\\/uploads\\\/2020\\\/11\\\/Logo-PJ-New-1.png\",\"contentUrl\":\"https:\\\/\\\/static.purejewels.com\\\/wp-content\\\/uploads\\\/2020\\\/11\\\/Logo-PJ-New-1.png\",\"width\":150,\"height\":80,\"caption\":\"PureJewels UK\"},\"image\":{\"@id\":\"https:\\\/\\\/www.purejewels.com\\\/#\\\/schema\\\/logo\\\/image\\\/\"}}]}<\/script>\n<!-- \/ Yoast SEO plugin. -->","yoast_head_json":{"title":"CZ Ta\u015fl\u0131 Kalp \u015eeklinde Alt\u0131n Burun Pimi \u2013 Narin I\u015f\u0131lt\u0131","description":"CZ ta\u015fl\u0131 Alt\u0131n Kalp Burun Pimi'ni ke\u015ffedin \u2013 g\u00fcnl\u00fck kullan\u0131m i\u00e7in m\u00fckemmel, zarif ve romantik bir tasar\u0131m. Modern kad\u0131nlar i\u00e7in ideal bir hediye ve zarif bir stil.","robots":{"index":"index","follow":"follow","max-snippet":"max-snippet:-1","max-image-preview":"max-image-preview:large","max-video-preview":"max-video-preview:-1"},"canonical":"https:\/\/www.purejewels.com\/tr\/urun\/altin-burun-ignesi-uk-4\/","og_locale":"tr_TR","og_type":"article","og_title":"Heart-Shaped Gold Nose Pin with CZ Stones \u2013 Delicate Sparkle","og_description":"Discover the Gold Heart Nose Pin with CZ Stones \u2013 a dainty and romantic design perfect for everyday wear. Ideal gift and elegant styling for the modern woman.","og_url":"https:\/\/www.purejewels.com\/tr\/urun\/altin-burun-ignesi-uk-4\/","og_site_name":"PureJewels UK","article_modified_time":"2026-03-05T12:40:42+00:00","og_image":[{"width":1000,"height":1000,"url":"https:\/\/static.purejewels.com\/wp-content\/uploads\/2019\/02\/28555c1.jpg","type":"image\/jpeg"}],"twitter_card":"summary_large_image","twitter_misc":{"Tahmini okuma s\u00fcresi":"1 dakika"},"schema":{"@context":"https:\/\/schema.org","@graph":[{"@type":["WebPage","ItemPage"],"@id":"https:\/\/www.purejewels.com\/product\/gold-nose-pin-uk-4\/","url":"https:\/\/www.purejewels.com\/product\/gold-nose-pin-uk-4\/","name":"CZ Ta\u015fl\u0131 Kalp \u015eeklinde Alt\u0131n Burun Pimi \u2013 Narin I\u015f\u0131lt\u0131","isPartOf":{"@id":"https:\/\/www.purejewels.com\/#website"},"primaryImageOfPage":{"@id":"https:\/\/www.purejewels.com\/product\/gold-nose-pin-uk-4\/#primaryimage"},"image":{"@id":"https:\/\/www.purejewels.com\/product\/gold-nose-pin-uk-4\/#primaryimage"},"thumbnailUrl":"https:\/\/static.purejewels.com\/wp-content\/uploads\/2019\/02\/28555c1.jpg","datePublished":"2019-02-18T08:49:44+00:00","dateModified":"2026-03-05T12:40:42+00:00","description":"CZ ta\u015fl\u0131 Alt\u0131n Kalp Burun Pimi'ni ke\u015ffedin \u2013 g\u00fcnl\u00fck kullan\u0131m i\u00e7in m\u00fckemmel, zarif ve romantik bir tasar\u0131m. Modern kad\u0131nlar i\u00e7in ideal bir hediye ve zarif bir stil.","breadcrumb":{"@id":"https:\/\/www.purejewels.com\/product\/gold-nose-pin-uk-4\/#breadcrumb"},"inLanguage":"tr","potentialAction":[{"@type":"ReadAction","target":["https:\/\/www.purejewels.com\/product\/gold-nose-pin-uk-4\/"]}]},{"@type":"ImageObject","inLanguage":"tr","@id":"https:\/\/www.purejewels.com\/product\/gold-nose-pin-uk-4\/#primaryimage","url":"https:\/\/static.purejewels.com\/wp-content\/uploads\/2019\/02\/28555c1.jpg","contentUrl":"https:\/\/static.purejewels.com\/wp-content\/uploads\/2019\/02\/28555c1.jpg","width":1000,"height":1000},{"@type":"BreadcrumbList","@id":"https:\/\/www.purejewels.com\/product\/gold-nose-pin-uk-4\/#breadcrumb","itemListElement":[{"@type":"ListItem","position":1,"name":"Home","item":"https:\/\/www.purejewels.com\/"},{"@type":"ListItem","position":2,"name":"Shop","item":"https:\/\/www.purejewels.com\/shop\/"},{"@type":"ListItem","position":3,"name":"Gold Heart Nose Pin with CZ Stones"}]},{"@type":"WebSite","@id":"https:\/\/www.purejewels.com\/#website","url":"https:\/\/www.purejewels.com\/","name":"PureJewels \u0130ngiltere","description":"Sevgiyi Payla\u015f\u0131n","publisher":{"@id":"https:\/\/www.purejewels.com\/#organization"},"potentialAction":[{"@type":"SearchAction","target":{"@type":"EntryPoint","urlTemplate":"https:\/\/www.purejewels.com\/?s={search_term_string}"},"query-input":{"@type":"PropertyValueSpecification","valueRequired":true,"valueName":"search_term_string"}}],"inLanguage":"tr"},{"@type":"Organization","@id":"https:\/\/www.purejewels.com\/#organization","name":"PureJewels \u0130ngiltere","url":"https:\/\/www.purejewels.com\/","logo":{"@type":"ImageObject","inLanguage":"tr","@id":"https:\/\/www.purejewels.com\/#\/schema\/logo\/image\/","url":"https:\/\/static.purejewels.com\/wp-content\/uploads\/2020\/11\/Logo-PJ-New-1.png","contentUrl":"https:\/\/static.purejewels.com\/wp-content\/uploads\/2020\/11\/Logo-PJ-New-1.png","width":150,"height":80,"caption":"PureJewels UK"},"image":{"@id":"https:\/\/www.purejewels.com\/#\/schema\/logo\/image\/"}}]}},"_links":{"self":[{"href":"https:\/\/www.purejewels.com\/tr\/wp-json\/wp\/v2\/product\/309248","targetHints":{"allow":["GET"]}}],"collection":[{"href":"https:\/\/www.purejewels.com\/tr\/wp-json\/wp\/v2\/product"}],"about":[{"href":"https:\/\/www.purejewels.com\/tr\/wp-json\/wp\/v2\/types\/product"}],"replies":[{"embeddable":true,"href":"https:\/\/www.purejewels.com\/tr\/wp-json\/wp\/v2\/comments?post=309248"}],"version-history":[{"count":4,"href":"https:\/\/www.purejewels.com\/tr\/wp-json\/wp\/v2\/product\/309248\/revisions"}],"predecessor-version":[{"id":426678,"href":"https:\/\/www.purejewels.com\/tr\/wp-json\/wp\/v2\/product\/309248\/revisions\/426678"}],"wp:featuredmedia":[{"embeddable":true,"href":"https:\/\/www.purejewels.com\/tr\/wp-json\/wp\/v2\/media\/317893"}],"wp:attachment":[{"href":"https:\/\/www.purejewels.com\/tr\/wp-json\/wp\/v2\/media?parent=309248"}],"wp:term":[{"taxonomy":"product_brand","embeddable":true,"href":"https:\/\/www.purejewels.com\/tr\/wp-json\/wp\/v2\/product_brand?post=309248"},{"taxonomy":"product_cat","embeddable":true,"href":"https:\/\/www.purejewels.com\/tr\/wp-json\/wp\/v2\/product_cat?post=309248"},{"taxonomy":"product_tag","embeddable":true,"href":"https:\/\/www.purejewels.com\/tr\/wp-json\/wp\/v2\/product_tag?post=309248"}],"curies":[{"name":"wp","href":"https:\/\/api.w.org\/{rel}","templated":true}]}}