{"id":309257,"date":"2019-02-18T08:42:57","date_gmt":"2019-02-18T08:42:57","guid":{"rendered":"https:\/\/www.purejewels.com\/?post_type=product&#038;p=309257"},"modified":"2025-11-20T06:16:45","modified_gmt":"2025-11-20T06:16:45","slug":"altin-burun-ignesi-uk","status":"publish","type":"product","link":"https:\/\/www.purejewels.com\/tr\/product\/gold-nose-pin-uk\/","title":{"rendered":"22 ayar alt\u0131n Paisley CZ burun pimi | Zarif vidal\u0131 arka k\u0131s\u0131m"},"content":{"rendered":"<p>Narin ama kendine \u00f6zg\u00fc <a href=\"https:\/\/www.purejewels.com\/tr\/product\/22ct-gold-jali-filigree-ring-jali-collection-31926\/\">22ct<\/a> Gold Paisley CZ Burun Pimi, zarif, kavisli sil\u00fcetiyle zamans\u0131z Hint sanat\u0131n\u0131 yans\u0131t\u0131yor. Paisley motifinden ilham alan bu par\u00e7a, g\u00f6r\u00fcn\u00fcm\u00fcn\u00fcze zarif bir \u0131\u015f\u0131lt\u0131 katan parlak k\u00fcbik zirkon ta\u015flarla s\u00fcslenmi\u015ftir. G\u00fcvenli vidal\u0131 arka tasar\u0131m, g\u00fcn boyu rahatl\u0131k sa\u011flar ve hem g\u00fcnl\u00fck kullan\u0131m hem de \u00f6zel g\u00fcnler i\u00e7in ideal bir se\u00e7imdir. Saf 22 ayar alt\u0131ndan \u00fcretilen bu par\u00e7a, gelenek ve zarafetin g\u00fczel bir birle\u015fimidir.<\/p>","protected":false},"excerpt":{"rendered":"<ul>\n<li>Alt\u0131n Burun \u0130\u011fnesi \u0130ngiltere<\/li>\n<li>CZ Ta\u015fl\u0131 22 Ayar Sar\u0131 Alt\u0131n Burun \u0130\u011fnesi<\/li>\n<li>Vidal\u0131 S\u0131rt ile birlikte gelir<\/li>\n<li>Boyutlar (Yakla\u015f\u0131k) \u2192 Sap Uzunlu\u011fu. 6 mm, Sap Kal\u0131nl\u0131\u011f\u0131. 0,8 mm<\/li>\n<li>T\u00fcp Kal\u0131nl\u0131\u011f\u0131. 1 mm<\/li>\n<li>SKU. 28855_C2<\/li>\n<li>G\u00fcnl\u00fck kullan\u0131m i\u00e7in Green Street'te Alt\u0131n Burun Tak\u0131lar\u0131.<\/li>\n<li>Sunum Kutusu ile Birlikte Gelir<\/li>\n<li>\u0130ngiltere Genelinde \u00dccretsiz Teslimat<\/li>\n<li>T\u00fcm fiyatlara KDV dahildir<\/li>\n<li>\"\u00dcr\u00fcn videosu i\u00e7in bizimle ileti\u015fime ge\u00e7in\/canl\u0131 sohbet edin.\"<\/li>\n<\/ul>","protected":false},"featured_media":317896,"comment_status":"closed","ping_status":"closed","template":"","meta":{"_eb_attr":"","_crsspst_to_jayantr4sg-hostcom":false},"product_brand":[],"product_cat":[1711,1570,1574],"product_tag":[],"class_list":{"0":"post-309257","1":"product","2":"type-product","3":"status-publish","4":"has-post-thumbnail","6":"product_cat-gold-nose-studs","7":"product_cat-mothers-day-gifts","8":"product_cat-womens-jewellery","10":"first","11":"outofstock","12":"taxable","13":"shipping-taxable","14":"product-type-simple","15":"add-to-wishlist-before_image"},"yoast_head":"<!-- This site is optimized with the Yoast SEO plugin v27.3 - https:\/\/yoast.com\/product\/yoast-seo-wordpress\/ -->\n<title>22ct Gold Paisley CZ Nose Pin | PureJewels UK<\/title>\n<meta name=\"description\" content=\"Graceful 22ct gold nose pin with a paisley-inspired curve and sparkling CZ stones. Screw-back closure ensures comfort and secure wear. Made for timeless charm.\" \/>\n<meta name=\"robots\" content=\"index, follow, max-snippet:-1, max-image-preview:large, max-video-preview:-1\" \/>\n<link rel=\"canonical\" href=\"https:\/\/www.purejewels.com\/tr\/urun\/altin-burun-ignesi-uk\/\" \/>\n<meta property=\"og:locale\" content=\"tr_TR\" \/>\n<meta property=\"og:type\" content=\"article\" \/>\n<meta property=\"og:title\" content=\"22ct Gold Paisley CZ Nose Pin | PureJewels UK\" \/>\n<meta property=\"og:description\" content=\"Graceful 22ct gold nose pin with a paisley-inspired curve and sparkling CZ stones. Screw-back closure ensures comfort and secure wear. Made for timeless charm.\" \/>\n<meta property=\"og:url\" content=\"https:\/\/www.purejewels.com\/tr\/urun\/altin-burun-ignesi-uk\/\" \/>\n<meta property=\"og:site_name\" content=\"PureJewels UK\" \/>\n<meta property=\"article:modified_time\" content=\"2025-11-20T06:16:45+00:00\" \/>\n<meta property=\"og:image\" content=\"https:\/\/www.purejewels.com\/wp-content\/uploads\/2019\/02\/28555c2.jpg\" \/>\n\t<meta property=\"og:image:width\" content=\"1000\" \/>\n\t<meta property=\"og:image:height\" content=\"1000\" \/>\n\t<meta property=\"og:image:type\" content=\"image\/jpeg\" \/>\n<meta name=\"twitter:card\" content=\"summary_large_image\" \/>\n<meta name=\"twitter:label1\" content=\"Tahmini okuma s\u00fcresi\" \/>\n\t<meta name=\"twitter:data1\" content=\"1 dakika\" \/>\n<script type=\"application\/ld+json\" class=\"yoast-schema-graph\">{\"@context\":\"https:\\\/\\\/schema.org\",\"@graph\":[{\"@type\":[\"WebPage\",\"ItemPage\"],\"@id\":\"https:\\\/\\\/www.purejewels.com\\\/product\\\/gold-nose-pin-uk\\\/\",\"url\":\"https:\\\/\\\/www.purejewels.com\\\/product\\\/gold-nose-pin-uk\\\/\",\"name\":\"22ct Gold Paisley CZ Nose Pin | PureJewels UK\",\"isPartOf\":{\"@id\":\"https:\\\/\\\/www.purejewels.com\\\/#website\"},\"primaryImageOfPage\":{\"@id\":\"https:\\\/\\\/www.purejewels.com\\\/product\\\/gold-nose-pin-uk\\\/#primaryimage\"},\"image\":{\"@id\":\"https:\\\/\\\/www.purejewels.com\\\/product\\\/gold-nose-pin-uk\\\/#primaryimage\"},\"thumbnailUrl\":\"https:\\\/\\\/static.purejewels.com\\\/wp-content\\\/uploads\\\/2019\\\/02\\\/28555c2.jpg\",\"datePublished\":\"2019-02-18T08:42:57+00:00\",\"dateModified\":\"2025-11-20T06:16:45+00:00\",\"description\":\"Graceful 22ct gold nose pin with a paisley-inspired curve and sparkling CZ stones. Screw-back closure ensures comfort and secure wear. Made for timeless charm.\",\"breadcrumb\":{\"@id\":\"https:\\\/\\\/www.purejewels.com\\\/product\\\/gold-nose-pin-uk\\\/#breadcrumb\"},\"inLanguage\":\"tr\",\"potentialAction\":[{\"@type\":\"ReadAction\",\"target\":[\"https:\\\/\\\/www.purejewels.com\\\/product\\\/gold-nose-pin-uk\\\/\"]}]},{\"@type\":\"ImageObject\",\"inLanguage\":\"tr\",\"@id\":\"https:\\\/\\\/www.purejewels.com\\\/product\\\/gold-nose-pin-uk\\\/#primaryimage\",\"url\":\"https:\\\/\\\/static.purejewels.com\\\/wp-content\\\/uploads\\\/2019\\\/02\\\/28555c2.jpg\",\"contentUrl\":\"https:\\\/\\\/static.purejewels.com\\\/wp-content\\\/uploads\\\/2019\\\/02\\\/28555c2.jpg\",\"width\":1000,\"height\":1000},{\"@type\":\"BreadcrumbList\",\"@id\":\"https:\\\/\\\/www.purejewels.com\\\/product\\\/gold-nose-pin-uk\\\/#breadcrumb\",\"itemListElement\":[{\"@type\":\"ListItem\",\"position\":1,\"name\":\"Home\",\"item\":\"https:\\\/\\\/www.purejewels.com\\\/\"},{\"@type\":\"ListItem\",\"position\":2,\"name\":\"Shop\",\"item\":\"https:\\\/\\\/www.purejewels.com\\\/shop\\\/\"},{\"@type\":\"ListItem\",\"position\":3,\"name\":\"22ct Gold Paisley CZ Nose Pin | Elegant Screw Back\"}]},{\"@type\":\"WebSite\",\"@id\":\"https:\\\/\\\/www.purejewels.com\\\/#website\",\"url\":\"https:\\\/\\\/www.purejewels.com\\\/\",\"name\":\"PureJewels UK\",\"description\":\"Share the Love\",\"publisher\":{\"@id\":\"https:\\\/\\\/www.purejewels.com\\\/#organization\"},\"potentialAction\":[{\"@type\":\"SearchAction\",\"target\":{\"@type\":\"EntryPoint\",\"urlTemplate\":\"https:\\\/\\\/www.purejewels.com\\\/?s={search_term_string}\"},\"query-input\":{\"@type\":\"PropertyValueSpecification\",\"valueRequired\":true,\"valueName\":\"search_term_string\"}}],\"inLanguage\":\"tr\"},{\"@type\":\"Organization\",\"@id\":\"https:\\\/\\\/www.purejewels.com\\\/#organization\",\"name\":\"PureJewels UK\",\"url\":\"https:\\\/\\\/www.purejewels.com\\\/\",\"logo\":{\"@type\":\"ImageObject\",\"inLanguage\":\"tr\",\"@id\":\"https:\\\/\\\/www.purejewels.com\\\/#\\\/schema\\\/logo\\\/image\\\/\",\"url\":\"https:\\\/\\\/static.purejewels.com\\\/wp-content\\\/uploads\\\/2020\\\/11\\\/Logo-PJ-New-1.png\",\"contentUrl\":\"https:\\\/\\\/static.purejewels.com\\\/wp-content\\\/uploads\\\/2020\\\/11\\\/Logo-PJ-New-1.png\",\"width\":150,\"height\":80,\"caption\":\"PureJewels UK\"},\"image\":{\"@id\":\"https:\\\/\\\/www.purejewels.com\\\/#\\\/schema\\\/logo\\\/image\\\/\"}}]}<\/script>\n<!-- \/ Yoast SEO plugin. -->","yoast_head_json":{"title":"22 ayar alt\u0131n Paisley CZ burun pimi | PureJewels UK","description":"Paisley deseninden ilham alan k\u0131vr\u0131ml\u0131 ve \u0131\u015f\u0131lt\u0131l\u0131 CZ ta\u015flarla s\u00fcslenmi\u015f zarif 22 ayar alt\u0131n burun pimi. Vidal\u0131 kapama, rahatl\u0131k ve g\u00fcvenli kullan\u0131m sa\u011flar. Zamans\u0131z bir \u00e7ekicilik i\u00e7in tasarlanm\u0131\u015ft\u0131r.","robots":{"index":"index","follow":"follow","max-snippet":"max-snippet:-1","max-image-preview":"max-image-preview:large","max-video-preview":"max-video-preview:-1"},"canonical":"https:\/\/www.purejewels.com\/tr\/urun\/altin-burun-ignesi-uk\/","og_locale":"tr_TR","og_type":"article","og_title":"22ct Gold Paisley CZ Nose Pin | PureJewels UK","og_description":"Graceful 22ct gold nose pin with a paisley-inspired curve and sparkling CZ stones. Screw-back closure ensures comfort and secure wear. Made for timeless charm.","og_url":"https:\/\/www.purejewels.com\/tr\/urun\/altin-burun-ignesi-uk\/","og_site_name":"PureJewels UK","article_modified_time":"2025-11-20T06:16:45+00:00","og_image":[{"width":1000,"height":1000,"url":"https:\/\/www.purejewels.com\/wp-content\/uploads\/2019\/02\/28555c2.jpg","type":"image\/jpeg"}],"twitter_card":"summary_large_image","twitter_misc":{"Tahmini okuma s\u00fcresi":"1 dakika"},"schema":{"@context":"https:\/\/schema.org","@graph":[{"@type":["WebPage","ItemPage"],"@id":"https:\/\/www.purejewels.com\/product\/gold-nose-pin-uk\/","url":"https:\/\/www.purejewels.com\/product\/gold-nose-pin-uk\/","name":"22 ayar alt\u0131n Paisley CZ burun pimi | PureJewels UK","isPartOf":{"@id":"https:\/\/www.purejewels.com\/#website"},"primaryImageOfPage":{"@id":"https:\/\/www.purejewels.com\/product\/gold-nose-pin-uk\/#primaryimage"},"image":{"@id":"https:\/\/www.purejewels.com\/product\/gold-nose-pin-uk\/#primaryimage"},"thumbnailUrl":"https:\/\/static.purejewels.com\/wp-content\/uploads\/2019\/02\/28555c2.jpg","datePublished":"2019-02-18T08:42:57+00:00","dateModified":"2025-11-20T06:16:45+00:00","description":"Paisley deseninden ilham alan k\u0131vr\u0131ml\u0131 ve \u0131\u015f\u0131lt\u0131l\u0131 CZ ta\u015flarla s\u00fcslenmi\u015f zarif 22 ayar alt\u0131n burun pimi. Vidal\u0131 kapama, rahatl\u0131k ve g\u00fcvenli kullan\u0131m sa\u011flar. Zamans\u0131z bir \u00e7ekicilik i\u00e7in tasarlanm\u0131\u015ft\u0131r.","breadcrumb":{"@id":"https:\/\/www.purejewels.com\/product\/gold-nose-pin-uk\/#breadcrumb"},"inLanguage":"tr","potentialAction":[{"@type":"ReadAction","target":["https:\/\/www.purejewels.com\/product\/gold-nose-pin-uk\/"]}]},{"@type":"ImageObject","inLanguage":"tr","@id":"https:\/\/www.purejewels.com\/product\/gold-nose-pin-uk\/#primaryimage","url":"https:\/\/static.purejewels.com\/wp-content\/uploads\/2019\/02\/28555c2.jpg","contentUrl":"https:\/\/static.purejewels.com\/wp-content\/uploads\/2019\/02\/28555c2.jpg","width":1000,"height":1000},{"@type":"BreadcrumbList","@id":"https:\/\/www.purejewels.com\/product\/gold-nose-pin-uk\/#breadcrumb","itemListElement":[{"@type":"ListItem","position":1,"name":"Home","item":"https:\/\/www.purejewels.com\/"},{"@type":"ListItem","position":2,"name":"Shop","item":"https:\/\/www.purejewels.com\/shop\/"},{"@type":"ListItem","position":3,"name":"22ct Gold Paisley CZ Nose Pin | Elegant Screw Back"}]},{"@type":"WebSite","@id":"https:\/\/www.purejewels.com\/#website","url":"https:\/\/www.purejewels.com\/","name":"PureJewels \u0130ngiltere","description":"Sevgiyi Payla\u015f\u0131n","publisher":{"@id":"https:\/\/www.purejewels.com\/#organization"},"potentialAction":[{"@type":"SearchAction","target":{"@type":"EntryPoint","urlTemplate":"https:\/\/www.purejewels.com\/?s={search_term_string}"},"query-input":{"@type":"PropertyValueSpecification","valueRequired":true,"valueName":"search_term_string"}}],"inLanguage":"tr"},{"@type":"Organization","@id":"https:\/\/www.purejewels.com\/#organization","name":"PureJewels \u0130ngiltere","url":"https:\/\/www.purejewels.com\/","logo":{"@type":"ImageObject","inLanguage":"tr","@id":"https:\/\/www.purejewels.com\/#\/schema\/logo\/image\/","url":"https:\/\/static.purejewels.com\/wp-content\/uploads\/2020\/11\/Logo-PJ-New-1.png","contentUrl":"https:\/\/static.purejewels.com\/wp-content\/uploads\/2020\/11\/Logo-PJ-New-1.png","width":150,"height":80,"caption":"PureJewels UK"},"image":{"@id":"https:\/\/www.purejewels.com\/#\/schema\/logo\/image\/"}}]}},"_links":{"self":[{"href":"https:\/\/www.purejewels.com\/tr\/wp-json\/wp\/v2\/product\/309257","targetHints":{"allow":["GET"]}}],"collection":[{"href":"https:\/\/www.purejewels.com\/tr\/wp-json\/wp\/v2\/product"}],"about":[{"href":"https:\/\/www.purejewels.com\/tr\/wp-json\/wp\/v2\/types\/product"}],"replies":[{"embeddable":true,"href":"https:\/\/www.purejewels.com\/tr\/wp-json\/wp\/v2\/comments?post=309257"}],"version-history":[{"count":2,"href":"https:\/\/www.purejewels.com\/tr\/wp-json\/wp\/v2\/product\/309257\/revisions"}],"predecessor-version":[{"id":421495,"href":"https:\/\/www.purejewels.com\/tr\/wp-json\/wp\/v2\/product\/309257\/revisions\/421495"}],"wp:featuredmedia":[{"embeddable":true,"href":"https:\/\/www.purejewels.com\/tr\/wp-json\/wp\/v2\/media\/317896"}],"wp:attachment":[{"href":"https:\/\/www.purejewels.com\/tr\/wp-json\/wp\/v2\/media?parent=309257"}],"wp:term":[{"taxonomy":"product_brand","embeddable":true,"href":"https:\/\/www.purejewels.com\/tr\/wp-json\/wp\/v2\/product_brand?post=309257"},{"taxonomy":"product_cat","embeddable":true,"href":"https:\/\/www.purejewels.com\/tr\/wp-json\/wp\/v2\/product_cat?post=309257"},{"taxonomy":"product_tag","embeddable":true,"href":"https:\/\/www.purejewels.com\/tr\/wp-json\/wp\/v2\/product_tag?post=309257"}],"curies":[{"name":"wp","href":"https:\/\/api.w.org\/{rel}","templated":true}]}}