{"id":309258,"date":"2019-02-18T08:45:16","date_gmt":"2019-02-18T08:45:16","guid":{"rendered":"https:\/\/www.purejewels.com\/?post_type=product&#038;p=309258"},"modified":"2025-12-18T06:35:41","modified_gmt":"2025-12-18T06:35:41","slug":"altin-burun-pimi-uk-28855-c3","status":"publish","type":"product","link":"https:\/\/www.purejewels.com\/tr\/product\/gold-nose-pin-uk-28855-c3\/","title":{"rendered":"22 ayar alt\u0131n geometrik CZ burun pimi, vidal\u0131 arka k\u0131s\u0131m"},"content":{"rendered":"<div class=\"relative basis-auto flex-col -mb-(--composer-overlap-px) [--composer-overlap-px:28px] grow flex\">\n<div class=\"flex flex-col text-sm\">\n<article class=\"text-token-text-primary w-full focus:outline-none [--shadow-height:45px] has-data-writing-block:pointer-events-none has-data-writing-block:-mt-(--shadow-height) has-data-writing-block:pt-(--shadow-height) [&amp;:has([data-writing-block])&gt;*]:pointer-events-auto scroll-mt-[calc(var(--header-height)+min(200px,max(70px,20svh)))]\" dir=\"auto\" tabindex=\"-1\" data-turn-id=\"request-WEB:64ac1710-451f-4bd7-acdc-9e0064376d71-39\" data-testid=\"conversation-turn-80\" data-scroll-anchor=\"true\" data-turn=\"assistant\">\n<div class=\"text-base my-auto mx-auto pb-10 [--thread-content-margin:--spacing(4)] @w-sm\/main:[--thread-content-margin:--spacing(6)] @w-lg\/main:[--thread-content-margin:--spacing(16)] px-(--thread-content-margin)\">\n<div class=\"[--thread-content-max-width:40rem] @w-lg\/main:[--thread-content-max-width:48rem] mx-auto max-w-(--thread-content-max-width) flex-1 group\/turn-messages focus-visible:outline-hidden relative flex w-full min-w-0 flex-col agent-turn\" tabindex=\"-1\">\n<div class=\"flex max-w-full flex-col grow\">\n<div class=\"min-h-8 text-message relative flex w-full flex-col items-end gap-2 text-start break-words whitespace-normal [.text-message+&amp;]:mt-1\" dir=\"auto\" data-message-author-role=\"assistant\" data-message-id=\"9e0f20f2-1a65-48ef-9044-1c84c90f6614\" data-message-model-slug=\"gpt-4o\">\n<div class=\"flex w-full flex-col gap-1 empty:hidden first:pt-[1px]\">\n<div class=\"markdown prose dark:prose-invert w-full break-words light markdown-new-styling\">\n<p data-start=\"564\" data-end=\"900\"><strong data-start=\"564\" data-end=\"582\">Design Concept<\/strong><br data-start=\"582\" data-end=\"585\" \/>Sleek lines meet classic sparkle in this contemporary nose pin, shaped in a stylised geometric motif that echoes both floral and cross-like patterns. With four delicately positioned CZ stones, the design brings symmetry and subtle radiance to the face \u2014 perfect for those who appreciate structure with a soft touch.<\/p>\n<p data-start=\"902\" data-end=\"1290\"><strong data-start=\"902\" data-end=\"919\">Craftsmanship<\/strong><br data-start=\"919\" data-end=\"922\" \/>Meticulously crafted in <a href=\"https:\/\/www.purejewels.com\/tr\/product\/22ct-gold-jali-filigree-ring-jali-collection-31926\/\">22ct<\/a> yellow gold, the nose pin reflects the finesse of traditional Indian jewellery making while embracing a modern design language. The hand-set cubic zirconia stones offer a diamond-like brilliance, while the screw-back mechanism ensures secure, long-term wear. Each facet is polished with precision, creating a smooth and comfortable finish.<\/p>\n<p data-start=\"1292\" data-end=\"1569\"><strong data-start=\"1292\" data-end=\"1309\">Styling Ideas<\/strong><br data-start=\"1309\" data-end=\"1312\" \/>Ideal for daily wear or festive layering, this nose pin adds just the right hint of glamour. Pair it with minimalist studs or gold hoops for a coordinated look. Its structured form makes it a chic complement to both ethnic ensembles and contemporary styles.<\/p>\n<\/div>\n<\/div>\n<\/div>\n<\/div>\n<div class=\"border-token-border-light my-2 flex gap-10 border-t pt-4\">\n<div class=\"flex flex-col items-start gap-1 pe-2\">\n<div class=\"flex flex-1 items-start gap-2\"><\/div>\n<\/div>\n<\/div>\n<\/div>\n<\/div>\n<\/article>\n<\/div>\n<\/div>\n","protected":false},"excerpt":{"rendered":"<p>Modern ve zamans\u0131z olan bu 22 ayar alt\u0131n burun pimi, d\u00f6rt parlak CZ ta\u015fla s\u00fcslenmi\u015f cesur bir geometrik tasar\u0131ma sahiptir. G\u00fcvenli vidal\u0131 arka ba\u011flant\u0131, g\u00fcnl\u00fck \u015f\u0131kl\u0131k i\u00e7in rahatl\u0131k ve g\u00fcven sa\u011flar.<\/p>\n<ul>\n<li>Alt\u0131n Burun \u0130\u011fnesi \u0130ngiltere<\/li>\n<li>CZ Ta\u015fl\u0131 22 Ayar Sar\u0131 Alt\u0131n Burun \u0130\u011fnesi<\/li>\n<li>Vidal\u0131 S\u0131rt ile birlikte gelir<\/li>\n<li>SKU. 28855_C3<\/li>\n<li>G\u00fcnl\u00fck kullan\u0131m i\u00e7in Green Street'te Alt\u0131n Burun Tak\u0131lar\u0131.<\/li>\n<li>Sunum Kutusu ile Birlikte Gelir<\/li>\n<li>\u0130ngiltere Genelinde \u00dccretsiz Teslimat<\/li>\n<li>T\u00fcm fiyatlara KDV dahildir<\/li>\n<li>\"\u00dcr\u00fcn videosu i\u00e7in bizimle ileti\u015fime ge\u00e7in\/canl\u0131 sohbet edin.\"<\/li>\n<\/ul>","protected":false},"featured_media":317895,"comment_status":"closed","ping_status":"closed","template":"","meta":{"_eb_attr":"","_crsspst_to_jayantr4sg-hostcom":false},"product_brand":[],"product_cat":[1711,1574],"product_tag":[],"class_list":{"0":"post-309258","1":"product","2":"type-product","3":"status-publish","4":"has-post-thumbnail","6":"product_cat-gold-nose-studs","7":"product_cat-womens-jewellery","9":"first","10":"outofstock","11":"taxable","12":"shipping-taxable","13":"product-type-simple","14":"add-to-wishlist-before_image"},"yoast_head":"<!-- This site is optimized with the Yoast SEO plugin v27.3 - https:\/\/yoast.com\/product\/yoast-seo-wordpress\/ -->\n<title>Geometric CZ Gold Nose Pin \u2013 22ct with Secure Screw Back<\/title>\n<meta name=\"description\" content=\"Discover our 22ct Gold Geometric Nose Pin, set with four CZ stones and a secure screw back. A perfect fusion of modern design and traditional elegance.\" \/>\n<meta name=\"robots\" content=\"index, follow, max-snippet:-1, max-image-preview:large, max-video-preview:-1\" \/>\n<link rel=\"canonical\" href=\"https:\/\/www.purejewels.com\/tr\/urun\/altin-burun-pimi-uk-28855-c3\/\" \/>\n<meta property=\"og:locale\" content=\"tr_TR\" \/>\n<meta property=\"og:type\" content=\"article\" \/>\n<meta property=\"og:title\" content=\"Geometric CZ Gold Nose Pin \u2013 22ct with Secure Screw Back\" \/>\n<meta property=\"og:description\" content=\"Discover our 22ct Gold Geometric Nose Pin, set with four CZ stones and a secure screw back. A perfect fusion of modern design and traditional elegance.\" \/>\n<meta property=\"og:url\" content=\"https:\/\/www.purejewels.com\/tr\/urun\/altin-burun-pimi-uk-28855-c3\/\" \/>\n<meta property=\"og:site_name\" content=\"PureJewels UK\" \/>\n<meta property=\"article:modified_time\" content=\"2025-12-18T06:35:41+00:00\" \/>\n<meta property=\"og:image\" content=\"https:\/\/static.purejewels.com\/wp-content\/uploads\/2019\/02\/28555c3.jpg\" \/>\n\t<meta property=\"og:image:width\" content=\"1000\" \/>\n\t<meta property=\"og:image:height\" content=\"1000\" \/>\n\t<meta property=\"og:image:type\" content=\"image\/jpeg\" \/>\n<meta name=\"twitter:card\" content=\"summary_large_image\" \/>\n<meta name=\"twitter:label1\" content=\"Tahmini okuma s\u00fcresi\" \/>\n\t<meta name=\"twitter:data1\" content=\"1 dakika\" \/>\n<script type=\"application\/ld+json\" class=\"yoast-schema-graph\">{\"@context\":\"https:\\\/\\\/schema.org\",\"@graph\":[{\"@type\":[\"WebPage\",\"ItemPage\"],\"@id\":\"https:\\\/\\\/www.purejewels.com\\\/product\\\/gold-nose-pin-uk-28855-c3\\\/\",\"url\":\"https:\\\/\\\/www.purejewels.com\\\/product\\\/gold-nose-pin-uk-28855-c3\\\/\",\"name\":\"Geometric CZ Gold Nose Pin \u2013 22ct with Secure Screw Back\",\"isPartOf\":{\"@id\":\"https:\\\/\\\/www.purejewels.com\\\/#website\"},\"primaryImageOfPage\":{\"@id\":\"https:\\\/\\\/www.purejewels.com\\\/product\\\/gold-nose-pin-uk-28855-c3\\\/#primaryimage\"},\"image\":{\"@id\":\"https:\\\/\\\/www.purejewels.com\\\/product\\\/gold-nose-pin-uk-28855-c3\\\/#primaryimage\"},\"thumbnailUrl\":\"https:\\\/\\\/static.purejewels.com\\\/wp-content\\\/uploads\\\/2019\\\/02\\\/28555c3.jpg\",\"datePublished\":\"2019-02-18T08:45:16+00:00\",\"dateModified\":\"2025-12-18T06:35:41+00:00\",\"description\":\"Discover our 22ct Gold Geometric Nose Pin, set with four CZ stones and a secure screw back. A perfect fusion of modern design and traditional elegance.\",\"breadcrumb\":{\"@id\":\"https:\\\/\\\/www.purejewels.com\\\/product\\\/gold-nose-pin-uk-28855-c3\\\/#breadcrumb\"},\"inLanguage\":\"tr\",\"potentialAction\":[{\"@type\":\"ReadAction\",\"target\":[\"https:\\\/\\\/www.purejewels.com\\\/product\\\/gold-nose-pin-uk-28855-c3\\\/\"]}]},{\"@type\":\"ImageObject\",\"inLanguage\":\"tr\",\"@id\":\"https:\\\/\\\/www.purejewels.com\\\/product\\\/gold-nose-pin-uk-28855-c3\\\/#primaryimage\",\"url\":\"https:\\\/\\\/static.purejewels.com\\\/wp-content\\\/uploads\\\/2019\\\/02\\\/28555c3.jpg\",\"contentUrl\":\"https:\\\/\\\/static.purejewels.com\\\/wp-content\\\/uploads\\\/2019\\\/02\\\/28555c3.jpg\",\"width\":1000,\"height\":1000},{\"@type\":\"BreadcrumbList\",\"@id\":\"https:\\\/\\\/www.purejewels.com\\\/product\\\/gold-nose-pin-uk-28855-c3\\\/#breadcrumb\",\"itemListElement\":[{\"@type\":\"ListItem\",\"position\":1,\"name\":\"Home\",\"item\":\"https:\\\/\\\/www.purejewels.com\\\/\"},{\"@type\":\"ListItem\",\"position\":2,\"name\":\"Shop\",\"item\":\"https:\\\/\\\/www.purejewels.com\\\/shop\\\/\"},{\"@type\":\"ListItem\",\"position\":3,\"name\":\"22ct Gold Geometric CZ Nose Pin with Screw Back\"}]},{\"@type\":\"WebSite\",\"@id\":\"https:\\\/\\\/www.purejewels.com\\\/#website\",\"url\":\"https:\\\/\\\/www.purejewels.com\\\/\",\"name\":\"PureJewels UK\",\"description\":\"Share the Love\",\"publisher\":{\"@id\":\"https:\\\/\\\/www.purejewels.com\\\/#organization\"},\"potentialAction\":[{\"@type\":\"SearchAction\",\"target\":{\"@type\":\"EntryPoint\",\"urlTemplate\":\"https:\\\/\\\/www.purejewels.com\\\/?s={search_term_string}\"},\"query-input\":{\"@type\":\"PropertyValueSpecification\",\"valueRequired\":true,\"valueName\":\"search_term_string\"}}],\"inLanguage\":\"tr\"},{\"@type\":\"Organization\",\"@id\":\"https:\\\/\\\/www.purejewels.com\\\/#organization\",\"name\":\"PureJewels UK\",\"url\":\"https:\\\/\\\/www.purejewels.com\\\/\",\"logo\":{\"@type\":\"ImageObject\",\"inLanguage\":\"tr\",\"@id\":\"https:\\\/\\\/www.purejewels.com\\\/#\\\/schema\\\/logo\\\/image\\\/\",\"url\":\"https:\\\/\\\/static.purejewels.com\\\/wp-content\\\/uploads\\\/2020\\\/11\\\/Logo-PJ-New-1.png\",\"contentUrl\":\"https:\\\/\\\/static.purejewels.com\\\/wp-content\\\/uploads\\\/2020\\\/11\\\/Logo-PJ-New-1.png\",\"width\":150,\"height\":80,\"caption\":\"PureJewels UK\"},\"image\":{\"@id\":\"https:\\\/\\\/www.purejewels.com\\\/#\\\/schema\\\/logo\\\/image\\\/\"}}]}<\/script>\n<!-- \/ Yoast SEO plugin. -->","yoast_head_json":{"title":"Geometrik CZ Alt\u0131n Burun Pimi \u2013 22 ayar, G\u00fcvenli Vida Arkal\u0131","description":"D\u00f6rt CZ ta\u015f ve g\u00fcvenli vida arkal\u0131\u011f\u0131 ile tasarlanm\u0131\u015f 22 ayar alt\u0131n geometrik burun pimimizi ke\u015ffedin. Modern tasar\u0131m ve geleneksel zarafetin m\u00fckemmel birle\u015fimi.","robots":{"index":"index","follow":"follow","max-snippet":"max-snippet:-1","max-image-preview":"max-image-preview:large","max-video-preview":"max-video-preview:-1"},"canonical":"https:\/\/www.purejewels.com\/tr\/urun\/altin-burun-pimi-uk-28855-c3\/","og_locale":"tr_TR","og_type":"article","og_title":"Geometric CZ Gold Nose Pin \u2013 22ct with Secure Screw Back","og_description":"Discover our 22ct Gold Geometric Nose Pin, set with four CZ stones and a secure screw back. A perfect fusion of modern design and traditional elegance.","og_url":"https:\/\/www.purejewels.com\/tr\/urun\/altin-burun-pimi-uk-28855-c3\/","og_site_name":"PureJewels UK","article_modified_time":"2025-12-18T06:35:41+00:00","og_image":[{"width":1000,"height":1000,"url":"https:\/\/static.purejewels.com\/wp-content\/uploads\/2019\/02\/28555c3.jpg","type":"image\/jpeg"}],"twitter_card":"summary_large_image","twitter_misc":{"Tahmini okuma s\u00fcresi":"1 dakika"},"schema":{"@context":"https:\/\/schema.org","@graph":[{"@type":["WebPage","ItemPage"],"@id":"https:\/\/www.purejewels.com\/product\/gold-nose-pin-uk-28855-c3\/","url":"https:\/\/www.purejewels.com\/product\/gold-nose-pin-uk-28855-c3\/","name":"Geometrik CZ Alt\u0131n Burun Pimi \u2013 22 ayar, G\u00fcvenli Vida Arkal\u0131","isPartOf":{"@id":"https:\/\/www.purejewels.com\/#website"},"primaryImageOfPage":{"@id":"https:\/\/www.purejewels.com\/product\/gold-nose-pin-uk-28855-c3\/#primaryimage"},"image":{"@id":"https:\/\/www.purejewels.com\/product\/gold-nose-pin-uk-28855-c3\/#primaryimage"},"thumbnailUrl":"https:\/\/static.purejewels.com\/wp-content\/uploads\/2019\/02\/28555c3.jpg","datePublished":"2019-02-18T08:45:16+00:00","dateModified":"2025-12-18T06:35:41+00:00","description":"D\u00f6rt CZ ta\u015f ve g\u00fcvenli vida arkal\u0131\u011f\u0131 ile tasarlanm\u0131\u015f 22 ayar alt\u0131n geometrik burun pimimizi ke\u015ffedin. Modern tasar\u0131m ve geleneksel zarafetin m\u00fckemmel birle\u015fimi.","breadcrumb":{"@id":"https:\/\/www.purejewels.com\/product\/gold-nose-pin-uk-28855-c3\/#breadcrumb"},"inLanguage":"tr","potentialAction":[{"@type":"ReadAction","target":["https:\/\/www.purejewels.com\/product\/gold-nose-pin-uk-28855-c3\/"]}]},{"@type":"ImageObject","inLanguage":"tr","@id":"https:\/\/www.purejewels.com\/product\/gold-nose-pin-uk-28855-c3\/#primaryimage","url":"https:\/\/static.purejewels.com\/wp-content\/uploads\/2019\/02\/28555c3.jpg","contentUrl":"https:\/\/static.purejewels.com\/wp-content\/uploads\/2019\/02\/28555c3.jpg","width":1000,"height":1000},{"@type":"BreadcrumbList","@id":"https:\/\/www.purejewels.com\/product\/gold-nose-pin-uk-28855-c3\/#breadcrumb","itemListElement":[{"@type":"ListItem","position":1,"name":"Home","item":"https:\/\/www.purejewels.com\/"},{"@type":"ListItem","position":2,"name":"Shop","item":"https:\/\/www.purejewels.com\/shop\/"},{"@type":"ListItem","position":3,"name":"22ct Gold Geometric CZ Nose Pin with Screw Back"}]},{"@type":"WebSite","@id":"https:\/\/www.purejewels.com\/#website","url":"https:\/\/www.purejewels.com\/","name":"PureJewels \u0130ngiltere","description":"Sevgiyi Payla\u015f\u0131n","publisher":{"@id":"https:\/\/www.purejewels.com\/#organization"},"potentialAction":[{"@type":"SearchAction","target":{"@type":"EntryPoint","urlTemplate":"https:\/\/www.purejewels.com\/?s={search_term_string}"},"query-input":{"@type":"PropertyValueSpecification","valueRequired":true,"valueName":"search_term_string"}}],"inLanguage":"tr"},{"@type":"Organization","@id":"https:\/\/www.purejewels.com\/#organization","name":"PureJewels \u0130ngiltere","url":"https:\/\/www.purejewels.com\/","logo":{"@type":"ImageObject","inLanguage":"tr","@id":"https:\/\/www.purejewels.com\/#\/schema\/logo\/image\/","url":"https:\/\/static.purejewels.com\/wp-content\/uploads\/2020\/11\/Logo-PJ-New-1.png","contentUrl":"https:\/\/static.purejewels.com\/wp-content\/uploads\/2020\/11\/Logo-PJ-New-1.png","width":150,"height":80,"caption":"PureJewels UK"},"image":{"@id":"https:\/\/www.purejewels.com\/#\/schema\/logo\/image\/"}}]}},"_links":{"self":[{"href":"https:\/\/www.purejewels.com\/tr\/wp-json\/wp\/v2\/product\/309258","targetHints":{"allow":["GET"]}}],"collection":[{"href":"https:\/\/www.purejewels.com\/tr\/wp-json\/wp\/v2\/product"}],"about":[{"href":"https:\/\/www.purejewels.com\/tr\/wp-json\/wp\/v2\/types\/product"}],"replies":[{"embeddable":true,"href":"https:\/\/www.purejewels.com\/tr\/wp-json\/wp\/v2\/comments?post=309258"}],"version-history":[{"count":2,"href":"https:\/\/www.purejewels.com\/tr\/wp-json\/wp\/v2\/product\/309258\/revisions"}],"predecessor-version":[{"id":423379,"href":"https:\/\/www.purejewels.com\/tr\/wp-json\/wp\/v2\/product\/309258\/revisions\/423379"}],"wp:featuredmedia":[{"embeddable":true,"href":"https:\/\/www.purejewels.com\/tr\/wp-json\/wp\/v2\/media\/317895"}],"wp:attachment":[{"href":"https:\/\/www.purejewels.com\/tr\/wp-json\/wp\/v2\/media?parent=309258"}],"wp:term":[{"taxonomy":"product_brand","embeddable":true,"href":"https:\/\/www.purejewels.com\/tr\/wp-json\/wp\/v2\/product_brand?post=309258"},{"taxonomy":"product_cat","embeddable":true,"href":"https:\/\/www.purejewels.com\/tr\/wp-json\/wp\/v2\/product_cat?post=309258"},{"taxonomy":"product_tag","embeddable":true,"href":"https:\/\/www.purejewels.com\/tr\/wp-json\/wp\/v2\/product_tag?post=309258"}],"curies":[{"name":"wp","href":"https:\/\/api.w.org\/{rel}","templated":true}]}}