{"id":309259,"date":"2019-02-18T08:47:15","date_gmt":"2019-02-18T08:47:15","guid":{"rendered":"https:\/\/www.purejewels.com\/?post_type=product&#038;p=309259"},"modified":"2025-12-18T06:09:35","modified_gmt":"2025-12-18T06:09:35","slug":"altin-burun-pimi-uk-28855-c4","status":"publish","type":"product","link":"https:\/\/www.purejewels.com\/tr\/product\/gold-nose-pin-uk-28855-c4\/","title":{"rendered":"22 ayar alt\u0131n \u00e7i\u00e7ek desenli CZ burun pimi, vidal\u0131 arka k\u0131s\u0131m"},"content":{"rendered":"<p data-start=\"570\" data-end=\"908\"><strong data-start=\"570\" data-end=\"588\">Tasar\u0131m Konsepti<\/strong><br data-start=\"588\" data-end=\"591\" \/>Do\u011fan\u0131n nazik g\u00fczelli\u011finden ilham alan bu burun pimi, \u0131\u015f\u0131lt\u0131l\u0131 k\u00fcbik zirkonya ile s\u00fcslenmi\u015f minik bir \u00e7i\u00e7ek motifine sahiptir. Tasar\u0131m\u0131n yumu\u015fak k\u0131vr\u0131m\u0131 burnu g\u00fczelle\u015ftirirken, k\u00fcmelenmi\u015f ayarlar\u0131 ise ince bir \u0131\u015f\u0131lt\u0131 katar. Sembolik bir \u00e7i\u00e7ek ya da sadece bir stil ifadesi olarak, bu par\u00e7a kad\u0131ns\u0131 zarafeti yans\u0131t\u0131yor.<\/p>\n<p data-start=\"910\" data-end=\"1269\"><strong data-start=\"910\" data-end=\"927\">Zanaatkarl\u0131k<\/strong><br data-start=\"927\" data-end=\"930\" \/>Saf 22 ayar sar\u0131 alt\u0131ndan el i\u015f\u00e7ili\u011fi ile \u00fcretilen bu bro\u015f, elmaslar\u0131n parlakl\u0131\u011f\u0131n\u0131 taklit eden \u00f6zenle yerle\u015ftirilmi\u015f CZ ta\u015flarla s\u00fcslenmi\u015ftir. G\u00fcvenli vidal\u0131 kapama mekanizmas\u0131, bro\u015fun yerinde sabit kalmas\u0131n\u0131 sa\u011flayarak hem \u015f\u0131kl\u0131k hem de rahatl\u0131k sunar. \u00c7i\u00e7e\u011fin \u015fekli ve cilal\u0131 y\u00fczeyi gibi her ayr\u0131nt\u0131, nesiller boyu aktar\u0131lan ustaca sanat becerisini yans\u0131tmaktad\u0131r.<\/p>\n<p data-start=\"1271\" data-end=\"1534\"><strong data-start=\"1271\" data-end=\"1288\">Stil Fikirleri<\/strong><br data-start=\"1288\" data-end=\"1291\" \/>Klasik, minimalist bir g\u00f6r\u00fcn\u00fcm i\u00e7in tek ba\u015f\u0131na tak\u0131n veya uyumlu bir kombin i\u00e7in k\u00fc\u00e7\u00fck alt\u0131n k\u00fcpelerle birlikte tak\u0131n. D\u00fc\u011f\u00fcnler, festivaller veya g\u00fcnl\u00fck geleneksel giyim i\u00e7in harika bir se\u00e7imdir \u2014 her stile yumu\u015fak ama kendinden emin bir \u0131\u015f\u0131lt\u0131 katar.<\/p>","protected":false},"excerpt":{"rendered":"<p>Zamans\u0131z bir \u00e7ekicili\u011fi yans\u0131tan bu 22 ayar alt\u0131n \u00e7i\u00e7ek burun pimi, narin \u00e7i\u00e7ek siluetine yerle\u015ftirilmi\u015f \u0131\u015f\u0131lt\u0131l\u0131 CZ ta\u015flarla s\u00fcslenmi\u015ftir. G\u00fcvenli vida arkal\u0131\u011f\u0131yla tasarlanan bu \u00fcr\u00fcn, g\u00fcnl\u00fck \u015f\u0131kl\u0131k ve uzun s\u00fcreli rahatl\u0131k i\u00e7in idealdir.<\/p>\n<ul>\n<li>Alt\u0131n Burun \u0130\u011fnesi \u0130ngiltere<\/li>\n<li>CZ Ta\u015fl\u0131 22 Ayar Sar\u0131 Alt\u0131n Burun \u0130\u011fnesi<\/li>\n<li>Vidal\u0131 S\u0131rt ile birlikte gelir<\/li>\n<li>SKU.  28855_C4<\/li>\n<li>G\u00fcnl\u00fck kullan\u0131m i\u00e7in Green Street'te Alt\u0131n Burun Tak\u0131lar\u0131.<\/li>\n<li>Sunum Kutusu ile Birlikte Gelir<\/li>\n<li>\u0130ngiltere Genelinde \u00dccretsiz Teslimat<\/li>\n<li>T\u00fcm fiyatlara KDV dahildir<\/li>\n<li>\"\u00dcr\u00fcn videosu i\u00e7in bizimle ileti\u015fime ge\u00e7in\/canl\u0131 sohbet edin.\"<\/li>\n<\/ul>","protected":false},"featured_media":317894,"comment_status":"closed","ping_status":"closed","template":"","meta":{"_eb_attr":"","_crsspst_to_jayantr4sg-hostcom":false},"product_brand":[],"product_cat":[1711,1574],"product_tag":[],"class_list":{"0":"post-309259","1":"product","2":"type-product","3":"status-publish","4":"has-post-thumbnail","6":"product_cat-gold-nose-studs","7":"product_cat-womens-jewellery","9":"first","10":"outofstock","11":"taxable","12":"shipping-taxable","13":"product-type-simple","14":"add-to-wishlist-before_image"},"yoast_head":"<!-- This site is optimized with the Yoast SEO plugin v27.3 - https:\/\/yoast.com\/product\/yoast-seo-wordpress\/ -->\n<title>22ct Gold CZ Nose Pin \u2013 Floral Design with Secure Fit<\/title>\n<meta name=\"description\" content=\"Discover our 22ct Gold Floral Nose Pin with CZ stones and screw back. Handcrafted for secure daily wear with a delicate flower-inspired sparkle.\" \/>\n<meta name=\"robots\" content=\"index, follow, max-snippet:-1, max-image-preview:large, max-video-preview:-1\" \/>\n<link rel=\"canonical\" href=\"https:\/\/www.purejewels.com\/tr\/urun\/altin-burun-pimi-uk-28855-c4\/\" \/>\n<meta property=\"og:locale\" content=\"tr_TR\" \/>\n<meta property=\"og:type\" content=\"article\" \/>\n<meta property=\"og:title\" content=\"22ct Gold CZ Nose Pin \u2013 Floral Design with Secure Fit\" \/>\n<meta property=\"og:description\" content=\"Discover our 22ct Gold Floral Nose Pin with CZ stones and screw back. Handcrafted for secure daily wear with a delicate flower-inspired sparkle.\" \/>\n<meta property=\"og:url\" content=\"https:\/\/www.purejewels.com\/tr\/urun\/altin-burun-pimi-uk-28855-c4\/\" \/>\n<meta property=\"og:site_name\" content=\"PureJewels UK\" \/>\n<meta property=\"article:modified_time\" content=\"2025-12-18T06:09:35+00:00\" \/>\n<meta property=\"og:image\" content=\"https:\/\/static.purejewels.com\/wp-content\/uploads\/2019\/02\/28555c4.jpg\" \/>\n\t<meta property=\"og:image:width\" content=\"1000\" \/>\n\t<meta property=\"og:image:height\" content=\"1000\" \/>\n\t<meta property=\"og:image:type\" content=\"image\/jpeg\" \/>\n<meta name=\"twitter:card\" content=\"summary_large_image\" \/>\n<meta name=\"twitter:label1\" content=\"Tahmini okuma s\u00fcresi\" \/>\n\t<meta name=\"twitter:data1\" content=\"1 dakika\" \/>\n<script type=\"application\/ld+json\" class=\"yoast-schema-graph\">{\"@context\":\"https:\\\/\\\/schema.org\",\"@graph\":[{\"@type\":[\"WebPage\",\"ItemPage\"],\"@id\":\"https:\\\/\\\/www.purejewels.com\\\/product\\\/gold-nose-pin-uk-28855-c4\\\/\",\"url\":\"https:\\\/\\\/www.purejewels.com\\\/product\\\/gold-nose-pin-uk-28855-c4\\\/\",\"name\":\"22ct Gold CZ Nose Pin \u2013 Floral Design with Secure Fit\",\"isPartOf\":{\"@id\":\"https:\\\/\\\/www.purejewels.com\\\/#website\"},\"primaryImageOfPage\":{\"@id\":\"https:\\\/\\\/www.purejewels.com\\\/product\\\/gold-nose-pin-uk-28855-c4\\\/#primaryimage\"},\"image\":{\"@id\":\"https:\\\/\\\/www.purejewels.com\\\/product\\\/gold-nose-pin-uk-28855-c4\\\/#primaryimage\"},\"thumbnailUrl\":\"https:\\\/\\\/static.purejewels.com\\\/wp-content\\\/uploads\\\/2019\\\/02\\\/28555c4.jpg\",\"datePublished\":\"2019-02-18T08:47:15+00:00\",\"dateModified\":\"2025-12-18T06:09:35+00:00\",\"description\":\"Discover our 22ct Gold Floral Nose Pin with CZ stones and screw back. Handcrafted for secure daily wear with a delicate flower-inspired sparkle.\",\"breadcrumb\":{\"@id\":\"https:\\\/\\\/www.purejewels.com\\\/product\\\/gold-nose-pin-uk-28855-c4\\\/#breadcrumb\"},\"inLanguage\":\"tr\",\"potentialAction\":[{\"@type\":\"ReadAction\",\"target\":[\"https:\\\/\\\/www.purejewels.com\\\/product\\\/gold-nose-pin-uk-28855-c4\\\/\"]}]},{\"@type\":\"ImageObject\",\"inLanguage\":\"tr\",\"@id\":\"https:\\\/\\\/www.purejewels.com\\\/product\\\/gold-nose-pin-uk-28855-c4\\\/#primaryimage\",\"url\":\"https:\\\/\\\/static.purejewels.com\\\/wp-content\\\/uploads\\\/2019\\\/02\\\/28555c4.jpg\",\"contentUrl\":\"https:\\\/\\\/static.purejewels.com\\\/wp-content\\\/uploads\\\/2019\\\/02\\\/28555c4.jpg\",\"width\":1000,\"height\":1000},{\"@type\":\"BreadcrumbList\",\"@id\":\"https:\\\/\\\/www.purejewels.com\\\/product\\\/gold-nose-pin-uk-28855-c4\\\/#breadcrumb\",\"itemListElement\":[{\"@type\":\"ListItem\",\"position\":1,\"name\":\"Home\",\"item\":\"https:\\\/\\\/www.purejewels.com\\\/\"},{\"@type\":\"ListItem\",\"position\":2,\"name\":\"Shop\",\"item\":\"https:\\\/\\\/www.purejewels.com\\\/shop\\\/\"},{\"@type\":\"ListItem\",\"position\":3,\"name\":\"22ct Gold Floral CZ Nose Pin with Screw Back\"}]},{\"@type\":\"WebSite\",\"@id\":\"https:\\\/\\\/www.purejewels.com\\\/#website\",\"url\":\"https:\\\/\\\/www.purejewels.com\\\/\",\"name\":\"PureJewels UK\",\"description\":\"Share the Love\",\"publisher\":{\"@id\":\"https:\\\/\\\/www.purejewels.com\\\/#organization\"},\"potentialAction\":[{\"@type\":\"SearchAction\",\"target\":{\"@type\":\"EntryPoint\",\"urlTemplate\":\"https:\\\/\\\/www.purejewels.com\\\/?s={search_term_string}\"},\"query-input\":{\"@type\":\"PropertyValueSpecification\",\"valueRequired\":true,\"valueName\":\"search_term_string\"}}],\"inLanguage\":\"tr\"},{\"@type\":\"Organization\",\"@id\":\"https:\\\/\\\/www.purejewels.com\\\/#organization\",\"name\":\"PureJewels UK\",\"url\":\"https:\\\/\\\/www.purejewels.com\\\/\",\"logo\":{\"@type\":\"ImageObject\",\"inLanguage\":\"tr\",\"@id\":\"https:\\\/\\\/www.purejewels.com\\\/#\\\/schema\\\/logo\\\/image\\\/\",\"url\":\"https:\\\/\\\/static.purejewels.com\\\/wp-content\\\/uploads\\\/2020\\\/11\\\/Logo-PJ-New-1.png\",\"contentUrl\":\"https:\\\/\\\/static.purejewels.com\\\/wp-content\\\/uploads\\\/2020\\\/11\\\/Logo-PJ-New-1.png\",\"width\":150,\"height\":80,\"caption\":\"PureJewels UK\"},\"image\":{\"@id\":\"https:\\\/\\\/www.purejewels.com\\\/#\\\/schema\\\/logo\\\/image\\\/\"}}]}<\/script>\n<!-- \/ Yoast SEO plugin. -->","yoast_head_json":{"title":"22 ayar alt\u0131n CZ burun pimi \u2013 G\u00fcvenli oturan \u00e7i\u00e7ek desenli tasar\u0131m","description":"CZ ta\u015fl\u0131 ve vidal\u0131 arka k\u0131sm\u0131 olan 22 ayar alt\u0131n \u00e7i\u00e7ek burun pimimizi ke\u015ffedin. G\u00fcnl\u00fck kullan\u0131m i\u00e7in g\u00fcvenli bir \u015fekilde el yap\u0131m\u0131, narin \u00e7i\u00e7eklerden ilham alan \u0131\u015f\u0131lt\u0131l\u0131 bir tasar\u0131m.","robots":{"index":"index","follow":"follow","max-snippet":"max-snippet:-1","max-image-preview":"max-image-preview:large","max-video-preview":"max-video-preview:-1"},"canonical":"https:\/\/www.purejewels.com\/tr\/urun\/altin-burun-pimi-uk-28855-c4\/","og_locale":"tr_TR","og_type":"article","og_title":"22ct Gold CZ Nose Pin \u2013 Floral Design with Secure Fit","og_description":"Discover our 22ct Gold Floral Nose Pin with CZ stones and screw back. Handcrafted for secure daily wear with a delicate flower-inspired sparkle.","og_url":"https:\/\/www.purejewels.com\/tr\/urun\/altin-burun-pimi-uk-28855-c4\/","og_site_name":"PureJewels UK","article_modified_time":"2025-12-18T06:09:35+00:00","og_image":[{"width":1000,"height":1000,"url":"https:\/\/static.purejewels.com\/wp-content\/uploads\/2019\/02\/28555c4.jpg","type":"image\/jpeg"}],"twitter_card":"summary_large_image","twitter_misc":{"Tahmini okuma s\u00fcresi":"1 dakika"},"schema":{"@context":"https:\/\/schema.org","@graph":[{"@type":["WebPage","ItemPage"],"@id":"https:\/\/www.purejewels.com\/product\/gold-nose-pin-uk-28855-c4\/","url":"https:\/\/www.purejewels.com\/product\/gold-nose-pin-uk-28855-c4\/","name":"22 ayar alt\u0131n CZ burun pimi \u2013 G\u00fcvenli oturan \u00e7i\u00e7ek desenli tasar\u0131m","isPartOf":{"@id":"https:\/\/www.purejewels.com\/#website"},"primaryImageOfPage":{"@id":"https:\/\/www.purejewels.com\/product\/gold-nose-pin-uk-28855-c4\/#primaryimage"},"image":{"@id":"https:\/\/www.purejewels.com\/product\/gold-nose-pin-uk-28855-c4\/#primaryimage"},"thumbnailUrl":"https:\/\/static.purejewels.com\/wp-content\/uploads\/2019\/02\/28555c4.jpg","datePublished":"2019-02-18T08:47:15+00:00","dateModified":"2025-12-18T06:09:35+00:00","description":"CZ ta\u015fl\u0131 ve vidal\u0131 arka k\u0131sm\u0131 olan 22 ayar alt\u0131n \u00e7i\u00e7ek burun pimimizi ke\u015ffedin. G\u00fcnl\u00fck kullan\u0131m i\u00e7in g\u00fcvenli bir \u015fekilde el yap\u0131m\u0131, narin \u00e7i\u00e7eklerden ilham alan \u0131\u015f\u0131lt\u0131l\u0131 bir tasar\u0131m.","breadcrumb":{"@id":"https:\/\/www.purejewels.com\/product\/gold-nose-pin-uk-28855-c4\/#breadcrumb"},"inLanguage":"tr","potentialAction":[{"@type":"ReadAction","target":["https:\/\/www.purejewels.com\/product\/gold-nose-pin-uk-28855-c4\/"]}]},{"@type":"ImageObject","inLanguage":"tr","@id":"https:\/\/www.purejewels.com\/product\/gold-nose-pin-uk-28855-c4\/#primaryimage","url":"https:\/\/static.purejewels.com\/wp-content\/uploads\/2019\/02\/28555c4.jpg","contentUrl":"https:\/\/static.purejewels.com\/wp-content\/uploads\/2019\/02\/28555c4.jpg","width":1000,"height":1000},{"@type":"BreadcrumbList","@id":"https:\/\/www.purejewels.com\/product\/gold-nose-pin-uk-28855-c4\/#breadcrumb","itemListElement":[{"@type":"ListItem","position":1,"name":"Home","item":"https:\/\/www.purejewels.com\/"},{"@type":"ListItem","position":2,"name":"Shop","item":"https:\/\/www.purejewels.com\/shop\/"},{"@type":"ListItem","position":3,"name":"22ct Gold Floral CZ Nose Pin with Screw Back"}]},{"@type":"WebSite","@id":"https:\/\/www.purejewels.com\/#website","url":"https:\/\/www.purejewels.com\/","name":"PureJewels \u0130ngiltere","description":"Sevgiyi Payla\u015f\u0131n","publisher":{"@id":"https:\/\/www.purejewels.com\/#organization"},"potentialAction":[{"@type":"SearchAction","target":{"@type":"EntryPoint","urlTemplate":"https:\/\/www.purejewels.com\/?s={search_term_string}"},"query-input":{"@type":"PropertyValueSpecification","valueRequired":true,"valueName":"search_term_string"}}],"inLanguage":"tr"},{"@type":"Organization","@id":"https:\/\/www.purejewels.com\/#organization","name":"PureJewels \u0130ngiltere","url":"https:\/\/www.purejewels.com\/","logo":{"@type":"ImageObject","inLanguage":"tr","@id":"https:\/\/www.purejewels.com\/#\/schema\/logo\/image\/","url":"https:\/\/static.purejewels.com\/wp-content\/uploads\/2020\/11\/Logo-PJ-New-1.png","contentUrl":"https:\/\/static.purejewels.com\/wp-content\/uploads\/2020\/11\/Logo-PJ-New-1.png","width":150,"height":80,"caption":"PureJewels UK"},"image":{"@id":"https:\/\/www.purejewels.com\/#\/schema\/logo\/image\/"}}]}},"_links":{"self":[{"href":"https:\/\/www.purejewels.com\/tr\/wp-json\/wp\/v2\/product\/309259","targetHints":{"allow":["GET"]}}],"collection":[{"href":"https:\/\/www.purejewels.com\/tr\/wp-json\/wp\/v2\/product"}],"about":[{"href":"https:\/\/www.purejewels.com\/tr\/wp-json\/wp\/v2\/types\/product"}],"replies":[{"embeddable":true,"href":"https:\/\/www.purejewels.com\/tr\/wp-json\/wp\/v2\/comments?post=309259"}],"version-history":[{"count":2,"href":"https:\/\/www.purejewels.com\/tr\/wp-json\/wp\/v2\/product\/309259\/revisions"}],"predecessor-version":[{"id":423377,"href":"https:\/\/www.purejewels.com\/tr\/wp-json\/wp\/v2\/product\/309259\/revisions\/423377"}],"wp:featuredmedia":[{"embeddable":true,"href":"https:\/\/www.purejewels.com\/tr\/wp-json\/wp\/v2\/media\/317894"}],"wp:attachment":[{"href":"https:\/\/www.purejewels.com\/tr\/wp-json\/wp\/v2\/media?parent=309259"}],"wp:term":[{"taxonomy":"product_brand","embeddable":true,"href":"https:\/\/www.purejewels.com\/tr\/wp-json\/wp\/v2\/product_brand?post=309259"},{"taxonomy":"product_cat","embeddable":true,"href":"https:\/\/www.purejewels.com\/tr\/wp-json\/wp\/v2\/product_cat?post=309259"},{"taxonomy":"product_tag","embeddable":true,"href":"https:\/\/www.purejewels.com\/tr\/wp-json\/wp\/v2\/product_tag?post=309259"}],"curies":[{"name":"wp","href":"https:\/\/api.w.org\/{rel}","templated":true}]}}