{"id":309260,"date":"2019-02-18T08:40:32","date_gmt":"2019-02-18T08:40:32","guid":{"rendered":"https:\/\/www.purejewels.com\/?post_type=product&#038;p=309260"},"modified":"2025-11-19T11:18:56","modified_gmt":"2025-11-19T11:18:56","slug":"hint-altin-burun-civisi-uk-4","status":"publish","type":"product","link":"https:\/\/www.purejewels.com\/tr\/product\/indian-gold-nose-stud-uk-4\/","title":{"rendered":"\u00c7i\u00e7ek Desenli Vida Arkal\u0131 Burun Piercingi \u2013 22 ayar alt\u0131n"},"content":{"rendered":"<p data-start=\"495\" data-end=\"745\">Parlak kuma\u015ftan \u00fcretilmi\u015ftir <a href=\"https:\/\/www.purejewels.com\/tr\/product\/22ct-gold-jali-filigree-ring-jali-collection-31926\/\">22ct<\/a> sar\u0131 alt\u0131n, bu <strong data-start=\"537\" data-end=\"557\">\u00c7i\u00e7ek Burun Piercingi<\/strong> Zamans\u0131z alt\u0131 ta\u015fl\u0131 k\u00fcbik zirkonya k\u00fcmesi, zarif \u00e7i\u00e7ek motifiyle sergileniyor. Zarif \u0131\u015f\u0131lt\u0131s\u0131 ve dengeli oranlar\u0131, hem g\u00fcnl\u00fck \u015f\u0131kl\u0131k hem de \u00f6zel g\u00fcnler i\u00e7in ideal bir se\u00e7imdir.<\/p>\n<p data-start=\"747\" data-end=\"1012\">G\u00fcvenli vidal\u0131 arka k\u0131sm\u0131 ile tasarlanan bu par\u00e7a, rahatl\u0131k ve uzun \u00f6m\u00fcrl\u00fcl\u00fck sa\u011flar. G\u00fcn boyu yerinde sabit kalacak \u015fekilde tasarlanm\u0131\u015ft\u0131r. D\u00fc\u015f\u00fcnceli bir hediye veya ki\u015fisel bir zevk olarak, PureJewels'in zanaatkarl\u0131k miras\u0131n\u0131 yans\u0131tan zamans\u0131z bir par\u00e7ad\u0131r.<\/p>","protected":false},"excerpt":{"rendered":"<ul>\n<li>Hint Alt\u0131n Burun Saplamas\u0131 \u0130ngiltere<\/li>\n<li>22 Ayar Sar\u0131 Alt\u0131ndan CZ Ta\u015fl\u0131 Burun Saplamas\u0131<\/li>\n<li>Vidal\u0131 S\u0131rt ile birlikte gelir<\/li>\n<li>SKU. 28855_C5<\/li>\n<li>Green Street'te g\u00fcnl\u00fck kullan\u0131m i\u00e7in Burun Tak\u0131lar\u0131<\/li>\n<li>Sunum Kutusu ile Birlikte Gelir<\/li>\n<li>\u0130ngiltere Genelinde \u00dccretsiz Teslimat<\/li>\n<li>T\u00fcm fiyatlara KDV dahildir<\/li>\n<li>\"\u00dcr\u00fcn videosu i\u00e7in bizimle ileti\u015fime ge\u00e7in\/canl\u0131 sohbet edin.\"<\/li>\n<\/ul>","protected":false},"featured_media":317897,"comment_status":"closed","ping_status":"closed","template":"","meta":{"_eb_attr":"","_crsspst_to_jayantr4sg-hostcom":false},"product_brand":[],"product_cat":[1711],"product_tag":[],"class_list":{"0":"post-309260","1":"product","2":"type-product","3":"status-publish","4":"has-post-thumbnail","6":"product_cat-gold-nose-studs","8":"first","9":"outofstock","10":"taxable","11":"shipping-taxable","12":"product-type-simple","13":"add-to-wishlist-before_image"},"yoast_head":"<!-- This site is optimized with the Yoast SEO plugin v27.5 - https:\/\/yoast.com\/product\/yoast-seo-wordpress\/ -->\n<title>Floral Screw Back Nose Stud \u2013 22ct Gold | PureJewels UK<\/title>\n<meta name=\"description\" content=\"Discover elegance with this 22ct Gold Floral Screw Back Nose Stud. Featuring a cluster of sparkling CZ stones, crafted for secure, everyday wear.\" \/>\n<meta name=\"robots\" content=\"index, follow, max-snippet:-1, max-image-preview:large, max-video-preview:-1\" \/>\n<link rel=\"canonical\" href=\"https:\/\/www.purejewels.com\/tr\/urun\/hint-altin-burun-civisi-uk-4\/\" \/>\n<meta property=\"og:locale\" content=\"tr_TR\" \/>\n<meta property=\"og:type\" content=\"article\" \/>\n<meta property=\"og:title\" content=\"Floral Screw Back Nose Stud \u2013 22ct Gold | PureJewels UK\" \/>\n<meta property=\"og:description\" content=\"Discover elegance with this 22ct Gold Floral Screw Back Nose Stud. Featuring a cluster of sparkling CZ stones, crafted for secure, everyday wear.\" \/>\n<meta property=\"og:url\" content=\"https:\/\/www.purejewels.com\/tr\/urun\/hint-altin-burun-civisi-uk-4\/\" \/>\n<meta property=\"og:site_name\" content=\"PureJewels UK\" \/>\n<meta property=\"article:modified_time\" content=\"2025-11-19T11:18:56+00:00\" \/>\n<meta property=\"og:image\" content=\"https:\/\/www.purejewels.com\/wp-content\/uploads\/2019\/02\/28555c5.jpg\" \/>\n\t<meta property=\"og:image:width\" content=\"1000\" \/>\n\t<meta property=\"og:image:height\" content=\"1000\" \/>\n\t<meta property=\"og:image:type\" content=\"image\/jpeg\" \/>\n<meta name=\"twitter:card\" content=\"summary_large_image\" \/>\n<meta name=\"twitter:label1\" content=\"Tahmini okuma s\u00fcresi\" \/>\n\t<meta name=\"twitter:data1\" content=\"1 dakika\" \/>\n<script type=\"application\/ld+json\" class=\"yoast-schema-graph\">{\"@context\":\"https:\\\/\\\/schema.org\",\"@graph\":[{\"@type\":[\"WebPage\",\"ItemPage\"],\"@id\":\"https:\\\/\\\/www.purejewels.com\\\/product\\\/indian-gold-nose-stud-uk-4\\\/\",\"url\":\"https:\\\/\\\/www.purejewels.com\\\/product\\\/indian-gold-nose-stud-uk-4\\\/\",\"name\":\"Floral Screw Back Nose Stud \u2013 22ct Gold | PureJewels UK\",\"isPartOf\":{\"@id\":\"https:\\\/\\\/www.purejewels.com\\\/#website\"},\"primaryImageOfPage\":{\"@id\":\"https:\\\/\\\/www.purejewels.com\\\/product\\\/indian-gold-nose-stud-uk-4\\\/#primaryimage\"},\"image\":{\"@id\":\"https:\\\/\\\/www.purejewels.com\\\/product\\\/indian-gold-nose-stud-uk-4\\\/#primaryimage\"},\"thumbnailUrl\":\"https:\\\/\\\/static.purejewels.com\\\/wp-content\\\/uploads\\\/2019\\\/02\\\/28555c5.jpg\",\"datePublished\":\"2019-02-18T08:40:32+00:00\",\"dateModified\":\"2025-11-19T11:18:56+00:00\",\"description\":\"Discover elegance with this 22ct Gold Floral Screw Back Nose Stud. Featuring a cluster of sparkling CZ stones, crafted for secure, everyday wear.\",\"breadcrumb\":{\"@id\":\"https:\\\/\\\/www.purejewels.com\\\/product\\\/indian-gold-nose-stud-uk-4\\\/#breadcrumb\"},\"inLanguage\":\"tr\",\"potentialAction\":[{\"@type\":\"ReadAction\",\"target\":[\"https:\\\/\\\/www.purejewels.com\\\/product\\\/indian-gold-nose-stud-uk-4\\\/\"]}]},{\"@type\":\"ImageObject\",\"inLanguage\":\"tr\",\"@id\":\"https:\\\/\\\/www.purejewels.com\\\/product\\\/indian-gold-nose-stud-uk-4\\\/#primaryimage\",\"url\":\"https:\\\/\\\/static.purejewels.com\\\/wp-content\\\/uploads\\\/2019\\\/02\\\/28555c5.jpg\",\"contentUrl\":\"https:\\\/\\\/static.purejewels.com\\\/wp-content\\\/uploads\\\/2019\\\/02\\\/28555c5.jpg\",\"width\":1000,\"height\":1000},{\"@type\":\"BreadcrumbList\",\"@id\":\"https:\\\/\\\/www.purejewels.com\\\/product\\\/indian-gold-nose-stud-uk-4\\\/#breadcrumb\",\"itemListElement\":[{\"@type\":\"ListItem\",\"position\":1,\"name\":\"Home\",\"item\":\"https:\\\/\\\/www.purejewels.com\\\/\"},{\"@type\":\"ListItem\",\"position\":2,\"name\":\"Shop\",\"item\":\"https:\\\/\\\/www.purejewels.com\\\/shop\\\/\"},{\"@type\":\"ListItem\",\"position\":3,\"name\":\"Floral Screw Back Nose Stud \u2013 22ct Gold\"}]},{\"@type\":\"WebSite\",\"@id\":\"https:\\\/\\\/www.purejewels.com\\\/#website\",\"url\":\"https:\\\/\\\/www.purejewels.com\\\/\",\"name\":\"PureJewels UK\",\"description\":\"Share the Love\",\"publisher\":{\"@id\":\"https:\\\/\\\/www.purejewels.com\\\/#organization\"},\"potentialAction\":[{\"@type\":\"SearchAction\",\"target\":{\"@type\":\"EntryPoint\",\"urlTemplate\":\"https:\\\/\\\/www.purejewels.com\\\/?s={search_term_string}\"},\"query-input\":{\"@type\":\"PropertyValueSpecification\",\"valueRequired\":true,\"valueName\":\"search_term_string\"}}],\"inLanguage\":\"tr\"},{\"@type\":\"Organization\",\"@id\":\"https:\\\/\\\/www.purejewels.com\\\/#organization\",\"name\":\"PureJewels UK\",\"url\":\"https:\\\/\\\/www.purejewels.com\\\/\",\"logo\":{\"@type\":\"ImageObject\",\"inLanguage\":\"tr\",\"@id\":\"https:\\\/\\\/www.purejewels.com\\\/#\\\/schema\\\/logo\\\/image\\\/\",\"url\":\"https:\\\/\\\/static.purejewels.com\\\/wp-content\\\/uploads\\\/2020\\\/11\\\/Logo-PJ-New-1.png\",\"contentUrl\":\"https:\\\/\\\/static.purejewels.com\\\/wp-content\\\/uploads\\\/2020\\\/11\\\/Logo-PJ-New-1.png\",\"width\":150,\"height\":80,\"caption\":\"PureJewels UK\"},\"image\":{\"@id\":\"https:\\\/\\\/www.purejewels.com\\\/#\\\/schema\\\/logo\\\/image\\\/\"}}]}<\/script>\n<!-- \/ Yoast SEO plugin. -->","yoast_head_json":{"title":"\u00c7i\u00e7ek Desenli Vida Arkal\u0131 Burun Piercingi \u2013 22 ayar alt\u0131n | PureJewels UK","description":"Bu 22 ayar alt\u0131n \u00e7i\u00e7ek desenli vidal\u0131 burun piercingiyle zarafeti ke\u015ffedin. G\u00fcvenli ve g\u00fcnl\u00fck kullan\u0131m i\u00e7in tasarlanm\u0131\u015f, \u0131\u015f\u0131lt\u0131l\u0131 CZ ta\u015flardan olu\u015fan bir k\u00fcme ile s\u00fcslenmi\u015ftir.","robots":{"index":"index","follow":"follow","max-snippet":"max-snippet:-1","max-image-preview":"max-image-preview:large","max-video-preview":"max-video-preview:-1"},"canonical":"https:\/\/www.purejewels.com\/tr\/urun\/hint-altin-burun-civisi-uk-4\/","og_locale":"tr_TR","og_type":"article","og_title":"Floral Screw Back Nose Stud \u2013 22ct Gold | PureJewels UK","og_description":"Discover elegance with this 22ct Gold Floral Screw Back Nose Stud. Featuring a cluster of sparkling CZ stones, crafted for secure, everyday wear.","og_url":"https:\/\/www.purejewels.com\/tr\/urun\/hint-altin-burun-civisi-uk-4\/","og_site_name":"PureJewels UK","article_modified_time":"2025-11-19T11:18:56+00:00","og_image":[{"width":1000,"height":1000,"url":"https:\/\/www.purejewels.com\/wp-content\/uploads\/2019\/02\/28555c5.jpg","type":"image\/jpeg"}],"twitter_card":"summary_large_image","twitter_misc":{"Tahmini okuma s\u00fcresi":"1 dakika"},"schema":{"@context":"https:\/\/schema.org","@graph":[{"@type":["WebPage","ItemPage"],"@id":"https:\/\/www.purejewels.com\/product\/indian-gold-nose-stud-uk-4\/","url":"https:\/\/www.purejewels.com\/product\/indian-gold-nose-stud-uk-4\/","name":"\u00c7i\u00e7ek Desenli Vida Arkal\u0131 Burun Piercingi \u2013 22 ayar alt\u0131n | PureJewels UK","isPartOf":{"@id":"https:\/\/www.purejewels.com\/#website"},"primaryImageOfPage":{"@id":"https:\/\/www.purejewels.com\/product\/indian-gold-nose-stud-uk-4\/#primaryimage"},"image":{"@id":"https:\/\/www.purejewels.com\/product\/indian-gold-nose-stud-uk-4\/#primaryimage"},"thumbnailUrl":"https:\/\/static.purejewels.com\/wp-content\/uploads\/2019\/02\/28555c5.jpg","datePublished":"2019-02-18T08:40:32+00:00","dateModified":"2025-11-19T11:18:56+00:00","description":"Bu 22 ayar alt\u0131n \u00e7i\u00e7ek desenli vidal\u0131 burun piercingiyle zarafeti ke\u015ffedin. G\u00fcvenli ve g\u00fcnl\u00fck kullan\u0131m i\u00e7in tasarlanm\u0131\u015f, \u0131\u015f\u0131lt\u0131l\u0131 CZ ta\u015flardan olu\u015fan bir k\u00fcme ile s\u00fcslenmi\u015ftir.","breadcrumb":{"@id":"https:\/\/www.purejewels.com\/product\/indian-gold-nose-stud-uk-4\/#breadcrumb"},"inLanguage":"tr","potentialAction":[{"@type":"ReadAction","target":["https:\/\/www.purejewels.com\/product\/indian-gold-nose-stud-uk-4\/"]}]},{"@type":"ImageObject","inLanguage":"tr","@id":"https:\/\/www.purejewels.com\/product\/indian-gold-nose-stud-uk-4\/#primaryimage","url":"https:\/\/static.purejewels.com\/wp-content\/uploads\/2019\/02\/28555c5.jpg","contentUrl":"https:\/\/static.purejewels.com\/wp-content\/uploads\/2019\/02\/28555c5.jpg","width":1000,"height":1000},{"@type":"BreadcrumbList","@id":"https:\/\/www.purejewels.com\/product\/indian-gold-nose-stud-uk-4\/#breadcrumb","itemListElement":[{"@type":"ListItem","position":1,"name":"Home","item":"https:\/\/www.purejewels.com\/"},{"@type":"ListItem","position":2,"name":"Shop","item":"https:\/\/www.purejewels.com\/shop\/"},{"@type":"ListItem","position":3,"name":"Floral Screw Back Nose Stud \u2013 22ct Gold"}]},{"@type":"WebSite","@id":"https:\/\/www.purejewels.com\/#website","url":"https:\/\/www.purejewels.com\/","name":"PureJewels \u0130ngiltere","description":"Sevgiyi Payla\u015f\u0131n","publisher":{"@id":"https:\/\/www.purejewels.com\/#organization"},"potentialAction":[{"@type":"SearchAction","target":{"@type":"EntryPoint","urlTemplate":"https:\/\/www.purejewels.com\/?s={search_term_string}"},"query-input":{"@type":"PropertyValueSpecification","valueRequired":true,"valueName":"search_term_string"}}],"inLanguage":"tr"},{"@type":"Organization","@id":"https:\/\/www.purejewels.com\/#organization","name":"PureJewels \u0130ngiltere","url":"https:\/\/www.purejewels.com\/","logo":{"@type":"ImageObject","inLanguage":"tr","@id":"https:\/\/www.purejewels.com\/#\/schema\/logo\/image\/","url":"https:\/\/static.purejewels.com\/wp-content\/uploads\/2020\/11\/Logo-PJ-New-1.png","contentUrl":"https:\/\/static.purejewels.com\/wp-content\/uploads\/2020\/11\/Logo-PJ-New-1.png","width":150,"height":80,"caption":"PureJewels UK"},"image":{"@id":"https:\/\/www.purejewels.com\/#\/schema\/logo\/image\/"}}]}},"_links":{"self":[{"href":"https:\/\/www.purejewels.com\/tr\/wp-json\/wp\/v2\/product\/309260","targetHints":{"allow":["GET"]}}],"collection":[{"href":"https:\/\/www.purejewels.com\/tr\/wp-json\/wp\/v2\/product"}],"about":[{"href":"https:\/\/www.purejewels.com\/tr\/wp-json\/wp\/v2\/types\/product"}],"replies":[{"embeddable":true,"href":"https:\/\/www.purejewels.com\/tr\/wp-json\/wp\/v2\/comments?post=309260"}],"version-history":[{"count":2,"href":"https:\/\/www.purejewels.com\/tr\/wp-json\/wp\/v2\/product\/309260\/revisions"}],"predecessor-version":[{"id":421423,"href":"https:\/\/www.purejewels.com\/tr\/wp-json\/wp\/v2\/product\/309260\/revisions\/421423"}],"wp:featuredmedia":[{"embeddable":true,"href":"https:\/\/www.purejewels.com\/tr\/wp-json\/wp\/v2\/media\/317897"}],"wp:attachment":[{"href":"https:\/\/www.purejewels.com\/tr\/wp-json\/wp\/v2\/media?parent=309260"}],"wp:term":[{"taxonomy":"product_brand","embeddable":true,"href":"https:\/\/www.purejewels.com\/tr\/wp-json\/wp\/v2\/product_brand?post=309260"},{"taxonomy":"product_cat","embeddable":true,"href":"https:\/\/www.purejewels.com\/tr\/wp-json\/wp\/v2\/product_cat?post=309260"},{"taxonomy":"product_tag","embeddable":true,"href":"https:\/\/www.purejewels.com\/tr\/wp-json\/wp\/v2\/product_tag?post=309260"}],"curies":[{"name":"wp","href":"https:\/\/api.w.org\/{rel}","templated":true}]}}