{"id":309262,"date":"2019-02-16T06:59:41","date_gmt":"2019-02-16T06:59:41","guid":{"rendered":"https:\/\/www.purejewels.com\/?post_type=product&#038;p=309262"},"modified":"2024-06-15T13:41:53","modified_gmt":"2024-06-15T12:41:53","slug":"hint-altin-burun-saplamasi-uk-28856-c7","status":"publish","type":"product","link":"https:\/\/www.purejewels.com\/tr\/product\/indian-gold-nose-stud-uk-28856-c7\/","title":{"rendered":"22 Ayar Alt\u0131n | CZ Ta\u015fl\u0131 | Hint Burun \u0130\u011fnesi"},"content":{"rendered":"<p><strong>\u0130lham kayna\u011f\u0131<\/strong><\/p>\n<p>Hindistan'da burnun <a href=\"https:\/\/www.purejewels.com\/tr\/product-category\/22ct-gold-jewellery\/gold-rings\/\">halkalar<\/a> taraf\u0131ndan tan\u0131t\u0131ld\u0131 <strong>Bab\u00fcrl\u00fcler<\/strong> 15. ve 16. y\u00fczy\u0131llarda ortaya \u00e7\u0131km\u0131\u015ft\u0131r. \u00d6te yandan, burun deldirme uygulamas\u0131n\u0131n bundan \u00f6nceki \u00e7a\u011flardan beri bir gelenek oldu\u011funa da inan\u0131lmaktad\u0131r. Piercing i\u015fleminin, burun \u00fczerinde geleneksel olarak sembolik ve kad\u0131nlar i\u00e7in biyolojik olarak gerekli olan bir noktaya yap\u0131ld\u0131\u011f\u0131na inan\u0131l\u0131yordu. Dahas\u0131, burnu s\u00fcsleme fikri Hintli kad\u0131nlar ve kuyumcular taraf\u0131ndan co\u015fkuyla benimsenmi\u015ftir.<\/p>\n<p><strong>Tasar\u0131m<\/strong><\/p>\n<p>Bu <strong>minik burun \u00e7ivisi<\/strong> Purejewels taraf\u0131ndan saf 22 ayar alt\u0131ndan en ba\u015f\u0131ndan itibaren el i\u015f\u00e7ili\u011fiyle \u00fcretilmi\u015ftir. \u015eekli <a href=\"https:\/\/www.purejewels.com\/tr\/product\/22ct-gold-yellow-gold-nose-ring-for-ladies-43553\/\">burun halkas\u0131<\/a> rastlayabilece\u011finizden biraz daha s\u0131ra d\u0131\u015f\u0131d\u0131r ve onu web sitemizdeki en iyi burun \u00e7\u0131t\u00e7\u0131tlar\u0131ndan biri yapar. Tasar\u0131m\u0131n merkezi, ba\u015fyap\u0131t\u0131m\u0131za do\u011fru miktarda \u0131\u015f\u0131lt\u0131 katan bir dizi k\u00fcbik zirkon ta\u015fla \u00e7evrili ince yontulmu\u015f bir kare ile ba\u015flar.<\/p>\n<p><strong>Stil<\/strong><\/p>\n<p>Bu minimal <strong>alt\u0131n burun saplamas\u0131<\/strong> her g\u00fcn biraz \u0131\u015f\u0131lt\u0131 katmak i\u00e7in ihtiyac\u0131n\u0131z olan tek \u015fey. Ayn\u0131 anda hem \u0131\u015f\u0131l \u0131\u015f\u0131l parlaman\u0131z hem de muhte\u015fem ve zarif g\u00f6r\u00fcnmeniz i\u00e7in burada. Do\u011fru miktarda p\u0131r\u0131lt\u0131ya sahiptir ve muhte\u015fem g\u00f6r\u00fcn\u00fcr, ayn\u0131 zamanda sizi \u00f6ne \u00e7\u0131karan s\u0131ra d\u0131\u015f\u0131 \u015fekli sayesinde g\u00f6r\u00fcn\u00fcm\u00fcn\u00fcze bir kenar katar.<\/p>","protected":false},"excerpt":{"rendered":"<ul>\n<li>Hint Alt\u0131n Burun Saplamas\u0131 \u0130ngiltere<\/li>\n<li>22 Ayar Sar\u0131 Alt\u0131ndan CZ Ta\u015fl\u0131 Burun Saplamas\u0131<\/li>\n<li>Vidal\u0131 S\u0131rt ile birlikte gelir<\/li>\n<li>SKU. 28856_C7<\/li>\n<li>Green Street'te g\u00fcnl\u00fck kullan\u0131m i\u00e7in Burun Tak\u0131lar\u0131<\/li>\n<li>Sunum Kutusu ile Birlikte Gelir<\/li>\n<li>\u0130ngiltere Genelinde \u00dccretsiz Teslimat<\/li>\n<li>T\u00fcm fiyatlara KDV dahildir<\/li>\n<li>\"\u00dcr\u00fcn videosu i\u00e7in bizimle ileti\u015fime ge\u00e7in\/canl\u0131 sohbet edin.\"<\/li>\n<\/ul>","protected":false},"featured_media":345359,"comment_status":"closed","ping_status":"closed","template":"","meta":{"_eb_attr":"","_crsspst_to_jayantr4sg-hostcom":false},"product_brand":[],"product_cat":[1711,1574],"product_tag":[],"class_list":{"0":"post-309262","1":"product","2":"type-product","3":"status-publish","4":"has-post-thumbnail","6":"product_cat-gold-nose-studs","7":"product_cat-womens-jewellery","9":"first","10":"outofstock","11":"taxable","12":"shipping-taxable","13":"product-type-simple","14":"add-to-wishlist-before_image"},"yoast_head":"<!-- This site is optimized with the Yoast SEO plugin v27.3 - https:\/\/yoast.com\/product\/yoast-seo-wordpress\/ -->\n<title>Gold Nose Studs | Buy trendy Nose Pins at PureJewels UK<\/title>\n<meta name=\"description\" content=\"real gold nose pins. Discover nose pins and studs in the UK. Pick this beautifully crafted nose stud made in white gold &amp; diamond.\" \/>\n<meta name=\"robots\" content=\"index, follow, max-snippet:-1, max-image-preview:large, max-video-preview:-1\" \/>\n<link rel=\"canonical\" href=\"https:\/\/www.purejewels.com\/tr\/urun\/hint-altin-burun-saplamasi-uk-28856-c7\/\" \/>\n<meta property=\"og:locale\" content=\"tr_TR\" \/>\n<meta property=\"og:type\" content=\"article\" \/>\n<meta property=\"og:title\" content=\"Gold Nose Studs | Buy trendy Nose Pins at PureJewels UK\" \/>\n<meta property=\"og:description\" content=\"real gold nose pins. Discover nose pins and studs in the UK. Pick this beautifully crafted nose stud made in white gold &amp; diamond.\" \/>\n<meta property=\"og:url\" content=\"https:\/\/www.purejewels.com\/tr\/urun\/hint-altin-burun-saplamasi-uk-28856-c7\/\" \/>\n<meta property=\"og:site_name\" content=\"PureJewels UK\" \/>\n<meta property=\"article:modified_time\" content=\"2024-06-15T12:41:53+00:00\" \/>\n<meta property=\"og:image\" content=\"https:\/\/www.purejewels.com\/wp-content\/uploads\/2019\/02\/28856c7-1.jpg\" \/>\n\t<meta property=\"og:image:width\" content=\"1000\" \/>\n\t<meta property=\"og:image:height\" content=\"1000\" \/>\n\t<meta property=\"og:image:type\" content=\"image\/jpeg\" \/>\n<meta name=\"twitter:card\" content=\"summary_large_image\" \/>\n<meta name=\"twitter:label1\" content=\"Tahmini okuma s\u00fcresi\" \/>\n\t<meta name=\"twitter:data1\" content=\"1 dakika\" \/>\n<script type=\"application\/ld+json\" class=\"yoast-schema-graph\">{\"@context\":\"https:\\\/\\\/schema.org\",\"@graph\":[{\"@type\":[\"WebPage\",\"ItemPage\"],\"@id\":\"https:\\\/\\\/www.purejewels.com\\\/product\\\/indian-gold-nose-stud-uk-28856-c7\\\/\",\"url\":\"https:\\\/\\\/www.purejewels.com\\\/product\\\/indian-gold-nose-stud-uk-28856-c7\\\/\",\"name\":\"Gold Nose Studs | Buy trendy Nose Pins at PureJewels UK\",\"isPartOf\":{\"@id\":\"https:\\\/\\\/www.purejewels.com\\\/#website\"},\"primaryImageOfPage\":{\"@id\":\"https:\\\/\\\/www.purejewels.com\\\/product\\\/indian-gold-nose-stud-uk-28856-c7\\\/#primaryimage\"},\"image\":{\"@id\":\"https:\\\/\\\/www.purejewels.com\\\/product\\\/indian-gold-nose-stud-uk-28856-c7\\\/#primaryimage\"},\"thumbnailUrl\":\"https:\\\/\\\/static.purejewels.com\\\/wp-content\\\/uploads\\\/2019\\\/02\\\/28856c7-1.jpg\",\"datePublished\":\"2019-02-16T06:59:41+00:00\",\"dateModified\":\"2024-06-15T12:41:53+00:00\",\"description\":\"real gold nose pins. Discover nose pins and studs in the UK. Pick this beautifully crafted nose stud made in white gold & diamond.\",\"breadcrumb\":{\"@id\":\"https:\\\/\\\/www.purejewels.com\\\/product\\\/indian-gold-nose-stud-uk-28856-c7\\\/#breadcrumb\"},\"inLanguage\":\"tr\",\"potentialAction\":[{\"@type\":\"ReadAction\",\"target\":[\"https:\\\/\\\/www.purejewels.com\\\/product\\\/indian-gold-nose-stud-uk-28856-c7\\\/\"]}]},{\"@type\":\"ImageObject\",\"inLanguage\":\"tr\",\"@id\":\"https:\\\/\\\/www.purejewels.com\\\/product\\\/indian-gold-nose-stud-uk-28856-c7\\\/#primaryimage\",\"url\":\"https:\\\/\\\/static.purejewels.com\\\/wp-content\\\/uploads\\\/2019\\\/02\\\/28856c7-1.jpg\",\"contentUrl\":\"https:\\\/\\\/static.purejewels.com\\\/wp-content\\\/uploads\\\/2019\\\/02\\\/28856c7-1.jpg\",\"width\":1000,\"height\":1000},{\"@type\":\"BreadcrumbList\",\"@id\":\"https:\\\/\\\/www.purejewels.com\\\/product\\\/indian-gold-nose-stud-uk-28856-c7\\\/#breadcrumb\",\"itemListElement\":[{\"@type\":\"ListItem\",\"position\":1,\"name\":\"Home\",\"item\":\"https:\\\/\\\/www.purejewels.com\\\/\"},{\"@type\":\"ListItem\",\"position\":2,\"name\":\"Shop\",\"item\":\"https:\\\/\\\/www.purejewels.com\\\/shop\\\/\"},{\"@type\":\"ListItem\",\"position\":3,\"name\":\"22ct Gold | CZ Stone | Indian Nose Pin\"}]},{\"@type\":\"WebSite\",\"@id\":\"https:\\\/\\\/www.purejewels.com\\\/#website\",\"url\":\"https:\\\/\\\/www.purejewels.com\\\/\",\"name\":\"PureJewels UK\",\"description\":\"Share the Love\",\"publisher\":{\"@id\":\"https:\\\/\\\/www.purejewels.com\\\/#organization\"},\"potentialAction\":[{\"@type\":\"SearchAction\",\"target\":{\"@type\":\"EntryPoint\",\"urlTemplate\":\"https:\\\/\\\/www.purejewels.com\\\/?s={search_term_string}\"},\"query-input\":{\"@type\":\"PropertyValueSpecification\",\"valueRequired\":true,\"valueName\":\"search_term_string\"}}],\"inLanguage\":\"tr\"},{\"@type\":\"Organization\",\"@id\":\"https:\\\/\\\/www.purejewels.com\\\/#organization\",\"name\":\"PureJewels UK\",\"url\":\"https:\\\/\\\/www.purejewels.com\\\/\",\"logo\":{\"@type\":\"ImageObject\",\"inLanguage\":\"tr\",\"@id\":\"https:\\\/\\\/www.purejewels.com\\\/#\\\/schema\\\/logo\\\/image\\\/\",\"url\":\"https:\\\/\\\/static.purejewels.com\\\/wp-content\\\/uploads\\\/2020\\\/11\\\/Logo-PJ-New-1.png\",\"contentUrl\":\"https:\\\/\\\/static.purejewels.com\\\/wp-content\\\/uploads\\\/2020\\\/11\\\/Logo-PJ-New-1.png\",\"width\":150,\"height\":80,\"caption\":\"PureJewels UK\"},\"image\":{\"@id\":\"https:\\\/\\\/www.purejewels.com\\\/#\\\/schema\\\/logo\\\/image\\\/\"}}]}<\/script>\n<!-- \/ Yoast SEO plugin. -->","yoast_head_json":{"title":"Alt\u0131n Burun \u00c7\u0131t\u00e7\u0131tlar\u0131 | PureJewels UK'den modaya uygun Burun \u0130\u011fneleri sat\u0131n al\u0131n","description":"ger\u00e7ek alt\u0131n burun i\u011fneleri. \u0130ngiltere'deki burun i\u011fnelerini ve \u00e7\u0131t\u00e7\u0131tlar\u0131 ke\u015ffedin. Beyaz alt\u0131n ve p\u0131rlantadan yap\u0131lm\u0131\u015f bu g\u00fczel i\u015flenmi\u015f burun i\u011fnesini se\u00e7in.","robots":{"index":"index","follow":"follow","max-snippet":"max-snippet:-1","max-image-preview":"max-image-preview:large","max-video-preview":"max-video-preview:-1"},"canonical":"https:\/\/www.purejewels.com\/tr\/urun\/hint-altin-burun-saplamasi-uk-28856-c7\/","og_locale":"tr_TR","og_type":"article","og_title":"Gold Nose Studs | Buy trendy Nose Pins at PureJewels UK","og_description":"real gold nose pins. Discover nose pins and studs in the UK. Pick this beautifully crafted nose stud made in white gold & diamond.","og_url":"https:\/\/www.purejewels.com\/tr\/urun\/hint-altin-burun-saplamasi-uk-28856-c7\/","og_site_name":"PureJewels UK","article_modified_time":"2024-06-15T12:41:53+00:00","og_image":[{"width":1000,"height":1000,"url":"https:\/\/www.purejewels.com\/wp-content\/uploads\/2019\/02\/28856c7-1.jpg","type":"image\/jpeg"}],"twitter_card":"summary_large_image","twitter_misc":{"Tahmini okuma s\u00fcresi":"1 dakika"},"schema":{"@context":"https:\/\/schema.org","@graph":[{"@type":["WebPage","ItemPage"],"@id":"https:\/\/www.purejewels.com\/product\/indian-gold-nose-stud-uk-28856-c7\/","url":"https:\/\/www.purejewels.com\/product\/indian-gold-nose-stud-uk-28856-c7\/","name":"Alt\u0131n Burun \u00c7\u0131t\u00e7\u0131tlar\u0131 | PureJewels UK'den modaya uygun Burun \u0130\u011fneleri sat\u0131n al\u0131n","isPartOf":{"@id":"https:\/\/www.purejewels.com\/#website"},"primaryImageOfPage":{"@id":"https:\/\/www.purejewels.com\/product\/indian-gold-nose-stud-uk-28856-c7\/#primaryimage"},"image":{"@id":"https:\/\/www.purejewels.com\/product\/indian-gold-nose-stud-uk-28856-c7\/#primaryimage"},"thumbnailUrl":"https:\/\/static.purejewels.com\/wp-content\/uploads\/2019\/02\/28856c7-1.jpg","datePublished":"2019-02-16T06:59:41+00:00","dateModified":"2024-06-15T12:41:53+00:00","description":"ger\u00e7ek alt\u0131n burun i\u011fneleri. \u0130ngiltere'deki burun i\u011fnelerini ve \u00e7\u0131t\u00e7\u0131tlar\u0131 ke\u015ffedin. Beyaz alt\u0131n ve p\u0131rlantadan yap\u0131lm\u0131\u015f bu g\u00fczel i\u015flenmi\u015f burun i\u011fnesini se\u00e7in.","breadcrumb":{"@id":"https:\/\/www.purejewels.com\/product\/indian-gold-nose-stud-uk-28856-c7\/#breadcrumb"},"inLanguage":"tr","potentialAction":[{"@type":"ReadAction","target":["https:\/\/www.purejewels.com\/product\/indian-gold-nose-stud-uk-28856-c7\/"]}]},{"@type":"ImageObject","inLanguage":"tr","@id":"https:\/\/www.purejewels.com\/product\/indian-gold-nose-stud-uk-28856-c7\/#primaryimage","url":"https:\/\/static.purejewels.com\/wp-content\/uploads\/2019\/02\/28856c7-1.jpg","contentUrl":"https:\/\/static.purejewels.com\/wp-content\/uploads\/2019\/02\/28856c7-1.jpg","width":1000,"height":1000},{"@type":"BreadcrumbList","@id":"https:\/\/www.purejewels.com\/product\/indian-gold-nose-stud-uk-28856-c7\/#breadcrumb","itemListElement":[{"@type":"ListItem","position":1,"name":"Home","item":"https:\/\/www.purejewels.com\/"},{"@type":"ListItem","position":2,"name":"Shop","item":"https:\/\/www.purejewels.com\/shop\/"},{"@type":"ListItem","position":3,"name":"22ct Gold | CZ Stone | Indian Nose Pin"}]},{"@type":"WebSite","@id":"https:\/\/www.purejewels.com\/#website","url":"https:\/\/www.purejewels.com\/","name":"PureJewels \u0130ngiltere","description":"Sevgiyi Payla\u015f\u0131n","publisher":{"@id":"https:\/\/www.purejewels.com\/#organization"},"potentialAction":[{"@type":"SearchAction","target":{"@type":"EntryPoint","urlTemplate":"https:\/\/www.purejewels.com\/?s={search_term_string}"},"query-input":{"@type":"PropertyValueSpecification","valueRequired":true,"valueName":"search_term_string"}}],"inLanguage":"tr"},{"@type":"Organization","@id":"https:\/\/www.purejewels.com\/#organization","name":"PureJewels \u0130ngiltere","url":"https:\/\/www.purejewels.com\/","logo":{"@type":"ImageObject","inLanguage":"tr","@id":"https:\/\/www.purejewels.com\/#\/schema\/logo\/image\/","url":"https:\/\/static.purejewels.com\/wp-content\/uploads\/2020\/11\/Logo-PJ-New-1.png","contentUrl":"https:\/\/static.purejewels.com\/wp-content\/uploads\/2020\/11\/Logo-PJ-New-1.png","width":150,"height":80,"caption":"PureJewels UK"},"image":{"@id":"https:\/\/www.purejewels.com\/#\/schema\/logo\/image\/"}}]}},"_links":{"self":[{"href":"https:\/\/www.purejewels.com\/tr\/wp-json\/wp\/v2\/product\/309262","targetHints":{"allow":["GET"]}}],"collection":[{"href":"https:\/\/www.purejewels.com\/tr\/wp-json\/wp\/v2\/product"}],"about":[{"href":"https:\/\/www.purejewels.com\/tr\/wp-json\/wp\/v2\/types\/product"}],"replies":[{"embeddable":true,"href":"https:\/\/www.purejewels.com\/tr\/wp-json\/wp\/v2\/comments?post=309262"}],"version-history":[{"count":2,"href":"https:\/\/www.purejewels.com\/tr\/wp-json\/wp\/v2\/product\/309262\/revisions"}],"predecessor-version":[{"id":364897,"href":"https:\/\/www.purejewels.com\/tr\/wp-json\/wp\/v2\/product\/309262\/revisions\/364897"}],"wp:featuredmedia":[{"embeddable":true,"href":"https:\/\/www.purejewels.com\/tr\/wp-json\/wp\/v2\/media\/345359"}],"wp:attachment":[{"href":"https:\/\/www.purejewels.com\/tr\/wp-json\/wp\/v2\/media?parent=309262"}],"wp:term":[{"taxonomy":"product_brand","embeddable":true,"href":"https:\/\/www.purejewels.com\/tr\/wp-json\/wp\/v2\/product_brand?post=309262"},{"taxonomy":"product_cat","embeddable":true,"href":"https:\/\/www.purejewels.com\/tr\/wp-json\/wp\/v2\/product_cat?post=309262"},{"taxonomy":"product_tag","embeddable":true,"href":"https:\/\/www.purejewels.com\/tr\/wp-json\/wp\/v2\/product_tag?post=309262"}],"curies":[{"name":"wp","href":"https:\/\/api.w.org\/{rel}","templated":true}]}}