{"id":309266,"date":"2019-02-16T06:51:28","date_gmt":"2019-02-16T06:51:28","guid":{"rendered":"https:\/\/www.purejewels.com\/?post_type=product&#038;p=309266"},"modified":"2025-11-19T11:41:43","modified_gmt":"2025-11-19T11:41:43","slug":"hint-altin-burun-ignesi-uk-2","status":"publish","type":"product","link":"https:\/\/www.purejewels.com\/tr\/product\/indian-gold-nose-pin-uk-2\/","title":{"rendered":"22 ayar alt\u0131n CZ yaprak desenli burun pimi"},"content":{"rendered":"<p data-start=\"446\" data-end=\"786\">Bu zarif \u00fcr\u00fcnle g\u00fcnl\u00fck stilinizi bir \u00fcst seviyeye ta\u015f\u0131y\u0131n. <strong data-start=\"494\" data-end=\"530\"><a href=\"https:\/\/www.purejewels.com\/tr\/product\/22ct-gold-jali-filigree-ring-jali-collection-31926\/\">22ct<\/a> Alt\u0131n CZ Yaprak Swirl Burun Pimi<\/strong>. Zengin sar\u0131 alt\u0131ndan \u00fcretilen tasar\u0131m, hassas bir \u0131\u015f\u0131lt\u0131 i\u00e7in parlak k\u00fcbik zirkonya ile s\u00fcslenmi\u015f d\u00f6nen yaprak motifini sergiliyor. G\u00fcvenli vidal\u0131 arka ba\u011flant\u0131, rahatl\u0131k ve uzun s\u00fcreli kullan\u0131m sa\u011flar, bu da onu hem geleneksel hem de modern g\u00f6r\u00fcn\u00fcmler i\u00e7in m\u00fckemmel k\u0131lar.<\/p>\n<p data-start=\"788\" data-end=\"959\">\u00d6zel bir g\u00fcn i\u00e7in giyinirken ya da g\u00fcnl\u00fck k\u0131yafetinize zarif bir vurgu eklerken, bu \u015f\u0131k burun pimi sade g\u00fczelli\u011fin zamans\u0131z bir ifadesi.<\/p>","protected":false},"excerpt":{"rendered":"<ul>\n<li>Hint Alt\u0131n Burun \u0130\u011fnesi \u0130ngiltere<\/li>\n<li>22 Ayar Sar\u0131 Alt\u0131ndan CZ Ta\u015fl\u0131 Burun \u0130\u011fnesi<\/li>\n<li>Vidal\u0131 S\u0131rt ile birlikte gelir<\/li>\n<li>SKU. 28860_C10<\/li>\n<li>Burun i\u00e7in g\u00fcnl\u00fck kullan\u0131ma uygun tak\u0131lar.<\/li>\n<li>Sunum Kutusu ile Birlikte Gelir<\/li>\n<li>\u0130ngiltere Genelinde \u00dccretsiz Teslimat<\/li>\n<li>T\u00fcm fiyatlara KDV dahildir<\/li>\n<li>\"\u00dcr\u00fcn videosu i\u00e7in bizimle ileti\u015fime ge\u00e7in\/canl\u0131 sohbet edin.\"<\/li>\n<\/ul>","protected":false},"featured_media":309293,"comment_status":"closed","ping_status":"closed","template":"","meta":{"_eb_attr":"","_crsspst_to_jayantr4sg-hostcom":false},"product_brand":[],"product_cat":[1711],"product_tag":[],"class_list":{"0":"post-309266","1":"product","2":"type-product","3":"status-publish","4":"has-post-thumbnail","6":"product_cat-gold-nose-studs","8":"first","9":"outofstock","10":"taxable","11":"shipping-taxable","12":"product-type-simple","13":"add-to-wishlist-before_image"},"yoast_head":"<!-- This site is optimized with the Yoast SEO plugin v27.3 - https:\/\/yoast.com\/product\/yoast-seo-wordpress\/ -->\n<title>22ct Gold CZ Leaf Swirl Nose Pin | Screw Back | PureJewels UK<\/title>\n<meta name=\"description\" content=\"Shop the 22ct Gold CZ Leaf Swirl Nose Pin from PureJewels. Featuring a graceful leaf-inspired swirl and secure screw back design. Ideal for everyday elegance.\" \/>\n<meta name=\"robots\" content=\"index, follow, max-snippet:-1, max-image-preview:large, max-video-preview:-1\" \/>\n<link rel=\"canonical\" href=\"https:\/\/www.purejewels.com\/tr\/urun\/hint-altin-burun-ignesi-uk-2\/\" \/>\n<meta property=\"og:locale\" content=\"tr_TR\" \/>\n<meta property=\"og:type\" content=\"article\" \/>\n<meta property=\"og:title\" content=\"22ct Gold CZ Leaf Swirl Nose Pin | Screw Back | PureJewels UK\" \/>\n<meta property=\"og:description\" content=\"Shop the 22ct Gold CZ Leaf Swirl Nose Pin from PureJewels. Featuring a graceful leaf-inspired swirl and secure screw back design. Ideal for everyday elegance.\" \/>\n<meta property=\"og:url\" content=\"https:\/\/www.purejewels.com\/tr\/urun\/hint-altin-burun-ignesi-uk-2\/\" \/>\n<meta property=\"og:site_name\" content=\"PureJewels UK\" \/>\n<meta property=\"article:modified_time\" content=\"2025-11-19T11:41:43+00:00\" \/>\n<meta property=\"og:image\" content=\"https:\/\/www.purejewels.com\/wp-content\/uploads\/2019\/02\/28860c10.png\" \/>\n\t<meta property=\"og:image:width\" content=\"1000\" \/>\n\t<meta property=\"og:image:height\" content=\"1000\" \/>\n\t<meta property=\"og:image:type\" content=\"image\/png\" \/>\n<meta name=\"twitter:card\" content=\"summary_large_image\" \/>\n<meta name=\"twitter:label1\" content=\"Tahmini okuma s\u00fcresi\" \/>\n\t<meta name=\"twitter:data1\" content=\"1 dakika\" \/>\n<script type=\"application\/ld+json\" class=\"yoast-schema-graph\">{\"@context\":\"https:\\\/\\\/schema.org\",\"@graph\":[{\"@type\":[\"WebPage\",\"ItemPage\"],\"@id\":\"https:\\\/\\\/www.purejewels.com\\\/product\\\/indian-gold-nose-pin-uk-2\\\/\",\"url\":\"https:\\\/\\\/www.purejewels.com\\\/product\\\/indian-gold-nose-pin-uk-2\\\/\",\"name\":\"22ct Gold CZ Leaf Swirl Nose Pin | Screw Back | PureJewels UK\",\"isPartOf\":{\"@id\":\"https:\\\/\\\/www.purejewels.com\\\/#website\"},\"primaryImageOfPage\":{\"@id\":\"https:\\\/\\\/www.purejewels.com\\\/product\\\/indian-gold-nose-pin-uk-2\\\/#primaryimage\"},\"image\":{\"@id\":\"https:\\\/\\\/www.purejewels.com\\\/product\\\/indian-gold-nose-pin-uk-2\\\/#primaryimage\"},\"thumbnailUrl\":\"https:\\\/\\\/static.purejewels.com\\\/wp-content\\\/uploads\\\/2019\\\/02\\\/28860c10.png\",\"datePublished\":\"2019-02-16T06:51:28+00:00\",\"dateModified\":\"2025-11-19T11:41:43+00:00\",\"description\":\"Shop the 22ct Gold CZ Leaf Swirl Nose Pin from PureJewels. Featuring a graceful leaf-inspired swirl and secure screw back design. Ideal for everyday elegance.\",\"breadcrumb\":{\"@id\":\"https:\\\/\\\/www.purejewels.com\\\/product\\\/indian-gold-nose-pin-uk-2\\\/#breadcrumb\"},\"inLanguage\":\"tr\",\"potentialAction\":[{\"@type\":\"ReadAction\",\"target\":[\"https:\\\/\\\/www.purejewels.com\\\/product\\\/indian-gold-nose-pin-uk-2\\\/\"]}]},{\"@type\":\"ImageObject\",\"inLanguage\":\"tr\",\"@id\":\"https:\\\/\\\/www.purejewels.com\\\/product\\\/indian-gold-nose-pin-uk-2\\\/#primaryimage\",\"url\":\"https:\\\/\\\/static.purejewels.com\\\/wp-content\\\/uploads\\\/2019\\\/02\\\/28860c10.png\",\"contentUrl\":\"https:\\\/\\\/static.purejewels.com\\\/wp-content\\\/uploads\\\/2019\\\/02\\\/28860c10.png\",\"width\":1000,\"height\":1000,\"caption\":\"28860c10\"},{\"@type\":\"BreadcrumbList\",\"@id\":\"https:\\\/\\\/www.purejewels.com\\\/product\\\/indian-gold-nose-pin-uk-2\\\/#breadcrumb\",\"itemListElement\":[{\"@type\":\"ListItem\",\"position\":1,\"name\":\"Home\",\"item\":\"https:\\\/\\\/www.purejewels.com\\\/\"},{\"@type\":\"ListItem\",\"position\":2,\"name\":\"Shop\",\"item\":\"https:\\\/\\\/www.purejewels.com\\\/shop\\\/\"},{\"@type\":\"ListItem\",\"position\":3,\"name\":\"22ct Gold CZ Leaf Swirl Nose Pin\"}]},{\"@type\":\"WebSite\",\"@id\":\"https:\\\/\\\/www.purejewels.com\\\/#website\",\"url\":\"https:\\\/\\\/www.purejewels.com\\\/\",\"name\":\"PureJewels UK\",\"description\":\"Share the Love\",\"publisher\":{\"@id\":\"https:\\\/\\\/www.purejewels.com\\\/#organization\"},\"potentialAction\":[{\"@type\":\"SearchAction\",\"target\":{\"@type\":\"EntryPoint\",\"urlTemplate\":\"https:\\\/\\\/www.purejewels.com\\\/?s={search_term_string}\"},\"query-input\":{\"@type\":\"PropertyValueSpecification\",\"valueRequired\":true,\"valueName\":\"search_term_string\"}}],\"inLanguage\":\"tr\"},{\"@type\":\"Organization\",\"@id\":\"https:\\\/\\\/www.purejewels.com\\\/#organization\",\"name\":\"PureJewels UK\",\"url\":\"https:\\\/\\\/www.purejewels.com\\\/\",\"logo\":{\"@type\":\"ImageObject\",\"inLanguage\":\"tr\",\"@id\":\"https:\\\/\\\/www.purejewels.com\\\/#\\\/schema\\\/logo\\\/image\\\/\",\"url\":\"https:\\\/\\\/static.purejewels.com\\\/wp-content\\\/uploads\\\/2020\\\/11\\\/Logo-PJ-New-1.png\",\"contentUrl\":\"https:\\\/\\\/static.purejewels.com\\\/wp-content\\\/uploads\\\/2020\\\/11\\\/Logo-PJ-New-1.png\",\"width\":150,\"height\":80,\"caption\":\"PureJewels UK\"},\"image\":{\"@id\":\"https:\\\/\\\/www.purejewels.com\\\/#\\\/schema\\\/logo\\\/image\\\/\"}}]}<\/script>\n<!-- \/ Yoast SEO plugin. -->","yoast_head_json":{"title":"22 ayar alt\u0131n CZ yaprak desenli burun pimi | Vidal\u0131 | PureJewels UK","description":"PureJewels'tan 22 ayar alt\u0131n CZ yaprak desenli burun pimi sat\u0131n al\u0131n. Zarif yaprak desenli k\u0131vr\u0131m ve g\u00fcvenli vida arka tasar\u0131m\u0131yla. G\u00fcnl\u00fck \u015f\u0131kl\u0131k i\u00e7in ideal.","robots":{"index":"index","follow":"follow","max-snippet":"max-snippet:-1","max-image-preview":"max-image-preview:large","max-video-preview":"max-video-preview:-1"},"canonical":"https:\/\/www.purejewels.com\/tr\/urun\/hint-altin-burun-ignesi-uk-2\/","og_locale":"tr_TR","og_type":"article","og_title":"22ct Gold CZ Leaf Swirl Nose Pin | Screw Back | PureJewels UK","og_description":"Shop the 22ct Gold CZ Leaf Swirl Nose Pin from PureJewels. Featuring a graceful leaf-inspired swirl and secure screw back design. Ideal for everyday elegance.","og_url":"https:\/\/www.purejewels.com\/tr\/urun\/hint-altin-burun-ignesi-uk-2\/","og_site_name":"PureJewels UK","article_modified_time":"2025-11-19T11:41:43+00:00","og_image":[{"width":1000,"height":1000,"url":"https:\/\/www.purejewels.com\/wp-content\/uploads\/2019\/02\/28860c10.png","type":"image\/png"}],"twitter_card":"summary_large_image","twitter_misc":{"Tahmini okuma s\u00fcresi":"1 dakika"},"schema":{"@context":"https:\/\/schema.org","@graph":[{"@type":["WebPage","ItemPage"],"@id":"https:\/\/www.purejewels.com\/product\/indian-gold-nose-pin-uk-2\/","url":"https:\/\/www.purejewels.com\/product\/indian-gold-nose-pin-uk-2\/","name":"22 ayar alt\u0131n CZ yaprak desenli burun pimi | Vidal\u0131 | PureJewels UK","isPartOf":{"@id":"https:\/\/www.purejewels.com\/#website"},"primaryImageOfPage":{"@id":"https:\/\/www.purejewels.com\/product\/indian-gold-nose-pin-uk-2\/#primaryimage"},"image":{"@id":"https:\/\/www.purejewels.com\/product\/indian-gold-nose-pin-uk-2\/#primaryimage"},"thumbnailUrl":"https:\/\/static.purejewels.com\/wp-content\/uploads\/2019\/02\/28860c10.png","datePublished":"2019-02-16T06:51:28+00:00","dateModified":"2025-11-19T11:41:43+00:00","description":"PureJewels'tan 22 ayar alt\u0131n CZ yaprak desenli burun pimi sat\u0131n al\u0131n. Zarif yaprak desenli k\u0131vr\u0131m ve g\u00fcvenli vida arka tasar\u0131m\u0131yla. G\u00fcnl\u00fck \u015f\u0131kl\u0131k i\u00e7in ideal.","breadcrumb":{"@id":"https:\/\/www.purejewels.com\/product\/indian-gold-nose-pin-uk-2\/#breadcrumb"},"inLanguage":"tr","potentialAction":[{"@type":"ReadAction","target":["https:\/\/www.purejewels.com\/product\/indian-gold-nose-pin-uk-2\/"]}]},{"@type":"ImageObject","inLanguage":"tr","@id":"https:\/\/www.purejewels.com\/product\/indian-gold-nose-pin-uk-2\/#primaryimage","url":"https:\/\/static.purejewels.com\/wp-content\/uploads\/2019\/02\/28860c10.png","contentUrl":"https:\/\/static.purejewels.com\/wp-content\/uploads\/2019\/02\/28860c10.png","width":1000,"height":1000,"caption":"28860c10"},{"@type":"BreadcrumbList","@id":"https:\/\/www.purejewels.com\/product\/indian-gold-nose-pin-uk-2\/#breadcrumb","itemListElement":[{"@type":"ListItem","position":1,"name":"Home","item":"https:\/\/www.purejewels.com\/"},{"@type":"ListItem","position":2,"name":"Shop","item":"https:\/\/www.purejewels.com\/shop\/"},{"@type":"ListItem","position":3,"name":"22ct Gold CZ Leaf Swirl Nose Pin"}]},{"@type":"WebSite","@id":"https:\/\/www.purejewels.com\/#website","url":"https:\/\/www.purejewels.com\/","name":"PureJewels \u0130ngiltere","description":"Sevgiyi Payla\u015f\u0131n","publisher":{"@id":"https:\/\/www.purejewels.com\/#organization"},"potentialAction":[{"@type":"SearchAction","target":{"@type":"EntryPoint","urlTemplate":"https:\/\/www.purejewels.com\/?s={search_term_string}"},"query-input":{"@type":"PropertyValueSpecification","valueRequired":true,"valueName":"search_term_string"}}],"inLanguage":"tr"},{"@type":"Organization","@id":"https:\/\/www.purejewels.com\/#organization","name":"PureJewels \u0130ngiltere","url":"https:\/\/www.purejewels.com\/","logo":{"@type":"ImageObject","inLanguage":"tr","@id":"https:\/\/www.purejewels.com\/#\/schema\/logo\/image\/","url":"https:\/\/static.purejewels.com\/wp-content\/uploads\/2020\/11\/Logo-PJ-New-1.png","contentUrl":"https:\/\/static.purejewels.com\/wp-content\/uploads\/2020\/11\/Logo-PJ-New-1.png","width":150,"height":80,"caption":"PureJewels UK"},"image":{"@id":"https:\/\/www.purejewels.com\/#\/schema\/logo\/image\/"}}]}},"_links":{"self":[{"href":"https:\/\/www.purejewels.com\/tr\/wp-json\/wp\/v2\/product\/309266","targetHints":{"allow":["GET"]}}],"collection":[{"href":"https:\/\/www.purejewels.com\/tr\/wp-json\/wp\/v2\/product"}],"about":[{"href":"https:\/\/www.purejewels.com\/tr\/wp-json\/wp\/v2\/types\/product"}],"replies":[{"embeddable":true,"href":"https:\/\/www.purejewels.com\/tr\/wp-json\/wp\/v2\/comments?post=309266"}],"version-history":[{"count":2,"href":"https:\/\/www.purejewels.com\/tr\/wp-json\/wp\/v2\/product\/309266\/revisions"}],"predecessor-version":[{"id":421442,"href":"https:\/\/www.purejewels.com\/tr\/wp-json\/wp\/v2\/product\/309266\/revisions\/421442"}],"wp:featuredmedia":[{"embeddable":true,"href":"https:\/\/www.purejewels.com\/tr\/wp-json\/wp\/v2\/media\/309293"}],"wp:attachment":[{"href":"https:\/\/www.purejewels.com\/tr\/wp-json\/wp\/v2\/media?parent=309266"}],"wp:term":[{"taxonomy":"product_brand","embeddable":true,"href":"https:\/\/www.purejewels.com\/tr\/wp-json\/wp\/v2\/product_brand?post=309266"},{"taxonomy":"product_cat","embeddable":true,"href":"https:\/\/www.purejewels.com\/tr\/wp-json\/wp\/v2\/product_cat?post=309266"},{"taxonomy":"product_tag","embeddable":true,"href":"https:\/\/www.purejewels.com\/tr\/wp-json\/wp\/v2\/product_tag?post=309266"}],"curies":[{"name":"wp","href":"https:\/\/api.w.org\/{rel}","templated":true}]}}