{"id":309323,"date":"2019-03-02T08:33:22","date_gmt":"2019-03-02T08:33:22","guid":{"rendered":"https:\/\/www.purejewels.com\/?post_type=product&#038;p=309323"},"modified":"2025-12-19T08:09:12","modified_gmt":"2025-12-19T08:09:12","slug":"22-ayar-hint-altin-kolye-ucu-2","status":"publish","type":"product","link":"https:\/\/www.purejewels.com\/tr\/product\/22ct-indian-gold-pendant\/","title":{"rendered":"22 ayar alt\u0131n armut \u015fekilli CZ kolye ucu"},"content":{"rendered":"<p data-start=\"533\" data-end=\"842\">\u015e\u0131kl\u0131\u011f\u0131n\u0131zla \u0131\u015f\u0131lday\u0131n <a href=\"https:\/\/www.purejewels.com\/tr\/product\/22ct-gold-jali-filigree-ring-jali-collection-31926\/\">22ct<\/a> Alt\u0131n Armut \u015eeklinde CZ Kolye \u2014 klasik g\u00fczelli\u011fin ve modern parlakl\u0131\u011f\u0131n zarif bir kutlamas\u0131. Bu \u00f6zenle i\u015flenmi\u015f kolye, her a\u00e7\u0131dan \u0131\u015f\u0131\u011f\u0131 yakalamak i\u00e7in katmanl\u0131 s\u0131ralar halinde d\u00fczenlenmi\u015f, y\u00fcksek parlakl\u0131kta k\u00fcbik zirkon ta\u015flarla s\u00fcslenmi\u015f zarif bir damla silueti sunar.<\/p>\n<p data-start=\"844\" data-end=\"1123\">22 ayar sar\u0131 alt\u0131nla s\u00fcslenmi\u015f bu kolye ucu, \u0131\u015f\u0131lt\u0131 ve zarafeti dengeleyerek resmi davetler, gelinlikler veya hediye olarak m\u00fckemmel bir se\u00e7imdir. Narin i\u015f\u00e7ili\u011fi ve l\u00fcks parlakl\u0131\u011f\u0131, tek ba\u015f\u0131na veya \u015f\u0131k bir alt\u0131n zincirle birlikte tak\u0131ld\u0131\u011f\u0131nda onu \u00f6ne \u00e7\u0131kan bir par\u00e7a haline getirir.<\/p>\n<p data-start=\"1125\" data-end=\"1260\">Geleneksel Hint cazibesi ile \u00e7a\u011fda\u015f zarafetin zarif bir birle\u015fimi olan bu kolye, nesiller boyu sevgiyle saklanacak \u015fekilde tasarlanm\u0131\u015ft\u0131r.<\/p>","protected":false},"excerpt":{"rendered":"<p>22 ayar sar\u0131 alt\u0131ndan yap\u0131lm\u0131\u015f, \u0131\u015f\u0131lt\u0131l\u0131 CZ ta\u015flarla s\u00fcslenmi\u015f g\u00f6z kama\u015ft\u0131r\u0131c\u0131 armut \u015fekilli bir kolye. \u00d6zel g\u00fcnler veya \u015f\u0131k g\u00fcnl\u00fck kullan\u0131m i\u00e7in zamans\u0131z bir par\u00e7a.<\/p>\n<ul>\n<li>22 Ayar Hint Alt\u0131n Kolye<\/li>\n<li>K\u00fcbik Zirkon Ta\u015fl\u0131<\/li>\n<li>E\u015fle\u015fen K\u00fcpe seti belirli temada mevcuttur<\/li>\n<li>A\u011f\u0131rl\u0131k 2.5 g<\/li>\n<li>SKU. 30028<\/li>\n<li>Zincir dahil de\u011fildir<\/li>\n<li>T\u00fcm fiyatlara KDV dahildir. T\u00fcm \u00fcr\u00fcnlerimiz Londra Assay Office taraf\u0131ndan damgalanm\u0131\u015ft\u0131r.<\/li>\n<li>T\u00fcm Setler Sunum Kutusu ile Birlikte Gelir<\/li>\n<li>\u0130ngiltere Genelinde \u00dccretsiz Teslimat<\/li>\n<li>Geni\u015f bir yelpazede Hint kolye modellerini ke\u015ffetmek i\u00e7in bizimle ileti\u015fime ge\u00e7in \/ WhatsApp \u00fczerinden bizimle sohbet edin.<\/li>\n<\/ul>\n<p>&nbsp;<\/p>\n<p>&nbsp;<\/p>","protected":false},"featured_media":315745,"comment_status":"closed","ping_status":"closed","template":"","meta":{"_eb_attr":"","_crsspst_to_jayantr4sg-hostcom":false},"product_brand":[],"product_cat":[1229],"product_tag":[],"class_list":{"0":"post-309323","1":"product","2":"type-product","3":"status-publish","4":"has-post-thumbnail","6":"product_cat-22ct-gold-jewellery","8":"first","9":"outofstock","10":"taxable","11":"shipping-taxable","12":"product-type-simple","13":"add-to-wishlist-before_image"},"yoast_head":"<!-- This site is optimized with the Yoast SEO plugin v27.3 - https:\/\/yoast.com\/product\/yoast-seo-wordpress\/ -->\n<title>Sparkling 22ct Gold Pendant with Pear-Shaped CZ Stones<\/title>\n<meta name=\"robots\" content=\"index, follow, max-snippet:-1, max-image-preview:large, max-video-preview:-1\" \/>\n<link rel=\"canonical\" href=\"https:\/\/www.purejewels.com\/tr\/urun\/22-ayar-hint-altin-kolye-ucu-2\/\" \/>\n<meta property=\"og:locale\" content=\"tr_TR\" \/>\n<meta property=\"og:type\" content=\"article\" \/>\n<meta property=\"og:title\" content=\"Sparkling 22ct Gold Pendant with Pear-Shaped CZ Stones\" \/>\n<meta property=\"og:description\" content=\"A dazzling pear-shaped pendant crafted in 22ct yellow gold, encrusted with shimmering CZ stones. A timeless piece for special occasions or refined daily wear.   22ct Indian Gold Pendant  With Cubic Zirconia Stones  Matching Earring set is available on particular theme  Wt. 2.5 g  SKU. 30028  Chain not included  All prices include VATAll our Products are Hallmarked by London Assay Office  All Sets Comes With Presentation Box  Free Delivery Across UK  Contact us \/ chat with us on whatsapp to explore wide range of Indian Pendant Necklace.  &nbsp;  &nbsp;\" \/>\n<meta property=\"og:url\" content=\"https:\/\/www.purejewels.com\/tr\/urun\/22-ayar-hint-altin-kolye-ucu-2\/\" \/>\n<meta property=\"og:site_name\" content=\"PureJewels UK\" \/>\n<meta property=\"article:modified_time\" content=\"2025-12-19T08:09:12+00:00\" \/>\n<meta property=\"og:image\" content=\"https:\/\/static.purejewels.com\/wp-content\/uploads\/2020\/07\/175889069.jpg\" \/>\n\t<meta property=\"og:image:width\" content=\"1000\" \/>\n\t<meta property=\"og:image:height\" content=\"1000\" \/>\n\t<meta property=\"og:image:type\" content=\"image\/jpeg\" \/>\n<meta name=\"twitter:card\" content=\"summary_large_image\" \/>\n<meta name=\"twitter:label1\" content=\"Tahmini okuma s\u00fcresi\" \/>\n\t<meta name=\"twitter:data1\" content=\"1 dakika\" \/>\n<script type=\"application\/ld+json\" class=\"yoast-schema-graph\">{\"@context\":\"https:\\\/\\\/schema.org\",\"@graph\":[{\"@type\":[\"WebPage\",\"ItemPage\"],\"@id\":\"https:\\\/\\\/www.purejewels.com\\\/product\\\/22ct-indian-gold-pendant\\\/\",\"url\":\"https:\\\/\\\/www.purejewels.com\\\/product\\\/22ct-indian-gold-pendant\\\/\",\"name\":\"Sparkling 22ct Gold Pendant with Pear-Shaped CZ Stones\",\"isPartOf\":{\"@id\":\"https:\\\/\\\/www.purejewels.com\\\/#website\"},\"primaryImageOfPage\":{\"@id\":\"https:\\\/\\\/www.purejewels.com\\\/product\\\/22ct-indian-gold-pendant\\\/#primaryimage\"},\"image\":{\"@id\":\"https:\\\/\\\/www.purejewels.com\\\/product\\\/22ct-indian-gold-pendant\\\/#primaryimage\"},\"thumbnailUrl\":\"https:\\\/\\\/static.purejewels.com\\\/wp-content\\\/uploads\\\/2020\\\/07\\\/175889069.jpg\",\"datePublished\":\"2019-03-02T08:33:22+00:00\",\"dateModified\":\"2025-12-19T08:09:12+00:00\",\"breadcrumb\":{\"@id\":\"https:\\\/\\\/www.purejewels.com\\\/product\\\/22ct-indian-gold-pendant\\\/#breadcrumb\"},\"inLanguage\":\"tr\",\"potentialAction\":[{\"@type\":\"ReadAction\",\"target\":[\"https:\\\/\\\/www.purejewels.com\\\/product\\\/22ct-indian-gold-pendant\\\/\"]}]},{\"@type\":\"ImageObject\",\"inLanguage\":\"tr\",\"@id\":\"https:\\\/\\\/www.purejewels.com\\\/product\\\/22ct-indian-gold-pendant\\\/#primaryimage\",\"url\":\"https:\\\/\\\/static.purejewels.com\\\/wp-content\\\/uploads\\\/2020\\\/07\\\/175889069.jpg\",\"contentUrl\":\"https:\\\/\\\/static.purejewels.com\\\/wp-content\\\/uploads\\\/2020\\\/07\\\/175889069.jpg\",\"width\":1000,\"height\":1000,\"caption\":\"22ct Gold Pear-Shaped CZ Pendant\"},{\"@type\":\"BreadcrumbList\",\"@id\":\"https:\\\/\\\/www.purejewels.com\\\/product\\\/22ct-indian-gold-pendant\\\/#breadcrumb\",\"itemListElement\":[{\"@type\":\"ListItem\",\"position\":1,\"name\":\"Home\",\"item\":\"https:\\\/\\\/www.purejewels.com\\\/\"},{\"@type\":\"ListItem\",\"position\":2,\"name\":\"Shop\",\"item\":\"https:\\\/\\\/www.purejewels.com\\\/shop\\\/\"},{\"@type\":\"ListItem\",\"position\":3,\"name\":\"22ct Gold Pear-Shaped CZ Pendant\"}]},{\"@type\":\"WebSite\",\"@id\":\"https:\\\/\\\/www.purejewels.com\\\/#website\",\"url\":\"https:\\\/\\\/www.purejewels.com\\\/\",\"name\":\"PureJewels UK\",\"description\":\"Share the Love\",\"publisher\":{\"@id\":\"https:\\\/\\\/www.purejewels.com\\\/#organization\"},\"potentialAction\":[{\"@type\":\"SearchAction\",\"target\":{\"@type\":\"EntryPoint\",\"urlTemplate\":\"https:\\\/\\\/www.purejewels.com\\\/?s={search_term_string}\"},\"query-input\":{\"@type\":\"PropertyValueSpecification\",\"valueRequired\":true,\"valueName\":\"search_term_string\"}}],\"inLanguage\":\"tr\"},{\"@type\":\"Organization\",\"@id\":\"https:\\\/\\\/www.purejewels.com\\\/#organization\",\"name\":\"PureJewels UK\",\"url\":\"https:\\\/\\\/www.purejewels.com\\\/\",\"logo\":{\"@type\":\"ImageObject\",\"inLanguage\":\"tr\",\"@id\":\"https:\\\/\\\/www.purejewels.com\\\/#\\\/schema\\\/logo\\\/image\\\/\",\"url\":\"https:\\\/\\\/static.purejewels.com\\\/wp-content\\\/uploads\\\/2020\\\/11\\\/Logo-PJ-New-1.png\",\"contentUrl\":\"https:\\\/\\\/static.purejewels.com\\\/wp-content\\\/uploads\\\/2020\\\/11\\\/Logo-PJ-New-1.png\",\"width\":150,\"height\":80,\"caption\":\"PureJewels UK\"},\"image\":{\"@id\":\"https:\\\/\\\/www.purejewels.com\\\/#\\\/schema\\\/logo\\\/image\\\/\"}}]}<\/script>\n<!-- \/ Yoast SEO plugin. -->","yoast_head_json":{"title":"Armut \u015eeklinde CZ Ta\u015fl\u0131 22 Ayar Alt\u0131n Kolye","robots":{"index":"index","follow":"follow","max-snippet":"max-snippet:-1","max-image-preview":"max-image-preview:large","max-video-preview":"max-video-preview:-1"},"canonical":"https:\/\/www.purejewels.com\/tr\/urun\/22-ayar-hint-altin-kolye-ucu-2\/","og_locale":"tr_TR","og_type":"article","og_title":"Sparkling 22ct Gold Pendant with Pear-Shaped CZ Stones","og_description":"A dazzling pear-shaped pendant crafted in 22ct yellow gold, encrusted with shimmering CZ stones. A timeless piece for special occasions or refined daily wear.   22ct Indian Gold Pendant  With Cubic Zirconia Stones  Matching Earring set is available on particular theme  Wt. 2.5 g  SKU. 30028  Chain not included  All prices include VATAll our Products are Hallmarked by London Assay Office  All Sets Comes With Presentation Box  Free Delivery Across UK  Contact us \/ chat with us on whatsapp to explore wide range of Indian Pendant Necklace.  &nbsp;  &nbsp;","og_url":"https:\/\/www.purejewels.com\/tr\/urun\/22-ayar-hint-altin-kolye-ucu-2\/","og_site_name":"PureJewels UK","article_modified_time":"2025-12-19T08:09:12+00:00","og_image":[{"width":1000,"height":1000,"url":"https:\/\/static.purejewels.com\/wp-content\/uploads\/2020\/07\/175889069.jpg","type":"image\/jpeg"}],"twitter_card":"summary_large_image","twitter_misc":{"Tahmini okuma s\u00fcresi":"1 dakika"},"schema":{"@context":"https:\/\/schema.org","@graph":[{"@type":["WebPage","ItemPage"],"@id":"https:\/\/www.purejewels.com\/product\/22ct-indian-gold-pendant\/","url":"https:\/\/www.purejewels.com\/product\/22ct-indian-gold-pendant\/","name":"Armut \u015eeklinde CZ Ta\u015fl\u0131 22 Ayar Alt\u0131n Kolye","isPartOf":{"@id":"https:\/\/www.purejewels.com\/#website"},"primaryImageOfPage":{"@id":"https:\/\/www.purejewels.com\/product\/22ct-indian-gold-pendant\/#primaryimage"},"image":{"@id":"https:\/\/www.purejewels.com\/product\/22ct-indian-gold-pendant\/#primaryimage"},"thumbnailUrl":"https:\/\/static.purejewels.com\/wp-content\/uploads\/2020\/07\/175889069.jpg","datePublished":"2019-03-02T08:33:22+00:00","dateModified":"2025-12-19T08:09:12+00:00","breadcrumb":{"@id":"https:\/\/www.purejewels.com\/product\/22ct-indian-gold-pendant\/#breadcrumb"},"inLanguage":"tr","potentialAction":[{"@type":"ReadAction","target":["https:\/\/www.purejewels.com\/product\/22ct-indian-gold-pendant\/"]}]},{"@type":"ImageObject","inLanguage":"tr","@id":"https:\/\/www.purejewels.com\/product\/22ct-indian-gold-pendant\/#primaryimage","url":"https:\/\/static.purejewels.com\/wp-content\/uploads\/2020\/07\/175889069.jpg","contentUrl":"https:\/\/static.purejewels.com\/wp-content\/uploads\/2020\/07\/175889069.jpg","width":1000,"height":1000,"caption":"22ct Gold Pear-Shaped CZ Pendant"},{"@type":"BreadcrumbList","@id":"https:\/\/www.purejewels.com\/product\/22ct-indian-gold-pendant\/#breadcrumb","itemListElement":[{"@type":"ListItem","position":1,"name":"Home","item":"https:\/\/www.purejewels.com\/"},{"@type":"ListItem","position":2,"name":"Shop","item":"https:\/\/www.purejewels.com\/shop\/"},{"@type":"ListItem","position":3,"name":"22ct Gold Pear-Shaped CZ Pendant"}]},{"@type":"WebSite","@id":"https:\/\/www.purejewels.com\/#website","url":"https:\/\/www.purejewels.com\/","name":"PureJewels \u0130ngiltere","description":"Sevgiyi Payla\u015f\u0131n","publisher":{"@id":"https:\/\/www.purejewels.com\/#organization"},"potentialAction":[{"@type":"SearchAction","target":{"@type":"EntryPoint","urlTemplate":"https:\/\/www.purejewels.com\/?s={search_term_string}"},"query-input":{"@type":"PropertyValueSpecification","valueRequired":true,"valueName":"search_term_string"}}],"inLanguage":"tr"},{"@type":"Organization","@id":"https:\/\/www.purejewels.com\/#organization","name":"PureJewels \u0130ngiltere","url":"https:\/\/www.purejewels.com\/","logo":{"@type":"ImageObject","inLanguage":"tr","@id":"https:\/\/www.purejewels.com\/#\/schema\/logo\/image\/","url":"https:\/\/static.purejewels.com\/wp-content\/uploads\/2020\/11\/Logo-PJ-New-1.png","contentUrl":"https:\/\/static.purejewels.com\/wp-content\/uploads\/2020\/11\/Logo-PJ-New-1.png","width":150,"height":80,"caption":"PureJewels UK"},"image":{"@id":"https:\/\/www.purejewels.com\/#\/schema\/logo\/image\/"}}]}},"_links":{"self":[{"href":"https:\/\/www.purejewels.com\/tr\/wp-json\/wp\/v2\/product\/309323","targetHints":{"allow":["GET"]}}],"collection":[{"href":"https:\/\/www.purejewels.com\/tr\/wp-json\/wp\/v2\/product"}],"about":[{"href":"https:\/\/www.purejewels.com\/tr\/wp-json\/wp\/v2\/types\/product"}],"replies":[{"embeddable":true,"href":"https:\/\/www.purejewels.com\/tr\/wp-json\/wp\/v2\/comments?post=309323"}],"version-history":[{"count":2,"href":"https:\/\/www.purejewels.com\/tr\/wp-json\/wp\/v2\/product\/309323\/revisions"}],"predecessor-version":[{"id":423528,"href":"https:\/\/www.purejewels.com\/tr\/wp-json\/wp\/v2\/product\/309323\/revisions\/423528"}],"wp:featuredmedia":[{"embeddable":true,"href":"https:\/\/www.purejewels.com\/tr\/wp-json\/wp\/v2\/media\/315745"}],"wp:attachment":[{"href":"https:\/\/www.purejewels.com\/tr\/wp-json\/wp\/v2\/media?parent=309323"}],"wp:term":[{"taxonomy":"product_brand","embeddable":true,"href":"https:\/\/www.purejewels.com\/tr\/wp-json\/wp\/v2\/product_brand?post=309323"},{"taxonomy":"product_cat","embeddable":true,"href":"https:\/\/www.purejewels.com\/tr\/wp-json\/wp\/v2\/product_cat?post=309323"},{"taxonomy":"product_tag","embeddable":true,"href":"https:\/\/www.purejewels.com\/tr\/wp-json\/wp\/v2\/product_tag?post=309323"}],"curies":[{"name":"wp","href":"https:\/\/api.w.org\/{rel}","templated":true}]}}