{"id":309399,"date":"2019-03-04T11:11:29","date_gmt":"2019-03-04T11:11:29","guid":{"rendered":"https:\/\/www.purejewels.com\/?post_type=product&#038;p=309399"},"modified":"2025-12-17T11:39:33","modified_gmt":"2025-12-17T11:39:33","slug":"rodyum-kaplamali-22-ayar-altin-kolye-ucu","status":"publish","type":"product","link":"https:\/\/www.purejewels.com\/tr\/product\/22-carat-gold-pendant-with-rhodium-finish\/","title":{"rendered":"22 ayar alt\u0131n kad\u0131n kolye ucu, rodyum kaplama"},"content":{"rendered":"<p>Parlakl\u0131\u011f\u0131 ve sofistike tarz\u0131 yans\u0131tmak i\u00e7in tasarlanan, g\u00fczel i\u015f\u00e7ili\u011fe sahip bu 22 ayar alt\u0131n kolye ile g\u00f6r\u00fcn\u00fcm\u00fcn\u00fcz\u00fc bir \u00fcst seviyeye ta\u015f\u0131y\u0131n. Bu kolye, simetriyi modern zarafetle harmanlayan zarif bir kafes desenine sahiptir ve karma\u015f\u0131k elmas kesim detaylarla daha da g\u00fczelle\u015ftirilmi\u015ftir.<\/p>\n<p>Vurgulu <a href=\"https:\/\/www.purejewels.com\/tr\/product\/designer-ring-for-women-in-22-carat-31928\/\">rodyum kaplama<\/a>, alternatif segmentler sar\u0131 alt\u0131nla \u00e7arp\u0131c\u0131 bir kontrast olu\u015fturarak parlak ve \u0131\u015f\u0131lt\u0131l\u0131 bir etki yarat\u0131r. Tasar\u0131m\u0131n her bir \u00f6\u011fesi, rahatl\u0131k i\u00e7in hafif bir his korurken zengin ve l\u00fcks bir g\u00f6r\u00fcn\u00fcm sa\u011flamak i\u00e7in titizlikle yerle\u015ftirilmi\u015ftir.<\/p>\n<p>Bu kolye, \u00e7a\u011fda\u015f estetik ve geleneksel zanaatkarl\u0131\u011f\u0131n m\u00fckemmel bir kar\u0131\u015f\u0131m\u0131d\u0131r ve bayramlar, resmi etkinlikler veya zarif bir g\u00fcnl\u00fck aksesuar olarak kullan\u0131ma uygundur. Tek ba\u015f\u0131na veya daha ki\u015fisel bir stil i\u00e7in di\u011fer alt\u0131n zincirlerle birlikte tak\u0131labilir.<\/p>","protected":false},"excerpt":{"rendered":"<p>Bu \u015f\u0131k 22 ayar alt\u0131n kolye ucu, elmas kesim, kafeslerden ilham alan bir tasar\u0131ma sahiptir ve rodyum kaplama ile vurgulanm\u0131\u015ft\u0131r. Hem modern hem de geleneksel k\u0131yafetler i\u00e7in idealdir.<\/p>\n<ul>\n<li>Rodyum kaplamal\u0131 22 ayar Alt\u0131n kolye ucu<\/li>\n<li>K\u00fcbik zirkonya ta\u015fl\u0131<\/li>\n<li>E\u015fle\u015fen K\u00fcpe seti belirli temada mevcuttur<\/li>\n<li>A\u011f\u0131rl\u0131k 2.6 g<\/li>\n<li>SKU. 30014<\/li>\n<li>Zincir dahil de\u011fildir<\/li>\n<li>T\u00fcm fiyatlara KDV dahildir<\/li>\n<li>T\u00fcm \u00dcr\u00fcnlerimiz Londra Tahlil Ofisi Taraf\u0131ndan Damgalanm\u0131\u015ft\u0131r<\/li>\n<li>T\u00fcm Setler Sunum Kutusu ile Birlikte Gelir<\/li>\n<li>\u0130ngiltere Genelinde \u00dccretsiz Teslimat<\/li>\n<li>\u00dcr\u00fcn\u00fcn canl\u0131 videosu i\u00e7in bize ula\u015f\u0131n \/ bizimle sohbet edin<\/li>\n<\/ul>","protected":false},"featured_media":309400,"comment_status":"closed","ping_status":"closed","template":"","meta":{"_eb_attr":"","_crsspst_to_jayantr4sg-hostcom":false},"product_brand":[],"product_cat":[1574],"product_tag":[],"class_list":{"0":"post-309399","1":"product","2":"type-product","3":"status-publish","4":"has-post-thumbnail","6":"product_cat-womens-jewellery","8":"first","9":"outofstock","10":"taxable","11":"shipping-taxable","12":"product-type-simple","13":"add-to-wishlist-before_image"},"yoast_head":"<!-- This site is optimized with the Yoast SEO plugin v27.3 - https:\/\/yoast.com\/product\/yoast-seo-wordpress\/ -->\n<title>22ct Gold Pendant | Elegant Diamond-Cut Design | PureJewels UK<\/title>\n<meta name=\"description\" content=\"Shop this 22ct Gold Pendant featuring a refined diamond-cut design and shimmering rhodium finish. A luxurious piece for timeless elegance and daily wear.\" \/>\n<meta name=\"robots\" content=\"index, follow, max-snippet:-1, max-image-preview:large, max-video-preview:-1\" \/>\n<link rel=\"canonical\" href=\"https:\/\/www.purejewels.com\/tr\/urun\/rodyum-kaplamali-22-ayar-altin-kolye-ucu\/\" \/>\n<meta property=\"og:locale\" content=\"tr_TR\" \/>\n<meta property=\"og:type\" content=\"article\" \/>\n<meta property=\"og:title\" content=\"22ct Gold Pendant | Elegant Diamond-Cut Design | PureJewels UK\" \/>\n<meta property=\"og:description\" content=\"Shop this 22ct Gold Pendant featuring a refined diamond-cut design and shimmering rhodium finish. A luxurious piece for timeless elegance and daily wear.\" \/>\n<meta property=\"og:url\" content=\"https:\/\/www.purejewels.com\/tr\/urun\/rodyum-kaplamali-22-ayar-altin-kolye-ucu\/\" \/>\n<meta property=\"og:site_name\" content=\"PureJewels UK\" \/>\n<meta property=\"article:modified_time\" content=\"2025-12-17T11:39:33+00:00\" \/>\n<meta property=\"og:image\" content=\"https:\/\/static.purejewels.com\/wp-content\/uploads\/2019\/03\/30014.png\" \/>\n\t<meta property=\"og:image:width\" content=\"1000\" \/>\n\t<meta property=\"og:image:height\" content=\"1000\" \/>\n\t<meta property=\"og:image:type\" content=\"image\/png\" \/>\n<meta name=\"twitter:card\" content=\"summary_large_image\" \/>\n<meta name=\"twitter:label1\" content=\"Tahmini okuma s\u00fcresi\" \/>\n\t<meta name=\"twitter:data1\" content=\"1 dakika\" \/>\n<script type=\"application\/ld+json\" class=\"yoast-schema-graph\">{\"@context\":\"https:\\\/\\\/schema.org\",\"@graph\":[{\"@type\":[\"WebPage\",\"ItemPage\"],\"@id\":\"https:\\\/\\\/www.purejewels.com\\\/product\\\/22-carat-gold-pendant-with-rhodium-finish\\\/\",\"url\":\"https:\\\/\\\/www.purejewels.com\\\/product\\\/22-carat-gold-pendant-with-rhodium-finish\\\/\",\"name\":\"22ct Gold Pendant | Elegant Diamond-Cut Design | PureJewels UK\",\"isPartOf\":{\"@id\":\"https:\\\/\\\/www.purejewels.com\\\/#website\"},\"primaryImageOfPage\":{\"@id\":\"https:\\\/\\\/www.purejewels.com\\\/product\\\/22-carat-gold-pendant-with-rhodium-finish\\\/#primaryimage\"},\"image\":{\"@id\":\"https:\\\/\\\/www.purejewels.com\\\/product\\\/22-carat-gold-pendant-with-rhodium-finish\\\/#primaryimage\"},\"thumbnailUrl\":\"https:\\\/\\\/static.purejewels.com\\\/wp-content\\\/uploads\\\/2019\\\/03\\\/30014.png\",\"datePublished\":\"2019-03-04T11:11:29+00:00\",\"dateModified\":\"2025-12-17T11:39:33+00:00\",\"description\":\"Shop this 22ct Gold Pendant featuring a refined diamond-cut design and shimmering rhodium finish. A luxurious piece for timeless elegance and daily wear.\",\"breadcrumb\":{\"@id\":\"https:\\\/\\\/www.purejewels.com\\\/product\\\/22-carat-gold-pendant-with-rhodium-finish\\\/#breadcrumb\"},\"inLanguage\":\"tr\",\"potentialAction\":[{\"@type\":\"ReadAction\",\"target\":[\"https:\\\/\\\/www.purejewels.com\\\/product\\\/22-carat-gold-pendant-with-rhodium-finish\\\/\"]}]},{\"@type\":\"ImageObject\",\"inLanguage\":\"tr\",\"@id\":\"https:\\\/\\\/www.purejewels.com\\\/product\\\/22-carat-gold-pendant-with-rhodium-finish\\\/#primaryimage\",\"url\":\"https:\\\/\\\/static.purejewels.com\\\/wp-content\\\/uploads\\\/2019\\\/03\\\/30014.png\",\"contentUrl\":\"https:\\\/\\\/static.purejewels.com\\\/wp-content\\\/uploads\\\/2019\\\/03\\\/30014.png\",\"width\":1000,\"height\":1000,\"caption\":\"30014\"},{\"@type\":\"BreadcrumbList\",\"@id\":\"https:\\\/\\\/www.purejewels.com\\\/product\\\/22-carat-gold-pendant-with-rhodium-finish\\\/#breadcrumb\",\"itemListElement\":[{\"@type\":\"ListItem\",\"position\":1,\"name\":\"Home\",\"item\":\"https:\\\/\\\/www.purejewels.com\\\/\"},{\"@type\":\"ListItem\",\"position\":2,\"name\":\"Shop\",\"item\":\"https:\\\/\\\/www.purejewels.com\\\/shop\\\/\"},{\"@type\":\"ListItem\",\"position\":3,\"name\":\"22ct Gold Ladies Pendant with Rhodium finish\"}]},{\"@type\":\"WebSite\",\"@id\":\"https:\\\/\\\/www.purejewels.com\\\/#website\",\"url\":\"https:\\\/\\\/www.purejewels.com\\\/\",\"name\":\"PureJewels UK\",\"description\":\"Share the Love\",\"publisher\":{\"@id\":\"https:\\\/\\\/www.purejewels.com\\\/#organization\"},\"potentialAction\":[{\"@type\":\"SearchAction\",\"target\":{\"@type\":\"EntryPoint\",\"urlTemplate\":\"https:\\\/\\\/www.purejewels.com\\\/?s={search_term_string}\"},\"query-input\":{\"@type\":\"PropertyValueSpecification\",\"valueRequired\":true,\"valueName\":\"search_term_string\"}}],\"inLanguage\":\"tr\"},{\"@type\":\"Organization\",\"@id\":\"https:\\\/\\\/www.purejewels.com\\\/#organization\",\"name\":\"PureJewels UK\",\"url\":\"https:\\\/\\\/www.purejewels.com\\\/\",\"logo\":{\"@type\":\"ImageObject\",\"inLanguage\":\"tr\",\"@id\":\"https:\\\/\\\/www.purejewels.com\\\/#\\\/schema\\\/logo\\\/image\\\/\",\"url\":\"https:\\\/\\\/static.purejewels.com\\\/wp-content\\\/uploads\\\/2020\\\/11\\\/Logo-PJ-New-1.png\",\"contentUrl\":\"https:\\\/\\\/static.purejewels.com\\\/wp-content\\\/uploads\\\/2020\\\/11\\\/Logo-PJ-New-1.png\",\"width\":150,\"height\":80,\"caption\":\"PureJewels UK\"},\"image\":{\"@id\":\"https:\\\/\\\/www.purejewels.com\\\/#\\\/schema\\\/logo\\\/image\\\/\"}}]}<\/script>\n<!-- \/ Yoast SEO plugin. -->","yoast_head_json":{"title":"22 ayar alt\u0131n kolye | Zarif elmas kesim tasar\u0131m | PureJewels UK","description":"Zarif elmas kesim tasar\u0131m\u0131 ve \u0131\u015f\u0131lt\u0131l\u0131 rodyum kaplamas\u0131yla bu 22 ayar alt\u0131n kolyeyi sat\u0131n al\u0131n. Zamans\u0131z zarafet ve g\u00fcnl\u00fck kullan\u0131m i\u00e7in l\u00fcks bir par\u00e7a.","robots":{"index":"index","follow":"follow","max-snippet":"max-snippet:-1","max-image-preview":"max-image-preview:large","max-video-preview":"max-video-preview:-1"},"canonical":"https:\/\/www.purejewels.com\/tr\/urun\/rodyum-kaplamali-22-ayar-altin-kolye-ucu\/","og_locale":"tr_TR","og_type":"article","og_title":"22ct Gold Pendant | Elegant Diamond-Cut Design | PureJewels UK","og_description":"Shop this 22ct Gold Pendant featuring a refined diamond-cut design and shimmering rhodium finish. A luxurious piece for timeless elegance and daily wear.","og_url":"https:\/\/www.purejewels.com\/tr\/urun\/rodyum-kaplamali-22-ayar-altin-kolye-ucu\/","og_site_name":"PureJewels UK","article_modified_time":"2025-12-17T11:39:33+00:00","og_image":[{"width":1000,"height":1000,"url":"https:\/\/static.purejewels.com\/wp-content\/uploads\/2019\/03\/30014.png","type":"image\/png"}],"twitter_card":"summary_large_image","twitter_misc":{"Tahmini okuma s\u00fcresi":"1 dakika"},"schema":{"@context":"https:\/\/schema.org","@graph":[{"@type":["WebPage","ItemPage"],"@id":"https:\/\/www.purejewels.com\/product\/22-carat-gold-pendant-with-rhodium-finish\/","url":"https:\/\/www.purejewels.com\/product\/22-carat-gold-pendant-with-rhodium-finish\/","name":"22 ayar alt\u0131n kolye | Zarif elmas kesim tasar\u0131m | PureJewels UK","isPartOf":{"@id":"https:\/\/www.purejewels.com\/#website"},"primaryImageOfPage":{"@id":"https:\/\/www.purejewels.com\/product\/22-carat-gold-pendant-with-rhodium-finish\/#primaryimage"},"image":{"@id":"https:\/\/www.purejewels.com\/product\/22-carat-gold-pendant-with-rhodium-finish\/#primaryimage"},"thumbnailUrl":"https:\/\/static.purejewels.com\/wp-content\/uploads\/2019\/03\/30014.png","datePublished":"2019-03-04T11:11:29+00:00","dateModified":"2025-12-17T11:39:33+00:00","description":"Zarif elmas kesim tasar\u0131m\u0131 ve \u0131\u015f\u0131lt\u0131l\u0131 rodyum kaplamas\u0131yla bu 22 ayar alt\u0131n kolyeyi sat\u0131n al\u0131n. Zamans\u0131z zarafet ve g\u00fcnl\u00fck kullan\u0131m i\u00e7in l\u00fcks bir par\u00e7a.","breadcrumb":{"@id":"https:\/\/www.purejewels.com\/product\/22-carat-gold-pendant-with-rhodium-finish\/#breadcrumb"},"inLanguage":"tr","potentialAction":[{"@type":"ReadAction","target":["https:\/\/www.purejewels.com\/product\/22-carat-gold-pendant-with-rhodium-finish\/"]}]},{"@type":"ImageObject","inLanguage":"tr","@id":"https:\/\/www.purejewels.com\/product\/22-carat-gold-pendant-with-rhodium-finish\/#primaryimage","url":"https:\/\/static.purejewels.com\/wp-content\/uploads\/2019\/03\/30014.png","contentUrl":"https:\/\/static.purejewels.com\/wp-content\/uploads\/2019\/03\/30014.png","width":1000,"height":1000,"caption":"30014"},{"@type":"BreadcrumbList","@id":"https:\/\/www.purejewels.com\/product\/22-carat-gold-pendant-with-rhodium-finish\/#breadcrumb","itemListElement":[{"@type":"ListItem","position":1,"name":"Home","item":"https:\/\/www.purejewels.com\/"},{"@type":"ListItem","position":2,"name":"Shop","item":"https:\/\/www.purejewels.com\/shop\/"},{"@type":"ListItem","position":3,"name":"22ct Gold Ladies Pendant with Rhodium finish"}]},{"@type":"WebSite","@id":"https:\/\/www.purejewels.com\/#website","url":"https:\/\/www.purejewels.com\/","name":"PureJewels \u0130ngiltere","description":"Sevgiyi Payla\u015f\u0131n","publisher":{"@id":"https:\/\/www.purejewels.com\/#organization"},"potentialAction":[{"@type":"SearchAction","target":{"@type":"EntryPoint","urlTemplate":"https:\/\/www.purejewels.com\/?s={search_term_string}"},"query-input":{"@type":"PropertyValueSpecification","valueRequired":true,"valueName":"search_term_string"}}],"inLanguage":"tr"},{"@type":"Organization","@id":"https:\/\/www.purejewels.com\/#organization","name":"PureJewels \u0130ngiltere","url":"https:\/\/www.purejewels.com\/","logo":{"@type":"ImageObject","inLanguage":"tr","@id":"https:\/\/www.purejewels.com\/#\/schema\/logo\/image\/","url":"https:\/\/static.purejewels.com\/wp-content\/uploads\/2020\/11\/Logo-PJ-New-1.png","contentUrl":"https:\/\/static.purejewels.com\/wp-content\/uploads\/2020\/11\/Logo-PJ-New-1.png","width":150,"height":80,"caption":"PureJewels UK"},"image":{"@id":"https:\/\/www.purejewels.com\/#\/schema\/logo\/image\/"}}]}},"_links":{"self":[{"href":"https:\/\/www.purejewels.com\/tr\/wp-json\/wp\/v2\/product\/309399","targetHints":{"allow":["GET"]}}],"collection":[{"href":"https:\/\/www.purejewels.com\/tr\/wp-json\/wp\/v2\/product"}],"about":[{"href":"https:\/\/www.purejewels.com\/tr\/wp-json\/wp\/v2\/types\/product"}],"replies":[{"embeddable":true,"href":"https:\/\/www.purejewels.com\/tr\/wp-json\/wp\/v2\/comments?post=309399"}],"version-history":[{"count":2,"href":"https:\/\/www.purejewels.com\/tr\/wp-json\/wp\/v2\/product\/309399\/revisions"}],"predecessor-version":[{"id":423313,"href":"https:\/\/www.purejewels.com\/tr\/wp-json\/wp\/v2\/product\/309399\/revisions\/423313"}],"wp:featuredmedia":[{"embeddable":true,"href":"https:\/\/www.purejewels.com\/tr\/wp-json\/wp\/v2\/media\/309400"}],"wp:attachment":[{"href":"https:\/\/www.purejewels.com\/tr\/wp-json\/wp\/v2\/media?parent=309399"}],"wp:term":[{"taxonomy":"product_brand","embeddable":true,"href":"https:\/\/www.purejewels.com\/tr\/wp-json\/wp\/v2\/product_brand?post=309399"},{"taxonomy":"product_cat","embeddable":true,"href":"https:\/\/www.purejewels.com\/tr\/wp-json\/wp\/v2\/product_cat?post=309399"},{"taxonomy":"product_tag","embeddable":true,"href":"https:\/\/www.purejewels.com\/tr\/wp-json\/wp\/v2\/product_tag?post=309399"}],"curies":[{"name":"wp","href":"https:\/\/api.w.org\/{rel}","templated":true}]}}