{"id":309412,"date":"2019-03-04T10:23:24","date_gmt":"2019-03-04T10:23:24","guid":{"rendered":"https:\/\/www.purejewels.com\/?post_type=product&#038;p=309412"},"modified":"2025-12-19T06:05:46","modified_gmt":"2025-12-19T06:05:46","slug":"22-ayar-sari-altin-saplama-kupe","status":"publish","type":"product","link":"https:\/\/www.purejewels.com\/tr\/product\/22ct-yellow-gold-stud-earrings\/","title":{"rendered":"22 ayar alt\u0131n \u0131\u015f\u0131lt\u0131l\u0131 yaprak k\u00fcpe"},"content":{"rendered":"<p data-start=\"602\" data-end=\"863\">\u00d6zenle haz\u0131rlanm\u0131\u015f <a href=\"https:\/\/www.purejewels.com\/tr\/product\/22ct-gold-jali-filigree-ring-jali-collection-31926\/\">22ct<\/a> Sar\u0131 alt\u0131n Sparkle Leaf Stud K\u00fcpeler, do\u011fan\u0131n zamans\u0131z g\u00fczelli\u011fine zarif bir selam niteli\u011findedir. \u00c7ift katmanl\u0131 markiz yaprak tasar\u0131m\u0131, parlak beyaz ta\u015flarla vurgulanarak her d\u00f6n\u00fc\u015fte \u0131\u015f\u0131lt\u0131 ve \u0131\u015f\u0131k oyunlar\u0131 yarat\u0131r.<\/p>\n<p data-start=\"865\" data-end=\"1096\">Hafif ve rahat olan bu k\u00fcpeler, i\u015f yerinde veya ak\u015fam etkinliklerinde g\u00fcnl\u00fck kullan\u0131m i\u00e7in m\u00fckemmeldir. A\u00e7\u0131k i\u015f\u00e7ilikli tasar\u0131m, zarif bir modernlik dokunu\u015fu sunarken, parlak cilal\u0131 y\u00fczey klasik bir zarafet ifade eder.<\/p>\n<p data-start=\"1098\" data-end=\"1239\">Hediye olarak al\u0131nm\u0131\u015f ya da kendi se\u00e7iminiz olsun, bu k\u00fcpeler ince bir sofistike tarz\u0131n sembol\u00fcd\u00fcr \u2014 her bir \u0131\u015f\u0131lt\u0131l\u0131 anla hikayenizi kutlar.<\/p>","protected":false},"excerpt":{"rendered":"<p>Do\u011fan\u0131n zarafetinden ilham alan bu 22 ayar alt\u0131n Sparkle Leaf Stud K\u00fcpeler, \u0131\u015f\u0131lt\u0131l\u0131 beyaz ta\u015flarla s\u00fcslenmi\u015f markiz yapra\u011f\u0131 siluetine sahiptir \u2014 g\u00fcnl\u00fck l\u00fcks i\u00e7in m\u00fckemmeldir.<\/p>\n<ul>\n<li>22 Ayar Sar\u0131 Alt\u0131n Saplama K\u00fcpe<\/li>\n<li>K\u00fcbik Zirkonya ta\u015fl\u0131<\/li>\n<li>Parti K\u0131yafetleri, \u00d6zel G\u00fcn K\u0131yafetleri \u0130\u00e7in Uygun<\/li>\n<li>E\u015fle\u015fen kolye ucu belirli bir tema \u00fczerinde mevcuttur<\/li>\n<li>A\u011f\u0131rl\u0131k 3.5 g<\/li>\n<li>SKU. 30017<\/li>\n<li>T\u00fcm fiyatlara KDV dahildir<\/li>\n<li>T\u00fcm \u00fcr\u00fcnlerimiz London Assay Office taraf\u0131ndan damgalanm\u0131\u015ft\u0131r<\/li>\n<li>Sunum Kutusu ile Birlikte Gelir<\/li>\n<li>\u0130ngiltere Genelinde \u00dccretsiz Teslimat<\/li>\n<li>\u00dcr\u00fcn\u00fcn canl\u0131 videosu i\u00e7in bize ula\u015f\u0131n \/ bizimle sohbet edin<\/li>\n<\/ul>","protected":false},"featured_media":309413,"comment_status":"closed","ping_status":"closed","template":"","meta":{"_eb_attr":"","_crsspst_to_jayantr4sg-hostcom":false},"product_brand":[],"product_cat":[1229,1577,1573,1574],"product_tag":[],"class_list":{"0":"post-309412","1":"product","2":"type-product","3":"status-publish","4":"has-post-thumbnail","6":"product_cat-22ct-gold-jewellery","7":"product_cat-stud-earrings","8":"product_cat-wedding-gifts","9":"product_cat-womens-jewellery","11":"first","12":"outofstock","13":"taxable","14":"shipping-taxable","15":"product-type-simple","16":"add-to-wishlist-before_image"},"yoast_head":"<!-- This site is optimized with the Yoast SEO plugin v27.3 - https:\/\/yoast.com\/product\/yoast-seo-wordpress\/ -->\n<title>Elegant Leaf Design Gold Stud Earrings | PureJewels UK<\/title>\n<meta name=\"description\" content=\"Discover our 22ct Gold Sparkle Leaf Stud Earrings \u2014 lightweight, elegant and adorned with shimmering stones. Perfect for everyday wear and graceful gifting.\" \/>\n<meta name=\"robots\" content=\"index, follow, max-snippet:-1, max-image-preview:large, max-video-preview:-1\" \/>\n<link rel=\"canonical\" href=\"https:\/\/www.purejewels.com\/tr\/urun\/22-ayar-sari-altin-saplama-kupe\/\" \/>\n<meta property=\"og:locale\" content=\"tr_TR\" \/>\n<meta property=\"og:type\" content=\"article\" \/>\n<meta property=\"og:title\" content=\"Elegant Leaf Design Gold Stud Earrings | PureJewels UK\" \/>\n<meta property=\"og:description\" content=\"Discover our 22ct Gold Sparkle Leaf Stud Earrings \u2014 lightweight, elegant and adorned with shimmering stones. Perfect for everyday wear and graceful gifting.\" \/>\n<meta property=\"og:url\" content=\"https:\/\/www.purejewels.com\/tr\/urun\/22-ayar-sari-altin-saplama-kupe\/\" \/>\n<meta property=\"og:site_name\" content=\"PureJewels UK\" \/>\n<meta property=\"article:modified_time\" content=\"2025-12-19T06:05:46+00:00\" \/>\n<meta property=\"og:image\" content=\"https:\/\/static.purejewels.com\/wp-content\/uploads\/2019\/03\/30017.png\" \/>\n\t<meta property=\"og:image:width\" content=\"1000\" \/>\n\t<meta property=\"og:image:height\" content=\"1000\" \/>\n\t<meta property=\"og:image:type\" content=\"image\/png\" \/>\n<meta name=\"twitter:card\" content=\"summary_large_image\" \/>\n<meta name=\"twitter:label1\" content=\"Tahmini okuma s\u00fcresi\" \/>\n\t<meta name=\"twitter:data1\" content=\"1 dakika\" \/>\n<script type=\"application\/ld+json\" class=\"yoast-schema-graph\">{\"@context\":\"https:\\\/\\\/schema.org\",\"@graph\":[{\"@type\":[\"WebPage\",\"ItemPage\"],\"@id\":\"https:\\\/\\\/www.purejewels.com\\\/product\\\/22ct-yellow-gold-stud-earrings\\\/\",\"url\":\"https:\\\/\\\/www.purejewels.com\\\/product\\\/22ct-yellow-gold-stud-earrings\\\/\",\"name\":\"Elegant Leaf Design Gold Stud Earrings | PureJewels UK\",\"isPartOf\":{\"@id\":\"https:\\\/\\\/www.purejewels.com\\\/#website\"},\"primaryImageOfPage\":{\"@id\":\"https:\\\/\\\/www.purejewels.com\\\/product\\\/22ct-yellow-gold-stud-earrings\\\/#primaryimage\"},\"image\":{\"@id\":\"https:\\\/\\\/www.purejewels.com\\\/product\\\/22ct-yellow-gold-stud-earrings\\\/#primaryimage\"},\"thumbnailUrl\":\"https:\\\/\\\/static.purejewels.com\\\/wp-content\\\/uploads\\\/2019\\\/03\\\/30017.png\",\"datePublished\":\"2019-03-04T10:23:24+00:00\",\"dateModified\":\"2025-12-19T06:05:46+00:00\",\"description\":\"Discover our 22ct Gold Sparkle Leaf Stud Earrings \u2014 lightweight, elegant and adorned with shimmering stones. Perfect for everyday wear and graceful gifting.\",\"breadcrumb\":{\"@id\":\"https:\\\/\\\/www.purejewels.com\\\/product\\\/22ct-yellow-gold-stud-earrings\\\/#breadcrumb\"},\"inLanguage\":\"tr\",\"potentialAction\":[{\"@type\":\"ReadAction\",\"target\":[\"https:\\\/\\\/www.purejewels.com\\\/product\\\/22ct-yellow-gold-stud-earrings\\\/\"]}]},{\"@type\":\"ImageObject\",\"inLanguage\":\"tr\",\"@id\":\"https:\\\/\\\/www.purejewels.com\\\/product\\\/22ct-yellow-gold-stud-earrings\\\/#primaryimage\",\"url\":\"https:\\\/\\\/static.purejewels.com\\\/wp-content\\\/uploads\\\/2019\\\/03\\\/30017.png\",\"contentUrl\":\"https:\\\/\\\/static.purejewels.com\\\/wp-content\\\/uploads\\\/2019\\\/03\\\/30017.png\",\"width\":1000,\"height\":1000,\"caption\":\"22ct Gold Sparkle Leaf Stud Earrings\"},{\"@type\":\"BreadcrumbList\",\"@id\":\"https:\\\/\\\/www.purejewels.com\\\/product\\\/22ct-yellow-gold-stud-earrings\\\/#breadcrumb\",\"itemListElement\":[{\"@type\":\"ListItem\",\"position\":1,\"name\":\"Home\",\"item\":\"https:\\\/\\\/www.purejewels.com\\\/\"},{\"@type\":\"ListItem\",\"position\":2,\"name\":\"Shop\",\"item\":\"https:\\\/\\\/www.purejewels.com\\\/shop\\\/\"},{\"@type\":\"ListItem\",\"position\":3,\"name\":\"22ct Gold Sparkle Leaf Stud Earrings\"}]},{\"@type\":\"WebSite\",\"@id\":\"https:\\\/\\\/www.purejewels.com\\\/#website\",\"url\":\"https:\\\/\\\/www.purejewels.com\\\/\",\"name\":\"PureJewels UK\",\"description\":\"Share the Love\",\"publisher\":{\"@id\":\"https:\\\/\\\/www.purejewels.com\\\/#organization\"},\"potentialAction\":[{\"@type\":\"SearchAction\",\"target\":{\"@type\":\"EntryPoint\",\"urlTemplate\":\"https:\\\/\\\/www.purejewels.com\\\/?s={search_term_string}\"},\"query-input\":{\"@type\":\"PropertyValueSpecification\",\"valueRequired\":true,\"valueName\":\"search_term_string\"}}],\"inLanguage\":\"tr\"},{\"@type\":\"Organization\",\"@id\":\"https:\\\/\\\/www.purejewels.com\\\/#organization\",\"name\":\"PureJewels UK\",\"url\":\"https:\\\/\\\/www.purejewels.com\\\/\",\"logo\":{\"@type\":\"ImageObject\",\"inLanguage\":\"tr\",\"@id\":\"https:\\\/\\\/www.purejewels.com\\\/#\\\/schema\\\/logo\\\/image\\\/\",\"url\":\"https:\\\/\\\/static.purejewels.com\\\/wp-content\\\/uploads\\\/2020\\\/11\\\/Logo-PJ-New-1.png\",\"contentUrl\":\"https:\\\/\\\/static.purejewels.com\\\/wp-content\\\/uploads\\\/2020\\\/11\\\/Logo-PJ-New-1.png\",\"width\":150,\"height\":80,\"caption\":\"PureJewels UK\"},\"image\":{\"@id\":\"https:\\\/\\\/www.purejewels.com\\\/#\\\/schema\\\/logo\\\/image\\\/\"}}]}<\/script>\n<!-- \/ Yoast SEO plugin. -->","yoast_head_json":{"title":"Zarif Yaprak Desenli Alt\u0131n K\u00fcpe | PureJewels UK","description":"22 ayar alt\u0131n \u0131\u015f\u0131lt\u0131l\u0131 yaprak k\u00fcpe modellerimizi ke\u015ffedin \u2014 hafif, zarif ve \u0131\u015f\u0131lt\u0131l\u0131 ta\u015flarla s\u00fcslenmi\u015f. G\u00fcnl\u00fck kullan\u0131m ve zarif hediyeler i\u00e7in m\u00fckemmel.","robots":{"index":"index","follow":"follow","max-snippet":"max-snippet:-1","max-image-preview":"max-image-preview:large","max-video-preview":"max-video-preview:-1"},"canonical":"https:\/\/www.purejewels.com\/tr\/urun\/22-ayar-sari-altin-saplama-kupe\/","og_locale":"tr_TR","og_type":"article","og_title":"Elegant Leaf Design Gold Stud Earrings | PureJewels UK","og_description":"Discover our 22ct Gold Sparkle Leaf Stud Earrings \u2014 lightweight, elegant and adorned with shimmering stones. Perfect for everyday wear and graceful gifting.","og_url":"https:\/\/www.purejewels.com\/tr\/urun\/22-ayar-sari-altin-saplama-kupe\/","og_site_name":"PureJewels UK","article_modified_time":"2025-12-19T06:05:46+00:00","og_image":[{"width":1000,"height":1000,"url":"https:\/\/static.purejewels.com\/wp-content\/uploads\/2019\/03\/30017.png","type":"image\/png"}],"twitter_card":"summary_large_image","twitter_misc":{"Tahmini okuma s\u00fcresi":"1 dakika"},"schema":{"@context":"https:\/\/schema.org","@graph":[{"@type":["WebPage","ItemPage"],"@id":"https:\/\/www.purejewels.com\/product\/22ct-yellow-gold-stud-earrings\/","url":"https:\/\/www.purejewels.com\/product\/22ct-yellow-gold-stud-earrings\/","name":"Zarif Yaprak Desenli Alt\u0131n K\u00fcpe | PureJewels UK","isPartOf":{"@id":"https:\/\/www.purejewels.com\/#website"},"primaryImageOfPage":{"@id":"https:\/\/www.purejewels.com\/product\/22ct-yellow-gold-stud-earrings\/#primaryimage"},"image":{"@id":"https:\/\/www.purejewels.com\/product\/22ct-yellow-gold-stud-earrings\/#primaryimage"},"thumbnailUrl":"https:\/\/static.purejewels.com\/wp-content\/uploads\/2019\/03\/30017.png","datePublished":"2019-03-04T10:23:24+00:00","dateModified":"2025-12-19T06:05:46+00:00","description":"22 ayar alt\u0131n \u0131\u015f\u0131lt\u0131l\u0131 yaprak k\u00fcpe modellerimizi ke\u015ffedin \u2014 hafif, zarif ve \u0131\u015f\u0131lt\u0131l\u0131 ta\u015flarla s\u00fcslenmi\u015f. G\u00fcnl\u00fck kullan\u0131m ve zarif hediyeler i\u00e7in m\u00fckemmel.","breadcrumb":{"@id":"https:\/\/www.purejewels.com\/product\/22ct-yellow-gold-stud-earrings\/#breadcrumb"},"inLanguage":"tr","potentialAction":[{"@type":"ReadAction","target":["https:\/\/www.purejewels.com\/product\/22ct-yellow-gold-stud-earrings\/"]}]},{"@type":"ImageObject","inLanguage":"tr","@id":"https:\/\/www.purejewels.com\/product\/22ct-yellow-gold-stud-earrings\/#primaryimage","url":"https:\/\/static.purejewels.com\/wp-content\/uploads\/2019\/03\/30017.png","contentUrl":"https:\/\/static.purejewels.com\/wp-content\/uploads\/2019\/03\/30017.png","width":1000,"height":1000,"caption":"22ct Gold Sparkle Leaf Stud Earrings"},{"@type":"BreadcrumbList","@id":"https:\/\/www.purejewels.com\/product\/22ct-yellow-gold-stud-earrings\/#breadcrumb","itemListElement":[{"@type":"ListItem","position":1,"name":"Home","item":"https:\/\/www.purejewels.com\/"},{"@type":"ListItem","position":2,"name":"Shop","item":"https:\/\/www.purejewels.com\/shop\/"},{"@type":"ListItem","position":3,"name":"22ct Gold Sparkle Leaf Stud Earrings"}]},{"@type":"WebSite","@id":"https:\/\/www.purejewels.com\/#website","url":"https:\/\/www.purejewels.com\/","name":"PureJewels \u0130ngiltere","description":"Sevgiyi Payla\u015f\u0131n","publisher":{"@id":"https:\/\/www.purejewels.com\/#organization"},"potentialAction":[{"@type":"SearchAction","target":{"@type":"EntryPoint","urlTemplate":"https:\/\/www.purejewels.com\/?s={search_term_string}"},"query-input":{"@type":"PropertyValueSpecification","valueRequired":true,"valueName":"search_term_string"}}],"inLanguage":"tr"},{"@type":"Organization","@id":"https:\/\/www.purejewels.com\/#organization","name":"PureJewels \u0130ngiltere","url":"https:\/\/www.purejewels.com\/","logo":{"@type":"ImageObject","inLanguage":"tr","@id":"https:\/\/www.purejewels.com\/#\/schema\/logo\/image\/","url":"https:\/\/static.purejewels.com\/wp-content\/uploads\/2020\/11\/Logo-PJ-New-1.png","contentUrl":"https:\/\/static.purejewels.com\/wp-content\/uploads\/2020\/11\/Logo-PJ-New-1.png","width":150,"height":80,"caption":"PureJewels UK"},"image":{"@id":"https:\/\/www.purejewels.com\/#\/schema\/logo\/image\/"}}]}},"_links":{"self":[{"href":"https:\/\/www.purejewels.com\/tr\/wp-json\/wp\/v2\/product\/309412","targetHints":{"allow":["GET"]}}],"collection":[{"href":"https:\/\/www.purejewels.com\/tr\/wp-json\/wp\/v2\/product"}],"about":[{"href":"https:\/\/www.purejewels.com\/tr\/wp-json\/wp\/v2\/types\/product"}],"replies":[{"embeddable":true,"href":"https:\/\/www.purejewels.com\/tr\/wp-json\/wp\/v2\/comments?post=309412"}],"version-history":[{"count":2,"href":"https:\/\/www.purejewels.com\/tr\/wp-json\/wp\/v2\/product\/309412\/revisions"}],"predecessor-version":[{"id":423492,"href":"https:\/\/www.purejewels.com\/tr\/wp-json\/wp\/v2\/product\/309412\/revisions\/423492"}],"wp:featuredmedia":[{"embeddable":true,"href":"https:\/\/www.purejewels.com\/tr\/wp-json\/wp\/v2\/media\/309413"}],"wp:attachment":[{"href":"https:\/\/www.purejewels.com\/tr\/wp-json\/wp\/v2\/media?parent=309412"}],"wp:term":[{"taxonomy":"product_brand","embeddable":true,"href":"https:\/\/www.purejewels.com\/tr\/wp-json\/wp\/v2\/product_brand?post=309412"},{"taxonomy":"product_cat","embeddable":true,"href":"https:\/\/www.purejewels.com\/tr\/wp-json\/wp\/v2\/product_cat?post=309412"},{"taxonomy":"product_tag","embeddable":true,"href":"https:\/\/www.purejewels.com\/tr\/wp-json\/wp\/v2\/product_tag?post=309412"}],"curies":[{"name":"wp","href":"https:\/\/api.w.org\/{rel}","templated":true}]}}