{"id":309438,"date":"2019-04-08T08:23:54","date_gmt":"2019-04-08T07:23:54","guid":{"rendered":"https:\/\/www.purejewels.com\/?post_type=product&#038;p=309438"},"modified":"2026-01-06T11:14:17","modified_gmt":"2026-01-06T11:14:17","slug":"22-ayar-sari-altin-yuzuk","status":"publish","type":"product","link":"https:\/\/www.purejewels.com\/tr\/product\/22ct-yellow-gold-ring\/","title":{"rendered":"22 ayar sar\u0131 alt\u0131n zikzak bant y\u00fcz\u00fck"},"content":{"rendered":"<p data-start=\"570\" data-end=\"809\">Cesur ve minimalist tasar\u0131m\u0131n bulu\u015ftu\u011fu bu modelde <a href=\"https:\/\/www.purejewels.com\/tr\/product\/22ct-gold-jali-filigree-ring-jali-collection-31926\/\">22ct<\/a> Sar\u0131 Alt\u0131n Zigzag Bant Y\u00fcz\u00fck \u2014 geleneksel alt\u0131n i\u015f\u00e7ili\u011fine \u00e7a\u011fda\u015f bir yakla\u015f\u0131m. Temiz zigzag motifi ve p\u00fcr\u00fczs\u00fcz y\u00fczeyi ile tasar\u0131m, g\u00fcnl\u00fck g\u00f6r\u00fcn\u00fcm\u00fcn\u00fcze hareket, simetri ve stil katar.<\/p>\n<p data-start=\"811\" data-end=\"1028\">Y\u00fcksek safl\u0131kta 22 ayar alt\u0131ndan \u00fcretilen y\u00fcz\u00fck, hafif ve rahatt\u0131r \u2014 di\u011fer y\u00fcz\u00fcklerle birlikte takmak veya tek ba\u015f\u0131na zarif bir g\u00f6r\u00fcn\u00fcm yaratmak i\u00e7in idealdir. Modern profili, hem g\u00fcndelik hem de resmi ortamlarda \u00e7ok y\u00f6nl\u00fc kullan\u0131m sa\u011flar.<\/p>\n<p data-start=\"1030\" data-end=\"1207\">G\u00fcnl\u00fck bir aksesuar olarak tak\u0131lsa da, \u00f6zenli bir hediye olarak sunulsa da, bu y\u00fcz\u00fck PureJewels'in kendine \u00f6zg\u00fc yakla\u015f\u0131m\u0131n\u0131 yans\u0131t\u0131yor: zanaatkarl\u0131k ve k\u00fclt\u00fcrel zarafete dayanan zarif tasar\u0131m.<\/p>","protected":false},"excerpt":{"rendered":"<p>Saf 22 ayar alt\u0131ndan \u00fcretilen bu zikzak bant y\u00fcz\u00fck, cesur bir geometrik tasar\u0131ma sahiptir. \u015e\u0131k ve minimalist tasar\u0131m\u0131yla, di\u011fer y\u00fcz\u00fcklerle birlikte veya tek ba\u015f\u0131na g\u00fcvenle tak\u0131labilir.<\/p>\n<ul>\n<li>22 Ayar Sar\u0131 Alt\u0131n Y\u00fcz\u00fck<\/li>\n<li>Hafif ve Narin Bir Y\u00fcz\u00fck<\/li>\n<li>Y\u00fcz\u00fck a\u011f\u0131rl\u0131\u011f\u0131 1,8 g<\/li>\n<li>SKU. 30096<\/li>\n<li>T\u00fcm \u00fcr\u00fcnlerimiz Londra Tahlil Ofisi taraf\u0131ndan damgalanm\u0131\u015ft\u0131r<\/li>\n<li>Sunum Kutusu ile Birlikte Gelir<\/li>\n<li>Teslimat Dahil<\/li>\n<li>T\u00fcm fiyatlara KDV dahildir<\/li>\n<li>T\u00fcm \u00fcr\u00fcn yelpazesini g\u00f6rmek i\u00e7in bizimle ileti\u015fime ge\u00e7in \/ sohbet edin.<\/li>\n<\/ul>","protected":false},"featured_media":315673,"comment_status":"closed","ping_status":"closed","template":"","meta":{"_eb_attr":"","_crsspst_to_jayantr4sg-hostcom":true},"product_brand":[],"product_cat":[1229,1235],"product_tag":[],"class_list":{"0":"post-309438","1":"product","2":"type-product","3":"status-publish","4":"has-post-thumbnail","6":"product_cat-22ct-gold-jewellery","7":"product_cat-gold-rings","9":"first","10":"outofstock","11":"taxable","12":"shipping-taxable","13":"product-type-simple","14":"add-to-wishlist-before_image"},"yoast_head":"<!-- This site is optimized with the Yoast SEO plugin v27.3 - https:\/\/yoast.com\/product\/yoast-seo-wordpress\/ -->\n<title>Contemporary Zigzag Gold Ring | 22ct Yellow Gold Band<\/title>\n<meta name=\"description\" content=\"Explore the 22ct Yellow Gold Zigzag Band Ring. A modern gold ring with a sleek geometric design \u2014 perfect for stacking, gifting, or everyday elegance.\" \/>\n<meta name=\"robots\" content=\"index, follow, max-snippet:-1, max-image-preview:large, max-video-preview:-1\" \/>\n<link rel=\"canonical\" href=\"https:\/\/www.purejewels.com\/tr\/urun\/22-ayar-sari-altin-yuzuk\/\" \/>\n<meta property=\"og:locale\" content=\"tr_TR\" \/>\n<meta property=\"og:type\" content=\"article\" \/>\n<meta property=\"og:title\" content=\"Contemporary Zigzag Gold Ring | 22ct Yellow Gold Band\" \/>\n<meta property=\"og:description\" content=\"Explore the 22ct Yellow Gold Zigzag Band Ring. A modern gold ring with a sleek geometric design \u2014 perfect for stacking, gifting, or everyday elegance.\" \/>\n<meta property=\"og:url\" content=\"https:\/\/www.purejewels.com\/tr\/urun\/22-ayar-sari-altin-yuzuk\/\" \/>\n<meta property=\"og:site_name\" content=\"PureJewels UK\" \/>\n<meta property=\"article:modified_time\" content=\"2026-01-06T11:14:17+00:00\" \/>\n<meta property=\"og:image\" content=\"https:\/\/static.purejewels.com\/wp-content\/uploads\/2020\/07\/175589681.jpg\" \/>\n\t<meta property=\"og:image:width\" content=\"1000\" \/>\n\t<meta property=\"og:image:height\" content=\"1000\" \/>\n\t<meta property=\"og:image:type\" content=\"image\/jpeg\" \/>\n<meta name=\"twitter:card\" content=\"summary_large_image\" \/>\n<meta name=\"twitter:label1\" content=\"Tahmini okuma s\u00fcresi\" \/>\n\t<meta name=\"twitter:data1\" content=\"1 dakika\" \/>\n<script type=\"application\/ld+json\" class=\"yoast-schema-graph\">{\"@context\":\"https:\\\/\\\/schema.org\",\"@graph\":[{\"@type\":[\"WebPage\",\"ItemPage\"],\"@id\":\"https:\\\/\\\/www.purejewels.com\\\/product\\\/22ct-yellow-gold-ring\\\/\",\"url\":\"https:\\\/\\\/www.purejewels.com\\\/product\\\/22ct-yellow-gold-ring\\\/\",\"name\":\"Contemporary Zigzag Gold Ring | 22ct Yellow Gold Band\",\"isPartOf\":{\"@id\":\"https:\\\/\\\/www.purejewels.com\\\/#website\"},\"primaryImageOfPage\":{\"@id\":\"https:\\\/\\\/www.purejewels.com\\\/product\\\/22ct-yellow-gold-ring\\\/#primaryimage\"},\"image\":{\"@id\":\"https:\\\/\\\/www.purejewels.com\\\/product\\\/22ct-yellow-gold-ring\\\/#primaryimage\"},\"thumbnailUrl\":\"https:\\\/\\\/static.purejewels.com\\\/wp-content\\\/uploads\\\/2020\\\/07\\\/175589681.jpg\",\"datePublished\":\"2019-04-08T07:23:54+00:00\",\"dateModified\":\"2026-01-06T11:14:17+00:00\",\"description\":\"Explore the 22ct Yellow Gold Zigzag Band Ring. A modern gold ring with a sleek geometric design \u2014 perfect for stacking, gifting, or everyday elegance.\",\"breadcrumb\":{\"@id\":\"https:\\\/\\\/www.purejewels.com\\\/product\\\/22ct-yellow-gold-ring\\\/#breadcrumb\"},\"inLanguage\":\"tr\",\"potentialAction\":[{\"@type\":\"ReadAction\",\"target\":[\"https:\\\/\\\/www.purejewels.com\\\/product\\\/22ct-yellow-gold-ring\\\/\"]}]},{\"@type\":\"ImageObject\",\"inLanguage\":\"tr\",\"@id\":\"https:\\\/\\\/www.purejewels.com\\\/product\\\/22ct-yellow-gold-ring\\\/#primaryimage\",\"url\":\"https:\\\/\\\/static.purejewels.com\\\/wp-content\\\/uploads\\\/2020\\\/07\\\/175589681.jpg\",\"contentUrl\":\"https:\\\/\\\/static.purejewels.com\\\/wp-content\\\/uploads\\\/2020\\\/07\\\/175589681.jpg\",\"width\":1000,\"height\":1000,\"caption\":\"22ct Yellow Gold Zigzag Band Ring\"},{\"@type\":\"BreadcrumbList\",\"@id\":\"https:\\\/\\\/www.purejewels.com\\\/product\\\/22ct-yellow-gold-ring\\\/#breadcrumb\",\"itemListElement\":[{\"@type\":\"ListItem\",\"position\":1,\"name\":\"Home\",\"item\":\"https:\\\/\\\/www.purejewels.com\\\/\"},{\"@type\":\"ListItem\",\"position\":2,\"name\":\"Shop\",\"item\":\"https:\\\/\\\/www.purejewels.com\\\/shop\\\/\"},{\"@type\":\"ListItem\",\"position\":3,\"name\":\"22ct Yellow Gold Zigzag Band Ring\"}]},{\"@type\":\"WebSite\",\"@id\":\"https:\\\/\\\/www.purejewels.com\\\/#website\",\"url\":\"https:\\\/\\\/www.purejewels.com\\\/\",\"name\":\"PureJewels UK\",\"description\":\"Share the Love\",\"publisher\":{\"@id\":\"https:\\\/\\\/www.purejewels.com\\\/#organization\"},\"potentialAction\":[{\"@type\":\"SearchAction\",\"target\":{\"@type\":\"EntryPoint\",\"urlTemplate\":\"https:\\\/\\\/www.purejewels.com\\\/?s={search_term_string}\"},\"query-input\":{\"@type\":\"PropertyValueSpecification\",\"valueRequired\":true,\"valueName\":\"search_term_string\"}}],\"inLanguage\":\"tr\"},{\"@type\":\"Organization\",\"@id\":\"https:\\\/\\\/www.purejewels.com\\\/#organization\",\"name\":\"PureJewels UK\",\"url\":\"https:\\\/\\\/www.purejewels.com\\\/\",\"logo\":{\"@type\":\"ImageObject\",\"inLanguage\":\"tr\",\"@id\":\"https:\\\/\\\/www.purejewels.com\\\/#\\\/schema\\\/logo\\\/image\\\/\",\"url\":\"https:\\\/\\\/static.purejewels.com\\\/wp-content\\\/uploads\\\/2020\\\/11\\\/Logo-PJ-New-1.png\",\"contentUrl\":\"https:\\\/\\\/static.purejewels.com\\\/wp-content\\\/uploads\\\/2020\\\/11\\\/Logo-PJ-New-1.png\",\"width\":150,\"height\":80,\"caption\":\"PureJewels UK\"},\"image\":{\"@id\":\"https:\\\/\\\/www.purejewels.com\\\/#\\\/schema\\\/logo\\\/image\\\/\"}}]}<\/script>\n<!-- \/ Yoast SEO plugin. -->","yoast_head_json":{"title":"\u00c7a\u011fda\u015f Zigzag Alt\u0131n Y\u00fcz\u00fck | 22 ayar Sar\u0131 Alt\u0131n Bant","description":"22 ayar sar\u0131 alt\u0131n zikzak bant y\u00fcz\u00fc\u011f\u00fc ke\u015ffedin. \u015e\u0131k geometrik tasar\u0131ma sahip modern bir alt\u0131n y\u00fcz\u00fck \u2014 \u00fcst \u00fcste takmak, hediye etmek veya g\u00fcnl\u00fck \u015f\u0131kl\u0131k i\u00e7in m\u00fckemmeldir.","robots":{"index":"index","follow":"follow","max-snippet":"max-snippet:-1","max-image-preview":"max-image-preview:large","max-video-preview":"max-video-preview:-1"},"canonical":"https:\/\/www.purejewels.com\/tr\/urun\/22-ayar-sari-altin-yuzuk\/","og_locale":"tr_TR","og_type":"article","og_title":"Contemporary Zigzag Gold Ring | 22ct Yellow Gold Band","og_description":"Explore the 22ct Yellow Gold Zigzag Band Ring. A modern gold ring with a sleek geometric design \u2014 perfect for stacking, gifting, or everyday elegance.","og_url":"https:\/\/www.purejewels.com\/tr\/urun\/22-ayar-sari-altin-yuzuk\/","og_site_name":"PureJewels UK","article_modified_time":"2026-01-06T11:14:17+00:00","og_image":[{"width":1000,"height":1000,"url":"https:\/\/static.purejewels.com\/wp-content\/uploads\/2020\/07\/175589681.jpg","type":"image\/jpeg"}],"twitter_card":"summary_large_image","twitter_misc":{"Tahmini okuma s\u00fcresi":"1 dakika"},"schema":{"@context":"https:\/\/schema.org","@graph":[{"@type":["WebPage","ItemPage"],"@id":"https:\/\/www.purejewels.com\/product\/22ct-yellow-gold-ring\/","url":"https:\/\/www.purejewels.com\/product\/22ct-yellow-gold-ring\/","name":"\u00c7a\u011fda\u015f Zigzag Alt\u0131n Y\u00fcz\u00fck | 22 ayar Sar\u0131 Alt\u0131n Bant","isPartOf":{"@id":"https:\/\/www.purejewels.com\/#website"},"primaryImageOfPage":{"@id":"https:\/\/www.purejewels.com\/product\/22ct-yellow-gold-ring\/#primaryimage"},"image":{"@id":"https:\/\/www.purejewels.com\/product\/22ct-yellow-gold-ring\/#primaryimage"},"thumbnailUrl":"https:\/\/static.purejewels.com\/wp-content\/uploads\/2020\/07\/175589681.jpg","datePublished":"2019-04-08T07:23:54+00:00","dateModified":"2026-01-06T11:14:17+00:00","description":"22 ayar sar\u0131 alt\u0131n zikzak bant y\u00fcz\u00fc\u011f\u00fc ke\u015ffedin. \u015e\u0131k geometrik tasar\u0131ma sahip modern bir alt\u0131n y\u00fcz\u00fck \u2014 \u00fcst \u00fcste takmak, hediye etmek veya g\u00fcnl\u00fck \u015f\u0131kl\u0131k i\u00e7in m\u00fckemmeldir.","breadcrumb":{"@id":"https:\/\/www.purejewels.com\/product\/22ct-yellow-gold-ring\/#breadcrumb"},"inLanguage":"tr","potentialAction":[{"@type":"ReadAction","target":["https:\/\/www.purejewels.com\/product\/22ct-yellow-gold-ring\/"]}]},{"@type":"ImageObject","inLanguage":"tr","@id":"https:\/\/www.purejewels.com\/product\/22ct-yellow-gold-ring\/#primaryimage","url":"https:\/\/static.purejewels.com\/wp-content\/uploads\/2020\/07\/175589681.jpg","contentUrl":"https:\/\/static.purejewels.com\/wp-content\/uploads\/2020\/07\/175589681.jpg","width":1000,"height":1000,"caption":"22ct Yellow Gold Zigzag Band Ring"},{"@type":"BreadcrumbList","@id":"https:\/\/www.purejewels.com\/product\/22ct-yellow-gold-ring\/#breadcrumb","itemListElement":[{"@type":"ListItem","position":1,"name":"Home","item":"https:\/\/www.purejewels.com\/"},{"@type":"ListItem","position":2,"name":"Shop","item":"https:\/\/www.purejewels.com\/shop\/"},{"@type":"ListItem","position":3,"name":"22ct Yellow Gold Zigzag Band Ring"}]},{"@type":"WebSite","@id":"https:\/\/www.purejewels.com\/#website","url":"https:\/\/www.purejewels.com\/","name":"PureJewels \u0130ngiltere","description":"Sevgiyi Payla\u015f\u0131n","publisher":{"@id":"https:\/\/www.purejewels.com\/#organization"},"potentialAction":[{"@type":"SearchAction","target":{"@type":"EntryPoint","urlTemplate":"https:\/\/www.purejewels.com\/?s={search_term_string}"},"query-input":{"@type":"PropertyValueSpecification","valueRequired":true,"valueName":"search_term_string"}}],"inLanguage":"tr"},{"@type":"Organization","@id":"https:\/\/www.purejewels.com\/#organization","name":"PureJewels \u0130ngiltere","url":"https:\/\/www.purejewels.com\/","logo":{"@type":"ImageObject","inLanguage":"tr","@id":"https:\/\/www.purejewels.com\/#\/schema\/logo\/image\/","url":"https:\/\/static.purejewels.com\/wp-content\/uploads\/2020\/11\/Logo-PJ-New-1.png","contentUrl":"https:\/\/static.purejewels.com\/wp-content\/uploads\/2020\/11\/Logo-PJ-New-1.png","width":150,"height":80,"caption":"PureJewels UK"},"image":{"@id":"https:\/\/www.purejewels.com\/#\/schema\/logo\/image\/"}}]}},"_links":{"self":[{"href":"https:\/\/www.purejewels.com\/tr\/wp-json\/wp\/v2\/product\/309438","targetHints":{"allow":["GET"]}}],"collection":[{"href":"https:\/\/www.purejewels.com\/tr\/wp-json\/wp\/v2\/product"}],"about":[{"href":"https:\/\/www.purejewels.com\/tr\/wp-json\/wp\/v2\/types\/product"}],"replies":[{"embeddable":true,"href":"https:\/\/www.purejewels.com\/tr\/wp-json\/wp\/v2\/comments?post=309438"}],"version-history":[{"count":3,"href":"https:\/\/www.purejewels.com\/tr\/wp-json\/wp\/v2\/product\/309438\/revisions"}],"predecessor-version":[{"id":423499,"href":"https:\/\/www.purejewels.com\/tr\/wp-json\/wp\/v2\/product\/309438\/revisions\/423499"}],"wp:featuredmedia":[{"embeddable":true,"href":"https:\/\/www.purejewels.com\/tr\/wp-json\/wp\/v2\/media\/315673"}],"wp:attachment":[{"href":"https:\/\/www.purejewels.com\/tr\/wp-json\/wp\/v2\/media?parent=309438"}],"wp:term":[{"taxonomy":"product_brand","embeddable":true,"href":"https:\/\/www.purejewels.com\/tr\/wp-json\/wp\/v2\/product_brand?post=309438"},{"taxonomy":"product_cat","embeddable":true,"href":"https:\/\/www.purejewels.com\/tr\/wp-json\/wp\/v2\/product_cat?post=309438"},{"taxonomy":"product_tag","embeddable":true,"href":"https:\/\/www.purejewels.com\/tr\/wp-json\/wp\/v2\/product_tag?post=309438"}],"curies":[{"name":"wp","href":"https:\/\/api.w.org\/{rel}","templated":true}]}}