{"id":309643,"date":"2019-04-10T08:05:22","date_gmt":"2019-04-10T07:05:22","guid":{"rendered":"https:\/\/www.purejewels.com\/?post_type=product&#038;p=309643"},"modified":"2025-12-10T05:54:46","modified_gmt":"2025-12-10T05:54:46","slug":"22-ayar-altin-halka-kupe-ingiltere","status":"publish","type":"product","link":"https:\/\/www.purejewels.com\/tr\/product\/22-carat-gold-hoop-earrings-uk\/","title":{"rendered":"\u00c7i\u00e7ek Desenli 22 Ayar Alt\u0131n K\u00fcpeler, CZ Ta\u015fl\u0131"},"content":{"rendered":"<p data-start=\"645\" data-end=\"963\"><strong data-start=\"645\" data-end=\"663\">Tasar\u0131m Konsepti<\/strong><br data-start=\"663\" data-end=\"666\" \/>Floral Twist Hoops, do\u011fan\u0131n do\u011fal zarafetinden ilham alarak, yapraklar\u0131n yumu\u015fakl\u0131\u011f\u0131n\u0131 alt\u0131n\u0131n kal\u0131c\u0131 g\u00fcc\u00fcyle birle\u015ftiriyor. Halkan\u0131n hafif k\u0131vr\u0131m\u0131, asman\u0131n k\u0131vr\u0131m\u0131n\u0131 yans\u0131t\u0131yor, markiz \u015fekilli k\u00fcbik zirkon ta\u015flar ise \u00e7i\u00e7ek a\u00e7an tomurcuklar\u0131 \u00e7a\u011fr\u0131\u015ft\u0131rarak \u0131\u015f\u0131lt\u0131l\u0131 bir par\u0131lt\u0131 kat\u0131yor.<\/p>\n<p data-start=\"965\" data-end=\"1358\"><strong data-start=\"965\" data-end=\"982\">Zanaatkarl\u0131k<\/strong><br data-start=\"982\" data-end=\"985\" \/>Parlak 22 ayar sar\u0131 alt\u0131ndan ustal\u0131kla el i\u015f\u00e7ili\u011fi ile \u00fcretilen her bir k\u00fcpe, \u0131\u015f\u0131\u011f\u0131 parlak bir \u015fekilde yakalayan hassas kesim CZ ta\u015flarla s\u00fcslenmi\u015ftir. Markiz d\u00fczeni, rafine bir \u00e7i\u00e7ek ill\u00fczyonu yaratarak, g\u00fcnl\u00fck kullan\u0131mda elmas zarafetini yans\u0131tan bir g\u00f6r\u00fcn\u00fcm sunar. Londra Assay Office taraf\u0131ndan damgalanm\u0131\u015f ve rahatl\u0131k i\u00e7in tasarlanm\u0131\u015f olan bu k\u00fcpeler, zahmetsiz kullan\u0131m i\u00e7in mente\u015fe toka ile sabitlenir.<\/p>\n<p data-start=\"1360\" data-end=\"1649\"><strong data-start=\"1360\" data-end=\"1377\">Stil Fikirleri<\/strong><br data-start=\"1377\" data-end=\"1380\" \/>Narin ama ayn\u0131 zamanda kendine \u00f6zg\u00fc olan bu k\u00fcpeler, hem geleneksel hem de modern g\u00f6r\u00fcn\u00fcmleri tamamlar. \u015e\u0131k bir alt\u0131n zincirle e\u015fle\u015ftirerek g\u00fcnd\u00fcz k\u0131yafetlerinizi tamamlayabilir veya gece elbiselerine \u0131\u015f\u0131lt\u0131 katabilirsiniz. D\u00fc\u011f\u00fcnler, hediyeler veya g\u00fcnl\u00fck gard\u0131robunuzu canland\u0131rmak i\u00e7in m\u00fckemmeldir.<\/p>","protected":false},"excerpt":{"rendered":"<p>\u00c7i\u00e7eklerden ilham alan zarif k\u0131vr\u0131ml\u0131 tasar\u0131ml\u0131 bu 22 ayar alt\u0131n halka k\u00fcpeler, markiz kesim k\u00fcbik zirkon ta\u015flarla \u0131\u015f\u0131ld\u0131yor. Hafif ancak g\u00f6z al\u0131c\u0131 olan bu k\u00fcpeler, g\u00fcnl\u00fck stilinize veya \u00f6zel anlar\u0131n\u0131za zamans\u0131z bir zarafet kat\u0131yor.<\/p>\n<ul>\n<li>22 Ayar Alt\u0131n Halka K\u00fcpe \u0130ngiltere<\/li>\n<li>K\u00fcbik Zirkonya ta\u015fl\u0131<\/li>\n<li>A\u011f\u0131rl\u0131k 2,7 g<\/li>\n<li>SKU. 28348<\/li>\n<li>T\u00fcm fiyatlara KDV dahildir<\/li>\n<li>T\u00fcm \u00fcr\u00fcnlerimiz London Assay Office taraf\u0131ndan damgalanm\u0131\u015ft\u0131r<\/li>\n<li>Sunum kutusu ile birlikte gelir<\/li>\n<li>Teslimat Dahil<\/li>\n<li>\u00dcr\u00fcn\u00fcn canl\u0131 videosunu g\u00f6rmek i\u00e7in bize ula\u015f\u0131n \/ bizimle sohbet edin<\/li>\n<\/ul>","protected":false},"featured_media":309702,"comment_status":"closed","ping_status":"closed","template":"","meta":{"_eb_attr":"","_crsspst_to_jayantr4sg-hostcom":true},"product_brand":[],"product_cat":[1559,1229,1579,1574],"product_tag":[],"class_list":{"0":"post-309643","1":"product","2":"type-product","3":"status-publish","4":"has-post-thumbnail","6":"product_cat-birthday-gifts","7":"product_cat-22ct-gold-jewellery","8":"product_cat-hoop-earrings","9":"product_cat-womens-jewellery","11":"first","12":"outofstock","13":"taxable","14":"shipping-taxable","15":"product-type-simple","16":"add-to-wishlist-before_image"},"yoast_head":"<!-- This site is optimized with the Yoast SEO plugin v27.3 - https:\/\/yoast.com\/product\/yoast-seo-wordpress\/ -->\n<title>Elegant CZ Stone Gold Hoops in 22ct \u2013 Perfect for Gifting<\/title>\n<meta name=\"description\" content=\"Shop Floral Twist 22ct Gold Hoop Earrings featuring marquise-cut CZ stones. Elegant, lightweight and hallmarked for quality\u2014made in the UK by PureJewels.\" \/>\n<meta name=\"robots\" content=\"index, follow, max-snippet:-1, max-image-preview:large, max-video-preview:-1\" \/>\n<link rel=\"canonical\" href=\"https:\/\/www.purejewels.com\/tr\/urun\/22-ayar-altin-halka-kupe-ingiltere\/\" \/>\n<meta property=\"og:locale\" content=\"tr_TR\" \/>\n<meta property=\"og:type\" content=\"article\" \/>\n<meta property=\"og:title\" content=\"Elegant CZ Stone Gold Hoops in 22ct \u2013 Perfect for Gifting\" \/>\n<meta property=\"og:description\" content=\"Shop Floral Twist 22ct Gold Hoop Earrings featuring marquise-cut CZ stones. Elegant, lightweight and hallmarked for quality\u2014made in the UK by PureJewels.\" \/>\n<meta property=\"og:url\" content=\"https:\/\/www.purejewels.com\/tr\/urun\/22-ayar-altin-halka-kupe-ingiltere\/\" \/>\n<meta property=\"og:site_name\" content=\"PureJewels UK\" \/>\n<meta property=\"article:modified_time\" content=\"2025-12-10T05:54:46+00:00\" \/>\n<meta property=\"og:image\" content=\"https:\/\/static.purejewels.com\/wp-content\/uploads\/2019\/04\/28348_1.jpg\" \/>\n\t<meta property=\"og:image:width\" content=\"1000\" \/>\n\t<meta property=\"og:image:height\" content=\"1000\" \/>\n\t<meta property=\"og:image:type\" content=\"image\/jpeg\" \/>\n<meta name=\"twitter:card\" content=\"summary_large_image\" \/>\n<meta name=\"twitter:label1\" content=\"Tahmini okuma s\u00fcresi\" \/>\n\t<meta name=\"twitter:data1\" content=\"1 dakika\" \/>\n<script type=\"application\/ld+json\" class=\"yoast-schema-graph\">{\"@context\":\"https:\\\/\\\/schema.org\",\"@graph\":[{\"@type\":[\"WebPage\",\"ItemPage\"],\"@id\":\"https:\\\/\\\/www.purejewels.com\\\/product\\\/22-carat-gold-hoop-earrings-uk\\\/\",\"url\":\"https:\\\/\\\/www.purejewels.com\\\/product\\\/22-carat-gold-hoop-earrings-uk\\\/\",\"name\":\"Elegant CZ Stone Gold Hoops in 22ct \u2013 Perfect for Gifting\",\"isPartOf\":{\"@id\":\"https:\\\/\\\/www.purejewels.com\\\/#website\"},\"primaryImageOfPage\":{\"@id\":\"https:\\\/\\\/www.purejewels.com\\\/product\\\/22-carat-gold-hoop-earrings-uk\\\/#primaryimage\"},\"image\":{\"@id\":\"https:\\\/\\\/www.purejewels.com\\\/product\\\/22-carat-gold-hoop-earrings-uk\\\/#primaryimage\"},\"thumbnailUrl\":\"https:\\\/\\\/static.purejewels.com\\\/wp-content\\\/uploads\\\/2019\\\/04\\\/28348_1.jpg\",\"datePublished\":\"2019-04-10T07:05:22+00:00\",\"dateModified\":\"2025-12-10T05:54:46+00:00\",\"description\":\"Shop Floral Twist 22ct Gold Hoop Earrings featuring marquise-cut CZ stones. Elegant, lightweight and hallmarked for quality\u2014made in the UK by PureJewels.\",\"breadcrumb\":{\"@id\":\"https:\\\/\\\/www.purejewels.com\\\/product\\\/22-carat-gold-hoop-earrings-uk\\\/#breadcrumb\"},\"inLanguage\":\"tr\",\"potentialAction\":[{\"@type\":\"ReadAction\",\"target\":[\"https:\\\/\\\/www.purejewels.com\\\/product\\\/22-carat-gold-hoop-earrings-uk\\\/\"]}]},{\"@type\":\"ImageObject\",\"inLanguage\":\"tr\",\"@id\":\"https:\\\/\\\/www.purejewels.com\\\/product\\\/22-carat-gold-hoop-earrings-uk\\\/#primaryimage\",\"url\":\"https:\\\/\\\/static.purejewels.com\\\/wp-content\\\/uploads\\\/2019\\\/04\\\/28348_1.jpg\",\"contentUrl\":\"https:\\\/\\\/static.purejewels.com\\\/wp-content\\\/uploads\\\/2019\\\/04\\\/28348_1.jpg\",\"width\":1000,\"height\":1000,\"caption\":\"28348_1\"},{\"@type\":\"BreadcrumbList\",\"@id\":\"https:\\\/\\\/www.purejewels.com\\\/product\\\/22-carat-gold-hoop-earrings-uk\\\/#breadcrumb\",\"itemListElement\":[{\"@type\":\"ListItem\",\"position\":1,\"name\":\"Home\",\"item\":\"https:\\\/\\\/www.purejewels.com\\\/\"},{\"@type\":\"ListItem\",\"position\":2,\"name\":\"Shop\",\"item\":\"https:\\\/\\\/www.purejewels.com\\\/shop\\\/\"},{\"@type\":\"ListItem\",\"position\":3,\"name\":\"Floral Twist 22ct Gold Hoops with CZ Stones\"}]},{\"@type\":\"WebSite\",\"@id\":\"https:\\\/\\\/www.purejewels.com\\\/#website\",\"url\":\"https:\\\/\\\/www.purejewels.com\\\/\",\"name\":\"PureJewels UK\",\"description\":\"Share the Love\",\"publisher\":{\"@id\":\"https:\\\/\\\/www.purejewels.com\\\/#organization\"},\"potentialAction\":[{\"@type\":\"SearchAction\",\"target\":{\"@type\":\"EntryPoint\",\"urlTemplate\":\"https:\\\/\\\/www.purejewels.com\\\/?s={search_term_string}\"},\"query-input\":{\"@type\":\"PropertyValueSpecification\",\"valueRequired\":true,\"valueName\":\"search_term_string\"}}],\"inLanguage\":\"tr\"},{\"@type\":\"Organization\",\"@id\":\"https:\\\/\\\/www.purejewels.com\\\/#organization\",\"name\":\"PureJewels UK\",\"url\":\"https:\\\/\\\/www.purejewels.com\\\/\",\"logo\":{\"@type\":\"ImageObject\",\"inLanguage\":\"tr\",\"@id\":\"https:\\\/\\\/www.purejewels.com\\\/#\\\/schema\\\/logo\\\/image\\\/\",\"url\":\"https:\\\/\\\/static.purejewels.com\\\/wp-content\\\/uploads\\\/2020\\\/11\\\/Logo-PJ-New-1.png\",\"contentUrl\":\"https:\\\/\\\/static.purejewels.com\\\/wp-content\\\/uploads\\\/2020\\\/11\\\/Logo-PJ-New-1.png\",\"width\":150,\"height\":80,\"caption\":\"PureJewels UK\"},\"image\":{\"@id\":\"https:\\\/\\\/www.purejewels.com\\\/#\\\/schema\\\/logo\\\/image\\\/\"}}]}<\/script>\n<!-- \/ Yoast SEO plugin. -->","yoast_head_json":{"title":"22 ayar zarif CZ ta\u015fl\u0131 alt\u0131n k\u00fcpeler \u2013 Hediye etmek i\u00e7in m\u00fckemmel","description":"Marquise kesim CZ ta\u015flarla s\u00fcslenmi\u015f Floral Twist 22 ayar alt\u0131n halka k\u00fcpeleri sat\u0131n al\u0131n. Zarif, hafif ve kalite damgas\u0131 ta\u015f\u0131yan bu k\u00fcpeler, PureJewels taraf\u0131ndan \u0130ngiltere'de \u00fcretilmi\u015ftir.","robots":{"index":"index","follow":"follow","max-snippet":"max-snippet:-1","max-image-preview":"max-image-preview:large","max-video-preview":"max-video-preview:-1"},"canonical":"https:\/\/www.purejewels.com\/tr\/urun\/22-ayar-altin-halka-kupe-ingiltere\/","og_locale":"tr_TR","og_type":"article","og_title":"Elegant CZ Stone Gold Hoops in 22ct \u2013 Perfect for Gifting","og_description":"Shop Floral Twist 22ct Gold Hoop Earrings featuring marquise-cut CZ stones. Elegant, lightweight and hallmarked for quality\u2014made in the UK by PureJewels.","og_url":"https:\/\/www.purejewels.com\/tr\/urun\/22-ayar-altin-halka-kupe-ingiltere\/","og_site_name":"PureJewels UK","article_modified_time":"2025-12-10T05:54:46+00:00","og_image":[{"width":1000,"height":1000,"url":"https:\/\/static.purejewels.com\/wp-content\/uploads\/2019\/04\/28348_1.jpg","type":"image\/jpeg"}],"twitter_card":"summary_large_image","twitter_misc":{"Tahmini okuma s\u00fcresi":"1 dakika"},"schema":{"@context":"https:\/\/schema.org","@graph":[{"@type":["WebPage","ItemPage"],"@id":"https:\/\/www.purejewels.com\/product\/22-carat-gold-hoop-earrings-uk\/","url":"https:\/\/www.purejewels.com\/product\/22-carat-gold-hoop-earrings-uk\/","name":"22 ayar zarif CZ ta\u015fl\u0131 alt\u0131n k\u00fcpeler \u2013 Hediye etmek i\u00e7in m\u00fckemmel","isPartOf":{"@id":"https:\/\/www.purejewels.com\/#website"},"primaryImageOfPage":{"@id":"https:\/\/www.purejewels.com\/product\/22-carat-gold-hoop-earrings-uk\/#primaryimage"},"image":{"@id":"https:\/\/www.purejewels.com\/product\/22-carat-gold-hoop-earrings-uk\/#primaryimage"},"thumbnailUrl":"https:\/\/static.purejewels.com\/wp-content\/uploads\/2019\/04\/28348_1.jpg","datePublished":"2019-04-10T07:05:22+00:00","dateModified":"2025-12-10T05:54:46+00:00","description":"Marquise kesim CZ ta\u015flarla s\u00fcslenmi\u015f Floral Twist 22 ayar alt\u0131n halka k\u00fcpeleri sat\u0131n al\u0131n. Zarif, hafif ve kalite damgas\u0131 ta\u015f\u0131yan bu k\u00fcpeler, PureJewels taraf\u0131ndan \u0130ngiltere'de \u00fcretilmi\u015ftir.","breadcrumb":{"@id":"https:\/\/www.purejewels.com\/product\/22-carat-gold-hoop-earrings-uk\/#breadcrumb"},"inLanguage":"tr","potentialAction":[{"@type":"ReadAction","target":["https:\/\/www.purejewels.com\/product\/22-carat-gold-hoop-earrings-uk\/"]}]},{"@type":"ImageObject","inLanguage":"tr","@id":"https:\/\/www.purejewels.com\/product\/22-carat-gold-hoop-earrings-uk\/#primaryimage","url":"https:\/\/static.purejewels.com\/wp-content\/uploads\/2019\/04\/28348_1.jpg","contentUrl":"https:\/\/static.purejewels.com\/wp-content\/uploads\/2019\/04\/28348_1.jpg","width":1000,"height":1000,"caption":"28348_1"},{"@type":"BreadcrumbList","@id":"https:\/\/www.purejewels.com\/product\/22-carat-gold-hoop-earrings-uk\/#breadcrumb","itemListElement":[{"@type":"ListItem","position":1,"name":"Home","item":"https:\/\/www.purejewels.com\/"},{"@type":"ListItem","position":2,"name":"Shop","item":"https:\/\/www.purejewels.com\/shop\/"},{"@type":"ListItem","position":3,"name":"Floral Twist 22ct Gold Hoops with CZ Stones"}]},{"@type":"WebSite","@id":"https:\/\/www.purejewels.com\/#website","url":"https:\/\/www.purejewels.com\/","name":"PureJewels \u0130ngiltere","description":"Sevgiyi Payla\u015f\u0131n","publisher":{"@id":"https:\/\/www.purejewels.com\/#organization"},"potentialAction":[{"@type":"SearchAction","target":{"@type":"EntryPoint","urlTemplate":"https:\/\/www.purejewels.com\/?s={search_term_string}"},"query-input":{"@type":"PropertyValueSpecification","valueRequired":true,"valueName":"search_term_string"}}],"inLanguage":"tr"},{"@type":"Organization","@id":"https:\/\/www.purejewels.com\/#organization","name":"PureJewels \u0130ngiltere","url":"https:\/\/www.purejewels.com\/","logo":{"@type":"ImageObject","inLanguage":"tr","@id":"https:\/\/www.purejewels.com\/#\/schema\/logo\/image\/","url":"https:\/\/static.purejewels.com\/wp-content\/uploads\/2020\/11\/Logo-PJ-New-1.png","contentUrl":"https:\/\/static.purejewels.com\/wp-content\/uploads\/2020\/11\/Logo-PJ-New-1.png","width":150,"height":80,"caption":"PureJewels UK"},"image":{"@id":"https:\/\/www.purejewels.com\/#\/schema\/logo\/image\/"}}]}},"_links":{"self":[{"href":"https:\/\/www.purejewels.com\/tr\/wp-json\/wp\/v2\/product\/309643","targetHints":{"allow":["GET"]}}],"collection":[{"href":"https:\/\/www.purejewels.com\/tr\/wp-json\/wp\/v2\/product"}],"about":[{"href":"https:\/\/www.purejewels.com\/tr\/wp-json\/wp\/v2\/types\/product"}],"replies":[{"embeddable":true,"href":"https:\/\/www.purejewels.com\/tr\/wp-json\/wp\/v2\/comments?post=309643"}],"version-history":[{"count":3,"href":"https:\/\/www.purejewels.com\/tr\/wp-json\/wp\/v2\/product\/309643\/revisions"}],"predecessor-version":[{"id":422816,"href":"https:\/\/www.purejewels.com\/tr\/wp-json\/wp\/v2\/product\/309643\/revisions\/422816"}],"wp:featuredmedia":[{"embeddable":true,"href":"https:\/\/www.purejewels.com\/tr\/wp-json\/wp\/v2\/media\/309702"}],"wp:attachment":[{"href":"https:\/\/www.purejewels.com\/tr\/wp-json\/wp\/v2\/media?parent=309643"}],"wp:term":[{"taxonomy":"product_brand","embeddable":true,"href":"https:\/\/www.purejewels.com\/tr\/wp-json\/wp\/v2\/product_brand?post=309643"},{"taxonomy":"product_cat","embeddable":true,"href":"https:\/\/www.purejewels.com\/tr\/wp-json\/wp\/v2\/product_cat?post=309643"},{"taxonomy":"product_tag","embeddable":true,"href":"https:\/\/www.purejewels.com\/tr\/wp-json\/wp\/v2\/product_tag?post=309643"}],"curies":[{"name":"wp","href":"https:\/\/api.w.org\/{rel}","templated":true}]}}