{"id":309741,"date":"2019-04-18T09:12:15","date_gmt":"2019-04-18T08:12:15","guid":{"rendered":"https:\/\/www.purejewels.com\/?post_type=product&#038;p=309741"},"modified":"2026-01-06T06:58:42","modified_gmt":"2026-01-06T06:58:42","slug":"bayan-altin-damla-kupe","status":"publish","type":"product","link":"https:\/\/www.purejewels.com\/tr\/product\/ladies-gold-drop-earrings\/","title":{"rendered":"22 Ayar Alt\u0131n K\u00fcpe"},"content":{"rendered":"<p data-start=\"723\" data-end=\"1113\"><strong data-start=\"723\" data-end=\"741\">Tasar\u0131m Konsepti<\/strong><\/p>\n<p data-start=\"723\" data-end=\"1113\">Bu k\u00fcpeler, Hint tap\u0131nak sanat\u0131nda yayg\u0131n olarak g\u00f6r\u00fclen \u00e7i\u00e7ek ve par\u015f\u00f6men motiflerinden esinlenmi\u015ftir. Stilize bir paisleyi and\u0131ran \u00fcstteki girdap b\u00fcy\u00fcmeyi ve ak\u0131\u015fkanl\u0131\u011f\u0131 simgelerken, alttaki \u00e7i\u00e7ek damlas\u0131nda narin ta\u00e7 yapraklar\u0131n\u0131 yans\u0131tacak \u015fekilde d\u00fczenlenmi\u015f alt\u0131 adet k\u00fcbik zirkon ta\u015f bulunur. Genel silueti zarif ama e\u011flenceli, hem g\u00fcnl\u00fck hem de bayram g\u00f6r\u00fcn\u00fcmlerini canland\u0131rmak i\u00e7in tasarland\u0131.<\/p>\n<p data-start=\"1115\" data-end=\"1476\"><strong data-start=\"1115\" data-end=\"1132\">Zanaatkarl\u0131k<\/strong><\/p>\n<p data-start=\"1115\" data-end=\"1476\">Saf 22 ayar sar\u0131 alt\u0131ndan \u00fcretilen ve sadece 1,9 gram a\u011f\u0131rl\u0131\u011f\u0131nda olan k\u00fcpeler, karma\u015f\u0131k detaylar\u0131 t\u00fcy kadar hafif bir konforla dengeliyor. \u00c7i\u00e7ekli CZ vurgular parlakl\u0131\u011f\u0131 en \u00fcst d\u00fczeye \u00e7\u0131karmak i\u00e7in hassas bir \u015fekilde ayarlan\u0131rken, alt\u0131n girdap daha fazla karakter i\u00e7in parlat\u0131lm\u0131\u015f ve dokuland\u0131r\u0131lm\u0131\u015ft\u0131r. G\u00fcvenli ve takmas\u0131 kolay olan bu k\u00fcpeler, alt\u0131n\u0131n safl\u0131\u011f\u0131n\u0131 garanti etmek i\u00e7in tamamen damgalanm\u0131\u015ft\u0131r.<\/p>\n<p data-start=\"1478\" data-end=\"1863\"><strong data-start=\"1478\" data-end=\"1495\">Stil Fikirleri<\/strong><\/p>\n<p data-start=\"1478\" data-end=\"1863\">G\u00fcnl\u00fck kullan\u0131m veya poojalar, bebek du\u015flar\u0131 veya Raksha Bandhan gibi \u00f6zel g\u00fcnler i\u00e7in ideal olan bu k\u00fcpeler, \u0131\u015f\u0131lt\u0131n\u0131n do\u011fru dokunu\u015funu katar. Hafif bir alt\u0131n zincir veya bileklikle e\u015fle\u015ftirin veya karma\u015f\u0131k cazibesinin parlamas\u0131na izin vermek i\u00e7in tek ba\u015f\u0131na tak\u0131n. Bu k\u00fcpeler ayn\u0131 zamanda gen\u00e7 k\u0131zlar veya modern \u00f6l\u00e7\u00fclerde miras esintili tak\u0131lara de\u011fer veren kad\u0131nlar i\u00e7in de anlaml\u0131 bir hediyedir.<\/p>","protected":false},"excerpt":{"rendered":"<p>Zarif di\u015fili\u011fe bir \u00f6vg\u00fc niteli\u011findeki bu 22 Ayar Alt\u0131n K\u00fcpeler, gelenek ve \u0131\u015f\u0131lt\u0131n\u0131n g\u00f6z al\u0131c\u0131 bir kar\u0131\u015f\u0131m\u0131d\u0131r. Hafif ve \u0131\u015f\u0131lt\u0131l\u0131 olan bu k\u00fcpeler, ince detaylar\u0131 kompakt bir formda takdir edenler i\u00e7in m\u00fckemmeldir.<\/p>\n<ul>\n<li><strong>Malzeme:<\/strong>\u00a022 Ayar Alt\u0131n<\/li>\n<li><strong>Hallmark:\u00a0<\/strong>\u0130ngiliz Damgas\u0131<\/li>\n<li><strong>Br\u00fct A\u011f\u0131rl\u0131k: <\/strong>1.90 Gms<\/li>\n<li><strong>Net A\u011f\u0131rl\u0131k:<\/strong> 1.80 Gms<\/li>\n<li><strong>SKU: <\/strong>30204<\/li>\n<\/ul>\n<p><strong><br \/>\nFiyat ve Teslimat:\u00a0<\/strong>KDV ve teslimat \u00fccretleri dahil<br \/>\n<strong><a href=\"https:\/\/www.purejewels.com\/tr\/i%cc%87ade-poli%cc%87ti%cc%87kasi\/\">\u0130ade Politikas\u0131<\/a><\/strong><\/p>","protected":false},"featured_media":309778,"comment_status":"closed","ping_status":"closed","template":"","meta":{"_eb_attr":"","_crsspst_to_jayantr4sg-hostcom":true},"product_brand":[],"product_cat":[1685,1229,1577],"product_tag":[],"class_list":{"0":"post-309741","1":"product","2":"type-product","3":"status-publish","4":"has-post-thumbnail","6":"product_cat-drop-earrings","7":"product_cat-22ct-gold-jewellery","8":"product_cat-stud-earrings","10":"first","11":"outofstock","12":"taxable","13":"shipping-taxable","14":"product-type-simple","15":"add-to-wishlist-before_image"},"yoast_head":"<!-- This site is optimized with the Yoast SEO plugin v27.3 - https:\/\/yoast.com\/product\/yoast-seo-wordpress\/ -->\n<title>22ct Gold Lightweight Floral Earrings | PureJewels UK<\/title>\n<meta name=\"description\" content=\"Discover timeless elegance with these 22ct gold earrings featuring floral CZ drops and a classic swirl design. Lightweight at 1.9 grams \u2013 perfect for everyday.\" \/>\n<meta name=\"robots\" content=\"index, follow, max-snippet:-1, max-image-preview:large, max-video-preview:-1\" \/>\n<link rel=\"canonical\" href=\"https:\/\/www.purejewels.com\/tr\/urun\/bayan-altin-damla-kupe\/\" \/>\n<meta property=\"og:locale\" content=\"tr_TR\" \/>\n<meta property=\"og:type\" content=\"article\" \/>\n<meta property=\"og:title\" content=\"22ct Gold Lightweight Floral Earrings | PureJewels UK\" \/>\n<meta property=\"og:description\" content=\"Discover timeless elegance with these 22ct gold earrings featuring floral CZ drops and a classic swirl design. Lightweight at 1.9 grams \u2013 perfect for everyday.\" \/>\n<meta property=\"og:url\" content=\"https:\/\/www.purejewels.com\/tr\/urun\/bayan-altin-damla-kupe\/\" \/>\n<meta property=\"og:site_name\" content=\"PureJewels UK\" \/>\n<meta property=\"article:modified_time\" content=\"2026-01-06T06:58:42+00:00\" \/>\n<meta property=\"og:image\" content=\"https:\/\/www.purejewels.com\/wp-content\/uploads\/2019\/04\/30215_1.png\" \/>\n\t<meta property=\"og:image:width\" content=\"1000\" \/>\n\t<meta property=\"og:image:height\" content=\"1000\" \/>\n\t<meta property=\"og:image:type\" content=\"image\/png\" \/>\n<meta name=\"twitter:card\" content=\"summary_large_image\" \/>\n<meta name=\"twitter:label1\" content=\"Tahmini okuma s\u00fcresi\" \/>\n\t<meta name=\"twitter:data1\" content=\"1 dakika\" \/>\n<script type=\"application\/ld+json\" class=\"yoast-schema-graph\">{\"@context\":\"https:\\\/\\\/schema.org\",\"@graph\":[{\"@type\":[\"WebPage\",\"ItemPage\"],\"@id\":\"https:\\\/\\\/www.purejewels.com\\\/product\\\/ladies-gold-drop-earrings\\\/\",\"url\":\"https:\\\/\\\/www.purejewels.com\\\/product\\\/ladies-gold-drop-earrings\\\/\",\"name\":\"22ct Gold Lightweight Floral Earrings | PureJewels UK\",\"isPartOf\":{\"@id\":\"https:\\\/\\\/www.purejewels.com\\\/#website\"},\"primaryImageOfPage\":{\"@id\":\"https:\\\/\\\/www.purejewels.com\\\/product\\\/ladies-gold-drop-earrings\\\/#primaryimage\"},\"image\":{\"@id\":\"https:\\\/\\\/www.purejewels.com\\\/product\\\/ladies-gold-drop-earrings\\\/#primaryimage\"},\"thumbnailUrl\":\"https:\\\/\\\/static.purejewels.com\\\/wp-content\\\/uploads\\\/2019\\\/04\\\/30215_1.png\",\"datePublished\":\"2019-04-18T08:12:15+00:00\",\"dateModified\":\"2026-01-06T06:58:42+00:00\",\"description\":\"Discover timeless elegance with these 22ct gold earrings featuring floral CZ drops and a classic swirl design. Lightweight at 1.9 grams \u2013 perfect for everyday.\",\"breadcrumb\":{\"@id\":\"https:\\\/\\\/www.purejewels.com\\\/product\\\/ladies-gold-drop-earrings\\\/#breadcrumb\"},\"inLanguage\":\"tr\",\"potentialAction\":[{\"@type\":\"ReadAction\",\"target\":[\"https:\\\/\\\/www.purejewels.com\\\/product\\\/ladies-gold-drop-earrings\\\/\"]}]},{\"@type\":\"ImageObject\",\"inLanguage\":\"tr\",\"@id\":\"https:\\\/\\\/www.purejewels.com\\\/product\\\/ladies-gold-drop-earrings\\\/#primaryimage\",\"url\":\"https:\\\/\\\/static.purejewels.com\\\/wp-content\\\/uploads\\\/2019\\\/04\\\/30215_1.png\",\"contentUrl\":\"https:\\\/\\\/static.purejewels.com\\\/wp-content\\\/uploads\\\/2019\\\/04\\\/30215_1.png\",\"width\":1000,\"height\":1000,\"caption\":\"30215_1\"},{\"@type\":\"BreadcrumbList\",\"@id\":\"https:\\\/\\\/www.purejewels.com\\\/product\\\/ladies-gold-drop-earrings\\\/#breadcrumb\",\"itemListElement\":[{\"@type\":\"ListItem\",\"position\":1,\"name\":\"Home\",\"item\":\"https:\\\/\\\/www.purejewels.com\\\/\"},{\"@type\":\"ListItem\",\"position\":2,\"name\":\"Shop\",\"item\":\"https:\\\/\\\/www.purejewels.com\\\/shop\\\/\"},{\"@type\":\"ListItem\",\"position\":3,\"name\":\"22ct Gold Earring\"}]},{\"@type\":\"WebSite\",\"@id\":\"https:\\\/\\\/www.purejewels.com\\\/#website\",\"url\":\"https:\\\/\\\/www.purejewels.com\\\/\",\"name\":\"PureJewels UK\",\"description\":\"Share the Love\",\"publisher\":{\"@id\":\"https:\\\/\\\/www.purejewels.com\\\/#organization\"},\"potentialAction\":[{\"@type\":\"SearchAction\",\"target\":{\"@type\":\"EntryPoint\",\"urlTemplate\":\"https:\\\/\\\/www.purejewels.com\\\/?s={search_term_string}\"},\"query-input\":{\"@type\":\"PropertyValueSpecification\",\"valueRequired\":true,\"valueName\":\"search_term_string\"}}],\"inLanguage\":\"tr\"},{\"@type\":\"Organization\",\"@id\":\"https:\\\/\\\/www.purejewels.com\\\/#organization\",\"name\":\"PureJewels UK\",\"url\":\"https:\\\/\\\/www.purejewels.com\\\/\",\"logo\":{\"@type\":\"ImageObject\",\"inLanguage\":\"tr\",\"@id\":\"https:\\\/\\\/www.purejewels.com\\\/#\\\/schema\\\/logo\\\/image\\\/\",\"url\":\"https:\\\/\\\/static.purejewels.com\\\/wp-content\\\/uploads\\\/2020\\\/11\\\/Logo-PJ-New-1.png\",\"contentUrl\":\"https:\\\/\\\/static.purejewels.com\\\/wp-content\\\/uploads\\\/2020\\\/11\\\/Logo-PJ-New-1.png\",\"width\":150,\"height\":80,\"caption\":\"PureJewels UK\"},\"image\":{\"@id\":\"https:\\\/\\\/www.purejewels.com\\\/#\\\/schema\\\/logo\\\/image\\\/\"}}]}<\/script>\n<!-- \/ Yoast SEO plugin. -->","yoast_head_json":{"title":"22 Ayar Alt\u0131n Hafif \u00c7i\u00e7ekli K\u00fcpe | PureJewels UK","description":"\u00c7i\u00e7ekli CZ damlalara ve klasik girdap tasar\u0131m\u0131na sahip bu 22 ayar alt\u0131n k\u00fcpelerle zamans\u0131z \u015f\u0131kl\u0131\u011f\u0131 ke\u015ffedin. 1,9 graml\u0131k hafifli\u011fiyle g\u00fcnl\u00fck kullan\u0131m i\u00e7in m\u00fckemmeldir.","robots":{"index":"index","follow":"follow","max-snippet":"max-snippet:-1","max-image-preview":"max-image-preview:large","max-video-preview":"max-video-preview:-1"},"canonical":"https:\/\/www.purejewels.com\/tr\/urun\/bayan-altin-damla-kupe\/","og_locale":"tr_TR","og_type":"article","og_title":"22ct Gold Lightweight Floral Earrings | PureJewels UK","og_description":"Discover timeless elegance with these 22ct gold earrings featuring floral CZ drops and a classic swirl design. Lightweight at 1.9 grams \u2013 perfect for everyday.","og_url":"https:\/\/www.purejewels.com\/tr\/urun\/bayan-altin-damla-kupe\/","og_site_name":"PureJewels UK","article_modified_time":"2026-01-06T06:58:42+00:00","og_image":[{"width":1000,"height":1000,"url":"https:\/\/www.purejewels.com\/wp-content\/uploads\/2019\/04\/30215_1.png","type":"image\/png"}],"twitter_card":"summary_large_image","twitter_misc":{"Tahmini okuma s\u00fcresi":"1 dakika"},"schema":{"@context":"https:\/\/schema.org","@graph":[{"@type":["WebPage","ItemPage"],"@id":"https:\/\/www.purejewels.com\/product\/ladies-gold-drop-earrings\/","url":"https:\/\/www.purejewels.com\/product\/ladies-gold-drop-earrings\/","name":"22 Ayar Alt\u0131n Hafif \u00c7i\u00e7ekli K\u00fcpe | PureJewels UK","isPartOf":{"@id":"https:\/\/www.purejewels.com\/#website"},"primaryImageOfPage":{"@id":"https:\/\/www.purejewels.com\/product\/ladies-gold-drop-earrings\/#primaryimage"},"image":{"@id":"https:\/\/www.purejewels.com\/product\/ladies-gold-drop-earrings\/#primaryimage"},"thumbnailUrl":"https:\/\/static.purejewels.com\/wp-content\/uploads\/2019\/04\/30215_1.png","datePublished":"2019-04-18T08:12:15+00:00","dateModified":"2026-01-06T06:58:42+00:00","description":"\u00c7i\u00e7ekli CZ damlalara ve klasik girdap tasar\u0131m\u0131na sahip bu 22 ayar alt\u0131n k\u00fcpelerle zamans\u0131z \u015f\u0131kl\u0131\u011f\u0131 ke\u015ffedin. 1,9 graml\u0131k hafifli\u011fiyle g\u00fcnl\u00fck kullan\u0131m i\u00e7in m\u00fckemmeldir.","breadcrumb":{"@id":"https:\/\/www.purejewels.com\/product\/ladies-gold-drop-earrings\/#breadcrumb"},"inLanguage":"tr","potentialAction":[{"@type":"ReadAction","target":["https:\/\/www.purejewels.com\/product\/ladies-gold-drop-earrings\/"]}]},{"@type":"ImageObject","inLanguage":"tr","@id":"https:\/\/www.purejewels.com\/product\/ladies-gold-drop-earrings\/#primaryimage","url":"https:\/\/static.purejewels.com\/wp-content\/uploads\/2019\/04\/30215_1.png","contentUrl":"https:\/\/static.purejewels.com\/wp-content\/uploads\/2019\/04\/30215_1.png","width":1000,"height":1000,"caption":"30215_1"},{"@type":"BreadcrumbList","@id":"https:\/\/www.purejewels.com\/product\/ladies-gold-drop-earrings\/#breadcrumb","itemListElement":[{"@type":"ListItem","position":1,"name":"Home","item":"https:\/\/www.purejewels.com\/"},{"@type":"ListItem","position":2,"name":"Shop","item":"https:\/\/www.purejewels.com\/shop\/"},{"@type":"ListItem","position":3,"name":"22ct Gold Earring"}]},{"@type":"WebSite","@id":"https:\/\/www.purejewels.com\/#website","url":"https:\/\/www.purejewels.com\/","name":"PureJewels \u0130ngiltere","description":"Sevgiyi Payla\u015f\u0131n","publisher":{"@id":"https:\/\/www.purejewels.com\/#organization"},"potentialAction":[{"@type":"SearchAction","target":{"@type":"EntryPoint","urlTemplate":"https:\/\/www.purejewels.com\/?s={search_term_string}"},"query-input":{"@type":"PropertyValueSpecification","valueRequired":true,"valueName":"search_term_string"}}],"inLanguage":"tr"},{"@type":"Organization","@id":"https:\/\/www.purejewels.com\/#organization","name":"PureJewels \u0130ngiltere","url":"https:\/\/www.purejewels.com\/","logo":{"@type":"ImageObject","inLanguage":"tr","@id":"https:\/\/www.purejewels.com\/#\/schema\/logo\/image\/","url":"https:\/\/static.purejewels.com\/wp-content\/uploads\/2020\/11\/Logo-PJ-New-1.png","contentUrl":"https:\/\/static.purejewels.com\/wp-content\/uploads\/2020\/11\/Logo-PJ-New-1.png","width":150,"height":80,"caption":"PureJewels UK"},"image":{"@id":"https:\/\/www.purejewels.com\/#\/schema\/logo\/image\/"}}]}},"_links":{"self":[{"href":"https:\/\/www.purejewels.com\/tr\/wp-json\/wp\/v2\/product\/309741","targetHints":{"allow":["GET"]}}],"collection":[{"href":"https:\/\/www.purejewels.com\/tr\/wp-json\/wp\/v2\/product"}],"about":[{"href":"https:\/\/www.purejewels.com\/tr\/wp-json\/wp\/v2\/types\/product"}],"replies":[{"embeddable":true,"href":"https:\/\/www.purejewels.com\/tr\/wp-json\/wp\/v2\/comments?post=309741"}],"version-history":[{"count":3,"href":"https:\/\/www.purejewels.com\/tr\/wp-json\/wp\/v2\/product\/309741\/revisions"}],"predecessor-version":[{"id":418240,"href":"https:\/\/www.purejewels.com\/tr\/wp-json\/wp\/v2\/product\/309741\/revisions\/418240"}],"wp:featuredmedia":[{"embeddable":true,"href":"https:\/\/www.purejewels.com\/tr\/wp-json\/wp\/v2\/media\/309778"}],"wp:attachment":[{"href":"https:\/\/www.purejewels.com\/tr\/wp-json\/wp\/v2\/media?parent=309741"}],"wp:term":[{"taxonomy":"product_brand","embeddable":true,"href":"https:\/\/www.purejewels.com\/tr\/wp-json\/wp\/v2\/product_brand?post=309741"},{"taxonomy":"product_cat","embeddable":true,"href":"https:\/\/www.purejewels.com\/tr\/wp-json\/wp\/v2\/product_cat?post=309741"},{"taxonomy":"product_tag","embeddable":true,"href":"https:\/\/www.purejewels.com\/tr\/wp-json\/wp\/v2\/product_tag?post=309741"}],"curies":[{"name":"wp","href":"https:\/\/api.w.org\/{rel}","templated":true}]}}