{"id":309798,"date":"2019-04-19T07:56:10","date_gmt":"2019-04-19T06:56:10","guid":{"rendered":"https:\/\/www.purejewels.com\/?post_type=product&#038;p=309798"},"modified":"2026-01-06T06:58:42","modified_gmt":"2026-01-06T06:58:42","slug":"22-ayar-altin-dugun-kupe-seti","status":"publish","type":"product","link":"https:\/\/www.purejewels.com\/tr\/product\/22k-gold-wedding-earring-set\/","title":{"rendered":"22 Ayar Alt\u0131n D\u00fc\u011f\u00fcn K\u00fcpe Seti"},"content":{"rendered":"<ul>\n<li>22 Ayar Alt\u0131n D\u00fc\u011f\u00fcn <a href=\"https:\/\/www.purejewels.com\/tr\/product\/22ct-gold-ladies-stud-earring-with-rhodium-finish-46497\/\">K\u00fcpe<\/a> Set<\/li>\n<li>Polki ta\u015flarla s\u00fcslenmi\u015f Anusha K\u00fcpe ve <a href=\"https:\/\/www.purejewels.com\/tr\/armari-collection\/\">Antik kaplama<\/a><\/li>\n<li>A\u011f\u0131rl\u0131k 13.1 g<\/li>\n<li>SKU. 30287<\/li>\n<\/ul>","protected":false},"excerpt":{"rendered":"<ul>\n<li>22 Ayar Alt\u0131n D\u00fc\u011f\u00fcn K\u00fcpe Seti<\/li>\n<li>Polki ta\u015flarla s\u00fcslenmi\u015f Anusha K\u00fcpe ve Antik kaplama<\/li>\n<li>A\u011f\u0131rl\u0131k 13.1 g<\/li>\n<li>SKU. 30287<\/li>\n<li>E\u015fle\u015fen Kolye seti de belirli bir tema \u00fczerinde mevcuttur<\/li>\n<li>T\u00fcm fiyatlara KDV dahildir<\/li>\n<li>T\u00fcm \u00fcr\u00fcnlerimiz London Assay Office taraf\u0131ndan damgalanm\u0131\u015ft\u0131r<\/li>\n<li>Sunum kutusu ile birlikte gelir<\/li>\n<li>Teslimat Dahil<\/li>\n<li>Koleksiyonumuzu ke\u015ffedin\u00a0<strong>geli\u0307n ve d\u00fc\u011f\u00fcn k\u00fcpeleri\u0307<\/strong><\/li>\n<li>Forest Gate, Londra, \u0130ngiltere'deki ma\u011fazam\u0131zda bulunan t\u00fcm yeni Yeni Gelin k\u00fcpe serisini g\u00f6r\u00fcnt\u00fclemek i\u00e7in bizimle sohbet edin \/ Whats app<\/li>\n<\/ul>","protected":false},"featured_media":309800,"comment_status":"closed","ping_status":"closed","template":"","meta":{"_eb_attr":"","_crsspst_to_jayantr4sg-hostcom":false},"product_brand":[],"product_cat":[256,236,1685,1229],"product_tag":[],"class_list":{"0":"post-309798","1":"product","2":"type-product","3":"status-publish","4":"has-post-thumbnail","6":"product_cat-anusha-collections","7":"product_cat-collections","8":"product_cat-drop-earrings","9":"product_cat-22ct-gold-jewellery","11":"first","12":"outofstock","13":"taxable","14":"shipping-taxable","15":"product-type-simple","16":"add-to-wishlist-before_image"},"yoast_head":"<!-- This site is optimized with the Yoast SEO plugin v27.3 - https:\/\/yoast.com\/product\/yoast-seo-wordpress\/ -->\n<title>22K Gold Wedding Earring Set - PureJewels UK<\/title>\n<meta name=\"robots\" content=\"index, follow, max-snippet:-1, max-image-preview:large, max-video-preview:-1\" \/>\n<link rel=\"canonical\" href=\"https:\/\/www.purejewels.com\/tr\/urun\/22-ayar-altin-dugun-kupe-seti\/\" \/>\n<meta property=\"og:locale\" content=\"tr_TR\" \/>\n<meta property=\"og:type\" content=\"article\" \/>\n<meta property=\"og:title\" content=\"22K Gold Wedding Earring Set - PureJewels UK\" \/>\n<meta property=\"og:description\" content=\"22K Gold Wedding Earring Set  Anusha Earring studded with polki stones and Antique finish  Wt. 13.1 g  SKU. 30287  Matching Necklace set is also available on particular theme  All prices include VAT  All our products are hallmarked by London Assay Office  Comes with presentation Box  Delivery Included  Explore our collection\u00a0bridal and wedding earrings  Chat with us \/Whats app\u00a0 to view the entire new range of New Bridal earring available at our store at forest gate, London,UK\" \/>\n<meta property=\"og:url\" content=\"https:\/\/www.purejewels.com\/tr\/urun\/22-ayar-altin-dugun-kupe-seti\/\" \/>\n<meta property=\"og:site_name\" content=\"PureJewels UK\" \/>\n<meta property=\"article:modified_time\" content=\"2026-01-06T06:58:42+00:00\" \/>\n<meta property=\"og:image\" content=\"https:\/\/www.purejewels.com\/wp-content\/uploads\/2019\/04\/30287_1.png\" \/>\n\t<meta property=\"og:image:width\" content=\"1000\" \/>\n\t<meta property=\"og:image:height\" content=\"1000\" \/>\n\t<meta property=\"og:image:type\" content=\"image\/png\" \/>\n<meta name=\"twitter:card\" content=\"summary_large_image\" \/>\n<script type=\"application\/ld+json\" class=\"yoast-schema-graph\">{\"@context\":\"https:\\\/\\\/schema.org\",\"@graph\":[{\"@type\":[\"WebPage\",\"ItemPage\"],\"@id\":\"https:\\\/\\\/www.purejewels.com\\\/product\\\/22k-gold-wedding-earring-set\\\/\",\"url\":\"https:\\\/\\\/www.purejewels.com\\\/product\\\/22k-gold-wedding-earring-set\\\/\",\"name\":\"22K Gold Wedding Earring Set - PureJewels UK\",\"isPartOf\":{\"@id\":\"https:\\\/\\\/www.purejewels.com\\\/#website\"},\"primaryImageOfPage\":{\"@id\":\"https:\\\/\\\/www.purejewels.com\\\/product\\\/22k-gold-wedding-earring-set\\\/#primaryimage\"},\"image\":{\"@id\":\"https:\\\/\\\/www.purejewels.com\\\/product\\\/22k-gold-wedding-earring-set\\\/#primaryimage\"},\"thumbnailUrl\":\"https:\\\/\\\/static.purejewels.com\\\/wp-content\\\/uploads\\\/2019\\\/04\\\/30287_1.png\",\"datePublished\":\"2019-04-19T06:56:10+00:00\",\"dateModified\":\"2026-01-06T06:58:42+00:00\",\"breadcrumb\":{\"@id\":\"https:\\\/\\\/www.purejewels.com\\\/product\\\/22k-gold-wedding-earring-set\\\/#breadcrumb\"},\"inLanguage\":\"tr\",\"potentialAction\":[{\"@type\":\"ReadAction\",\"target\":[\"https:\\\/\\\/www.purejewels.com\\\/product\\\/22k-gold-wedding-earring-set\\\/\"]}]},{\"@type\":\"ImageObject\",\"inLanguage\":\"tr\",\"@id\":\"https:\\\/\\\/www.purejewels.com\\\/product\\\/22k-gold-wedding-earring-set\\\/#primaryimage\",\"url\":\"https:\\\/\\\/static.purejewels.com\\\/wp-content\\\/uploads\\\/2019\\\/04\\\/30287_1.png\",\"contentUrl\":\"https:\\\/\\\/static.purejewels.com\\\/wp-content\\\/uploads\\\/2019\\\/04\\\/30287_1.png\",\"width\":1000,\"height\":1000,\"caption\":\"30287_1\"},{\"@type\":\"BreadcrumbList\",\"@id\":\"https:\\\/\\\/www.purejewels.com\\\/product\\\/22k-gold-wedding-earring-set\\\/#breadcrumb\",\"itemListElement\":[{\"@type\":\"ListItem\",\"position\":1,\"name\":\"Home\",\"item\":\"https:\\\/\\\/www.purejewels.com\\\/\"},{\"@type\":\"ListItem\",\"position\":2,\"name\":\"Shop\",\"item\":\"https:\\\/\\\/www.purejewels.com\\\/shop\\\/\"},{\"@type\":\"ListItem\",\"position\":3,\"name\":\"22K Gold Wedding Earring Set\"}]},{\"@type\":\"WebSite\",\"@id\":\"https:\\\/\\\/www.purejewels.com\\\/#website\",\"url\":\"https:\\\/\\\/www.purejewels.com\\\/\",\"name\":\"PureJewels UK\",\"description\":\"Share the Love\",\"publisher\":{\"@id\":\"https:\\\/\\\/www.purejewels.com\\\/#organization\"},\"potentialAction\":[{\"@type\":\"SearchAction\",\"target\":{\"@type\":\"EntryPoint\",\"urlTemplate\":\"https:\\\/\\\/www.purejewels.com\\\/?s={search_term_string}\"},\"query-input\":{\"@type\":\"PropertyValueSpecification\",\"valueRequired\":true,\"valueName\":\"search_term_string\"}}],\"inLanguage\":\"tr\"},{\"@type\":\"Organization\",\"@id\":\"https:\\\/\\\/www.purejewels.com\\\/#organization\",\"name\":\"PureJewels UK\",\"url\":\"https:\\\/\\\/www.purejewels.com\\\/\",\"logo\":{\"@type\":\"ImageObject\",\"inLanguage\":\"tr\",\"@id\":\"https:\\\/\\\/www.purejewels.com\\\/#\\\/schema\\\/logo\\\/image\\\/\",\"url\":\"https:\\\/\\\/static.purejewels.com\\\/wp-content\\\/uploads\\\/2020\\\/11\\\/Logo-PJ-New-1.png\",\"contentUrl\":\"https:\\\/\\\/static.purejewels.com\\\/wp-content\\\/uploads\\\/2020\\\/11\\\/Logo-PJ-New-1.png\",\"width\":150,\"height\":80,\"caption\":\"PureJewels UK\"},\"image\":{\"@id\":\"https:\\\/\\\/www.purejewels.com\\\/#\\\/schema\\\/logo\\\/image\\\/\"}}]}<\/script>\n<!-- \/ Yoast SEO plugin. -->","yoast_head_json":{"title":"22K Alt\u0131n D\u00fc\u011f\u00fcn K\u00fcpe Seti - PureJewels UK","robots":{"index":"index","follow":"follow","max-snippet":"max-snippet:-1","max-image-preview":"max-image-preview:large","max-video-preview":"max-video-preview:-1"},"canonical":"https:\/\/www.purejewels.com\/tr\/urun\/22-ayar-altin-dugun-kupe-seti\/","og_locale":"tr_TR","og_type":"article","og_title":"22K Gold Wedding Earring Set - PureJewels UK","og_description":"22K Gold Wedding Earring Set  Anusha Earring studded with polki stones and Antique finish  Wt. 13.1 g  SKU. 30287  Matching Necklace set is also available on particular theme  All prices include VAT  All our products are hallmarked by London Assay Office  Comes with presentation Box  Delivery Included  Explore our collection\u00a0bridal and wedding earrings  Chat with us \/Whats app\u00a0 to view the entire new range of New Bridal earring available at our store at forest gate, London,UK","og_url":"https:\/\/www.purejewels.com\/tr\/urun\/22-ayar-altin-dugun-kupe-seti\/","og_site_name":"PureJewels UK","article_modified_time":"2026-01-06T06:58:42+00:00","og_image":[{"width":1000,"height":1000,"url":"https:\/\/www.purejewels.com\/wp-content\/uploads\/2019\/04\/30287_1.png","type":"image\/png"}],"twitter_card":"summary_large_image","schema":{"@context":"https:\/\/schema.org","@graph":[{"@type":["WebPage","ItemPage"],"@id":"https:\/\/www.purejewels.com\/product\/22k-gold-wedding-earring-set\/","url":"https:\/\/www.purejewels.com\/product\/22k-gold-wedding-earring-set\/","name":"22K Alt\u0131n D\u00fc\u011f\u00fcn K\u00fcpe Seti - PureJewels UK","isPartOf":{"@id":"https:\/\/www.purejewels.com\/#website"},"primaryImageOfPage":{"@id":"https:\/\/www.purejewels.com\/product\/22k-gold-wedding-earring-set\/#primaryimage"},"image":{"@id":"https:\/\/www.purejewels.com\/product\/22k-gold-wedding-earring-set\/#primaryimage"},"thumbnailUrl":"https:\/\/static.purejewels.com\/wp-content\/uploads\/2019\/04\/30287_1.png","datePublished":"2019-04-19T06:56:10+00:00","dateModified":"2026-01-06T06:58:42+00:00","breadcrumb":{"@id":"https:\/\/www.purejewels.com\/product\/22k-gold-wedding-earring-set\/#breadcrumb"},"inLanguage":"tr","potentialAction":[{"@type":"ReadAction","target":["https:\/\/www.purejewels.com\/product\/22k-gold-wedding-earring-set\/"]}]},{"@type":"ImageObject","inLanguage":"tr","@id":"https:\/\/www.purejewels.com\/product\/22k-gold-wedding-earring-set\/#primaryimage","url":"https:\/\/static.purejewels.com\/wp-content\/uploads\/2019\/04\/30287_1.png","contentUrl":"https:\/\/static.purejewels.com\/wp-content\/uploads\/2019\/04\/30287_1.png","width":1000,"height":1000,"caption":"30287_1"},{"@type":"BreadcrumbList","@id":"https:\/\/www.purejewels.com\/product\/22k-gold-wedding-earring-set\/#breadcrumb","itemListElement":[{"@type":"ListItem","position":1,"name":"Home","item":"https:\/\/www.purejewels.com\/"},{"@type":"ListItem","position":2,"name":"Shop","item":"https:\/\/www.purejewels.com\/shop\/"},{"@type":"ListItem","position":3,"name":"22K Gold Wedding Earring Set"}]},{"@type":"WebSite","@id":"https:\/\/www.purejewels.com\/#website","url":"https:\/\/www.purejewels.com\/","name":"PureJewels \u0130ngiltere","description":"Sevgiyi Payla\u015f\u0131n","publisher":{"@id":"https:\/\/www.purejewels.com\/#organization"},"potentialAction":[{"@type":"SearchAction","target":{"@type":"EntryPoint","urlTemplate":"https:\/\/www.purejewels.com\/?s={search_term_string}"},"query-input":{"@type":"PropertyValueSpecification","valueRequired":true,"valueName":"search_term_string"}}],"inLanguage":"tr"},{"@type":"Organization","@id":"https:\/\/www.purejewels.com\/#organization","name":"PureJewels \u0130ngiltere","url":"https:\/\/www.purejewels.com\/","logo":{"@type":"ImageObject","inLanguage":"tr","@id":"https:\/\/www.purejewels.com\/#\/schema\/logo\/image\/","url":"https:\/\/static.purejewels.com\/wp-content\/uploads\/2020\/11\/Logo-PJ-New-1.png","contentUrl":"https:\/\/static.purejewels.com\/wp-content\/uploads\/2020\/11\/Logo-PJ-New-1.png","width":150,"height":80,"caption":"PureJewels UK"},"image":{"@id":"https:\/\/www.purejewels.com\/#\/schema\/logo\/image\/"}}]}},"_links":{"self":[{"href":"https:\/\/www.purejewels.com\/tr\/wp-json\/wp\/v2\/product\/309798","targetHints":{"allow":["GET"]}}],"collection":[{"href":"https:\/\/www.purejewels.com\/tr\/wp-json\/wp\/v2\/product"}],"about":[{"href":"https:\/\/www.purejewels.com\/tr\/wp-json\/wp\/v2\/types\/product"}],"replies":[{"embeddable":true,"href":"https:\/\/www.purejewels.com\/tr\/wp-json\/wp\/v2\/comments?post=309798"}],"version-history":[{"count":2,"href":"https:\/\/www.purejewels.com\/tr\/wp-json\/wp\/v2\/product\/309798\/revisions"}],"predecessor-version":[{"id":368013,"href":"https:\/\/www.purejewels.com\/tr\/wp-json\/wp\/v2\/product\/309798\/revisions\/368013"}],"wp:featuredmedia":[{"embeddable":true,"href":"https:\/\/www.purejewels.com\/tr\/wp-json\/wp\/v2\/media\/309800"}],"wp:attachment":[{"href":"https:\/\/www.purejewels.com\/tr\/wp-json\/wp\/v2\/media?parent=309798"}],"wp:term":[{"taxonomy":"product_brand","embeddable":true,"href":"https:\/\/www.purejewels.com\/tr\/wp-json\/wp\/v2\/product_brand?post=309798"},{"taxonomy":"product_cat","embeddable":true,"href":"https:\/\/www.purejewels.com\/tr\/wp-json\/wp\/v2\/product_cat?post=309798"},{"taxonomy":"product_tag","embeddable":true,"href":"https:\/\/www.purejewels.com\/tr\/wp-json\/wp\/v2\/product_tag?post=309798"}],"curies":[{"name":"wp","href":"https:\/\/api.w.org\/{rel}","templated":true}]}}