{"id":310044,"date":"2019-04-30T09:10:34","date_gmt":"2019-04-30T08:10:34","guid":{"rendered":"https:\/\/www.purejewels.com\/?post_type=product&#038;p=310044"},"modified":"2025-11-19T09:55:38","modified_gmt":"2025-11-19T09:55:38","slug":"hint-altin-saplama-kupe","status":"publish","type":"product","link":"https:\/\/www.purejewels.com\/tr\/product\/indian-gold-stud-earring\/","title":{"rendered":"22 ayar alt\u0131n dokulu dairesel k\u00fcpe"},"content":{"rendered":"<p data-start=\"500\" data-end=\"888\">\u015e\u0131k ve \u0131\u015f\u0131lt\u0131l\u0131, bunlar <strong data-start=\"525\" data-end=\"558\">Dokulu Daire Saplama <a href=\"https:\/\/www.purejewels.com\/tr\/product-category\/22ct-gold-jewellery\/gold-earrings\/\">K\u00fcpeler<\/a><\/strong> 22 ayar alt\u0131n kar\u0131\u015f\u0131m\u0131, zamans\u0131z zarafetle modern tasar\u0131m\u0131 bir araya getiriyor. Parlak ve \u0131\u015f\u0131lt\u0131l\u0131 bir dokuya sahip e\u015fmerkezli halkalarla s\u00fcslenen k\u00fcpeler, \u0131\u015f\u0131\u011f\u0131 g\u00fczel bir \u015fekilde yans\u0131tarak zarif ve g\u00f6z al\u0131c\u0131 bir g\u00f6r\u00fcn\u00fcm sunuyor. \u00c7ift tonlu efekt, k\u00fcpelerin derinli\u011fini art\u0131rarak hem g\u00fcnl\u00fck \u015f\u0131kl\u0131k hem de \u00f6zel g\u00fcnler i\u00e7in ideal hale getiriyor.<\/p>\n<p data-start=\"890\" data-end=\"1031\">Saf alt\u0131ndan \u00fcretilmi\u015f ve Birle\u015fik Krall\u0131k'ta damgalanm\u0131\u015f bu \u00fcr\u00fcnler, rahatl\u0131k, parlakl\u0131k ve uzun \u00f6m\u00fcrl\u00fcl\u00fck sunar; her m\u00fccevher koleksiyonuna zarif bir katk\u0131 sa\u011flar.<\/p>","protected":false},"excerpt":{"rendered":"<ul>\n<li>Hint Alt\u0131n Saplama K\u00fcpe<\/li>\n<li>22 Ayar Sar\u0131 Alt\u0131n<\/li>\n<li>Rodyum Cila ile<\/li>\n<li>A\u011f\u0131rl\u0131k 1.9 g<\/li>\n<li>SKU. 30333<\/li>\n<li>T\u00fcm fiyatlara KDV dahildir<\/li>\n<li>T\u00fcm \u00fcr\u00fcnlerimiz London Assay Office taraf\u0131ndan damgalanm\u0131\u015ft\u0131r<\/li>\n<li>Sunum kutusu ile birlikte gelir<\/li>\n<li>Birle\u015fik Krall\u0131k genelinde teslimat dahildir<\/li>\n<li>Hint K\u00fcpelerimizin t\u00fcm \u00e7e\u015fitlerini g\u00f6rmek i\u00e7in bizimle ileti\u015fime ge\u00e7in \/ sohbet edin.<\/li>\n<\/ul>","protected":false},"featured_media":310078,"comment_status":"closed","ping_status":"closed","template":"","meta":{"_eb_attr":"","_crsspst_to_jayantr4sg-hostcom":false},"product_brand":[],"product_cat":[1559,1576,1229,1577,1574],"product_tag":[],"class_list":{"0":"post-310044","1":"product","2":"type-product","3":"status-publish","4":"has-post-thumbnail","6":"product_cat-birthday-gifts","7":"product_cat-childrens-jewellery","8":"product_cat-22ct-gold-jewellery","9":"product_cat-stud-earrings","10":"product_cat-womens-jewellery","12":"first","13":"outofstock","14":"featured","15":"taxable","16":"shipping-taxable","17":"product-type-simple","18":"add-to-wishlist-before_image"},"yoast_head":"<!-- This site is optimized with the Yoast SEO plugin v27.3 - https:\/\/yoast.com\/product\/yoast-seo-wordpress\/ -->\n<title>22ct Gold Textured Circle Stud Earrings | PureJewels<\/title>\n<meta name=\"description\" content=\"Elegant 22ct Gold Textured Circle Stud Earrings with shimmering detail and dual-tone finish. Perfect for everyday sparkle or refined gifting.\" \/>\n<meta name=\"robots\" content=\"index, follow, max-snippet:-1, max-image-preview:large, max-video-preview:-1\" \/>\n<link rel=\"canonical\" href=\"https:\/\/www.purejewels.com\/tr\/urun\/hint-altin-saplama-kupe\/\" \/>\n<meta property=\"og:locale\" content=\"tr_TR\" \/>\n<meta property=\"og:type\" content=\"article\" \/>\n<meta property=\"og:title\" content=\"22ct Gold Textured Circle Stud Earrings | PureJewels\" \/>\n<meta property=\"og:description\" content=\"Elegant 22ct Gold Textured Circle Stud Earrings with shimmering detail and dual-tone finish. Perfect for everyday sparkle or refined gifting.\" \/>\n<meta property=\"og:url\" content=\"https:\/\/www.purejewels.com\/tr\/urun\/hint-altin-saplama-kupe\/\" \/>\n<meta property=\"og:site_name\" content=\"PureJewels UK\" \/>\n<meta property=\"article:modified_time\" content=\"2025-11-19T09:55:38+00:00\" \/>\n<meta property=\"og:image\" content=\"https:\/\/www.purejewels.com\/wp-content\/uploads\/2019\/04\/30311.jpg\" \/>\n\t<meta property=\"og:image:width\" content=\"1000\" \/>\n\t<meta property=\"og:image:height\" content=\"1000\" \/>\n\t<meta property=\"og:image:type\" content=\"image\/jpeg\" \/>\n<meta name=\"twitter:card\" content=\"summary_large_image\" \/>\n<meta name=\"twitter:label1\" content=\"Tahmini okuma s\u00fcresi\" \/>\n\t<meta name=\"twitter:data1\" content=\"1 dakika\" \/>\n<script type=\"application\/ld+json\" class=\"yoast-schema-graph\">{\"@context\":\"https:\\\/\\\/schema.org\",\"@graph\":[{\"@type\":[\"WebPage\",\"ItemPage\"],\"@id\":\"https:\\\/\\\/www.purejewels.com\\\/product\\\/indian-gold-stud-earring\\\/\",\"url\":\"https:\\\/\\\/www.purejewels.com\\\/product\\\/indian-gold-stud-earring\\\/\",\"name\":\"22ct Gold Textured Circle Stud Earrings | PureJewels\",\"isPartOf\":{\"@id\":\"https:\\\/\\\/www.purejewels.com\\\/#website\"},\"primaryImageOfPage\":{\"@id\":\"https:\\\/\\\/www.purejewels.com\\\/product\\\/indian-gold-stud-earring\\\/#primaryimage\"},\"image\":{\"@id\":\"https:\\\/\\\/www.purejewels.com\\\/product\\\/indian-gold-stud-earring\\\/#primaryimage\"},\"thumbnailUrl\":\"https:\\\/\\\/static.purejewels.com\\\/wp-content\\\/uploads\\\/2019\\\/04\\\/30311.jpg\",\"datePublished\":\"2019-04-30T08:10:34+00:00\",\"dateModified\":\"2025-11-19T09:55:38+00:00\",\"description\":\"Elegant 22ct Gold Textured Circle Stud Earrings with shimmering detail and dual-tone finish. Perfect for everyday sparkle or refined gifting.\",\"breadcrumb\":{\"@id\":\"https:\\\/\\\/www.purejewels.com\\\/product\\\/indian-gold-stud-earring\\\/#breadcrumb\"},\"inLanguage\":\"tr\",\"potentialAction\":[{\"@type\":\"ReadAction\",\"target\":[\"https:\\\/\\\/www.purejewels.com\\\/product\\\/indian-gold-stud-earring\\\/\"]}]},{\"@type\":\"ImageObject\",\"inLanguage\":\"tr\",\"@id\":\"https:\\\/\\\/www.purejewels.com\\\/product\\\/indian-gold-stud-earring\\\/#primaryimage\",\"url\":\"https:\\\/\\\/static.purejewels.com\\\/wp-content\\\/uploads\\\/2019\\\/04\\\/30311.jpg\",\"contentUrl\":\"https:\\\/\\\/static.purejewels.com\\\/wp-content\\\/uploads\\\/2019\\\/04\\\/30311.jpg\",\"width\":1000,\"height\":1000,\"caption\":\"30311\"},{\"@type\":\"BreadcrumbList\",\"@id\":\"https:\\\/\\\/www.purejewels.com\\\/product\\\/indian-gold-stud-earring\\\/#breadcrumb\",\"itemListElement\":[{\"@type\":\"ListItem\",\"position\":1,\"name\":\"Home\",\"item\":\"https:\\\/\\\/www.purejewels.com\\\/\"},{\"@type\":\"ListItem\",\"position\":2,\"name\":\"Shop\",\"item\":\"https:\\\/\\\/www.purejewels.com\\\/shop\\\/\"},{\"@type\":\"ListItem\",\"position\":3,\"name\":\"22ct Gold Textured Circle Stud Earrings\"}]},{\"@type\":\"WebSite\",\"@id\":\"https:\\\/\\\/www.purejewels.com\\\/#website\",\"url\":\"https:\\\/\\\/www.purejewels.com\\\/\",\"name\":\"PureJewels UK\",\"description\":\"Share the Love\",\"publisher\":{\"@id\":\"https:\\\/\\\/www.purejewels.com\\\/#organization\"},\"potentialAction\":[{\"@type\":\"SearchAction\",\"target\":{\"@type\":\"EntryPoint\",\"urlTemplate\":\"https:\\\/\\\/www.purejewels.com\\\/?s={search_term_string}\"},\"query-input\":{\"@type\":\"PropertyValueSpecification\",\"valueRequired\":true,\"valueName\":\"search_term_string\"}}],\"inLanguage\":\"tr\"},{\"@type\":\"Organization\",\"@id\":\"https:\\\/\\\/www.purejewels.com\\\/#organization\",\"name\":\"PureJewels UK\",\"url\":\"https:\\\/\\\/www.purejewels.com\\\/\",\"logo\":{\"@type\":\"ImageObject\",\"inLanguage\":\"tr\",\"@id\":\"https:\\\/\\\/www.purejewels.com\\\/#\\\/schema\\\/logo\\\/image\\\/\",\"url\":\"https:\\\/\\\/static.purejewels.com\\\/wp-content\\\/uploads\\\/2020\\\/11\\\/Logo-PJ-New-1.png\",\"contentUrl\":\"https:\\\/\\\/static.purejewels.com\\\/wp-content\\\/uploads\\\/2020\\\/11\\\/Logo-PJ-New-1.png\",\"width\":150,\"height\":80,\"caption\":\"PureJewels UK\"},\"image\":{\"@id\":\"https:\\\/\\\/www.purejewels.com\\\/#\\\/schema\\\/logo\\\/image\\\/\"}}]}<\/script>\n<!-- \/ Yoast SEO plugin. -->","yoast_head_json":{"title":"22 ayar alt\u0131n dokulu dairesel k\u00fcpe | PureJewels","description":"Parlak detaylara ve \u00e7ift tonlu kaplamaya sahip zarif 22 ayar alt\u0131n dokulu daire k\u00fcpe. G\u00fcnl\u00fck kullan\u0131m veya zarif bir hediye olarak m\u00fckemmeldir.","robots":{"index":"index","follow":"follow","max-snippet":"max-snippet:-1","max-image-preview":"max-image-preview:large","max-video-preview":"max-video-preview:-1"},"canonical":"https:\/\/www.purejewels.com\/tr\/urun\/hint-altin-saplama-kupe\/","og_locale":"tr_TR","og_type":"article","og_title":"22ct Gold Textured Circle Stud Earrings | PureJewels","og_description":"Elegant 22ct Gold Textured Circle Stud Earrings with shimmering detail and dual-tone finish. Perfect for everyday sparkle or refined gifting.","og_url":"https:\/\/www.purejewels.com\/tr\/urun\/hint-altin-saplama-kupe\/","og_site_name":"PureJewels UK","article_modified_time":"2025-11-19T09:55:38+00:00","og_image":[{"width":1000,"height":1000,"url":"https:\/\/www.purejewels.com\/wp-content\/uploads\/2019\/04\/30311.jpg","type":"image\/jpeg"}],"twitter_card":"summary_large_image","twitter_misc":{"Tahmini okuma s\u00fcresi":"1 dakika"},"schema":{"@context":"https:\/\/schema.org","@graph":[{"@type":["WebPage","ItemPage"],"@id":"https:\/\/www.purejewels.com\/product\/indian-gold-stud-earring\/","url":"https:\/\/www.purejewels.com\/product\/indian-gold-stud-earring\/","name":"22 ayar alt\u0131n dokulu dairesel k\u00fcpe | PureJewels","isPartOf":{"@id":"https:\/\/www.purejewels.com\/#website"},"primaryImageOfPage":{"@id":"https:\/\/www.purejewels.com\/product\/indian-gold-stud-earring\/#primaryimage"},"image":{"@id":"https:\/\/www.purejewels.com\/product\/indian-gold-stud-earring\/#primaryimage"},"thumbnailUrl":"https:\/\/static.purejewels.com\/wp-content\/uploads\/2019\/04\/30311.jpg","datePublished":"2019-04-30T08:10:34+00:00","dateModified":"2025-11-19T09:55:38+00:00","description":"Parlak detaylara ve \u00e7ift tonlu kaplamaya sahip zarif 22 ayar alt\u0131n dokulu daire k\u00fcpe. G\u00fcnl\u00fck kullan\u0131m veya zarif bir hediye olarak m\u00fckemmeldir.","breadcrumb":{"@id":"https:\/\/www.purejewels.com\/product\/indian-gold-stud-earring\/#breadcrumb"},"inLanguage":"tr","potentialAction":[{"@type":"ReadAction","target":["https:\/\/www.purejewels.com\/product\/indian-gold-stud-earring\/"]}]},{"@type":"ImageObject","inLanguage":"tr","@id":"https:\/\/www.purejewels.com\/product\/indian-gold-stud-earring\/#primaryimage","url":"https:\/\/static.purejewels.com\/wp-content\/uploads\/2019\/04\/30311.jpg","contentUrl":"https:\/\/static.purejewels.com\/wp-content\/uploads\/2019\/04\/30311.jpg","width":1000,"height":1000,"caption":"30311"},{"@type":"BreadcrumbList","@id":"https:\/\/www.purejewels.com\/product\/indian-gold-stud-earring\/#breadcrumb","itemListElement":[{"@type":"ListItem","position":1,"name":"Home","item":"https:\/\/www.purejewels.com\/"},{"@type":"ListItem","position":2,"name":"Shop","item":"https:\/\/www.purejewels.com\/shop\/"},{"@type":"ListItem","position":3,"name":"22ct Gold Textured Circle Stud Earrings"}]},{"@type":"WebSite","@id":"https:\/\/www.purejewels.com\/#website","url":"https:\/\/www.purejewels.com\/","name":"PureJewels \u0130ngiltere","description":"Sevgiyi Payla\u015f\u0131n","publisher":{"@id":"https:\/\/www.purejewels.com\/#organization"},"potentialAction":[{"@type":"SearchAction","target":{"@type":"EntryPoint","urlTemplate":"https:\/\/www.purejewels.com\/?s={search_term_string}"},"query-input":{"@type":"PropertyValueSpecification","valueRequired":true,"valueName":"search_term_string"}}],"inLanguage":"tr"},{"@type":"Organization","@id":"https:\/\/www.purejewels.com\/#organization","name":"PureJewels \u0130ngiltere","url":"https:\/\/www.purejewels.com\/","logo":{"@type":"ImageObject","inLanguage":"tr","@id":"https:\/\/www.purejewels.com\/#\/schema\/logo\/image\/","url":"https:\/\/static.purejewels.com\/wp-content\/uploads\/2020\/11\/Logo-PJ-New-1.png","contentUrl":"https:\/\/static.purejewels.com\/wp-content\/uploads\/2020\/11\/Logo-PJ-New-1.png","width":150,"height":80,"caption":"PureJewels UK"},"image":{"@id":"https:\/\/www.purejewels.com\/#\/schema\/logo\/image\/"}}]}},"_links":{"self":[{"href":"https:\/\/www.purejewels.com\/tr\/wp-json\/wp\/v2\/product\/310044","targetHints":{"allow":["GET"]}}],"collection":[{"href":"https:\/\/www.purejewels.com\/tr\/wp-json\/wp\/v2\/product"}],"about":[{"href":"https:\/\/www.purejewels.com\/tr\/wp-json\/wp\/v2\/types\/product"}],"replies":[{"embeddable":true,"href":"https:\/\/www.purejewels.com\/tr\/wp-json\/wp\/v2\/comments?post=310044"}],"version-history":[{"count":2,"href":"https:\/\/www.purejewels.com\/tr\/wp-json\/wp\/v2\/product\/310044\/revisions"}],"predecessor-version":[{"id":421403,"href":"https:\/\/www.purejewels.com\/tr\/wp-json\/wp\/v2\/product\/310044\/revisions\/421403"}],"wp:featuredmedia":[{"embeddable":true,"href":"https:\/\/www.purejewels.com\/tr\/wp-json\/wp\/v2\/media\/310078"}],"wp:attachment":[{"href":"https:\/\/www.purejewels.com\/tr\/wp-json\/wp\/v2\/media?parent=310044"}],"wp:term":[{"taxonomy":"product_brand","embeddable":true,"href":"https:\/\/www.purejewels.com\/tr\/wp-json\/wp\/v2\/product_brand?post=310044"},{"taxonomy":"product_cat","embeddable":true,"href":"https:\/\/www.purejewels.com\/tr\/wp-json\/wp\/v2\/product_cat?post=310044"},{"taxonomy":"product_tag","embeddable":true,"href":"https:\/\/www.purejewels.com\/tr\/wp-json\/wp\/v2\/product_tag?post=310044"}],"curies":[{"name":"wp","href":"https:\/\/api.w.org\/{rel}","templated":true}]}}