{"id":310066,"date":"2019-04-30T07:55:44","date_gmt":"2019-04-30T06:55:44","guid":{"rendered":"https:\/\/www.purejewels.com\/?post_type=product&#038;p=310066"},"modified":"2026-03-16T11:00:03","modified_gmt":"2026-03-16T11:00:03","slug":"22-ayar-sari-altin-telkari-kolye-ucu","status":"publish","type":"product","link":"https:\/\/www.purejewels.com\/tr\/product\/22ct-yellow-gold-filigree-pendant\/","title":{"rendered":"22 Ayar Alt\u0131n \u00c7i\u00e7ekli Disk Kolye"},"content":{"rendered":"<p>Tasar\u0131m<\/p>\n<p>Floral Disk Kolye ucu, yumu\u015fak bir \u015fekilde yontulmu\u015f \u00e7i\u00e7ek motifinin etraf\u0131nda zamans\u0131z bir dairesel siluet sergiliyor. Y\u00fckseltilmi\u015f \u00e7i\u00e7ek, parlat\u0131lm\u0131\u015f alt\u0131n bir disk i\u00e7inde yer alarak derinlik ve boyut hissi yarat\u0131rken, kolyeyi \u00e7evreleyen elmas kesim kenarl\u0131k \u0131\u015f\u0131\u011f\u0131 ince bir parlakl\u0131kla yans\u0131t\u0131r. \u00c7i\u00e7ekli merkez ve dokulu kenar aras\u0131ndaki uyumlu denge kolyeye zarif ama etkileyici bir karakter kazand\u0131r\u0131yor.<\/p>\n<p>Zanaatkarl\u0131k<\/p>\n<p>Zengin bir \u015fekilde i\u015flenmi\u015f <a href=\"https:\/\/www.purejewels.com\/tr\/product\/22ct-gold-jali-filigree-ring-jali-collection-31926\/\">22ct<\/a> Alt\u0131n kolye ucu, yontulmu\u015f \u00e7i\u00e7ek formunu vurgulayan p\u00fcr\u00fczs\u00fcz cilal\u0131 bir merkez elde etmek i\u00e7in \u00f6zenle \u015fekillendirilmi\u015ftir. D\u0131\u015f kenarda, \u0131\u015f\u0131k yans\u0131mas\u0131n\u0131 art\u0131rmak ve y\u00fczeye doku katmak i\u00e7in tasarlanm\u0131\u015f hassas elmas kesim detaylar bulunur. Her bir kolye ucu yetenekli kuyumcular taraf\u0131ndan tamamlan\u0131r ve alt\u0131n\u0131n safl\u0131\u011f\u0131n\u0131 belgeleyen Birle\u015fik Krall\u0131k damgas\u0131n\u0131 ta\u015f\u0131r.<\/p>\n<p>\u015eekillendirme &amp; Hediyele\u015fme<\/p>\n<p>Bu kolye ucu, narin alt\u0131n zincirlerle ve \u00e7ok \u00e7e\u015fitli k\u0131yafetlerle zahmetsizce e\u015fle\u015fen \u00e7ok y\u00f6nl\u00fc bir g\u00fcnl\u00fck par\u00e7a olarak tasarlanm\u0131\u015ft\u0131r. Klasik \u00e7i\u00e7ek motifi, zarif ve abart\u0131s\u0131z bir duru\u015f sergilerken hem g\u00fcndelik giyime hem de \u00f6zel g\u00fcnlere uygun olmas\u0131n\u0131 sa\u011flar. Bir hediye olarak g\u00fczelli\u011fi, s\u0131cakl\u0131\u011f\u0131 ve kutlamay\u0131 simgeleyen bu par\u00e7a, do\u011fum g\u00fcnleri, y\u0131l d\u00f6n\u00fcmleri, festivaller ve anlaml\u0131 d\u00f6n\u00fcm noktalar\u0131 i\u00e7in d\u00fc\u015f\u00fcnceli bir se\u00e7imdir.<\/p>","protected":false},"excerpt":{"rendered":"<ul>\n<li>22 Ayar Sar\u0131 Alt\u0131n Telkari Kolye<\/li>\n<li>G\u00fcnl\u00fck kullan\u0131m i\u00e7in uygundur<\/li>\n<li>A\u011f\u0131rl\u0131k 1.6 g<\/li>\n<li>SKU. 30346<\/li>\n<li>Zincir fiyata dahil de\u011fildir<\/li>\n<li>T\u00fcm fiyatlara KDV dahildir<\/li>\n<li>T\u00fcm \u00dcr\u00fcnlerimiz Londra Tahlil Ofisi Taraf\u0131ndan Damgalanm\u0131\u015ft\u0131r<\/li>\n<li>T\u00fcm Setler Sunum Kutusu ile Birlikte Gelir<\/li>\n<li>\u0130ngiltere Genelinde \u00dccretsiz Teslimat<\/li>\n<li>\u00dcr\u00fcn videosu i\u00e7in bize ula\u015f\u0131n \/ bizimle sohbet edin<\/li>\n<li><\/li>\n<\/ul>","protected":false},"featured_media":310068,"comment_status":"closed","ping_status":"closed","template":"","meta":{"_eb_attr":"","_crsspst_to_jayantr4sg-hostcom":false},"product_brand":[],"product_cat":[1559,1576,1769,1767,1575,1573,1574],"product_tag":[1546],"class_list":{"0":"post-310066","1":"product","2":"type-product","3":"status-publish","4":"has-post-thumbnail","6":"product_cat-birthday-gifts","7":"product_cat-childrens-jewellery","8":"product_cat-kids-pendants","9":"product_cat-ladies-pendants","10":"product_cat-teenage-jewellery","11":"product_cat-wedding-gifts","12":"product_cat-womens-jewellery","13":"product_tag-children","15":"first","16":"outofstock","17":"sale","18":"featured","19":"taxable","20":"shipping-taxable","21":"product-type-simple","22":"add-to-wishlist-before_image"},"yoast_head":"<!-- This site is optimized with the Yoast SEO plugin v27.3 - https:\/\/yoast.com\/product\/yoast-seo-wordpress\/ -->\n<title>Shop 22ct Gold Floral Disc Pendant with Rhodium | PureJewels<\/title>\n<meta name=\"description\" content=\"Shop the 22ct Gold Floral Disc Pendant from PureJewels. Featuring a sculpted floral motif and diamond cut border crafted in hallmarked 22ct gold.\" \/>\n<meta name=\"robots\" content=\"index, follow, max-snippet:-1, max-image-preview:large, max-video-preview:-1\" \/>\n<link rel=\"canonical\" href=\"https:\/\/www.purejewels.com\/tr\/urun\/22-ayar-sari-altin-telkari-kolye-ucu\/\" \/>\n<meta property=\"og:locale\" content=\"tr_TR\" \/>\n<meta property=\"og:type\" content=\"article\" \/>\n<meta property=\"og:title\" content=\"Shop 22ct Gold Floral Disc Pendant with Rhodium | PureJewels\" \/>\n<meta property=\"og:description\" content=\"Shop the 22ct Gold Floral Disc Pendant from PureJewels. Featuring a sculpted floral motif and diamond cut border crafted in hallmarked 22ct gold.\" \/>\n<meta property=\"og:url\" content=\"https:\/\/www.purejewels.com\/tr\/urun\/22-ayar-sari-altin-telkari-kolye-ucu\/\" \/>\n<meta property=\"og:site_name\" content=\"PureJewels UK\" \/>\n<meta property=\"article:modified_time\" content=\"2026-03-16T11:00:03+00:00\" \/>\n<meta property=\"og:image\" content=\"https:\/\/static.purejewels.com\/wp-content\/uploads\/2019\/04\/NO-ID-9.jpg\" \/>\n\t<meta property=\"og:image:width\" content=\"1000\" \/>\n\t<meta property=\"og:image:height\" content=\"1000\" \/>\n\t<meta property=\"og:image:type\" content=\"image\/jpeg\" \/>\n<meta name=\"twitter:card\" content=\"summary_large_image\" \/>\n<meta name=\"twitter:label1\" content=\"Tahmini okuma s\u00fcresi\" \/>\n\t<meta name=\"twitter:data1\" content=\"1 dakika\" \/>\n<script type=\"application\/ld+json\" class=\"yoast-schema-graph\">{\"@context\":\"https:\\\/\\\/schema.org\",\"@graph\":[{\"@type\":[\"WebPage\",\"ItemPage\"],\"@id\":\"https:\\\/\\\/www.purejewels.com\\\/product\\\/22ct-yellow-gold-filigree-pendant\\\/\",\"url\":\"https:\\\/\\\/www.purejewels.com\\\/product\\\/22ct-yellow-gold-filigree-pendant\\\/\",\"name\":\"Shop 22ct Gold Floral Disc Pendant with Rhodium | PureJewels\",\"isPartOf\":{\"@id\":\"https:\\\/\\\/www.purejewels.com\\\/#website\"},\"primaryImageOfPage\":{\"@id\":\"https:\\\/\\\/www.purejewels.com\\\/product\\\/22ct-yellow-gold-filigree-pendant\\\/#primaryimage\"},\"image\":{\"@id\":\"https:\\\/\\\/www.purejewels.com\\\/product\\\/22ct-yellow-gold-filigree-pendant\\\/#primaryimage\"},\"thumbnailUrl\":\"https:\\\/\\\/static.purejewels.com\\\/wp-content\\\/uploads\\\/2019\\\/04\\\/NO-ID-9.jpg\",\"datePublished\":\"2019-04-30T06:55:44+00:00\",\"dateModified\":\"2026-03-16T11:00:03+00:00\",\"description\":\"Shop the 22ct Gold Floral Disc Pendant from PureJewels. Featuring a sculpted floral motif and diamond cut border crafted in hallmarked 22ct gold.\",\"breadcrumb\":{\"@id\":\"https:\\\/\\\/www.purejewels.com\\\/product\\\/22ct-yellow-gold-filigree-pendant\\\/#breadcrumb\"},\"inLanguage\":\"tr\",\"potentialAction\":[{\"@type\":\"ReadAction\",\"target\":[\"https:\\\/\\\/www.purejewels.com\\\/product\\\/22ct-yellow-gold-filigree-pendant\\\/\"]}]},{\"@type\":\"ImageObject\",\"inLanguage\":\"tr\",\"@id\":\"https:\\\/\\\/www.purejewels.com\\\/product\\\/22ct-yellow-gold-filigree-pendant\\\/#primaryimage\",\"url\":\"https:\\\/\\\/static.purejewels.com\\\/wp-content\\\/uploads\\\/2019\\\/04\\\/NO-ID-9.jpg\",\"contentUrl\":\"https:\\\/\\\/static.purejewels.com\\\/wp-content\\\/uploads\\\/2019\\\/04\\\/NO-ID-9.jpg\",\"width\":1000,\"height\":1000,\"caption\":\"NO-ID-9\"},{\"@type\":\"BreadcrumbList\",\"@id\":\"https:\\\/\\\/www.purejewels.com\\\/product\\\/22ct-yellow-gold-filigree-pendant\\\/#breadcrumb\",\"itemListElement\":[{\"@type\":\"ListItem\",\"position\":1,\"name\":\"Home\",\"item\":\"https:\\\/\\\/www.purejewels.com\\\/\"},{\"@type\":\"ListItem\",\"position\":2,\"name\":\"Shop\",\"item\":\"https:\\\/\\\/www.purejewels.com\\\/shop\\\/\"},{\"@type\":\"ListItem\",\"position\":3,\"name\":\"22ct Gold Floral Disc Pendant\"}]},{\"@type\":\"WebSite\",\"@id\":\"https:\\\/\\\/www.purejewels.com\\\/#website\",\"url\":\"https:\\\/\\\/www.purejewels.com\\\/\",\"name\":\"PureJewels UK\",\"description\":\"Share the Love\",\"publisher\":{\"@id\":\"https:\\\/\\\/www.purejewels.com\\\/#organization\"},\"potentialAction\":[{\"@type\":\"SearchAction\",\"target\":{\"@type\":\"EntryPoint\",\"urlTemplate\":\"https:\\\/\\\/www.purejewels.com\\\/?s={search_term_string}\"},\"query-input\":{\"@type\":\"PropertyValueSpecification\",\"valueRequired\":true,\"valueName\":\"search_term_string\"}}],\"inLanguage\":\"tr\"},{\"@type\":\"Organization\",\"@id\":\"https:\\\/\\\/www.purejewels.com\\\/#organization\",\"name\":\"PureJewels UK\",\"url\":\"https:\\\/\\\/www.purejewels.com\\\/\",\"logo\":{\"@type\":\"ImageObject\",\"inLanguage\":\"tr\",\"@id\":\"https:\\\/\\\/www.purejewels.com\\\/#\\\/schema\\\/logo\\\/image\\\/\",\"url\":\"https:\\\/\\\/static.purejewels.com\\\/wp-content\\\/uploads\\\/2020\\\/11\\\/Logo-PJ-New-1.png\",\"contentUrl\":\"https:\\\/\\\/static.purejewels.com\\\/wp-content\\\/uploads\\\/2020\\\/11\\\/Logo-PJ-New-1.png\",\"width\":150,\"height\":80,\"caption\":\"PureJewels UK\"},\"image\":{\"@id\":\"https:\\\/\\\/www.purejewels.com\\\/#\\\/schema\\\/logo\\\/image\\\/\"}}]}<\/script>\n<!-- \/ Yoast SEO plugin. -->","yoast_head_json":{"title":"Rodyum ile 22 Ayar Alt\u0131n \u00c7i\u00e7ekli Disk Kolye Sat\u0131n Al\u0131n | PureJewels","description":"PureJewels'ten 22 Ayar Alt\u0131n \u00c7i\u00e7ekli Disk Kolyeyi sat\u0131n al\u0131n. Yontulmu\u015f \u00e7i\u00e7ek motifli ve elmas kesim kenarl\u0131kl\u0131, damgal\u0131 22 ayar alt\u0131ndan \u00fcretilmi\u015ftir.","robots":{"index":"index","follow":"follow","max-snippet":"max-snippet:-1","max-image-preview":"max-image-preview:large","max-video-preview":"max-video-preview:-1"},"canonical":"https:\/\/www.purejewels.com\/tr\/urun\/22-ayar-sari-altin-telkari-kolye-ucu\/","og_locale":"tr_TR","og_type":"article","og_title":"Shop 22ct Gold Floral Disc Pendant with Rhodium | PureJewels","og_description":"Shop the 22ct Gold Floral Disc Pendant from PureJewels. Featuring a sculpted floral motif and diamond cut border crafted in hallmarked 22ct gold.","og_url":"https:\/\/www.purejewels.com\/tr\/urun\/22-ayar-sari-altin-telkari-kolye-ucu\/","og_site_name":"PureJewels UK","article_modified_time":"2026-03-16T11:00:03+00:00","og_image":[{"width":1000,"height":1000,"url":"https:\/\/static.purejewels.com\/wp-content\/uploads\/2019\/04\/NO-ID-9.jpg","type":"image\/jpeg"}],"twitter_card":"summary_large_image","twitter_misc":{"Tahmini okuma s\u00fcresi":"1 dakika"},"schema":{"@context":"https:\/\/schema.org","@graph":[{"@type":["WebPage","ItemPage"],"@id":"https:\/\/www.purejewels.com\/product\/22ct-yellow-gold-filigree-pendant\/","url":"https:\/\/www.purejewels.com\/product\/22ct-yellow-gold-filigree-pendant\/","name":"Rodyum ile 22 Ayar Alt\u0131n \u00c7i\u00e7ekli Disk Kolye Sat\u0131n Al\u0131n | PureJewels","isPartOf":{"@id":"https:\/\/www.purejewels.com\/#website"},"primaryImageOfPage":{"@id":"https:\/\/www.purejewels.com\/product\/22ct-yellow-gold-filigree-pendant\/#primaryimage"},"image":{"@id":"https:\/\/www.purejewels.com\/product\/22ct-yellow-gold-filigree-pendant\/#primaryimage"},"thumbnailUrl":"https:\/\/static.purejewels.com\/wp-content\/uploads\/2019\/04\/NO-ID-9.jpg","datePublished":"2019-04-30T06:55:44+00:00","dateModified":"2026-03-16T11:00:03+00:00","description":"PureJewels'ten 22 Ayar Alt\u0131n \u00c7i\u00e7ekli Disk Kolyeyi sat\u0131n al\u0131n. Yontulmu\u015f \u00e7i\u00e7ek motifli ve elmas kesim kenarl\u0131kl\u0131, damgal\u0131 22 ayar alt\u0131ndan \u00fcretilmi\u015ftir.","breadcrumb":{"@id":"https:\/\/www.purejewels.com\/product\/22ct-yellow-gold-filigree-pendant\/#breadcrumb"},"inLanguage":"tr","potentialAction":[{"@type":"ReadAction","target":["https:\/\/www.purejewels.com\/product\/22ct-yellow-gold-filigree-pendant\/"]}]},{"@type":"ImageObject","inLanguage":"tr","@id":"https:\/\/www.purejewels.com\/product\/22ct-yellow-gold-filigree-pendant\/#primaryimage","url":"https:\/\/static.purejewels.com\/wp-content\/uploads\/2019\/04\/NO-ID-9.jpg","contentUrl":"https:\/\/static.purejewels.com\/wp-content\/uploads\/2019\/04\/NO-ID-9.jpg","width":1000,"height":1000,"caption":"NO-ID-9"},{"@type":"BreadcrumbList","@id":"https:\/\/www.purejewels.com\/product\/22ct-yellow-gold-filigree-pendant\/#breadcrumb","itemListElement":[{"@type":"ListItem","position":1,"name":"Home","item":"https:\/\/www.purejewels.com\/"},{"@type":"ListItem","position":2,"name":"Shop","item":"https:\/\/www.purejewels.com\/shop\/"},{"@type":"ListItem","position":3,"name":"22ct Gold Floral Disc Pendant"}]},{"@type":"WebSite","@id":"https:\/\/www.purejewels.com\/#website","url":"https:\/\/www.purejewels.com\/","name":"PureJewels \u0130ngiltere","description":"Sevgiyi Payla\u015f\u0131n","publisher":{"@id":"https:\/\/www.purejewels.com\/#organization"},"potentialAction":[{"@type":"SearchAction","target":{"@type":"EntryPoint","urlTemplate":"https:\/\/www.purejewels.com\/?s={search_term_string}"},"query-input":{"@type":"PropertyValueSpecification","valueRequired":true,"valueName":"search_term_string"}}],"inLanguage":"tr"},{"@type":"Organization","@id":"https:\/\/www.purejewels.com\/#organization","name":"PureJewels \u0130ngiltere","url":"https:\/\/www.purejewels.com\/","logo":{"@type":"ImageObject","inLanguage":"tr","@id":"https:\/\/www.purejewels.com\/#\/schema\/logo\/image\/","url":"https:\/\/static.purejewels.com\/wp-content\/uploads\/2020\/11\/Logo-PJ-New-1.png","contentUrl":"https:\/\/static.purejewels.com\/wp-content\/uploads\/2020\/11\/Logo-PJ-New-1.png","width":150,"height":80,"caption":"PureJewels UK"},"image":{"@id":"https:\/\/www.purejewels.com\/#\/schema\/logo\/image\/"}}]}},"_links":{"self":[{"href":"https:\/\/www.purejewels.com\/tr\/wp-json\/wp\/v2\/product\/310066","targetHints":{"allow":["GET"]}}],"collection":[{"href":"https:\/\/www.purejewels.com\/tr\/wp-json\/wp\/v2\/product"}],"about":[{"href":"https:\/\/www.purejewels.com\/tr\/wp-json\/wp\/v2\/types\/product"}],"replies":[{"embeddable":true,"href":"https:\/\/www.purejewels.com\/tr\/wp-json\/wp\/v2\/comments?post=310066"}],"version-history":[{"count":2,"href":"https:\/\/www.purejewels.com\/tr\/wp-json\/wp\/v2\/product\/310066\/revisions"}],"predecessor-version":[{"id":427180,"href":"https:\/\/www.purejewels.com\/tr\/wp-json\/wp\/v2\/product\/310066\/revisions\/427180"}],"wp:featuredmedia":[{"embeddable":true,"href":"https:\/\/www.purejewels.com\/tr\/wp-json\/wp\/v2\/media\/310068"}],"wp:attachment":[{"href":"https:\/\/www.purejewels.com\/tr\/wp-json\/wp\/v2\/media?parent=310066"}],"wp:term":[{"taxonomy":"product_brand","embeddable":true,"href":"https:\/\/www.purejewels.com\/tr\/wp-json\/wp\/v2\/product_brand?post=310066"},{"taxonomy":"product_cat","embeddable":true,"href":"https:\/\/www.purejewels.com\/tr\/wp-json\/wp\/v2\/product_cat?post=310066"},{"taxonomy":"product_tag","embeddable":true,"href":"https:\/\/www.purejewels.com\/tr\/wp-json\/wp\/v2\/product_tag?post=310066"}],"curies":[{"name":"wp","href":"https:\/\/api.w.org\/{rel}","templated":true}]}}