{"id":310222,"date":"2019-05-07T08:01:18","date_gmt":"2019-05-07T07:01:18","guid":{"rendered":"https:\/\/www.purejewels.com\/?post_type=product&#038;p=310222"},"modified":"2026-02-03T07:37:18","modified_gmt":"2026-02-03T07:37:18","slug":"22-ayar-altin-bebek-bilekligi-30513","status":"publish","type":"product","link":"https:\/\/www.purejewels.com\/tr\/product\/22ct-gold-baby-bracelet-30513\/","title":{"rendered":"22 Ayar Alt\u0131n \u00c7i\u00e7ekli Disk Motifli Siyah Boncuk Bileklik"},"content":{"rendered":"<p>Tasar\u0131m<\/p>\n<p>Bu zarif bileklik, klasik siyah boncuk detaylar\u0131n\u0131 merkezinde incelikle i\u015flenmi\u015f iki alt\u0131n disk motifiyle bir araya getiriyor. Diskler, doku ve derinlik katan karma\u015f\u0131k bir \u00e7i\u00e7ek desenine sahipken, de\u011fi\u015fen alt\u0131n ve siyah boncuklar, geleneklere dayanan ancak her g\u00fcn tak\u0131lmas\u0131 kolay, dengeli ve ritmik bir tasar\u0131m yarat\u0131yor.<\/p>\n<p>Zanaatkarl\u0131k<\/p>\n<p>Som 22 ayar alt\u0131ndan el i\u015f\u00e7ili\u011fiyle \u00fcretilen bileklik, esneklik, rahatl\u0131k ve dayan\u0131kl\u0131l\u0131k sa\u011flamak i\u00e7in hassasiyetle bir araya getirilmi\u015ftir. Her bir alt\u0131n disk, cilal\u0131 alt\u0131n ba\u011flant\u0131lar ve p\u00fcr\u00fczs\u00fcz siyah boncuklarla tamamlanan detayl\u0131 y\u00fczeyini vurgulamak i\u00e7in \u00f6zenle \u015fekillendirilmi\u015f ve tamamlanm\u0131\u015ft\u0131r. Par\u00e7a \u0130ngiltere'de damgalanarak alt\u0131n\u0131n safl\u0131\u011f\u0131 ve kalitesi belgelenmi\u015ftir.<\/p>\n<p>\u015eekillendirme &amp; Hediyele\u015fme<\/p>\n<p>G\u00fcnl\u00fck kullan\u0131m, k\u00fclt\u00fcrel etkinlikler veya anlaml\u0131 hediyeler i\u00e7in m\u00fckemmel olan bu bileklik, di\u011fer alt\u0131n bilekliklerle g\u00fczel bir \u015fekilde e\u015fle\u015fir veya ince bir zarafet i\u00e7in tek ba\u015f\u0131na tak\u0131l\u0131r. Kilometre ta\u015flar\u0131, kutlamalar veya ki\u015fisel hat\u0131ralar i\u00e7in d\u00fc\u015f\u00fcnceli bir hediye, k\u00fclt\u00fcrel rezonans ile zamans\u0131z bir stil sunuyor.<\/p>","protected":false},"excerpt":{"rendered":"<p>Siyah boncuk detayl\u0131 ve el yap\u0131m\u0131 \u00e7i\u00e7ekli alt\u0131n disk motifli zarif 22 ayar alt\u0131n bileklik.<\/p>\n<ul>\n<li>22 ayar alt\u0131n bebek bilezi\u011fi.<\/li>\n<li>Siyah boncuklu.<\/li>\n<li>\u00c7ocuklar, \u00c7ocuklar, \u00c7ocuk, Bebek, Yeni Do\u011fan i\u00e7in uygundur.<\/li>\n<li>22 ayar damgal\u0131 \u00e7ocuk alt\u0131n tak\u0131lar\u0131.<\/li>\n<li>Yakla\u015f\u0131k Uzunluk: 5,5 \u0130n\u00e7 veya 14 cm.<\/li>\n<li>A\u011f\u0131rl\u0131k: 6.1g<\/li>\n<li>sku 30513<\/li>\n<li>T\u00fcm fiyatlara KDV dahildir<\/li>\n<li>Londra Tahlil Ofisi Taraf\u0131ndan Damgalanm\u0131\u015f 22 Ayar Alt\u0131n<\/li>\n<li>Sunum Kutusu ile Birlikte Gelir<\/li>\n<li>Teslimat Dahil<\/li>\n<li>Benzer bebekler i\u00e7in siyah boncuk bilekliklerin mevcudiyeti ve daha fazla g\u00f6r\u00fcnt\u00fcs\u00fc i\u00e7in bizimle canl\u0131 sohbet edin.<\/li>\n<\/ul>","protected":false},"featured_media":315475,"comment_status":"closed","ping_status":"closed","template":"","meta":{"_eb_attr":"","_crsspst_to_jayantr4sg-hostcom":true},"product_brand":[],"product_cat":[1576,1324,1229],"product_tag":[],"class_list":{"0":"post-310222","1":"product","2":"type-product","3":"status-publish","4":"has-post-thumbnail","6":"product_cat-childrens-jewellery","7":"product_cat-gold-bracelet","8":"product_cat-22ct-gold-jewellery","10":"first","11":"outofstock","12":"taxable","13":"shipping-taxable","14":"product-type-simple","15":"add-to-wishlist-before_image"},"yoast_head":"<!-- This site is optimized with the Yoast SEO plugin v27.3 - https:\/\/yoast.com\/product\/yoast-seo-wordpress\/ -->\n<title>22ct Black Bead Bracelet with Floral Disc Motifs in PureJewels UK<\/title>\n<meta name=\"description\" content=\"Discover a 22ct Gold Black Bead Bracelet from PureJewels. Featuring handcrafted gold discs and traditional black bead detailing, hallmarked in the UK.\" \/>\n<meta name=\"robots\" content=\"index, follow, max-snippet:-1, max-image-preview:large, max-video-preview:-1\" \/>\n<link rel=\"canonical\" href=\"https:\/\/www.purejewels.com\/tr\/urun\/22-ayar-altin-bebek-bilekligi-30513\/\" \/>\n<meta property=\"og:locale\" content=\"tr_TR\" \/>\n<meta property=\"og:type\" content=\"article\" \/>\n<meta property=\"og:title\" content=\"22ct Black Bead Bracelet with Floral Disc Motifs in PureJewels UK\" \/>\n<meta property=\"og:description\" content=\"Discover a 22ct Gold Black Bead Bracelet from PureJewels. Featuring handcrafted gold discs and traditional black bead detailing, hallmarked in the UK.\" \/>\n<meta property=\"og:url\" content=\"https:\/\/www.purejewels.com\/tr\/urun\/22-ayar-altin-bebek-bilekligi-30513\/\" \/>\n<meta property=\"og:site_name\" content=\"PureJewels UK\" \/>\n<meta property=\"article:modified_time\" content=\"2026-02-03T07:37:18+00:00\" \/>\n<meta property=\"og:image\" content=\"https:\/\/static.purejewels.com\/wp-content\/uploads\/2020\/06\/135707046.jpg\" \/>\n\t<meta property=\"og:image:width\" content=\"1000\" \/>\n\t<meta property=\"og:image:height\" content=\"1000\" \/>\n\t<meta property=\"og:image:type\" content=\"image\/jpeg\" \/>\n<meta name=\"twitter:card\" content=\"summary_large_image\" \/>\n<meta name=\"twitter:label1\" content=\"Tahmini okuma s\u00fcresi\" \/>\n\t<meta name=\"twitter:data1\" content=\"1 dakika\" \/>\n<script type=\"application\/ld+json\" class=\"yoast-schema-graph\">{\"@context\":\"https:\\\/\\\/schema.org\",\"@graph\":[{\"@type\":[\"WebPage\",\"ItemPage\"],\"@id\":\"https:\\\/\\\/www.purejewels.com\\\/product\\\/22ct-gold-baby-bracelet-30513\\\/\",\"url\":\"https:\\\/\\\/www.purejewels.com\\\/product\\\/22ct-gold-baby-bracelet-30513\\\/\",\"name\":\"22ct Black Bead Bracelet with Floral Disc Motifs in PureJewels UK\",\"isPartOf\":{\"@id\":\"https:\\\/\\\/www.purejewels.com\\\/#website\"},\"primaryImageOfPage\":{\"@id\":\"https:\\\/\\\/www.purejewels.com\\\/product\\\/22ct-gold-baby-bracelet-30513\\\/#primaryimage\"},\"image\":{\"@id\":\"https:\\\/\\\/www.purejewels.com\\\/product\\\/22ct-gold-baby-bracelet-30513\\\/#primaryimage\"},\"thumbnailUrl\":\"https:\\\/\\\/static.purejewels.com\\\/wp-content\\\/uploads\\\/2020\\\/06\\\/135707046.jpg\",\"datePublished\":\"2019-05-07T07:01:18+00:00\",\"dateModified\":\"2026-02-03T07:37:18+00:00\",\"description\":\"Discover a 22ct Gold Black Bead Bracelet from PureJewels. Featuring handcrafted gold discs and traditional black bead detailing, hallmarked in the UK.\",\"breadcrumb\":{\"@id\":\"https:\\\/\\\/www.purejewels.com\\\/product\\\/22ct-gold-baby-bracelet-30513\\\/#breadcrumb\"},\"inLanguage\":\"tr\",\"potentialAction\":[{\"@type\":\"ReadAction\",\"target\":[\"https:\\\/\\\/www.purejewels.com\\\/product\\\/22ct-gold-baby-bracelet-30513\\\/\"]}]},{\"@type\":\"ImageObject\",\"inLanguage\":\"tr\",\"@id\":\"https:\\\/\\\/www.purejewels.com\\\/product\\\/22ct-gold-baby-bracelet-30513\\\/#primaryimage\",\"url\":\"https:\\\/\\\/static.purejewels.com\\\/wp-content\\\/uploads\\\/2020\\\/06\\\/135707046.jpg\",\"contentUrl\":\"https:\\\/\\\/static.purejewels.com\\\/wp-content\\\/uploads\\\/2020\\\/06\\\/135707046.jpg\",\"width\":1000,\"height\":1000,\"caption\":\"22ct Gold Baby bracelet.With black beads.Suitable for kids, Children, Child, Infant, New Born.22ct Hallmarked Kids gold jewellery.Approximate Length : 5.5 Inches or 14cm.Wt : 6.1gsku 30513All prices include VAT22ct Gold\u00a0Hallmarked by London Assay OfficeComes With Presentation BoxDelivery IncludedLive chat with us for availability and more images of similar black beads bracelet for babies.\"},{\"@type\":\"BreadcrumbList\",\"@id\":\"https:\\\/\\\/www.purejewels.com\\\/product\\\/22ct-gold-baby-bracelet-30513\\\/#breadcrumb\",\"itemListElement\":[{\"@type\":\"ListItem\",\"position\":1,\"name\":\"Home\",\"item\":\"https:\\\/\\\/www.purejewels.com\\\/\"},{\"@type\":\"ListItem\",\"position\":2,\"name\":\"Shop\",\"item\":\"https:\\\/\\\/www.purejewels.com\\\/shop\\\/\"},{\"@type\":\"ListItem\",\"position\":3,\"name\":\"22ct Gold Black Bead Bracelet with Floral Disc Motifs\"}]},{\"@type\":\"WebSite\",\"@id\":\"https:\\\/\\\/www.purejewels.com\\\/#website\",\"url\":\"https:\\\/\\\/www.purejewels.com\\\/\",\"name\":\"PureJewels UK\",\"description\":\"Share the Love\",\"publisher\":{\"@id\":\"https:\\\/\\\/www.purejewels.com\\\/#organization\"},\"potentialAction\":[{\"@type\":\"SearchAction\",\"target\":{\"@type\":\"EntryPoint\",\"urlTemplate\":\"https:\\\/\\\/www.purejewels.com\\\/?s={search_term_string}\"},\"query-input\":{\"@type\":\"PropertyValueSpecification\",\"valueRequired\":true,\"valueName\":\"search_term_string\"}}],\"inLanguage\":\"tr\"},{\"@type\":\"Organization\",\"@id\":\"https:\\\/\\\/www.purejewels.com\\\/#organization\",\"name\":\"PureJewels UK\",\"url\":\"https:\\\/\\\/www.purejewels.com\\\/\",\"logo\":{\"@type\":\"ImageObject\",\"inLanguage\":\"tr\",\"@id\":\"https:\\\/\\\/www.purejewels.com\\\/#\\\/schema\\\/logo\\\/image\\\/\",\"url\":\"https:\\\/\\\/static.purejewels.com\\\/wp-content\\\/uploads\\\/2020\\\/11\\\/Logo-PJ-New-1.png\",\"contentUrl\":\"https:\\\/\\\/static.purejewels.com\\\/wp-content\\\/uploads\\\/2020\\\/11\\\/Logo-PJ-New-1.png\",\"width\":150,\"height\":80,\"caption\":\"PureJewels UK\"},\"image\":{\"@id\":\"https:\\\/\\\/www.purejewels.com\\\/#\\\/schema\\\/logo\\\/image\\\/\"}}]}<\/script>\n<!-- \/ Yoast SEO plugin. -->","yoast_head_json":{"title":"PureJewels UK'de \u00c7i\u00e7ekli Disk Motifli 22 Ayar Siyah Boncuk Bileklik","description":"PureJewels'ten 22 Ayar Alt\u0131n Siyah Boncuklu Bilezi\u011fi ke\u015ffedin. El yap\u0131m\u0131 alt\u0131n diskler ve geleneksel siyah boncuk detaylar\u0131na sahip, \u0130ngiltere'de damgalanm\u0131\u015ft\u0131r.","robots":{"index":"index","follow":"follow","max-snippet":"max-snippet:-1","max-image-preview":"max-image-preview:large","max-video-preview":"max-video-preview:-1"},"canonical":"https:\/\/www.purejewels.com\/tr\/urun\/22-ayar-altin-bebek-bilekligi-30513\/","og_locale":"tr_TR","og_type":"article","og_title":"22ct Black Bead Bracelet with Floral Disc Motifs in PureJewels UK","og_description":"Discover a 22ct Gold Black Bead Bracelet from PureJewels. Featuring handcrafted gold discs and traditional black bead detailing, hallmarked in the UK.","og_url":"https:\/\/www.purejewels.com\/tr\/urun\/22-ayar-altin-bebek-bilekligi-30513\/","og_site_name":"PureJewels UK","article_modified_time":"2026-02-03T07:37:18+00:00","og_image":[{"width":1000,"height":1000,"url":"https:\/\/static.purejewels.com\/wp-content\/uploads\/2020\/06\/135707046.jpg","type":"image\/jpeg"}],"twitter_card":"summary_large_image","twitter_misc":{"Tahmini okuma s\u00fcresi":"1 dakika"},"schema":{"@context":"https:\/\/schema.org","@graph":[{"@type":["WebPage","ItemPage"],"@id":"https:\/\/www.purejewels.com\/product\/22ct-gold-baby-bracelet-30513\/","url":"https:\/\/www.purejewels.com\/product\/22ct-gold-baby-bracelet-30513\/","name":"PureJewels UK'de \u00c7i\u00e7ekli Disk Motifli 22 Ayar Siyah Boncuk Bileklik","isPartOf":{"@id":"https:\/\/www.purejewels.com\/#website"},"primaryImageOfPage":{"@id":"https:\/\/www.purejewels.com\/product\/22ct-gold-baby-bracelet-30513\/#primaryimage"},"image":{"@id":"https:\/\/www.purejewels.com\/product\/22ct-gold-baby-bracelet-30513\/#primaryimage"},"thumbnailUrl":"https:\/\/static.purejewels.com\/wp-content\/uploads\/2020\/06\/135707046.jpg","datePublished":"2019-05-07T07:01:18+00:00","dateModified":"2026-02-03T07:37:18+00:00","description":"PureJewels'ten 22 Ayar Alt\u0131n Siyah Boncuklu Bilezi\u011fi ke\u015ffedin. El yap\u0131m\u0131 alt\u0131n diskler ve geleneksel siyah boncuk detaylar\u0131na sahip, \u0130ngiltere'de damgalanm\u0131\u015ft\u0131r.","breadcrumb":{"@id":"https:\/\/www.purejewels.com\/product\/22ct-gold-baby-bracelet-30513\/#breadcrumb"},"inLanguage":"tr","potentialAction":[{"@type":"ReadAction","target":["https:\/\/www.purejewels.com\/product\/22ct-gold-baby-bracelet-30513\/"]}]},{"@type":"ImageObject","inLanguage":"tr","@id":"https:\/\/www.purejewels.com\/product\/22ct-gold-baby-bracelet-30513\/#primaryimage","url":"https:\/\/static.purejewels.com\/wp-content\/uploads\/2020\/06\/135707046.jpg","contentUrl":"https:\/\/static.purejewels.com\/wp-content\/uploads\/2020\/06\/135707046.jpg","width":1000,"height":1000,"caption":"22ct Gold Baby bracelet.With black beads.Suitable for kids, Children, Child, Infant, New Born.22ct Hallmarked Kids gold jewellery.Approximate Length : 5.5 Inches or 14cm.Wt : 6.1gsku 30513All prices include VAT22ct Gold\u00a0Hallmarked by London Assay OfficeComes With Presentation BoxDelivery IncludedLive chat with us for availability and more images of similar black beads bracelet for babies."},{"@type":"BreadcrumbList","@id":"https:\/\/www.purejewels.com\/product\/22ct-gold-baby-bracelet-30513\/#breadcrumb","itemListElement":[{"@type":"ListItem","position":1,"name":"Home","item":"https:\/\/www.purejewels.com\/"},{"@type":"ListItem","position":2,"name":"Shop","item":"https:\/\/www.purejewels.com\/shop\/"},{"@type":"ListItem","position":3,"name":"22ct Gold Black Bead Bracelet with Floral Disc Motifs"}]},{"@type":"WebSite","@id":"https:\/\/www.purejewels.com\/#website","url":"https:\/\/www.purejewels.com\/","name":"PureJewels \u0130ngiltere","description":"Sevgiyi Payla\u015f\u0131n","publisher":{"@id":"https:\/\/www.purejewels.com\/#organization"},"potentialAction":[{"@type":"SearchAction","target":{"@type":"EntryPoint","urlTemplate":"https:\/\/www.purejewels.com\/?s={search_term_string}"},"query-input":{"@type":"PropertyValueSpecification","valueRequired":true,"valueName":"search_term_string"}}],"inLanguage":"tr"},{"@type":"Organization","@id":"https:\/\/www.purejewels.com\/#organization","name":"PureJewels \u0130ngiltere","url":"https:\/\/www.purejewels.com\/","logo":{"@type":"ImageObject","inLanguage":"tr","@id":"https:\/\/www.purejewels.com\/#\/schema\/logo\/image\/","url":"https:\/\/static.purejewels.com\/wp-content\/uploads\/2020\/11\/Logo-PJ-New-1.png","contentUrl":"https:\/\/static.purejewels.com\/wp-content\/uploads\/2020\/11\/Logo-PJ-New-1.png","width":150,"height":80,"caption":"PureJewels UK"},"image":{"@id":"https:\/\/www.purejewels.com\/#\/schema\/logo\/image\/"}}]}},"_links":{"self":[{"href":"https:\/\/www.purejewels.com\/tr\/wp-json\/wp\/v2\/product\/310222","targetHints":{"allow":["GET"]}}],"collection":[{"href":"https:\/\/www.purejewels.com\/tr\/wp-json\/wp\/v2\/product"}],"about":[{"href":"https:\/\/www.purejewels.com\/tr\/wp-json\/wp\/v2\/types\/product"}],"replies":[{"embeddable":true,"href":"https:\/\/www.purejewels.com\/tr\/wp-json\/wp\/v2\/comments?post=310222"}],"version-history":[{"count":3,"href":"https:\/\/www.purejewels.com\/tr\/wp-json\/wp\/v2\/product\/310222\/revisions"}],"predecessor-version":[{"id":425557,"href":"https:\/\/www.purejewels.com\/tr\/wp-json\/wp\/v2\/product\/310222\/revisions\/425557"}],"wp:featuredmedia":[{"embeddable":true,"href":"https:\/\/www.purejewels.com\/tr\/wp-json\/wp\/v2\/media\/315475"}],"wp:attachment":[{"href":"https:\/\/www.purejewels.com\/tr\/wp-json\/wp\/v2\/media?parent=310222"}],"wp:term":[{"taxonomy":"product_brand","embeddable":true,"href":"https:\/\/www.purejewels.com\/tr\/wp-json\/wp\/v2\/product_brand?post=310222"},{"taxonomy":"product_cat","embeddable":true,"href":"https:\/\/www.purejewels.com\/tr\/wp-json\/wp\/v2\/product_cat?post=310222"},{"taxonomy":"product_tag","embeddable":true,"href":"https:\/\/www.purejewels.com\/tr\/wp-json\/wp\/v2\/product_tag?post=310222"}],"curies":[{"name":"wp","href":"https:\/\/api.w.org\/{rel}","templated":true}]}}