{"id":310258,"date":"2019-05-15T09:30:34","date_gmt":"2019-05-15T08:30:34","guid":{"rendered":"https:\/\/www.purejewels.com\/?post_type=product&#038;p=310258"},"modified":"2026-03-31T07:17:55","modified_gmt":"2026-03-31T06:17:55","slug":"22-ayar-kubik-zirkon-tasli-kolye-ucu","status":"publish","type":"product","link":"https:\/\/www.purejewels.com\/tr\/product\/22ct-pendant-with-cubic-zirconia-stone\/","title":{"rendered":"22 Ayar Alt\u0131n Y\u0131ld\u0131z Motifli CZ Disk Kolye"},"content":{"rendered":"<p>Bu kolye ucu, ritmik ve \u0131\u015f\u0131lt\u0131l\u0131 bir y\u00fczey olu\u015fturan bir dizi y\u0131ld\u0131z \u015feklindeki motifle detayland\u0131r\u0131lm\u0131\u015f dairesel disk formuyla tan\u0131mlan\u0131r. Her y\u0131ld\u0131z\u0131n merkezinde bir CZ ta\u015f\u0131 bulunur ve alt\u0131n taban boyunca tak\u0131my\u0131ld\u0131z\u0131 benzeri bir desen olu\u015fturur. \u0130nce bir ta\u015f halesi d\u0131\u015f kenar\u0131 \u00e7er\u00e7eveleyerek derinlik kat\u0131yor ve kolyenin dengeli geometrisini g\u00fc\u00e7lendiriyor.<\/p>","protected":false},"excerpt":{"rendered":"<ul>\n<li>22ct K\u00fcbik-Zirkon Ta\u015fl\u0131 Kolye Ucu<\/li>\n<li>A\u011f\u0131rl\u0131k 1.6 g<\/li>\n<li>SKU. 28609<\/li>\n<li>Farkl\u0131 \u015fekillerde benzer tasar\u0131mlar\u0131m\u0131z var, l\u00fctfen ayn\u0131s\u0131 i\u00e7in sohbet edin veya whatsapp<\/li>\n<li>Zincir dahil de\u011fildir<\/li>\n<li>T\u00fcm fiyatlara KDV dahildir<\/li>\n<li>T\u00fcm \u00fcr\u00fcnlerimiz Londra Tahlil Ofisi taraf\u0131ndan damgalanm\u0131\u015ft\u0131r<\/li>\n<li>T\u00fcm setler sunum kutusu ile birlikte gelir<\/li>\n<li>Teslimat Dahil<\/li>\n<li>Bu \u00fcr\u00fcn\u00fcn videosu i\u00e7in bize ula\u015f\u0131n \/ bizimle canl\u0131 sohbet edin<\/li>\n<\/ul>","protected":false},"featured_media":310313,"comment_status":"closed","ping_status":"closed","template":"","meta":{"_eb_attr":"","_crsspst_to_jayantr4sg-hostcom":false},"product_brand":[],"product_cat":[1767,1573,1574],"product_tag":[],"class_list":{"0":"post-310258","1":"product","2":"type-product","3":"status-publish","4":"has-post-thumbnail","6":"product_cat-ladies-pendants","7":"product_cat-wedding-gifts","8":"product_cat-womens-jewellery","10":"first","11":"outofstock","12":"taxable","13":"shipping-taxable","14":"product-type-simple","15":"add-to-wishlist-before_image"},"yoast_head":"<!-- This site is optimized with the Yoast SEO plugin v27.3 - https:\/\/yoast.com\/product\/yoast-seo-wordpress\/ -->\n<title>22ct Gold Star CZ Disc Pendant Necklace | PureJewels UK<\/title>\n<meta name=\"description\" content=\"Shop a 22ct gold disc pendant necklace with star-set CZ stones and halo detailing. Crafted in radiant gold and hallmarked in the UK.\" \/>\n<meta name=\"robots\" content=\"index, follow, max-snippet:-1, max-image-preview:large, max-video-preview:-1\" \/>\n<link rel=\"canonical\" href=\"https:\/\/www.purejewels.com\/tr\/urun\/22-ayar-kubik-zirkon-tasli-kolye-ucu\/\" \/>\n<meta property=\"og:locale\" content=\"tr_TR\" \/>\n<meta property=\"og:type\" content=\"article\" \/>\n<meta property=\"og:title\" content=\"22ct Gold Star CZ Disc Pendant Necklace | PureJewels UK\" \/>\n<meta property=\"og:description\" content=\"Shop a 22ct gold disc pendant necklace with star-set CZ stones and halo detailing. Crafted in radiant gold and hallmarked in the UK.\" \/>\n<meta property=\"og:url\" content=\"https:\/\/www.purejewels.com\/tr\/urun\/22-ayar-kubik-zirkon-tasli-kolye-ucu\/\" \/>\n<meta property=\"og:site_name\" content=\"PureJewels UK\" \/>\n<meta property=\"article:modified_time\" content=\"2026-03-31T06:17:55+00:00\" \/>\n<meta property=\"og:image\" content=\"https:\/\/static.purejewels.com\/wp-content\/uploads\/2019\/05\/28609.jpg\" \/>\n\t<meta property=\"og:image:width\" content=\"1000\" \/>\n\t<meta property=\"og:image:height\" content=\"1000\" \/>\n\t<meta property=\"og:image:type\" content=\"image\/jpeg\" \/>\n<meta name=\"twitter:card\" content=\"summary_large_image\" \/>\n<meta name=\"twitter:label1\" content=\"Tahmini okuma s\u00fcresi\" \/>\n\t<meta name=\"twitter:data1\" content=\"1 dakika\" \/>\n<script type=\"application\/ld+json\" class=\"yoast-schema-graph\">{\"@context\":\"https:\\\/\\\/schema.org\",\"@graph\":[{\"@type\":[\"WebPage\",\"ItemPage\"],\"@id\":\"https:\\\/\\\/www.purejewels.com\\\/product\\\/22ct-pendant-with-cubic-zirconia-stone\\\/\",\"url\":\"https:\\\/\\\/www.purejewels.com\\\/product\\\/22ct-pendant-with-cubic-zirconia-stone\\\/\",\"name\":\"22ct Gold Star CZ Disc Pendant Necklace | PureJewels UK\",\"isPartOf\":{\"@id\":\"https:\\\/\\\/www.purejewels.com\\\/#website\"},\"primaryImageOfPage\":{\"@id\":\"https:\\\/\\\/www.purejewels.com\\\/product\\\/22ct-pendant-with-cubic-zirconia-stone\\\/#primaryimage\"},\"image\":{\"@id\":\"https:\\\/\\\/www.purejewels.com\\\/product\\\/22ct-pendant-with-cubic-zirconia-stone\\\/#primaryimage\"},\"thumbnailUrl\":\"https:\\\/\\\/static.purejewels.com\\\/wp-content\\\/uploads\\\/2019\\\/05\\\/28609.jpg\",\"datePublished\":\"2019-05-15T08:30:34+00:00\",\"dateModified\":\"2026-03-31T06:17:55+00:00\",\"description\":\"Shop a 22ct gold disc pendant necklace with star-set CZ stones and halo detailing. Crafted in radiant gold and hallmarked in the UK.\",\"breadcrumb\":{\"@id\":\"https:\\\/\\\/www.purejewels.com\\\/product\\\/22ct-pendant-with-cubic-zirconia-stone\\\/#breadcrumb\"},\"inLanguage\":\"tr\",\"potentialAction\":[{\"@type\":\"ReadAction\",\"target\":[\"https:\\\/\\\/www.purejewels.com\\\/product\\\/22ct-pendant-with-cubic-zirconia-stone\\\/\"]}]},{\"@type\":\"ImageObject\",\"inLanguage\":\"tr\",\"@id\":\"https:\\\/\\\/www.purejewels.com\\\/product\\\/22ct-pendant-with-cubic-zirconia-stone\\\/#primaryimage\",\"url\":\"https:\\\/\\\/static.purejewels.com\\\/wp-content\\\/uploads\\\/2019\\\/05\\\/28609.jpg\",\"contentUrl\":\"https:\\\/\\\/static.purejewels.com\\\/wp-content\\\/uploads\\\/2019\\\/05\\\/28609.jpg\",\"width\":1000,\"height\":1000,\"caption\":\"28609\"},{\"@type\":\"BreadcrumbList\",\"@id\":\"https:\\\/\\\/www.purejewels.com\\\/product\\\/22ct-pendant-with-cubic-zirconia-stone\\\/#breadcrumb\",\"itemListElement\":[{\"@type\":\"ListItem\",\"position\":1,\"name\":\"Home\",\"item\":\"https:\\\/\\\/www.purejewels.com\\\/\"},{\"@type\":\"ListItem\",\"position\":2,\"name\":\"Shop\",\"item\":\"https:\\\/\\\/www.purejewels.com\\\/shop\\\/\"},{\"@type\":\"ListItem\",\"position\":3,\"name\":\"22ct Gold Star Motif CZ Disc Pendant\"}]},{\"@type\":\"WebSite\",\"@id\":\"https:\\\/\\\/www.purejewels.com\\\/#website\",\"url\":\"https:\\\/\\\/www.purejewels.com\\\/\",\"name\":\"PureJewels UK\",\"description\":\"Share the Love\",\"publisher\":{\"@id\":\"https:\\\/\\\/www.purejewels.com\\\/#organization\"},\"potentialAction\":[{\"@type\":\"SearchAction\",\"target\":{\"@type\":\"EntryPoint\",\"urlTemplate\":\"https:\\\/\\\/www.purejewels.com\\\/?s={search_term_string}\"},\"query-input\":{\"@type\":\"PropertyValueSpecification\",\"valueRequired\":true,\"valueName\":\"search_term_string\"}}],\"inLanguage\":\"tr\"},{\"@type\":\"Organization\",\"@id\":\"https:\\\/\\\/www.purejewels.com\\\/#organization\",\"name\":\"PureJewels UK\",\"url\":\"https:\\\/\\\/www.purejewels.com\\\/\",\"logo\":{\"@type\":\"ImageObject\",\"inLanguage\":\"tr\",\"@id\":\"https:\\\/\\\/www.purejewels.com\\\/#\\\/schema\\\/logo\\\/image\\\/\",\"url\":\"https:\\\/\\\/static.purejewels.com\\\/wp-content\\\/uploads\\\/2020\\\/11\\\/Logo-PJ-New-1.png\",\"contentUrl\":\"https:\\\/\\\/static.purejewels.com\\\/wp-content\\\/uploads\\\/2020\\\/11\\\/Logo-PJ-New-1.png\",\"width\":150,\"height\":80,\"caption\":\"PureJewels UK\"},\"image\":{\"@id\":\"https:\\\/\\\/www.purejewels.com\\\/#\\\/schema\\\/logo\\\/image\\\/\"}}]}<\/script>\n<!-- \/ Yoast SEO plugin. -->","yoast_head_json":{"title":"22 Ayar Alt\u0131n Y\u0131ld\u0131z CZ Disk Kolye Kolye | PureJewels UK","description":"Y\u0131ld\u0131z setli CZ ta\u015flara ve halo detaylara sahip 22 ayar alt\u0131n disk kolye ucu sat\u0131n al\u0131n. Parlak alt\u0131ndan \u00fcretilmi\u015ftir ve \u0130ngiltere'de damgalanm\u0131\u015ft\u0131r.","robots":{"index":"index","follow":"follow","max-snippet":"max-snippet:-1","max-image-preview":"max-image-preview:large","max-video-preview":"max-video-preview:-1"},"canonical":"https:\/\/www.purejewels.com\/tr\/urun\/22-ayar-kubik-zirkon-tasli-kolye-ucu\/","og_locale":"tr_TR","og_type":"article","og_title":"22ct Gold Star CZ Disc Pendant Necklace | PureJewels UK","og_description":"Shop a 22ct gold disc pendant necklace with star-set CZ stones and halo detailing. Crafted in radiant gold and hallmarked in the UK.","og_url":"https:\/\/www.purejewels.com\/tr\/urun\/22-ayar-kubik-zirkon-tasli-kolye-ucu\/","og_site_name":"PureJewels UK","article_modified_time":"2026-03-31T06:17:55+00:00","og_image":[{"width":1000,"height":1000,"url":"https:\/\/static.purejewels.com\/wp-content\/uploads\/2019\/05\/28609.jpg","type":"image\/jpeg"}],"twitter_card":"summary_large_image","twitter_misc":{"Tahmini okuma s\u00fcresi":"1 dakika"},"schema":{"@context":"https:\/\/schema.org","@graph":[{"@type":["WebPage","ItemPage"],"@id":"https:\/\/www.purejewels.com\/product\/22ct-pendant-with-cubic-zirconia-stone\/","url":"https:\/\/www.purejewels.com\/product\/22ct-pendant-with-cubic-zirconia-stone\/","name":"22 Ayar Alt\u0131n Y\u0131ld\u0131z CZ Disk Kolye Kolye | PureJewels UK","isPartOf":{"@id":"https:\/\/www.purejewels.com\/#website"},"primaryImageOfPage":{"@id":"https:\/\/www.purejewels.com\/product\/22ct-pendant-with-cubic-zirconia-stone\/#primaryimage"},"image":{"@id":"https:\/\/www.purejewels.com\/product\/22ct-pendant-with-cubic-zirconia-stone\/#primaryimage"},"thumbnailUrl":"https:\/\/static.purejewels.com\/wp-content\/uploads\/2019\/05\/28609.jpg","datePublished":"2019-05-15T08:30:34+00:00","dateModified":"2026-03-31T06:17:55+00:00","description":"Y\u0131ld\u0131z setli CZ ta\u015flara ve halo detaylara sahip 22 ayar alt\u0131n disk kolye ucu sat\u0131n al\u0131n. Parlak alt\u0131ndan \u00fcretilmi\u015ftir ve \u0130ngiltere'de damgalanm\u0131\u015ft\u0131r.","breadcrumb":{"@id":"https:\/\/www.purejewels.com\/product\/22ct-pendant-with-cubic-zirconia-stone\/#breadcrumb"},"inLanguage":"tr","potentialAction":[{"@type":"ReadAction","target":["https:\/\/www.purejewels.com\/product\/22ct-pendant-with-cubic-zirconia-stone\/"]}]},{"@type":"ImageObject","inLanguage":"tr","@id":"https:\/\/www.purejewels.com\/product\/22ct-pendant-with-cubic-zirconia-stone\/#primaryimage","url":"https:\/\/static.purejewels.com\/wp-content\/uploads\/2019\/05\/28609.jpg","contentUrl":"https:\/\/static.purejewels.com\/wp-content\/uploads\/2019\/05\/28609.jpg","width":1000,"height":1000,"caption":"28609"},{"@type":"BreadcrumbList","@id":"https:\/\/www.purejewels.com\/product\/22ct-pendant-with-cubic-zirconia-stone\/#breadcrumb","itemListElement":[{"@type":"ListItem","position":1,"name":"Home","item":"https:\/\/www.purejewels.com\/"},{"@type":"ListItem","position":2,"name":"Shop","item":"https:\/\/www.purejewels.com\/shop\/"},{"@type":"ListItem","position":3,"name":"22ct Gold Star Motif CZ Disc Pendant"}]},{"@type":"WebSite","@id":"https:\/\/www.purejewels.com\/#website","url":"https:\/\/www.purejewels.com\/","name":"PureJewels \u0130ngiltere","description":"Sevgiyi Payla\u015f\u0131n","publisher":{"@id":"https:\/\/www.purejewels.com\/#organization"},"potentialAction":[{"@type":"SearchAction","target":{"@type":"EntryPoint","urlTemplate":"https:\/\/www.purejewels.com\/?s={search_term_string}"},"query-input":{"@type":"PropertyValueSpecification","valueRequired":true,"valueName":"search_term_string"}}],"inLanguage":"tr"},{"@type":"Organization","@id":"https:\/\/www.purejewels.com\/#organization","name":"PureJewels \u0130ngiltere","url":"https:\/\/www.purejewels.com\/","logo":{"@type":"ImageObject","inLanguage":"tr","@id":"https:\/\/www.purejewels.com\/#\/schema\/logo\/image\/","url":"https:\/\/static.purejewels.com\/wp-content\/uploads\/2020\/11\/Logo-PJ-New-1.png","contentUrl":"https:\/\/static.purejewels.com\/wp-content\/uploads\/2020\/11\/Logo-PJ-New-1.png","width":150,"height":80,"caption":"PureJewels UK"},"image":{"@id":"https:\/\/www.purejewels.com\/#\/schema\/logo\/image\/"}}]}},"_links":{"self":[{"href":"https:\/\/www.purejewels.com\/tr\/wp-json\/wp\/v2\/product\/310258","targetHints":{"allow":["GET"]}}],"collection":[{"href":"https:\/\/www.purejewels.com\/tr\/wp-json\/wp\/v2\/product"}],"about":[{"href":"https:\/\/www.purejewels.com\/tr\/wp-json\/wp\/v2\/types\/product"}],"replies":[{"embeddable":true,"href":"https:\/\/www.purejewels.com\/tr\/wp-json\/wp\/v2\/comments?post=310258"}],"version-history":[{"count":1,"href":"https:\/\/www.purejewels.com\/tr\/wp-json\/wp\/v2\/product\/310258\/revisions"}],"predecessor-version":[{"id":427858,"href":"https:\/\/www.purejewels.com\/tr\/wp-json\/wp\/v2\/product\/310258\/revisions\/427858"}],"wp:featuredmedia":[{"embeddable":true,"href":"https:\/\/www.purejewels.com\/tr\/wp-json\/wp\/v2\/media\/310313"}],"wp:attachment":[{"href":"https:\/\/www.purejewels.com\/tr\/wp-json\/wp\/v2\/media?parent=310258"}],"wp:term":[{"taxonomy":"product_brand","embeddable":true,"href":"https:\/\/www.purejewels.com\/tr\/wp-json\/wp\/v2\/product_brand?post=310258"},{"taxonomy":"product_cat","embeddable":true,"href":"https:\/\/www.purejewels.com\/tr\/wp-json\/wp\/v2\/product_cat?post=310258"},{"taxonomy":"product_tag","embeddable":true,"href":"https:\/\/www.purejewels.com\/tr\/wp-json\/wp\/v2\/product_tag?post=310258"}],"curies":[{"name":"wp","href":"https:\/\/api.w.org\/{rel}","templated":true}]}}