{"id":310260,"date":"2019-05-15T09:33:52","date_gmt":"2019-05-15T08:33:52","guid":{"rendered":"https:\/\/www.purejewels.com\/?post_type=product&#038;p=310260"},"modified":"2026-03-31T07:21:04","modified_gmt":"2026-03-31T06:21:04","slug":"22-ayar-kubik-zirkon-tasli-kolye-ucu-2","status":"publish","type":"product","link":"https:\/\/www.purejewels.com\/tr\/product\/22ct-pendant-with-cubic-zirconia-stone-2\/","title":{"rendered":"22 Ayar Alt\u0131n Parlak G\u00f6zya\u015f\u0131 Damlas\u0131 CZ Bayan Kolye"},"content":{"rendered":"<p>Zarif bir g\u00f6zya\u015f\u0131 damlas\u0131 siluetinde \u015fekillendirilen bu kolye ucu, g\u00f6z\u00fc i\u00e7e do\u011fru \u00e7eken yay\u0131lan bir desene sahiptir. Merkezden uzanan ince \u00e7izgilerin her biri, y\u00fczey boyunca bir g\u00fcne\u015f patlamas\u0131 etkisi yaratan CZ ta\u015flarla s\u00fcslenmi\u015ftir. Narin bir hale d\u0131\u015f kenar\u0131 \u00e7er\u00e7eveleyerek kolyenin formunu g\u00fc\u00e7lendirir ve ona belirgin ama ak\u0131c\u0131 bir duru\u015f kazand\u0131r\u0131r.<\/p>","protected":false},"excerpt":{"rendered":"<ul>\n<li>22ct K\u00fcbik-Zirkon Ta\u015fl\u0131 Kolye Ucu<\/li>\n<li>A\u011f\u0131rl\u0131k 2.2 g<\/li>\n<li>SKU. 28610<\/li>\n<li>Farkl\u0131 \u015fekillerde benzer tasar\u0131mlar\u0131m\u0131z var, l\u00fctfen ayn\u0131s\u0131 i\u00e7in sohbet edin veya whatsapp<\/li>\n<li>Zincir dahil de\u011fildir<\/li>\n<li>T\u00fcm fiyatlara KDV dahildir<\/li>\n<li>T\u00fcm \u00fcr\u00fcnlerimiz Londra Tahlil Ofisi taraf\u0131ndan damgalanm\u0131\u015ft\u0131r<\/li>\n<li>T\u00fcm setler sunum kutusu ile birlikte gelir<\/li>\n<li>Teslimat Dahil<\/li>\n<li>Bu \u00fcr\u00fcn\u00fcn videosu i\u00e7in bize ula\u015f\u0131n \/ bizimle canl\u0131 sohbet edin<\/li>\n<\/ul>","protected":false},"featured_media":310314,"comment_status":"closed","ping_status":"closed","template":"","meta":{"_eb_attr":"","_crsspst_to_jayantr4sg-hostcom":false},"product_brand":[],"product_cat":[1559,1767,1574],"product_tag":[],"class_list":{"0":"post-310260","1":"product","2":"type-product","3":"status-publish","4":"has-post-thumbnail","6":"product_cat-birthday-gifts","7":"product_cat-ladies-pendants","8":"product_cat-womens-jewellery","10":"first","11":"outofstock","12":"taxable","13":"shipping-taxable","14":"product-type-simple","15":"add-to-wishlist-before_image"},"yoast_head":"<!-- This site is optimized with the Yoast SEO plugin v27.3 - https:\/\/yoast.com\/product\/yoast-seo-wordpress\/ -->\n<title>22ct Gold Teardrop CZ Pendant for Ladies | PureJewels UK<\/title>\n<meta name=\"description\" content=\"Shop a 22ct gold teardrop pendant necklace with CZ detailing and radiant pattern. Crafted in fine gold and hallmarked in the UK.\" \/>\n<meta name=\"robots\" content=\"index, follow, max-snippet:-1, max-image-preview:large, max-video-preview:-1\" \/>\n<link rel=\"canonical\" href=\"https:\/\/www.purejewels.com\/tr\/urun\/22-ayar-kubik-zirkon-tasli-kolye-ucu-2\/\" \/>\n<meta property=\"og:locale\" content=\"tr_TR\" \/>\n<meta property=\"og:type\" content=\"article\" \/>\n<meta property=\"og:title\" content=\"22ct Gold Teardrop CZ Pendant for Ladies | PureJewels UK\" \/>\n<meta property=\"og:description\" content=\"Shop a 22ct gold teardrop pendant necklace with CZ detailing and radiant pattern. Crafted in fine gold and hallmarked in the UK.\" \/>\n<meta property=\"og:url\" content=\"https:\/\/www.purejewels.com\/tr\/urun\/22-ayar-kubik-zirkon-tasli-kolye-ucu-2\/\" \/>\n<meta property=\"og:site_name\" content=\"PureJewels UK\" \/>\n<meta property=\"article:modified_time\" content=\"2026-03-31T06:21:04+00:00\" \/>\n<meta property=\"og:image\" content=\"https:\/\/static.purejewels.com\/wp-content\/uploads\/2019\/05\/28610.jpg\" \/>\n\t<meta property=\"og:image:width\" content=\"1000\" \/>\n\t<meta property=\"og:image:height\" content=\"1000\" \/>\n\t<meta property=\"og:image:type\" content=\"image\/jpeg\" \/>\n<meta name=\"twitter:card\" content=\"summary_large_image\" \/>\n<meta name=\"twitter:label1\" content=\"Tahmini okuma s\u00fcresi\" \/>\n\t<meta name=\"twitter:data1\" content=\"1 dakika\" \/>\n<script type=\"application\/ld+json\" class=\"yoast-schema-graph\">{\"@context\":\"https:\\\/\\\/schema.org\",\"@graph\":[{\"@type\":[\"WebPage\",\"ItemPage\"],\"@id\":\"https:\\\/\\\/www.purejewels.com\\\/product\\\/22ct-pendant-with-cubic-zirconia-stone-2\\\/\",\"url\":\"https:\\\/\\\/www.purejewels.com\\\/product\\\/22ct-pendant-with-cubic-zirconia-stone-2\\\/\",\"name\":\"22ct Gold Teardrop CZ Pendant for Ladies | PureJewels UK\",\"isPartOf\":{\"@id\":\"https:\\\/\\\/www.purejewels.com\\\/#website\"},\"primaryImageOfPage\":{\"@id\":\"https:\\\/\\\/www.purejewels.com\\\/product\\\/22ct-pendant-with-cubic-zirconia-stone-2\\\/#primaryimage\"},\"image\":{\"@id\":\"https:\\\/\\\/www.purejewels.com\\\/product\\\/22ct-pendant-with-cubic-zirconia-stone-2\\\/#primaryimage\"},\"thumbnailUrl\":\"https:\\\/\\\/static.purejewels.com\\\/wp-content\\\/uploads\\\/2019\\\/05\\\/28610.jpg\",\"datePublished\":\"2019-05-15T08:33:52+00:00\",\"dateModified\":\"2026-03-31T06:21:04+00:00\",\"description\":\"Shop a 22ct gold teardrop pendant necklace with CZ detailing and radiant pattern. Crafted in fine gold and hallmarked in the UK.\",\"breadcrumb\":{\"@id\":\"https:\\\/\\\/www.purejewels.com\\\/product\\\/22ct-pendant-with-cubic-zirconia-stone-2\\\/#breadcrumb\"},\"inLanguage\":\"tr\",\"potentialAction\":[{\"@type\":\"ReadAction\",\"target\":[\"https:\\\/\\\/www.purejewels.com\\\/product\\\/22ct-pendant-with-cubic-zirconia-stone-2\\\/\"]}]},{\"@type\":\"ImageObject\",\"inLanguage\":\"tr\",\"@id\":\"https:\\\/\\\/www.purejewels.com\\\/product\\\/22ct-pendant-with-cubic-zirconia-stone-2\\\/#primaryimage\",\"url\":\"https:\\\/\\\/static.purejewels.com\\\/wp-content\\\/uploads\\\/2019\\\/05\\\/28610.jpg\",\"contentUrl\":\"https:\\\/\\\/static.purejewels.com\\\/wp-content\\\/uploads\\\/2019\\\/05\\\/28610.jpg\",\"width\":1000,\"height\":1000,\"caption\":\"28610\"},{\"@type\":\"BreadcrumbList\",\"@id\":\"https:\\\/\\\/www.purejewels.com\\\/product\\\/22ct-pendant-with-cubic-zirconia-stone-2\\\/#breadcrumb\",\"itemListElement\":[{\"@type\":\"ListItem\",\"position\":1,\"name\":\"Home\",\"item\":\"https:\\\/\\\/www.purejewels.com\\\/\"},{\"@type\":\"ListItem\",\"position\":2,\"name\":\"Shop\",\"item\":\"https:\\\/\\\/www.purejewels.com\\\/shop\\\/\"},{\"@type\":\"ListItem\",\"position\":3,\"name\":\"22ct Gold Radiant Teardrop CZ Ladies Pendant\"}]},{\"@type\":\"WebSite\",\"@id\":\"https:\\\/\\\/www.purejewels.com\\\/#website\",\"url\":\"https:\\\/\\\/www.purejewels.com\\\/\",\"name\":\"PureJewels UK\",\"description\":\"Share the Love\",\"publisher\":{\"@id\":\"https:\\\/\\\/www.purejewels.com\\\/#organization\"},\"potentialAction\":[{\"@type\":\"SearchAction\",\"target\":{\"@type\":\"EntryPoint\",\"urlTemplate\":\"https:\\\/\\\/www.purejewels.com\\\/?s={search_term_string}\"},\"query-input\":{\"@type\":\"PropertyValueSpecification\",\"valueRequired\":true,\"valueName\":\"search_term_string\"}}],\"inLanguage\":\"tr\"},{\"@type\":\"Organization\",\"@id\":\"https:\\\/\\\/www.purejewels.com\\\/#organization\",\"name\":\"PureJewels UK\",\"url\":\"https:\\\/\\\/www.purejewels.com\\\/\",\"logo\":{\"@type\":\"ImageObject\",\"inLanguage\":\"tr\",\"@id\":\"https:\\\/\\\/www.purejewels.com\\\/#\\\/schema\\\/logo\\\/image\\\/\",\"url\":\"https:\\\/\\\/static.purejewels.com\\\/wp-content\\\/uploads\\\/2020\\\/11\\\/Logo-PJ-New-1.png\",\"contentUrl\":\"https:\\\/\\\/static.purejewels.com\\\/wp-content\\\/uploads\\\/2020\\\/11\\\/Logo-PJ-New-1.png\",\"width\":150,\"height\":80,\"caption\":\"PureJewels UK\"},\"image\":{\"@id\":\"https:\\\/\\\/www.purejewels.com\\\/#\\\/schema\\\/logo\\\/image\\\/\"}}]}<\/script>\n<!-- \/ Yoast SEO plugin. -->","yoast_head_json":{"title":"22 Ayar Alt\u0131n G\u00f6zya\u015f\u0131 Damlas\u0131 CZ Kolye Bayanlar i\u00e7in | PureJewels UK","description":"CZ detaylara ve \u0131\u015f\u0131lt\u0131l\u0131 desene sahip 22 ayar alt\u0131n g\u00f6zya\u015f\u0131 damlas\u0131 kolye ucu sat\u0131n al\u0131n. Kaliteli alt\u0131ndan \u00fcretilmi\u015ftir ve \u0130ngiltere'de damgalanm\u0131\u015ft\u0131r.","robots":{"index":"index","follow":"follow","max-snippet":"max-snippet:-1","max-image-preview":"max-image-preview:large","max-video-preview":"max-video-preview:-1"},"canonical":"https:\/\/www.purejewels.com\/tr\/urun\/22-ayar-kubik-zirkon-tasli-kolye-ucu-2\/","og_locale":"tr_TR","og_type":"article","og_title":"22ct Gold Teardrop CZ Pendant for Ladies | PureJewels UK","og_description":"Shop a 22ct gold teardrop pendant necklace with CZ detailing and radiant pattern. Crafted in fine gold and hallmarked in the UK.","og_url":"https:\/\/www.purejewels.com\/tr\/urun\/22-ayar-kubik-zirkon-tasli-kolye-ucu-2\/","og_site_name":"PureJewels UK","article_modified_time":"2026-03-31T06:21:04+00:00","og_image":[{"width":1000,"height":1000,"url":"https:\/\/static.purejewels.com\/wp-content\/uploads\/2019\/05\/28610.jpg","type":"image\/jpeg"}],"twitter_card":"summary_large_image","twitter_misc":{"Tahmini okuma s\u00fcresi":"1 dakika"},"schema":{"@context":"https:\/\/schema.org","@graph":[{"@type":["WebPage","ItemPage"],"@id":"https:\/\/www.purejewels.com\/product\/22ct-pendant-with-cubic-zirconia-stone-2\/","url":"https:\/\/www.purejewels.com\/product\/22ct-pendant-with-cubic-zirconia-stone-2\/","name":"22 Ayar Alt\u0131n G\u00f6zya\u015f\u0131 Damlas\u0131 CZ Kolye Bayanlar i\u00e7in | PureJewels UK","isPartOf":{"@id":"https:\/\/www.purejewels.com\/#website"},"primaryImageOfPage":{"@id":"https:\/\/www.purejewels.com\/product\/22ct-pendant-with-cubic-zirconia-stone-2\/#primaryimage"},"image":{"@id":"https:\/\/www.purejewels.com\/product\/22ct-pendant-with-cubic-zirconia-stone-2\/#primaryimage"},"thumbnailUrl":"https:\/\/static.purejewels.com\/wp-content\/uploads\/2019\/05\/28610.jpg","datePublished":"2019-05-15T08:33:52+00:00","dateModified":"2026-03-31T06:21:04+00:00","description":"CZ detaylara ve \u0131\u015f\u0131lt\u0131l\u0131 desene sahip 22 ayar alt\u0131n g\u00f6zya\u015f\u0131 damlas\u0131 kolye ucu sat\u0131n al\u0131n. Kaliteli alt\u0131ndan \u00fcretilmi\u015ftir ve \u0130ngiltere'de damgalanm\u0131\u015ft\u0131r.","breadcrumb":{"@id":"https:\/\/www.purejewels.com\/product\/22ct-pendant-with-cubic-zirconia-stone-2\/#breadcrumb"},"inLanguage":"tr","potentialAction":[{"@type":"ReadAction","target":["https:\/\/www.purejewels.com\/product\/22ct-pendant-with-cubic-zirconia-stone-2\/"]}]},{"@type":"ImageObject","inLanguage":"tr","@id":"https:\/\/www.purejewels.com\/product\/22ct-pendant-with-cubic-zirconia-stone-2\/#primaryimage","url":"https:\/\/static.purejewels.com\/wp-content\/uploads\/2019\/05\/28610.jpg","contentUrl":"https:\/\/static.purejewels.com\/wp-content\/uploads\/2019\/05\/28610.jpg","width":1000,"height":1000,"caption":"28610"},{"@type":"BreadcrumbList","@id":"https:\/\/www.purejewels.com\/product\/22ct-pendant-with-cubic-zirconia-stone-2\/#breadcrumb","itemListElement":[{"@type":"ListItem","position":1,"name":"Home","item":"https:\/\/www.purejewels.com\/"},{"@type":"ListItem","position":2,"name":"Shop","item":"https:\/\/www.purejewels.com\/shop\/"},{"@type":"ListItem","position":3,"name":"22ct Gold Radiant Teardrop CZ Ladies Pendant"}]},{"@type":"WebSite","@id":"https:\/\/www.purejewels.com\/#website","url":"https:\/\/www.purejewels.com\/","name":"PureJewels \u0130ngiltere","description":"Sevgiyi Payla\u015f\u0131n","publisher":{"@id":"https:\/\/www.purejewels.com\/#organization"},"potentialAction":[{"@type":"SearchAction","target":{"@type":"EntryPoint","urlTemplate":"https:\/\/www.purejewels.com\/?s={search_term_string}"},"query-input":{"@type":"PropertyValueSpecification","valueRequired":true,"valueName":"search_term_string"}}],"inLanguage":"tr"},{"@type":"Organization","@id":"https:\/\/www.purejewels.com\/#organization","name":"PureJewels \u0130ngiltere","url":"https:\/\/www.purejewels.com\/","logo":{"@type":"ImageObject","inLanguage":"tr","@id":"https:\/\/www.purejewels.com\/#\/schema\/logo\/image\/","url":"https:\/\/static.purejewels.com\/wp-content\/uploads\/2020\/11\/Logo-PJ-New-1.png","contentUrl":"https:\/\/static.purejewels.com\/wp-content\/uploads\/2020\/11\/Logo-PJ-New-1.png","width":150,"height":80,"caption":"PureJewels UK"},"image":{"@id":"https:\/\/www.purejewels.com\/#\/schema\/logo\/image\/"}}]}},"_links":{"self":[{"href":"https:\/\/www.purejewels.com\/tr\/wp-json\/wp\/v2\/product\/310260","targetHints":{"allow":["GET"]}}],"collection":[{"href":"https:\/\/www.purejewels.com\/tr\/wp-json\/wp\/v2\/product"}],"about":[{"href":"https:\/\/www.purejewels.com\/tr\/wp-json\/wp\/v2\/types\/product"}],"replies":[{"embeddable":true,"href":"https:\/\/www.purejewels.com\/tr\/wp-json\/wp\/v2\/comments?post=310260"}],"version-history":[{"count":2,"href":"https:\/\/www.purejewels.com\/tr\/wp-json\/wp\/v2\/product\/310260\/revisions"}],"predecessor-version":[{"id":427861,"href":"https:\/\/www.purejewels.com\/tr\/wp-json\/wp\/v2\/product\/310260\/revisions\/427861"}],"wp:featuredmedia":[{"embeddable":true,"href":"https:\/\/www.purejewels.com\/tr\/wp-json\/wp\/v2\/media\/310314"}],"wp:attachment":[{"href":"https:\/\/www.purejewels.com\/tr\/wp-json\/wp\/v2\/media?parent=310260"}],"wp:term":[{"taxonomy":"product_brand","embeddable":true,"href":"https:\/\/www.purejewels.com\/tr\/wp-json\/wp\/v2\/product_brand?post=310260"},{"taxonomy":"product_cat","embeddable":true,"href":"https:\/\/www.purejewels.com\/tr\/wp-json\/wp\/v2\/product_cat?post=310260"},{"taxonomy":"product_tag","embeddable":true,"href":"https:\/\/www.purejewels.com\/tr\/wp-json\/wp\/v2\/product_tag?post=310260"}],"curies":[{"name":"wp","href":"https:\/\/api.w.org\/{rel}","templated":true}]}}