{"id":310276,"date":"2019-05-15T07:31:40","date_gmt":"2019-05-15T06:31:40","guid":{"rendered":"https:\/\/www.purejewels.com\/?post_type=product&#038;p=310276"},"modified":"2026-01-10T16:15:16","modified_gmt":"2026-01-10T16:15:16","slug":"kiz-bebek-bilekligi","status":"publish","type":"product","link":"https:\/\/www.purejewels.com\/tr\/product\/baby-bangle-for-girl\/","title":{"rendered":"K\u0131z Bebek Bilekli\u011fi"},"content":{"rendered":"<p>Hayat\u0131n\u0131zdaki \u00f6zel k\u00fc\u00e7\u00fck bir k\u0131z i\u00e7in m\u00fckemmel bir hediye mi ar\u0131yorsunuz? \u00c7arp\u0131c\u0131 hediyemizden ba\u015fkas\u0131na bakmay\u0131n <a href=\"https:\/\/www.purejewels.com\/tr\/product\/baby-bangle-for-girl-41527\/\">K\u0131z Bebek Bilekli\u011fi<\/a> PureJewels UK'den. Yap\u0131lm\u0131\u015f <a href=\"https:\/\/www.purejewels.com\/tr\/product\/22ct-gold-jali-filigree-ring-jali-collection-31926\/\">22ct<\/a> Sar\u0131 alt\u0131n ve 10,4 g a\u011f\u0131rl\u0131\u011f\u0131ndaki bu bileklik, y\u0131llarca el \u00fcst\u00fcnde tutulacak zamans\u0131z ve zarif bir par\u00e7ad\u0131r.<\/p>\n<p>Her bir bileklik Londra Assay Ofisi taraf\u0131ndan damgalanarak kalitesi ve orijinalli\u011fi garanti alt\u0131na al\u0131nm\u0131\u015ft\u0131r. Sunum kutusunda g\u00fczel bir \u015fekilde sunuldu\u011fu i\u00e7in o \u00f6zel ki\u015fiye hediye etmeye haz\u0131rd\u0131r. Teslimat dahil oldu\u011fu i\u00e7in bu g\u00fczel bilekli\u011fi kolayl\u0131kla kap\u0131n\u0131za kadar teslim ettirebilirsiniz.<\/p>\n<p>PureJewels UK'de, ola\u011fan\u00fcst\u00fc m\u00fc\u015fteri hizmetleri sunmaktan gurur duyuyoruz. Bu bileklik hakk\u0131nda herhangi bir sorunuz varsa veya \u015fu anda stokta bulunan benzer tasar\u0131mlar\u0131n daha fazla g\u00f6r\u00fcnt\u00fcs\u00fcn\u00fc g\u00f6rmek istiyorsan\u0131z, canl\u0131 sohbet \u00f6zelli\u011fimiz size yard\u0131mc\u0131 olmak i\u00e7in burada. Ayr\u0131ca \u00fccretsiz takipli teslimat, g\u00fcvenli \u00e7evrimi\u00e7i \u00f6demeler ve i\u00e7inizin rahat olmas\u0131 i\u00e7in 15 g\u00fcnl\u00fck para iade garantisi sunuyoruz.<\/p>\n<p>Beklemeyin, K\u0131z Bebek Bilekli\u011finizi bug\u00fcn sipari\u015f edin ve bu g\u00fczel tak\u0131 ile k\u00fc\u00e7\u00fck bir k\u0131z\u0131n g\u00fcn\u00fcn\u00fc g\u00fczelle\u015ftirin.<\/p>","protected":false},"excerpt":{"rendered":"<ul>\n<li>K\u0131z Bebek Bilekli\u011fi<\/li>\n<li>22 ayar sar\u0131 alt\u0131n<\/li>\n<li>A\u011f\u0131rl\u0131k 10.4 g<\/li>\n<li>SKU. 28298<\/li>\n<li>T\u00fcm fiyatlara KDV dahildir<\/li>\n<li>Londra Tahlil Ofisi Taraf\u0131ndan Damgalanm\u0131\u015f 22 Ayar Alt\u0131n<\/li>\n<li>Sunum Kutusu ile Birlikte Gelir<\/li>\n<li>Teslimat Dahil<\/li>\n<li>Stok durumu ve stokta bulunan benzer tasar\u0131mlar\u0131n daha fazla g\u00f6r\u00fcnt\u00fcs\u00fc i\u00e7in bizimle canl\u0131 sohbet edin<\/li>\n<\/ul>","protected":false},"featured_media":310311,"comment_status":"closed","ping_status":"closed","template":"","meta":{"_eb_attr":"","_crsspst_to_jayantr4sg-hostcom":false},"product_brand":[],"product_cat":[1576,1526],"product_tag":[],"class_list":{"0":"post-310276","1":"product","2":"type-product","3":"status-publish","4":"has-post-thumbnail","6":"product_cat-childrens-jewellery","7":"product_cat-kids-bangles","9":"first","10":"outofstock","11":"taxable","12":"shipping-taxable","13":"product-type-simple","14":"add-to-wishlist-before_image"},"yoast_head":"<!-- This site is optimized with the Yoast SEO plugin v27.3 - https:\/\/yoast.com\/product\/yoast-seo-wordpress\/ -->\n<title>Baby Bangle for Girl - PureJewels UK<\/title>\n<meta name=\"robots\" content=\"index, follow, max-snippet:-1, max-image-preview:large, max-video-preview:-1\" \/>\n<link rel=\"canonical\" href=\"https:\/\/www.purejewels.com\/tr\/urun\/kiz-bebek-bilekligi\/\" \/>\n<meta property=\"og:locale\" content=\"tr_TR\" \/>\n<meta property=\"og:type\" content=\"article\" \/>\n<meta property=\"og:title\" content=\"Baby Bangle for Girl - PureJewels UK\" \/>\n<meta property=\"og:description\" content=\"Baby Bangle for Girl  In 22ct yellow gold  Wt. 10.4 g  SKU. 28298  All prices include VAT  22ct Gold\u00a0Hallmarked by London Assay Office  Comes With Presentation Box  Delivery Included  Live chat with us for availability and more images of similar designs currently in stock\" \/>\n<meta property=\"og:url\" content=\"https:\/\/www.purejewels.com\/tr\/urun\/kiz-bebek-bilekligi\/\" \/>\n<meta property=\"og:site_name\" content=\"PureJewels UK\" \/>\n<meta property=\"article:modified_time\" content=\"2026-01-10T16:15:16+00:00\" \/>\n<meta property=\"og:image\" content=\"https:\/\/www.purejewels.com\/wp-content\/uploads\/2019\/05\/28298_1.jpg\" \/>\n\t<meta property=\"og:image:width\" content=\"1000\" \/>\n\t<meta property=\"og:image:height\" content=\"1000\" \/>\n\t<meta property=\"og:image:type\" content=\"image\/jpeg\" \/>\n<meta name=\"twitter:card\" content=\"summary_large_image\" \/>\n<meta name=\"twitter:label1\" content=\"Tahmini okuma s\u00fcresi\" \/>\n\t<meta name=\"twitter:data1\" content=\"1 dakika\" \/>\n<script type=\"application\/ld+json\" class=\"yoast-schema-graph\">{\"@context\":\"https:\\\/\\\/schema.org\",\"@graph\":[{\"@type\":[\"WebPage\",\"ItemPage\"],\"@id\":\"https:\\\/\\\/www.purejewels.com\\\/product\\\/baby-bangle-for-girl\\\/\",\"url\":\"https:\\\/\\\/www.purejewels.com\\\/product\\\/baby-bangle-for-girl\\\/\",\"name\":\"Baby Bangle for Girl - PureJewels UK\",\"isPartOf\":{\"@id\":\"https:\\\/\\\/www.purejewels.com\\\/#website\"},\"primaryImageOfPage\":{\"@id\":\"https:\\\/\\\/www.purejewels.com\\\/product\\\/baby-bangle-for-girl\\\/#primaryimage\"},\"image\":{\"@id\":\"https:\\\/\\\/www.purejewels.com\\\/product\\\/baby-bangle-for-girl\\\/#primaryimage\"},\"thumbnailUrl\":\"https:\\\/\\\/static.purejewels.com\\\/wp-content\\\/uploads\\\/2019\\\/05\\\/28298_1.jpg\",\"datePublished\":\"2019-05-15T06:31:40+00:00\",\"dateModified\":\"2026-01-10T16:15:16+00:00\",\"breadcrumb\":{\"@id\":\"https:\\\/\\\/www.purejewels.com\\\/product\\\/baby-bangle-for-girl\\\/#breadcrumb\"},\"inLanguage\":\"tr\",\"potentialAction\":[{\"@type\":\"ReadAction\",\"target\":[\"https:\\\/\\\/www.purejewels.com\\\/product\\\/baby-bangle-for-girl\\\/\"]}]},{\"@type\":\"ImageObject\",\"inLanguage\":\"tr\",\"@id\":\"https:\\\/\\\/www.purejewels.com\\\/product\\\/baby-bangle-for-girl\\\/#primaryimage\",\"url\":\"https:\\\/\\\/static.purejewels.com\\\/wp-content\\\/uploads\\\/2019\\\/05\\\/28298_1.jpg\",\"contentUrl\":\"https:\\\/\\\/static.purejewels.com\\\/wp-content\\\/uploads\\\/2019\\\/05\\\/28298_1.jpg\",\"width\":1000,\"height\":1000,\"caption\":\"28298_1\"},{\"@type\":\"BreadcrumbList\",\"@id\":\"https:\\\/\\\/www.purejewels.com\\\/product\\\/baby-bangle-for-girl\\\/#breadcrumb\",\"itemListElement\":[{\"@type\":\"ListItem\",\"position\":1,\"name\":\"Home\",\"item\":\"https:\\\/\\\/www.purejewels.com\\\/\"},{\"@type\":\"ListItem\",\"position\":2,\"name\":\"Shop\",\"item\":\"https:\\\/\\\/www.purejewels.com\\\/shop\\\/\"},{\"@type\":\"ListItem\",\"position\":3,\"name\":\"Baby Bangle for Girl\"}]},{\"@type\":\"WebSite\",\"@id\":\"https:\\\/\\\/www.purejewels.com\\\/#website\",\"url\":\"https:\\\/\\\/www.purejewels.com\\\/\",\"name\":\"PureJewels UK\",\"description\":\"Share the Love\",\"publisher\":{\"@id\":\"https:\\\/\\\/www.purejewels.com\\\/#organization\"},\"potentialAction\":[{\"@type\":\"SearchAction\",\"target\":{\"@type\":\"EntryPoint\",\"urlTemplate\":\"https:\\\/\\\/www.purejewels.com\\\/?s={search_term_string}\"},\"query-input\":{\"@type\":\"PropertyValueSpecification\",\"valueRequired\":true,\"valueName\":\"search_term_string\"}}],\"inLanguage\":\"tr\"},{\"@type\":\"Organization\",\"@id\":\"https:\\\/\\\/www.purejewels.com\\\/#organization\",\"name\":\"PureJewels UK\",\"url\":\"https:\\\/\\\/www.purejewels.com\\\/\",\"logo\":{\"@type\":\"ImageObject\",\"inLanguage\":\"tr\",\"@id\":\"https:\\\/\\\/www.purejewels.com\\\/#\\\/schema\\\/logo\\\/image\\\/\",\"url\":\"https:\\\/\\\/static.purejewels.com\\\/wp-content\\\/uploads\\\/2020\\\/11\\\/Logo-PJ-New-1.png\",\"contentUrl\":\"https:\\\/\\\/static.purejewels.com\\\/wp-content\\\/uploads\\\/2020\\\/11\\\/Logo-PJ-New-1.png\",\"width\":150,\"height\":80,\"caption\":\"PureJewels UK\"},\"image\":{\"@id\":\"https:\\\/\\\/www.purejewels.com\\\/#\\\/schema\\\/logo\\\/image\\\/\"}}]}<\/script>\n<!-- \/ Yoast SEO plugin. -->","yoast_head_json":{"title":"K\u0131z Bebek Bilekli\u011fi - PureJewels UK","robots":{"index":"index","follow":"follow","max-snippet":"max-snippet:-1","max-image-preview":"max-image-preview:large","max-video-preview":"max-video-preview:-1"},"canonical":"https:\/\/www.purejewels.com\/tr\/urun\/kiz-bebek-bilekligi\/","og_locale":"tr_TR","og_type":"article","og_title":"Baby Bangle for Girl - PureJewels UK","og_description":"Baby Bangle for Girl  In 22ct yellow gold  Wt. 10.4 g  SKU. 28298  All prices include VAT  22ct Gold\u00a0Hallmarked by London Assay Office  Comes With Presentation Box  Delivery Included  Live chat with us for availability and more images of similar designs currently in stock","og_url":"https:\/\/www.purejewels.com\/tr\/urun\/kiz-bebek-bilekligi\/","og_site_name":"PureJewels UK","article_modified_time":"2026-01-10T16:15:16+00:00","og_image":[{"width":1000,"height":1000,"url":"https:\/\/www.purejewels.com\/wp-content\/uploads\/2019\/05\/28298_1.jpg","type":"image\/jpeg"}],"twitter_card":"summary_large_image","twitter_misc":{"Tahmini okuma s\u00fcresi":"1 dakika"},"schema":{"@context":"https:\/\/schema.org","@graph":[{"@type":["WebPage","ItemPage"],"@id":"https:\/\/www.purejewels.com\/product\/baby-bangle-for-girl\/","url":"https:\/\/www.purejewels.com\/product\/baby-bangle-for-girl\/","name":"K\u0131z Bebek Bilekli\u011fi - PureJewels UK","isPartOf":{"@id":"https:\/\/www.purejewels.com\/#website"},"primaryImageOfPage":{"@id":"https:\/\/www.purejewels.com\/product\/baby-bangle-for-girl\/#primaryimage"},"image":{"@id":"https:\/\/www.purejewels.com\/product\/baby-bangle-for-girl\/#primaryimage"},"thumbnailUrl":"https:\/\/static.purejewels.com\/wp-content\/uploads\/2019\/05\/28298_1.jpg","datePublished":"2019-05-15T06:31:40+00:00","dateModified":"2026-01-10T16:15:16+00:00","breadcrumb":{"@id":"https:\/\/www.purejewels.com\/product\/baby-bangle-for-girl\/#breadcrumb"},"inLanguage":"tr","potentialAction":[{"@type":"ReadAction","target":["https:\/\/www.purejewels.com\/product\/baby-bangle-for-girl\/"]}]},{"@type":"ImageObject","inLanguage":"tr","@id":"https:\/\/www.purejewels.com\/product\/baby-bangle-for-girl\/#primaryimage","url":"https:\/\/static.purejewels.com\/wp-content\/uploads\/2019\/05\/28298_1.jpg","contentUrl":"https:\/\/static.purejewels.com\/wp-content\/uploads\/2019\/05\/28298_1.jpg","width":1000,"height":1000,"caption":"28298_1"},{"@type":"BreadcrumbList","@id":"https:\/\/www.purejewels.com\/product\/baby-bangle-for-girl\/#breadcrumb","itemListElement":[{"@type":"ListItem","position":1,"name":"Home","item":"https:\/\/www.purejewels.com\/"},{"@type":"ListItem","position":2,"name":"Shop","item":"https:\/\/www.purejewels.com\/shop\/"},{"@type":"ListItem","position":3,"name":"Baby Bangle for Girl"}]},{"@type":"WebSite","@id":"https:\/\/www.purejewels.com\/#website","url":"https:\/\/www.purejewels.com\/","name":"PureJewels \u0130ngiltere","description":"Sevgiyi Payla\u015f\u0131n","publisher":{"@id":"https:\/\/www.purejewels.com\/#organization"},"potentialAction":[{"@type":"SearchAction","target":{"@type":"EntryPoint","urlTemplate":"https:\/\/www.purejewels.com\/?s={search_term_string}"},"query-input":{"@type":"PropertyValueSpecification","valueRequired":true,"valueName":"search_term_string"}}],"inLanguage":"tr"},{"@type":"Organization","@id":"https:\/\/www.purejewels.com\/#organization","name":"PureJewels \u0130ngiltere","url":"https:\/\/www.purejewels.com\/","logo":{"@type":"ImageObject","inLanguage":"tr","@id":"https:\/\/www.purejewels.com\/#\/schema\/logo\/image\/","url":"https:\/\/static.purejewels.com\/wp-content\/uploads\/2020\/11\/Logo-PJ-New-1.png","contentUrl":"https:\/\/static.purejewels.com\/wp-content\/uploads\/2020\/11\/Logo-PJ-New-1.png","width":150,"height":80,"caption":"PureJewels UK"},"image":{"@id":"https:\/\/www.purejewels.com\/#\/schema\/logo\/image\/"}}]}},"_links":{"self":[{"href":"https:\/\/www.purejewels.com\/tr\/wp-json\/wp\/v2\/product\/310276","targetHints":{"allow":["GET"]}}],"collection":[{"href":"https:\/\/www.purejewels.com\/tr\/wp-json\/wp\/v2\/product"}],"about":[{"href":"https:\/\/www.purejewels.com\/tr\/wp-json\/wp\/v2\/types\/product"}],"replies":[{"embeddable":true,"href":"https:\/\/www.purejewels.com\/tr\/wp-json\/wp\/v2\/comments?post=310276"}],"version-history":[{"count":1,"href":"https:\/\/www.purejewels.com\/tr\/wp-json\/wp\/v2\/product\/310276\/revisions"}],"predecessor-version":[{"id":420296,"href":"https:\/\/www.purejewels.com\/tr\/wp-json\/wp\/v2\/product\/310276\/revisions\/420296"}],"wp:featuredmedia":[{"embeddable":true,"href":"https:\/\/www.purejewels.com\/tr\/wp-json\/wp\/v2\/media\/310311"}],"wp:attachment":[{"href":"https:\/\/www.purejewels.com\/tr\/wp-json\/wp\/v2\/media?parent=310276"}],"wp:term":[{"taxonomy":"product_brand","embeddable":true,"href":"https:\/\/www.purejewels.com\/tr\/wp-json\/wp\/v2\/product_brand?post=310276"},{"taxonomy":"product_cat","embeddable":true,"href":"https:\/\/www.purejewels.com\/tr\/wp-json\/wp\/v2\/product_cat?post=310276"},{"taxonomy":"product_tag","embeddable":true,"href":"https:\/\/www.purejewels.com\/tr\/wp-json\/wp\/v2\/product_tag?post=310276"}],"curies":[{"name":"wp","href":"https:\/\/api.w.org\/{rel}","templated":true}]}}