{"id":310585,"date":"2019-06-29T11:34:30","date_gmt":"2019-06-29T10:34:30","guid":{"rendered":"https:\/\/www.purejewels.com\/?post_type=product&#038;p=310585"},"modified":"2025-05-22T11:20:12","modified_gmt":"2025-05-22T10:20:12","slug":"22-ayar-sari-altin-telkari-saplama-kupe","status":"publish","type":"product","link":"https:\/\/www.purejewels.com\/tr\/product\/22kt-yellow-gold-filigree-stud-earring\/","title":{"rendered":"22Kt Sar\u0131 Alt\u0131n Telkari Saplama K\u00fcpe"},"content":{"rendered":"<p>&nbsp;<\/p>\n<ul>\n<li>A\u011f\u0131rl\u0131k 2,3 gms<\/li>\n<li>SKU. 30715<\/li>\n<\/ul>","protected":false},"excerpt":{"rendered":"<ul>\n<li>22Kt Sar\u0131 Alt\u0131n Telkari Saplama K\u00fcpe<\/li>\n<li>\u0130nce El Yap\u0131m\u0131 Telkari Saplama<\/li>\n<li>\u00c7i\u00e7ek \u015feklinde<\/li>\n<li>A\u011f\u0131rl\u0131k 2,3 gms<\/li>\n<li>9 mm \u00c7ap<\/li>\n<li>SKU. 30715<\/li>\n<li>T\u00fcm fiyatlara KDV dahildir<\/li>\n<li>T\u00fcm \u00fcr\u00fcnlerimiz London Assay Office taraf\u0131ndan damgalanm\u0131\u015ft\u0131r<\/li>\n<li>Sunum kutusu ile birlikte gelir<\/li>\n<li>Teslimat Dahil<\/li>\n<li>\u00dcr\u00fcn\u00fcn videosunu g\u00f6rmek i\u00e7in bize ula\u015f\u0131n \/ bizimle sohbet edin<\/li>\n<\/ul>","protected":false},"featured_media":317788,"comment_status":"closed","ping_status":"closed","template":"","meta":{"_eb_attr":"","_crsspst_to_jayantr4sg-hostcom":true},"product_brand":[],"product_cat":[1559,1576,1794,1793,1254,252,1577,1574],"product_tag":[],"class_list":{"0":"post-310585","1":"product","2":"type-product","3":"status-publish","4":"has-post-thumbnail","6":"product_cat-birthday-gifts","7":"product_cat-childrens-jewellery","8":"product_cat-christmas-gifts","9":"product_cat-diwali-gifts","10":"product_cat-gold-earrings","11":"product_cat-jali-collections","12":"product_cat-stud-earrings","13":"product_cat-womens-jewellery","15":"first","16":"outofstock","17":"taxable","18":"shipping-taxable","19":"product-type-simple","20":"add-to-wishlist-before_image"},"yoast_head":"<!-- This site is optimized with the Yoast SEO plugin v27.3 - https:\/\/yoast.com\/product\/yoast-seo-wordpress\/ -->\n<title>22Kt\u00a0 Yellow Gold Filigree Stud Earring - PureJewels UK<\/title>\n<meta name=\"robots\" content=\"index, follow, max-snippet:-1, max-image-preview:large, max-video-preview:-1\" \/>\n<link rel=\"canonical\" href=\"https:\/\/www.purejewels.com\/tr\/urun\/22-ayar-sari-altin-telkari-saplama-kupe\/\" \/>\n<meta property=\"og:locale\" content=\"tr_TR\" \/>\n<meta property=\"og:type\" content=\"article\" \/>\n<meta property=\"og:title\" content=\"22Kt\u00a0 Yellow Gold Filigree Stud Earring - PureJewels UK\" \/>\n<meta property=\"og:description\" content=\"22Kt&nbsp; Yellow Gold Filigree Stud EarringFine Hand crafted Filigree StudFlower in shapeWt . 2.3 gms9 mm DiameterSKU. 30715All prices include VATAll our products are hallmarked by London Assay OfficeComes with presentation BoxDelivery IncludedContact us \/ chat with us to see video of product\" \/>\n<meta property=\"og:url\" content=\"https:\/\/www.purejewels.com\/tr\/urun\/22-ayar-sari-altin-telkari-saplama-kupe\/\" \/>\n<meta property=\"og:site_name\" content=\"PureJewels UK\" \/>\n<meta property=\"article:modified_time\" content=\"2025-05-22T10:20:12+00:00\" \/>\n<meta property=\"og:image\" content=\"https:\/\/www.purejewels.com\/wp-content\/uploads\/2020\/10\/image186965273.jpg\" \/>\n\t<meta property=\"og:image:width\" content=\"1000\" \/>\n\t<meta property=\"og:image:height\" content=\"1000\" \/>\n\t<meta property=\"og:image:type\" content=\"image\/jpeg\" \/>\n<meta name=\"twitter:card\" content=\"summary_large_image\" \/>\n<script type=\"application\/ld+json\" class=\"yoast-schema-graph\">{\"@context\":\"https:\\\/\\\/schema.org\",\"@graph\":[{\"@type\":[\"WebPage\",\"ItemPage\"],\"@id\":\"https:\\\/\\\/www.purejewels.com\\\/product\\\/22kt-yellow-gold-filigree-stud-earring\\\/\",\"url\":\"https:\\\/\\\/www.purejewels.com\\\/product\\\/22kt-yellow-gold-filigree-stud-earring\\\/\",\"name\":\"22Kt\u00a0 Yellow Gold Filigree Stud Earring - PureJewels UK\",\"isPartOf\":{\"@id\":\"https:\\\/\\\/www.purejewels.com\\\/#website\"},\"primaryImageOfPage\":{\"@id\":\"https:\\\/\\\/www.purejewels.com\\\/product\\\/22kt-yellow-gold-filigree-stud-earring\\\/#primaryimage\"},\"image\":{\"@id\":\"https:\\\/\\\/www.purejewels.com\\\/product\\\/22kt-yellow-gold-filigree-stud-earring\\\/#primaryimage\"},\"thumbnailUrl\":\"https:\\\/\\\/static.purejewels.com\\\/wp-content\\\/uploads\\\/2020\\\/10\\\/image186965273.jpg\",\"datePublished\":\"2019-06-29T10:34:30+00:00\",\"dateModified\":\"2025-05-22T10:20:12+00:00\",\"breadcrumb\":{\"@id\":\"https:\\\/\\\/www.purejewels.com\\\/product\\\/22kt-yellow-gold-filigree-stud-earring\\\/#breadcrumb\"},\"inLanguage\":\"tr\",\"potentialAction\":[{\"@type\":\"ReadAction\",\"target\":[\"https:\\\/\\\/www.purejewels.com\\\/product\\\/22kt-yellow-gold-filigree-stud-earring\\\/\"]}]},{\"@type\":\"ImageObject\",\"inLanguage\":\"tr\",\"@id\":\"https:\\\/\\\/www.purejewels.com\\\/product\\\/22kt-yellow-gold-filigree-stud-earring\\\/#primaryimage\",\"url\":\"https:\\\/\\\/static.purejewels.com\\\/wp-content\\\/uploads\\\/2020\\\/10\\\/image186965273.jpg\",\"contentUrl\":\"https:\\\/\\\/static.purejewels.com\\\/wp-content\\\/uploads\\\/2020\\\/10\\\/image186965273.jpg\",\"width\":1000,\"height\":1000,\"caption\":\"Jali Collection 22ct Gold Earring 2.5gm\"},{\"@type\":\"BreadcrumbList\",\"@id\":\"https:\\\/\\\/www.purejewels.com\\\/product\\\/22kt-yellow-gold-filigree-stud-earring\\\/#breadcrumb\",\"itemListElement\":[{\"@type\":\"ListItem\",\"position\":1,\"name\":\"Home\",\"item\":\"https:\\\/\\\/www.purejewels.com\\\/\"},{\"@type\":\"ListItem\",\"position\":2,\"name\":\"Shop\",\"item\":\"https:\\\/\\\/www.purejewels.com\\\/shop\\\/\"},{\"@type\":\"ListItem\",\"position\":3,\"name\":\"22Kt\u00a0 Yellow Gold Filigree Stud Earring\"}]},{\"@type\":\"WebSite\",\"@id\":\"https:\\\/\\\/www.purejewels.com\\\/#website\",\"url\":\"https:\\\/\\\/www.purejewels.com\\\/\",\"name\":\"PureJewels UK\",\"description\":\"Share the Love\",\"publisher\":{\"@id\":\"https:\\\/\\\/www.purejewels.com\\\/#organization\"},\"potentialAction\":[{\"@type\":\"SearchAction\",\"target\":{\"@type\":\"EntryPoint\",\"urlTemplate\":\"https:\\\/\\\/www.purejewels.com\\\/?s={search_term_string}\"},\"query-input\":{\"@type\":\"PropertyValueSpecification\",\"valueRequired\":true,\"valueName\":\"search_term_string\"}}],\"inLanguage\":\"tr\"},{\"@type\":\"Organization\",\"@id\":\"https:\\\/\\\/www.purejewels.com\\\/#organization\",\"name\":\"PureJewels UK\",\"url\":\"https:\\\/\\\/www.purejewels.com\\\/\",\"logo\":{\"@type\":\"ImageObject\",\"inLanguage\":\"tr\",\"@id\":\"https:\\\/\\\/www.purejewels.com\\\/#\\\/schema\\\/logo\\\/image\\\/\",\"url\":\"https:\\\/\\\/static.purejewels.com\\\/wp-content\\\/uploads\\\/2020\\\/11\\\/Logo-PJ-New-1.png\",\"contentUrl\":\"https:\\\/\\\/static.purejewels.com\\\/wp-content\\\/uploads\\\/2020\\\/11\\\/Logo-PJ-New-1.png\",\"width\":150,\"height\":80,\"caption\":\"PureJewels UK\"},\"image\":{\"@id\":\"https:\\\/\\\/www.purejewels.com\\\/#\\\/schema\\\/logo\\\/image\\\/\"}}]}<\/script>\n<!-- \/ Yoast SEO plugin. -->","yoast_head_json":{"title":"22Kt Sar\u0131 Alt\u0131n Telkari Saplama K\u00fcpe - PureJewels UK","robots":{"index":"index","follow":"follow","max-snippet":"max-snippet:-1","max-image-preview":"max-image-preview:large","max-video-preview":"max-video-preview:-1"},"canonical":"https:\/\/www.purejewels.com\/tr\/urun\/22-ayar-sari-altin-telkari-saplama-kupe\/","og_locale":"tr_TR","og_type":"article","og_title":"22Kt\u00a0 Yellow Gold Filigree Stud Earring - PureJewels UK","og_description":"22Kt&nbsp; Yellow Gold Filigree Stud EarringFine Hand crafted Filigree StudFlower in shapeWt . 2.3 gms9 mm DiameterSKU. 30715All prices include VATAll our products are hallmarked by London Assay OfficeComes with presentation BoxDelivery IncludedContact us \/ chat with us to see video of product","og_url":"https:\/\/www.purejewels.com\/tr\/urun\/22-ayar-sari-altin-telkari-saplama-kupe\/","og_site_name":"PureJewels UK","article_modified_time":"2025-05-22T10:20:12+00:00","og_image":[{"width":1000,"height":1000,"url":"https:\/\/www.purejewels.com\/wp-content\/uploads\/2020\/10\/image186965273.jpg","type":"image\/jpeg"}],"twitter_card":"summary_large_image","schema":{"@context":"https:\/\/schema.org","@graph":[{"@type":["WebPage","ItemPage"],"@id":"https:\/\/www.purejewels.com\/product\/22kt-yellow-gold-filigree-stud-earring\/","url":"https:\/\/www.purejewels.com\/product\/22kt-yellow-gold-filigree-stud-earring\/","name":"22Kt Sar\u0131 Alt\u0131n Telkari Saplama K\u00fcpe - PureJewels UK","isPartOf":{"@id":"https:\/\/www.purejewels.com\/#website"},"primaryImageOfPage":{"@id":"https:\/\/www.purejewels.com\/product\/22kt-yellow-gold-filigree-stud-earring\/#primaryimage"},"image":{"@id":"https:\/\/www.purejewels.com\/product\/22kt-yellow-gold-filigree-stud-earring\/#primaryimage"},"thumbnailUrl":"https:\/\/static.purejewels.com\/wp-content\/uploads\/2020\/10\/image186965273.jpg","datePublished":"2019-06-29T10:34:30+00:00","dateModified":"2025-05-22T10:20:12+00:00","breadcrumb":{"@id":"https:\/\/www.purejewels.com\/product\/22kt-yellow-gold-filigree-stud-earring\/#breadcrumb"},"inLanguage":"tr","potentialAction":[{"@type":"ReadAction","target":["https:\/\/www.purejewels.com\/product\/22kt-yellow-gold-filigree-stud-earring\/"]}]},{"@type":"ImageObject","inLanguage":"tr","@id":"https:\/\/www.purejewels.com\/product\/22kt-yellow-gold-filigree-stud-earring\/#primaryimage","url":"https:\/\/static.purejewels.com\/wp-content\/uploads\/2020\/10\/image186965273.jpg","contentUrl":"https:\/\/static.purejewels.com\/wp-content\/uploads\/2020\/10\/image186965273.jpg","width":1000,"height":1000,"caption":"Jali Collection 22ct Gold Earring 2.5gm"},{"@type":"BreadcrumbList","@id":"https:\/\/www.purejewels.com\/product\/22kt-yellow-gold-filigree-stud-earring\/#breadcrumb","itemListElement":[{"@type":"ListItem","position":1,"name":"Home","item":"https:\/\/www.purejewels.com\/"},{"@type":"ListItem","position":2,"name":"Shop","item":"https:\/\/www.purejewels.com\/shop\/"},{"@type":"ListItem","position":3,"name":"22Kt\u00a0 Yellow Gold Filigree Stud Earring"}]},{"@type":"WebSite","@id":"https:\/\/www.purejewels.com\/#website","url":"https:\/\/www.purejewels.com\/","name":"PureJewels \u0130ngiltere","description":"Sevgiyi Payla\u015f\u0131n","publisher":{"@id":"https:\/\/www.purejewels.com\/#organization"},"potentialAction":[{"@type":"SearchAction","target":{"@type":"EntryPoint","urlTemplate":"https:\/\/www.purejewels.com\/?s={search_term_string}"},"query-input":{"@type":"PropertyValueSpecification","valueRequired":true,"valueName":"search_term_string"}}],"inLanguage":"tr"},{"@type":"Organization","@id":"https:\/\/www.purejewels.com\/#organization","name":"PureJewels \u0130ngiltere","url":"https:\/\/www.purejewels.com\/","logo":{"@type":"ImageObject","inLanguage":"tr","@id":"https:\/\/www.purejewels.com\/#\/schema\/logo\/image\/","url":"https:\/\/static.purejewels.com\/wp-content\/uploads\/2020\/11\/Logo-PJ-New-1.png","contentUrl":"https:\/\/static.purejewels.com\/wp-content\/uploads\/2020\/11\/Logo-PJ-New-1.png","width":150,"height":80,"caption":"PureJewels UK"},"image":{"@id":"https:\/\/www.purejewels.com\/#\/schema\/logo\/image\/"}}]}},"_links":{"self":[{"href":"https:\/\/www.purejewels.com\/tr\/wp-json\/wp\/v2\/product\/310585","targetHints":{"allow":["GET"]}}],"collection":[{"href":"https:\/\/www.purejewels.com\/tr\/wp-json\/wp\/v2\/product"}],"about":[{"href":"https:\/\/www.purejewels.com\/tr\/wp-json\/wp\/v2\/types\/product"}],"replies":[{"embeddable":true,"href":"https:\/\/www.purejewels.com\/tr\/wp-json\/wp\/v2\/comments?post=310585"}],"version-history":[{"count":1,"href":"https:\/\/www.purejewels.com\/tr\/wp-json\/wp\/v2\/product\/310585\/revisions"}],"predecessor-version":[{"id":385387,"href":"https:\/\/www.purejewels.com\/tr\/wp-json\/wp\/v2\/product\/310585\/revisions\/385387"}],"wp:featuredmedia":[{"embeddable":true,"href":"https:\/\/www.purejewels.com\/tr\/wp-json\/wp\/v2\/media\/317788"}],"wp:attachment":[{"href":"https:\/\/www.purejewels.com\/tr\/wp-json\/wp\/v2\/media?parent=310585"}],"wp:term":[{"taxonomy":"product_brand","embeddable":true,"href":"https:\/\/www.purejewels.com\/tr\/wp-json\/wp\/v2\/product_brand?post=310585"},{"taxonomy":"product_cat","embeddable":true,"href":"https:\/\/www.purejewels.com\/tr\/wp-json\/wp\/v2\/product_cat?post=310585"},{"taxonomy":"product_tag","embeddable":true,"href":"https:\/\/www.purejewels.com\/tr\/wp-json\/wp\/v2\/product_tag?post=310585"}],"curies":[{"name":"wp","href":"https:\/\/api.w.org\/{rel}","templated":true}]}}