{"id":310646,"date":"2019-07-25T17:46:38","date_gmt":"2019-07-25T16:46:38","guid":{"rendered":"https:\/\/www.purejewels.com\/?post_type=product&#038;p=310646"},"modified":"2025-12-10T05:46:09","modified_gmt":"2025-12-10T05:46:09","slug":"22-ayar-altin-halka-kupe-uk-2","status":"publish","type":"product","link":"https:\/\/www.purejewels.com\/tr\/product\/22-carat-gold-hoop-earrings-uk-2\/","title":{"rendered":"Zarif 22 Ayar Alt\u0131n G\u00fcnl\u00fck Tak\u0131m K\u00fcpeler"},"content":{"rendered":"<p data-start=\"543\" data-end=\"846\"><strong data-start=\"543\" data-end=\"561\">Tasar\u0131m Konsepti<\/strong><br data-start=\"561\" data-end=\"564\" \/>Sade zarafetin \u00f6z\u00fcnden ilham alan bu \u00fcr\u00fcnler <a href=\"https:\/\/www.purejewels.com\/tr\/product-category\/22ct-gold-jewellery\/\">22 Karat<\/a> Gold Daily Wear Hoops, hayat\u0131n\u0131z\u0131n her an\u0131nda size e\u015flik etmek i\u00e7in tasarlanm\u0131\u015ft\u0131r. S\u00fcreklili\u011fi ve b\u00fct\u00fcnl\u00fc\u011f\u00fc simgeleyen dairesel form, PureJewels'in m\u00fccevherlerin ki\u015fisel yolculuklar\u0131n kutlamas\u0131 oldu\u011funa olan inanc\u0131n\u0131 yans\u0131tmaktad\u0131r.<\/p>\n<p data-start=\"848\" data-end=\"1266\"><strong data-start=\"848\" data-end=\"865\">Zanaatkarl\u0131k<\/strong><br data-start=\"865\" data-end=\"868\" \/>\u0130ngiltere'deki at\u00f6lyemizde titizlikle el i\u015f\u00e7ili\u011fi ile \u00fcretilen her bir \u00e7ift, y\u00fcksek safl\u0131kta 22 ayar alt\u0131ndan d\u00f6k\u00fcl\u00fcr ve Londra Assay Office taraf\u0131ndan damgalan\u0131r. P\u00fcr\u00fczs\u00fcz, cilal\u0131 y\u00fczey zarif bir parlakl\u0131k sa\u011flarken, g\u00fcvenli toka t\u00fcm g\u00fcn boyunca rahatl\u0131k sunar. Geleneklerimize sad\u0131k kalarak, her ayr\u0131nt\u0131 yetenekli zanaatkarlar taraf\u0131ndan \u00f6zenle i\u015flenir, geleneksel teknikler korunurken modern hassasiyet benimsenir.<\/p>\n<p data-start=\"1268\" data-end=\"1604\"><strong data-start=\"1268\" data-end=\"1285\">Stil Fikirleri<\/strong><br data-start=\"1285\" data-end=\"1288\" \/>G\u00fcnl\u00fck kullan\u0131m i\u00e7in m\u00fckemmel oranlara sahip olan bu halka k\u00fcpeler, hem g\u00fcndelik hem de resmi k\u0131yafetlerle kolayca kombinlenebilir. Minimalist bir g\u00f6r\u00fcn\u00fcm i\u00e7in tek ba\u015f\u0131na takabilir veya zarif alt\u0131n saplamalar veya man\u015fetlerle birlikte katmanl\u0131 bir kulak kurgusu olu\u015fturabilirsiniz. \u0130ster toplant\u0131 odas\u0131nda ister brunch'ta olsun, bu halka k\u00fcpeler her k\u0131yafete ince bir alt\u0131n \u0131\u015f\u0131lt\u0131 katar.<\/p>","protected":false},"excerpt":{"rendered":"<p>Parlak 22 ayar alt\u0131ndan \u00fcretilen bu g\u00fcnl\u00fck halka k\u00fcpeler, zarif sadelik ve kal\u0131c\u0131 bir \u00e7ekicilik sunar. Orijinalli\u011fi onaylanm\u0131\u015f ve \u0130ngiltere'de \u00fcretilen bu k\u00fcpeler, hafif, zamans\u0131z ve \u00e7ok y\u00f6nl\u00fcd\u00fcr; g\u00fcnl\u00fck kullan\u0131m veya en sevdi\u011finiz alt\u0131n tak\u0131larla birlikte takmak i\u00e7in m\u00fckemmeldir.<\/p>\n<ul>\n<li>22 Ayar Alt\u0131n Halka K\u00fcpe \u0130ngiltere<\/li>\n<li>D\u00fcz D Kesim<\/li>\n<li>A\u011f\u0131rl\u0131k 3.7 g<\/li>\n<li>SKU. 30751<\/li>\n<li>T\u00fcm fiyatlara KDV dahildir<\/li>\n<li>T\u00fcm \u00fcr\u00fcnlerimiz London Assay Office taraf\u0131ndan damgalanm\u0131\u015ft\u0131r<\/li>\n<li>Sunum Kutusu ile Birlikte Gelir<\/li>\n<li>Teslimat Dahil<\/li>\n<li>22 ayar alt\u0131n halka k\u00fcpelerin canl\u0131 videosunu g\u00f6rmek i\u00e7in bizimle ileti\u015fime ge\u00e7in \/ bizimle sohbet edin.<\/li>\n<\/ul>","protected":false},"featured_media":310744,"comment_status":"closed","ping_status":"closed","template":"","meta":{"_eb_attr":"","_crsspst_to_jayantr4sg-hostcom":true},"product_brand":[],"product_cat":[1229,1579,1573],"product_tag":[],"class_list":{"0":"post-310646","1":"product","2":"type-product","3":"status-publish","4":"has-post-thumbnail","6":"product_cat-22ct-gold-jewellery","7":"product_cat-hoop-earrings","8":"product_cat-wedding-gifts","10":"first","11":"outofstock","12":"taxable","13":"shipping-taxable","14":"product-type-simple","15":"add-to-wishlist-before_image"},"yoast_head":"<!-- This site is optimized with the Yoast SEO plugin v27.3 - https:\/\/yoast.com\/product\/yoast-seo-wordpress\/ -->\n<title>Timeless 22ct Gold Hoop Earrings for Everyday | PureJewels<\/title>\n<meta name=\"description\" content=\"Explore our timeless 22ct gold hoop earrings, crafted for everyday wear with elegance and tradition. Hallmarked and handmade in the UK by PureJewels.\" \/>\n<meta name=\"robots\" content=\"index, follow, max-snippet:-1, max-image-preview:large, max-video-preview:-1\" \/>\n<link rel=\"canonical\" href=\"https:\/\/www.purejewels.com\/tr\/urun\/22-ayar-altin-halka-kupe-uk-2\/\" \/>\n<meta property=\"og:locale\" content=\"tr_TR\" \/>\n<meta property=\"og:type\" content=\"article\" \/>\n<meta property=\"og:title\" content=\"Timeless 22ct Gold Hoop Earrings for Everyday | PureJewels\" \/>\n<meta property=\"og:description\" content=\"Explore our timeless 22ct gold hoop earrings, crafted for everyday wear with elegance and tradition. Hallmarked and handmade in the UK by PureJewels.\" \/>\n<meta property=\"og:url\" content=\"https:\/\/www.purejewels.com\/tr\/urun\/22-ayar-altin-halka-kupe-uk-2\/\" \/>\n<meta property=\"og:site_name\" content=\"PureJewels UK\" \/>\n<meta property=\"article:modified_time\" content=\"2025-12-10T05:46:09+00:00\" \/>\n<meta property=\"og:image\" content=\"https:\/\/static.purejewels.com\/wp-content\/uploads\/2019\/07\/30751_1.jpg\" \/>\n\t<meta property=\"og:image:width\" content=\"1000\" \/>\n\t<meta property=\"og:image:height\" content=\"1000\" \/>\n\t<meta property=\"og:image:type\" content=\"image\/jpeg\" \/>\n<meta name=\"twitter:card\" content=\"summary_large_image\" \/>\n<meta name=\"twitter:label1\" content=\"Tahmini okuma s\u00fcresi\" \/>\n\t<meta name=\"twitter:data1\" content=\"1 dakika\" \/>\n<script type=\"application\/ld+json\" class=\"yoast-schema-graph\">{\"@context\":\"https:\\\/\\\/schema.org\",\"@graph\":[{\"@type\":[\"WebPage\",\"ItemPage\"],\"@id\":\"https:\\\/\\\/www.purejewels.com\\\/product\\\/22-carat-gold-hoop-earrings-uk-2\\\/\",\"url\":\"https:\\\/\\\/www.purejewels.com\\\/product\\\/22-carat-gold-hoop-earrings-uk-2\\\/\",\"name\":\"Timeless 22ct Gold Hoop Earrings for Everyday | PureJewels\",\"isPartOf\":{\"@id\":\"https:\\\/\\\/www.purejewels.com\\\/#website\"},\"primaryImageOfPage\":{\"@id\":\"https:\\\/\\\/www.purejewels.com\\\/product\\\/22-carat-gold-hoop-earrings-uk-2\\\/#primaryimage\"},\"image\":{\"@id\":\"https:\\\/\\\/www.purejewels.com\\\/product\\\/22-carat-gold-hoop-earrings-uk-2\\\/#primaryimage\"},\"thumbnailUrl\":\"https:\\\/\\\/static.purejewels.com\\\/wp-content\\\/uploads\\\/2019\\\/07\\\/30751_1.jpg\",\"datePublished\":\"2019-07-25T16:46:38+00:00\",\"dateModified\":\"2025-12-10T05:46:09+00:00\",\"description\":\"Explore our timeless 22ct gold hoop earrings, crafted for everyday wear with elegance and tradition. Hallmarked and handmade in the UK by PureJewels.\",\"breadcrumb\":{\"@id\":\"https:\\\/\\\/www.purejewels.com\\\/product\\\/22-carat-gold-hoop-earrings-uk-2\\\/#breadcrumb\"},\"inLanguage\":\"tr\",\"potentialAction\":[{\"@type\":\"ReadAction\",\"target\":[\"https:\\\/\\\/www.purejewels.com\\\/product\\\/22-carat-gold-hoop-earrings-uk-2\\\/\"]}]},{\"@type\":\"ImageObject\",\"inLanguage\":\"tr\",\"@id\":\"https:\\\/\\\/www.purejewels.com\\\/product\\\/22-carat-gold-hoop-earrings-uk-2\\\/#primaryimage\",\"url\":\"https:\\\/\\\/static.purejewels.com\\\/wp-content\\\/uploads\\\/2019\\\/07\\\/30751_1.jpg\",\"contentUrl\":\"https:\\\/\\\/static.purejewels.com\\\/wp-content\\\/uploads\\\/2019\\\/07\\\/30751_1.jpg\",\"width\":1000,\"height\":1000,\"caption\":\"30751_1\"},{\"@type\":\"BreadcrumbList\",\"@id\":\"https:\\\/\\\/www.purejewels.com\\\/product\\\/22-carat-gold-hoop-earrings-uk-2\\\/#breadcrumb\",\"itemListElement\":[{\"@type\":\"ListItem\",\"position\":1,\"name\":\"Home\",\"item\":\"https:\\\/\\\/www.purejewels.com\\\/\"},{\"@type\":\"ListItem\",\"position\":2,\"name\":\"Shop\",\"item\":\"https:\\\/\\\/www.purejewels.com\\\/shop\\\/\"},{\"@type\":\"ListItem\",\"position\":3,\"name\":\"Elegant 22 Carat Gold Daily Wear Hoops\"}]},{\"@type\":\"WebSite\",\"@id\":\"https:\\\/\\\/www.purejewels.com\\\/#website\",\"url\":\"https:\\\/\\\/www.purejewels.com\\\/\",\"name\":\"PureJewels UK\",\"description\":\"Share the Love\",\"publisher\":{\"@id\":\"https:\\\/\\\/www.purejewels.com\\\/#organization\"},\"potentialAction\":[{\"@type\":\"SearchAction\",\"target\":{\"@type\":\"EntryPoint\",\"urlTemplate\":\"https:\\\/\\\/www.purejewels.com\\\/?s={search_term_string}\"},\"query-input\":{\"@type\":\"PropertyValueSpecification\",\"valueRequired\":true,\"valueName\":\"search_term_string\"}}],\"inLanguage\":\"tr\"},{\"@type\":\"Organization\",\"@id\":\"https:\\\/\\\/www.purejewels.com\\\/#organization\",\"name\":\"PureJewels UK\",\"url\":\"https:\\\/\\\/www.purejewels.com\\\/\",\"logo\":{\"@type\":\"ImageObject\",\"inLanguage\":\"tr\",\"@id\":\"https:\\\/\\\/www.purejewels.com\\\/#\\\/schema\\\/logo\\\/image\\\/\",\"url\":\"https:\\\/\\\/static.purejewels.com\\\/wp-content\\\/uploads\\\/2020\\\/11\\\/Logo-PJ-New-1.png\",\"contentUrl\":\"https:\\\/\\\/static.purejewels.com\\\/wp-content\\\/uploads\\\/2020\\\/11\\\/Logo-PJ-New-1.png\",\"width\":150,\"height\":80,\"caption\":\"PureJewels UK\"},\"image\":{\"@id\":\"https:\\\/\\\/www.purejewels.com\\\/#\\\/schema\\\/logo\\\/image\\\/\"}}]}<\/script>\n<!-- \/ Yoast SEO plugin. -->","yoast_head_json":{"title":"G\u00fcnl\u00fck kullan\u0131m i\u00e7in zamans\u0131z 22 ayar alt\u0131n halka k\u00fcpeler | PureJewels","description":"Zamans\u0131z 22 ayar alt\u0131n halka k\u00fcpelerimizi ke\u015ffedin. Zarif ve geleneksel bir tasar\u0131mla g\u00fcnl\u00fck kullan\u0131m i\u00e7in \u00fcretilmi\u015ftir. PureJewels taraf\u0131ndan \u0130ngiltere'de damgal\u0131 ve el yap\u0131m\u0131d\u0131r.","robots":{"index":"index","follow":"follow","max-snippet":"max-snippet:-1","max-image-preview":"max-image-preview:large","max-video-preview":"max-video-preview:-1"},"canonical":"https:\/\/www.purejewels.com\/tr\/urun\/22-ayar-altin-halka-kupe-uk-2\/","og_locale":"tr_TR","og_type":"article","og_title":"Timeless 22ct Gold Hoop Earrings for Everyday | PureJewels","og_description":"Explore our timeless 22ct gold hoop earrings, crafted for everyday wear with elegance and tradition. Hallmarked and handmade in the UK by PureJewels.","og_url":"https:\/\/www.purejewels.com\/tr\/urun\/22-ayar-altin-halka-kupe-uk-2\/","og_site_name":"PureJewels UK","article_modified_time":"2025-12-10T05:46:09+00:00","og_image":[{"width":1000,"height":1000,"url":"https:\/\/static.purejewels.com\/wp-content\/uploads\/2019\/07\/30751_1.jpg","type":"image\/jpeg"}],"twitter_card":"summary_large_image","twitter_misc":{"Tahmini okuma s\u00fcresi":"1 dakika"},"schema":{"@context":"https:\/\/schema.org","@graph":[{"@type":["WebPage","ItemPage"],"@id":"https:\/\/www.purejewels.com\/product\/22-carat-gold-hoop-earrings-uk-2\/","url":"https:\/\/www.purejewels.com\/product\/22-carat-gold-hoop-earrings-uk-2\/","name":"G\u00fcnl\u00fck kullan\u0131m i\u00e7in zamans\u0131z 22 ayar alt\u0131n halka k\u00fcpeler | PureJewels","isPartOf":{"@id":"https:\/\/www.purejewels.com\/#website"},"primaryImageOfPage":{"@id":"https:\/\/www.purejewels.com\/product\/22-carat-gold-hoop-earrings-uk-2\/#primaryimage"},"image":{"@id":"https:\/\/www.purejewels.com\/product\/22-carat-gold-hoop-earrings-uk-2\/#primaryimage"},"thumbnailUrl":"https:\/\/static.purejewels.com\/wp-content\/uploads\/2019\/07\/30751_1.jpg","datePublished":"2019-07-25T16:46:38+00:00","dateModified":"2025-12-10T05:46:09+00:00","description":"Zamans\u0131z 22 ayar alt\u0131n halka k\u00fcpelerimizi ke\u015ffedin. Zarif ve geleneksel bir tasar\u0131mla g\u00fcnl\u00fck kullan\u0131m i\u00e7in \u00fcretilmi\u015ftir. PureJewels taraf\u0131ndan \u0130ngiltere'de damgal\u0131 ve el yap\u0131m\u0131d\u0131r.","breadcrumb":{"@id":"https:\/\/www.purejewels.com\/product\/22-carat-gold-hoop-earrings-uk-2\/#breadcrumb"},"inLanguage":"tr","potentialAction":[{"@type":"ReadAction","target":["https:\/\/www.purejewels.com\/product\/22-carat-gold-hoop-earrings-uk-2\/"]}]},{"@type":"ImageObject","inLanguage":"tr","@id":"https:\/\/www.purejewels.com\/product\/22-carat-gold-hoop-earrings-uk-2\/#primaryimage","url":"https:\/\/static.purejewels.com\/wp-content\/uploads\/2019\/07\/30751_1.jpg","contentUrl":"https:\/\/static.purejewels.com\/wp-content\/uploads\/2019\/07\/30751_1.jpg","width":1000,"height":1000,"caption":"30751_1"},{"@type":"BreadcrumbList","@id":"https:\/\/www.purejewels.com\/product\/22-carat-gold-hoop-earrings-uk-2\/#breadcrumb","itemListElement":[{"@type":"ListItem","position":1,"name":"Home","item":"https:\/\/www.purejewels.com\/"},{"@type":"ListItem","position":2,"name":"Shop","item":"https:\/\/www.purejewels.com\/shop\/"},{"@type":"ListItem","position":3,"name":"Elegant 22 Carat Gold Daily Wear Hoops"}]},{"@type":"WebSite","@id":"https:\/\/www.purejewels.com\/#website","url":"https:\/\/www.purejewels.com\/","name":"PureJewels \u0130ngiltere","description":"Sevgiyi Payla\u015f\u0131n","publisher":{"@id":"https:\/\/www.purejewels.com\/#organization"},"potentialAction":[{"@type":"SearchAction","target":{"@type":"EntryPoint","urlTemplate":"https:\/\/www.purejewels.com\/?s={search_term_string}"},"query-input":{"@type":"PropertyValueSpecification","valueRequired":true,"valueName":"search_term_string"}}],"inLanguage":"tr"},{"@type":"Organization","@id":"https:\/\/www.purejewels.com\/#organization","name":"PureJewels \u0130ngiltere","url":"https:\/\/www.purejewels.com\/","logo":{"@type":"ImageObject","inLanguage":"tr","@id":"https:\/\/www.purejewels.com\/#\/schema\/logo\/image\/","url":"https:\/\/static.purejewels.com\/wp-content\/uploads\/2020\/11\/Logo-PJ-New-1.png","contentUrl":"https:\/\/static.purejewels.com\/wp-content\/uploads\/2020\/11\/Logo-PJ-New-1.png","width":150,"height":80,"caption":"PureJewels UK"},"image":{"@id":"https:\/\/www.purejewels.com\/#\/schema\/logo\/image\/"}}]}},"_links":{"self":[{"href":"https:\/\/www.purejewels.com\/tr\/wp-json\/wp\/v2\/product\/310646","targetHints":{"allow":["GET"]}}],"collection":[{"href":"https:\/\/www.purejewels.com\/tr\/wp-json\/wp\/v2\/product"}],"about":[{"href":"https:\/\/www.purejewels.com\/tr\/wp-json\/wp\/v2\/types\/product"}],"replies":[{"embeddable":true,"href":"https:\/\/www.purejewels.com\/tr\/wp-json\/wp\/v2\/comments?post=310646"}],"version-history":[{"count":3,"href":"https:\/\/www.purejewels.com\/tr\/wp-json\/wp\/v2\/product\/310646\/revisions"}],"predecessor-version":[{"id":422814,"href":"https:\/\/www.purejewels.com\/tr\/wp-json\/wp\/v2\/product\/310646\/revisions\/422814"}],"wp:featuredmedia":[{"embeddable":true,"href":"https:\/\/www.purejewels.com\/tr\/wp-json\/wp\/v2\/media\/310744"}],"wp:attachment":[{"href":"https:\/\/www.purejewels.com\/tr\/wp-json\/wp\/v2\/media?parent=310646"}],"wp:term":[{"taxonomy":"product_brand","embeddable":true,"href":"https:\/\/www.purejewels.com\/tr\/wp-json\/wp\/v2\/product_brand?post=310646"},{"taxonomy":"product_cat","embeddable":true,"href":"https:\/\/www.purejewels.com\/tr\/wp-json\/wp\/v2\/product_cat?post=310646"},{"taxonomy":"product_tag","embeddable":true,"href":"https:\/\/www.purejewels.com\/tr\/wp-json\/wp\/v2\/product_tag?post=310646"}],"curies":[{"name":"wp","href":"https:\/\/api.w.org\/{rel}","templated":true}]}}