{"id":310709,"date":"2019-07-29T16:54:23","date_gmt":"2019-07-29T15:54:23","guid":{"rendered":"https:\/\/www.purejewels.com\/?post_type=product&#038;p=310709"},"modified":"2026-01-06T06:58:45","modified_gmt":"2026-01-06T06:58:45","slug":"asya-geli%cc%87n-kupesi%cc%87-i%cc%87ngi%cc%87ltere","status":"publish","type":"product","link":"https:\/\/www.purejewels.com\/tr\/product\/asian-bridal-earring-uk\/","title":{"rendered":"22 ayar filigran alt\u0131n Asya gelin damla k\u00fcpeler"},"content":{"rendered":"<p data-start=\"435\" data-end=\"734\"><strong data-start=\"435\" data-end=\"454\">Tasar\u0131m Konsepti<\/strong><br data-start=\"454\" data-end=\"457\" \/>G\u00fcney Asya gelin tak\u0131lar\u0131n\u0131n zamans\u0131z g\u00fczelli\u011fini onurland\u0131rmak i\u00e7in tasarlanan bu 22 ayar alt\u0131n damla k\u00fcpeler, k\u00fclt\u00fcr ve gelene\u011fi kutluyor. Tasar\u0131m, klasik tap\u0131nak sanat\u0131 ve Bab\u00fcr motiflerinden ilham al\u0131yor ve kraliyet zarafetini yans\u0131tan ayr\u0131nt\u0131l\u0131 desenlerle dikkat \u00e7ekiyor.<\/p>\n<p data-start=\"736\" data-end=\"1045\"><strong data-start=\"736\" data-end=\"754\">Zanaatkarl\u0131k<\/strong><br data-start=\"754\" data-end=\"757\" \/>Yetenekli zanaatkarlar taraf\u0131ndan titizlikle el i\u015f\u00e7ili\u011fi ile \u00fcretilen k\u00fcpeler, geleneksel kuyumculuk teknikleriyle elde edilebilen ince detaylar\u0131 vurgulayan zarif telkari i\u015f\u00e7ili\u011fine sahiptir. Her bir k\u0131vr\u0131m, e\u011fri ve kafes el ile \u015fekillendirilerek her bir \u00e7iftin benzersiz ve karakter dolu olmas\u0131n\u0131 sa\u011flar.<\/p>\n<p data-start=\"1047\" data-end=\"1406\"><strong data-start=\"1047\" data-end=\"1065\">Stil Fikirleri<\/strong><br data-start=\"1065\" data-end=\"1068\" \/>D\u00fc\u011f\u00fcnler, festivaller veya resmi etkinlikler i\u00e7in m\u00fckemmel olan bu \u00e7arp\u0131c\u0131 k\u00fcpeler, lehengalar, sariler veya anarkalilerle \u00e7ok g\u00fczel uyum sa\u011flar. S\u0131cak alt\u0131n tonlar\u0131 \u00e7o\u011fu cilt tonuna yak\u0131\u015f\u0131r ve etnik k\u0131yafetlere l\u00fcks bir g\u00f6r\u00fcn\u00fcm katar. Modern bir gelin g\u00f6r\u00fcn\u00fcm\u00fc i\u00e7in, k\u00fcpeleri \u00f6n plana \u00e7\u0131karmak i\u00e7in \u015f\u0131k bir topuz ve minimal boyun tak\u0131lar\u0131 ile kombinleyin.<\/p>","protected":false},"excerpt":{"rendered":"<p>Bu zarif 22 ayar alt\u0131n damla k\u00fcpeler, geleneksel Asya gelinlikleri i\u00e7in m\u00fckemmel olan karma\u015f\u0131k telkari i\u015f\u00e7ili\u011fini sergiliyor. Hafif ancak cesur olan bu k\u00fcpeler, her ayr\u0131nt\u0131s\u0131nda zarafet ve miras sunuyor.<\/p>\n<ul>\n<li>22 Ayar Alt\u0131n Filigran Asya Gelin K\u00fcpesi \u0130ngiltere<\/li>\n<li>\u0130nce el i\u015fi telkari i\u015finde<\/li>\n<li>A\u011f\u0131rl\u0131k: 12,7 g<\/li>\n<li>SKU. 30812<\/li>\n<li>T\u00fcm fiyatlara KDV dahildir<\/li>\n<li>T\u00fcm \u00fcr\u00fcnlerimiz London Assay Office taraf\u0131ndan damgalanm\u0131\u015ft\u0131r<\/li>\n<li>T\u00fcm Setler sunum kutusu ile birlikte gelir<\/li>\n<li>Teslimat Dahil<\/li>\n<li>Upton Park Ma\u011fazam\u0131zdaki t\u00fcm 22 ayar alt\u0131n Gelin koleksiyonunun canl\u0131 g\u00f6r\u00fcnt\u00fclerini g\u00f6rmek i\u00e7in bizimle sohbet edin.<\/li>\n<\/ul>","protected":false},"featured_media":310766,"comment_status":"closed","ping_status":"closed","template":"","meta":{"_eb_attr":"","_crsspst_to_jayantr4sg-hostcom":true},"product_brand":[],"product_cat":[236,1685,252,1574],"product_tag":[],"class_list":{"0":"post-310709","1":"product","2":"type-product","3":"status-publish","4":"has-post-thumbnail","6":"product_cat-collections","7":"product_cat-drop-earrings","8":"product_cat-jali-collections","9":"product_cat-womens-jewellery","11":"first","12":"outofstock","13":"taxable","14":"shipping-taxable","15":"product-type-simple","16":"add-to-wishlist-before_image"},"yoast_head":"<!-- This site is optimized with the Yoast SEO plugin v27.3 - https:\/\/yoast.com\/product\/yoast-seo-wordpress\/ -->\n<title>Handcrafted 22ct Gold Filigree Drop Earrings for Asian Brides<\/title>\n<meta name=\"description\" content=\"Discover handcrafted 22ct gold drop earrings with intricate filigree design, perfect for Asian bridal wear. A blend of heritage, elegance, and fine artistry.\" \/>\n<meta name=\"robots\" content=\"index, follow, max-snippet:-1, max-image-preview:large, max-video-preview:-1\" \/>\n<link rel=\"canonical\" href=\"https:\/\/www.purejewels.com\/tr\/urun\/asya-geli\u0307n-kupesi\u0307-i\u0307ngi\u0307ltere\/\" \/>\n<meta property=\"og:locale\" content=\"tr_TR\" \/>\n<meta property=\"og:type\" content=\"article\" \/>\n<meta property=\"og:title\" content=\"Handcrafted 22ct Gold Filigree Drop Earrings for Asian Brides\" \/>\n<meta property=\"og:description\" content=\"Discover handcrafted 22ct gold drop earrings with intricate filigree design, perfect for Asian bridal wear. A blend of heritage, elegance, and fine artistry.\" \/>\n<meta property=\"og:url\" content=\"https:\/\/www.purejewels.com\/tr\/urun\/asya-geli\u0307n-kupesi\u0307-i\u0307ngi\u0307ltere\/\" \/>\n<meta property=\"og:site_name\" content=\"PureJewels UK\" \/>\n<meta property=\"article:modified_time\" content=\"2026-01-06T06:58:45+00:00\" \/>\n<meta property=\"og:image\" content=\"https:\/\/static.purejewels.com\/wp-content\/uploads\/2019\/07\/30812.jpg\" \/>\n\t<meta property=\"og:image:width\" content=\"1000\" \/>\n\t<meta property=\"og:image:height\" content=\"1000\" \/>\n\t<meta property=\"og:image:type\" content=\"image\/jpeg\" \/>\n<meta name=\"twitter:card\" content=\"summary_large_image\" \/>\n<meta name=\"twitter:label1\" content=\"Tahmini okuma s\u00fcresi\" \/>\n\t<meta name=\"twitter:data1\" content=\"1 dakika\" \/>\n<script type=\"application\/ld+json\" class=\"yoast-schema-graph\">{\"@context\":\"https:\\\/\\\/schema.org\",\"@graph\":[{\"@type\":[\"WebPage\",\"ItemPage\"],\"@id\":\"https:\\\/\\\/www.purejewels.com\\\/product\\\/asian-bridal-earring-uk\\\/\",\"url\":\"https:\\\/\\\/www.purejewels.com\\\/product\\\/asian-bridal-earring-uk\\\/\",\"name\":\"Handcrafted 22ct Gold Filigree Drop Earrings for Asian Brides\",\"isPartOf\":{\"@id\":\"https:\\\/\\\/www.purejewels.com\\\/#website\"},\"primaryImageOfPage\":{\"@id\":\"https:\\\/\\\/www.purejewels.com\\\/product\\\/asian-bridal-earring-uk\\\/#primaryimage\"},\"image\":{\"@id\":\"https:\\\/\\\/www.purejewels.com\\\/product\\\/asian-bridal-earring-uk\\\/#primaryimage\"},\"thumbnailUrl\":\"https:\\\/\\\/static.purejewels.com\\\/wp-content\\\/uploads\\\/2019\\\/07\\\/30812.jpg\",\"datePublished\":\"2019-07-29T15:54:23+00:00\",\"dateModified\":\"2026-01-06T06:58:45+00:00\",\"description\":\"Discover handcrafted 22ct gold drop earrings with intricate filigree design, perfect for Asian bridal wear. A blend of heritage, elegance, and fine artistry.\",\"breadcrumb\":{\"@id\":\"https:\\\/\\\/www.purejewels.com\\\/product\\\/asian-bridal-earring-uk\\\/#breadcrumb\"},\"inLanguage\":\"tr\",\"potentialAction\":[{\"@type\":\"ReadAction\",\"target\":[\"https:\\\/\\\/www.purejewels.com\\\/product\\\/asian-bridal-earring-uk\\\/\"]}]},{\"@type\":\"ImageObject\",\"inLanguage\":\"tr\",\"@id\":\"https:\\\/\\\/www.purejewels.com\\\/product\\\/asian-bridal-earring-uk\\\/#primaryimage\",\"url\":\"https:\\\/\\\/static.purejewels.com\\\/wp-content\\\/uploads\\\/2019\\\/07\\\/30812.jpg\",\"contentUrl\":\"https:\\\/\\\/static.purejewels.com\\\/wp-content\\\/uploads\\\/2019\\\/07\\\/30812.jpg\",\"width\":1000,\"height\":1000,\"caption\":\"30812\"},{\"@type\":\"BreadcrumbList\",\"@id\":\"https:\\\/\\\/www.purejewels.com\\\/product\\\/asian-bridal-earring-uk\\\/#breadcrumb\",\"itemListElement\":[{\"@type\":\"ListItem\",\"position\":1,\"name\":\"Home\",\"item\":\"https:\\\/\\\/www.purejewels.com\\\/\"},{\"@type\":\"ListItem\",\"position\":2,\"name\":\"Shop\",\"item\":\"https:\\\/\\\/www.purejewels.com\\\/shop\\\/\"},{\"@type\":\"ListItem\",\"position\":3,\"name\":\"Asian Bridal Drop Earrings in 22ct Filigree Gold\"}]},{\"@type\":\"WebSite\",\"@id\":\"https:\\\/\\\/www.purejewels.com\\\/#website\",\"url\":\"https:\\\/\\\/www.purejewels.com\\\/\",\"name\":\"PureJewels UK\",\"description\":\"Share the Love\",\"publisher\":{\"@id\":\"https:\\\/\\\/www.purejewels.com\\\/#organization\"},\"potentialAction\":[{\"@type\":\"SearchAction\",\"target\":{\"@type\":\"EntryPoint\",\"urlTemplate\":\"https:\\\/\\\/www.purejewels.com\\\/?s={search_term_string}\"},\"query-input\":{\"@type\":\"PropertyValueSpecification\",\"valueRequired\":true,\"valueName\":\"search_term_string\"}}],\"inLanguage\":\"tr\"},{\"@type\":\"Organization\",\"@id\":\"https:\\\/\\\/www.purejewels.com\\\/#organization\",\"name\":\"PureJewels UK\",\"url\":\"https:\\\/\\\/www.purejewels.com\\\/\",\"logo\":{\"@type\":\"ImageObject\",\"inLanguage\":\"tr\",\"@id\":\"https:\\\/\\\/www.purejewels.com\\\/#\\\/schema\\\/logo\\\/image\\\/\",\"url\":\"https:\\\/\\\/static.purejewels.com\\\/wp-content\\\/uploads\\\/2020\\\/11\\\/Logo-PJ-New-1.png\",\"contentUrl\":\"https:\\\/\\\/static.purejewels.com\\\/wp-content\\\/uploads\\\/2020\\\/11\\\/Logo-PJ-New-1.png\",\"width\":150,\"height\":80,\"caption\":\"PureJewels UK\"},\"image\":{\"@id\":\"https:\\\/\\\/www.purejewels.com\\\/#\\\/schema\\\/logo\\\/image\\\/\"}}]}<\/script>\n<!-- \/ Yoast SEO plugin. -->","yoast_head_json":{"title":"Asyal\u0131 Gelinler i\u00e7in El Yap\u0131m\u0131 22 Ayar Alt\u0131n Filigran Damla K\u00fcpeler","description":"Asya gelinlikleri i\u00e7in m\u00fckemmel olan, karma\u015f\u0131k filigran tasar\u0131ml\u0131 el yap\u0131m\u0131 22 ayar alt\u0131n damla k\u00fcpeleri ke\u015ffedin. Miras, zarafet ve ince sanat\u0131n bir kar\u0131\u015f\u0131m\u0131.","robots":{"index":"index","follow":"follow","max-snippet":"max-snippet:-1","max-image-preview":"max-image-preview:large","max-video-preview":"max-video-preview:-1"},"canonical":"https:\/\/www.purejewels.com\/tr\/urun\/asya-geli\u0307n-kupesi\u0307-i\u0307ngi\u0307ltere\/","og_locale":"tr_TR","og_type":"article","og_title":"Handcrafted 22ct Gold Filigree Drop Earrings for Asian Brides","og_description":"Discover handcrafted 22ct gold drop earrings with intricate filigree design, perfect for Asian bridal wear. A blend of heritage, elegance, and fine artistry.","og_url":"https:\/\/www.purejewels.com\/tr\/urun\/asya-geli\u0307n-kupesi\u0307-i\u0307ngi\u0307ltere\/","og_site_name":"PureJewels UK","article_modified_time":"2026-01-06T06:58:45+00:00","og_image":[{"width":1000,"height":1000,"url":"https:\/\/static.purejewels.com\/wp-content\/uploads\/2019\/07\/30812.jpg","type":"image\/jpeg"}],"twitter_card":"summary_large_image","twitter_misc":{"Tahmini okuma s\u00fcresi":"1 dakika"},"schema":{"@context":"https:\/\/schema.org","@graph":[{"@type":["WebPage","ItemPage"],"@id":"https:\/\/www.purejewels.com\/product\/asian-bridal-earring-uk\/","url":"https:\/\/www.purejewels.com\/product\/asian-bridal-earring-uk\/","name":"Asyal\u0131 Gelinler i\u00e7in El Yap\u0131m\u0131 22 Ayar Alt\u0131n Filigran Damla K\u00fcpeler","isPartOf":{"@id":"https:\/\/www.purejewels.com\/#website"},"primaryImageOfPage":{"@id":"https:\/\/www.purejewels.com\/product\/asian-bridal-earring-uk\/#primaryimage"},"image":{"@id":"https:\/\/www.purejewels.com\/product\/asian-bridal-earring-uk\/#primaryimage"},"thumbnailUrl":"https:\/\/static.purejewels.com\/wp-content\/uploads\/2019\/07\/30812.jpg","datePublished":"2019-07-29T15:54:23+00:00","dateModified":"2026-01-06T06:58:45+00:00","description":"Asya gelinlikleri i\u00e7in m\u00fckemmel olan, karma\u015f\u0131k filigran tasar\u0131ml\u0131 el yap\u0131m\u0131 22 ayar alt\u0131n damla k\u00fcpeleri ke\u015ffedin. Miras, zarafet ve ince sanat\u0131n bir kar\u0131\u015f\u0131m\u0131.","breadcrumb":{"@id":"https:\/\/www.purejewels.com\/product\/asian-bridal-earring-uk\/#breadcrumb"},"inLanguage":"tr","potentialAction":[{"@type":"ReadAction","target":["https:\/\/www.purejewels.com\/product\/asian-bridal-earring-uk\/"]}]},{"@type":"ImageObject","inLanguage":"tr","@id":"https:\/\/www.purejewels.com\/product\/asian-bridal-earring-uk\/#primaryimage","url":"https:\/\/static.purejewels.com\/wp-content\/uploads\/2019\/07\/30812.jpg","contentUrl":"https:\/\/static.purejewels.com\/wp-content\/uploads\/2019\/07\/30812.jpg","width":1000,"height":1000,"caption":"30812"},{"@type":"BreadcrumbList","@id":"https:\/\/www.purejewels.com\/product\/asian-bridal-earring-uk\/#breadcrumb","itemListElement":[{"@type":"ListItem","position":1,"name":"Home","item":"https:\/\/www.purejewels.com\/"},{"@type":"ListItem","position":2,"name":"Shop","item":"https:\/\/www.purejewels.com\/shop\/"},{"@type":"ListItem","position":3,"name":"Asian Bridal Drop Earrings in 22ct Filigree Gold"}]},{"@type":"WebSite","@id":"https:\/\/www.purejewels.com\/#website","url":"https:\/\/www.purejewels.com\/","name":"PureJewels \u0130ngiltere","description":"Sevgiyi Payla\u015f\u0131n","publisher":{"@id":"https:\/\/www.purejewels.com\/#organization"},"potentialAction":[{"@type":"SearchAction","target":{"@type":"EntryPoint","urlTemplate":"https:\/\/www.purejewels.com\/?s={search_term_string}"},"query-input":{"@type":"PropertyValueSpecification","valueRequired":true,"valueName":"search_term_string"}}],"inLanguage":"tr"},{"@type":"Organization","@id":"https:\/\/www.purejewels.com\/#organization","name":"PureJewels \u0130ngiltere","url":"https:\/\/www.purejewels.com\/","logo":{"@type":"ImageObject","inLanguage":"tr","@id":"https:\/\/www.purejewels.com\/#\/schema\/logo\/image\/","url":"https:\/\/static.purejewels.com\/wp-content\/uploads\/2020\/11\/Logo-PJ-New-1.png","contentUrl":"https:\/\/static.purejewels.com\/wp-content\/uploads\/2020\/11\/Logo-PJ-New-1.png","width":150,"height":80,"caption":"PureJewels UK"},"image":{"@id":"https:\/\/www.purejewels.com\/#\/schema\/logo\/image\/"}}]}},"_links":{"self":[{"href":"https:\/\/www.purejewels.com\/tr\/wp-json\/wp\/v2\/product\/310709","targetHints":{"allow":["GET"]}}],"collection":[{"href":"https:\/\/www.purejewels.com\/tr\/wp-json\/wp\/v2\/product"}],"about":[{"href":"https:\/\/www.purejewels.com\/tr\/wp-json\/wp\/v2\/types\/product"}],"replies":[{"embeddable":true,"href":"https:\/\/www.purejewels.com\/tr\/wp-json\/wp\/v2\/comments?post=310709"}],"version-history":[{"count":3,"href":"https:\/\/www.purejewels.com\/tr\/wp-json\/wp\/v2\/product\/310709\/revisions"}],"predecessor-version":[{"id":423407,"href":"https:\/\/www.purejewels.com\/tr\/wp-json\/wp\/v2\/product\/310709\/revisions\/423407"}],"wp:featuredmedia":[{"embeddable":true,"href":"https:\/\/www.purejewels.com\/tr\/wp-json\/wp\/v2\/media\/310766"}],"wp:attachment":[{"href":"https:\/\/www.purejewels.com\/tr\/wp-json\/wp\/v2\/media?parent=310709"}],"wp:term":[{"taxonomy":"product_brand","embeddable":true,"href":"https:\/\/www.purejewels.com\/tr\/wp-json\/wp\/v2\/product_brand?post=310709"},{"taxonomy":"product_cat","embeddable":true,"href":"https:\/\/www.purejewels.com\/tr\/wp-json\/wp\/v2\/product_cat?post=310709"},{"taxonomy":"product_tag","embeddable":true,"href":"https:\/\/www.purejewels.com\/tr\/wp-json\/wp\/v2\/product_tag?post=310709"}],"curies":[{"name":"wp","href":"https:\/\/api.w.org\/{rel}","templated":true}]}}