{"id":310771,"date":"2019-07-30T08:06:37","date_gmt":"2019-07-30T07:06:37","guid":{"rendered":"https:\/\/www.purejewels.com\/?post_type=product&#038;p=310771"},"modified":"2026-01-07T05:20:50","modified_gmt":"2026-01-07T05:20:50","slug":"22-ayar-altin-anusha-yuzuk","status":"publish","type":"product","link":"https:\/\/www.purejewels.com\/tr\/product\/22ct-gold-anusha-ring\/","title":{"rendered":"22 Ayar Alt\u0131n Anusha Y\u00fcz\u00fck"},"content":{"rendered":"<p>&nbsp;<\/p>\n<ul>\n<li>G\u00fcl Alt\u0131n Kaplama<\/li>\n<li>A\u011f\u0131rl\u0131k 10.7 g<\/li>\n<li>Sku 28843<\/li>\n<\/ul>","protected":false},"excerpt":{"rendered":"<ul>\n<li>22 Ayar Alt\u0131n Anusha Y\u00fcz\u00fck<\/li>\n<li>Polki ta\u015flarla i\u015flenmi\u015ftir<\/li>\n<li>G\u00fcl Alt\u0131n Kaplama<\/li>\n<li>A\u011f\u0131rl\u0131k 10.7 g<\/li>\n<li>Sku 28843<\/li>\n<li>London Assay Office taraf\u0131ndan damgalanm\u0131\u015ft\u0131r<\/li>\n<li>Sunum Kutusu ile Birlikte Gelir<\/li>\n<li>Teslimat Dahil<\/li>\n<li>T\u00fcm fiyatlara KDV dahildir<\/li>\n<li>Stok durumu ve stokta bulunan benzer tasar\u0131mlar\u0131n daha fazla g\u00f6r\u00fcnt\u00fcs\u00fc i\u00e7in bizimle canl\u0131 sohbet edin<\/li>\n<\/ul>","protected":false},"featured_media":314351,"comment_status":"open","ping_status":"closed","template":"","meta":{"_eb_attr":"","_crsspst_to_jayantr4sg-hostcom":false},"product_brand":[],"product_cat":[256,1235,1783,1786,1573,1574],"product_tag":[],"class_list":{"0":"post-310771","1":"product","2":"type-product","3":"status-publish","4":"has-post-thumbnail","6":"product_cat-anusha-collections","7":"product_cat-gold-rings","8":"product_cat-ladies-rings","9":"product_cat-occasional-wear-rings","10":"product_cat-wedding-gifts","11":"product_cat-womens-jewellery","13":"first","14":"outofstock","15":"sale","16":"taxable","17":"shipping-taxable","18":"product-type-simple","19":"add-to-wishlist-before_image"},"yoast_head":"<!-- This site is optimized with the Yoast SEO plugin v27.3 - https:\/\/yoast.com\/product\/yoast-seo-wordpress\/ -->\n<title>22ct\u00a0Gold Anusha Ring - PureJewels UK<\/title>\n<meta name=\"robots\" content=\"index, follow, max-snippet:-1, max-image-preview:large, max-video-preview:-1\" \/>\n<link rel=\"canonical\" href=\"https:\/\/www.purejewels.com\/tr\/urun\/22-ayar-altin-anusha-yuzuk\/\" \/>\n<meta property=\"og:locale\" content=\"tr_TR\" \/>\n<meta property=\"og:type\" content=\"article\" \/>\n<meta property=\"og:title\" content=\"22ct\u00a0Gold Anusha Ring - PureJewels UK\" \/>\n<meta property=\"og:description\" content=\"22ct Gold Anusha RingStudded with polki stonesRose Gold FinishWt. 10.7 gSku 28843Hallmarked by London Assay OfficeComes With Presentation BoxDelivery IncludedAll prices include VATLive chat with us for availability and more images of similar designs currently in stock\" \/>\n<meta property=\"og:url\" content=\"https:\/\/www.purejewels.com\/tr\/urun\/22-ayar-altin-anusha-yuzuk\/\" \/>\n<meta property=\"og:site_name\" content=\"PureJewels UK\" \/>\n<meta property=\"article:modified_time\" content=\"2026-01-07T05:20:50+00:00\" \/>\n<meta property=\"og:image\" content=\"https:\/\/www.purejewels.com\/wp-content\/uploads\/2020\/05\/135706830.jpg\" \/>\n\t<meta property=\"og:image:width\" content=\"960\" \/>\n\t<meta property=\"og:image:height\" content=\"960\" \/>\n\t<meta property=\"og:image:type\" content=\"image\/jpeg\" \/>\n<meta name=\"twitter:card\" content=\"summary_large_image\" \/>\n<script type=\"application\/ld+json\" class=\"yoast-schema-graph\">{\"@context\":\"https:\\\/\\\/schema.org\",\"@graph\":[{\"@type\":[\"WebPage\",\"ItemPage\"],\"@id\":\"https:\\\/\\\/www.purejewels.com\\\/product\\\/22ct-gold-anusha-ring\\\/\",\"url\":\"https:\\\/\\\/www.purejewels.com\\\/product\\\/22ct-gold-anusha-ring\\\/\",\"name\":\"22ct\u00a0Gold Anusha Ring - PureJewels UK\",\"isPartOf\":{\"@id\":\"https:\\\/\\\/www.purejewels.com\\\/#website\"},\"primaryImageOfPage\":{\"@id\":\"https:\\\/\\\/www.purejewels.com\\\/product\\\/22ct-gold-anusha-ring\\\/#primaryimage\"},\"image\":{\"@id\":\"https:\\\/\\\/www.purejewels.com\\\/product\\\/22ct-gold-anusha-ring\\\/#primaryimage\"},\"thumbnailUrl\":\"https:\\\/\\\/static.purejewels.com\\\/wp-content\\\/uploads\\\/2020\\\/05\\\/135706830.jpg\",\"datePublished\":\"2019-07-30T07:06:37+00:00\",\"dateModified\":\"2026-01-07T05:20:50+00:00\",\"breadcrumb\":{\"@id\":\"https:\\\/\\\/www.purejewels.com\\\/product\\\/22ct-gold-anusha-ring\\\/#breadcrumb\"},\"inLanguage\":\"tr\",\"potentialAction\":[{\"@type\":\"ReadAction\",\"target\":[\"https:\\\/\\\/www.purejewels.com\\\/product\\\/22ct-gold-anusha-ring\\\/\"]}]},{\"@type\":\"ImageObject\",\"inLanguage\":\"tr\",\"@id\":\"https:\\\/\\\/www.purejewels.com\\\/product\\\/22ct-gold-anusha-ring\\\/#primaryimage\",\"url\":\"https:\\\/\\\/static.purejewels.com\\\/wp-content\\\/uploads\\\/2020\\\/05\\\/135706830.jpg\",\"contentUrl\":\"https:\\\/\\\/static.purejewels.com\\\/wp-content\\\/uploads\\\/2020\\\/05\\\/135706830.jpg\",\"width\":960,\"height\":960,\"caption\":\"22ct Gold Anusha RingStudded with polki stonesRose Gold FinishWt. 10.7 gSku 28843Hallmarked by London Assay OfficeComes With Presentation BoxDelivery IncludedAll prices include VATLive chat with us for availability and more images of similar designs currently in stock\"},{\"@type\":\"BreadcrumbList\",\"@id\":\"https:\\\/\\\/www.purejewels.com\\\/product\\\/22ct-gold-anusha-ring\\\/#breadcrumb\",\"itemListElement\":[{\"@type\":\"ListItem\",\"position\":1,\"name\":\"Home\",\"item\":\"https:\\\/\\\/www.purejewels.com\\\/\"},{\"@type\":\"ListItem\",\"position\":2,\"name\":\"Shop\",\"item\":\"https:\\\/\\\/www.purejewels.com\\\/shop\\\/\"},{\"@type\":\"ListItem\",\"position\":3,\"name\":\"22ct\u00a0Gold Anusha Ring\"}]},{\"@type\":\"WebSite\",\"@id\":\"https:\\\/\\\/www.purejewels.com\\\/#website\",\"url\":\"https:\\\/\\\/www.purejewels.com\\\/\",\"name\":\"PureJewels UK\",\"description\":\"Share the Love\",\"publisher\":{\"@id\":\"https:\\\/\\\/www.purejewels.com\\\/#organization\"},\"potentialAction\":[{\"@type\":\"SearchAction\",\"target\":{\"@type\":\"EntryPoint\",\"urlTemplate\":\"https:\\\/\\\/www.purejewels.com\\\/?s={search_term_string}\"},\"query-input\":{\"@type\":\"PropertyValueSpecification\",\"valueRequired\":true,\"valueName\":\"search_term_string\"}}],\"inLanguage\":\"tr\"},{\"@type\":\"Organization\",\"@id\":\"https:\\\/\\\/www.purejewels.com\\\/#organization\",\"name\":\"PureJewels UK\",\"url\":\"https:\\\/\\\/www.purejewels.com\\\/\",\"logo\":{\"@type\":\"ImageObject\",\"inLanguage\":\"tr\",\"@id\":\"https:\\\/\\\/www.purejewels.com\\\/#\\\/schema\\\/logo\\\/image\\\/\",\"url\":\"https:\\\/\\\/static.purejewels.com\\\/wp-content\\\/uploads\\\/2020\\\/11\\\/Logo-PJ-New-1.png\",\"contentUrl\":\"https:\\\/\\\/static.purejewels.com\\\/wp-content\\\/uploads\\\/2020\\\/11\\\/Logo-PJ-New-1.png\",\"width\":150,\"height\":80,\"caption\":\"PureJewels UK\"},\"image\":{\"@id\":\"https:\\\/\\\/www.purejewels.com\\\/#\\\/schema\\\/logo\\\/image\\\/\"}}]}<\/script>\n<!-- \/ Yoast SEO plugin. -->","yoast_head_json":{"title":"22 Ayar Alt\u0131n Anusha Y\u00fcz\u00fck - PureJewels UK","robots":{"index":"index","follow":"follow","max-snippet":"max-snippet:-1","max-image-preview":"max-image-preview:large","max-video-preview":"max-video-preview:-1"},"canonical":"https:\/\/www.purejewels.com\/tr\/urun\/22-ayar-altin-anusha-yuzuk\/","og_locale":"tr_TR","og_type":"article","og_title":"22ct\u00a0Gold Anusha Ring - PureJewels UK","og_description":"22ct Gold Anusha RingStudded with polki stonesRose Gold FinishWt. 10.7 gSku 28843Hallmarked by London Assay OfficeComes With Presentation BoxDelivery IncludedAll prices include VATLive chat with us for availability and more images of similar designs currently in stock","og_url":"https:\/\/www.purejewels.com\/tr\/urun\/22-ayar-altin-anusha-yuzuk\/","og_site_name":"PureJewels UK","article_modified_time":"2026-01-07T05:20:50+00:00","og_image":[{"width":960,"height":960,"url":"https:\/\/www.purejewels.com\/wp-content\/uploads\/2020\/05\/135706830.jpg","type":"image\/jpeg"}],"twitter_card":"summary_large_image","schema":{"@context":"https:\/\/schema.org","@graph":[{"@type":["WebPage","ItemPage"],"@id":"https:\/\/www.purejewels.com\/product\/22ct-gold-anusha-ring\/","url":"https:\/\/www.purejewels.com\/product\/22ct-gold-anusha-ring\/","name":"22 Ayar Alt\u0131n Anusha Y\u00fcz\u00fck - PureJewels UK","isPartOf":{"@id":"https:\/\/www.purejewels.com\/#website"},"primaryImageOfPage":{"@id":"https:\/\/www.purejewels.com\/product\/22ct-gold-anusha-ring\/#primaryimage"},"image":{"@id":"https:\/\/www.purejewels.com\/product\/22ct-gold-anusha-ring\/#primaryimage"},"thumbnailUrl":"https:\/\/static.purejewels.com\/wp-content\/uploads\/2020\/05\/135706830.jpg","datePublished":"2019-07-30T07:06:37+00:00","dateModified":"2026-01-07T05:20:50+00:00","breadcrumb":{"@id":"https:\/\/www.purejewels.com\/product\/22ct-gold-anusha-ring\/#breadcrumb"},"inLanguage":"tr","potentialAction":[{"@type":"ReadAction","target":["https:\/\/www.purejewels.com\/product\/22ct-gold-anusha-ring\/"]}]},{"@type":"ImageObject","inLanguage":"tr","@id":"https:\/\/www.purejewels.com\/product\/22ct-gold-anusha-ring\/#primaryimage","url":"https:\/\/static.purejewels.com\/wp-content\/uploads\/2020\/05\/135706830.jpg","contentUrl":"https:\/\/static.purejewels.com\/wp-content\/uploads\/2020\/05\/135706830.jpg","width":960,"height":960,"caption":"22ct Gold Anusha RingStudded with polki stonesRose Gold FinishWt. 10.7 gSku 28843Hallmarked by London Assay OfficeComes With Presentation BoxDelivery IncludedAll prices include VATLive chat with us for availability and more images of similar designs currently in stock"},{"@type":"BreadcrumbList","@id":"https:\/\/www.purejewels.com\/product\/22ct-gold-anusha-ring\/#breadcrumb","itemListElement":[{"@type":"ListItem","position":1,"name":"Home","item":"https:\/\/www.purejewels.com\/"},{"@type":"ListItem","position":2,"name":"Shop","item":"https:\/\/www.purejewels.com\/shop\/"},{"@type":"ListItem","position":3,"name":"22ct\u00a0Gold Anusha Ring"}]},{"@type":"WebSite","@id":"https:\/\/www.purejewels.com\/#website","url":"https:\/\/www.purejewels.com\/","name":"PureJewels \u0130ngiltere","description":"Sevgiyi Payla\u015f\u0131n","publisher":{"@id":"https:\/\/www.purejewels.com\/#organization"},"potentialAction":[{"@type":"SearchAction","target":{"@type":"EntryPoint","urlTemplate":"https:\/\/www.purejewels.com\/?s={search_term_string}"},"query-input":{"@type":"PropertyValueSpecification","valueRequired":true,"valueName":"search_term_string"}}],"inLanguage":"tr"},{"@type":"Organization","@id":"https:\/\/www.purejewels.com\/#organization","name":"PureJewels \u0130ngiltere","url":"https:\/\/www.purejewels.com\/","logo":{"@type":"ImageObject","inLanguage":"tr","@id":"https:\/\/www.purejewels.com\/#\/schema\/logo\/image\/","url":"https:\/\/static.purejewels.com\/wp-content\/uploads\/2020\/11\/Logo-PJ-New-1.png","contentUrl":"https:\/\/static.purejewels.com\/wp-content\/uploads\/2020\/11\/Logo-PJ-New-1.png","width":150,"height":80,"caption":"PureJewels UK"},"image":{"@id":"https:\/\/www.purejewels.com\/#\/schema\/logo\/image\/"}}]}},"_links":{"self":[{"href":"https:\/\/www.purejewels.com\/tr\/wp-json\/wp\/v2\/product\/310771","targetHints":{"allow":["GET"]}}],"collection":[{"href":"https:\/\/www.purejewels.com\/tr\/wp-json\/wp\/v2\/product"}],"about":[{"href":"https:\/\/www.purejewels.com\/tr\/wp-json\/wp\/v2\/types\/product"}],"replies":[{"embeddable":true,"href":"https:\/\/www.purejewels.com\/tr\/wp-json\/wp\/v2\/comments?post=310771"}],"version-history":[{"count":0,"href":"https:\/\/www.purejewels.com\/tr\/wp-json\/wp\/v2\/product\/310771\/revisions"}],"wp:featuredmedia":[{"embeddable":true,"href":"https:\/\/www.purejewels.com\/tr\/wp-json\/wp\/v2\/media\/314351"}],"wp:attachment":[{"href":"https:\/\/www.purejewels.com\/tr\/wp-json\/wp\/v2\/media?parent=310771"}],"wp:term":[{"taxonomy":"product_brand","embeddable":true,"href":"https:\/\/www.purejewels.com\/tr\/wp-json\/wp\/v2\/product_brand?post=310771"},{"taxonomy":"product_cat","embeddable":true,"href":"https:\/\/www.purejewels.com\/tr\/wp-json\/wp\/v2\/product_cat?post=310771"},{"taxonomy":"product_tag","embeddable":true,"href":"https:\/\/www.purejewels.com\/tr\/wp-json\/wp\/v2\/product_tag?post=310771"}],"curies":[{"name":"wp","href":"https:\/\/api.w.org\/{rel}","templated":true}]}}