{"id":310820,"date":"2019-08-09T08:57:17","date_gmt":"2019-08-09T07:57:17","guid":{"rendered":"https:\/\/www.purejewels.com\/?post_type=product&#038;p=310820"},"modified":"2026-01-10T16:15:33","modified_gmt":"2026-01-10T16:15:33","slug":"22-ayar-altin-isiltili-modern-bileklik-2","status":"publish","type":"product","link":"https:\/\/www.purejewels.com\/tr\/product\/22ct-gold-sparkle-modern-bangle\/","title":{"rendered":"22 ayar alt\u0131n \u00e7ift \u0131\u015f\u0131lt\u0131l\u0131 top bilezik"},"content":{"rendered":"<p>Bu 22 ayar alt\u0131n \u00e7ift \u0131\u015f\u0131lt\u0131l\u0131 top bileklik, hareketle g\u00fczelce par\u0131ldayan d\u00f6rt elmas kesim k\u00fcreye sahip \u015f\u0131k \u00e7ift bantl\u0131 bir siluete sahiptir. A\u00e7\u0131k \u00f6n tasar\u0131m, dengeli ve modern bir estetik yarat\u0131rken, bilekli\u011fi her g\u00fcn kolayca tak\u0131labilir hale getirir. Her bir oyma k\u00fcre, her a\u00e7\u0131dan \u0131\u015f\u0131\u011f\u0131 yans\u0131tacak \u015fekilde karma\u015f\u0131k bir dokuya sahiptir ve bile\u011fe zahmetsiz bir \u0131\u015f\u0131lt\u0131 katar. Zengin 22 ayar alt\u0131ndan \u00fcretilen p\u00fcr\u00fczs\u00fcz bantlar, cilal\u0131 l\u00fcks bir hisle rahat bir kullan\u0131m sa\u011flar. G\u00fcvenli toka, g\u00fcn boyu g\u00fcvenli bir oturu\u015f sa\u011flar. Alt\u0131n\u0131n safl\u0131\u011f\u0131n\u0131 ve g\u00fcvenilir i\u015f\u00e7ili\u011fi garanti eden \u0130ngiltere damgas\u0131 bulunan bu par\u00e7a, \u00e7a\u011fda\u015f stili zamans\u0131z zarafetle harmanlamaktad\u0131r. Hem g\u00fcndelik g\u00f6r\u00fcn\u00fcmleri hem de \u00f6zel g\u00fcnleri g\u00fczelle\u015ftirmek i\u00e7in tasarlanm\u0131\u015f \u00e7ok y\u00f6nl\u00fc bir aksesuard\u0131r.<\/p>","protected":false},"excerpt":{"rendered":"<ul>\n<li>22 Ayar Alt\u0131n I\u015f\u0131lt\u0131l\u0131 Modern Bileklik<\/li>\n<li>Modern-G\u00fcnl\u00fck-Ofis giyimi i\u00e7in uygundur<\/li>\n<li>Rodyum kaplama ile<\/li>\n<li>A\u011f\u0131rl\u0131k. 25.1 g<\/li>\n<li>SKU. 30840<\/li>\n<li>T\u00fcm \u00fcr\u00fcnlerimiz London Assay Office taraf\u0131ndan damgalanm\u0131\u015ft\u0131r<\/li>\n<li>T\u00fcm Bilezikler Sunum Kutusuyla Birlikte Gelir<\/li>\n<li>Teslimat Dahil<\/li>\n<li>T\u00fcm fiyatlara KDV dahildir<\/li>\n<li>\u00dcr\u00fcn\u00fcn canl\u0131 videosu i\u00e7in bize ula\u015f\u0131n \/ bizimle sohbet edin<\/li>\n<\/ul>","protected":false},"featured_media":310973,"comment_status":"closed","ping_status":"closed","template":"","meta":{"_eb_attr":"","_crsspst_to_jayantr4sg-hostcom":false},"product_brand":[],"product_cat":[1659,1627,1657,248,1574],"product_tag":[],"class_list":{"0":"post-310820","1":"product","2":"type-product","3":"status-publish","4":"has-post-thumbnail","6":"product_cat-bridal-and-party-wear-gold-kada-bangle","7":"product_cat-ladies-bracelet","8":"product_cat-single-bangle","9":"product_cat-sparkle-collections","10":"product_cat-womens-jewellery","12":"first","13":"outofstock","14":"taxable","15":"shipping-taxable","16":"product-type-simple","17":"add-to-wishlist-before_image"},"yoast_head":"<!-- This site is optimized with the Yoast SEO plugin v27.3 - https:\/\/yoast.com\/product\/yoast-seo-wordpress\/ -->\n<title>Modern Double Band 22ct Gold Sparkle Bangle | PureJewels<\/title>\n<meta name=\"description\" content=\"Explore our modern double-band 22ct Gold sparkle bangle with diamond-cut detailing. UK hallmarked for purity and crafted for everyday luxury and gifting.\" \/>\n<meta name=\"robots\" content=\"index, follow, max-snippet:-1, max-image-preview:large, max-video-preview:-1\" \/>\n<link rel=\"canonical\" href=\"https:\/\/www.purejewels.com\/tr\/urun\/22-ayar-altin-isiltili-modern-bileklik-2\/\" \/>\n<meta property=\"og:locale\" content=\"tr_TR\" \/>\n<meta property=\"og:type\" content=\"article\" \/>\n<meta property=\"og:title\" content=\"Modern Double Band 22ct Gold Sparkle Bangle | PureJewels\" \/>\n<meta property=\"og:description\" content=\"Explore our modern double-band 22ct Gold sparkle bangle with diamond-cut detailing. UK hallmarked for purity and crafted for everyday luxury and gifting.\" \/>\n<meta property=\"og:url\" content=\"https:\/\/www.purejewels.com\/tr\/urun\/22-ayar-altin-isiltili-modern-bileklik-2\/\" \/>\n<meta property=\"og:site_name\" content=\"PureJewels UK\" \/>\n<meta property=\"article:modified_time\" content=\"2026-01-10T16:15:33+00:00\" \/>\n<meta property=\"og:image\" content=\"https:\/\/www.purejewels.com\/wp-content\/uploads\/2019\/08\/30840_001-1.jpg\" \/>\n\t<meta property=\"og:image:width\" content=\"1000\" \/>\n\t<meta property=\"og:image:height\" content=\"1000\" \/>\n\t<meta property=\"og:image:type\" content=\"image\/jpeg\" \/>\n<meta name=\"twitter:card\" content=\"summary_large_image\" \/>\n<meta name=\"twitter:label1\" content=\"Tahmini okuma s\u00fcresi\" \/>\n\t<meta name=\"twitter:data1\" content=\"1 dakika\" \/>\n<script type=\"application\/ld+json\" class=\"yoast-schema-graph\">{\"@context\":\"https:\\\/\\\/schema.org\",\"@graph\":[{\"@type\":[\"WebPage\",\"ItemPage\"],\"@id\":\"https:\\\/\\\/www.purejewels.com\\\/product\\\/22ct-gold-sparkle-modern-bangle\\\/\",\"url\":\"https:\\\/\\\/www.purejewels.com\\\/product\\\/22ct-gold-sparkle-modern-bangle\\\/\",\"name\":\"Modern Double Band 22ct Gold Sparkle Bangle | PureJewels\",\"isPartOf\":{\"@id\":\"https:\\\/\\\/www.purejewels.com\\\/#website\"},\"primaryImageOfPage\":{\"@id\":\"https:\\\/\\\/www.purejewels.com\\\/product\\\/22ct-gold-sparkle-modern-bangle\\\/#primaryimage\"},\"image\":{\"@id\":\"https:\\\/\\\/www.purejewels.com\\\/product\\\/22ct-gold-sparkle-modern-bangle\\\/#primaryimage\"},\"thumbnailUrl\":\"https:\\\/\\\/static.purejewels.com\\\/wp-content\\\/uploads\\\/2019\\\/08\\\/30840_001-1.jpg\",\"datePublished\":\"2019-08-09T07:57:17+00:00\",\"dateModified\":\"2026-01-10T16:15:33+00:00\",\"description\":\"Explore our modern double-band 22ct Gold sparkle bangle with diamond-cut detailing. UK hallmarked for purity and crafted for everyday luxury and gifting.\",\"breadcrumb\":{\"@id\":\"https:\\\/\\\/www.purejewels.com\\\/product\\\/22ct-gold-sparkle-modern-bangle\\\/#breadcrumb\"},\"inLanguage\":\"tr\",\"potentialAction\":[{\"@type\":\"ReadAction\",\"target\":[\"https:\\\/\\\/www.purejewels.com\\\/product\\\/22ct-gold-sparkle-modern-bangle\\\/\"]}]},{\"@type\":\"ImageObject\",\"inLanguage\":\"tr\",\"@id\":\"https:\\\/\\\/www.purejewels.com\\\/product\\\/22ct-gold-sparkle-modern-bangle\\\/#primaryimage\",\"url\":\"https:\\\/\\\/static.purejewels.com\\\/wp-content\\\/uploads\\\/2019\\\/08\\\/30840_001-1.jpg\",\"contentUrl\":\"https:\\\/\\\/static.purejewels.com\\\/wp-content\\\/uploads\\\/2019\\\/08\\\/30840_001-1.jpg\",\"width\":1000,\"height\":1000,\"caption\":\"30840_001-1\"},{\"@type\":\"BreadcrumbList\",\"@id\":\"https:\\\/\\\/www.purejewels.com\\\/product\\\/22ct-gold-sparkle-modern-bangle\\\/#breadcrumb\",\"itemListElement\":[{\"@type\":\"ListItem\",\"position\":1,\"name\":\"Home\",\"item\":\"https:\\\/\\\/www.purejewels.com\\\/\"},{\"@type\":\"ListItem\",\"position\":2,\"name\":\"Shop\",\"item\":\"https:\\\/\\\/www.purejewels.com\\\/shop\\\/\"},{\"@type\":\"ListItem\",\"position\":3,\"name\":\"22ct Gold Double Sparkle Ball Bangle\"}]},{\"@type\":\"WebSite\",\"@id\":\"https:\\\/\\\/www.purejewels.com\\\/#website\",\"url\":\"https:\\\/\\\/www.purejewels.com\\\/\",\"name\":\"PureJewels UK\",\"description\":\"Share the Love\",\"publisher\":{\"@id\":\"https:\\\/\\\/www.purejewels.com\\\/#organization\"},\"potentialAction\":[{\"@type\":\"SearchAction\",\"target\":{\"@type\":\"EntryPoint\",\"urlTemplate\":\"https:\\\/\\\/www.purejewels.com\\\/?s={search_term_string}\"},\"query-input\":{\"@type\":\"PropertyValueSpecification\",\"valueRequired\":true,\"valueName\":\"search_term_string\"}}],\"inLanguage\":\"tr\"},{\"@type\":\"Organization\",\"@id\":\"https:\\\/\\\/www.purejewels.com\\\/#organization\",\"name\":\"PureJewels UK\",\"url\":\"https:\\\/\\\/www.purejewels.com\\\/\",\"logo\":{\"@type\":\"ImageObject\",\"inLanguage\":\"tr\",\"@id\":\"https:\\\/\\\/www.purejewels.com\\\/#\\\/schema\\\/logo\\\/image\\\/\",\"url\":\"https:\\\/\\\/static.purejewels.com\\\/wp-content\\\/uploads\\\/2020\\\/11\\\/Logo-PJ-New-1.png\",\"contentUrl\":\"https:\\\/\\\/static.purejewels.com\\\/wp-content\\\/uploads\\\/2020\\\/11\\\/Logo-PJ-New-1.png\",\"width\":150,\"height\":80,\"caption\":\"PureJewels UK\"},\"image\":{\"@id\":\"https:\\\/\\\/www.purejewels.com\\\/#\\\/schema\\\/logo\\\/image\\\/\"}}]}<\/script>\n<!-- \/ Yoast SEO plugin. -->","yoast_head_json":{"title":"Modern \u00c7ift Bantl\u0131 22 Ayar Alt\u0131n I\u015f\u0131lt\u0131l\u0131 Bileklik | PureJewels","description":"Elmas kesim detaylara sahip modern \u00e7ift bantl\u0131 22 ayar alt\u0131n \u0131\u015f\u0131lt\u0131l\u0131 bilezi\u011fimizi ke\u015ffedin. Safl\u0131k i\u00e7in \u0130ngiltere damgal\u0131 ve g\u00fcnl\u00fck l\u00fcks ve hediye i\u00e7in tasarlanm\u0131\u015ft\u0131r.","robots":{"index":"index","follow":"follow","max-snippet":"max-snippet:-1","max-image-preview":"max-image-preview:large","max-video-preview":"max-video-preview:-1"},"canonical":"https:\/\/www.purejewels.com\/tr\/urun\/22-ayar-altin-isiltili-modern-bileklik-2\/","og_locale":"tr_TR","og_type":"article","og_title":"Modern Double Band 22ct Gold Sparkle Bangle | PureJewels","og_description":"Explore our modern double-band 22ct Gold sparkle bangle with diamond-cut detailing. UK hallmarked for purity and crafted for everyday luxury and gifting.","og_url":"https:\/\/www.purejewels.com\/tr\/urun\/22-ayar-altin-isiltili-modern-bileklik-2\/","og_site_name":"PureJewels UK","article_modified_time":"2026-01-10T16:15:33+00:00","og_image":[{"width":1000,"height":1000,"url":"https:\/\/www.purejewels.com\/wp-content\/uploads\/2019\/08\/30840_001-1.jpg","type":"image\/jpeg"}],"twitter_card":"summary_large_image","twitter_misc":{"Tahmini okuma s\u00fcresi":"1 dakika"},"schema":{"@context":"https:\/\/schema.org","@graph":[{"@type":["WebPage","ItemPage"],"@id":"https:\/\/www.purejewels.com\/product\/22ct-gold-sparkle-modern-bangle\/","url":"https:\/\/www.purejewels.com\/product\/22ct-gold-sparkle-modern-bangle\/","name":"Modern \u00c7ift Bantl\u0131 22 Ayar Alt\u0131n I\u015f\u0131lt\u0131l\u0131 Bileklik | PureJewels","isPartOf":{"@id":"https:\/\/www.purejewels.com\/#website"},"primaryImageOfPage":{"@id":"https:\/\/www.purejewels.com\/product\/22ct-gold-sparkle-modern-bangle\/#primaryimage"},"image":{"@id":"https:\/\/www.purejewels.com\/product\/22ct-gold-sparkle-modern-bangle\/#primaryimage"},"thumbnailUrl":"https:\/\/static.purejewels.com\/wp-content\/uploads\/2019\/08\/30840_001-1.jpg","datePublished":"2019-08-09T07:57:17+00:00","dateModified":"2026-01-10T16:15:33+00:00","description":"Elmas kesim detaylara sahip modern \u00e7ift bantl\u0131 22 ayar alt\u0131n \u0131\u015f\u0131lt\u0131l\u0131 bilezi\u011fimizi ke\u015ffedin. Safl\u0131k i\u00e7in \u0130ngiltere damgal\u0131 ve g\u00fcnl\u00fck l\u00fcks ve hediye i\u00e7in tasarlanm\u0131\u015ft\u0131r.","breadcrumb":{"@id":"https:\/\/www.purejewels.com\/product\/22ct-gold-sparkle-modern-bangle\/#breadcrumb"},"inLanguage":"tr","potentialAction":[{"@type":"ReadAction","target":["https:\/\/www.purejewels.com\/product\/22ct-gold-sparkle-modern-bangle\/"]}]},{"@type":"ImageObject","inLanguage":"tr","@id":"https:\/\/www.purejewels.com\/product\/22ct-gold-sparkle-modern-bangle\/#primaryimage","url":"https:\/\/static.purejewels.com\/wp-content\/uploads\/2019\/08\/30840_001-1.jpg","contentUrl":"https:\/\/static.purejewels.com\/wp-content\/uploads\/2019\/08\/30840_001-1.jpg","width":1000,"height":1000,"caption":"30840_001-1"},{"@type":"BreadcrumbList","@id":"https:\/\/www.purejewels.com\/product\/22ct-gold-sparkle-modern-bangle\/#breadcrumb","itemListElement":[{"@type":"ListItem","position":1,"name":"Home","item":"https:\/\/www.purejewels.com\/"},{"@type":"ListItem","position":2,"name":"Shop","item":"https:\/\/www.purejewels.com\/shop\/"},{"@type":"ListItem","position":3,"name":"22ct Gold Double Sparkle Ball Bangle"}]},{"@type":"WebSite","@id":"https:\/\/www.purejewels.com\/#website","url":"https:\/\/www.purejewels.com\/","name":"PureJewels \u0130ngiltere","description":"Sevgiyi Payla\u015f\u0131n","publisher":{"@id":"https:\/\/www.purejewels.com\/#organization"},"potentialAction":[{"@type":"SearchAction","target":{"@type":"EntryPoint","urlTemplate":"https:\/\/www.purejewels.com\/?s={search_term_string}"},"query-input":{"@type":"PropertyValueSpecification","valueRequired":true,"valueName":"search_term_string"}}],"inLanguage":"tr"},{"@type":"Organization","@id":"https:\/\/www.purejewels.com\/#organization","name":"PureJewels \u0130ngiltere","url":"https:\/\/www.purejewels.com\/","logo":{"@type":"ImageObject","inLanguage":"tr","@id":"https:\/\/www.purejewels.com\/#\/schema\/logo\/image\/","url":"https:\/\/static.purejewels.com\/wp-content\/uploads\/2020\/11\/Logo-PJ-New-1.png","contentUrl":"https:\/\/static.purejewels.com\/wp-content\/uploads\/2020\/11\/Logo-PJ-New-1.png","width":150,"height":80,"caption":"PureJewels UK"},"image":{"@id":"https:\/\/www.purejewels.com\/#\/schema\/logo\/image\/"}}]}},"_links":{"self":[{"href":"https:\/\/www.purejewels.com\/tr\/wp-json\/wp\/v2\/product\/310820","targetHints":{"allow":["GET"]}}],"collection":[{"href":"https:\/\/www.purejewels.com\/tr\/wp-json\/wp\/v2\/product"}],"about":[{"href":"https:\/\/www.purejewels.com\/tr\/wp-json\/wp\/v2\/types\/product"}],"replies":[{"embeddable":true,"href":"https:\/\/www.purejewels.com\/tr\/wp-json\/wp\/v2\/comments?post=310820"}],"version-history":[{"count":2,"href":"https:\/\/www.purejewels.com\/tr\/wp-json\/wp\/v2\/product\/310820\/revisions"}],"predecessor-version":[{"id":421886,"href":"https:\/\/www.purejewels.com\/tr\/wp-json\/wp\/v2\/product\/310820\/revisions\/421886"}],"wp:featuredmedia":[{"embeddable":true,"href":"https:\/\/www.purejewels.com\/tr\/wp-json\/wp\/v2\/media\/310973"}],"wp:attachment":[{"href":"https:\/\/www.purejewels.com\/tr\/wp-json\/wp\/v2\/media?parent=310820"}],"wp:term":[{"taxonomy":"product_brand","embeddable":true,"href":"https:\/\/www.purejewels.com\/tr\/wp-json\/wp\/v2\/product_brand?post=310820"},{"taxonomy":"product_cat","embeddable":true,"href":"https:\/\/www.purejewels.com\/tr\/wp-json\/wp\/v2\/product_cat?post=310820"},{"taxonomy":"product_tag","embeddable":true,"href":"https:\/\/www.purejewels.com\/tr\/wp-json\/wp\/v2\/product_tag?post=310820"}],"curies":[{"name":"wp","href":"https:\/\/api.w.org\/{rel}","templated":true}]}}