{"id":310828,"date":"2019-08-09T09:21:28","date_gmt":"2019-08-09T08:21:28","guid":{"rendered":"https:\/\/www.purejewels.com\/?post_type=product&#038;p=310828"},"modified":"2025-01-24T13:46:03","modified_gmt":"2025-01-24T13:46:03","slug":"22-ayar-sari-altin-uzun-mala-zinciri","status":"publish","type":"product","link":"https:\/\/www.purejewels.com\/tr\/product\/22ct-yellow-gold-long-mala-chain\/","title":{"rendered":"22 Ayar Sar\u0131 Alt\u0131n Uzun Mala Zinciri"},"content":{"rendered":"<p>&nbsp;<\/p>\n<ul>\n<li>A\u011f\u0131rl\u0131k: 36,0 g<\/li>\n<li>SKU. 30846<\/li>\n<\/ul>","protected":false},"excerpt":{"rendered":"<ul>\n<li>22 Ayar Sar\u0131 <span id=\"urn:enhancement-1a6f1b0b\" class=\"textannotation\">Alt\u0131n<\/span> Uzun Mala <span id=\"urn:enhancement-6c61d7f0\" class=\"textannotation\">Zincir<\/span><\/li>\n<li>\u0130nce el i\u015f\u00e7ili\u011finde <span id=\"urn:enhancement-188bc06a\" class=\"textannotation\">telkari<\/span> i\u015f<\/li>\n<li>A\u011f\u0131rl\u0131k: 36,0 g<\/li>\n<li><span id=\"urn:enhancement-d00ad73e\" class=\"textannotation\">Uzunluk<\/span> .. <span id=\"urn:enhancement-62e662a3\" class=\"textannotation\">Zincir<\/span> 31 <span id=\"urn:enhancement-33ccb697\" class=\"textannotation\">\u0130n\u00e7<\/span><\/li>\n<li>SKU. 30846<\/li>\n<li>T\u00fcm fiyatlara KDV dahildir<\/li>\n<li>B\u00fct\u00fcn <span id=\"urn:enhancement-7ee013a2\" class=\"textannotation\">\u00fcr\u00fcnler<\/span> taraf\u0131ndan damgalanm\u0131\u015ft\u0131r <span id=\"urn:enhancement-ac46bea7\" class=\"textannotation\">Londra<\/span> <span id=\"urn:enhancement-136e156\" class=\"textannotation\">Tahlil Ofisi<\/span><\/li>\n<li>T\u00fcm Setler sunum kutusu ile birlikte gelir<\/li>\n<li><span id=\"urn:enhancement-f1b1181f\" class=\"textannotation\">Teslimat<\/span> Dahil<\/li>\n<li>Gelin ve Hintlimizi Ziyaret Edin <span id=\"urn:enhancement-d362bda9\" class=\"textannotation\">alt\u0131n<\/span> <span id=\"urn:enhancement-be04516d\" class=\"textannotation\">M\u00dcCEVHERLER<\/span> <span id=\"urn:enhancement-d21f8605\" class=\"textannotation\">d\u00fckkanlar<\/span> i\u00e7inde <span id=\"urn:enhancement-5e88098f\" class=\"textannotation\">Londra<\/span><\/li>\n<\/ul>","protected":false},"featured_media":314119,"comment_status":"closed","ping_status":"closed","template":"","meta":{"_eb_attr":"","_crsspst_to_jayantr4sg-hostcom":true},"product_brand":[],"product_cat":[1617,1559,1625,236,252,1779,1573,1574],"product_tag":[],"class_list":{"0":"post-310828","1":"product","2":"type-product","3":"status-publish","4":"has-post-thumbnail","6":"product_cat-fancy-mala-chains","7":"product_cat-birthday-gifts","8":"product_cat-bridal-set","9":"product_cat-collections","10":"product_cat-jali-collections","11":"product_cat-mala-style-necklaces","12":"product_cat-wedding-gifts","13":"product_cat-womens-jewellery","15":"first","16":"outofstock","17":"sale","18":"taxable","19":"shipping-taxable","20":"product-type-simple","21":"add-to-wishlist-before_image"},"yoast_head":"<!-- This site is optimized with the Yoast SEO plugin v27.6 - https:\/\/yoast.com\/product\/yoast-seo-wordpress\/ -->\n<title>22ct Yellow Gold Long Mala Chain - PureJewels UK<\/title>\n<meta name=\"robots\" content=\"index, follow, max-snippet:-1, max-image-preview:large, max-video-preview:-1\" \/>\n<link rel=\"canonical\" href=\"https:\/\/www.purejewels.com\/tr\/urun\/22-ayar-sari-altin-uzun-mala-zinciri\/\" \/>\n<meta property=\"og:locale\" content=\"tr_TR\" \/>\n<meta property=\"og:type\" content=\"article\" \/>\n<meta property=\"og:title\" content=\"22ct Yellow Gold Long Mala Chain - PureJewels UK\" \/>\n<meta property=\"og:description\" content=\"22ct Yellow Gold Long Mala Chain  In Fine handcrafted filigree work  Wt : 36.0 g  Length of the Chain is 31 Inches  SKU. 30846  All prices include VAT  All our products are hallmarked by London Assay Office  All Sets comes with presentation Box  Delivery Included  Come and Visit our Indian gold jewellery shops in London\" \/>\n<meta property=\"og:url\" content=\"https:\/\/www.purejewels.com\/tr\/urun\/22-ayar-sari-altin-uzun-mala-zinciri\/\" \/>\n<meta property=\"og:site_name\" content=\"PureJewels UK\" \/>\n<meta property=\"article:modified_time\" content=\"2025-01-24T13:46:03+00:00\" \/>\n<meta property=\"og:image\" content=\"https:\/\/www.purejewels.com\/wp-content\/uploads\/2020\/05\/135707376.jpg\" \/>\n\t<meta property=\"og:image:width\" content=\"1000\" \/>\n\t<meta property=\"og:image:height\" content=\"1000\" \/>\n\t<meta property=\"og:image:type\" content=\"image\/jpeg\" \/>\n<meta name=\"twitter:card\" content=\"summary_large_image\" \/>\n<script type=\"application\/ld+json\" class=\"yoast-schema-graph\">{\"@context\":\"https:\\\/\\\/schema.org\",\"@graph\":[{\"@type\":[\"WebPage\",\"ItemPage\"],\"@id\":\"https:\\\/\\\/www.purejewels.com\\\/product\\\/22ct-yellow-gold-long-mala-chain\\\/\",\"url\":\"https:\\\/\\\/www.purejewels.com\\\/product\\\/22ct-yellow-gold-long-mala-chain\\\/\",\"name\":\"22ct Yellow Gold Long Mala Chain - PureJewels UK\",\"isPartOf\":{\"@id\":\"https:\\\/\\\/www.purejewels.com\\\/#website\"},\"primaryImageOfPage\":{\"@id\":\"https:\\\/\\\/www.purejewels.com\\\/product\\\/22ct-yellow-gold-long-mala-chain\\\/#primaryimage\"},\"image\":{\"@id\":\"https:\\\/\\\/www.purejewels.com\\\/product\\\/22ct-yellow-gold-long-mala-chain\\\/#primaryimage\"},\"thumbnailUrl\":\"https:\\\/\\\/static.purejewels.com\\\/wp-content\\\/uploads\\\/2020\\\/05\\\/135707376.jpg\",\"datePublished\":\"2019-08-09T08:21:28+00:00\",\"dateModified\":\"2025-01-24T13:46:03+00:00\",\"breadcrumb\":{\"@id\":\"https:\\\/\\\/www.purejewels.com\\\/product\\\/22ct-yellow-gold-long-mala-chain\\\/#breadcrumb\"},\"inLanguage\":\"tr\",\"potentialAction\":[{\"@type\":\"ReadAction\",\"target\":[\"https:\\\/\\\/www.purejewels.com\\\/product\\\/22ct-yellow-gold-long-mala-chain\\\/\"]}]},{\"@type\":\"ImageObject\",\"inLanguage\":\"tr\",\"@id\":\"https:\\\/\\\/www.purejewels.com\\\/product\\\/22ct-yellow-gold-long-mala-chain\\\/#primaryimage\",\"url\":\"https:\\\/\\\/static.purejewels.com\\\/wp-content\\\/uploads\\\/2020\\\/05\\\/135707376.jpg\",\"contentUrl\":\"https:\\\/\\\/static.purejewels.com\\\/wp-content\\\/uploads\\\/2020\\\/05\\\/135707376.jpg\",\"width\":1000,\"height\":1000,\"caption\":\"22ct Yellow Gold Long Mala ChainIn Fine handcrafted filigree workWt : 36.0 gSKU. 30846All prices include VATAll our products are hallmarked by London Assay OfficeAll Sets comes with presentation BoxDelivery IncludedCome and Visit our Indian gold jewellery shops in London\"},{\"@type\":\"BreadcrumbList\",\"@id\":\"https:\\\/\\\/www.purejewels.com\\\/product\\\/22ct-yellow-gold-long-mala-chain\\\/#breadcrumb\",\"itemListElement\":[{\"@type\":\"ListItem\",\"position\":1,\"name\":\"Home\",\"item\":\"https:\\\/\\\/www.purejewels.com\\\/\"},{\"@type\":\"ListItem\",\"position\":2,\"name\":\"Shop\",\"item\":\"https:\\\/\\\/www.purejewels.com\\\/shop\\\/\"},{\"@type\":\"ListItem\",\"position\":3,\"name\":\"22ct Yellow Gold Long Mala Chain\"}]},{\"@type\":\"WebSite\",\"@id\":\"https:\\\/\\\/www.purejewels.com\\\/#website\",\"url\":\"https:\\\/\\\/www.purejewels.com\\\/\",\"name\":\"PureJewels UK\",\"description\":\"Share the Love\",\"publisher\":{\"@id\":\"https:\\\/\\\/www.purejewels.com\\\/#organization\"},\"potentialAction\":[{\"@type\":\"SearchAction\",\"target\":{\"@type\":\"EntryPoint\",\"urlTemplate\":\"https:\\\/\\\/www.purejewels.com\\\/?s={search_term_string}\"},\"query-input\":{\"@type\":\"PropertyValueSpecification\",\"valueRequired\":true,\"valueName\":\"search_term_string\"}}],\"inLanguage\":\"tr\"},{\"@type\":\"Organization\",\"@id\":\"https:\\\/\\\/www.purejewels.com\\\/#organization\",\"name\":\"PureJewels UK\",\"url\":\"https:\\\/\\\/www.purejewels.com\\\/\",\"logo\":{\"@type\":\"ImageObject\",\"inLanguage\":\"tr\",\"@id\":\"https:\\\/\\\/www.purejewels.com\\\/#\\\/schema\\\/logo\\\/image\\\/\",\"url\":\"https:\\\/\\\/static.purejewels.com\\\/wp-content\\\/uploads\\\/2020\\\/11\\\/Logo-PJ-New-1.png\",\"contentUrl\":\"https:\\\/\\\/static.purejewels.com\\\/wp-content\\\/uploads\\\/2020\\\/11\\\/Logo-PJ-New-1.png\",\"width\":150,\"height\":80,\"caption\":\"PureJewels UK\"},\"image\":{\"@id\":\"https:\\\/\\\/www.purejewels.com\\\/#\\\/schema\\\/logo\\\/image\\\/\"}}]}<\/script>\n<!-- \/ Yoast SEO plugin. -->","yoast_head_json":{"title":"22 Ayar Sar\u0131 Alt\u0131n Uzun Mala Zinciri - PureJewels UK","robots":{"index":"index","follow":"follow","max-snippet":"max-snippet:-1","max-image-preview":"max-image-preview:large","max-video-preview":"max-video-preview:-1"},"canonical":"https:\/\/www.purejewels.com\/tr\/urun\/22-ayar-sari-altin-uzun-mala-zinciri\/","og_locale":"tr_TR","og_type":"article","og_title":"22ct Yellow Gold Long Mala Chain - PureJewels UK","og_description":"22ct Yellow Gold Long Mala Chain  In Fine handcrafted filigree work  Wt : 36.0 g  Length of the Chain is 31 Inches  SKU. 30846  All prices include VAT  All our products are hallmarked by London Assay Office  All Sets comes with presentation Box  Delivery Included  Come and Visit our Indian gold jewellery shops in London","og_url":"https:\/\/www.purejewels.com\/tr\/urun\/22-ayar-sari-altin-uzun-mala-zinciri\/","og_site_name":"PureJewels UK","article_modified_time":"2025-01-24T13:46:03+00:00","og_image":[{"width":1000,"height":1000,"url":"https:\/\/www.purejewels.com\/wp-content\/uploads\/2020\/05\/135707376.jpg","type":"image\/jpeg"}],"twitter_card":"summary_large_image","schema":{"@context":"https:\/\/schema.org","@graph":[{"@type":["WebPage","ItemPage"],"@id":"https:\/\/www.purejewels.com\/product\/22ct-yellow-gold-long-mala-chain\/","url":"https:\/\/www.purejewels.com\/product\/22ct-yellow-gold-long-mala-chain\/","name":"22 Ayar Sar\u0131 Alt\u0131n Uzun Mala Zinciri - PureJewels UK","isPartOf":{"@id":"https:\/\/www.purejewels.com\/#website"},"primaryImageOfPage":{"@id":"https:\/\/www.purejewels.com\/product\/22ct-yellow-gold-long-mala-chain\/#primaryimage"},"image":{"@id":"https:\/\/www.purejewels.com\/product\/22ct-yellow-gold-long-mala-chain\/#primaryimage"},"thumbnailUrl":"https:\/\/static.purejewels.com\/wp-content\/uploads\/2020\/05\/135707376.jpg","datePublished":"2019-08-09T08:21:28+00:00","dateModified":"2025-01-24T13:46:03+00:00","breadcrumb":{"@id":"https:\/\/www.purejewels.com\/product\/22ct-yellow-gold-long-mala-chain\/#breadcrumb"},"inLanguage":"tr","potentialAction":[{"@type":"ReadAction","target":["https:\/\/www.purejewels.com\/product\/22ct-yellow-gold-long-mala-chain\/"]}]},{"@type":"ImageObject","inLanguage":"tr","@id":"https:\/\/www.purejewels.com\/product\/22ct-yellow-gold-long-mala-chain\/#primaryimage","url":"https:\/\/static.purejewels.com\/wp-content\/uploads\/2020\/05\/135707376.jpg","contentUrl":"https:\/\/static.purejewels.com\/wp-content\/uploads\/2020\/05\/135707376.jpg","width":1000,"height":1000,"caption":"22ct Yellow Gold Long Mala ChainIn Fine handcrafted filigree workWt : 36.0 gSKU. 30846All prices include VATAll our products are hallmarked by London Assay OfficeAll Sets comes with presentation BoxDelivery IncludedCome and Visit our Indian gold jewellery shops in London"},{"@type":"BreadcrumbList","@id":"https:\/\/www.purejewels.com\/product\/22ct-yellow-gold-long-mala-chain\/#breadcrumb","itemListElement":[{"@type":"ListItem","position":1,"name":"Home","item":"https:\/\/www.purejewels.com\/"},{"@type":"ListItem","position":2,"name":"Shop","item":"https:\/\/www.purejewels.com\/shop\/"},{"@type":"ListItem","position":3,"name":"22ct Yellow Gold Long Mala Chain"}]},{"@type":"WebSite","@id":"https:\/\/www.purejewels.com\/#website","url":"https:\/\/www.purejewels.com\/","name":"PureJewels \u0130ngiltere","description":"Sevgiyi Payla\u015f\u0131n","publisher":{"@id":"https:\/\/www.purejewels.com\/#organization"},"potentialAction":[{"@type":"SearchAction","target":{"@type":"EntryPoint","urlTemplate":"https:\/\/www.purejewels.com\/?s={search_term_string}"},"query-input":{"@type":"PropertyValueSpecification","valueRequired":true,"valueName":"search_term_string"}}],"inLanguage":"tr"},{"@type":"Organization","@id":"https:\/\/www.purejewels.com\/#organization","name":"PureJewels \u0130ngiltere","url":"https:\/\/www.purejewels.com\/","logo":{"@type":"ImageObject","inLanguage":"tr","@id":"https:\/\/www.purejewels.com\/#\/schema\/logo\/image\/","url":"https:\/\/static.purejewels.com\/wp-content\/uploads\/2020\/11\/Logo-PJ-New-1.png","contentUrl":"https:\/\/static.purejewels.com\/wp-content\/uploads\/2020\/11\/Logo-PJ-New-1.png","width":150,"height":80,"caption":"PureJewels UK"},"image":{"@id":"https:\/\/www.purejewels.com\/#\/schema\/logo\/image\/"}}]}},"_links":{"self":[{"href":"https:\/\/www.purejewels.com\/tr\/wp-json\/wp\/v2\/product\/310828","targetHints":{"allow":["GET"]}}],"collection":[{"href":"https:\/\/www.purejewels.com\/tr\/wp-json\/wp\/v2\/product"}],"about":[{"href":"https:\/\/www.purejewels.com\/tr\/wp-json\/wp\/v2\/types\/product"}],"replies":[{"embeddable":true,"href":"https:\/\/www.purejewels.com\/tr\/wp-json\/wp\/v2\/comments?post=310828"}],"version-history":[{"count":1,"href":"https:\/\/www.purejewels.com\/tr\/wp-json\/wp\/v2\/product\/310828\/revisions"}],"predecessor-version":[{"id":385408,"href":"https:\/\/www.purejewels.com\/tr\/wp-json\/wp\/v2\/product\/310828\/revisions\/385408"}],"wp:featuredmedia":[{"embeddable":true,"href":"https:\/\/www.purejewels.com\/tr\/wp-json\/wp\/v2\/media\/314119"}],"wp:attachment":[{"href":"https:\/\/www.purejewels.com\/tr\/wp-json\/wp\/v2\/media?parent=310828"}],"wp:term":[{"taxonomy":"product_brand","embeddable":true,"href":"https:\/\/www.purejewels.com\/tr\/wp-json\/wp\/v2\/product_brand?post=310828"},{"taxonomy":"product_cat","embeddable":true,"href":"https:\/\/www.purejewels.com\/tr\/wp-json\/wp\/v2\/product_cat?post=310828"},{"taxonomy":"product_tag","embeddable":true,"href":"https:\/\/www.purejewels.com\/tr\/wp-json\/wp\/v2\/product_tag?post=310828"}],"curies":[{"name":"wp","href":"https:\/\/api.w.org\/{rel}","templated":true}]}}