{"id":310830,"date":"2019-08-09T09:26:53","date_gmt":"2019-08-09T08:26:53","guid":{"rendered":"https:\/\/www.purejewels.com\/?post_type=product&#038;p=310830"},"modified":"2025-03-21T10:57:58","modified_gmt":"2025-03-21T10:57:58","slug":"22-ayar-altin-bilyeli-gerdanlik-zinciri","status":"publish","type":"product","link":"https:\/\/www.purejewels.com\/tr\/product\/22ct-gold-choker-chain-with-balls\/","title":{"rendered":"Boncuklu 22 Ayar Alt\u0131n Gerdanl\u0131k Zinciri"},"content":{"rendered":"<p>Tarz\u0131n\u0131z zarif ve abart\u0131s\u0131zsa, i\u015fte size k\u0131skan\u0131lacak kadar \u015f\u0131k bir se\u00e7im.  Bizim narin <a href=\"https:\/\/www.purejewels.com\/tr\/product\/22ct-gold-jali-filigree-ring-jali-collection-31926\/\">22ct<\/a> <a href=\"https:\/\/www.purejewels.com\/tr\/product\/22-carat-gold-choker-necklace-5\/\">alt\u0131n gerdanl\u0131k<\/a> zincir ile noktal\u0131 <a href=\"https:\/\/www.purejewels.com\/tr\/product\/22ct-gold-pretty-ladies-bracelet-7-inches-42354\/\">alt\u0131n boncuklar<\/a> l\u00fcks bir g\u00f6r\u00fcn\u00fcm i\u00e7in.  Sonsuz derecede giyilebilir - neredeyse her k\u0131yafet i\u00e7in m\u00fckemmel bir son dokunu\u015f.<\/p>\n<p>A\u015fk, alt\u0131n anlardan ve dokunakl\u0131 g\u00f6zya\u015flar\u0131ndan olu\u015fan bir yolculuktur.  Bu romantik alt\u0131n zinciri, a\u015fk dolu bir hayat\u0131n k\u0131vr\u0131mlar\u0131n\u0131 ve d\u00f6neme\u00e7lerini yakalamak i\u00e7in tasarlad\u0131k.<\/p>\n<p>Her g\u00fcn giyilebilecek, \u015f\u0131kl\u0131\u011f\u0131 ve l\u00fcks\u00fc simgeleyen, Hint tasar\u0131m\u0131n\u0131n f\u0131s\u0131lt\u0131s\u0131n\u0131 ta\u015f\u0131yan bir par\u00e7a istiyorsan\u0131z... bu narin par\u00e7aya bay\u0131lacaks\u0131n\u0131z <a href=\"https:\/\/www.purejewels.com\/tr\/product-category\/22ct-gold-jewellery\/gold-necklaces\/\">alt\u0131n kolye<\/a>.  Detayl\u0131 alt\u0131n toplar klasik Hint m\u00fccevherlerinin bir \u00f6zelli\u011fidir, ancak zarif bir etki i\u00e7in bunlar\u0131 daha seyrek kulland\u0131k.  Sonu\u00e7, g\u00fczel ve \u00e7a\u011fda\u015f bir <a href=\"https:\/\/www.purejewels.com\/tr\/product\/22ct-gold-fancy-choker-chain-with-pendant-18-inch-43022\/\">gerdanl\u0131k<\/a> G\u00f6r\u00fcn\u00fcmlerine Hint k\u00fclt\u00fcr\u00fcnden bir par\u00e7a katmay\u0131 seven kad\u0131nlar i\u00e7in alt\u0131n kolye. Harika bir hediye ve d\u00fc\u011f\u00fcn tak\u0131 seti i\u00e7in sansasyonel bir ba\u015flang\u0131\u00e7t\u0131r.<\/p>\n<p>Farkl\u0131 bir \u015feyler denemek ister misiniz?  Katmanlay\u0131n... Bu alt\u0131n gerdanl\u0131k zinciri, favori kolyelerinizi bir araya getirmek i\u00e7in m\u00fckemmel bir temel olu\u015fturuyor.  Uzunluklar\u0131 de\u011fi\u015ftirin ve kendinizi s\u00fcsl\u00fc hissediyorsan\u0131z biraz m\u00fccevher ekleyin.  Farkl\u0131 alt\u0131n tonlar\u0131 ekleyin (bizde <a href=\"https:\/\/www.purejewels.com\/tr\/product-category\/22ct-gold-jewellery\/gold-chains\/\">Zincirler<\/a> g\u00fcl ve beyaz alt\u0131n) Insta'ya lay\u0131k bir g\u00f6r\u00fcn\u00fcm i\u00e7in.<\/p>","protected":false},"excerpt":{"rendered":"<ul>\n<li>Boncuklu 22 Ayar Alt\u0131n Gerdanl\u0131k Zinciri<\/li>\n<li>A\u011f\u0131rl\u0131k 7 gms<\/li>\n<li>SKU. 46918<\/li>\n<li>Uzunluk: 18 \u0130n\u00e7<\/li>\n<li>T\u00fcm fiyatlara KDV dahildir<\/li>\n<li>Londra Tahlil Ofisi Taraf\u0131ndan Damgalanm\u0131\u015f 22 Ayar Alt\u0131n<\/li>\n<li>T\u00fcm Setler Sunum Kutusu ile Birlikte Gelir<\/li>\n<li>Teslimat Dahil<\/li>\n<li>Stok durumu ve stokta bulunan benzer tasar\u0131mlar\u0131n daha fazla g\u00f6r\u00fcnt\u00fcs\u00fc i\u00e7in bizimle canl\u0131 sohbet edin<\/li>\n<\/ul>","protected":false},"featured_media":352581,"comment_status":"closed","ping_status":"closed","template":"","meta":{"_eb_attr":"","_crsspst_to_jayantr4sg-hostcom":true},"product_brand":[],"product_cat":[5025,1617,1698,1773,1574],"product_tag":[],"class_list":{"0":"post-310830","1":"product","2":"type-product","3":"status-publish","4":"has-post-thumbnail","6":"product_cat-18-inch-choker-chain","7":"product_cat-fancy-mala-chains","8":"product_cat-choker-chains","9":"product_cat-ladies-chains","10":"product_cat-womens-jewellery","12":"first","13":"outofstock","14":"taxable","15":"shipping-taxable","16":"product-type-simple","17":"add-to-wishlist-before_image"},"yoast_head":"<!-- This site is optimized with the Yoast SEO plugin v27.6 - https:\/\/yoast.com\/product\/yoast-seo-wordpress\/ -->\n<title>Choker Chain Lond in 22ct Gold | Purejewels.com<\/title>\n<meta name=\"description\" content=\"Gold Choker Chain Online | Buy Certified Jewellery Online in UK | Fast Delivery | Easy Returns | 100% Hallmarked Jewellery\" \/>\n<meta name=\"robots\" content=\"index, follow, max-snippet:-1, max-image-preview:large, max-video-preview:-1\" \/>\n<link rel=\"canonical\" href=\"https:\/\/www.purejewels.com\/tr\/urun\/22-ayar-altin-bilyeli-gerdanlik-zinciri\/\" \/>\n<meta property=\"og:locale\" content=\"tr_TR\" \/>\n<meta property=\"og:type\" content=\"article\" \/>\n<meta property=\"og:title\" content=\"Choker Chain Lond in 22ct Gold | Purejewels.com\" \/>\n<meta property=\"og:description\" content=\"Gold Choker Chain Online | Buy Certified Jewellery Online in UK | Fast Delivery | Easy Returns | 100% Hallmarked Jewellery\" \/>\n<meta property=\"og:url\" content=\"https:\/\/www.purejewels.com\/tr\/urun\/22-ayar-altin-bilyeli-gerdanlik-zinciri\/\" \/>\n<meta property=\"og:site_name\" content=\"PureJewels UK\" \/>\n<meta property=\"article:modified_time\" content=\"2025-03-21T10:57:58+00:00\" \/>\n<meta property=\"og:image\" content=\"https:\/\/www.purejewels.com\/wp-content\/uploads\/2019\/08\/1664614440_42343-1.jpg\" \/>\n\t<meta property=\"og:image:width\" content=\"1\" \/>\n\t<meta property=\"og:image:height\" content=\"1\" \/>\n\t<meta property=\"og:image:type\" content=\"image\/jpeg\" \/>\n<meta name=\"twitter:card\" content=\"summary_large_image\" \/>\n<meta name=\"twitter:label1\" content=\"Tahmini okuma s\u00fcresi\" \/>\n\t<meta name=\"twitter:data1\" content=\"1 dakika\" \/>\n<script type=\"application\/ld+json\" class=\"yoast-schema-graph\">{\"@context\":\"https:\\\/\\\/schema.org\",\"@graph\":[{\"@type\":[\"WebPage\",\"ItemPage\"],\"@id\":\"https:\\\/\\\/www.purejewels.com\\\/product\\\/22ct-gold-choker-chain-with-balls\\\/\",\"url\":\"https:\\\/\\\/www.purejewels.com\\\/product\\\/22ct-gold-choker-chain-with-balls\\\/\",\"name\":\"Choker Chain Lond in 22ct Gold | Purejewels.com\",\"isPartOf\":{\"@id\":\"https:\\\/\\\/www.purejewels.com\\\/#website\"},\"primaryImageOfPage\":{\"@id\":\"https:\\\/\\\/www.purejewels.com\\\/product\\\/22ct-gold-choker-chain-with-balls\\\/#primaryimage\"},\"image\":{\"@id\":\"https:\\\/\\\/www.purejewels.com\\\/product\\\/22ct-gold-choker-chain-with-balls\\\/#primaryimage\"},\"thumbnailUrl\":\"https:\\\/\\\/static.purejewels.com\\\/wp-content\\\/uploads\\\/2019\\\/08\\\/1664614440_42343-1.jpg\",\"datePublished\":\"2019-08-09T08:26:53+00:00\",\"dateModified\":\"2025-03-21T10:57:58+00:00\",\"description\":\"Gold Choker Chain Online | Buy Certified Jewellery Online in UK | Fast Delivery | Easy Returns | 100% Hallmarked Jewellery\",\"breadcrumb\":{\"@id\":\"https:\\\/\\\/www.purejewels.com\\\/product\\\/22ct-gold-choker-chain-with-balls\\\/#breadcrumb\"},\"inLanguage\":\"tr\",\"potentialAction\":[{\"@type\":\"ReadAction\",\"target\":[\"https:\\\/\\\/www.purejewels.com\\\/product\\\/22ct-gold-choker-chain-with-balls\\\/\"]}]},{\"@type\":\"ImageObject\",\"inLanguage\":\"tr\",\"@id\":\"https:\\\/\\\/www.purejewels.com\\\/product\\\/22ct-gold-choker-chain-with-balls\\\/#primaryimage\",\"url\":\"https:\\\/\\\/static.purejewels.com\\\/wp-content\\\/uploads\\\/2019\\\/08\\\/1664614440_42343-1.jpg\",\"contentUrl\":\"https:\\\/\\\/static.purejewels.com\\\/wp-content\\\/uploads\\\/2019\\\/08\\\/1664614440_42343-1.jpg\",\"caption\":\"Bead chain\"},{\"@type\":\"BreadcrumbList\",\"@id\":\"https:\\\/\\\/www.purejewels.com\\\/product\\\/22ct-gold-choker-chain-with-balls\\\/#breadcrumb\",\"itemListElement\":[{\"@type\":\"ListItem\",\"position\":1,\"name\":\"Home\",\"item\":\"https:\\\/\\\/www.purejewels.com\\\/\"},{\"@type\":\"ListItem\",\"position\":2,\"name\":\"Shop\",\"item\":\"https:\\\/\\\/www.purejewels.com\\\/shop\\\/\"},{\"@type\":\"ListItem\",\"position\":3,\"name\":\"22ct Gold Choker Chain with Bead\"}]},{\"@type\":\"WebSite\",\"@id\":\"https:\\\/\\\/www.purejewels.com\\\/#website\",\"url\":\"https:\\\/\\\/www.purejewels.com\\\/\",\"name\":\"PureJewels UK\",\"description\":\"Share the Love\",\"publisher\":{\"@id\":\"https:\\\/\\\/www.purejewels.com\\\/#organization\"},\"potentialAction\":[{\"@type\":\"SearchAction\",\"target\":{\"@type\":\"EntryPoint\",\"urlTemplate\":\"https:\\\/\\\/www.purejewels.com\\\/?s={search_term_string}\"},\"query-input\":{\"@type\":\"PropertyValueSpecification\",\"valueRequired\":true,\"valueName\":\"search_term_string\"}}],\"inLanguage\":\"tr\"},{\"@type\":\"Organization\",\"@id\":\"https:\\\/\\\/www.purejewels.com\\\/#organization\",\"name\":\"PureJewels UK\",\"url\":\"https:\\\/\\\/www.purejewels.com\\\/\",\"logo\":{\"@type\":\"ImageObject\",\"inLanguage\":\"tr\",\"@id\":\"https:\\\/\\\/www.purejewels.com\\\/#\\\/schema\\\/logo\\\/image\\\/\",\"url\":\"https:\\\/\\\/static.purejewels.com\\\/wp-content\\\/uploads\\\/2020\\\/11\\\/Logo-PJ-New-1.png\",\"contentUrl\":\"https:\\\/\\\/static.purejewels.com\\\/wp-content\\\/uploads\\\/2020\\\/11\\\/Logo-PJ-New-1.png\",\"width\":150,\"height\":80,\"caption\":\"PureJewels UK\"},\"image\":{\"@id\":\"https:\\\/\\\/www.purejewels.com\\\/#\\\/schema\\\/logo\\\/image\\\/\"}}]}<\/script>\n<!-- \/ Yoast SEO plugin. -->","yoast_head_json":{"title":"22 Ayar Alt\u0131n Gerdanl\u0131k Zinciri Lond | Purejewels.com","description":"Alt\u0131n Gerdanl\u0131k Zinciri Online | \u0130ngiltere'de Sertifikal\u0131 M\u00fccevher Sat\u0131n Al\u0131n | H\u0131zl\u0131 Teslimat | Kolay \u0130ade | 100% Hallmarked Jewellery","robots":{"index":"index","follow":"follow","max-snippet":"max-snippet:-1","max-image-preview":"max-image-preview:large","max-video-preview":"max-video-preview:-1"},"canonical":"https:\/\/www.purejewels.com\/tr\/urun\/22-ayar-altin-bilyeli-gerdanlik-zinciri\/","og_locale":"tr_TR","og_type":"article","og_title":"Choker Chain Lond in 22ct Gold | Purejewels.com","og_description":"Gold Choker Chain Online | Buy Certified Jewellery Online in UK | Fast Delivery | Easy Returns | 100% Hallmarked Jewellery","og_url":"https:\/\/www.purejewels.com\/tr\/urun\/22-ayar-altin-bilyeli-gerdanlik-zinciri\/","og_site_name":"PureJewels UK","article_modified_time":"2025-03-21T10:57:58+00:00","og_image":[{"url":"https:\/\/www.purejewels.com\/wp-content\/uploads\/2019\/08\/1664614440_42343-1.jpg","width":1,"height":1,"type":"image\/jpeg"}],"twitter_card":"summary_large_image","twitter_misc":{"Tahmini okuma s\u00fcresi":"1 dakika"},"schema":{"@context":"https:\/\/schema.org","@graph":[{"@type":["WebPage","ItemPage"],"@id":"https:\/\/www.purejewels.com\/product\/22ct-gold-choker-chain-with-balls\/","url":"https:\/\/www.purejewels.com\/product\/22ct-gold-choker-chain-with-balls\/","name":"22 Ayar Alt\u0131n Gerdanl\u0131k Zinciri Lond | Purejewels.com","isPartOf":{"@id":"https:\/\/www.purejewels.com\/#website"},"primaryImageOfPage":{"@id":"https:\/\/www.purejewels.com\/product\/22ct-gold-choker-chain-with-balls\/#primaryimage"},"image":{"@id":"https:\/\/www.purejewels.com\/product\/22ct-gold-choker-chain-with-balls\/#primaryimage"},"thumbnailUrl":"https:\/\/static.purejewels.com\/wp-content\/uploads\/2019\/08\/1664614440_42343-1.jpg","datePublished":"2019-08-09T08:26:53+00:00","dateModified":"2025-03-21T10:57:58+00:00","description":"Alt\u0131n Gerdanl\u0131k Zinciri Online | \u0130ngiltere'de Sertifikal\u0131 M\u00fccevher Sat\u0131n Al\u0131n | H\u0131zl\u0131 Teslimat | Kolay \u0130ade | 100% Hallmarked Jewellery","breadcrumb":{"@id":"https:\/\/www.purejewels.com\/product\/22ct-gold-choker-chain-with-balls\/#breadcrumb"},"inLanguage":"tr","potentialAction":[{"@type":"ReadAction","target":["https:\/\/www.purejewels.com\/product\/22ct-gold-choker-chain-with-balls\/"]}]},{"@type":"ImageObject","inLanguage":"tr","@id":"https:\/\/www.purejewels.com\/product\/22ct-gold-choker-chain-with-balls\/#primaryimage","url":"https:\/\/static.purejewels.com\/wp-content\/uploads\/2019\/08\/1664614440_42343-1.jpg","contentUrl":"https:\/\/static.purejewels.com\/wp-content\/uploads\/2019\/08\/1664614440_42343-1.jpg","caption":"Bead chain"},{"@type":"BreadcrumbList","@id":"https:\/\/www.purejewels.com\/product\/22ct-gold-choker-chain-with-balls\/#breadcrumb","itemListElement":[{"@type":"ListItem","position":1,"name":"Home","item":"https:\/\/www.purejewels.com\/"},{"@type":"ListItem","position":2,"name":"Shop","item":"https:\/\/www.purejewels.com\/shop\/"},{"@type":"ListItem","position":3,"name":"22ct Gold Choker Chain with Bead"}]},{"@type":"WebSite","@id":"https:\/\/www.purejewels.com\/#website","url":"https:\/\/www.purejewels.com\/","name":"PureJewels \u0130ngiltere","description":"Sevgiyi Payla\u015f\u0131n","publisher":{"@id":"https:\/\/www.purejewels.com\/#organization"},"potentialAction":[{"@type":"SearchAction","target":{"@type":"EntryPoint","urlTemplate":"https:\/\/www.purejewels.com\/?s={search_term_string}"},"query-input":{"@type":"PropertyValueSpecification","valueRequired":true,"valueName":"search_term_string"}}],"inLanguage":"tr"},{"@type":"Organization","@id":"https:\/\/www.purejewels.com\/#organization","name":"PureJewels \u0130ngiltere","url":"https:\/\/www.purejewels.com\/","logo":{"@type":"ImageObject","inLanguage":"tr","@id":"https:\/\/www.purejewels.com\/#\/schema\/logo\/image\/","url":"https:\/\/static.purejewels.com\/wp-content\/uploads\/2020\/11\/Logo-PJ-New-1.png","contentUrl":"https:\/\/static.purejewels.com\/wp-content\/uploads\/2020\/11\/Logo-PJ-New-1.png","width":150,"height":80,"caption":"PureJewels UK"},"image":{"@id":"https:\/\/www.purejewels.com\/#\/schema\/logo\/image\/"}}]}},"_links":{"self":[{"href":"https:\/\/www.purejewels.com\/tr\/wp-json\/wp\/v2\/product\/310830","targetHints":{"allow":["GET"]}}],"collection":[{"href":"https:\/\/www.purejewels.com\/tr\/wp-json\/wp\/v2\/product"}],"about":[{"href":"https:\/\/www.purejewels.com\/tr\/wp-json\/wp\/v2\/types\/product"}],"replies":[{"embeddable":true,"href":"https:\/\/www.purejewels.com\/tr\/wp-json\/wp\/v2\/comments?post=310830"}],"version-history":[{"count":1,"href":"https:\/\/www.purejewels.com\/tr\/wp-json\/wp\/v2\/product\/310830\/revisions"}],"predecessor-version":[{"id":389613,"href":"https:\/\/www.purejewels.com\/tr\/wp-json\/wp\/v2\/product\/310830\/revisions\/389613"}],"wp:featuredmedia":[{"embeddable":true,"href":"https:\/\/www.purejewels.com\/tr\/wp-json\/wp\/v2\/media\/352581"}],"wp:attachment":[{"href":"https:\/\/www.purejewels.com\/tr\/wp-json\/wp\/v2\/media?parent=310830"}],"wp:term":[{"taxonomy":"product_brand","embeddable":true,"href":"https:\/\/www.purejewels.com\/tr\/wp-json\/wp\/v2\/product_brand?post=310830"},{"taxonomy":"product_cat","embeddable":true,"href":"https:\/\/www.purejewels.com\/tr\/wp-json\/wp\/v2\/product_cat?post=310830"},{"taxonomy":"product_tag","embeddable":true,"href":"https:\/\/www.purejewels.com\/tr\/wp-json\/wp\/v2\/product_tag?post=310830"}],"curies":[{"name":"wp","href":"https:\/\/api.w.org\/{rel}","templated":true}]}}