{"id":310848,"date":"2019-08-09T11:55:56","date_gmt":"2019-08-09T10:55:56","guid":{"rendered":"https:\/\/www.purejewels.com\/?post_type=product&#038;p=310848"},"modified":"2025-12-17T09:00:04","modified_gmt":"2025-12-17T09:00:04","slug":"22-ayar-altin-telkari-kolye-ucu-2","status":"publish","type":"product","link":"https:\/\/www.purejewels.com\/tr\/product\/22-carat-gold-filigree-pendant-2\/","title":{"rendered":"22 ayar alt\u0131n telkari kolye ucu, gran\u00fcl detayl\u0131"},"content":{"rendered":"<p>Bu 22ct <a href=\"https:\/\/www.purejewels.com\/tr\/product-category\/22ct-gold-jewellery\/gold-necklaces\/filligree-necklaces\/\">Alt\u0131n Telkari<\/a> Pendant, atalardan kalma zanaatkarl\u0131k ve s\u00fcsl\u00fc g\u00fczelli\u011fin \u0131\u015f\u0131k sa\u00e7an bir kutlamas\u0131d\u0131r \u2014 hem zarafet hem de ihti\u015famla konu\u015fan bir par\u00e7ad\u0131r.<\/p>\n<p>Usta zanaatkarlar taraf\u0131ndan ustaca el i\u015f\u00e7ili\u011fi ile \u00fcretilen kolye, narin alt\u0131n tellerin b\u00fck\u00fcl\u00fcp sar\u0131lmas\u0131 ve lehimlenerek karma\u015f\u0131k desenler olu\u015fturuldu\u011fu geleneksel telkari tekni\u011fini sergiliyor. Kolyenin merkezinde, derinlik ve dokusal zenginlik katan gran\u00fcl detaylarla \u00e7evrili, mandaladan esinlenen dairesel bir motif yer al\u0131yor. D\u0131\u015f kenar, hareket ve zarafet katan damla \u015feklinde bir sark\u0131tla sonlanan, alt\u0131n boncuklardan olu\u015fan bir kaskad ile tamamlan\u0131yor.<\/p>\n<p>T\u00fcm kompozisyon \u00f6zenle dengelenmi\u015ftir \u2014 simetrik, uyumlu ve G\u00fcney Asya gelinlik ve k\u00fclt\u00fcrel miras\u0131n\u0131 derinlemesine yans\u0131tmaktad\u0131r. Sade bir alt\u0131n zincirle birlikte g\u00fcnl\u00fck kullan\u0131m i\u00e7in veya \u00f6zel bir g\u00fcn i\u00e7in stilize edildi\u011finde, bu kolye sessiz sofistike tarz\u0131yla hayranl\u0131k uyand\u0131r\u0131r.<\/p>","protected":false},"excerpt":{"rendered":"<p>Geleneksel telkari sanat\u0131 ve karma\u015f\u0131k gran\u00fclasyon tekni\u011fi ile el yap\u0131m\u0131, 22 ayar alt\u0131n parlak bir kolye ucu, zamans\u0131z G\u00fcney Asya tasar\u0131m\u0131n\u0131 ve aile yadigar\u0131 cazibesini yans\u0131t\u0131yor.<\/p>\n<ul>\n<li>22 Ayar Alt\u0131n Telkari Kolye<\/li>\n<li>a\u011f\u0131rl\u0131k. 6.1g<\/li>\n<li>Sku 30829<\/li>\n<li>Zincir dahil de\u011fildir.<\/li>\n<li>T\u00fcm fiyatlara KDV dahildir<\/li>\n<li>T\u00fcm \u00fcr\u00fcnlerimiz London Assay Office taraf\u0131ndan damgalanm\u0131\u015ft\u0131r<\/li>\n<li>T\u00fcm Setler Sunum Kutusu ile Birlikte Gelir<\/li>\n<li>Teslimat Dahil<\/li>\n<li>Bu \u00fcr\u00fcnle ilgili daha fazla resim ve video i\u00e7in bizimle Whatsapp \u00fczerinden canl\u0131 sohbet edin<\/li>\n<\/ul>","protected":false},"featured_media":310849,"comment_status":"closed","ping_status":"closed","template":"","meta":{"_eb_attr":"","_crsspst_to_jayantr4sg-hostcom":true},"product_brand":[],"product_cat":[1559,252,1574],"product_tag":[],"class_list":{"0":"post-310848","1":"product","2":"type-product","3":"status-publish","4":"has-post-thumbnail","6":"product_cat-birthday-gifts","7":"product_cat-jali-collections","8":"product_cat-womens-jewellery","10":"first","11":"outofstock","12":"taxable","13":"shipping-taxable","14":"product-type-simple","15":"add-to-wishlist-before_image"},"yoast_head":"<!-- This site is optimized with the Yoast SEO plugin v27.3 - https:\/\/yoast.com\/product\/yoast-seo-wordpress\/ -->\n<title>22ct Gold Filigree Pendant | Heritage Design by PureJewels<\/title>\n<meta name=\"description\" content=\"This intricately handcrafted 22ct gold pendant features traditional filigree work and granulated detailing \u2014 a radiant symbol of cultural elegance and fine artistry.\" \/>\n<meta name=\"robots\" content=\"index, follow, max-snippet:-1, max-image-preview:large, max-video-preview:-1\" \/>\n<link rel=\"canonical\" href=\"https:\/\/www.purejewels.com\/tr\/urun\/22-ayar-altin-telkari-kolye-ucu-2\/\" \/>\n<meta property=\"og:locale\" content=\"tr_TR\" \/>\n<meta property=\"og:type\" content=\"article\" \/>\n<meta property=\"og:title\" content=\"22ct Gold Filigree Pendant | Heritage Design by PureJewels\" \/>\n<meta property=\"og:description\" content=\"This intricately handcrafted 22ct gold pendant features traditional filigree work and granulated detailing \u2014 a radiant symbol of cultural elegance and fine artistry.\" \/>\n<meta property=\"og:url\" content=\"https:\/\/www.purejewels.com\/tr\/urun\/22-ayar-altin-telkari-kolye-ucu-2\/\" \/>\n<meta property=\"og:site_name\" content=\"PureJewels UK\" \/>\n<meta property=\"article:modified_time\" content=\"2025-12-17T09:00:04+00:00\" \/>\n<meta property=\"og:image\" content=\"https:\/\/static.purejewels.com\/wp-content\/uploads\/2019\/08\/30829.jpg\" \/>\n\t<meta property=\"og:image:width\" content=\"1000\" \/>\n\t<meta property=\"og:image:height\" content=\"1000\" \/>\n\t<meta property=\"og:image:type\" content=\"image\/jpeg\" \/>\n<meta name=\"twitter:card\" content=\"summary_large_image\" \/>\n<meta name=\"twitter:label1\" content=\"Tahmini okuma s\u00fcresi\" \/>\n\t<meta name=\"twitter:data1\" content=\"1 dakika\" \/>\n<script type=\"application\/ld+json\" class=\"yoast-schema-graph\">{\"@context\":\"https:\\\/\\\/schema.org\",\"@graph\":[{\"@type\":[\"WebPage\",\"ItemPage\"],\"@id\":\"https:\\\/\\\/www.purejewels.com\\\/product\\\/22-carat-gold-filigree-pendant-2\\\/\",\"url\":\"https:\\\/\\\/www.purejewels.com\\\/product\\\/22-carat-gold-filigree-pendant-2\\\/\",\"name\":\"22ct Gold Filigree Pendant | Heritage Design by PureJewels\",\"isPartOf\":{\"@id\":\"https:\\\/\\\/www.purejewels.com\\\/#website\"},\"primaryImageOfPage\":{\"@id\":\"https:\\\/\\\/www.purejewels.com\\\/product\\\/22-carat-gold-filigree-pendant-2\\\/#primaryimage\"},\"image\":{\"@id\":\"https:\\\/\\\/www.purejewels.com\\\/product\\\/22-carat-gold-filigree-pendant-2\\\/#primaryimage\"},\"thumbnailUrl\":\"https:\\\/\\\/static.purejewels.com\\\/wp-content\\\/uploads\\\/2019\\\/08\\\/30829.jpg\",\"datePublished\":\"2019-08-09T10:55:56+00:00\",\"dateModified\":\"2025-12-17T09:00:04+00:00\",\"description\":\"This intricately handcrafted 22ct gold pendant features traditional filigree work and granulated detailing \u2014 a radiant symbol of cultural elegance and fine artistry.\",\"breadcrumb\":{\"@id\":\"https:\\\/\\\/www.purejewels.com\\\/product\\\/22-carat-gold-filigree-pendant-2\\\/#breadcrumb\"},\"inLanguage\":\"tr\",\"potentialAction\":[{\"@type\":\"ReadAction\",\"target\":[\"https:\\\/\\\/www.purejewels.com\\\/product\\\/22-carat-gold-filigree-pendant-2\\\/\"]}]},{\"@type\":\"ImageObject\",\"inLanguage\":\"tr\",\"@id\":\"https:\\\/\\\/www.purejewels.com\\\/product\\\/22-carat-gold-filigree-pendant-2\\\/#primaryimage\",\"url\":\"https:\\\/\\\/static.purejewels.com\\\/wp-content\\\/uploads\\\/2019\\\/08\\\/30829.jpg\",\"contentUrl\":\"https:\\\/\\\/static.purejewels.com\\\/wp-content\\\/uploads\\\/2019\\\/08\\\/30829.jpg\",\"width\":1000,\"height\":1000,\"caption\":\"30829\"},{\"@type\":\"BreadcrumbList\",\"@id\":\"https:\\\/\\\/www.purejewels.com\\\/product\\\/22-carat-gold-filigree-pendant-2\\\/#breadcrumb\",\"itemListElement\":[{\"@type\":\"ListItem\",\"position\":1,\"name\":\"Home\",\"item\":\"https:\\\/\\\/www.purejewels.com\\\/\"},{\"@type\":\"ListItem\",\"position\":2,\"name\":\"Shop\",\"item\":\"https:\\\/\\\/www.purejewels.com\\\/shop\\\/\"},{\"@type\":\"ListItem\",\"position\":3,\"name\":\"22ct Gold Filigree Pendant with Granulated Detailing\"}]},{\"@type\":\"WebSite\",\"@id\":\"https:\\\/\\\/www.purejewels.com\\\/#website\",\"url\":\"https:\\\/\\\/www.purejewels.com\\\/\",\"name\":\"PureJewels UK\",\"description\":\"Share the Love\",\"publisher\":{\"@id\":\"https:\\\/\\\/www.purejewels.com\\\/#organization\"},\"potentialAction\":[{\"@type\":\"SearchAction\",\"target\":{\"@type\":\"EntryPoint\",\"urlTemplate\":\"https:\\\/\\\/www.purejewels.com\\\/?s={search_term_string}\"},\"query-input\":{\"@type\":\"PropertyValueSpecification\",\"valueRequired\":true,\"valueName\":\"search_term_string\"}}],\"inLanguage\":\"tr\"},{\"@type\":\"Organization\",\"@id\":\"https:\\\/\\\/www.purejewels.com\\\/#organization\",\"name\":\"PureJewels UK\",\"url\":\"https:\\\/\\\/www.purejewels.com\\\/\",\"logo\":{\"@type\":\"ImageObject\",\"inLanguage\":\"tr\",\"@id\":\"https:\\\/\\\/www.purejewels.com\\\/#\\\/schema\\\/logo\\\/image\\\/\",\"url\":\"https:\\\/\\\/static.purejewels.com\\\/wp-content\\\/uploads\\\/2020\\\/11\\\/Logo-PJ-New-1.png\",\"contentUrl\":\"https:\\\/\\\/static.purejewels.com\\\/wp-content\\\/uploads\\\/2020\\\/11\\\/Logo-PJ-New-1.png\",\"width\":150,\"height\":80,\"caption\":\"PureJewels UK\"},\"image\":{\"@id\":\"https:\\\/\\\/www.purejewels.com\\\/#\\\/schema\\\/logo\\\/image\\\/\"}}]}<\/script>\n<!-- \/ Yoast SEO plugin. -->","yoast_head_json":{"title":"22 ayar alt\u0131n telkari kolye | PureJewels taraf\u0131ndan tasarlanan Heritage tasar\u0131m\u0131","description":"Bu \u00f6zenle el i\u015f\u00e7ili\u011fi ile \u00fcretilmi\u015f 22 ayar alt\u0131n kolye, geleneksel telkari i\u015f\u00e7ili\u011fi ve gran\u00fcl detaylarla s\u00fcslenmi\u015ftir \u2014 k\u00fclt\u00fcrel zarafet ve ince sanat\u0131n parlak bir sembol\u00fcd\u00fcr.","robots":{"index":"index","follow":"follow","max-snippet":"max-snippet:-1","max-image-preview":"max-image-preview:large","max-video-preview":"max-video-preview:-1"},"canonical":"https:\/\/www.purejewels.com\/tr\/urun\/22-ayar-altin-telkari-kolye-ucu-2\/","og_locale":"tr_TR","og_type":"article","og_title":"22ct Gold Filigree Pendant | Heritage Design by PureJewels","og_description":"This intricately handcrafted 22ct gold pendant features traditional filigree work and granulated detailing \u2014 a radiant symbol of cultural elegance and fine artistry.","og_url":"https:\/\/www.purejewels.com\/tr\/urun\/22-ayar-altin-telkari-kolye-ucu-2\/","og_site_name":"PureJewels UK","article_modified_time":"2025-12-17T09:00:04+00:00","og_image":[{"width":1000,"height":1000,"url":"https:\/\/static.purejewels.com\/wp-content\/uploads\/2019\/08\/30829.jpg","type":"image\/jpeg"}],"twitter_card":"summary_large_image","twitter_misc":{"Tahmini okuma s\u00fcresi":"1 dakika"},"schema":{"@context":"https:\/\/schema.org","@graph":[{"@type":["WebPage","ItemPage"],"@id":"https:\/\/www.purejewels.com\/product\/22-carat-gold-filigree-pendant-2\/","url":"https:\/\/www.purejewels.com\/product\/22-carat-gold-filigree-pendant-2\/","name":"22 ayar alt\u0131n telkari kolye | PureJewels taraf\u0131ndan tasarlanan Heritage tasar\u0131m\u0131","isPartOf":{"@id":"https:\/\/www.purejewels.com\/#website"},"primaryImageOfPage":{"@id":"https:\/\/www.purejewels.com\/product\/22-carat-gold-filigree-pendant-2\/#primaryimage"},"image":{"@id":"https:\/\/www.purejewels.com\/product\/22-carat-gold-filigree-pendant-2\/#primaryimage"},"thumbnailUrl":"https:\/\/static.purejewels.com\/wp-content\/uploads\/2019\/08\/30829.jpg","datePublished":"2019-08-09T10:55:56+00:00","dateModified":"2025-12-17T09:00:04+00:00","description":"Bu \u00f6zenle el i\u015f\u00e7ili\u011fi ile \u00fcretilmi\u015f 22 ayar alt\u0131n kolye, geleneksel telkari i\u015f\u00e7ili\u011fi ve gran\u00fcl detaylarla s\u00fcslenmi\u015ftir \u2014 k\u00fclt\u00fcrel zarafet ve ince sanat\u0131n parlak bir sembol\u00fcd\u00fcr.","breadcrumb":{"@id":"https:\/\/www.purejewels.com\/product\/22-carat-gold-filigree-pendant-2\/#breadcrumb"},"inLanguage":"tr","potentialAction":[{"@type":"ReadAction","target":["https:\/\/www.purejewels.com\/product\/22-carat-gold-filigree-pendant-2\/"]}]},{"@type":"ImageObject","inLanguage":"tr","@id":"https:\/\/www.purejewels.com\/product\/22-carat-gold-filigree-pendant-2\/#primaryimage","url":"https:\/\/static.purejewels.com\/wp-content\/uploads\/2019\/08\/30829.jpg","contentUrl":"https:\/\/static.purejewels.com\/wp-content\/uploads\/2019\/08\/30829.jpg","width":1000,"height":1000,"caption":"30829"},{"@type":"BreadcrumbList","@id":"https:\/\/www.purejewels.com\/product\/22-carat-gold-filigree-pendant-2\/#breadcrumb","itemListElement":[{"@type":"ListItem","position":1,"name":"Home","item":"https:\/\/www.purejewels.com\/"},{"@type":"ListItem","position":2,"name":"Shop","item":"https:\/\/www.purejewels.com\/shop\/"},{"@type":"ListItem","position":3,"name":"22ct Gold Filigree Pendant with Granulated Detailing"}]},{"@type":"WebSite","@id":"https:\/\/www.purejewels.com\/#website","url":"https:\/\/www.purejewels.com\/","name":"PureJewels \u0130ngiltere","description":"Sevgiyi Payla\u015f\u0131n","publisher":{"@id":"https:\/\/www.purejewels.com\/#organization"},"potentialAction":[{"@type":"SearchAction","target":{"@type":"EntryPoint","urlTemplate":"https:\/\/www.purejewels.com\/?s={search_term_string}"},"query-input":{"@type":"PropertyValueSpecification","valueRequired":true,"valueName":"search_term_string"}}],"inLanguage":"tr"},{"@type":"Organization","@id":"https:\/\/www.purejewels.com\/#organization","name":"PureJewels \u0130ngiltere","url":"https:\/\/www.purejewels.com\/","logo":{"@type":"ImageObject","inLanguage":"tr","@id":"https:\/\/www.purejewels.com\/#\/schema\/logo\/image\/","url":"https:\/\/static.purejewels.com\/wp-content\/uploads\/2020\/11\/Logo-PJ-New-1.png","contentUrl":"https:\/\/static.purejewels.com\/wp-content\/uploads\/2020\/11\/Logo-PJ-New-1.png","width":150,"height":80,"caption":"PureJewels UK"},"image":{"@id":"https:\/\/www.purejewels.com\/#\/schema\/logo\/image\/"}}]}},"_links":{"self":[{"href":"https:\/\/www.purejewels.com\/tr\/wp-json\/wp\/v2\/product\/310848","targetHints":{"allow":["GET"]}}],"collection":[{"href":"https:\/\/www.purejewels.com\/tr\/wp-json\/wp\/v2\/product"}],"about":[{"href":"https:\/\/www.purejewels.com\/tr\/wp-json\/wp\/v2\/types\/product"}],"replies":[{"embeddable":true,"href":"https:\/\/www.purejewels.com\/tr\/wp-json\/wp\/v2\/comments?post=310848"}],"version-history":[{"count":3,"href":"https:\/\/www.purejewels.com\/tr\/wp-json\/wp\/v2\/product\/310848\/revisions"}],"predecessor-version":[{"id":423288,"href":"https:\/\/www.purejewels.com\/tr\/wp-json\/wp\/v2\/product\/310848\/revisions\/423288"}],"wp:featuredmedia":[{"embeddable":true,"href":"https:\/\/www.purejewels.com\/tr\/wp-json\/wp\/v2\/media\/310849"}],"wp:attachment":[{"href":"https:\/\/www.purejewels.com\/tr\/wp-json\/wp\/v2\/media?parent=310848"}],"wp:term":[{"taxonomy":"product_brand","embeddable":true,"href":"https:\/\/www.purejewels.com\/tr\/wp-json\/wp\/v2\/product_brand?post=310848"},{"taxonomy":"product_cat","embeddable":true,"href":"https:\/\/www.purejewels.com\/tr\/wp-json\/wp\/v2\/product_cat?post=310848"},{"taxonomy":"product_tag","embeddable":true,"href":"https:\/\/www.purejewels.com\/tr\/wp-json\/wp\/v2\/product_tag?post=310848"}],"curies":[{"name":"wp","href":"https:\/\/api.w.org\/{rel}","templated":true}]}}