{"id":311041,"date":"2019-09-02T16:34:06","date_gmt":"2019-09-02T15:34:06","guid":{"rendered":"https:\/\/www.purejewels.com\/?post_type=product&#038;p=311041"},"modified":"2025-09-16T12:44:07","modified_gmt":"2025-09-16T11:44:07","slug":"22-ayar-altin-kutu-zincir-16-inc-2","status":"publish","type":"product","link":"https:\/\/www.purejewels.com\/tr\/product\/22kt-gold-box-chain-in-16-inches-2\/","title":{"rendered":"22 Ayar Alt\u0131n Kutu Zincir 16 in\u00e7"},"content":{"rendered":"<p data-start=\"260\" data-end=\"535\">Bu <strong data-start=\"264\" data-end=\"287\"><a href=\"https:\/\/www.purejewels.com\/tr\/product-category\/22ct-gold-jewellery\/\">22 ayar alt\u0131n<\/a> <a href=\"https:\/\/www.purejewels.com\/tr\/product\/22ct-gold-box-chain-2\/\">Kutu Zincir<\/a><\/strong> hem g\u00fc\u00e7 hem de zarafet sunmak i\u00e7in hassasiyetle \u00fcretilmi\u015f, zamans\u0131z bir vazge\u00e7ilmezdir. Kare \u015feklindeki baklalar\u0131, \u0131\u015f\u0131\u011f\u0131 g\u00fczel bir \u015fekilde yans\u0131tan \u015f\u0131k, geometrik bir siluet olu\u015fturarak zincire her harekette ince ama \u0131\u015f\u0131lt\u0131l\u0131 bir par\u0131lt\u0131 verir.<\/p>\n<p data-start=\"537\" data-end=\"802\">Klasik bir tasar\u0131m <strong data-start=\"559\" data-end=\"577\">16 in\u00e7 uzunluk<\/strong>Boyun \u00e7izgisi boyunca zarif bir \u015fekilde uzanan bu zincir, g\u00fcnl\u00fck kullan\u0131m i\u00e7in \u00e7ok y\u00f6nl\u00fcd\u00fcr. Sade bir sofistike g\u00f6r\u00fcn\u00fcm i\u00e7in tek ba\u015f\u0131na tak\u0131ld\u0131\u011f\u0131nda m\u00fckemmel olan bu zincir, ayn\u0131 zamanda kolyelerle kusursuz bir \u015fekilde e\u015fle\u015ferek g\u00f6r\u00fcn\u00fcm\u00fcn\u00fcz\u00fc ki\u015fiselle\u015ftirmenize olanak tan\u0131r.<\/p>\n<p data-start=\"804\" data-end=\"1063\">El yap\u0131m\u0131 <strong data-start=\"819\" data-end=\"844\">y\u00fcksek safl\u0131kta 22kt alt\u0131n<\/strong>Bu par\u00e7a dayan\u0131kl\u0131l\u0131\u011f\u0131, zarafeti ve gelene\u011fi temsil eder - orijinalli\u011fi garantilemek i\u00e7in damgalanm\u0131\u015ft\u0131r. M\u00fccevher kutusunun vazge\u00e7ilmezi olan kutu zincir, kal\u0131c\u0131 stili ve her durumu tamamlama becerisiyle \u00fcnl\u00fcd\u00fcr.<\/p>","protected":false},"excerpt":{"rendered":"<ul>\n<li>22 Ayar Alt\u0131n Kutu Zincir 16 in\u00e7<\/li>\n<li>A\u011f\u0131rl\u0131k: 2,4 g<\/li>\n<li>SKU . 25130<\/li>\n<li>T\u00fcm fiyatlara KDV dahildir<\/li>\n<li>Londra Tahlil Ofisi Taraf\u0131ndan Damgalanm\u0131\u015f 22 Ayar Alt\u0131n<\/li>\n<li>Sunum Kutusu ile Birlikte Gelir<\/li>\n<li>Teslimat Dahil<\/li>\n<li>Stok durumu ve stokta bulunan benzer tasar\u0131mlar\u0131n daha fazla g\u00f6r\u00fcnt\u00fcs\u00fc i\u00e7in bizimle canl\u0131 sohbet edin<\/li>\n<\/ul>","protected":false},"featured_media":306874,"comment_status":"closed","ping_status":"closed","template":"","meta":{"_eb_attr":"","_crsspst_to_jayantr4sg-hostcom":false},"product_brand":[],"product_cat":[1772,1773],"product_tag":[],"class_list":{"0":"post-311041","1":"product","2":"type-product","3":"status-publish","4":"has-post-thumbnail","6":"product_cat-kids-chains","7":"product_cat-ladies-chains","9":"first","10":"outofstock","11":"featured","12":"taxable","13":"shipping-taxable","14":"product-type-simple","15":"add-to-wishlist-before_image"},"yoast_head":"<!-- This site is optimized with the Yoast SEO plugin v27.3 - https:\/\/yoast.com\/product\/yoast-seo-wordpress\/ -->\n<title>22kt Gold Box Chain in 16 inches - \u00a3144.00 (SKU:25130).<\/title>\n<meta name=\"description\" content=\"Purejewels - Specialists in Diamond, Platinum, 22ct 22kt gold - 22kt Gold Box Chain in 16 inches \u00a3144.00 (SKU:25130)\" \/>\n<meta name=\"robots\" content=\"index, follow, max-snippet:-1, max-image-preview:large, max-video-preview:-1\" \/>\n<link rel=\"canonical\" href=\"https:\/\/www.purejewels.com\/tr\/urun\/22-ayar-altin-kutu-zincir-16-inc-2\/\" \/>\n<meta property=\"og:locale\" content=\"tr_TR\" \/>\n<meta property=\"og:type\" content=\"article\" \/>\n<meta property=\"og:title\" content=\"22kt Gold Box Chain in 16 inches - \u00a3144.00 (SKU:25130).\" \/>\n<meta property=\"og:description\" content=\"Purejewels - Specialists in Diamond, Platinum, 22ct 22kt gold - 22kt Gold Box Chain in 16 inches \u00a3144.00 (SKU:25130)\" \/>\n<meta property=\"og:url\" content=\"https:\/\/www.purejewels.com\/tr\/urun\/22-ayar-altin-kutu-zincir-16-inc-2\/\" \/>\n<meta property=\"og:site_name\" content=\"PureJewels UK\" \/>\n<meta property=\"article:modified_time\" content=\"2025-09-16T11:44:07+00:00\" \/>\n<meta property=\"og:image\" content=\"https:\/\/www.purejewels.com\/wp-content\/uploads\/2018\/12\/23950_1-1.png\" \/>\n\t<meta property=\"og:image:width\" content=\"1000\" \/>\n\t<meta property=\"og:image:height\" content=\"1000\" \/>\n\t<meta property=\"og:image:type\" content=\"image\/png\" \/>\n<meta name=\"twitter:card\" content=\"summary_large_image\" \/>\n<meta name=\"twitter:label1\" content=\"Tahmini okuma s\u00fcresi\" \/>\n\t<meta name=\"twitter:data1\" content=\"1 dakika\" \/>\n<script type=\"application\/ld+json\" class=\"yoast-schema-graph\">{\"@context\":\"https:\\\/\\\/schema.org\",\"@graph\":[{\"@type\":[\"WebPage\",\"ItemPage\"],\"@id\":\"https:\\\/\\\/www.purejewels.com\\\/product\\\/22kt-gold-box-chain-in-16-inches-2\\\/\",\"url\":\"https:\\\/\\\/www.purejewels.com\\\/product\\\/22kt-gold-box-chain-in-16-inches-2\\\/\",\"name\":\"22kt Gold Box Chain in 16 inches - \u00a3144.00 (SKU:25130).\",\"isPartOf\":{\"@id\":\"https:\\\/\\\/www.purejewels.com\\\/#website\"},\"primaryImageOfPage\":{\"@id\":\"https:\\\/\\\/www.purejewels.com\\\/product\\\/22kt-gold-box-chain-in-16-inches-2\\\/#primaryimage\"},\"image\":{\"@id\":\"https:\\\/\\\/www.purejewels.com\\\/product\\\/22kt-gold-box-chain-in-16-inches-2\\\/#primaryimage\"},\"thumbnailUrl\":\"https:\\\/\\\/static.purejewels.com\\\/wp-content\\\/uploads\\\/2018\\\/12\\\/23950_1-1.png\",\"datePublished\":\"2019-09-02T15:34:06+00:00\",\"dateModified\":\"2025-09-16T11:44:07+00:00\",\"description\":\"Purejewels - Specialists in Diamond, Platinum, 22ct 22kt gold - 22kt Gold Box Chain in 16 inches \u00a3144.00 (SKU:25130)\",\"breadcrumb\":{\"@id\":\"https:\\\/\\\/www.purejewels.com\\\/product\\\/22kt-gold-box-chain-in-16-inches-2\\\/#breadcrumb\"},\"inLanguage\":\"tr\",\"potentialAction\":[{\"@type\":\"ReadAction\",\"target\":[\"https:\\\/\\\/www.purejewels.com\\\/product\\\/22kt-gold-box-chain-in-16-inches-2\\\/\"]}]},{\"@type\":\"ImageObject\",\"inLanguage\":\"tr\",\"@id\":\"https:\\\/\\\/www.purejewels.com\\\/product\\\/22kt-gold-box-chain-in-16-inches-2\\\/#primaryimage\",\"url\":\"https:\\\/\\\/static.purejewels.com\\\/wp-content\\\/uploads\\\/2018\\\/12\\\/23950_1-1.png\",\"contentUrl\":\"https:\\\/\\\/static.purejewels.com\\\/wp-content\\\/uploads\\\/2018\\\/12\\\/23950_1-1.png\",\"width\":1000,\"height\":1000,\"caption\":\"box chain light weight 33529\"},{\"@type\":\"BreadcrumbList\",\"@id\":\"https:\\\/\\\/www.purejewels.com\\\/product\\\/22kt-gold-box-chain-in-16-inches-2\\\/#breadcrumb\",\"itemListElement\":[{\"@type\":\"ListItem\",\"position\":1,\"name\":\"Home\",\"item\":\"https:\\\/\\\/www.purejewels.com\\\/\"},{\"@type\":\"ListItem\",\"position\":2,\"name\":\"Shop\",\"item\":\"https:\\\/\\\/www.purejewels.com\\\/shop\\\/\"},{\"@type\":\"ListItem\",\"position\":3,\"name\":\"22kt Gold Box Chain in 16 inches\"}]},{\"@type\":\"WebSite\",\"@id\":\"https:\\\/\\\/www.purejewels.com\\\/#website\",\"url\":\"https:\\\/\\\/www.purejewels.com\\\/\",\"name\":\"PureJewels UK\",\"description\":\"Share the Love\",\"publisher\":{\"@id\":\"https:\\\/\\\/www.purejewels.com\\\/#organization\"},\"potentialAction\":[{\"@type\":\"SearchAction\",\"target\":{\"@type\":\"EntryPoint\",\"urlTemplate\":\"https:\\\/\\\/www.purejewels.com\\\/?s={search_term_string}\"},\"query-input\":{\"@type\":\"PropertyValueSpecification\",\"valueRequired\":true,\"valueName\":\"search_term_string\"}}],\"inLanguage\":\"tr\"},{\"@type\":\"Organization\",\"@id\":\"https:\\\/\\\/www.purejewels.com\\\/#organization\",\"name\":\"PureJewels UK\",\"url\":\"https:\\\/\\\/www.purejewels.com\\\/\",\"logo\":{\"@type\":\"ImageObject\",\"inLanguage\":\"tr\",\"@id\":\"https:\\\/\\\/www.purejewels.com\\\/#\\\/schema\\\/logo\\\/image\\\/\",\"url\":\"https:\\\/\\\/static.purejewels.com\\\/wp-content\\\/uploads\\\/2020\\\/11\\\/Logo-PJ-New-1.png\",\"contentUrl\":\"https:\\\/\\\/static.purejewels.com\\\/wp-content\\\/uploads\\\/2020\\\/11\\\/Logo-PJ-New-1.png\",\"width\":150,\"height\":80,\"caption\":\"PureJewels UK\"},\"image\":{\"@id\":\"https:\\\/\\\/www.purejewels.com\\\/#\\\/schema\\\/logo\\\/image\\\/\"}}]}<\/script>\n<!-- \/ Yoast SEO plugin. -->","yoast_head_json":{"title":"22 ayar alt\u0131n kutu zincir 16 in\u00e7 - 144,00 \u00a3 (SKU:25130).","description":"Purejewels - P\u0131rlanta, Platin, 22 ayar 22 kt alt\u0131n uzmanlar\u0131 - 16 in\u00e7 22 ayar Alt\u0131n Kutu Zincir \u00a3144.00 (SKU:25130)","robots":{"index":"index","follow":"follow","max-snippet":"max-snippet:-1","max-image-preview":"max-image-preview:large","max-video-preview":"max-video-preview:-1"},"canonical":"https:\/\/www.purejewels.com\/tr\/urun\/22-ayar-altin-kutu-zincir-16-inc-2\/","og_locale":"tr_TR","og_type":"article","og_title":"22kt Gold Box Chain in 16 inches - \u00a3144.00 (SKU:25130).","og_description":"Purejewels - Specialists in Diamond, Platinum, 22ct 22kt gold - 22kt Gold Box Chain in 16 inches \u00a3144.00 (SKU:25130)","og_url":"https:\/\/www.purejewels.com\/tr\/urun\/22-ayar-altin-kutu-zincir-16-inc-2\/","og_site_name":"PureJewels UK","article_modified_time":"2025-09-16T11:44:07+00:00","og_image":[{"width":1000,"height":1000,"url":"https:\/\/www.purejewels.com\/wp-content\/uploads\/2018\/12\/23950_1-1.png","type":"image\/png"}],"twitter_card":"summary_large_image","twitter_misc":{"Tahmini okuma s\u00fcresi":"1 dakika"},"schema":{"@context":"https:\/\/schema.org","@graph":[{"@type":["WebPage","ItemPage"],"@id":"https:\/\/www.purejewels.com\/product\/22kt-gold-box-chain-in-16-inches-2\/","url":"https:\/\/www.purejewels.com\/product\/22kt-gold-box-chain-in-16-inches-2\/","name":"22 ayar alt\u0131n kutu zincir 16 in\u00e7 - 144,00 \u00a3 (SKU:25130).","isPartOf":{"@id":"https:\/\/www.purejewels.com\/#website"},"primaryImageOfPage":{"@id":"https:\/\/www.purejewels.com\/product\/22kt-gold-box-chain-in-16-inches-2\/#primaryimage"},"image":{"@id":"https:\/\/www.purejewels.com\/product\/22kt-gold-box-chain-in-16-inches-2\/#primaryimage"},"thumbnailUrl":"https:\/\/static.purejewels.com\/wp-content\/uploads\/2018\/12\/23950_1-1.png","datePublished":"2019-09-02T15:34:06+00:00","dateModified":"2025-09-16T11:44:07+00:00","description":"Purejewels - P\u0131rlanta, Platin, 22 ayar 22 kt alt\u0131n uzmanlar\u0131 - 16 in\u00e7 22 ayar Alt\u0131n Kutu Zincir \u00a3144.00 (SKU:25130)","breadcrumb":{"@id":"https:\/\/www.purejewels.com\/product\/22kt-gold-box-chain-in-16-inches-2\/#breadcrumb"},"inLanguage":"tr","potentialAction":[{"@type":"ReadAction","target":["https:\/\/www.purejewels.com\/product\/22kt-gold-box-chain-in-16-inches-2\/"]}]},{"@type":"ImageObject","inLanguage":"tr","@id":"https:\/\/www.purejewels.com\/product\/22kt-gold-box-chain-in-16-inches-2\/#primaryimage","url":"https:\/\/static.purejewels.com\/wp-content\/uploads\/2018\/12\/23950_1-1.png","contentUrl":"https:\/\/static.purejewels.com\/wp-content\/uploads\/2018\/12\/23950_1-1.png","width":1000,"height":1000,"caption":"box chain light weight 33529"},{"@type":"BreadcrumbList","@id":"https:\/\/www.purejewels.com\/product\/22kt-gold-box-chain-in-16-inches-2\/#breadcrumb","itemListElement":[{"@type":"ListItem","position":1,"name":"Home","item":"https:\/\/www.purejewels.com\/"},{"@type":"ListItem","position":2,"name":"Shop","item":"https:\/\/www.purejewels.com\/shop\/"},{"@type":"ListItem","position":3,"name":"22kt Gold Box Chain in 16 inches"}]},{"@type":"WebSite","@id":"https:\/\/www.purejewels.com\/#website","url":"https:\/\/www.purejewels.com\/","name":"PureJewels \u0130ngiltere","description":"Sevgiyi Payla\u015f\u0131n","publisher":{"@id":"https:\/\/www.purejewels.com\/#organization"},"potentialAction":[{"@type":"SearchAction","target":{"@type":"EntryPoint","urlTemplate":"https:\/\/www.purejewels.com\/?s={search_term_string}"},"query-input":{"@type":"PropertyValueSpecification","valueRequired":true,"valueName":"search_term_string"}}],"inLanguage":"tr"},{"@type":"Organization","@id":"https:\/\/www.purejewels.com\/#organization","name":"PureJewels \u0130ngiltere","url":"https:\/\/www.purejewels.com\/","logo":{"@type":"ImageObject","inLanguage":"tr","@id":"https:\/\/www.purejewels.com\/#\/schema\/logo\/image\/","url":"https:\/\/static.purejewels.com\/wp-content\/uploads\/2020\/11\/Logo-PJ-New-1.png","contentUrl":"https:\/\/static.purejewels.com\/wp-content\/uploads\/2020\/11\/Logo-PJ-New-1.png","width":150,"height":80,"caption":"PureJewels UK"},"image":{"@id":"https:\/\/www.purejewels.com\/#\/schema\/logo\/image\/"}}]}},"_links":{"self":[{"href":"https:\/\/www.purejewels.com\/tr\/wp-json\/wp\/v2\/product\/311041","targetHints":{"allow":["GET"]}}],"collection":[{"href":"https:\/\/www.purejewels.com\/tr\/wp-json\/wp\/v2\/product"}],"about":[{"href":"https:\/\/www.purejewels.com\/tr\/wp-json\/wp\/v2\/types\/product"}],"replies":[{"embeddable":true,"href":"https:\/\/www.purejewels.com\/tr\/wp-json\/wp\/v2\/comments?post=311041"}],"version-history":[{"count":3,"href":"https:\/\/www.purejewels.com\/tr\/wp-json\/wp\/v2\/product\/311041\/revisions"}],"predecessor-version":[{"id":415472,"href":"https:\/\/www.purejewels.com\/tr\/wp-json\/wp\/v2\/product\/311041\/revisions\/415472"}],"wp:featuredmedia":[{"embeddable":true,"href":"https:\/\/www.purejewels.com\/tr\/wp-json\/wp\/v2\/media\/306874"}],"wp:attachment":[{"href":"https:\/\/www.purejewels.com\/tr\/wp-json\/wp\/v2\/media?parent=311041"}],"wp:term":[{"taxonomy":"product_brand","embeddable":true,"href":"https:\/\/www.purejewels.com\/tr\/wp-json\/wp\/v2\/product_brand?post=311041"},{"taxonomy":"product_cat","embeddable":true,"href":"https:\/\/www.purejewels.com\/tr\/wp-json\/wp\/v2\/product_cat?post=311041"},{"taxonomy":"product_tag","embeddable":true,"href":"https:\/\/www.purejewels.com\/tr\/wp-json\/wp\/v2\/product_tag?post=311041"}],"curies":[{"name":"wp","href":"https:\/\/api.w.org\/{rel}","templated":true}]}}