{"id":311137,"date":"2019-09-23T08:29:20","date_gmt":"2019-09-23T07:29:20","guid":{"rendered":"https:\/\/www.purejewels.com\/?post_type=product&#038;p=311137"},"modified":"2025-05-23T08:16:16","modified_gmt":"2025-05-23T07:16:16","slug":"22-ayar-altin-poncha-bileklik-48822","status":"publish","type":"product","link":"https:\/\/www.purejewels.com\/tr\/product\/22ct-gold-poncha-bracelet\/","title":{"rendered":"22 Ayar Alt\u0131n Poncha Bileklik"},"content":{"rendered":"<p>Poncha bilezikleri pop\u00fcler olarak 'Haath Phools' ve 'Hath Panjas' isimleriyle de tan\u0131mlanmaktad\u0131r. Bu bilek s\u00fcsleri her zaman geleneksel Hint m\u00fccevher kutular\u0131n\u0131n bir par\u00e7as\u0131 olmu\u015ftur. Arad\u0131\u011f\u0131n\u0131zda, size ya da annenize nesiller boyunca aktar\u0131lan aile yadig\u00e2r\u0131 kutunuzda bunlardan en az birini bulaca\u011f\u0131n\u0131zdan emin olabilirsiniz.<\/p>\n<p>Bu <a href=\"https:\/\/www.purejewels.com\/tr\/product\/22ct-sunrise-gold-rosette-poncha-bracelet-with-ring-34687\/\">Alt\u0131n Poncha<\/a> Purejewels'in bileklik tasar\u0131m\u0131, \u00f6zel bir g\u00fcnde takman\u0131z i\u00e7in tasarlanm\u0131\u015f muhte\u015fem bir \u00e7i\u00e7ek buketi gibi g\u00f6r\u00fcn\u00fcyor. Birbirine ba\u011flanm\u0131\u015f s\u00fcper detayl\u0131 \u00e7i\u00e7eklerden olu\u015fan bir demet ile ba\u015fl\u0131yor. <a href=\"https:\/\/www.purejewels.com\/tr\/product-category\/22ct-gold-jewellery\/gold-bracelet\/\">Bilezik<\/a> daha da uzanarak merkezde g\u00fczel bir \u015fekilde oturan abart\u0131l\u0131 bir el oymas\u0131 \u00e7i\u00e7ek unsuruna d\u00f6n\u00fc\u015f\u00fcr. Merkezdeki unsur, bile\u011finizdeki gibi tekrarlayan \u00e7i\u00e7ek unsurlar\u0131yla cesur \u00e7i\u00e7ek ba\u011flant\u0131s\u0131na ba\u011flan\u0131r.<\/p>\n<p>Poncha Bilezikler temelde basit bileziklerin daha s\u00fcsl\u00fc ve g\u00f6rkemli bir versiyonudur veya <a href=\"https:\/\/www.purejewels.com\/tr\/how-to-measure-bangle-size-2\/\">B\u0130LEZ\u0130KLER<\/a>. Abart\u0131l\u0131d\u0131rlar ve kendilerine has bir \u00e7ekicilikleri vard\u0131r. Bu Poncha, \u00f6zel g\u00fcn\u00fcn\u00fczde takman\u0131z i\u00e7in \u00f6zel olarak \u00fcretilmi\u015f bir g\u00f6steri\u015ftir. Tasar\u0131m\u0131 onu sadece hediye i\u00e7in m\u00fckemmel bir aksesuar yapmakla kalmaz, ayn\u0131 zamanda nesiller boyunca aktar\u0131labilir ve aile yadigar\u0131 m\u00fccevher koleksiyonunun bir par\u00e7as\u0131 haline gelebilir.<\/p>","protected":false},"excerpt":{"rendered":"<ul>\n<li>22 Ayar Alt\u0131n Poncha Bileklik<\/li>\n<li>A\u011f\u0131rl\u0131k 23 gms<\/li>\n<li>SKU.31103<\/li>\n<li>T\u00fcm fiyatlara KDV dahildir<\/li>\n<li>Londra Tahlil Ofisi Taraf\u0131ndan Damgalanm\u0131\u015f 22 Ayar Alt\u0131n<\/li>\n<li>Sunum Kutusu ile Birlikte Gelir<\/li>\n<li>Teslimat Dahil<\/li>\n<li>Stok durumu ve stokta bulunan benzer tasar\u0131mlar\u0131n daha fazla g\u00f6r\u00fcnt\u00fcs\u00fc i\u00e7in bizimle canl\u0131 sohbet edin<\/li>\n<\/ul>","protected":false},"featured_media":315409,"comment_status":"closed","ping_status":"closed","template":"","meta":{"_eb_attr":"","_crsspst_to_jayantr4sg-hostcom":false},"product_brand":[],"product_cat":[1229,1718,5586,1656],"product_tag":[],"class_list":{"0":"post-311137","1":"product","2":"type-product","3":"status-publish","4":"has-post-thumbnail","6":"product_cat-22ct-gold-jewellery","7":"product_cat-ladies-poncha","8":"product_cat-rosette-bracelet","9":"product_cat-rosettes-collections","11":"first","12":"onbackorder","13":"taxable","14":"shipping-taxable","15":"product-type-simple","16":"add-to-wishlist-before_image"},"yoast_head":"<!-- This site is optimized with the Yoast SEO plugin v27.5 - https:\/\/yoast.com\/product\/yoast-seo-wordpress\/ -->\n<title>22ct Gold Poncha Bracelet - PureJewels UK<\/title>\n<meta name=\"robots\" content=\"index, follow, max-snippet:-1, max-image-preview:large, max-video-preview:-1\" \/>\n<link rel=\"canonical\" href=\"https:\/\/www.purejewels.com\/tr\/urun\/22-ayar-altin-poncha-bileklik-48822\/\" \/>\n<meta property=\"og:locale\" content=\"tr_TR\" \/>\n<meta property=\"og:type\" content=\"article\" \/>\n<meta property=\"og:title\" content=\"22ct Gold Poncha Bracelet - PureJewels UK\" \/>\n<meta property=\"og:description\" content=\"22ct Gold Poncha Bracelet  Wt. 23 gms  SKU.31103  All prices include VAT  22ct Gold\u00a0Hallmarked by London Assay Office  Comes With Presentation Box  Delivery Included  Live chat with us for availability and more images of similar designs currently in stock\" \/>\n<meta property=\"og:url\" content=\"https:\/\/www.purejewels.com\/tr\/urun\/22-ayar-altin-poncha-bileklik-48822\/\" \/>\n<meta property=\"og:site_name\" content=\"PureJewels UK\" \/>\n<meta property=\"article:modified_time\" content=\"2025-05-23T07:16:16+00:00\" \/>\n<meta property=\"og:image\" content=\"https:\/\/www.purejewels.com\/wp-content\/uploads\/2020\/06\/139602658.jpg\" \/>\n\t<meta property=\"og:image:width\" content=\"1000\" \/>\n\t<meta property=\"og:image:height\" content=\"1000\" \/>\n\t<meta property=\"og:image:type\" content=\"image\/jpeg\" \/>\n<meta name=\"twitter:card\" content=\"summary_large_image\" \/>\n<meta name=\"twitter:label1\" content=\"Tahmini okuma s\u00fcresi\" \/>\n\t<meta name=\"twitter:data1\" content=\"1 dakika\" \/>\n<script type=\"application\/ld+json\" class=\"yoast-schema-graph\">{\"@context\":\"https:\\\/\\\/schema.org\",\"@graph\":[{\"@type\":[\"WebPage\",\"ItemPage\"],\"@id\":\"https:\\\/\\\/www.purejewels.com\\\/product\\\/22ct-gold-poncha-bracelet\\\/\",\"url\":\"https:\\\/\\\/www.purejewels.com\\\/product\\\/22ct-gold-poncha-bracelet\\\/\",\"name\":\"22ct Gold Poncha Bracelet - PureJewels UK\",\"isPartOf\":{\"@id\":\"https:\\\/\\\/www.purejewels.com\\\/#website\"},\"primaryImageOfPage\":{\"@id\":\"https:\\\/\\\/www.purejewels.com\\\/product\\\/22ct-gold-poncha-bracelet\\\/#primaryimage\"},\"image\":{\"@id\":\"https:\\\/\\\/www.purejewels.com\\\/product\\\/22ct-gold-poncha-bracelet\\\/#primaryimage\"},\"thumbnailUrl\":\"https:\\\/\\\/static.purejewels.com\\\/wp-content\\\/uploads\\\/2020\\\/06\\\/139602658.jpg\",\"datePublished\":\"2019-09-23T07:29:20+00:00\",\"dateModified\":\"2025-05-23T07:16:16+00:00\",\"breadcrumb\":{\"@id\":\"https:\\\/\\\/www.purejewels.com\\\/product\\\/22ct-gold-poncha-bracelet\\\/#breadcrumb\"},\"inLanguage\":\"tr\",\"potentialAction\":[{\"@type\":\"ReadAction\",\"target\":[\"https:\\\/\\\/www.purejewels.com\\\/product\\\/22ct-gold-poncha-bracelet\\\/\"]}]},{\"@type\":\"ImageObject\",\"inLanguage\":\"tr\",\"@id\":\"https:\\\/\\\/www.purejewels.com\\\/product\\\/22ct-gold-poncha-bracelet\\\/#primaryimage\",\"url\":\"https:\\\/\\\/static.purejewels.com\\\/wp-content\\\/uploads\\\/2020\\\/06\\\/139602658.jpg\",\"contentUrl\":\"https:\\\/\\\/static.purejewels.com\\\/wp-content\\\/uploads\\\/2020\\\/06\\\/139602658.jpg\",\"width\":1000,\"height\":1000,\"caption\":\"22ct Gold Poncha BraceletWt. 23 gSKU.31103All prices include VAT22ct Gold\u00a0Hallmarked by London Assay OfficeComes With Presentation BoxDelivery IncludedLive chat with us for availability and more images of similar designs currently in stock\"},{\"@type\":\"BreadcrumbList\",\"@id\":\"https:\\\/\\\/www.purejewels.com\\\/product\\\/22ct-gold-poncha-bracelet\\\/#breadcrumb\",\"itemListElement\":[{\"@type\":\"ListItem\",\"position\":1,\"name\":\"Home\",\"item\":\"https:\\\/\\\/www.purejewels.com\\\/\"},{\"@type\":\"ListItem\",\"position\":2,\"name\":\"Shop\",\"item\":\"https:\\\/\\\/www.purejewels.com\\\/shop\\\/\"},{\"@type\":\"ListItem\",\"position\":3,\"name\":\"22ct Gold Poncha Bracelet\"}]},{\"@type\":\"WebSite\",\"@id\":\"https:\\\/\\\/www.purejewels.com\\\/#website\",\"url\":\"https:\\\/\\\/www.purejewels.com\\\/\",\"name\":\"PureJewels UK\",\"description\":\"Share the Love\",\"publisher\":{\"@id\":\"https:\\\/\\\/www.purejewels.com\\\/#organization\"},\"potentialAction\":[{\"@type\":\"SearchAction\",\"target\":{\"@type\":\"EntryPoint\",\"urlTemplate\":\"https:\\\/\\\/www.purejewels.com\\\/?s={search_term_string}\"},\"query-input\":{\"@type\":\"PropertyValueSpecification\",\"valueRequired\":true,\"valueName\":\"search_term_string\"}}],\"inLanguage\":\"tr\"},{\"@type\":\"Organization\",\"@id\":\"https:\\\/\\\/www.purejewels.com\\\/#organization\",\"name\":\"PureJewels UK\",\"url\":\"https:\\\/\\\/www.purejewels.com\\\/\",\"logo\":{\"@type\":\"ImageObject\",\"inLanguage\":\"tr\",\"@id\":\"https:\\\/\\\/www.purejewels.com\\\/#\\\/schema\\\/logo\\\/image\\\/\",\"url\":\"https:\\\/\\\/static.purejewels.com\\\/wp-content\\\/uploads\\\/2020\\\/11\\\/Logo-PJ-New-1.png\",\"contentUrl\":\"https:\\\/\\\/static.purejewels.com\\\/wp-content\\\/uploads\\\/2020\\\/11\\\/Logo-PJ-New-1.png\",\"width\":150,\"height\":80,\"caption\":\"PureJewels UK\"},\"image\":{\"@id\":\"https:\\\/\\\/www.purejewels.com\\\/#\\\/schema\\\/logo\\\/image\\\/\"}}]}<\/script>\n<!-- \/ Yoast SEO plugin. -->","yoast_head_json":{"title":"22 Ayar Alt\u0131n Poncha Bileklik - PureJewels UK","robots":{"index":"index","follow":"follow","max-snippet":"max-snippet:-1","max-image-preview":"max-image-preview:large","max-video-preview":"max-video-preview:-1"},"canonical":"https:\/\/www.purejewels.com\/tr\/urun\/22-ayar-altin-poncha-bileklik-48822\/","og_locale":"tr_TR","og_type":"article","og_title":"22ct Gold Poncha Bracelet - PureJewels UK","og_description":"22ct Gold Poncha Bracelet  Wt. 23 gms  SKU.31103  All prices include VAT  22ct Gold\u00a0Hallmarked by London Assay Office  Comes With Presentation Box  Delivery Included  Live chat with us for availability and more images of similar designs currently in stock","og_url":"https:\/\/www.purejewels.com\/tr\/urun\/22-ayar-altin-poncha-bileklik-48822\/","og_site_name":"PureJewels UK","article_modified_time":"2025-05-23T07:16:16+00:00","og_image":[{"width":1000,"height":1000,"url":"https:\/\/www.purejewels.com\/wp-content\/uploads\/2020\/06\/139602658.jpg","type":"image\/jpeg"}],"twitter_card":"summary_large_image","twitter_misc":{"Tahmini okuma s\u00fcresi":"1 dakika"},"schema":{"@context":"https:\/\/schema.org","@graph":[{"@type":["WebPage","ItemPage"],"@id":"https:\/\/www.purejewels.com\/product\/22ct-gold-poncha-bracelet\/","url":"https:\/\/www.purejewels.com\/product\/22ct-gold-poncha-bracelet\/","name":"22 Ayar Alt\u0131n Poncha Bileklik - PureJewels UK","isPartOf":{"@id":"https:\/\/www.purejewels.com\/#website"},"primaryImageOfPage":{"@id":"https:\/\/www.purejewels.com\/product\/22ct-gold-poncha-bracelet\/#primaryimage"},"image":{"@id":"https:\/\/www.purejewels.com\/product\/22ct-gold-poncha-bracelet\/#primaryimage"},"thumbnailUrl":"https:\/\/static.purejewels.com\/wp-content\/uploads\/2020\/06\/139602658.jpg","datePublished":"2019-09-23T07:29:20+00:00","dateModified":"2025-05-23T07:16:16+00:00","breadcrumb":{"@id":"https:\/\/www.purejewels.com\/product\/22ct-gold-poncha-bracelet\/#breadcrumb"},"inLanguage":"tr","potentialAction":[{"@type":"ReadAction","target":["https:\/\/www.purejewels.com\/product\/22ct-gold-poncha-bracelet\/"]}]},{"@type":"ImageObject","inLanguage":"tr","@id":"https:\/\/www.purejewels.com\/product\/22ct-gold-poncha-bracelet\/#primaryimage","url":"https:\/\/static.purejewels.com\/wp-content\/uploads\/2020\/06\/139602658.jpg","contentUrl":"https:\/\/static.purejewels.com\/wp-content\/uploads\/2020\/06\/139602658.jpg","width":1000,"height":1000,"caption":"22ct Gold Poncha BraceletWt. 23 gSKU.31103All prices include VAT22ct Gold\u00a0Hallmarked by London Assay OfficeComes With Presentation BoxDelivery IncludedLive chat with us for availability and more images of similar designs currently in stock"},{"@type":"BreadcrumbList","@id":"https:\/\/www.purejewels.com\/product\/22ct-gold-poncha-bracelet\/#breadcrumb","itemListElement":[{"@type":"ListItem","position":1,"name":"Home","item":"https:\/\/www.purejewels.com\/"},{"@type":"ListItem","position":2,"name":"Shop","item":"https:\/\/www.purejewels.com\/shop\/"},{"@type":"ListItem","position":3,"name":"22ct Gold Poncha Bracelet"}]},{"@type":"WebSite","@id":"https:\/\/www.purejewels.com\/#website","url":"https:\/\/www.purejewels.com\/","name":"PureJewels \u0130ngiltere","description":"Sevgiyi Payla\u015f\u0131n","publisher":{"@id":"https:\/\/www.purejewels.com\/#organization"},"potentialAction":[{"@type":"SearchAction","target":{"@type":"EntryPoint","urlTemplate":"https:\/\/www.purejewels.com\/?s={search_term_string}"},"query-input":{"@type":"PropertyValueSpecification","valueRequired":true,"valueName":"search_term_string"}}],"inLanguage":"tr"},{"@type":"Organization","@id":"https:\/\/www.purejewels.com\/#organization","name":"PureJewels \u0130ngiltere","url":"https:\/\/www.purejewels.com\/","logo":{"@type":"ImageObject","inLanguage":"tr","@id":"https:\/\/www.purejewels.com\/#\/schema\/logo\/image\/","url":"https:\/\/static.purejewels.com\/wp-content\/uploads\/2020\/11\/Logo-PJ-New-1.png","contentUrl":"https:\/\/static.purejewels.com\/wp-content\/uploads\/2020\/11\/Logo-PJ-New-1.png","width":150,"height":80,"caption":"PureJewels UK"},"image":{"@id":"https:\/\/www.purejewels.com\/#\/schema\/logo\/image\/"}}]}},"_links":{"self":[{"href":"https:\/\/www.purejewels.com\/tr\/wp-json\/wp\/v2\/product\/311137","targetHints":{"allow":["GET"]}}],"collection":[{"href":"https:\/\/www.purejewels.com\/tr\/wp-json\/wp\/v2\/product"}],"about":[{"href":"https:\/\/www.purejewels.com\/tr\/wp-json\/wp\/v2\/types\/product"}],"replies":[{"embeddable":true,"href":"https:\/\/www.purejewels.com\/tr\/wp-json\/wp\/v2\/comments?post=311137"}],"version-history":[{"count":1,"href":"https:\/\/www.purejewels.com\/tr\/wp-json\/wp\/v2\/product\/311137\/revisions"}],"predecessor-version":[{"id":384612,"href":"https:\/\/www.purejewels.com\/tr\/wp-json\/wp\/v2\/product\/311137\/revisions\/384612"}],"wp:featuredmedia":[{"embeddable":true,"href":"https:\/\/www.purejewels.com\/tr\/wp-json\/wp\/v2\/media\/315409"}],"wp:attachment":[{"href":"https:\/\/www.purejewels.com\/tr\/wp-json\/wp\/v2\/media?parent=311137"}],"wp:term":[{"taxonomy":"product_brand","embeddable":true,"href":"https:\/\/www.purejewels.com\/tr\/wp-json\/wp\/v2\/product_brand?post=311137"},{"taxonomy":"product_cat","embeddable":true,"href":"https:\/\/www.purejewels.com\/tr\/wp-json\/wp\/v2\/product_cat?post=311137"},{"taxonomy":"product_tag","embeddable":true,"href":"https:\/\/www.purejewels.com\/tr\/wp-json\/wp\/v2\/product_tag?post=311137"}],"curies":[{"name":"wp","href":"https:\/\/api.w.org\/{rel}","templated":true}]}}