{"id":311140,"date":"2019-09-23T10:34:52","date_gmt":"2019-09-23T09:34:52","guid":{"rendered":"https:\/\/www.purejewels.com\/?post_type=product&#038;p=311140"},"modified":"2026-01-19T11:02:24","modified_gmt":"2026-01-19T11:02:24","slug":"antik-kaplamali-22-ayar-altin-kada-3","status":"publish","type":"product","link":"https:\/\/www.purejewels.com\/tr\/product\/22-karat-gold-kada-with-antique-finish-3\/","title":{"rendered":"22 ayar alt\u0131n rozetli bileklik \u2013 \u00c7i\u00e7ek desenli antika kaplama"},"content":{"rendered":"<p>Sevilen Rosettes Koleksiyonumuzun imza par\u00e7as\u0131 olan bu 22 ayar alt\u0131n s\u00fcsl\u00fc bileklikle sanatsal gelene\u011fi kutlay\u0131n. \u00dc\u00e7 boyutlu \u00e7i\u00e7ek motifleriyle elle oyulmu\u015f ve zengin antika kaplama dokularla kaplanm\u0131\u015f bu bileklik, vintage zarafeti ve sembolik kad\u0131ns\u0131l\u0131\u011f\u0131 yans\u0131t\u0131yor.<\/p>\n<p>Tasar\u0131m, bir kad\u0131n\u0131n yolculu\u011funun mozai\u011finden ilham al\u0131yor ve her bir yaprak, g\u00fczellik, dayan\u0131kl\u0131l\u0131k ve yenilenmenin bir b\u00f6l\u00fcm\u00fcn\u00fc simgeliyor. \u00c7i\u00e7ek \u015fekilleri, dokulu alt\u0131n bir bant \u00fczerine ustaca yerle\u015ftirilmi\u015f ve yumu\u015fak k\u0131vr\u0131mlar ile karma\u015f\u0131k y\u00fczey detaylar\u0131 bir arada sunuluyor. Bu tasar\u0131m, PureJewels'\u0131n incelikli i\u015f\u00e7ili\u011fe olan ba\u011fl\u0131l\u0131\u011f\u0131n\u0131 yans\u0131t\u0131yor.<\/p>\n<p>G\u00fcvenli kullan\u0131m i\u00e7in geleneksel vidal\u0131 arka kapak ile tasarlanan bileklik, zenginlikten \u00f6d\u00fcn vermeden konfor sa\u011flayan a\u00e7\u0131k i\u015f\u00e7ilikli i\u00e7 galeriye sahiptir.<\/p>","protected":false},"excerpt":{"rendered":"<p>El yap\u0131m\u0131 22 ayar alt\u0131n bileklik, oyma \u00e7i\u00e7ek motifleri ve antika kaplama dokularla s\u00fcslenmi\u015ftir. Rosettes Koleksiyonu'nun bir par\u00e7as\u0131 olan bu bileklik, g\u00fcvenli vidal\u0131 kapama mekanizmas\u0131na sahiptir.<\/p>\n<ul>\n<li>Rozet Koleksiyonumuzdan Antik Kaplamal\u0131 22 Ayar Alt\u0131n S\u00fcsl\u00fc Bileklik<\/li>\n<li>Vidal\u0131 S\u0131rtl\u0131<\/li>\n<li>A\u011f\u0131rl\u0131k 27.8 g<\/li>\n<li>SKU. 31112<\/li>\n<li>Her boyutta sipari\u015f \u00fczerine yap\u0131labilir<\/li>\n<li>T\u00fcm fiyatlara KDV dahildir<\/li>\n<li>T\u00fcm \u00fcr\u00fcnlerimiz London Assay Office taraf\u0131ndan damgalanm\u0131\u015ft\u0131r<\/li>\n<li>Sunum Kutusu ile Birlikte Gelir<\/li>\n<li>Teslimat Dahil<\/li>\n<li>\u00dcr\u00fcn\u00fcn canl\u0131 videosu i\u00e7in bize ula\u015f\u0131n \/ bizimle sohbet edin<\/li>\n<\/ul>","protected":false},"featured_media":311187,"comment_status":"closed","ping_status":"closed","template":"","meta":{"_eb_attr":"","_crsspst_to_jayantr4sg-hostcom":false},"product_brand":[],"product_cat":[1233,1229,5271,5273,1656,1657,1574],"product_tag":[],"class_list":{"0":"post-311140","1":"product","2":"type-product","3":"status-publish","4":"has-post-thumbnail","6":"product_cat-gold-bangles","7":"product_cat-22ct-gold-jewellery","8":"product_cat-occasion-wear-bangles","9":"product_cat-22ct-gold-poncha-bracelet","10":"product_cat-rosettes-collections","11":"product_cat-single-bangle","12":"product_cat-womens-jewellery","14":"first","15":"onbackorder","16":"taxable","17":"shipping-taxable","18":"product-type-simple","19":"add-to-wishlist-before_image"},"yoast_head":"<!-- This site is optimized with the Yoast SEO plugin v27.3 - https:\/\/yoast.com\/product\/yoast-seo-wordpress\/ -->\n<title>22ct Gold Floral Bangle | Antique Finish | Rosettes Collection<\/title>\n<meta name=\"description\" content=\"Discover PureJewels&#039; Rosettes Collection: This 22ct gold floral bangle features antique texturing, dimensional blooms, and a secure screw clasp.\" \/>\n<meta name=\"robots\" content=\"index, follow, max-snippet:-1, max-image-preview:large, max-video-preview:-1\" \/>\n<link rel=\"canonical\" href=\"https:\/\/www.purejewels.com\/tr\/urun\/antik-kaplamali-22-ayar-altin-kada-3\/\" \/>\n<meta property=\"og:locale\" content=\"tr_TR\" \/>\n<meta property=\"og:type\" content=\"article\" \/>\n<meta property=\"og:title\" content=\"22ct Gold Floral Bangle | Antique Finish | Rosettes Collection\" \/>\n<meta property=\"og:description\" content=\"Discover PureJewels&#039; Rosettes Collection: This 22ct gold floral bangle features antique texturing, dimensional blooms, and a secure screw clasp.\" \/>\n<meta property=\"og:url\" content=\"https:\/\/www.purejewels.com\/tr\/urun\/antik-kaplamali-22-ayar-altin-kada-3\/\" \/>\n<meta property=\"og:site_name\" content=\"PureJewels UK\" \/>\n<meta property=\"article:modified_time\" content=\"2026-01-19T11:02:24+00:00\" \/>\n<meta property=\"og:image\" content=\"https:\/\/static.purejewels.com\/wp-content\/uploads\/2019\/09\/31112.jpg\" \/>\n\t<meta property=\"og:image:width\" content=\"1000\" \/>\n\t<meta property=\"og:image:height\" content=\"1000\" \/>\n\t<meta property=\"og:image:type\" content=\"image\/jpeg\" \/>\n<meta name=\"twitter:card\" content=\"summary_large_image\" \/>\n<meta name=\"twitter:label1\" content=\"Tahmini okuma s\u00fcresi\" \/>\n\t<meta name=\"twitter:data1\" content=\"1 dakika\" \/>\n<script type=\"application\/ld+json\" class=\"yoast-schema-graph\">{\"@context\":\"https:\\\/\\\/schema.org\",\"@graph\":[{\"@type\":[\"WebPage\",\"ItemPage\"],\"@id\":\"https:\\\/\\\/www.purejewels.com\\\/product\\\/22-karat-gold-kada-with-antique-finish-3\\\/\",\"url\":\"https:\\\/\\\/www.purejewels.com\\\/product\\\/22-karat-gold-kada-with-antique-finish-3\\\/\",\"name\":\"22ct Gold Floral Bangle | Antique Finish | Rosettes Collection\",\"isPartOf\":{\"@id\":\"https:\\\/\\\/www.purejewels.com\\\/#website\"},\"primaryImageOfPage\":{\"@id\":\"https:\\\/\\\/www.purejewels.com\\\/product\\\/22-karat-gold-kada-with-antique-finish-3\\\/#primaryimage\"},\"image\":{\"@id\":\"https:\\\/\\\/www.purejewels.com\\\/product\\\/22-karat-gold-kada-with-antique-finish-3\\\/#primaryimage\"},\"thumbnailUrl\":\"https:\\\/\\\/static.purejewels.com\\\/wp-content\\\/uploads\\\/2019\\\/09\\\/31112.jpg\",\"datePublished\":\"2019-09-23T09:34:52+00:00\",\"dateModified\":\"2026-01-19T11:02:24+00:00\",\"description\":\"Discover PureJewels' Rosettes Collection: This 22ct gold floral bangle features antique texturing, dimensional blooms, and a secure screw clasp.\",\"breadcrumb\":{\"@id\":\"https:\\\/\\\/www.purejewels.com\\\/product\\\/22-karat-gold-kada-with-antique-finish-3\\\/#breadcrumb\"},\"inLanguage\":\"tr\",\"potentialAction\":[{\"@type\":\"ReadAction\",\"target\":[\"https:\\\/\\\/www.purejewels.com\\\/product\\\/22-karat-gold-kada-with-antique-finish-3\\\/\"]}]},{\"@type\":\"ImageObject\",\"inLanguage\":\"tr\",\"@id\":\"https:\\\/\\\/www.purejewels.com\\\/product\\\/22-karat-gold-kada-with-antique-finish-3\\\/#primaryimage\",\"url\":\"https:\\\/\\\/static.purejewels.com\\\/wp-content\\\/uploads\\\/2019\\\/09\\\/31112.jpg\",\"contentUrl\":\"https:\\\/\\\/static.purejewels.com\\\/wp-content\\\/uploads\\\/2019\\\/09\\\/31112.jpg\",\"width\":1000,\"height\":1000,\"caption\":\"31112\"},{\"@type\":\"BreadcrumbList\",\"@id\":\"https:\\\/\\\/www.purejewels.com\\\/product\\\/22-karat-gold-kada-with-antique-finish-3\\\/#breadcrumb\",\"itemListElement\":[{\"@type\":\"ListItem\",\"position\":1,\"name\":\"Home\",\"item\":\"https:\\\/\\\/www.purejewels.com\\\/\"},{\"@type\":\"ListItem\",\"position\":2,\"name\":\"Shop\",\"item\":\"https:\\\/\\\/www.purejewels.com\\\/shop\\\/\"},{\"@type\":\"ListItem\",\"position\":3,\"name\":\"22ct Gold Rosettes Bangle \u2013 Floral Antique Finish\"}]},{\"@type\":\"WebSite\",\"@id\":\"https:\\\/\\\/www.purejewels.com\\\/#website\",\"url\":\"https:\\\/\\\/www.purejewels.com\\\/\",\"name\":\"PureJewels UK\",\"description\":\"Share the Love\",\"publisher\":{\"@id\":\"https:\\\/\\\/www.purejewels.com\\\/#organization\"},\"potentialAction\":[{\"@type\":\"SearchAction\",\"target\":{\"@type\":\"EntryPoint\",\"urlTemplate\":\"https:\\\/\\\/www.purejewels.com\\\/?s={search_term_string}\"},\"query-input\":{\"@type\":\"PropertyValueSpecification\",\"valueRequired\":true,\"valueName\":\"search_term_string\"}}],\"inLanguage\":\"tr\"},{\"@type\":\"Organization\",\"@id\":\"https:\\\/\\\/www.purejewels.com\\\/#organization\",\"name\":\"PureJewels UK\",\"url\":\"https:\\\/\\\/www.purejewels.com\\\/\",\"logo\":{\"@type\":\"ImageObject\",\"inLanguage\":\"tr\",\"@id\":\"https:\\\/\\\/www.purejewels.com\\\/#\\\/schema\\\/logo\\\/image\\\/\",\"url\":\"https:\\\/\\\/static.purejewels.com\\\/wp-content\\\/uploads\\\/2020\\\/11\\\/Logo-PJ-New-1.png\",\"contentUrl\":\"https:\\\/\\\/static.purejewels.com\\\/wp-content\\\/uploads\\\/2020\\\/11\\\/Logo-PJ-New-1.png\",\"width\":150,\"height\":80,\"caption\":\"PureJewels UK\"},\"image\":{\"@id\":\"https:\\\/\\\/www.purejewels.com\\\/#\\\/schema\\\/logo\\\/image\\\/\"}}]}<\/script>\n<!-- \/ Yoast SEO plugin. -->","yoast_head_json":{"title":"22 ayar alt\u0131n \u00e7i\u00e7ek desenli bileklik | Antik kaplama | Rosettes Koleksiyonu","description":"PureJewels'\u0131n Rosettes Koleksiyonunu ke\u015ffedin: Bu 22 ayar alt\u0131n \u00e7i\u00e7ekli bileklik, antika doku, boyutlu \u00e7i\u00e7ekler ve g\u00fcvenli vida toka ile dikkat \u00e7ekiyor.","robots":{"index":"index","follow":"follow","max-snippet":"max-snippet:-1","max-image-preview":"max-image-preview:large","max-video-preview":"max-video-preview:-1"},"canonical":"https:\/\/www.purejewels.com\/tr\/urun\/antik-kaplamali-22-ayar-altin-kada-3\/","og_locale":"tr_TR","og_type":"article","og_title":"22ct Gold Floral Bangle | Antique Finish | Rosettes Collection","og_description":"Discover PureJewels' Rosettes Collection: This 22ct gold floral bangle features antique texturing, dimensional blooms, and a secure screw clasp.","og_url":"https:\/\/www.purejewels.com\/tr\/urun\/antik-kaplamali-22-ayar-altin-kada-3\/","og_site_name":"PureJewels UK","article_modified_time":"2026-01-19T11:02:24+00:00","og_image":[{"width":1000,"height":1000,"url":"https:\/\/static.purejewels.com\/wp-content\/uploads\/2019\/09\/31112.jpg","type":"image\/jpeg"}],"twitter_card":"summary_large_image","twitter_misc":{"Tahmini okuma s\u00fcresi":"1 dakika"},"schema":{"@context":"https:\/\/schema.org","@graph":[{"@type":["WebPage","ItemPage"],"@id":"https:\/\/www.purejewels.com\/product\/22-karat-gold-kada-with-antique-finish-3\/","url":"https:\/\/www.purejewels.com\/product\/22-karat-gold-kada-with-antique-finish-3\/","name":"22 ayar alt\u0131n \u00e7i\u00e7ek desenli bileklik | Antik kaplama | Rosettes Koleksiyonu","isPartOf":{"@id":"https:\/\/www.purejewels.com\/#website"},"primaryImageOfPage":{"@id":"https:\/\/www.purejewels.com\/product\/22-karat-gold-kada-with-antique-finish-3\/#primaryimage"},"image":{"@id":"https:\/\/www.purejewels.com\/product\/22-karat-gold-kada-with-antique-finish-3\/#primaryimage"},"thumbnailUrl":"https:\/\/static.purejewels.com\/wp-content\/uploads\/2019\/09\/31112.jpg","datePublished":"2019-09-23T09:34:52+00:00","dateModified":"2026-01-19T11:02:24+00:00","description":"PureJewels'\u0131n Rosettes Koleksiyonunu ke\u015ffedin: Bu 22 ayar alt\u0131n \u00e7i\u00e7ekli bileklik, antika doku, boyutlu \u00e7i\u00e7ekler ve g\u00fcvenli vida toka ile dikkat \u00e7ekiyor.","breadcrumb":{"@id":"https:\/\/www.purejewels.com\/product\/22-karat-gold-kada-with-antique-finish-3\/#breadcrumb"},"inLanguage":"tr","potentialAction":[{"@type":"ReadAction","target":["https:\/\/www.purejewels.com\/product\/22-karat-gold-kada-with-antique-finish-3\/"]}]},{"@type":"ImageObject","inLanguage":"tr","@id":"https:\/\/www.purejewels.com\/product\/22-karat-gold-kada-with-antique-finish-3\/#primaryimage","url":"https:\/\/static.purejewels.com\/wp-content\/uploads\/2019\/09\/31112.jpg","contentUrl":"https:\/\/static.purejewels.com\/wp-content\/uploads\/2019\/09\/31112.jpg","width":1000,"height":1000,"caption":"31112"},{"@type":"BreadcrumbList","@id":"https:\/\/www.purejewels.com\/product\/22-karat-gold-kada-with-antique-finish-3\/#breadcrumb","itemListElement":[{"@type":"ListItem","position":1,"name":"Home","item":"https:\/\/www.purejewels.com\/"},{"@type":"ListItem","position":2,"name":"Shop","item":"https:\/\/www.purejewels.com\/shop\/"},{"@type":"ListItem","position":3,"name":"22ct Gold Rosettes Bangle \u2013 Floral Antique Finish"}]},{"@type":"WebSite","@id":"https:\/\/www.purejewels.com\/#website","url":"https:\/\/www.purejewels.com\/","name":"PureJewels \u0130ngiltere","description":"Sevgiyi Payla\u015f\u0131n","publisher":{"@id":"https:\/\/www.purejewels.com\/#organization"},"potentialAction":[{"@type":"SearchAction","target":{"@type":"EntryPoint","urlTemplate":"https:\/\/www.purejewels.com\/?s={search_term_string}"},"query-input":{"@type":"PropertyValueSpecification","valueRequired":true,"valueName":"search_term_string"}}],"inLanguage":"tr"},{"@type":"Organization","@id":"https:\/\/www.purejewels.com\/#organization","name":"PureJewels \u0130ngiltere","url":"https:\/\/www.purejewels.com\/","logo":{"@type":"ImageObject","inLanguage":"tr","@id":"https:\/\/www.purejewels.com\/#\/schema\/logo\/image\/","url":"https:\/\/static.purejewels.com\/wp-content\/uploads\/2020\/11\/Logo-PJ-New-1.png","contentUrl":"https:\/\/static.purejewels.com\/wp-content\/uploads\/2020\/11\/Logo-PJ-New-1.png","width":150,"height":80,"caption":"PureJewels UK"},"image":{"@id":"https:\/\/www.purejewels.com\/#\/schema\/logo\/image\/"}}]}},"_links":{"self":[{"href":"https:\/\/www.purejewels.com\/tr\/wp-json\/wp\/v2\/product\/311140","targetHints":{"allow":["GET"]}}],"collection":[{"href":"https:\/\/www.purejewels.com\/tr\/wp-json\/wp\/v2\/product"}],"about":[{"href":"https:\/\/www.purejewels.com\/tr\/wp-json\/wp\/v2\/types\/product"}],"replies":[{"embeddable":true,"href":"https:\/\/www.purejewels.com\/tr\/wp-json\/wp\/v2\/comments?post=311140"}],"version-history":[{"count":2,"href":"https:\/\/www.purejewels.com\/tr\/wp-json\/wp\/v2\/product\/311140\/revisions"}],"predecessor-version":[{"id":423393,"href":"https:\/\/www.purejewels.com\/tr\/wp-json\/wp\/v2\/product\/311140\/revisions\/423393"}],"wp:featuredmedia":[{"embeddable":true,"href":"https:\/\/www.purejewels.com\/tr\/wp-json\/wp\/v2\/media\/311187"}],"wp:attachment":[{"href":"https:\/\/www.purejewels.com\/tr\/wp-json\/wp\/v2\/media?parent=311140"}],"wp:term":[{"taxonomy":"product_brand","embeddable":true,"href":"https:\/\/www.purejewels.com\/tr\/wp-json\/wp\/v2\/product_brand?post=311140"},{"taxonomy":"product_cat","embeddable":true,"href":"https:\/\/www.purejewels.com\/tr\/wp-json\/wp\/v2\/product_cat?post=311140"},{"taxonomy":"product_tag","embeddable":true,"href":"https:\/\/www.purejewels.com\/tr\/wp-json\/wp\/v2\/product_tag?post=311140"}],"curies":[{"name":"wp","href":"https:\/\/api.w.org\/{rel}","templated":true}]}}