{"id":311162,"date":"2019-09-23T08:14:11","date_gmt":"2019-09-23T07:14:11","guid":{"rendered":"https:\/\/www.purejewels.com\/?post_type=product&#038;p=311162"},"modified":"2025-11-28T05:45:00","modified_gmt":"2025-11-28T05:45:00","slug":"antik-kaplamali-22-ayar-altin-kolye","status":"publish","type":"product","link":"https:\/\/www.purejewels.com\/tr\/product\/22-carat-gold-necklace-with-antique-finish\/","title":{"rendered":"22 ayar alt\u0131n Heritage Blossom kolye"},"content":{"rendered":"<p>PureJewels UK'den Antik Kaplama ile bu zarif 22 Ayar Alt\u0131n Kolye ger\u00e7ek bir \u015faheserdir. Hassasiyet ve detaylara g\u00f6sterilen \u00f6zenle haz\u0131rlanan bu \u00e7arp\u0131c\u0131 par\u00e7a 39,1 gram a\u011f\u0131rl\u0131\u011f\u0131ndad\u0131r ve geleneksel Hint tak\u0131lar\u0131n\u0131n g\u00fczelli\u011fini sergileyen karma\u015f\u0131k tasar\u0131mlarla s\u00fcslenmi\u015ftir. Kolye, Londra Assay Ofisi taraf\u0131ndan damgalanarak orijinalli\u011fi ve kalitesi garanti alt\u0131na al\u0131nm\u0131\u015ft\u0131r.<\/p>\n<p>\u00d6zel g\u00fcnler veya g\u00fcnl\u00fck kullan\u0131m i\u00e7in m\u00fckemmel olan bu kolye, g\u00fczel bir sunum kutusunda gelir ve sevdikleriniz i\u00e7in ideal bir hediye olur. \u00dccretsiz takipli teslimat ve g\u00fcvenli online \u00f6demeler ile bu par\u00e7a i\u00e7in al\u0131\u015fveri\u015f yapmak rahat ve endi\u015fesizdir.<\/p>\n<p><span data-sheets-root=\"1\">\u0130ster gelin seti i\u00e7in g\u00f6steri\u015fli bir par\u00e7a ar\u0131yor olun, ister gard\u0131robunuza \u015f\u0131k bir dokunu\u015f katmak istiyor olun, bu 22 Ayar Alt\u0131n Kolyenin sizi etkileyece\u011finden emin olabilirsiniz. Zamans\u0131z g\u00fczellikte bir par\u00e7aya sahip olma f\u0131rsat\u0131n\u0131 ka\u00e7\u0131rmay\u0131n. Hemen sipari\u015f verin ve PureJewels UK'nin Rozet Koleksiyonu'nun l\u00fcks\u00fcn\u00fc ya\u015fay\u0131n.<\/span><\/p>","protected":false},"excerpt":{"rendered":"<ul>\n<li>22 Ayar Antik Kaplama Alt\u0131n Kolye<\/li>\n<li>A\u011f\u0131rl\u0131k 39.1 g<\/li>\n<li>SKU. 31095<\/li>\n<li>T\u00fcm fiyatlara KDV dahildir<\/li>\n<li>Londra Tahlil Ofisi Taraf\u0131ndan Damgalanm\u0131\u015f 22 Ayar Alt\u0131n<\/li>\n<li>Sunum Kutusu ile Birlikte Gelir<\/li>\n<li>Teslimat Dahil<\/li>\n<li>Stok durumu ve stokta bulunan benzer tasar\u0131mlar\u0131n daha fazla g\u00f6r\u00fcnt\u00fcs\u00fc i\u00e7in bizimle canl\u0131 sohbet edin<\/li>\n<\/ul>","protected":false},"featured_media":311173,"comment_status":"closed","ping_status":"closed","template":"","meta":{"_eb_attr":"","_crsspst_to_jayantr4sg-hostcom":false},"product_brand":[],"product_cat":[1780,1625,1656,5275],"product_tag":[],"class_list":{"0":"post-311162","1":"product","2":"type-product","3":"status-publish","4":"has-post-thumbnail","6":"product_cat-antique-style-necklaces","7":"product_cat-bridal-set","8":"product_cat-rosettes-collections","9":"product_cat-rosettes-necklace","11":"first","12":"outofstock","13":"taxable","14":"shipping-taxable","15":"product-type-simple","16":"add-to-wishlist-before_image"},"yoast_head":"<!-- This site is optimized with the Yoast SEO plugin v27.5 - https:\/\/yoast.com\/product\/yoast-seo-wordpress\/ -->\n<title>Floral Antique Design Necklace in 22ct Gold | PureJewels UK<\/title>\n<meta name=\"description\" content=\"A handcrafted 22ct gold necklace featuring antique-finish floral motifs and heritage detailing. Hallmarked in the UK, perfect for weddings and special occasions.\" \/>\n<meta name=\"robots\" content=\"index, follow, max-snippet:-1, max-image-preview:large, max-video-preview:-1\" \/>\n<link rel=\"canonical\" href=\"https:\/\/www.purejewels.com\/tr\/urun\/antik-kaplamali-22-ayar-altin-kolye\/\" \/>\n<meta property=\"og:locale\" content=\"tr_TR\" \/>\n<meta property=\"og:type\" content=\"article\" \/>\n<meta property=\"og:title\" content=\"Floral Antique Design Necklace in 22ct Gold | PureJewels UK\" \/>\n<meta property=\"og:description\" content=\"A handcrafted 22ct gold necklace featuring antique-finish floral motifs and heritage detailing. Hallmarked in the UK, perfect for weddings and special occasions.\" \/>\n<meta property=\"og:url\" content=\"https:\/\/www.purejewels.com\/tr\/urun\/antik-kaplamali-22-ayar-altin-kolye\/\" \/>\n<meta property=\"og:site_name\" content=\"PureJewels UK\" \/>\n<meta property=\"article:modified_time\" content=\"2025-11-28T05:45:00+00:00\" \/>\n<meta property=\"og:image\" content=\"https:\/\/www.purejewels.com\/wp-content\/uploads\/2019\/09\/31095.jpg\" \/>\n\t<meta property=\"og:image:width\" content=\"1000\" \/>\n\t<meta property=\"og:image:height\" content=\"1000\" \/>\n\t<meta property=\"og:image:type\" content=\"image\/jpeg\" \/>\n<meta name=\"twitter:card\" content=\"summary_large_image\" \/>\n<meta name=\"twitter:label1\" content=\"Tahmini okuma s\u00fcresi\" \/>\n\t<meta name=\"twitter:data1\" content=\"1 dakika\" \/>\n<script type=\"application\/ld+json\" class=\"yoast-schema-graph\">{\"@context\":\"https:\\\/\\\/schema.org\",\"@graph\":[{\"@type\":[\"WebPage\",\"ItemPage\"],\"@id\":\"https:\\\/\\\/www.purejewels.com\\\/product\\\/22-carat-gold-necklace-with-antique-finish\\\/\",\"url\":\"https:\\\/\\\/www.purejewels.com\\\/product\\\/22-carat-gold-necklace-with-antique-finish\\\/\",\"name\":\"Floral Antique Design Necklace in 22ct Gold | PureJewels UK\",\"isPartOf\":{\"@id\":\"https:\\\/\\\/www.purejewels.com\\\/#website\"},\"primaryImageOfPage\":{\"@id\":\"https:\\\/\\\/www.purejewels.com\\\/product\\\/22-carat-gold-necklace-with-antique-finish\\\/#primaryimage\"},\"image\":{\"@id\":\"https:\\\/\\\/www.purejewels.com\\\/product\\\/22-carat-gold-necklace-with-antique-finish\\\/#primaryimage\"},\"thumbnailUrl\":\"https:\\\/\\\/static.purejewels.com\\\/wp-content\\\/uploads\\\/2019\\\/09\\\/31095.jpg\",\"datePublished\":\"2019-09-23T07:14:11+00:00\",\"dateModified\":\"2025-11-28T05:45:00+00:00\",\"description\":\"A handcrafted 22ct gold necklace featuring antique-finish floral motifs and heritage detailing. Hallmarked in the UK, perfect for weddings and special occasions.\",\"breadcrumb\":{\"@id\":\"https:\\\/\\\/www.purejewels.com\\\/product\\\/22-carat-gold-necklace-with-antique-finish\\\/#breadcrumb\"},\"inLanguage\":\"tr\",\"potentialAction\":[{\"@type\":\"ReadAction\",\"target\":[\"https:\\\/\\\/www.purejewels.com\\\/product\\\/22-carat-gold-necklace-with-antique-finish\\\/\"]}]},{\"@type\":\"ImageObject\",\"inLanguage\":\"tr\",\"@id\":\"https:\\\/\\\/www.purejewels.com\\\/product\\\/22-carat-gold-necklace-with-antique-finish\\\/#primaryimage\",\"url\":\"https:\\\/\\\/static.purejewels.com\\\/wp-content\\\/uploads\\\/2019\\\/09\\\/31095.jpg\",\"contentUrl\":\"https:\\\/\\\/static.purejewels.com\\\/wp-content\\\/uploads\\\/2019\\\/09\\\/31095.jpg\",\"width\":1000,\"height\":1000,\"caption\":\"31095\"},{\"@type\":\"BreadcrumbList\",\"@id\":\"https:\\\/\\\/www.purejewels.com\\\/product\\\/22-carat-gold-necklace-with-antique-finish\\\/#breadcrumb\",\"itemListElement\":[{\"@type\":\"ListItem\",\"position\":1,\"name\":\"Home\",\"item\":\"https:\\\/\\\/www.purejewels.com\\\/\"},{\"@type\":\"ListItem\",\"position\":2,\"name\":\"Shop\",\"item\":\"https:\\\/\\\/www.purejewels.com\\\/shop\\\/\"},{\"@type\":\"ListItem\",\"position\":3,\"name\":\"22ct Gold Heritage Blossom Necklace\"}]},{\"@type\":\"WebSite\",\"@id\":\"https:\\\/\\\/www.purejewels.com\\\/#website\",\"url\":\"https:\\\/\\\/www.purejewels.com\\\/\",\"name\":\"PureJewels UK\",\"description\":\"Share the Love\",\"publisher\":{\"@id\":\"https:\\\/\\\/www.purejewels.com\\\/#organization\"},\"potentialAction\":[{\"@type\":\"SearchAction\",\"target\":{\"@type\":\"EntryPoint\",\"urlTemplate\":\"https:\\\/\\\/www.purejewels.com\\\/?s={search_term_string}\"},\"query-input\":{\"@type\":\"PropertyValueSpecification\",\"valueRequired\":true,\"valueName\":\"search_term_string\"}}],\"inLanguage\":\"tr\"},{\"@type\":\"Organization\",\"@id\":\"https:\\\/\\\/www.purejewels.com\\\/#organization\",\"name\":\"PureJewels UK\",\"url\":\"https:\\\/\\\/www.purejewels.com\\\/\",\"logo\":{\"@type\":\"ImageObject\",\"inLanguage\":\"tr\",\"@id\":\"https:\\\/\\\/www.purejewels.com\\\/#\\\/schema\\\/logo\\\/image\\\/\",\"url\":\"https:\\\/\\\/static.purejewels.com\\\/wp-content\\\/uploads\\\/2020\\\/11\\\/Logo-PJ-New-1.png\",\"contentUrl\":\"https:\\\/\\\/static.purejewels.com\\\/wp-content\\\/uploads\\\/2020\\\/11\\\/Logo-PJ-New-1.png\",\"width\":150,\"height\":80,\"caption\":\"PureJewels UK\"},\"image\":{\"@id\":\"https:\\\/\\\/www.purejewels.com\\\/#\\\/schema\\\/logo\\\/image\\\/\"}}]}<\/script>\n<!-- \/ Yoast SEO plugin. -->","yoast_head_json":{"title":"22 ayar alt\u0131n \u00e7i\u00e7ekli antika tasar\u0131m kolye | PureJewels UK","description":"Antik kaplama \u00e7i\u00e7ek motifleri ve geleneksel detaylara sahip, el yap\u0131m\u0131 22 ayar alt\u0131n kolye. \u0130ngiltere'de damgal\u0131, d\u00fc\u011f\u00fcnler ve \u00f6zel g\u00fcnler i\u00e7in m\u00fckemmel.","robots":{"index":"index","follow":"follow","max-snippet":"max-snippet:-1","max-image-preview":"max-image-preview:large","max-video-preview":"max-video-preview:-1"},"canonical":"https:\/\/www.purejewels.com\/tr\/urun\/antik-kaplamali-22-ayar-altin-kolye\/","og_locale":"tr_TR","og_type":"article","og_title":"Floral Antique Design Necklace in 22ct Gold | PureJewels UK","og_description":"A handcrafted 22ct gold necklace featuring antique-finish floral motifs and heritage detailing. Hallmarked in the UK, perfect for weddings and special occasions.","og_url":"https:\/\/www.purejewels.com\/tr\/urun\/antik-kaplamali-22-ayar-altin-kolye\/","og_site_name":"PureJewels UK","article_modified_time":"2025-11-28T05:45:00+00:00","og_image":[{"width":1000,"height":1000,"url":"https:\/\/www.purejewels.com\/wp-content\/uploads\/2019\/09\/31095.jpg","type":"image\/jpeg"}],"twitter_card":"summary_large_image","twitter_misc":{"Tahmini okuma s\u00fcresi":"1 dakika"},"schema":{"@context":"https:\/\/schema.org","@graph":[{"@type":["WebPage","ItemPage"],"@id":"https:\/\/www.purejewels.com\/product\/22-carat-gold-necklace-with-antique-finish\/","url":"https:\/\/www.purejewels.com\/product\/22-carat-gold-necklace-with-antique-finish\/","name":"22 ayar alt\u0131n \u00e7i\u00e7ekli antika tasar\u0131m kolye | PureJewels UK","isPartOf":{"@id":"https:\/\/www.purejewels.com\/#website"},"primaryImageOfPage":{"@id":"https:\/\/www.purejewels.com\/product\/22-carat-gold-necklace-with-antique-finish\/#primaryimage"},"image":{"@id":"https:\/\/www.purejewels.com\/product\/22-carat-gold-necklace-with-antique-finish\/#primaryimage"},"thumbnailUrl":"https:\/\/static.purejewels.com\/wp-content\/uploads\/2019\/09\/31095.jpg","datePublished":"2019-09-23T07:14:11+00:00","dateModified":"2025-11-28T05:45:00+00:00","description":"Antik kaplama \u00e7i\u00e7ek motifleri ve geleneksel detaylara sahip, el yap\u0131m\u0131 22 ayar alt\u0131n kolye. \u0130ngiltere'de damgal\u0131, d\u00fc\u011f\u00fcnler ve \u00f6zel g\u00fcnler i\u00e7in m\u00fckemmel.","breadcrumb":{"@id":"https:\/\/www.purejewels.com\/product\/22-carat-gold-necklace-with-antique-finish\/#breadcrumb"},"inLanguage":"tr","potentialAction":[{"@type":"ReadAction","target":["https:\/\/www.purejewels.com\/product\/22-carat-gold-necklace-with-antique-finish\/"]}]},{"@type":"ImageObject","inLanguage":"tr","@id":"https:\/\/www.purejewels.com\/product\/22-carat-gold-necklace-with-antique-finish\/#primaryimage","url":"https:\/\/static.purejewels.com\/wp-content\/uploads\/2019\/09\/31095.jpg","contentUrl":"https:\/\/static.purejewels.com\/wp-content\/uploads\/2019\/09\/31095.jpg","width":1000,"height":1000,"caption":"31095"},{"@type":"BreadcrumbList","@id":"https:\/\/www.purejewels.com\/product\/22-carat-gold-necklace-with-antique-finish\/#breadcrumb","itemListElement":[{"@type":"ListItem","position":1,"name":"Home","item":"https:\/\/www.purejewels.com\/"},{"@type":"ListItem","position":2,"name":"Shop","item":"https:\/\/www.purejewels.com\/shop\/"},{"@type":"ListItem","position":3,"name":"22ct Gold Heritage Blossom Necklace"}]},{"@type":"WebSite","@id":"https:\/\/www.purejewels.com\/#website","url":"https:\/\/www.purejewels.com\/","name":"PureJewels \u0130ngiltere","description":"Sevgiyi Payla\u015f\u0131n","publisher":{"@id":"https:\/\/www.purejewels.com\/#organization"},"potentialAction":[{"@type":"SearchAction","target":{"@type":"EntryPoint","urlTemplate":"https:\/\/www.purejewels.com\/?s={search_term_string}"},"query-input":{"@type":"PropertyValueSpecification","valueRequired":true,"valueName":"search_term_string"}}],"inLanguage":"tr"},{"@type":"Organization","@id":"https:\/\/www.purejewels.com\/#organization","name":"PureJewels \u0130ngiltere","url":"https:\/\/www.purejewels.com\/","logo":{"@type":"ImageObject","inLanguage":"tr","@id":"https:\/\/www.purejewels.com\/#\/schema\/logo\/image\/","url":"https:\/\/static.purejewels.com\/wp-content\/uploads\/2020\/11\/Logo-PJ-New-1.png","contentUrl":"https:\/\/static.purejewels.com\/wp-content\/uploads\/2020\/11\/Logo-PJ-New-1.png","width":150,"height":80,"caption":"PureJewels UK"},"image":{"@id":"https:\/\/www.purejewels.com\/#\/schema\/logo\/image\/"}}]}},"_links":{"self":[{"href":"https:\/\/www.purejewels.com\/tr\/wp-json\/wp\/v2\/product\/311162","targetHints":{"allow":["GET"]}}],"collection":[{"href":"https:\/\/www.purejewels.com\/tr\/wp-json\/wp\/v2\/product"}],"about":[{"href":"https:\/\/www.purejewels.com\/tr\/wp-json\/wp\/v2\/types\/product"}],"replies":[{"embeddable":true,"href":"https:\/\/www.purejewels.com\/tr\/wp-json\/wp\/v2\/comments?post=311162"}],"version-history":[{"count":3,"href":"https:\/\/www.purejewels.com\/tr\/wp-json\/wp\/v2\/product\/311162\/revisions"}],"predecessor-version":[{"id":422054,"href":"https:\/\/www.purejewels.com\/tr\/wp-json\/wp\/v2\/product\/311162\/revisions\/422054"}],"wp:featuredmedia":[{"embeddable":true,"href":"https:\/\/www.purejewels.com\/tr\/wp-json\/wp\/v2\/media\/311173"}],"wp:attachment":[{"href":"https:\/\/www.purejewels.com\/tr\/wp-json\/wp\/v2\/media?parent=311162"}],"wp:term":[{"taxonomy":"product_brand","embeddable":true,"href":"https:\/\/www.purejewels.com\/tr\/wp-json\/wp\/v2\/product_brand?post=311162"},{"taxonomy":"product_cat","embeddable":true,"href":"https:\/\/www.purejewels.com\/tr\/wp-json\/wp\/v2\/product_cat?post=311162"},{"taxonomy":"product_tag","embeddable":true,"href":"https:\/\/www.purejewels.com\/tr\/wp-json\/wp\/v2\/product_tag?post=311162"}],"curies":[{"name":"wp","href":"https:\/\/api.w.org\/{rel}","templated":true}]}}