{"id":311166,"date":"2019-09-23T08:20:24","date_gmt":"2019-09-23T07:20:24","guid":{"rendered":"https:\/\/www.purejewels.com\/?post_type=product&#038;p=311166"},"modified":"2025-11-27T05:48:03","modified_gmt":"2025-11-27T05:48:03","slug":"gelin-kolye-seti-2","status":"publish","type":"product","link":"https:\/\/www.purejewels.com\/tr\/product\/bridal-necklace-set-2\/","title":{"rendered":"22 ayar alt\u0131n Polki Gelin Kolyesi"},"content":{"rendered":"<p data-start=\"716\" data-end=\"993\">Gelenek ve sanat\u0131n kutlamas\u0131 olan bu <strong data-start=\"762\" data-end=\"800\">Polki <a href=\"https:\/\/www.purejewels.com\/tr\/product\/22ct-gold-bridal-necklace-46262\/\">Gelin Kolyesi<\/a> 22 Ayar Alt\u0131n<\/strong> karma\u015f\u0131k detaylarla i\u015flenmi\u015f ve parlak sentetik Polki ta\u015flarla s\u00fcslenmi\u015ftir. Ak\u0131c\u0131 telkari tasar\u0131m\u0131 ve merkezi kolye ucu, kraliyet Mughal miras\u0131ndan ilham alan zamans\u0131z bir zarafeti yans\u0131tmaktad\u0131r.<\/p>\n<p data-start=\"995\" data-end=\"1229\">Her bir k\u0131vr\u0131m ve k\u00fcme, yakay\u0131 tamamlayacak \u015fekilde \u00f6zenle d\u00fczenlenmi\u015ftir, bu da onu d\u00fc\u011f\u00fcn k\u0131yafetinizin zarif bir par\u00e7as\u0131 haline getirir. Antik alt\u0131n tonu asil bir s\u0131cakl\u0131k katarken, narin tohum inciler derinlik ve boyut kazand\u0131r\u0131r.<\/p>\n<p data-start=\"1231\" data-end=\"1382\">Gelenekleri ve zanaatkarl\u0131\u011f\u0131 \u00f6nemseyen gelinler i\u00e7in m\u00fckemmel olan bu kolye, k\u00fclt\u00fcr, zenginlik ve modern kad\u0131ns\u0131l\u0131\u011f\u0131 tek bir \u0131\u015f\u0131lt\u0131l\u0131 par\u00e7ada bir araya getiriyor.<\/p>","protected":false},"excerpt":{"rendered":"<ul>\n<li>Asya Alt\u0131n Gelin Tak\u0131lar\u0131 uk<\/li>\n<li>Anusha Koleksiyonumuzdan gelin kolyesi.<\/li>\n<li>Sentetik Polki Ta\u015fl\u0131<\/li>\n<li>A\u011f\u0131rl\u0131k 39.90g<\/li>\n<li>SKU. 31099<\/li>\n<li>T\u00fcm fiyatlara KDV dahildir<\/li>\n<li>T\u00fcm \u00fcr\u00fcnlerimiz Londra Tahlil Ofisi taraf\u0131ndan damgalanm\u0131\u015ft\u0131r<\/li>\n<li>Sunum Kutusu ile Birlikte Gelir<\/li>\n<li>Teslimat Dahil<\/li>\n<li>Bizim ke\u015ffedin\u00a0<strong>alt\u0131n tak\u0131 seti<\/strong><\/li>\n<li>Forest Gate, Londra, \u0130ngiltere'deki ma\u011fazam\u0131zda bulunan t\u00fcm yeni Asya Gelin alt\u0131n kolye ve k\u00fcpe seti \u0130ngiltere yelpazesini g\u00f6rmek i\u00e7in bizimle sohbet edin<\/li>\n<\/ul>","protected":false},"featured_media":311177,"comment_status":"closed","ping_status":"closed","template":"","meta":{"_eb_attr":"","_crsspst_to_jayantr4sg-hostcom":false},"product_brand":[],"product_cat":[256,1625,1778,1574],"product_tag":[],"class_list":{"0":"post-311166","1":"product","2":"type-product","3":"status-publish","4":"has-post-thumbnail","6":"product_cat-anusha-collections","7":"product_cat-bridal-set","8":"product_cat-short-necklaces","9":"product_cat-womens-jewellery","11":"first","12":"outofstock","13":"taxable","14":"shipping-taxable","15":"product-type-simple","16":"add-to-wishlist-before_image"},"yoast_head":"<!-- This site is optimized with the Yoast SEO plugin v27.6 - https:\/\/yoast.com\/product\/yoast-seo-wordpress\/ -->\n<title>Asian Bridal Necklace with Polki Stones | 22ct Gold Finish UK<\/title>\n<meta name=\"description\" content=\"Discover our handcrafted Polki bridal necklace in a 22ct gold finish. A regal Asian wedding design with intricate detail. Available online from PureJewels UK.\" \/>\n<meta name=\"robots\" content=\"index, follow, max-snippet:-1, max-image-preview:large, max-video-preview:-1\" \/>\n<link rel=\"canonical\" href=\"https:\/\/www.purejewels.com\/tr\/urun\/gelin-kolye-seti-2\/\" \/>\n<meta property=\"og:locale\" content=\"tr_TR\" \/>\n<meta property=\"og:type\" content=\"article\" \/>\n<meta property=\"og:title\" content=\"Asian Bridal Necklace with Polki Stones | 22ct Gold Finish UK\" \/>\n<meta property=\"og:description\" content=\"Discover our handcrafted Polki bridal necklace in a 22ct gold finish. A regal Asian wedding design with intricate detail. Available online from PureJewels UK.\" \/>\n<meta property=\"og:url\" content=\"https:\/\/www.purejewels.com\/tr\/urun\/gelin-kolye-seti-2\/\" \/>\n<meta property=\"og:site_name\" content=\"PureJewels UK\" \/>\n<meta property=\"article:modified_time\" content=\"2025-11-27T05:48:03+00:00\" \/>\n<meta property=\"og:image\" content=\"https:\/\/www.purejewels.com\/wp-content\/uploads\/2019\/09\/31099.jpg\" \/>\n\t<meta property=\"og:image:width\" content=\"1000\" \/>\n\t<meta property=\"og:image:height\" content=\"1000\" \/>\n\t<meta property=\"og:image:type\" content=\"image\/jpeg\" \/>\n<meta name=\"twitter:card\" content=\"summary_large_image\" \/>\n<meta name=\"twitter:label1\" content=\"Tahmini okuma s\u00fcresi\" \/>\n\t<meta name=\"twitter:data1\" content=\"1 dakika\" \/>\n<script type=\"application\/ld+json\" class=\"yoast-schema-graph\">{\"@context\":\"https:\\\/\\\/schema.org\",\"@graph\":[{\"@type\":[\"WebPage\",\"ItemPage\"],\"@id\":\"https:\\\/\\\/www.purejewels.com\\\/product\\\/bridal-necklace-set-2\\\/\",\"url\":\"https:\\\/\\\/www.purejewels.com\\\/product\\\/bridal-necklace-set-2\\\/\",\"name\":\"Asian Bridal Necklace with Polki Stones | 22ct Gold Finish UK\",\"isPartOf\":{\"@id\":\"https:\\\/\\\/www.purejewels.com\\\/#website\"},\"primaryImageOfPage\":{\"@id\":\"https:\\\/\\\/www.purejewels.com\\\/product\\\/bridal-necklace-set-2\\\/#primaryimage\"},\"image\":{\"@id\":\"https:\\\/\\\/www.purejewels.com\\\/product\\\/bridal-necklace-set-2\\\/#primaryimage\"},\"thumbnailUrl\":\"https:\\\/\\\/static.purejewels.com\\\/wp-content\\\/uploads\\\/2019\\\/09\\\/31099.jpg\",\"datePublished\":\"2019-09-23T07:20:24+00:00\",\"dateModified\":\"2025-11-27T05:48:03+00:00\",\"description\":\"Discover our handcrafted Polki bridal necklace in a 22ct gold finish. A regal Asian wedding design with intricate detail. Available online from PureJewels UK.\",\"breadcrumb\":{\"@id\":\"https:\\\/\\\/www.purejewels.com\\\/product\\\/bridal-necklace-set-2\\\/#breadcrumb\"},\"inLanguage\":\"tr\",\"potentialAction\":[{\"@type\":\"ReadAction\",\"target\":[\"https:\\\/\\\/www.purejewels.com\\\/product\\\/bridal-necklace-set-2\\\/\"]}]},{\"@type\":\"ImageObject\",\"inLanguage\":\"tr\",\"@id\":\"https:\\\/\\\/www.purejewels.com\\\/product\\\/bridal-necklace-set-2\\\/#primaryimage\",\"url\":\"https:\\\/\\\/static.purejewels.com\\\/wp-content\\\/uploads\\\/2019\\\/09\\\/31099.jpg\",\"contentUrl\":\"https:\\\/\\\/static.purejewels.com\\\/wp-content\\\/uploads\\\/2019\\\/09\\\/31099.jpg\",\"width\":1000,\"height\":1000,\"caption\":\"31099\"},{\"@type\":\"BreadcrumbList\",\"@id\":\"https:\\\/\\\/www.purejewels.com\\\/product\\\/bridal-necklace-set-2\\\/#breadcrumb\",\"itemListElement\":[{\"@type\":\"ListItem\",\"position\":1,\"name\":\"Home\",\"item\":\"https:\\\/\\\/www.purejewels.com\\\/\"},{\"@type\":\"ListItem\",\"position\":2,\"name\":\"Shop\",\"item\":\"https:\\\/\\\/www.purejewels.com\\\/shop\\\/\"},{\"@type\":\"ListItem\",\"position\":3,\"name\":\"Polki Bridal Necklace in 22ct Gold\"}]},{\"@type\":\"WebSite\",\"@id\":\"https:\\\/\\\/www.purejewels.com\\\/#website\",\"url\":\"https:\\\/\\\/www.purejewels.com\\\/\",\"name\":\"PureJewels UK\",\"description\":\"Share the Love\",\"publisher\":{\"@id\":\"https:\\\/\\\/www.purejewels.com\\\/#organization\"},\"potentialAction\":[{\"@type\":\"SearchAction\",\"target\":{\"@type\":\"EntryPoint\",\"urlTemplate\":\"https:\\\/\\\/www.purejewels.com\\\/?s={search_term_string}\"},\"query-input\":{\"@type\":\"PropertyValueSpecification\",\"valueRequired\":true,\"valueName\":\"search_term_string\"}}],\"inLanguage\":\"tr\"},{\"@type\":\"Organization\",\"@id\":\"https:\\\/\\\/www.purejewels.com\\\/#organization\",\"name\":\"PureJewels UK\",\"url\":\"https:\\\/\\\/www.purejewels.com\\\/\",\"logo\":{\"@type\":\"ImageObject\",\"inLanguage\":\"tr\",\"@id\":\"https:\\\/\\\/www.purejewels.com\\\/#\\\/schema\\\/logo\\\/image\\\/\",\"url\":\"https:\\\/\\\/static.purejewels.com\\\/wp-content\\\/uploads\\\/2020\\\/11\\\/Logo-PJ-New-1.png\",\"contentUrl\":\"https:\\\/\\\/static.purejewels.com\\\/wp-content\\\/uploads\\\/2020\\\/11\\\/Logo-PJ-New-1.png\",\"width\":150,\"height\":80,\"caption\":\"PureJewels UK\"},\"image\":{\"@id\":\"https:\\\/\\\/www.purejewels.com\\\/#\\\/schema\\\/logo\\\/image\\\/\"}}]}<\/script>\n<!-- \/ Yoast SEO plugin. -->","yoast_head_json":{"title":"Polki Ta\u015fl\u0131 Asya Gelin Kolyesi | 22 ayar alt\u0131n kaplama \u0130ngiltere","description":"22 ayar alt\u0131n kaplamal\u0131 el yap\u0131m\u0131 Polki gelin kolyemizi ke\u015ffedin. Karma\u015f\u0131k detaylara sahip asil bir Asya d\u00fc\u011f\u00fcn tasar\u0131m\u0131. PureJewels UK'den \u00e7evrimi\u00e7i olarak sat\u0131n alabilirsiniz.","robots":{"index":"index","follow":"follow","max-snippet":"max-snippet:-1","max-image-preview":"max-image-preview:large","max-video-preview":"max-video-preview:-1"},"canonical":"https:\/\/www.purejewels.com\/tr\/urun\/gelin-kolye-seti-2\/","og_locale":"tr_TR","og_type":"article","og_title":"Asian Bridal Necklace with Polki Stones | 22ct Gold Finish UK","og_description":"Discover our handcrafted Polki bridal necklace in a 22ct gold finish. A regal Asian wedding design with intricate detail. Available online from PureJewels UK.","og_url":"https:\/\/www.purejewels.com\/tr\/urun\/gelin-kolye-seti-2\/","og_site_name":"PureJewels UK","article_modified_time":"2025-11-27T05:48:03+00:00","og_image":[{"width":1000,"height":1000,"url":"https:\/\/www.purejewels.com\/wp-content\/uploads\/2019\/09\/31099.jpg","type":"image\/jpeg"}],"twitter_card":"summary_large_image","twitter_misc":{"Tahmini okuma s\u00fcresi":"1 dakika"},"schema":{"@context":"https:\/\/schema.org","@graph":[{"@type":["WebPage","ItemPage"],"@id":"https:\/\/www.purejewels.com\/product\/bridal-necklace-set-2\/","url":"https:\/\/www.purejewels.com\/product\/bridal-necklace-set-2\/","name":"Polki Ta\u015fl\u0131 Asya Gelin Kolyesi | 22 ayar alt\u0131n kaplama \u0130ngiltere","isPartOf":{"@id":"https:\/\/www.purejewels.com\/#website"},"primaryImageOfPage":{"@id":"https:\/\/www.purejewels.com\/product\/bridal-necklace-set-2\/#primaryimage"},"image":{"@id":"https:\/\/www.purejewels.com\/product\/bridal-necklace-set-2\/#primaryimage"},"thumbnailUrl":"https:\/\/static.purejewels.com\/wp-content\/uploads\/2019\/09\/31099.jpg","datePublished":"2019-09-23T07:20:24+00:00","dateModified":"2025-11-27T05:48:03+00:00","description":"22 ayar alt\u0131n kaplamal\u0131 el yap\u0131m\u0131 Polki gelin kolyemizi ke\u015ffedin. Karma\u015f\u0131k detaylara sahip asil bir Asya d\u00fc\u011f\u00fcn tasar\u0131m\u0131. PureJewels UK'den \u00e7evrimi\u00e7i olarak sat\u0131n alabilirsiniz.","breadcrumb":{"@id":"https:\/\/www.purejewels.com\/product\/bridal-necklace-set-2\/#breadcrumb"},"inLanguage":"tr","potentialAction":[{"@type":"ReadAction","target":["https:\/\/www.purejewels.com\/product\/bridal-necklace-set-2\/"]}]},{"@type":"ImageObject","inLanguage":"tr","@id":"https:\/\/www.purejewels.com\/product\/bridal-necklace-set-2\/#primaryimage","url":"https:\/\/static.purejewels.com\/wp-content\/uploads\/2019\/09\/31099.jpg","contentUrl":"https:\/\/static.purejewels.com\/wp-content\/uploads\/2019\/09\/31099.jpg","width":1000,"height":1000,"caption":"31099"},{"@type":"BreadcrumbList","@id":"https:\/\/www.purejewels.com\/product\/bridal-necklace-set-2\/#breadcrumb","itemListElement":[{"@type":"ListItem","position":1,"name":"Home","item":"https:\/\/www.purejewels.com\/"},{"@type":"ListItem","position":2,"name":"Shop","item":"https:\/\/www.purejewels.com\/shop\/"},{"@type":"ListItem","position":3,"name":"Polki Bridal Necklace in 22ct Gold"}]},{"@type":"WebSite","@id":"https:\/\/www.purejewels.com\/#website","url":"https:\/\/www.purejewels.com\/","name":"PureJewels \u0130ngiltere","description":"Sevgiyi Payla\u015f\u0131n","publisher":{"@id":"https:\/\/www.purejewels.com\/#organization"},"potentialAction":[{"@type":"SearchAction","target":{"@type":"EntryPoint","urlTemplate":"https:\/\/www.purejewels.com\/?s={search_term_string}"},"query-input":{"@type":"PropertyValueSpecification","valueRequired":true,"valueName":"search_term_string"}}],"inLanguage":"tr"},{"@type":"Organization","@id":"https:\/\/www.purejewels.com\/#organization","name":"PureJewels \u0130ngiltere","url":"https:\/\/www.purejewels.com\/","logo":{"@type":"ImageObject","inLanguage":"tr","@id":"https:\/\/www.purejewels.com\/#\/schema\/logo\/image\/","url":"https:\/\/static.purejewels.com\/wp-content\/uploads\/2020\/11\/Logo-PJ-New-1.png","contentUrl":"https:\/\/static.purejewels.com\/wp-content\/uploads\/2020\/11\/Logo-PJ-New-1.png","width":150,"height":80,"caption":"PureJewels UK"},"image":{"@id":"https:\/\/www.purejewels.com\/#\/schema\/logo\/image\/"}}]}},"_links":{"self":[{"href":"https:\/\/www.purejewels.com\/tr\/wp-json\/wp\/v2\/product\/311166","targetHints":{"allow":["GET"]}}],"collection":[{"href":"https:\/\/www.purejewels.com\/tr\/wp-json\/wp\/v2\/product"}],"about":[{"href":"https:\/\/www.purejewels.com\/tr\/wp-json\/wp\/v2\/types\/product"}],"replies":[{"embeddable":true,"href":"https:\/\/www.purejewels.com\/tr\/wp-json\/wp\/v2\/comments?post=311166"}],"version-history":[{"count":3,"href":"https:\/\/www.purejewels.com\/tr\/wp-json\/wp\/v2\/product\/311166\/revisions"}],"predecessor-version":[{"id":421923,"href":"https:\/\/www.purejewels.com\/tr\/wp-json\/wp\/v2\/product\/311166\/revisions\/421923"}],"wp:featuredmedia":[{"embeddable":true,"href":"https:\/\/www.purejewels.com\/tr\/wp-json\/wp\/v2\/media\/311177"}],"wp:attachment":[{"href":"https:\/\/www.purejewels.com\/tr\/wp-json\/wp\/v2\/media?parent=311166"}],"wp:term":[{"taxonomy":"product_brand","embeddable":true,"href":"https:\/\/www.purejewels.com\/tr\/wp-json\/wp\/v2\/product_brand?post=311166"},{"taxonomy":"product_cat","embeddable":true,"href":"https:\/\/www.purejewels.com\/tr\/wp-json\/wp\/v2\/product_cat?post=311166"},{"taxonomy":"product_tag","embeddable":true,"href":"https:\/\/www.purejewels.com\/tr\/wp-json\/wp\/v2\/product_tag?post=311166"}],"curies":[{"name":"wp","href":"https:\/\/api.w.org\/{rel}","templated":true}]}}