{"id":311221,"date":"2019-10-01T13:45:46","date_gmt":"2019-10-01T12:45:46","guid":{"rendered":"https:\/\/www.purejewels.com\/?post_type=product&#038;p=311221"},"modified":"2026-01-06T08:08:49","modified_gmt":"2026-01-06T08:08:49","slug":"antik-kaplamali-22-ayar-sari-altin-kolye-ucu","status":"publish","type":"product","link":"https:\/\/www.purejewels.com\/tr\/product\/22k-yellow-gold-pendant-with-antique-finish\/","title":{"rendered":"Antik kaplamal\u0131 22 ayar Sar\u0131 Alt\u0131n Kolye"},"content":{"rendered":"<p>&nbsp;<\/p>\n<ul>\n<li>A\u011f\u0131rl\u0131k 9.2 g<\/li>\n<li>\u00c7ap 25mm<\/li>\n<li>SKU. 31168<\/li>\n<\/ul>","protected":false},"excerpt":{"rendered":"<ul>\n<li>Antik kaplamal\u0131 22 ayar Sar\u0131 Alt\u0131n Kolye<\/li>\n<li>A\u011f\u0131rl\u0131k 9,2 gms<\/li>\n<li>\u00c7ap 25mm<\/li>\n<li>SKU. 31168<\/li>\n<li>Zincir Fiyata Dahil De\u011fildir<\/li>\n<li>T\u00fcm fiyatlara KDV dahildir<\/li>\n<li>T\u00fcm \u00fcr\u00fcnlerimiz London Assay Office taraf\u0131ndan damgalanm\u0131\u015ft\u0131r<\/li>\n<li>T\u00fcm Alt\u0131n kolyelerimiz Sunum Kutusu ile birlikte gelir<\/li>\n<li>Teslimat Dahil<\/li>\n<li>Hint Alt\u0131n Kolye setleri koleksiyonumuzu g\u00f6rmek i\u00e7in bize ula\u015f\u0131n \/ bizimle sohbet edin<\/li>\n<\/ul>","protected":false},"featured_media":317553,"comment_status":"closed","ping_status":"closed","template":"","meta":{"_eb_attr":"","_crsspst_to_jayantr4sg-hostcom":false},"product_brand":[],"product_cat":[1791,1770,1255,1767,1656,1573,1574],"product_tag":[],"class_list":{"0":"post-311221","1":"product","2":"type-product","3":"status-publish","4":"has-post-thumbnail","6":"product_cat-anniversary-gifts","7":"product_cat-fancy-pendants","8":"product_cat-gold-pendants","9":"product_cat-ladies-pendants","10":"product_cat-rosettes-collections","11":"product_cat-wedding-gifts","12":"product_cat-womens-jewellery","14":"first","15":"outofstock","16":"sale","17":"taxable","18":"shipping-taxable","19":"product-type-simple","20":"add-to-wishlist-before_image"},"yoast_head":"<!-- This site is optimized with the Yoast SEO plugin v27.3 - https:\/\/yoast.com\/product\/yoast-seo-wordpress\/ -->\n<title>22k Yellow Gold Pendant with antique finish | PureJewels<\/title>\n<meta name=\"description\" content=\"Explore our Gold Pendants collection online and Purchase 22k Yellow Gold Pendant with antique finish. Gold pendant Comes with Presentation Box.\" \/>\n<meta name=\"robots\" content=\"index, follow, max-snippet:-1, max-image-preview:large, max-video-preview:-1\" \/>\n<link rel=\"canonical\" href=\"https:\/\/www.purejewels.com\/tr\/urun\/antik-kaplamali-22-ayar-sari-altin-kolye-ucu\/\" \/>\n<meta property=\"og:locale\" content=\"tr_TR\" \/>\n<meta property=\"og:type\" content=\"article\" \/>\n<meta property=\"og:title\" content=\"22k Yellow Gold Pendant with antique finish | PureJewels\" \/>\n<meta property=\"og:description\" content=\"Explore our Gold Pendants collection online and Purchase 22k Yellow Gold Pendant with antique finish. Gold pendant Comes with Presentation Box.\" \/>\n<meta property=\"og:url\" content=\"https:\/\/www.purejewels.com\/tr\/urun\/antik-kaplamali-22-ayar-sari-altin-kolye-ucu\/\" \/>\n<meta property=\"og:site_name\" content=\"PureJewels UK\" \/>\n<meta property=\"article:modified_time\" content=\"2026-01-06T08:08:49+00:00\" \/>\n<meta property=\"og:image\" content=\"https:\/\/www.purejewels.com\/wp-content\/uploads\/2020\/09\/image186654696.jpg\" \/>\n\t<meta property=\"og:image:width\" content=\"1000\" \/>\n\t<meta property=\"og:image:height\" content=\"1000\" \/>\n\t<meta property=\"og:image:type\" content=\"image\/jpeg\" \/>\n<meta name=\"twitter:card\" content=\"summary_large_image\" \/>\n<script type=\"application\/ld+json\" class=\"yoast-schema-graph\">{\"@context\":\"https:\\\/\\\/schema.org\",\"@graph\":[{\"@type\":[\"WebPage\",\"ItemPage\"],\"@id\":\"https:\\\/\\\/www.purejewels.com\\\/product\\\/22k-yellow-gold-pendant-with-antique-finish\\\/\",\"url\":\"https:\\\/\\\/www.purejewels.com\\\/product\\\/22k-yellow-gold-pendant-with-antique-finish\\\/\",\"name\":\"22k Yellow Gold Pendant with antique finish | PureJewels\",\"isPartOf\":{\"@id\":\"https:\\\/\\\/www.purejewels.com\\\/#website\"},\"primaryImageOfPage\":{\"@id\":\"https:\\\/\\\/www.purejewels.com\\\/product\\\/22k-yellow-gold-pendant-with-antique-finish\\\/#primaryimage\"},\"image\":{\"@id\":\"https:\\\/\\\/www.purejewels.com\\\/product\\\/22k-yellow-gold-pendant-with-antique-finish\\\/#primaryimage\"},\"thumbnailUrl\":\"https:\\\/\\\/static.purejewels.com\\\/wp-content\\\/uploads\\\/2020\\\/09\\\/image186654696.jpg\",\"datePublished\":\"2019-10-01T12:45:46+00:00\",\"dateModified\":\"2026-01-06T08:08:49+00:00\",\"description\":\"Explore our Gold Pendants collection online and Purchase 22k Yellow Gold Pendant with antique finish. Gold pendant Comes with Presentation Box.\",\"breadcrumb\":{\"@id\":\"https:\\\/\\\/www.purejewels.com\\\/product\\\/22k-yellow-gold-pendant-with-antique-finish\\\/#breadcrumb\"},\"inLanguage\":\"tr\",\"potentialAction\":[{\"@type\":\"ReadAction\",\"target\":[\"https:\\\/\\\/www.purejewels.com\\\/product\\\/22k-yellow-gold-pendant-with-antique-finish\\\/\"]}]},{\"@type\":\"ImageObject\",\"inLanguage\":\"tr\",\"@id\":\"https:\\\/\\\/www.purejewels.com\\\/product\\\/22k-yellow-gold-pendant-with-antique-finish\\\/#primaryimage\",\"url\":\"https:\\\/\\\/static.purejewels.com\\\/wp-content\\\/uploads\\\/2020\\\/09\\\/image186654696.jpg\",\"contentUrl\":\"https:\\\/\\\/static.purejewels.com\\\/wp-content\\\/uploads\\\/2020\\\/09\\\/image186654696.jpg\",\"width\":1000,\"height\":1000,\"caption\":\"22k Yellow Gold Pendant with antique finishWt. 9.2 gDiameter 25mmSKU. 31168Chain is not included in the PriceAll prices include VATAll our products are hallmarked by London Assay OfficeAll our Gold pendant Comes with Presentation BoxDelivery IncludedContact us \\\/ chat with us to see our collection of Indian Gold Pendant sets\"},{\"@type\":\"BreadcrumbList\",\"@id\":\"https:\\\/\\\/www.purejewels.com\\\/product\\\/22k-yellow-gold-pendant-with-antique-finish\\\/#breadcrumb\",\"itemListElement\":[{\"@type\":\"ListItem\",\"position\":1,\"name\":\"Home\",\"item\":\"https:\\\/\\\/www.purejewels.com\\\/\"},{\"@type\":\"ListItem\",\"position\":2,\"name\":\"Shop\",\"item\":\"https:\\\/\\\/www.purejewels.com\\\/shop\\\/\"},{\"@type\":\"ListItem\",\"position\":3,\"name\":\"22k Yellow Gold Pendant with antique finish\"}]},{\"@type\":\"WebSite\",\"@id\":\"https:\\\/\\\/www.purejewels.com\\\/#website\",\"url\":\"https:\\\/\\\/www.purejewels.com\\\/\",\"name\":\"PureJewels UK\",\"description\":\"Share the Love\",\"publisher\":{\"@id\":\"https:\\\/\\\/www.purejewels.com\\\/#organization\"},\"potentialAction\":[{\"@type\":\"SearchAction\",\"target\":{\"@type\":\"EntryPoint\",\"urlTemplate\":\"https:\\\/\\\/www.purejewels.com\\\/?s={search_term_string}\"},\"query-input\":{\"@type\":\"PropertyValueSpecification\",\"valueRequired\":true,\"valueName\":\"search_term_string\"}}],\"inLanguage\":\"tr\"},{\"@type\":\"Organization\",\"@id\":\"https:\\\/\\\/www.purejewels.com\\\/#organization\",\"name\":\"PureJewels UK\",\"url\":\"https:\\\/\\\/www.purejewels.com\\\/\",\"logo\":{\"@type\":\"ImageObject\",\"inLanguage\":\"tr\",\"@id\":\"https:\\\/\\\/www.purejewels.com\\\/#\\\/schema\\\/logo\\\/image\\\/\",\"url\":\"https:\\\/\\\/static.purejewels.com\\\/wp-content\\\/uploads\\\/2020\\\/11\\\/Logo-PJ-New-1.png\",\"contentUrl\":\"https:\\\/\\\/static.purejewels.com\\\/wp-content\\\/uploads\\\/2020\\\/11\\\/Logo-PJ-New-1.png\",\"width\":150,\"height\":80,\"caption\":\"PureJewels UK\"},\"image\":{\"@id\":\"https:\\\/\\\/www.purejewels.com\\\/#\\\/schema\\\/logo\\\/image\\\/\"}}]}<\/script>\n<!-- \/ Yoast SEO plugin. -->","yoast_head_json":{"title":"Antik kaplamal\u0131 22 ayar sar\u0131 alt\u0131n kolye ucu | PureJewels","description":"Alt\u0131n Kolye koleksiyonumuzu online olarak ke\u015ffedin ve antika kaplamal\u0131 22 ayar Sar\u0131 Alt\u0131n Kolye Sat\u0131n Al\u0131n. Alt\u0131n kolye ucu Sunum Kutusu ile birlikte gelir.","robots":{"index":"index","follow":"follow","max-snippet":"max-snippet:-1","max-image-preview":"max-image-preview:large","max-video-preview":"max-video-preview:-1"},"canonical":"https:\/\/www.purejewels.com\/tr\/urun\/antik-kaplamali-22-ayar-sari-altin-kolye-ucu\/","og_locale":"tr_TR","og_type":"article","og_title":"22k Yellow Gold Pendant with antique finish | PureJewels","og_description":"Explore our Gold Pendants collection online and Purchase 22k Yellow Gold Pendant with antique finish. Gold pendant Comes with Presentation Box.","og_url":"https:\/\/www.purejewels.com\/tr\/urun\/antik-kaplamali-22-ayar-sari-altin-kolye-ucu\/","og_site_name":"PureJewels UK","article_modified_time":"2026-01-06T08:08:49+00:00","og_image":[{"width":1000,"height":1000,"url":"https:\/\/www.purejewels.com\/wp-content\/uploads\/2020\/09\/image186654696.jpg","type":"image\/jpeg"}],"twitter_card":"summary_large_image","schema":{"@context":"https:\/\/schema.org","@graph":[{"@type":["WebPage","ItemPage"],"@id":"https:\/\/www.purejewels.com\/product\/22k-yellow-gold-pendant-with-antique-finish\/","url":"https:\/\/www.purejewels.com\/product\/22k-yellow-gold-pendant-with-antique-finish\/","name":"Antik kaplamal\u0131 22 ayar sar\u0131 alt\u0131n kolye ucu | PureJewels","isPartOf":{"@id":"https:\/\/www.purejewels.com\/#website"},"primaryImageOfPage":{"@id":"https:\/\/www.purejewels.com\/product\/22k-yellow-gold-pendant-with-antique-finish\/#primaryimage"},"image":{"@id":"https:\/\/www.purejewels.com\/product\/22k-yellow-gold-pendant-with-antique-finish\/#primaryimage"},"thumbnailUrl":"https:\/\/static.purejewels.com\/wp-content\/uploads\/2020\/09\/image186654696.jpg","datePublished":"2019-10-01T12:45:46+00:00","dateModified":"2026-01-06T08:08:49+00:00","description":"Alt\u0131n Kolye koleksiyonumuzu online olarak ke\u015ffedin ve antika kaplamal\u0131 22 ayar Sar\u0131 Alt\u0131n Kolye Sat\u0131n Al\u0131n. Alt\u0131n kolye ucu Sunum Kutusu ile birlikte gelir.","breadcrumb":{"@id":"https:\/\/www.purejewels.com\/product\/22k-yellow-gold-pendant-with-antique-finish\/#breadcrumb"},"inLanguage":"tr","potentialAction":[{"@type":"ReadAction","target":["https:\/\/www.purejewels.com\/product\/22k-yellow-gold-pendant-with-antique-finish\/"]}]},{"@type":"ImageObject","inLanguage":"tr","@id":"https:\/\/www.purejewels.com\/product\/22k-yellow-gold-pendant-with-antique-finish\/#primaryimage","url":"https:\/\/static.purejewels.com\/wp-content\/uploads\/2020\/09\/image186654696.jpg","contentUrl":"https:\/\/static.purejewels.com\/wp-content\/uploads\/2020\/09\/image186654696.jpg","width":1000,"height":1000,"caption":"22k Yellow Gold Pendant with antique finishWt. 9.2 gDiameter 25mmSKU. 31168Chain is not included in the PriceAll prices include VATAll our products are hallmarked by London Assay OfficeAll our Gold pendant Comes with Presentation BoxDelivery IncludedContact us \/ chat with us to see our collection of Indian Gold Pendant sets"},{"@type":"BreadcrumbList","@id":"https:\/\/www.purejewels.com\/product\/22k-yellow-gold-pendant-with-antique-finish\/#breadcrumb","itemListElement":[{"@type":"ListItem","position":1,"name":"Home","item":"https:\/\/www.purejewels.com\/"},{"@type":"ListItem","position":2,"name":"Shop","item":"https:\/\/www.purejewels.com\/shop\/"},{"@type":"ListItem","position":3,"name":"22k Yellow Gold Pendant with antique finish"}]},{"@type":"WebSite","@id":"https:\/\/www.purejewels.com\/#website","url":"https:\/\/www.purejewels.com\/","name":"PureJewels \u0130ngiltere","description":"Sevgiyi Payla\u015f\u0131n","publisher":{"@id":"https:\/\/www.purejewels.com\/#organization"},"potentialAction":[{"@type":"SearchAction","target":{"@type":"EntryPoint","urlTemplate":"https:\/\/www.purejewels.com\/?s={search_term_string}"},"query-input":{"@type":"PropertyValueSpecification","valueRequired":true,"valueName":"search_term_string"}}],"inLanguage":"tr"},{"@type":"Organization","@id":"https:\/\/www.purejewels.com\/#organization","name":"PureJewels \u0130ngiltere","url":"https:\/\/www.purejewels.com\/","logo":{"@type":"ImageObject","inLanguage":"tr","@id":"https:\/\/www.purejewels.com\/#\/schema\/logo\/image\/","url":"https:\/\/static.purejewels.com\/wp-content\/uploads\/2020\/11\/Logo-PJ-New-1.png","contentUrl":"https:\/\/static.purejewels.com\/wp-content\/uploads\/2020\/11\/Logo-PJ-New-1.png","width":150,"height":80,"caption":"PureJewels UK"},"image":{"@id":"https:\/\/www.purejewels.com\/#\/schema\/logo\/image\/"}}]}},"_links":{"self":[{"href":"https:\/\/www.purejewels.com\/tr\/wp-json\/wp\/v2\/product\/311221","targetHints":{"allow":["GET"]}}],"collection":[{"href":"https:\/\/www.purejewels.com\/tr\/wp-json\/wp\/v2\/product"}],"about":[{"href":"https:\/\/www.purejewels.com\/tr\/wp-json\/wp\/v2\/types\/product"}],"replies":[{"embeddable":true,"href":"https:\/\/www.purejewels.com\/tr\/wp-json\/wp\/v2\/comments?post=311221"}],"version-history":[{"count":1,"href":"https:\/\/www.purejewels.com\/tr\/wp-json\/wp\/v2\/product\/311221\/revisions"}],"predecessor-version":[{"id":388528,"href":"https:\/\/www.purejewels.com\/tr\/wp-json\/wp\/v2\/product\/311221\/revisions\/388528"}],"wp:featuredmedia":[{"embeddable":true,"href":"https:\/\/www.purejewels.com\/tr\/wp-json\/wp\/v2\/media\/317553"}],"wp:attachment":[{"href":"https:\/\/www.purejewels.com\/tr\/wp-json\/wp\/v2\/media?parent=311221"}],"wp:term":[{"taxonomy":"product_brand","embeddable":true,"href":"https:\/\/www.purejewels.com\/tr\/wp-json\/wp\/v2\/product_brand?post=311221"},{"taxonomy":"product_cat","embeddable":true,"href":"https:\/\/www.purejewels.com\/tr\/wp-json\/wp\/v2\/product_cat?post=311221"},{"taxonomy":"product_tag","embeddable":true,"href":"https:\/\/www.purejewels.com\/tr\/wp-json\/wp\/v2\/product_tag?post=311221"}],"curies":[{"name":"wp","href":"https:\/\/api.w.org\/{rel}","templated":true}]}}