{"id":311223,"date":"2019-10-01T13:47:17","date_gmt":"2019-10-01T12:47:17","guid":{"rendered":"https:\/\/www.purejewels.com\/?post_type=product&#038;p=311223"},"modified":"2025-12-09T04:54:34","modified_gmt":"2025-12-09T04:54:34","slug":"antik-kaplamali-22-ayar-altin-kupe-11","status":"publish","type":"product","link":"https:\/\/www.purejewels.com\/tr\/product\/22-carat-gold-earring-with-antique-finish-11\/","title":{"rendered":"22 ayar alt\u0131n antika damla \u015feklinde \u00e7i\u00e7ek desenli k\u00fcpe"},"content":{"rendered":"<h3 data-start=\"680\" data-end=\"694\"><strong data-start=\"684\" data-end=\"694\">Tasar\u0131m<\/strong><\/h3>\n<p data-start=\"695\" data-end=\"985\">K\u00fclt\u00fcrel motiflerden ve \u00e7i\u00e7eklerin g\u00fczelli\u011finden ilham alan bu k\u00fcpeler, s\u00fcsl\u00fc yapraklar\u0131 ve oyulmu\u015f dokularla s\u00fcslenmi\u015f damla silueti ile dikkat \u00e7ekiyor. <a href=\"https:\/\/www.purejewels.com\/tr\/armari-collection\/\">antika kaplama<\/a> her k\u0131vr\u0131m\u0131 zenginle\u015ftirerek tasar\u0131ma zengin, geleneksel bir karakter kazand\u0131r\u0131r. Gelenekleri rafine ve zarif bir \u00e7ekicilikle kutlamak i\u00e7in yarat\u0131lm\u0131\u015ft\u0131r.<\/p>\n<h3 data-start=\"987\" data-end=\"1008\"><strong data-start=\"991\" data-end=\"1008\">Zanaatkarl\u0131k<\/strong><\/h3>\n<p data-start=\"1009\" data-end=\"1288\">Y\u00fcksek safl\u0131kta 22 ayar alt\u0131ndan el i\u015f\u00e7ili\u011fi ile \u00fcretilen bu k\u00fcpeler, \u00e7i\u00e7ek motifli merkez k\u0131sm\u0131na derinlik ve boyut kazand\u0131ran geleneksel tekniklerle titiz detaylara sahiptir. Her bir \u00e7ift, vintage bir parlakl\u0131k elde etmek i\u00e7in \u00f6zenle i\u015flenmi\u015f ve safl\u0131k garantisi i\u00e7in Birle\u015fik Krall\u0131k'ta tam damgal\u0131d\u0131r.<\/p>\n<h3 data-start=\"1290\" data-end=\"1315\"><strong data-start=\"1294\" data-end=\"1315\">\u015eekillendirme &amp; Hediyele\u015fme<\/strong><\/h3>\n<p data-start=\"1316\" data-end=\"1585\">D\u00fc\u011f\u00fcnler, festivaller ve anlaml\u0131 kutlamalar i\u00e7in m\u00fckemmel olan bu k\u00fcpeler, sari, lehenga ve \u00e7a\u011fda\u015f g\u00f6r\u00fcn\u00fcmler gibi k\u0131yafetlere asil bir ihti\u015fam katar. Y\u0131ld\u00f6n\u00fcmleri veya aile kutlamalar\u0131 i\u00e7in d\u00fc\u015f\u00fcnceli bir hediye olan bu k\u00fcpeler, de\u011fer verilecek ve nesilden nesile aktar\u0131lacak \u015fekilde tasarlanm\u0131\u015ft\u0131r.<\/p>","protected":false},"excerpt":{"rendered":"<ul>\n<li>Antik Kaplamal\u0131 22 Ayar Alt\u0131n K\u00fcpe<\/li>\n<li>A\u011f\u0131rl\u0131k 7.2 g<\/li>\n<li>\u00c7ap 16mm<\/li>\n<li>SKU. 31169<\/li>\n<li>T\u00fcm fiyatlara KDV dahildir<\/li>\n<li>T\u00fcm \u00fcr\u00fcnlerimiz London Assay Office taraf\u0131ndan damgalanm\u0131\u015ft\u0131r<\/li>\n<li>Sunum Kutusu ile Birlikte Gelir<\/li>\n<li>Teslimat Dahil<\/li>\n<li>\u00dcr\u00fcn\u00fcn videosunu g\u00f6rmek i\u00e7in bize ula\u015f\u0131n \/ bizimle sohbet edin<\/li>\n<\/ul>","protected":false},"featured_media":311262,"comment_status":"closed","ping_status":"closed","template":"","meta":{"_eb_attr":"","_crsspst_to_jayantr4sg-hostcom":false},"product_brand":[],"product_cat":[1656,1577],"product_tag":[],"class_list":{"0":"post-311223","1":"product","2":"type-product","3":"status-publish","4":"has-post-thumbnail","6":"product_cat-rosettes-collections","7":"product_cat-stud-earrings","9":"first","10":"outofstock","11":"taxable","12":"shipping-taxable","13":"product-type-simple","14":"add-to-wishlist-before_image"},"yoast_head":"<!-- This site is optimized with the Yoast SEO plugin v27.3 - https:\/\/yoast.com\/product\/yoast-seo-wordpress\/ -->\n<title>Heritage Floral Teardrop Studs in 22ct Gold | PureJewels UK<\/title>\n<meta name=\"description\" content=\"Antique-finish 22ct gold studs with a teardrop silhouette and intricate floral details. Hallmarked in the UK and perfect for gifting and festive styling.\" \/>\n<meta name=\"robots\" content=\"index, follow, max-snippet:-1, max-image-preview:large, max-video-preview:-1\" \/>\n<link rel=\"canonical\" href=\"https:\/\/www.purejewels.com\/tr\/urun\/antik-kaplamali-22-ayar-altin-kupe-11\/\" \/>\n<meta property=\"og:locale\" content=\"tr_TR\" \/>\n<meta property=\"og:type\" content=\"article\" \/>\n<meta property=\"og:title\" content=\"Heritage Floral Teardrop Studs in 22ct Gold | PureJewels UK\" \/>\n<meta property=\"og:description\" content=\"Antique-finish 22ct gold studs with a teardrop silhouette and intricate floral details. Hallmarked in the UK and perfect for gifting and festive styling.\" \/>\n<meta property=\"og:url\" content=\"https:\/\/www.purejewels.com\/tr\/urun\/antik-kaplamali-22-ayar-altin-kupe-11\/\" \/>\n<meta property=\"og:site_name\" content=\"PureJewels UK\" \/>\n<meta property=\"article:modified_time\" content=\"2025-12-09T04:54:34+00:00\" \/>\n<meta property=\"og:image\" content=\"https:\/\/static.purejewels.com\/wp-content\/uploads\/2019\/09\/31169.jpg\" \/>\n\t<meta property=\"og:image:width\" content=\"1000\" \/>\n\t<meta property=\"og:image:height\" content=\"1000\" \/>\n\t<meta property=\"og:image:type\" content=\"image\/jpeg\" \/>\n<meta name=\"twitter:card\" content=\"summary_large_image\" \/>\n<meta name=\"twitter:label1\" content=\"Tahmini okuma s\u00fcresi\" \/>\n\t<meta name=\"twitter:data1\" content=\"1 dakika\" \/>\n<script type=\"application\/ld+json\" class=\"yoast-schema-graph\">{\"@context\":\"https:\\\/\\\/schema.org\",\"@graph\":[{\"@type\":[\"WebPage\",\"ItemPage\"],\"@id\":\"https:\\\/\\\/www.purejewels.com\\\/product\\\/22-carat-gold-earring-with-antique-finish-11\\\/\",\"url\":\"https:\\\/\\\/www.purejewels.com\\\/product\\\/22-carat-gold-earring-with-antique-finish-11\\\/\",\"name\":\"Heritage Floral Teardrop Studs in 22ct Gold | PureJewels UK\",\"isPartOf\":{\"@id\":\"https:\\\/\\\/www.purejewels.com\\\/#website\"},\"primaryImageOfPage\":{\"@id\":\"https:\\\/\\\/www.purejewels.com\\\/product\\\/22-carat-gold-earring-with-antique-finish-11\\\/#primaryimage\"},\"image\":{\"@id\":\"https:\\\/\\\/www.purejewels.com\\\/product\\\/22-carat-gold-earring-with-antique-finish-11\\\/#primaryimage\"},\"thumbnailUrl\":\"https:\\\/\\\/static.purejewels.com\\\/wp-content\\\/uploads\\\/2019\\\/09\\\/31169.jpg\",\"datePublished\":\"2019-10-01T12:47:17+00:00\",\"dateModified\":\"2025-12-09T04:54:34+00:00\",\"description\":\"Antique-finish 22ct gold studs with a teardrop silhouette and intricate floral details. Hallmarked in the UK and perfect for gifting and festive styling.\",\"breadcrumb\":{\"@id\":\"https:\\\/\\\/www.purejewels.com\\\/product\\\/22-carat-gold-earring-with-antique-finish-11\\\/#breadcrumb\"},\"inLanguage\":\"tr\",\"potentialAction\":[{\"@type\":\"ReadAction\",\"target\":[\"https:\\\/\\\/www.purejewels.com\\\/product\\\/22-carat-gold-earring-with-antique-finish-11\\\/\"]}]},{\"@type\":\"ImageObject\",\"inLanguage\":\"tr\",\"@id\":\"https:\\\/\\\/www.purejewels.com\\\/product\\\/22-carat-gold-earring-with-antique-finish-11\\\/#primaryimage\",\"url\":\"https:\\\/\\\/static.purejewels.com\\\/wp-content\\\/uploads\\\/2019\\\/09\\\/31169.jpg\",\"contentUrl\":\"https:\\\/\\\/static.purejewels.com\\\/wp-content\\\/uploads\\\/2019\\\/09\\\/31169.jpg\",\"width\":1000,\"height\":1000,\"caption\":\"31169\"},{\"@type\":\"BreadcrumbList\",\"@id\":\"https:\\\/\\\/www.purejewels.com\\\/product\\\/22-carat-gold-earring-with-antique-finish-11\\\/#breadcrumb\",\"itemListElement\":[{\"@type\":\"ListItem\",\"position\":1,\"name\":\"Home\",\"item\":\"https:\\\/\\\/www.purejewels.com\\\/\"},{\"@type\":\"ListItem\",\"position\":2,\"name\":\"Shop\",\"item\":\"https:\\\/\\\/www.purejewels.com\\\/shop\\\/\"},{\"@type\":\"ListItem\",\"position\":3,\"name\":\"22ct Gold Antique Teardrop Floral Stud Earrings\"}]},{\"@type\":\"WebSite\",\"@id\":\"https:\\\/\\\/www.purejewels.com\\\/#website\",\"url\":\"https:\\\/\\\/www.purejewels.com\\\/\",\"name\":\"PureJewels UK\",\"description\":\"Share the Love\",\"publisher\":{\"@id\":\"https:\\\/\\\/www.purejewels.com\\\/#organization\"},\"potentialAction\":[{\"@type\":\"SearchAction\",\"target\":{\"@type\":\"EntryPoint\",\"urlTemplate\":\"https:\\\/\\\/www.purejewels.com\\\/?s={search_term_string}\"},\"query-input\":{\"@type\":\"PropertyValueSpecification\",\"valueRequired\":true,\"valueName\":\"search_term_string\"}}],\"inLanguage\":\"tr\"},{\"@type\":\"Organization\",\"@id\":\"https:\\\/\\\/www.purejewels.com\\\/#organization\",\"name\":\"PureJewels UK\",\"url\":\"https:\\\/\\\/www.purejewels.com\\\/\",\"logo\":{\"@type\":\"ImageObject\",\"inLanguage\":\"tr\",\"@id\":\"https:\\\/\\\/www.purejewels.com\\\/#\\\/schema\\\/logo\\\/image\\\/\",\"url\":\"https:\\\/\\\/static.purejewels.com\\\/wp-content\\\/uploads\\\/2020\\\/11\\\/Logo-PJ-New-1.png\",\"contentUrl\":\"https:\\\/\\\/static.purejewels.com\\\/wp-content\\\/uploads\\\/2020\\\/11\\\/Logo-PJ-New-1.png\",\"width\":150,\"height\":80,\"caption\":\"PureJewels UK\"},\"image\":{\"@id\":\"https:\\\/\\\/www.purejewels.com\\\/#\\\/schema\\\/logo\\\/image\\\/\"}}]}<\/script>\n<!-- \/ Yoast SEO plugin. -->","yoast_head_json":{"title":"22 ayar alt\u0131n Heritage Floral Teardrop k\u00fcpe | PureJewels UK","description":"Antik kaplama 22 ayar alt\u0131n k\u00fcpeler, damla silueti ve karma\u015f\u0131k \u00e7i\u00e7ek detaylar\u0131 ile. \u0130ngiltere'de damgal\u0131 ve hediye etmek ve \u015fenlikli stil i\u00e7in m\u00fckemmel.","robots":{"index":"index","follow":"follow","max-snippet":"max-snippet:-1","max-image-preview":"max-image-preview:large","max-video-preview":"max-video-preview:-1"},"canonical":"https:\/\/www.purejewels.com\/tr\/urun\/antik-kaplamali-22-ayar-altin-kupe-11\/","og_locale":"tr_TR","og_type":"article","og_title":"Heritage Floral Teardrop Studs in 22ct Gold | PureJewels UK","og_description":"Antique-finish 22ct gold studs with a teardrop silhouette and intricate floral details. Hallmarked in the UK and perfect for gifting and festive styling.","og_url":"https:\/\/www.purejewels.com\/tr\/urun\/antik-kaplamali-22-ayar-altin-kupe-11\/","og_site_name":"PureJewels UK","article_modified_time":"2025-12-09T04:54:34+00:00","og_image":[{"width":1000,"height":1000,"url":"https:\/\/static.purejewels.com\/wp-content\/uploads\/2019\/09\/31169.jpg","type":"image\/jpeg"}],"twitter_card":"summary_large_image","twitter_misc":{"Tahmini okuma s\u00fcresi":"1 dakika"},"schema":{"@context":"https:\/\/schema.org","@graph":[{"@type":["WebPage","ItemPage"],"@id":"https:\/\/www.purejewels.com\/product\/22-carat-gold-earring-with-antique-finish-11\/","url":"https:\/\/www.purejewels.com\/product\/22-carat-gold-earring-with-antique-finish-11\/","name":"22 ayar alt\u0131n Heritage Floral Teardrop k\u00fcpe | PureJewels UK","isPartOf":{"@id":"https:\/\/www.purejewels.com\/#website"},"primaryImageOfPage":{"@id":"https:\/\/www.purejewels.com\/product\/22-carat-gold-earring-with-antique-finish-11\/#primaryimage"},"image":{"@id":"https:\/\/www.purejewels.com\/product\/22-carat-gold-earring-with-antique-finish-11\/#primaryimage"},"thumbnailUrl":"https:\/\/static.purejewels.com\/wp-content\/uploads\/2019\/09\/31169.jpg","datePublished":"2019-10-01T12:47:17+00:00","dateModified":"2025-12-09T04:54:34+00:00","description":"Antik kaplama 22 ayar alt\u0131n k\u00fcpeler, damla silueti ve karma\u015f\u0131k \u00e7i\u00e7ek detaylar\u0131 ile. \u0130ngiltere'de damgal\u0131 ve hediye etmek ve \u015fenlikli stil i\u00e7in m\u00fckemmel.","breadcrumb":{"@id":"https:\/\/www.purejewels.com\/product\/22-carat-gold-earring-with-antique-finish-11\/#breadcrumb"},"inLanguage":"tr","potentialAction":[{"@type":"ReadAction","target":["https:\/\/www.purejewels.com\/product\/22-carat-gold-earring-with-antique-finish-11\/"]}]},{"@type":"ImageObject","inLanguage":"tr","@id":"https:\/\/www.purejewels.com\/product\/22-carat-gold-earring-with-antique-finish-11\/#primaryimage","url":"https:\/\/static.purejewels.com\/wp-content\/uploads\/2019\/09\/31169.jpg","contentUrl":"https:\/\/static.purejewels.com\/wp-content\/uploads\/2019\/09\/31169.jpg","width":1000,"height":1000,"caption":"31169"},{"@type":"BreadcrumbList","@id":"https:\/\/www.purejewels.com\/product\/22-carat-gold-earring-with-antique-finish-11\/#breadcrumb","itemListElement":[{"@type":"ListItem","position":1,"name":"Home","item":"https:\/\/www.purejewels.com\/"},{"@type":"ListItem","position":2,"name":"Shop","item":"https:\/\/www.purejewels.com\/shop\/"},{"@type":"ListItem","position":3,"name":"22ct Gold Antique Teardrop Floral Stud Earrings"}]},{"@type":"WebSite","@id":"https:\/\/www.purejewels.com\/#website","url":"https:\/\/www.purejewels.com\/","name":"PureJewels \u0130ngiltere","description":"Sevgiyi Payla\u015f\u0131n","publisher":{"@id":"https:\/\/www.purejewels.com\/#organization"},"potentialAction":[{"@type":"SearchAction","target":{"@type":"EntryPoint","urlTemplate":"https:\/\/www.purejewels.com\/?s={search_term_string}"},"query-input":{"@type":"PropertyValueSpecification","valueRequired":true,"valueName":"search_term_string"}}],"inLanguage":"tr"},{"@type":"Organization","@id":"https:\/\/www.purejewels.com\/#organization","name":"PureJewels \u0130ngiltere","url":"https:\/\/www.purejewels.com\/","logo":{"@type":"ImageObject","inLanguage":"tr","@id":"https:\/\/www.purejewels.com\/#\/schema\/logo\/image\/","url":"https:\/\/static.purejewels.com\/wp-content\/uploads\/2020\/11\/Logo-PJ-New-1.png","contentUrl":"https:\/\/static.purejewels.com\/wp-content\/uploads\/2020\/11\/Logo-PJ-New-1.png","width":150,"height":80,"caption":"PureJewels UK"},"image":{"@id":"https:\/\/www.purejewels.com\/#\/schema\/logo\/image\/"}}]}},"_links":{"self":[{"href":"https:\/\/www.purejewels.com\/tr\/wp-json\/wp\/v2\/product\/311223","targetHints":{"allow":["GET"]}}],"collection":[{"href":"https:\/\/www.purejewels.com\/tr\/wp-json\/wp\/v2\/product"}],"about":[{"href":"https:\/\/www.purejewels.com\/tr\/wp-json\/wp\/v2\/types\/product"}],"replies":[{"embeddable":true,"href":"https:\/\/www.purejewels.com\/tr\/wp-json\/wp\/v2\/comments?post=311223"}],"version-history":[{"count":3,"href":"https:\/\/www.purejewels.com\/tr\/wp-json\/wp\/v2\/product\/311223\/revisions"}],"predecessor-version":[{"id":422680,"href":"https:\/\/www.purejewels.com\/tr\/wp-json\/wp\/v2\/product\/311223\/revisions\/422680"}],"wp:featuredmedia":[{"embeddable":true,"href":"https:\/\/www.purejewels.com\/tr\/wp-json\/wp\/v2\/media\/311262"}],"wp:attachment":[{"href":"https:\/\/www.purejewels.com\/tr\/wp-json\/wp\/v2\/media?parent=311223"}],"wp:term":[{"taxonomy":"product_brand","embeddable":true,"href":"https:\/\/www.purejewels.com\/tr\/wp-json\/wp\/v2\/product_brand?post=311223"},{"taxonomy":"product_cat","embeddable":true,"href":"https:\/\/www.purejewels.com\/tr\/wp-json\/wp\/v2\/product_cat?post=311223"},{"taxonomy":"product_tag","embeddable":true,"href":"https:\/\/www.purejewels.com\/tr\/wp-json\/wp\/v2\/product_tag?post=311223"}],"curies":[{"name":"wp","href":"https:\/\/api.w.org\/{rel}","templated":true}]}}