{"id":311241,"date":"2019-10-01T13:37:41","date_gmt":"2019-10-01T12:37:41","guid":{"rendered":"https:\/\/www.purejewels.com\/?post_type=product&#038;p=311241"},"modified":"2026-01-05T08:06:20","modified_gmt":"2026-01-05T08:06:20","slug":"22-ayar-altin-bilyeli-zincir","status":"publish","type":"product","link":"https:\/\/www.purejewels.com\/tr\/product\/22ct-gold-chain-with-balls\/","title":{"rendered":"22 ayar alt\u0131n \u00fc\u00e7l\u00fc halka zincir"},"content":{"rendered":"<p>Parlak 22 ayar alt\u0131ndan \u00fcretilen bu \u00fc\u00e7l\u00fc ba\u011flant\u0131 zinciri, ince aral\u0131kl\u0131 elmas kesim alt\u0131n toplarla zarif bir \u0131\u015f\u0131lt\u0131 ve doku kat\u0131yor. Katmanl\u0131 \u00fc\u00e7l\u00fc ba\u011flant\u0131 tasar\u0131m\u0131, hafif ve zarif bir profil sunarken derinli\u011fi de art\u0131r\u0131yor.<\/p>\n<p>G\u00fcnl\u00fck kullan\u0131m veya kolye ile birlikte katmanl\u0131 kullan\u0131m i\u00e7in m\u00fckemmel olan bu zincir, geleneksel zanaatkarl\u0131\u011f\u0131 modern minimalist bir \u00e7ekicilikle harmanlamaktad\u0131r. Parlak y\u00fczeyi ve e\u015fit olarak da\u011f\u0131t\u0131lm\u0131\u015f top detaylar\u0131, onu hem g\u00fcndelik hem de resmi ortamlar i\u00e7in uygun, her m\u00fccevher koleksiyonuna \u00e7ok y\u00f6nl\u00fc bir ek haline getirmektedir.<\/p>\n<p>Zarafet, rahatl\u0131k ve kal\u0131c\u0131 de\u011fer sunan zamans\u0131z bir alt\u0131n zincir.<\/p>","protected":false},"excerpt":{"rendered":"<p>Elmas kesim alt\u0131n toplarla s\u00fcslenmi\u015f zarif 22 ayar alt\u0131n \u00fc\u00e7l\u00fc zincir, narin ama l\u00fcks bir g\u00fcnl\u00fck g\u00f6r\u00fcn\u00fcm i\u00e7in tasarlanm\u0131\u015ft\u0131r.<\/p>\n<ul>\n<li>22 Ayar Alt\u0131n Top Zincir<\/li>\n<li>Elmas Kesimli Top ile \u00dc\u00e7l\u00fc Ba\u011flant\u0131 Zinciri<\/li>\n<li>A\u011f\u0131rl\u0131k 15,9 gms<\/li>\n<li>SKU. 31117<\/li>\n<li>Uzunluk 18 \u0130n\u00e7<\/li>\n<li>T\u00fcm fiyatlara KDV dahildir<\/li>\n<li>Londra Tahlil Ofisi Taraf\u0131ndan Damgalanm\u0131\u015f 22 Ayar Alt\u0131n<\/li>\n<li>T\u00fcm Setler Sunum Kutusu ile Birlikte Gelir<\/li>\n<li>Teslimat Dahil<\/li>\n<li>Stok durumu ve stokta bulunan benzer tasar\u0131mlar\u0131n daha fazla g\u00f6r\u00fcnt\u00fcs\u00fc i\u00e7in bizimle canl\u0131 sohbet edin<\/li>\n<\/ul>","protected":false},"featured_media":311256,"comment_status":"closed","ping_status":"closed","template":"","meta":{"_eb_attr":"","_crsspst_to_jayantr4sg-hostcom":false},"product_brand":[],"product_cat":[1791,1617,1559,1698,1475,1574],"product_tag":[],"class_list":{"0":"post-311241","1":"product","2":"type-product","3":"status-publish","4":"has-post-thumbnail","6":"product_cat-anniversary-gifts","7":"product_cat-fancy-mala-chains","8":"product_cat-birthday-gifts","9":"product_cat-choker-chains","10":"product_cat-gold-chains","11":"product_cat-womens-jewellery","13":"first","14":"outofstock","15":"taxable","16":"shipping-taxable","17":"product-type-simple","18":"add-to-wishlist-before_image"},"yoast_head":"<!-- This site is optimized with the Yoast SEO plugin v27.3 - https:\/\/yoast.com\/product\/yoast-seo-wordpress\/ -->\n<title>22ct Triple Link Chain with Diamond Cut Balls | Elegant Gold Chain<\/title>\n<meta name=\"description\" content=\"Shop a refined 22ct gold triple link chain featuring diamond cut gold balls. Lightweight, elegant, and perfect for everyday or occasion wear.\" \/>\n<meta name=\"robots\" content=\"index, follow, max-snippet:-1, max-image-preview:large, max-video-preview:-1\" \/>\n<link rel=\"canonical\" href=\"https:\/\/www.purejewels.com\/tr\/urun\/22-ayar-altin-bilyeli-zincir\/\" \/>\n<meta property=\"og:locale\" content=\"tr_TR\" \/>\n<meta property=\"og:type\" content=\"article\" \/>\n<meta property=\"og:title\" content=\"22ct Triple Link Chain with Diamond Cut Balls | Elegant Gold Chain\" \/>\n<meta property=\"og:description\" content=\"Shop a refined 22ct gold triple link chain featuring diamond cut gold balls. Lightweight, elegant, and perfect for everyday or occasion wear.\" \/>\n<meta property=\"og:url\" content=\"https:\/\/www.purejewels.com\/tr\/urun\/22-ayar-altin-bilyeli-zincir\/\" \/>\n<meta property=\"og:site_name\" content=\"PureJewels UK\" \/>\n<meta property=\"article:modified_time\" content=\"2026-01-05T08:06:20+00:00\" \/>\n<meta property=\"og:image\" content=\"https:\/\/static.purejewels.com\/wp-content\/uploads\/2019\/09\/31117.jpg\" \/>\n\t<meta property=\"og:image:width\" content=\"1000\" \/>\n\t<meta property=\"og:image:height\" content=\"1000\" \/>\n\t<meta property=\"og:image:type\" content=\"image\/jpeg\" \/>\n<meta name=\"twitter:card\" content=\"summary_large_image\" \/>\n<meta name=\"twitter:label1\" content=\"Tahmini okuma s\u00fcresi\" \/>\n\t<meta name=\"twitter:data1\" content=\"1 dakika\" \/>\n<script type=\"application\/ld+json\" class=\"yoast-schema-graph\">{\"@context\":\"https:\\\/\\\/schema.org\",\"@graph\":[{\"@type\":[\"WebPage\",\"ItemPage\"],\"@id\":\"https:\\\/\\\/www.purejewels.com\\\/product\\\/22ct-gold-chain-with-balls\\\/\",\"url\":\"https:\\\/\\\/www.purejewels.com\\\/product\\\/22ct-gold-chain-with-balls\\\/\",\"name\":\"22ct Triple Link Chain with Diamond Cut Balls | Elegant Gold Chain\",\"isPartOf\":{\"@id\":\"https:\\\/\\\/www.purejewels.com\\\/#website\"},\"primaryImageOfPage\":{\"@id\":\"https:\\\/\\\/www.purejewels.com\\\/product\\\/22ct-gold-chain-with-balls\\\/#primaryimage\"},\"image\":{\"@id\":\"https:\\\/\\\/www.purejewels.com\\\/product\\\/22ct-gold-chain-with-balls\\\/#primaryimage\"},\"thumbnailUrl\":\"https:\\\/\\\/static.purejewels.com\\\/wp-content\\\/uploads\\\/2019\\\/09\\\/31117.jpg\",\"datePublished\":\"2019-10-01T12:37:41+00:00\",\"dateModified\":\"2026-01-05T08:06:20+00:00\",\"description\":\"Shop a refined 22ct gold triple link chain featuring diamond cut gold balls. Lightweight, elegant, and perfect for everyday or occasion wear.\",\"breadcrumb\":{\"@id\":\"https:\\\/\\\/www.purejewels.com\\\/product\\\/22ct-gold-chain-with-balls\\\/#breadcrumb\"},\"inLanguage\":\"tr\",\"potentialAction\":[{\"@type\":\"ReadAction\",\"target\":[\"https:\\\/\\\/www.purejewels.com\\\/product\\\/22ct-gold-chain-with-balls\\\/\"]}]},{\"@type\":\"ImageObject\",\"inLanguage\":\"tr\",\"@id\":\"https:\\\/\\\/www.purejewels.com\\\/product\\\/22ct-gold-chain-with-balls\\\/#primaryimage\",\"url\":\"https:\\\/\\\/static.purejewels.com\\\/wp-content\\\/uploads\\\/2019\\\/09\\\/31117.jpg\",\"contentUrl\":\"https:\\\/\\\/static.purejewels.com\\\/wp-content\\\/uploads\\\/2019\\\/09\\\/31117.jpg\",\"width\":1000,\"height\":1000,\"caption\":\"31117\"},{\"@type\":\"BreadcrumbList\",\"@id\":\"https:\\\/\\\/www.purejewels.com\\\/product\\\/22ct-gold-chain-with-balls\\\/#breadcrumb\",\"itemListElement\":[{\"@type\":\"ListItem\",\"position\":1,\"name\":\"Home\",\"item\":\"https:\\\/\\\/www.purejewels.com\\\/\"},{\"@type\":\"ListItem\",\"position\":2,\"name\":\"Shop\",\"item\":\"https:\\\/\\\/www.purejewels.com\\\/shop\\\/\"},{\"@type\":\"ListItem\",\"position\":3,\"name\":\"22ct Gold Triple Link Ball Chain\"}]},{\"@type\":\"WebSite\",\"@id\":\"https:\\\/\\\/www.purejewels.com\\\/#website\",\"url\":\"https:\\\/\\\/www.purejewels.com\\\/\",\"name\":\"PureJewels UK\",\"description\":\"Share the Love\",\"publisher\":{\"@id\":\"https:\\\/\\\/www.purejewels.com\\\/#organization\"},\"potentialAction\":[{\"@type\":\"SearchAction\",\"target\":{\"@type\":\"EntryPoint\",\"urlTemplate\":\"https:\\\/\\\/www.purejewels.com\\\/?s={search_term_string}\"},\"query-input\":{\"@type\":\"PropertyValueSpecification\",\"valueRequired\":true,\"valueName\":\"search_term_string\"}}],\"inLanguage\":\"tr\"},{\"@type\":\"Organization\",\"@id\":\"https:\\\/\\\/www.purejewels.com\\\/#organization\",\"name\":\"PureJewels UK\",\"url\":\"https:\\\/\\\/www.purejewels.com\\\/\",\"logo\":{\"@type\":\"ImageObject\",\"inLanguage\":\"tr\",\"@id\":\"https:\\\/\\\/www.purejewels.com\\\/#\\\/schema\\\/logo\\\/image\\\/\",\"url\":\"https:\\\/\\\/static.purejewels.com\\\/wp-content\\\/uploads\\\/2020\\\/11\\\/Logo-PJ-New-1.png\",\"contentUrl\":\"https:\\\/\\\/static.purejewels.com\\\/wp-content\\\/uploads\\\/2020\\\/11\\\/Logo-PJ-New-1.png\",\"width\":150,\"height\":80,\"caption\":\"PureJewels UK\"},\"image\":{\"@id\":\"https:\\\/\\\/www.purejewels.com\\\/#\\\/schema\\\/logo\\\/image\\\/\"}}]}<\/script>\n<!-- \/ Yoast SEO plugin. -->","yoast_head_json":{"title":"22 ayar \u00fc\u00e7l\u00fc ba\u011flant\u0131 zinciri, elmas kesim toplar | Zarif alt\u0131n zincir","description":"Elmas kesim alt\u0131n toplara sahip, zarif 22 ayar alt\u0131n \u00fc\u00e7l\u00fc zincir sat\u0131n al\u0131n. Hafif, zarif ve g\u00fcnl\u00fck kullan\u0131m veya \u00f6zel g\u00fcnler i\u00e7in m\u00fckemmel bir se\u00e7im.","robots":{"index":"index","follow":"follow","max-snippet":"max-snippet:-1","max-image-preview":"max-image-preview:large","max-video-preview":"max-video-preview:-1"},"canonical":"https:\/\/www.purejewels.com\/tr\/urun\/22-ayar-altin-bilyeli-zincir\/","og_locale":"tr_TR","og_type":"article","og_title":"22ct Triple Link Chain with Diamond Cut Balls | Elegant Gold Chain","og_description":"Shop a refined 22ct gold triple link chain featuring diamond cut gold balls. Lightweight, elegant, and perfect for everyday or occasion wear.","og_url":"https:\/\/www.purejewels.com\/tr\/urun\/22-ayar-altin-bilyeli-zincir\/","og_site_name":"PureJewels UK","article_modified_time":"2026-01-05T08:06:20+00:00","og_image":[{"width":1000,"height":1000,"url":"https:\/\/static.purejewels.com\/wp-content\/uploads\/2019\/09\/31117.jpg","type":"image\/jpeg"}],"twitter_card":"summary_large_image","twitter_misc":{"Tahmini okuma s\u00fcresi":"1 dakika"},"schema":{"@context":"https:\/\/schema.org","@graph":[{"@type":["WebPage","ItemPage"],"@id":"https:\/\/www.purejewels.com\/product\/22ct-gold-chain-with-balls\/","url":"https:\/\/www.purejewels.com\/product\/22ct-gold-chain-with-balls\/","name":"22 ayar \u00fc\u00e7l\u00fc ba\u011flant\u0131 zinciri, elmas kesim toplar | Zarif alt\u0131n zincir","isPartOf":{"@id":"https:\/\/www.purejewels.com\/#website"},"primaryImageOfPage":{"@id":"https:\/\/www.purejewels.com\/product\/22ct-gold-chain-with-balls\/#primaryimage"},"image":{"@id":"https:\/\/www.purejewels.com\/product\/22ct-gold-chain-with-balls\/#primaryimage"},"thumbnailUrl":"https:\/\/static.purejewels.com\/wp-content\/uploads\/2019\/09\/31117.jpg","datePublished":"2019-10-01T12:37:41+00:00","dateModified":"2026-01-05T08:06:20+00:00","description":"Elmas kesim alt\u0131n toplara sahip, zarif 22 ayar alt\u0131n \u00fc\u00e7l\u00fc zincir sat\u0131n al\u0131n. Hafif, zarif ve g\u00fcnl\u00fck kullan\u0131m veya \u00f6zel g\u00fcnler i\u00e7in m\u00fckemmel bir se\u00e7im.","breadcrumb":{"@id":"https:\/\/www.purejewels.com\/product\/22ct-gold-chain-with-balls\/#breadcrumb"},"inLanguage":"tr","potentialAction":[{"@type":"ReadAction","target":["https:\/\/www.purejewels.com\/product\/22ct-gold-chain-with-balls\/"]}]},{"@type":"ImageObject","inLanguage":"tr","@id":"https:\/\/www.purejewels.com\/product\/22ct-gold-chain-with-balls\/#primaryimage","url":"https:\/\/static.purejewels.com\/wp-content\/uploads\/2019\/09\/31117.jpg","contentUrl":"https:\/\/static.purejewels.com\/wp-content\/uploads\/2019\/09\/31117.jpg","width":1000,"height":1000,"caption":"31117"},{"@type":"BreadcrumbList","@id":"https:\/\/www.purejewels.com\/product\/22ct-gold-chain-with-balls\/#breadcrumb","itemListElement":[{"@type":"ListItem","position":1,"name":"Home","item":"https:\/\/www.purejewels.com\/"},{"@type":"ListItem","position":2,"name":"Shop","item":"https:\/\/www.purejewels.com\/shop\/"},{"@type":"ListItem","position":3,"name":"22ct Gold Triple Link Ball Chain"}]},{"@type":"WebSite","@id":"https:\/\/www.purejewels.com\/#website","url":"https:\/\/www.purejewels.com\/","name":"PureJewels \u0130ngiltere","description":"Sevgiyi Payla\u015f\u0131n","publisher":{"@id":"https:\/\/www.purejewels.com\/#organization"},"potentialAction":[{"@type":"SearchAction","target":{"@type":"EntryPoint","urlTemplate":"https:\/\/www.purejewels.com\/?s={search_term_string}"},"query-input":{"@type":"PropertyValueSpecification","valueRequired":true,"valueName":"search_term_string"}}],"inLanguage":"tr"},{"@type":"Organization","@id":"https:\/\/www.purejewels.com\/#organization","name":"PureJewels \u0130ngiltere","url":"https:\/\/www.purejewels.com\/","logo":{"@type":"ImageObject","inLanguage":"tr","@id":"https:\/\/www.purejewels.com\/#\/schema\/logo\/image\/","url":"https:\/\/static.purejewels.com\/wp-content\/uploads\/2020\/11\/Logo-PJ-New-1.png","contentUrl":"https:\/\/static.purejewels.com\/wp-content\/uploads\/2020\/11\/Logo-PJ-New-1.png","width":150,"height":80,"caption":"PureJewels UK"},"image":{"@id":"https:\/\/www.purejewels.com\/#\/schema\/logo\/image\/"}}]}},"_links":{"self":[{"href":"https:\/\/www.purejewels.com\/tr\/wp-json\/wp\/v2\/product\/311241","targetHints":{"allow":["GET"]}}],"collection":[{"href":"https:\/\/www.purejewels.com\/tr\/wp-json\/wp\/v2\/product"}],"about":[{"href":"https:\/\/www.purejewels.com\/tr\/wp-json\/wp\/v2\/types\/product"}],"replies":[{"embeddable":true,"href":"https:\/\/www.purejewels.com\/tr\/wp-json\/wp\/v2\/comments?post=311241"}],"version-history":[{"count":3,"href":"https:\/\/www.purejewels.com\/tr\/wp-json\/wp\/v2\/product\/311241\/revisions"}],"predecessor-version":[{"id":424217,"href":"https:\/\/www.purejewels.com\/tr\/wp-json\/wp\/v2\/product\/311241\/revisions\/424217"}],"wp:featuredmedia":[{"embeddable":true,"href":"https:\/\/www.purejewels.com\/tr\/wp-json\/wp\/v2\/media\/311256"}],"wp:attachment":[{"href":"https:\/\/www.purejewels.com\/tr\/wp-json\/wp\/v2\/media?parent=311241"}],"wp:term":[{"taxonomy":"product_brand","embeddable":true,"href":"https:\/\/www.purejewels.com\/tr\/wp-json\/wp\/v2\/product_brand?post=311241"},{"taxonomy":"product_cat","embeddable":true,"href":"https:\/\/www.purejewels.com\/tr\/wp-json\/wp\/v2\/product_cat?post=311241"},{"taxonomy":"product_tag","embeddable":true,"href":"https:\/\/www.purejewels.com\/tr\/wp-json\/wp\/v2\/product_tag?post=311241"}],"curies":[{"name":"wp","href":"https:\/\/api.w.org\/{rel}","templated":true}]}}