{"id":311351,"date":"2019-10-07T17:19:38","date_gmt":"2019-10-07T16:19:38","guid":{"rendered":"https:\/\/www.purejewels.com\/?post_type=product&#038;p=311351"},"modified":"2026-03-05T12:59:50","modified_gmt":"2026-03-05T12:59:50","slug":"22-ayar-altin-halat-zincir-22-inc","status":"publish","type":"product","link":"https:\/\/www.purejewels.com\/tr\/product\/22k-gold-rope-chain-22-inches\/","title":{"rendered":"22 Ayar Alt\u0131n Halat Zincir 22 in\u00e7"},"content":{"rendered":"<p>Do\u011fas\u0131 gere\u011fi yumu\u015fak ve zarif olan bu <a href=\"https:\/\/www.purejewels.com\/tr\/product\/22ct-gold-jali-filigree-ring-jali-collection-31926\/\">22ct<\/a> <a href=\"https:\/\/www.purejewels.com\/tr\/product\/22ct-gold-rope-chain-53063\/\">Alt\u0131n Halat Zincir<\/a> her santimetresinde l\u00fcks\u00fc yans\u0131t\u0131yor. \u0130peksi 22 ayar alt\u0131n tellerin karma\u015f\u0131k bir \u015fekilde bir araya getirildi\u011fi bu zincir, halat deseninden ilham al\u0131yor. 22 ayar alt\u0131n halat zincir, koleksiyonuna biraz \u0131\u015f\u0131lt\u0131 ve par\u0131lt\u0131 katmak isteyenler i\u00e7in m\u00fckemmel bir zincir. T\u00fcm zincirler aras\u0131nda \u00f6ne \u00e7\u0131kan <a href=\"https:\/\/www.purejewels.com\/tr\/urun-kategori%cc%87si%cc%87\/22-ayar-altin-takilar\/altin-zincirler\/\">22 ayar alt\u0131n zincir<\/a> tasar\u0131mlara sahip bu halat zincir, her ortamda \u00e7ok y\u00f6nl\u00fcl\u00fck ve l\u00fcks sunar. 16\u201d 18\u201d 20\u201d 22\u201d olmak \u00fczere 4 farkl\u0131 uzunlukta mevcut olan bu 22ct zincir herkes i\u00e7in idealdir. Talep \u00fczerine farkl\u0131 alt\u0131n tonlar\u0131nda da \u00fcretilebilir. En y\u00fcksek kalite ve \u00f6zenle tasarlanan bu halat zincir, kaliteyi l\u00fcksle birle\u015ftirerek enfes bir par\u00e7a sunuyor.<\/p>","protected":false},"excerpt":{"rendered":"<ul>\n<li>22 Ayar Alt\u0131n Halat Zincir 22 in\u00e7<\/li>\n<li>A\u011f\u0131rl\u0131k: 7,2 g<\/li>\n<li>Uzunluk : 22? in\u00e7<\/li>\n<li>Sku.30629<\/li>\n<li>T\u00fcm fiyatlara KDV dahildir<\/li>\n<li>T\u00fcm \u00fcr\u00fcnlerimiz London Assay Office taraf\u0131ndan damgalanm\u0131\u015ft\u0131r<\/li>\n<li>Sunum Kutusu ile Birlikte Gelir<\/li>\n<li>Teslimat Dahil<\/li>\n<li>Benzer alt\u0131n halat zinciri uk'nin daha fazla uzunlu\u011fu ve a\u011f\u0131rl\u0131\u011f\u0131 i\u00e7in bizimle sohbet edin<\/li>\n<\/ul>","protected":false},"featured_media":304614,"comment_status":"closed","ping_status":"closed","template":"","meta":{"_eb_attr":"","_crsspst_to_jayantr4sg-hostcom":false},"product_brand":[],"product_cat":[1475,1773,1774],"product_tag":[],"class_list":{"0":"post-311351","1":"product","2":"type-product","3":"status-publish","4":"has-post-thumbnail","6":"product_cat-gold-chains","7":"product_cat-ladies-chains","8":"product_cat-mens-chains","10":"first","11":"outofstock","12":"taxable","13":"shipping-taxable","14":"product-type-simple","15":"add-to-wishlist-before_image"},"yoast_head":"<!-- This site is optimized with the Yoast SEO plugin v27.3 - https:\/\/yoast.com\/product\/yoast-seo-wordpress\/ -->\n<title>22ct Gold Rope Chain Available in 4 different lengths of 16\u201d 18\u201d 20\u201d 22\u201d<\/title>\n<meta name=\"description\" content=\"Soft and elegant by nature, this 22ct Gold Rope Chain pours luxury into every inch of itself. Order online for free UK delivery.\" \/>\n<meta name=\"robots\" content=\"index, follow, max-snippet:-1, max-image-preview:large, max-video-preview:-1\" \/>\n<link rel=\"canonical\" href=\"https:\/\/www.purejewels.com\/tr\/urun\/22-ayar-altin-halat-zincir-22-inc\/\" \/>\n<meta property=\"og:locale\" content=\"tr_TR\" \/>\n<meta property=\"og:type\" content=\"article\" \/>\n<meta property=\"og:title\" content=\"22ct Gold Rope Chain Available in 4 different lengths of 16\u201d 18\u201d 20\u201d 22\u201d\" \/>\n<meta property=\"og:description\" content=\"Soft and elegant by nature, this 22ct Gold Rope Chain pours luxury into every inch of itself. Order online for free UK delivery.\" \/>\n<meta property=\"og:url\" content=\"https:\/\/www.purejewels.com\/tr\/urun\/22-ayar-altin-halat-zincir-22-inc\/\" \/>\n<meta property=\"og:site_name\" content=\"PureJewels UK\" \/>\n<meta property=\"article:modified_time\" content=\"2026-03-05T12:59:50+00:00\" \/>\n<meta property=\"og:image\" content=\"https:\/\/static.purejewels.com\/wp-content\/uploads\/2018\/05\/23860_11.png\" \/>\n\t<meta property=\"og:image:width\" content=\"1000\" \/>\n\t<meta property=\"og:image:height\" content=\"1000\" \/>\n\t<meta property=\"og:image:type\" content=\"image\/png\" \/>\n<meta name=\"twitter:card\" content=\"summary_large_image\" \/>\n<meta name=\"twitter:label1\" content=\"Tahmini okuma s\u00fcresi\" \/>\n\t<meta name=\"twitter:data1\" content=\"1 dakika\" \/>\n<script type=\"application\/ld+json\" class=\"yoast-schema-graph\">{\"@context\":\"https:\\\/\\\/schema.org\",\"@graph\":[{\"@type\":[\"WebPage\",\"ItemPage\"],\"@id\":\"https:\\\/\\\/www.purejewels.com\\\/product\\\/22k-gold-rope-chain-22-inches\\\/\",\"url\":\"https:\\\/\\\/www.purejewels.com\\\/product\\\/22k-gold-rope-chain-22-inches\\\/\",\"name\":\"22ct Gold Rope Chain Available in 4 different lengths of 16\u201d 18\u201d 20\u201d 22\u201d\",\"isPartOf\":{\"@id\":\"https:\\\/\\\/www.purejewels.com\\\/#website\"},\"primaryImageOfPage\":{\"@id\":\"https:\\\/\\\/www.purejewels.com\\\/product\\\/22k-gold-rope-chain-22-inches\\\/#primaryimage\"},\"image\":{\"@id\":\"https:\\\/\\\/www.purejewels.com\\\/product\\\/22k-gold-rope-chain-22-inches\\\/#primaryimage\"},\"thumbnailUrl\":\"https:\\\/\\\/static.purejewels.com\\\/wp-content\\\/uploads\\\/2018\\\/05\\\/23860_11.png\",\"datePublished\":\"2019-10-07T16:19:38+00:00\",\"dateModified\":\"2026-03-05T12:59:50+00:00\",\"description\":\"Soft and elegant by nature, this 22ct Gold Rope Chain pours luxury into every inch of itself. Order online for free UK delivery.\",\"breadcrumb\":{\"@id\":\"https:\\\/\\\/www.purejewels.com\\\/product\\\/22k-gold-rope-chain-22-inches\\\/#breadcrumb\"},\"inLanguage\":\"tr\",\"potentialAction\":[{\"@type\":\"ReadAction\",\"target\":[\"https:\\\/\\\/www.purejewels.com\\\/product\\\/22k-gold-rope-chain-22-inches\\\/\"]}]},{\"@type\":\"ImageObject\",\"inLanguage\":\"tr\",\"@id\":\"https:\\\/\\\/www.purejewels.com\\\/product\\\/22k-gold-rope-chain-22-inches\\\/#primaryimage\",\"url\":\"https:\\\/\\\/static.purejewels.com\\\/wp-content\\\/uploads\\\/2018\\\/05\\\/23860_11.png\",\"contentUrl\":\"https:\\\/\\\/static.purejewels.com\\\/wp-content\\\/uploads\\\/2018\\\/05\\\/23860_11.png\",\"width\":1000,\"height\":1000,\"caption\":\"Rope Solid medium weight\"},{\"@type\":\"BreadcrumbList\",\"@id\":\"https:\\\/\\\/www.purejewels.com\\\/product\\\/22k-gold-rope-chain-22-inches\\\/#breadcrumb\",\"itemListElement\":[{\"@type\":\"ListItem\",\"position\":1,\"name\":\"Home\",\"item\":\"https:\\\/\\\/www.purejewels.com\\\/\"},{\"@type\":\"ListItem\",\"position\":2,\"name\":\"Shop\",\"item\":\"https:\\\/\\\/www.purejewels.com\\\/shop\\\/\"},{\"@type\":\"ListItem\",\"position\":3,\"name\":\"22k Gold Rope Chain 22 inches\"}]},{\"@type\":\"WebSite\",\"@id\":\"https:\\\/\\\/www.purejewels.com\\\/#website\",\"url\":\"https:\\\/\\\/www.purejewels.com\\\/\",\"name\":\"PureJewels UK\",\"description\":\"Share the Love\",\"publisher\":{\"@id\":\"https:\\\/\\\/www.purejewels.com\\\/#organization\"},\"potentialAction\":[{\"@type\":\"SearchAction\",\"target\":{\"@type\":\"EntryPoint\",\"urlTemplate\":\"https:\\\/\\\/www.purejewels.com\\\/?s={search_term_string}\"},\"query-input\":{\"@type\":\"PropertyValueSpecification\",\"valueRequired\":true,\"valueName\":\"search_term_string\"}}],\"inLanguage\":\"tr\"},{\"@type\":\"Organization\",\"@id\":\"https:\\\/\\\/www.purejewels.com\\\/#organization\",\"name\":\"PureJewels UK\",\"url\":\"https:\\\/\\\/www.purejewels.com\\\/\",\"logo\":{\"@type\":\"ImageObject\",\"inLanguage\":\"tr\",\"@id\":\"https:\\\/\\\/www.purejewels.com\\\/#\\\/schema\\\/logo\\\/image\\\/\",\"url\":\"https:\\\/\\\/static.purejewels.com\\\/wp-content\\\/uploads\\\/2020\\\/11\\\/Logo-PJ-New-1.png\",\"contentUrl\":\"https:\\\/\\\/static.purejewels.com\\\/wp-content\\\/uploads\\\/2020\\\/11\\\/Logo-PJ-New-1.png\",\"width\":150,\"height\":80,\"caption\":\"PureJewels UK\"},\"image\":{\"@id\":\"https:\\\/\\\/www.purejewels.com\\\/#\\\/schema\\\/logo\\\/image\\\/\"}}]}<\/script>\n<!-- \/ Yoast SEO plugin. -->","yoast_head_json":{"title":"22 Ayar Alt\u0131n Halat Zincir 16\" 18\" 20\" 22\" olmak \u00fczere 4 farkl\u0131 uzunlukta mevcuttur","description":"Do\u011fas\u0131 gere\u011fi yumu\u015fak ve zarif olan bu 22 Ayar Alt\u0131n Halat Zincir, her santimetresine l\u00fcks\u00fc yans\u0131t\u0131r. \u00dccretsiz \u0130ngiltere teslimat\u0131 i\u00e7in online sipari\u015f verin.","robots":{"index":"index","follow":"follow","max-snippet":"max-snippet:-1","max-image-preview":"max-image-preview:large","max-video-preview":"max-video-preview:-1"},"canonical":"https:\/\/www.purejewels.com\/tr\/urun\/22-ayar-altin-halat-zincir-22-inc\/","og_locale":"tr_TR","og_type":"article","og_title":"22ct Gold Rope Chain Available in 4 different lengths of 16\u201d 18\u201d 20\u201d 22\u201d","og_description":"Soft and elegant by nature, this 22ct Gold Rope Chain pours luxury into every inch of itself. Order online for free UK delivery.","og_url":"https:\/\/www.purejewels.com\/tr\/urun\/22-ayar-altin-halat-zincir-22-inc\/","og_site_name":"PureJewels UK","article_modified_time":"2026-03-05T12:59:50+00:00","og_image":[{"width":1000,"height":1000,"url":"https:\/\/static.purejewels.com\/wp-content\/uploads\/2018\/05\/23860_11.png","type":"image\/png"}],"twitter_card":"summary_large_image","twitter_misc":{"Tahmini okuma s\u00fcresi":"1 dakika"},"schema":{"@context":"https:\/\/schema.org","@graph":[{"@type":["WebPage","ItemPage"],"@id":"https:\/\/www.purejewels.com\/product\/22k-gold-rope-chain-22-inches\/","url":"https:\/\/www.purejewels.com\/product\/22k-gold-rope-chain-22-inches\/","name":"22 Ayar Alt\u0131n Halat Zincir 16\" 18\" 20\" 22\" olmak \u00fczere 4 farkl\u0131 uzunlukta mevcuttur","isPartOf":{"@id":"https:\/\/www.purejewels.com\/#website"},"primaryImageOfPage":{"@id":"https:\/\/www.purejewels.com\/product\/22k-gold-rope-chain-22-inches\/#primaryimage"},"image":{"@id":"https:\/\/www.purejewels.com\/product\/22k-gold-rope-chain-22-inches\/#primaryimage"},"thumbnailUrl":"https:\/\/static.purejewels.com\/wp-content\/uploads\/2018\/05\/23860_11.png","datePublished":"2019-10-07T16:19:38+00:00","dateModified":"2026-03-05T12:59:50+00:00","description":"Do\u011fas\u0131 gere\u011fi yumu\u015fak ve zarif olan bu 22 Ayar Alt\u0131n Halat Zincir, her santimetresine l\u00fcks\u00fc yans\u0131t\u0131r. \u00dccretsiz \u0130ngiltere teslimat\u0131 i\u00e7in online sipari\u015f verin.","breadcrumb":{"@id":"https:\/\/www.purejewels.com\/product\/22k-gold-rope-chain-22-inches\/#breadcrumb"},"inLanguage":"tr","potentialAction":[{"@type":"ReadAction","target":["https:\/\/www.purejewels.com\/product\/22k-gold-rope-chain-22-inches\/"]}]},{"@type":"ImageObject","inLanguage":"tr","@id":"https:\/\/www.purejewels.com\/product\/22k-gold-rope-chain-22-inches\/#primaryimage","url":"https:\/\/static.purejewels.com\/wp-content\/uploads\/2018\/05\/23860_11.png","contentUrl":"https:\/\/static.purejewels.com\/wp-content\/uploads\/2018\/05\/23860_11.png","width":1000,"height":1000,"caption":"Rope Solid medium weight"},{"@type":"BreadcrumbList","@id":"https:\/\/www.purejewels.com\/product\/22k-gold-rope-chain-22-inches\/#breadcrumb","itemListElement":[{"@type":"ListItem","position":1,"name":"Home","item":"https:\/\/www.purejewels.com\/"},{"@type":"ListItem","position":2,"name":"Shop","item":"https:\/\/www.purejewels.com\/shop\/"},{"@type":"ListItem","position":3,"name":"22k Gold Rope Chain 22 inches"}]},{"@type":"WebSite","@id":"https:\/\/www.purejewels.com\/#website","url":"https:\/\/www.purejewels.com\/","name":"PureJewels \u0130ngiltere","description":"Sevgiyi Payla\u015f\u0131n","publisher":{"@id":"https:\/\/www.purejewels.com\/#organization"},"potentialAction":[{"@type":"SearchAction","target":{"@type":"EntryPoint","urlTemplate":"https:\/\/www.purejewels.com\/?s={search_term_string}"},"query-input":{"@type":"PropertyValueSpecification","valueRequired":true,"valueName":"search_term_string"}}],"inLanguage":"tr"},{"@type":"Organization","@id":"https:\/\/www.purejewels.com\/#organization","name":"PureJewels \u0130ngiltere","url":"https:\/\/www.purejewels.com\/","logo":{"@type":"ImageObject","inLanguage":"tr","@id":"https:\/\/www.purejewels.com\/#\/schema\/logo\/image\/","url":"https:\/\/static.purejewels.com\/wp-content\/uploads\/2020\/11\/Logo-PJ-New-1.png","contentUrl":"https:\/\/static.purejewels.com\/wp-content\/uploads\/2020\/11\/Logo-PJ-New-1.png","width":150,"height":80,"caption":"PureJewels UK"},"image":{"@id":"https:\/\/www.purejewels.com\/#\/schema\/logo\/image\/"}}]}},"_links":{"self":[{"href":"https:\/\/www.purejewels.com\/tr\/wp-json\/wp\/v2\/product\/311351","targetHints":{"allow":["GET"]}}],"collection":[{"href":"https:\/\/www.purejewels.com\/tr\/wp-json\/wp\/v2\/product"}],"about":[{"href":"https:\/\/www.purejewels.com\/tr\/wp-json\/wp\/v2\/types\/product"}],"replies":[{"embeddable":true,"href":"https:\/\/www.purejewels.com\/tr\/wp-json\/wp\/v2\/comments?post=311351"}],"version-history":[{"count":1,"href":"https:\/\/www.purejewels.com\/tr\/wp-json\/wp\/v2\/product\/311351\/revisions"}],"predecessor-version":[{"id":426692,"href":"https:\/\/www.purejewels.com\/tr\/wp-json\/wp\/v2\/product\/311351\/revisions\/426692"}],"wp:featuredmedia":[{"embeddable":true,"href":"https:\/\/www.purejewels.com\/tr\/wp-json\/wp\/v2\/media\/304614"}],"wp:attachment":[{"href":"https:\/\/www.purejewels.com\/tr\/wp-json\/wp\/v2\/media?parent=311351"}],"wp:term":[{"taxonomy":"product_brand","embeddable":true,"href":"https:\/\/www.purejewels.com\/tr\/wp-json\/wp\/v2\/product_brand?post=311351"},{"taxonomy":"product_cat","embeddable":true,"href":"https:\/\/www.purejewels.com\/tr\/wp-json\/wp\/v2\/product_cat?post=311351"},{"taxonomy":"product_tag","embeddable":true,"href":"https:\/\/www.purejewels.com\/tr\/wp-json\/wp\/v2\/product_tag?post=311351"}],"curies":[{"name":"wp","href":"https:\/\/api.w.org\/{rel}","templated":true}]}}