{"id":311441,"date":"2019-10-18T14:25:57","date_gmt":"2019-10-18T13:25:57","guid":{"rendered":"https:\/\/www.purejewels.com\/?post_type=product&#038;p=311441"},"modified":"2025-04-10T04:57:50","modified_gmt":"2025-04-10T03:57:50","slug":"gerdanlik-zinciri","status":"publish","type":"product","link":"https:\/\/www.purejewels.com\/tr\/product\/choker-chain\/","title":{"rendered":"22 Ayar Sar\u0131 Alt\u0131n Gerdanl\u0131k zinciri"},"content":{"rendered":"<p>&nbsp;<\/p>\n<ul>\n<li style=\"list-style-type: none;\">\n<ul>\n<li>A\u011f\u0131rl\u0131k 8,5 g<\/li>\n<li>Uzunluk : 18 \u0130n\u00e7<\/li>\n<li>SKU. 31129<\/li>\n<\/ul>\n<\/li>\n<\/ul>","protected":false},"excerpt":{"rendered":"<ul>\n<li>\n<ul>\n<li>22 Kt <span id=\"urn:enhancement-5c1b0815\" class=\"textannotation\">Sar\u0131<\/span> <span id=\"urn:enhancement-ac3b30e2\" class=\"textannotation\">Alt\u0131n<\/span> Gerdanl\u0131k <span id=\"urn:enhancement-940958b3\" class=\"textannotation\">zincir<\/span><\/li>\n<li><span id=\"urn:enhancement-90faa32f\" class=\"textannotation\">A\u011f\u0131rl\u0131k<\/span> 8.5 g<\/li>\n<li><span id=\"urn:enhancement-39b8c52d\" class=\"textannotation\">Uzunluk<\/span> : 18 <span id=\"urn:enhancement-5e0df6c3\" class=\"textannotation\">\u0130n\u00e7<\/span><\/li>\n<li><span id=\"urn:enhancement-cb1bc730\" class=\"textannotation\">SKU<\/span>. 31129<\/li>\n<li>T\u00fcm\u00fc <span id=\"urn:enhancement-4fae5f56\" class=\"textannotation\">fiyatlar<\/span> KDV dahil<\/li>\n<li>22ct <span id=\"urn:enhancement-14c991fc\" class=\"textannotation\">Alt\u0131n<\/span>\u00a0Londra taraf\u0131ndan damgalanm\u0131\u015ft\u0131r <span id=\"urn:enhancement-7fe3510d\" class=\"textannotation\">Tahlil Ofisi<\/span><\/li>\n<li>Sunum Kutusu ile Birlikte Gelir<\/li>\n<li><span id=\"urn:enhancement-6159d3ff\" class=\"textannotation\">Teslimat<\/span> Dahil<\/li>\n<li>Canl\u0131 <span id=\"urn:enhancement-1669260d\" class=\"textannotation\">sohbet<\/span> kullan\u0131labilirlik ve \u015fu anda mevcut olan benzer tasar\u0131mlar\u0131n daha fazla g\u00f6r\u00fcnt\u00fcs\u00fc i\u00e7in bizimle <span id=\"urn:enhancement-973de35f\" class=\"textannotation\">stok<\/span><\/li>\n<\/ul>\n<\/li>\n<\/ul>","protected":false},"featured_media":314182,"comment_status":"closed","ping_status":"closed","template":"","meta":{"_eb_attr":"","_crsspst_to_jayantr4sg-hostcom":true},"product_brand":[],"product_cat":[1791,1559,1698,1475,1574],"product_tag":[],"class_list":{"0":"post-311441","1":"product","2":"type-product","3":"status-publish","4":"has-post-thumbnail","6":"product_cat-anniversary-gifts","7":"product_cat-birthday-gifts","8":"product_cat-choker-chains","9":"product_cat-gold-chains","10":"product_cat-womens-jewellery","12":"first","13":"outofstock","14":"taxable","15":"shipping-taxable","16":"product-type-simple","17":"add-to-wishlist-before_image"},"yoast_head":"<!-- This site is optimized with the Yoast SEO plugin v27.3 - https:\/\/yoast.com\/product\/yoast-seo-wordpress\/ -->\n<title>22 Kt Yellow Gold Choker chain - PureJewels UK<\/title>\n<meta name=\"robots\" content=\"index, follow, max-snippet:-1, max-image-preview:large, max-video-preview:-1\" \/>\n<link rel=\"canonical\" href=\"https:\/\/www.purejewels.com\/tr\/urun\/gerdanlik-zinciri\/\" \/>\n<meta property=\"og:locale\" content=\"tr_TR\" \/>\n<meta property=\"og:type\" content=\"article\" \/>\n<meta property=\"og:title\" content=\"22 Kt Yellow Gold Choker chain - PureJewels UK\" \/>\n<meta property=\"og:description\" content=\"22 Kt Yellow Gold Choker chain  Wt 8.5 g  Length : 18 Inches  SKU. 31129  All prices include VAT  22ct Gold\u00a0Hallmarked by London Assay Office  Comes With Presentation Box  Delivery Included  Live chat with us for availability and more images of similar designs currently in stock\" \/>\n<meta property=\"og:url\" content=\"https:\/\/www.purejewels.com\/tr\/urun\/gerdanlik-zinciri\/\" \/>\n<meta property=\"og:site_name\" content=\"PureJewels UK\" \/>\n<meta property=\"article:modified_time\" content=\"2025-04-10T03:57:50+00:00\" \/>\n<meta property=\"og:image\" content=\"https:\/\/www.purejewels.com\/wp-content\/uploads\/2020\/05\/140643262.jpg\" \/>\n\t<meta property=\"og:image:width\" content=\"1000\" \/>\n\t<meta property=\"og:image:height\" content=\"1000\" \/>\n\t<meta property=\"og:image:type\" content=\"image\/jpeg\" \/>\n<meta name=\"twitter:card\" content=\"summary_large_image\" \/>\n<script type=\"application\/ld+json\" class=\"yoast-schema-graph\">{\"@context\":\"https:\\\/\\\/schema.org\",\"@graph\":[{\"@type\":[\"WebPage\",\"ItemPage\"],\"@id\":\"https:\\\/\\\/www.purejewels.com\\\/product\\\/choker-chain\\\/\",\"url\":\"https:\\\/\\\/www.purejewels.com\\\/product\\\/choker-chain\\\/\",\"name\":\"22 Kt Yellow Gold Choker chain - PureJewels UK\",\"isPartOf\":{\"@id\":\"https:\\\/\\\/www.purejewels.com\\\/#website\"},\"primaryImageOfPage\":{\"@id\":\"https:\\\/\\\/www.purejewels.com\\\/product\\\/choker-chain\\\/#primaryimage\"},\"image\":{\"@id\":\"https:\\\/\\\/www.purejewels.com\\\/product\\\/choker-chain\\\/#primaryimage\"},\"thumbnailUrl\":\"https:\\\/\\\/static.purejewels.com\\\/wp-content\\\/uploads\\\/2020\\\/05\\\/140643262.jpg\",\"datePublished\":\"2019-10-18T13:25:57+00:00\",\"dateModified\":\"2025-04-10T03:57:50+00:00\",\"breadcrumb\":{\"@id\":\"https:\\\/\\\/www.purejewels.com\\\/product\\\/choker-chain\\\/#breadcrumb\"},\"inLanguage\":\"tr\",\"potentialAction\":[{\"@type\":\"ReadAction\",\"target\":[\"https:\\\/\\\/www.purejewels.com\\\/product\\\/choker-chain\\\/\"]}]},{\"@type\":\"ImageObject\",\"inLanguage\":\"tr\",\"@id\":\"https:\\\/\\\/www.purejewels.com\\\/product\\\/choker-chain\\\/#primaryimage\",\"url\":\"https:\\\/\\\/static.purejewels.com\\\/wp-content\\\/uploads\\\/2020\\\/05\\\/140643262.jpg\",\"contentUrl\":\"https:\\\/\\\/static.purejewels.com\\\/wp-content\\\/uploads\\\/2020\\\/05\\\/140643262.jpg\",\"width\":1000,\"height\":1000,\"caption\":\"22 Kt Gold Choker chainWith RhodiumWt 9.3 gLength : 18 InchesSKU. 31129All prices include VAT22ct Gold\u00a0Hallmarked by London Assay OfficeComes With Presentation BoxDelivery IncludedLive chat with us for availability and more images of similar designs currently in stock\"},{\"@type\":\"BreadcrumbList\",\"@id\":\"https:\\\/\\\/www.purejewels.com\\\/product\\\/choker-chain\\\/#breadcrumb\",\"itemListElement\":[{\"@type\":\"ListItem\",\"position\":1,\"name\":\"Home\",\"item\":\"https:\\\/\\\/www.purejewels.com\\\/\"},{\"@type\":\"ListItem\",\"position\":2,\"name\":\"Shop\",\"item\":\"https:\\\/\\\/www.purejewels.com\\\/shop\\\/\"},{\"@type\":\"ListItem\",\"position\":3,\"name\":\"22 Kt Yellow Gold Choker chain\"}]},{\"@type\":\"WebSite\",\"@id\":\"https:\\\/\\\/www.purejewels.com\\\/#website\",\"url\":\"https:\\\/\\\/www.purejewels.com\\\/\",\"name\":\"PureJewels UK\",\"description\":\"Share the Love\",\"publisher\":{\"@id\":\"https:\\\/\\\/www.purejewels.com\\\/#organization\"},\"potentialAction\":[{\"@type\":\"SearchAction\",\"target\":{\"@type\":\"EntryPoint\",\"urlTemplate\":\"https:\\\/\\\/www.purejewels.com\\\/?s={search_term_string}\"},\"query-input\":{\"@type\":\"PropertyValueSpecification\",\"valueRequired\":true,\"valueName\":\"search_term_string\"}}],\"inLanguage\":\"tr\"},{\"@type\":\"Organization\",\"@id\":\"https:\\\/\\\/www.purejewels.com\\\/#organization\",\"name\":\"PureJewels UK\",\"url\":\"https:\\\/\\\/www.purejewels.com\\\/\",\"logo\":{\"@type\":\"ImageObject\",\"inLanguage\":\"tr\",\"@id\":\"https:\\\/\\\/www.purejewels.com\\\/#\\\/schema\\\/logo\\\/image\\\/\",\"url\":\"https:\\\/\\\/static.purejewels.com\\\/wp-content\\\/uploads\\\/2020\\\/11\\\/Logo-PJ-New-1.png\",\"contentUrl\":\"https:\\\/\\\/static.purejewels.com\\\/wp-content\\\/uploads\\\/2020\\\/11\\\/Logo-PJ-New-1.png\",\"width\":150,\"height\":80,\"caption\":\"PureJewels UK\"},\"image\":{\"@id\":\"https:\\\/\\\/www.purejewels.com\\\/#\\\/schema\\\/logo\\\/image\\\/\"}}]}<\/script>\n<!-- \/ Yoast SEO plugin. -->","yoast_head_json":{"title":"22 Ayar Sar\u0131 Alt\u0131n Gerdanl\u0131k Zinciri - PureJewels UK","robots":{"index":"index","follow":"follow","max-snippet":"max-snippet:-1","max-image-preview":"max-image-preview:large","max-video-preview":"max-video-preview:-1"},"canonical":"https:\/\/www.purejewels.com\/tr\/urun\/gerdanlik-zinciri\/","og_locale":"tr_TR","og_type":"article","og_title":"22 Kt Yellow Gold Choker chain - PureJewels UK","og_description":"22 Kt Yellow Gold Choker chain  Wt 8.5 g  Length : 18 Inches  SKU. 31129  All prices include VAT  22ct Gold\u00a0Hallmarked by London Assay Office  Comes With Presentation Box  Delivery Included  Live chat with us for availability and more images of similar designs currently in stock","og_url":"https:\/\/www.purejewels.com\/tr\/urun\/gerdanlik-zinciri\/","og_site_name":"PureJewels UK","article_modified_time":"2025-04-10T03:57:50+00:00","og_image":[{"width":1000,"height":1000,"url":"https:\/\/www.purejewels.com\/wp-content\/uploads\/2020\/05\/140643262.jpg","type":"image\/jpeg"}],"twitter_card":"summary_large_image","schema":{"@context":"https:\/\/schema.org","@graph":[{"@type":["WebPage","ItemPage"],"@id":"https:\/\/www.purejewels.com\/product\/choker-chain\/","url":"https:\/\/www.purejewels.com\/product\/choker-chain\/","name":"22 Ayar Sar\u0131 Alt\u0131n Gerdanl\u0131k Zinciri - PureJewels UK","isPartOf":{"@id":"https:\/\/www.purejewels.com\/#website"},"primaryImageOfPage":{"@id":"https:\/\/www.purejewels.com\/product\/choker-chain\/#primaryimage"},"image":{"@id":"https:\/\/www.purejewels.com\/product\/choker-chain\/#primaryimage"},"thumbnailUrl":"https:\/\/static.purejewels.com\/wp-content\/uploads\/2020\/05\/140643262.jpg","datePublished":"2019-10-18T13:25:57+00:00","dateModified":"2025-04-10T03:57:50+00:00","breadcrumb":{"@id":"https:\/\/www.purejewels.com\/product\/choker-chain\/#breadcrumb"},"inLanguage":"tr","potentialAction":[{"@type":"ReadAction","target":["https:\/\/www.purejewels.com\/product\/choker-chain\/"]}]},{"@type":"ImageObject","inLanguage":"tr","@id":"https:\/\/www.purejewels.com\/product\/choker-chain\/#primaryimage","url":"https:\/\/static.purejewels.com\/wp-content\/uploads\/2020\/05\/140643262.jpg","contentUrl":"https:\/\/static.purejewels.com\/wp-content\/uploads\/2020\/05\/140643262.jpg","width":1000,"height":1000,"caption":"22 Kt Gold Choker chainWith RhodiumWt 9.3 gLength : 18 InchesSKU. 31129All prices include VAT22ct Gold\u00a0Hallmarked by London Assay OfficeComes With Presentation BoxDelivery IncludedLive chat with us for availability and more images of similar designs currently in stock"},{"@type":"BreadcrumbList","@id":"https:\/\/www.purejewels.com\/product\/choker-chain\/#breadcrumb","itemListElement":[{"@type":"ListItem","position":1,"name":"Home","item":"https:\/\/www.purejewels.com\/"},{"@type":"ListItem","position":2,"name":"Shop","item":"https:\/\/www.purejewels.com\/shop\/"},{"@type":"ListItem","position":3,"name":"22 Kt Yellow Gold Choker chain"}]},{"@type":"WebSite","@id":"https:\/\/www.purejewels.com\/#website","url":"https:\/\/www.purejewels.com\/","name":"PureJewels \u0130ngiltere","description":"Sevgiyi Payla\u015f\u0131n","publisher":{"@id":"https:\/\/www.purejewels.com\/#organization"},"potentialAction":[{"@type":"SearchAction","target":{"@type":"EntryPoint","urlTemplate":"https:\/\/www.purejewels.com\/?s={search_term_string}"},"query-input":{"@type":"PropertyValueSpecification","valueRequired":true,"valueName":"search_term_string"}}],"inLanguage":"tr"},{"@type":"Organization","@id":"https:\/\/www.purejewels.com\/#organization","name":"PureJewels \u0130ngiltere","url":"https:\/\/www.purejewels.com\/","logo":{"@type":"ImageObject","inLanguage":"tr","@id":"https:\/\/www.purejewels.com\/#\/schema\/logo\/image\/","url":"https:\/\/static.purejewels.com\/wp-content\/uploads\/2020\/11\/Logo-PJ-New-1.png","contentUrl":"https:\/\/static.purejewels.com\/wp-content\/uploads\/2020\/11\/Logo-PJ-New-1.png","width":150,"height":80,"caption":"PureJewels UK"},"image":{"@id":"https:\/\/www.purejewels.com\/#\/schema\/logo\/image\/"}}]}},"_links":{"self":[{"href":"https:\/\/www.purejewels.com\/tr\/wp-json\/wp\/v2\/product\/311441","targetHints":{"allow":["GET"]}}],"collection":[{"href":"https:\/\/www.purejewels.com\/tr\/wp-json\/wp\/v2\/product"}],"about":[{"href":"https:\/\/www.purejewels.com\/tr\/wp-json\/wp\/v2\/types\/product"}],"replies":[{"embeddable":true,"href":"https:\/\/www.purejewels.com\/tr\/wp-json\/wp\/v2\/comments?post=311441"}],"version-history":[{"count":1,"href":"https:\/\/www.purejewels.com\/tr\/wp-json\/wp\/v2\/product\/311441\/revisions"}],"predecessor-version":[{"id":371441,"href":"https:\/\/www.purejewels.com\/tr\/wp-json\/wp\/v2\/product\/311441\/revisions\/371441"}],"wp:featuredmedia":[{"embeddable":true,"href":"https:\/\/www.purejewels.com\/tr\/wp-json\/wp\/v2\/media\/314182"}],"wp:attachment":[{"href":"https:\/\/www.purejewels.com\/tr\/wp-json\/wp\/v2\/media?parent=311441"}],"wp:term":[{"taxonomy":"product_brand","embeddable":true,"href":"https:\/\/www.purejewels.com\/tr\/wp-json\/wp\/v2\/product_brand?post=311441"},{"taxonomy":"product_cat","embeddable":true,"href":"https:\/\/www.purejewels.com\/tr\/wp-json\/wp\/v2\/product_cat?post=311441"},{"taxonomy":"product_tag","embeddable":true,"href":"https:\/\/www.purejewels.com\/tr\/wp-json\/wp\/v2\/product_tag?post=311441"}],"curies":[{"name":"wp","href":"https:\/\/api.w.org\/{rel}","templated":true}]}}