{"id":311553,"date":"2019-11-11T08:49:29","date_gmt":"2019-11-11T08:49:29","guid":{"rendered":"https:\/\/www.purejewels.com\/?post_type=product&#038;p=311553"},"modified":"2026-01-06T08:08:49","modified_gmt":"2026-01-06T08:08:49","slug":"18-ayar-beyaz-altin-kalp-kolye-ucu-2","status":"publish","type":"product","link":"https:\/\/www.purejewels.com\/tr\/product\/18ct-white-gold-heart-pendant-2\/","title":{"rendered":"18 ayar beyaz alt\u0131n p\u0131rlanta kalp kolye"},"content":{"rendered":"<p>Bu <a href=\"https:\/\/www.purejewels.com\/tr\/product\/18ct-white-gold-diamond-ring-for-ladies-8775\/\">18 Ayar Beyaz Alt\u0131n<\/a> Elmas Kalp Kolye, cilal\u0131 18 ayar beyaz alt\u0131ndan \u00f6zenle i\u015flenmi\u015f, sevgiyi zarif bir \u015fekilde temsil eden bir tasar\u0131md\u0131r. A\u00e7\u0131k kalp silueti hafif ve modern bir hava verirken, \u00fc\u00e7 yuvarlak parlak elmas\u0131n e\u011frisi, zamans\u0131z bir sadakat g\u00fczelli\u011fini yans\u0131tan hassas bir \u0131\u015f\u0131lt\u0131 katar.<\/p>\n<p>\u0130nce bir zincirle as\u0131l\u0131 olan bu kolye, g\u00fcnl\u00fck kullan\u0131m veya i\u00e7ten bir hediye i\u00e7in ideal bir par\u00e7ad\u0131r. Bir y\u0131ld\u00f6n\u00fcm\u00fc, do\u011fum g\u00fcn\u00fc veya ki\u015fisel bir d\u00f6n\u00fcm noktas\u0131n\u0131 kutlarken, a\u015fk\u0131n sessiz g\u00fcc\u00fcn\u00fc ve kal\u0131c\u0131 zarafetini somutla\u015ft\u0131r\u0131r.<\/p>","protected":false},"excerpt":{"rendered":"<p>Parlak 18 ayar beyaz alt\u0131ndan yap\u0131lm\u0131\u015f, \u00fc\u00e7 adet \u0131\u015f\u0131lt\u0131l\u0131 yuvarlak p\u0131rlanta ile s\u00fcslenmi\u015f a\u00e7\u0131k i\u015f\u00e7ilikli kalp kolye. Hassas ve kal\u0131c\u0131 bir a\u015fk ifadesi.<\/p>\n<ul>\n<li>18 Ayar Beyaz Alt\u0131n<\/li>\n<li>Kalp \u015feklinde kolye ucu<\/li>\n<li>Zincir dahil de\u011fildir.<\/li>\n<li>P\u0131rlanta A\u011f\u0131rl\u0131\u011f\u0131 0.03ct<\/li>\n<li>0,63 gm<\/li>\n<li>SKU 30939<\/li>\n<li>T\u00fcm fiyatlara KDV dahildir<\/li>\n<li>\u00a0London Assay Office taraf\u0131ndan damgalanm\u0131\u015f alt\u0131n<\/li>\n<li>T\u00fcm Set Sunum Kutusuyla Birlikte Gelir<\/li>\n<li>Teslimat Dahil<\/li>\n<li>Stok durumu ve stokta bulunan benzer tasar\u0131mlar\u0131n daha fazla g\u00f6r\u00fcnt\u00fcs\u00fc i\u00e7in bizimle canl\u0131 sohbet edin<\/li>\n<\/ul>","protected":false},"featured_media":311787,"comment_status":"closed","ping_status":"closed","template":"","meta":{"_eb_attr":"","_crsspst_to_jayantr4sg-hostcom":false},"product_brand":[],"product_cat":[1559,1770,1767,1569,1574],"product_tag":[],"class_list":{"0":"post-311553","1":"product","2":"type-product","3":"status-publish","4":"has-post-thumbnail","6":"product_cat-birthday-gifts","7":"product_cat-fancy-pendants","8":"product_cat-ladies-pendants","9":"product_cat-valentine-day-gifts","10":"product_cat-womens-jewellery","12":"first","13":"outofstock","14":"taxable","15":"shipping-taxable","16":"product-type-simple","17":"add-to-wishlist-before_image"},"yoast_head":"<!-- This site is optimized with the Yoast SEO plugin v27.3 - https:\/\/yoast.com\/product\/yoast-seo-wordpress\/ -->\n<title>18ct White Gold Diamond Heart Pendant | Elegant Love Symbol<\/title>\n<meta name=\"description\" content=\"Celebrate love with our 18ct White Gold Diamond Heart Pendant \u2013 a timeless symbol of affection, adorned with brilliant round diamonds. A graceful gift for someone cherished.\" \/>\n<meta name=\"robots\" content=\"index, follow, max-snippet:-1, max-image-preview:large, max-video-preview:-1\" \/>\n<link rel=\"canonical\" href=\"https:\/\/www.purejewels.com\/tr\/urun\/18-ayar-beyaz-altin-kalp-kolye-ucu-2\/\" \/>\n<meta property=\"og:locale\" content=\"tr_TR\" \/>\n<meta property=\"og:type\" content=\"article\" \/>\n<meta property=\"og:title\" content=\"18ct White Gold Diamond Heart Pendant | Elegant Love Symbol\" \/>\n<meta property=\"og:description\" content=\"Celebrate love with our 18ct White Gold Diamond Heart Pendant \u2013 a timeless symbol of affection, adorned with brilliant round diamonds. A graceful gift for someone cherished.\" \/>\n<meta property=\"og:url\" content=\"https:\/\/www.purejewels.com\/tr\/urun\/18-ayar-beyaz-altin-kalp-kolye-ucu-2\/\" \/>\n<meta property=\"og:site_name\" content=\"PureJewels UK\" \/>\n<meta property=\"article:modified_time\" content=\"2026-01-06T08:08:49+00:00\" \/>\n<meta property=\"og:image\" content=\"https:\/\/static.purejewels.com\/wp-content\/uploads\/2019\/11\/30939.jpg\" \/>\n\t<meta property=\"og:image:width\" content=\"1000\" \/>\n\t<meta property=\"og:image:height\" content=\"1000\" \/>\n\t<meta property=\"og:image:type\" content=\"image\/jpeg\" \/>\n<meta name=\"twitter:card\" content=\"summary_large_image\" \/>\n<meta name=\"twitter:label1\" content=\"Tahmini okuma s\u00fcresi\" \/>\n\t<meta name=\"twitter:data1\" content=\"1 dakika\" \/>\n<script type=\"application\/ld+json\" class=\"yoast-schema-graph\">{\"@context\":\"https:\\\/\\\/schema.org\",\"@graph\":[{\"@type\":[\"WebPage\",\"ItemPage\"],\"@id\":\"https:\\\/\\\/www.purejewels.com\\\/product\\\/18ct-white-gold-heart-pendant-2\\\/\",\"url\":\"https:\\\/\\\/www.purejewels.com\\\/product\\\/18ct-white-gold-heart-pendant-2\\\/\",\"name\":\"18ct White Gold Diamond Heart Pendant | Elegant Love Symbol\",\"isPartOf\":{\"@id\":\"https:\\\/\\\/www.purejewels.com\\\/#website\"},\"primaryImageOfPage\":{\"@id\":\"https:\\\/\\\/www.purejewels.com\\\/product\\\/18ct-white-gold-heart-pendant-2\\\/#primaryimage\"},\"image\":{\"@id\":\"https:\\\/\\\/www.purejewels.com\\\/product\\\/18ct-white-gold-heart-pendant-2\\\/#primaryimage\"},\"thumbnailUrl\":\"https:\\\/\\\/static.purejewels.com\\\/wp-content\\\/uploads\\\/2019\\\/11\\\/30939.jpg\",\"datePublished\":\"2019-11-11T08:49:29+00:00\",\"dateModified\":\"2026-01-06T08:08:49+00:00\",\"description\":\"Celebrate love with our 18ct White Gold Diamond Heart Pendant \u2013 a timeless symbol of affection, adorned with brilliant round diamonds. A graceful gift for someone cherished.\",\"breadcrumb\":{\"@id\":\"https:\\\/\\\/www.purejewels.com\\\/product\\\/18ct-white-gold-heart-pendant-2\\\/#breadcrumb\"},\"inLanguage\":\"tr\",\"potentialAction\":[{\"@type\":\"ReadAction\",\"target\":[\"https:\\\/\\\/www.purejewels.com\\\/product\\\/18ct-white-gold-heart-pendant-2\\\/\"]}]},{\"@type\":\"ImageObject\",\"inLanguage\":\"tr\",\"@id\":\"https:\\\/\\\/www.purejewels.com\\\/product\\\/18ct-white-gold-heart-pendant-2\\\/#primaryimage\",\"url\":\"https:\\\/\\\/static.purejewels.com\\\/wp-content\\\/uploads\\\/2019\\\/11\\\/30939.jpg\",\"contentUrl\":\"https:\\\/\\\/static.purejewels.com\\\/wp-content\\\/uploads\\\/2019\\\/11\\\/30939.jpg\",\"width\":1000,\"height\":1000,\"caption\":\"30939\"},{\"@type\":\"BreadcrumbList\",\"@id\":\"https:\\\/\\\/www.purejewels.com\\\/product\\\/18ct-white-gold-heart-pendant-2\\\/#breadcrumb\",\"itemListElement\":[{\"@type\":\"ListItem\",\"position\":1,\"name\":\"Home\",\"item\":\"https:\\\/\\\/www.purejewels.com\\\/\"},{\"@type\":\"ListItem\",\"position\":2,\"name\":\"Shop\",\"item\":\"https:\\\/\\\/www.purejewels.com\\\/shop\\\/\"},{\"@type\":\"ListItem\",\"position\":3,\"name\":\"18ct White Gold Diamond Heart Pendant\"}]},{\"@type\":\"WebSite\",\"@id\":\"https:\\\/\\\/www.purejewels.com\\\/#website\",\"url\":\"https:\\\/\\\/www.purejewels.com\\\/\",\"name\":\"PureJewels UK\",\"description\":\"Share the Love\",\"publisher\":{\"@id\":\"https:\\\/\\\/www.purejewels.com\\\/#organization\"},\"potentialAction\":[{\"@type\":\"SearchAction\",\"target\":{\"@type\":\"EntryPoint\",\"urlTemplate\":\"https:\\\/\\\/www.purejewels.com\\\/?s={search_term_string}\"},\"query-input\":{\"@type\":\"PropertyValueSpecification\",\"valueRequired\":true,\"valueName\":\"search_term_string\"}}],\"inLanguage\":\"tr\"},{\"@type\":\"Organization\",\"@id\":\"https:\\\/\\\/www.purejewels.com\\\/#organization\",\"name\":\"PureJewels UK\",\"url\":\"https:\\\/\\\/www.purejewels.com\\\/\",\"logo\":{\"@type\":\"ImageObject\",\"inLanguage\":\"tr\",\"@id\":\"https:\\\/\\\/www.purejewels.com\\\/#\\\/schema\\\/logo\\\/image\\\/\",\"url\":\"https:\\\/\\\/static.purejewels.com\\\/wp-content\\\/uploads\\\/2020\\\/11\\\/Logo-PJ-New-1.png\",\"contentUrl\":\"https:\\\/\\\/static.purejewels.com\\\/wp-content\\\/uploads\\\/2020\\\/11\\\/Logo-PJ-New-1.png\",\"width\":150,\"height\":80,\"caption\":\"PureJewels UK\"},\"image\":{\"@id\":\"https:\\\/\\\/www.purejewels.com\\\/#\\\/schema\\\/logo\\\/image\\\/\"}}]}<\/script>\n<!-- \/ Yoast SEO plugin. -->","yoast_head_json":{"title":"18 ayar beyaz alt\u0131n elmas kalp kolye | Zarif a\u015fk sembol\u00fc","description":"Sevgiyi, parlak yuvarlak elmaslarla s\u00fcslenmi\u015f, zamans\u0131z bir sevgi sembol\u00fc olan 18 ayar beyaz alt\u0131n elmas kalp kolyemizle kutlay\u0131n. Sevdi\u011finiz ki\u015fiye verebilece\u011finiz zarif bir hediye.","robots":{"index":"index","follow":"follow","max-snippet":"max-snippet:-1","max-image-preview":"max-image-preview:large","max-video-preview":"max-video-preview:-1"},"canonical":"https:\/\/www.purejewels.com\/tr\/urun\/18-ayar-beyaz-altin-kalp-kolye-ucu-2\/","og_locale":"tr_TR","og_type":"article","og_title":"18ct White Gold Diamond Heart Pendant | Elegant Love Symbol","og_description":"Celebrate love with our 18ct White Gold Diamond Heart Pendant \u2013 a timeless symbol of affection, adorned with brilliant round diamonds. A graceful gift for someone cherished.","og_url":"https:\/\/www.purejewels.com\/tr\/urun\/18-ayar-beyaz-altin-kalp-kolye-ucu-2\/","og_site_name":"PureJewels UK","article_modified_time":"2026-01-06T08:08:49+00:00","og_image":[{"width":1000,"height":1000,"url":"https:\/\/static.purejewels.com\/wp-content\/uploads\/2019\/11\/30939.jpg","type":"image\/jpeg"}],"twitter_card":"summary_large_image","twitter_misc":{"Tahmini okuma s\u00fcresi":"1 dakika"},"schema":{"@context":"https:\/\/schema.org","@graph":[{"@type":["WebPage","ItemPage"],"@id":"https:\/\/www.purejewels.com\/product\/18ct-white-gold-heart-pendant-2\/","url":"https:\/\/www.purejewels.com\/product\/18ct-white-gold-heart-pendant-2\/","name":"18 ayar beyaz alt\u0131n elmas kalp kolye | Zarif a\u015fk sembol\u00fc","isPartOf":{"@id":"https:\/\/www.purejewels.com\/#website"},"primaryImageOfPage":{"@id":"https:\/\/www.purejewels.com\/product\/18ct-white-gold-heart-pendant-2\/#primaryimage"},"image":{"@id":"https:\/\/www.purejewels.com\/product\/18ct-white-gold-heart-pendant-2\/#primaryimage"},"thumbnailUrl":"https:\/\/static.purejewels.com\/wp-content\/uploads\/2019\/11\/30939.jpg","datePublished":"2019-11-11T08:49:29+00:00","dateModified":"2026-01-06T08:08:49+00:00","description":"Sevgiyi, parlak yuvarlak elmaslarla s\u00fcslenmi\u015f, zamans\u0131z bir sevgi sembol\u00fc olan 18 ayar beyaz alt\u0131n elmas kalp kolyemizle kutlay\u0131n. Sevdi\u011finiz ki\u015fiye verebilece\u011finiz zarif bir hediye.","breadcrumb":{"@id":"https:\/\/www.purejewels.com\/product\/18ct-white-gold-heart-pendant-2\/#breadcrumb"},"inLanguage":"tr","potentialAction":[{"@type":"ReadAction","target":["https:\/\/www.purejewels.com\/product\/18ct-white-gold-heart-pendant-2\/"]}]},{"@type":"ImageObject","inLanguage":"tr","@id":"https:\/\/www.purejewels.com\/product\/18ct-white-gold-heart-pendant-2\/#primaryimage","url":"https:\/\/static.purejewels.com\/wp-content\/uploads\/2019\/11\/30939.jpg","contentUrl":"https:\/\/static.purejewels.com\/wp-content\/uploads\/2019\/11\/30939.jpg","width":1000,"height":1000,"caption":"30939"},{"@type":"BreadcrumbList","@id":"https:\/\/www.purejewels.com\/product\/18ct-white-gold-heart-pendant-2\/#breadcrumb","itemListElement":[{"@type":"ListItem","position":1,"name":"Home","item":"https:\/\/www.purejewels.com\/"},{"@type":"ListItem","position":2,"name":"Shop","item":"https:\/\/www.purejewels.com\/shop\/"},{"@type":"ListItem","position":3,"name":"18ct White Gold Diamond Heart Pendant"}]},{"@type":"WebSite","@id":"https:\/\/www.purejewels.com\/#website","url":"https:\/\/www.purejewels.com\/","name":"PureJewels \u0130ngiltere","description":"Sevgiyi Payla\u015f\u0131n","publisher":{"@id":"https:\/\/www.purejewels.com\/#organization"},"potentialAction":[{"@type":"SearchAction","target":{"@type":"EntryPoint","urlTemplate":"https:\/\/www.purejewels.com\/?s={search_term_string}"},"query-input":{"@type":"PropertyValueSpecification","valueRequired":true,"valueName":"search_term_string"}}],"inLanguage":"tr"},{"@type":"Organization","@id":"https:\/\/www.purejewels.com\/#organization","name":"PureJewels \u0130ngiltere","url":"https:\/\/www.purejewels.com\/","logo":{"@type":"ImageObject","inLanguage":"tr","@id":"https:\/\/www.purejewels.com\/#\/schema\/logo\/image\/","url":"https:\/\/static.purejewels.com\/wp-content\/uploads\/2020\/11\/Logo-PJ-New-1.png","contentUrl":"https:\/\/static.purejewels.com\/wp-content\/uploads\/2020\/11\/Logo-PJ-New-1.png","width":150,"height":80,"caption":"PureJewels UK"},"image":{"@id":"https:\/\/www.purejewels.com\/#\/schema\/logo\/image\/"}}]}},"_links":{"self":[{"href":"https:\/\/www.purejewels.com\/tr\/wp-json\/wp\/v2\/product\/311553","targetHints":{"allow":["GET"]}}],"collection":[{"href":"https:\/\/www.purejewels.com\/tr\/wp-json\/wp\/v2\/product"}],"about":[{"href":"https:\/\/www.purejewels.com\/tr\/wp-json\/wp\/v2\/types\/product"}],"replies":[{"embeddable":true,"href":"https:\/\/www.purejewels.com\/tr\/wp-json\/wp\/v2\/comments?post=311553"}],"version-history":[{"count":2,"href":"https:\/\/www.purejewels.com\/tr\/wp-json\/wp\/v2\/product\/311553\/revisions"}],"predecessor-version":[{"id":423231,"href":"https:\/\/www.purejewels.com\/tr\/wp-json\/wp\/v2\/product\/311553\/revisions\/423231"}],"wp:featuredmedia":[{"embeddable":true,"href":"https:\/\/www.purejewels.com\/tr\/wp-json\/wp\/v2\/media\/311787"}],"wp:attachment":[{"href":"https:\/\/www.purejewels.com\/tr\/wp-json\/wp\/v2\/media?parent=311553"}],"wp:term":[{"taxonomy":"product_brand","embeddable":true,"href":"https:\/\/www.purejewels.com\/tr\/wp-json\/wp\/v2\/product_brand?post=311553"},{"taxonomy":"product_cat","embeddable":true,"href":"https:\/\/www.purejewels.com\/tr\/wp-json\/wp\/v2\/product_cat?post=311553"},{"taxonomy":"product_tag","embeddable":true,"href":"https:\/\/www.purejewels.com\/tr\/wp-json\/wp\/v2\/product_tag?post=311553"}],"curies":[{"name":"wp","href":"https:\/\/api.w.org\/{rel}","templated":true}]}}