{"id":311554,"date":"2019-11-11T08:46:37","date_gmt":"2019-11-11T08:46:37","guid":{"rendered":"https:\/\/www.purejewels.com\/?post_type=product&#038;p=311554"},"modified":"2026-01-06T08:08:49","modified_gmt":"2026-01-06T08:08:49","slug":"18-ayar-beyaz-altin-kalp-kolye-ucu","status":"publish","type":"product","link":"https:\/\/www.purejewels.com\/tr\/product\/18ct-white-gold-heart-pendant\/","title":{"rendered":"18 ayar beyaz alt\u0131n p\u0131rlanta kalp kolye \u2013 A\u015fk\u0131n girdab\u0131"},"content":{"rendered":"<p>Bu 18 ayar beyaz alt\u0131n p\u0131rlanta kalp kolye, klasik formu ak\u0131c\u0131 zarafetle harmanlayan, son derece romantik bir par\u00e7ad\u0131r. 18 ayar beyaz alt\u0131ndan \u00f6zenle \u015fekillendirilmi\u015f a\u00e7\u0131k kalp, p\u0131rlanta ta\u015flarla s\u00fcslenmi\u015f parlak bir girdapla canlan\u0131yor ve a\u015fk\u0131n, hayat\u0131n ve payla\u015f\u0131lan an\u0131lar\u0131n s\u00fcrekli ak\u0131\u015f\u0131n\u0131 temsil ediyor.<\/p>\n<p>Kalbe yak\u0131n durmak \u00fczere tasarlanan bu kolye ucu, zamans\u0131z bir \u00e7ekicilik ve zarif bir \u0131\u015f\u0131lt\u0131 yayar. \u0130ster i\u00e7ten bir hediye olarak ister g\u00fcnl\u00fck bir ba\u011f\u0131n hat\u0131rlat\u0131c\u0131s\u0131 olarak tak\u0131ls\u0131n, bu par\u00e7a sessizce konu\u015fur ama sonsuza kadar kal\u0131r.<\/p>","protected":false},"excerpt":{"rendered":"<ul>\n<li>18 Ayar Beyaz Alt\u0131n<\/li>\n<li>Kalp \u015feklinde kolye ucu<\/li>\n<li>Zincir dahil de\u011fildir.<\/li>\n<li>P\u0131rlanta A\u011f\u0131rl\u0131\u011f\u0131 0.07ct<\/li>\n<li>0,74 gm<\/li>\n<li>SKU 30938<\/li>\n<li>T\u00fcm fiyatlara KDV dahildir<\/li>\n<li>\u00a0London Assay Office taraf\u0131ndan damgalanm\u0131\u015f alt\u0131n<\/li>\n<li>T\u00fcm Set Sunum Kutusuyla Birlikte Gelir<\/li>\n<li>Teslimat Dahil<\/li>\n<li>Stok durumu ve stokta bulunan benzer tasar\u0131mlar\u0131n daha fazla g\u00f6r\u00fcnt\u00fcs\u00fc i\u00e7in bizimle canl\u0131 sohbet edin<\/li>\n<\/ul>","protected":false},"featured_media":311786,"comment_status":"closed","ping_status":"closed","template":"","meta":{"_eb_attr":"","_crsspst_to_jayantr4sg-hostcom":false},"product_brand":[],"product_cat":[1791,1559,1770,1255,1769,1767,1570,1569,1573,1574],"product_tag":[],"class_list":{"0":"post-311554","1":"product","2":"type-product","3":"status-publish","4":"has-post-thumbnail","6":"product_cat-anniversary-gifts","7":"product_cat-birthday-gifts","8":"product_cat-fancy-pendants","9":"product_cat-gold-pendants","10":"product_cat-kids-pendants","11":"product_cat-ladies-pendants","12":"product_cat-mothers-day-gifts","13":"product_cat-valentine-day-gifts","14":"product_cat-wedding-gifts","15":"product_cat-womens-jewellery","17":"first","18":"outofstock","19":"taxable","20":"shipping-taxable","21":"product-type-simple","22":"add-to-wishlist-before_image"},"yoast_head":"<!-- This site is optimized with the Yoast SEO plugin v27.3 - https:\/\/yoast.com\/product\/yoast-seo-wordpress\/ -->\n<title>18ct White Gold Diamond Heart Pendant | PureJewels London<\/title>\n<meta name=\"description\" content=\"Elegant and meaningful, this 18ct White Gold Diamond Heart Pendant features a graceful swirl of pav\u00e9 diamonds. A timeless symbol of love and artistry from PureJewels.\" \/>\n<meta name=\"robots\" content=\"index, follow, max-snippet:-1, max-image-preview:large, max-video-preview:-1\" \/>\n<link rel=\"canonical\" href=\"https:\/\/www.purejewels.com\/tr\/urun\/18-ayar-beyaz-altin-kalp-kolye-ucu\/\" \/>\n<meta property=\"og:locale\" content=\"tr_TR\" \/>\n<meta property=\"og:type\" content=\"article\" \/>\n<meta property=\"og:title\" content=\"18ct White Gold Diamond Heart Pendant | PureJewels London\" \/>\n<meta property=\"og:description\" content=\"Elegant and meaningful, this 18ct White Gold Diamond Heart Pendant features a graceful swirl of pav\u00e9 diamonds. A timeless symbol of love and artistry from PureJewels.\" \/>\n<meta property=\"og:url\" content=\"https:\/\/www.purejewels.com\/tr\/urun\/18-ayar-beyaz-altin-kalp-kolye-ucu\/\" \/>\n<meta property=\"og:site_name\" content=\"PureJewels UK\" \/>\n<meta property=\"article:modified_time\" content=\"2026-01-06T08:08:49+00:00\" \/>\n<meta property=\"og:image\" content=\"https:\/\/static.purejewels.com\/wp-content\/uploads\/2019\/11\/30938.jpg\" \/>\n\t<meta property=\"og:image:width\" content=\"1000\" \/>\n\t<meta property=\"og:image:height\" content=\"1000\" \/>\n\t<meta property=\"og:image:type\" content=\"image\/jpeg\" \/>\n<meta name=\"twitter:card\" content=\"summary_large_image\" \/>\n<meta name=\"twitter:label1\" content=\"Tahmini okuma s\u00fcresi\" \/>\n\t<meta name=\"twitter:data1\" content=\"1 dakika\" \/>\n<script type=\"application\/ld+json\" class=\"yoast-schema-graph\">{\"@context\":\"https:\\\/\\\/schema.org\",\"@graph\":[{\"@type\":[\"WebPage\",\"ItemPage\"],\"@id\":\"https:\\\/\\\/www.purejewels.com\\\/product\\\/18ct-white-gold-heart-pendant\\\/\",\"url\":\"https:\\\/\\\/www.purejewels.com\\\/product\\\/18ct-white-gold-heart-pendant\\\/\",\"name\":\"18ct White Gold Diamond Heart Pendant | PureJewels London\",\"isPartOf\":{\"@id\":\"https:\\\/\\\/www.purejewels.com\\\/#website\"},\"primaryImageOfPage\":{\"@id\":\"https:\\\/\\\/www.purejewels.com\\\/product\\\/18ct-white-gold-heart-pendant\\\/#primaryimage\"},\"image\":{\"@id\":\"https:\\\/\\\/www.purejewels.com\\\/product\\\/18ct-white-gold-heart-pendant\\\/#primaryimage\"},\"thumbnailUrl\":\"https:\\\/\\\/static.purejewels.com\\\/wp-content\\\/uploads\\\/2019\\\/11\\\/30938.jpg\",\"datePublished\":\"2019-11-11T08:46:37+00:00\",\"dateModified\":\"2026-01-06T08:08:49+00:00\",\"description\":\"Elegant and meaningful, this 18ct White Gold Diamond Heart Pendant features a graceful swirl of pav\u00e9 diamonds. A timeless symbol of love and artistry from PureJewels.\",\"breadcrumb\":{\"@id\":\"https:\\\/\\\/www.purejewels.com\\\/product\\\/18ct-white-gold-heart-pendant\\\/#breadcrumb\"},\"inLanguage\":\"tr\",\"potentialAction\":[{\"@type\":\"ReadAction\",\"target\":[\"https:\\\/\\\/www.purejewels.com\\\/product\\\/18ct-white-gold-heart-pendant\\\/\"]}]},{\"@type\":\"ImageObject\",\"inLanguage\":\"tr\",\"@id\":\"https:\\\/\\\/www.purejewels.com\\\/product\\\/18ct-white-gold-heart-pendant\\\/#primaryimage\",\"url\":\"https:\\\/\\\/static.purejewels.com\\\/wp-content\\\/uploads\\\/2019\\\/11\\\/30938.jpg\",\"contentUrl\":\"https:\\\/\\\/static.purejewels.com\\\/wp-content\\\/uploads\\\/2019\\\/11\\\/30938.jpg\",\"width\":1000,\"height\":1000,\"caption\":\"30938\"},{\"@type\":\"BreadcrumbList\",\"@id\":\"https:\\\/\\\/www.purejewels.com\\\/product\\\/18ct-white-gold-heart-pendant\\\/#breadcrumb\",\"itemListElement\":[{\"@type\":\"ListItem\",\"position\":1,\"name\":\"Home\",\"item\":\"https:\\\/\\\/www.purejewels.com\\\/\"},{\"@type\":\"ListItem\",\"position\":2,\"name\":\"Shop\",\"item\":\"https:\\\/\\\/www.purejewels.com\\\/shop\\\/\"},{\"@type\":\"ListItem\",\"position\":3,\"name\":\"18ct White Gold Diamond Heart Pendant \u2013 Swirl of Love\"}]},{\"@type\":\"WebSite\",\"@id\":\"https:\\\/\\\/www.purejewels.com\\\/#website\",\"url\":\"https:\\\/\\\/www.purejewels.com\\\/\",\"name\":\"PureJewels UK\",\"description\":\"Share the Love\",\"publisher\":{\"@id\":\"https:\\\/\\\/www.purejewels.com\\\/#organization\"},\"potentialAction\":[{\"@type\":\"SearchAction\",\"target\":{\"@type\":\"EntryPoint\",\"urlTemplate\":\"https:\\\/\\\/www.purejewels.com\\\/?s={search_term_string}\"},\"query-input\":{\"@type\":\"PropertyValueSpecification\",\"valueRequired\":true,\"valueName\":\"search_term_string\"}}],\"inLanguage\":\"tr\"},{\"@type\":\"Organization\",\"@id\":\"https:\\\/\\\/www.purejewels.com\\\/#organization\",\"name\":\"PureJewels UK\",\"url\":\"https:\\\/\\\/www.purejewels.com\\\/\",\"logo\":{\"@type\":\"ImageObject\",\"inLanguage\":\"tr\",\"@id\":\"https:\\\/\\\/www.purejewels.com\\\/#\\\/schema\\\/logo\\\/image\\\/\",\"url\":\"https:\\\/\\\/static.purejewels.com\\\/wp-content\\\/uploads\\\/2020\\\/11\\\/Logo-PJ-New-1.png\",\"contentUrl\":\"https:\\\/\\\/static.purejewels.com\\\/wp-content\\\/uploads\\\/2020\\\/11\\\/Logo-PJ-New-1.png\",\"width\":150,\"height\":80,\"caption\":\"PureJewels UK\"},\"image\":{\"@id\":\"https:\\\/\\\/www.purejewels.com\\\/#\\\/schema\\\/logo\\\/image\\\/\"}}]}<\/script>\n<!-- \/ Yoast SEO plugin. -->","yoast_head_json":{"title":"18 ayar beyaz alt\u0131n p\u0131rlanta kalp kolye | PureJewels Londra","description":"Zarif ve anlaml\u0131 olan bu 18 ayar beyaz alt\u0131n p\u0131rlanta kalp kolye, zarif bir pav\u00e9 p\u0131rlanta desenine sahiptir. PureJewels'tan a\u015fk ve sanat\u0131n zamans\u0131z sembol\u00fc.","robots":{"index":"index","follow":"follow","max-snippet":"max-snippet:-1","max-image-preview":"max-image-preview:large","max-video-preview":"max-video-preview:-1"},"canonical":"https:\/\/www.purejewels.com\/tr\/urun\/18-ayar-beyaz-altin-kalp-kolye-ucu\/","og_locale":"tr_TR","og_type":"article","og_title":"18ct White Gold Diamond Heart Pendant | PureJewels London","og_description":"Elegant and meaningful, this 18ct White Gold Diamond Heart Pendant features a graceful swirl of pav\u00e9 diamonds. A timeless symbol of love and artistry from PureJewels.","og_url":"https:\/\/www.purejewels.com\/tr\/urun\/18-ayar-beyaz-altin-kalp-kolye-ucu\/","og_site_name":"PureJewels UK","article_modified_time":"2026-01-06T08:08:49+00:00","og_image":[{"width":1000,"height":1000,"url":"https:\/\/static.purejewels.com\/wp-content\/uploads\/2019\/11\/30938.jpg","type":"image\/jpeg"}],"twitter_card":"summary_large_image","twitter_misc":{"Tahmini okuma s\u00fcresi":"1 dakika"},"schema":{"@context":"https:\/\/schema.org","@graph":[{"@type":["WebPage","ItemPage"],"@id":"https:\/\/www.purejewels.com\/product\/18ct-white-gold-heart-pendant\/","url":"https:\/\/www.purejewels.com\/product\/18ct-white-gold-heart-pendant\/","name":"18 ayar beyaz alt\u0131n p\u0131rlanta kalp kolye | PureJewels Londra","isPartOf":{"@id":"https:\/\/www.purejewels.com\/#website"},"primaryImageOfPage":{"@id":"https:\/\/www.purejewels.com\/product\/18ct-white-gold-heart-pendant\/#primaryimage"},"image":{"@id":"https:\/\/www.purejewels.com\/product\/18ct-white-gold-heart-pendant\/#primaryimage"},"thumbnailUrl":"https:\/\/static.purejewels.com\/wp-content\/uploads\/2019\/11\/30938.jpg","datePublished":"2019-11-11T08:46:37+00:00","dateModified":"2026-01-06T08:08:49+00:00","description":"Zarif ve anlaml\u0131 olan bu 18 ayar beyaz alt\u0131n p\u0131rlanta kalp kolye, zarif bir pav\u00e9 p\u0131rlanta desenine sahiptir. PureJewels'tan a\u015fk ve sanat\u0131n zamans\u0131z sembol\u00fc.","breadcrumb":{"@id":"https:\/\/www.purejewels.com\/product\/18ct-white-gold-heart-pendant\/#breadcrumb"},"inLanguage":"tr","potentialAction":[{"@type":"ReadAction","target":["https:\/\/www.purejewels.com\/product\/18ct-white-gold-heart-pendant\/"]}]},{"@type":"ImageObject","inLanguage":"tr","@id":"https:\/\/www.purejewels.com\/product\/18ct-white-gold-heart-pendant\/#primaryimage","url":"https:\/\/static.purejewels.com\/wp-content\/uploads\/2019\/11\/30938.jpg","contentUrl":"https:\/\/static.purejewels.com\/wp-content\/uploads\/2019\/11\/30938.jpg","width":1000,"height":1000,"caption":"30938"},{"@type":"BreadcrumbList","@id":"https:\/\/www.purejewels.com\/product\/18ct-white-gold-heart-pendant\/#breadcrumb","itemListElement":[{"@type":"ListItem","position":1,"name":"Home","item":"https:\/\/www.purejewels.com\/"},{"@type":"ListItem","position":2,"name":"Shop","item":"https:\/\/www.purejewels.com\/shop\/"},{"@type":"ListItem","position":3,"name":"18ct White Gold Diamond Heart Pendant \u2013 Swirl of Love"}]},{"@type":"WebSite","@id":"https:\/\/www.purejewels.com\/#website","url":"https:\/\/www.purejewels.com\/","name":"PureJewels \u0130ngiltere","description":"Sevgiyi Payla\u015f\u0131n","publisher":{"@id":"https:\/\/www.purejewels.com\/#organization"},"potentialAction":[{"@type":"SearchAction","target":{"@type":"EntryPoint","urlTemplate":"https:\/\/www.purejewels.com\/?s={search_term_string}"},"query-input":{"@type":"PropertyValueSpecification","valueRequired":true,"valueName":"search_term_string"}}],"inLanguage":"tr"},{"@type":"Organization","@id":"https:\/\/www.purejewels.com\/#organization","name":"PureJewels \u0130ngiltere","url":"https:\/\/www.purejewels.com\/","logo":{"@type":"ImageObject","inLanguage":"tr","@id":"https:\/\/www.purejewels.com\/#\/schema\/logo\/image\/","url":"https:\/\/static.purejewels.com\/wp-content\/uploads\/2020\/11\/Logo-PJ-New-1.png","contentUrl":"https:\/\/static.purejewels.com\/wp-content\/uploads\/2020\/11\/Logo-PJ-New-1.png","width":150,"height":80,"caption":"PureJewels UK"},"image":{"@id":"https:\/\/www.purejewels.com\/#\/schema\/logo\/image\/"}}]}},"_links":{"self":[{"href":"https:\/\/www.purejewels.com\/tr\/wp-json\/wp\/v2\/product\/311554","targetHints":{"allow":["GET"]}}],"collection":[{"href":"https:\/\/www.purejewels.com\/tr\/wp-json\/wp\/v2\/product"}],"about":[{"href":"https:\/\/www.purejewels.com\/tr\/wp-json\/wp\/v2\/types\/product"}],"replies":[{"embeddable":true,"href":"https:\/\/www.purejewels.com\/tr\/wp-json\/wp\/v2\/comments?post=311554"}],"version-history":[{"count":4,"href":"https:\/\/www.purejewels.com\/tr\/wp-json\/wp\/v2\/product\/311554\/revisions"}],"predecessor-version":[{"id":423233,"href":"https:\/\/www.purejewels.com\/tr\/wp-json\/wp\/v2\/product\/311554\/revisions\/423233"}],"wp:featuredmedia":[{"embeddable":true,"href":"https:\/\/www.purejewels.com\/tr\/wp-json\/wp\/v2\/media\/311786"}],"wp:attachment":[{"href":"https:\/\/www.purejewels.com\/tr\/wp-json\/wp\/v2\/media?parent=311554"}],"wp:term":[{"taxonomy":"product_brand","embeddable":true,"href":"https:\/\/www.purejewels.com\/tr\/wp-json\/wp\/v2\/product_brand?post=311554"},{"taxonomy":"product_cat","embeddable":true,"href":"https:\/\/www.purejewels.com\/tr\/wp-json\/wp\/v2\/product_cat?post=311554"},{"taxonomy":"product_tag","embeddable":true,"href":"https:\/\/www.purejewels.com\/tr\/wp-json\/wp\/v2\/product_tag?post=311554"}],"curies":[{"name":"wp","href":"https:\/\/api.w.org\/{rel}","templated":true}]}}