{"id":311558,"date":"2019-11-11T07:19:29","date_gmt":"2019-11-11T07:19:29","guid":{"rendered":"https:\/\/www.purejewels.com\/?post_type=product&#038;p=311558"},"modified":"2025-06-09T12:52:13","modified_gmt":"2025-06-09T11:52:13","slug":"18-ayar-altin-pirlanta-kulaklik-31092","status":"publish","type":"product","link":"https:\/\/www.purejewels.com\/tr\/product\/18ct-gold-diamond-earstuds-31092\/","title":{"rendered":"18 Ayar Alt\u0131n P\u0131rlanta Kulakl\u0131klar"},"content":{"rendered":"<h3><strong>18 Ayar Alt\u0131n P\u0131rlanta Kulak \u00c7\u0131t\u00e7\u0131tlar\u0131<\/strong><\/h3>\n<p>Bu zarif tasar\u0131mlarla tarz\u0131n\u0131z\u0131 y\u00fckseltin <a href=\"https:\/\/www.purejewels.com\/tr\/product\/18ct-white-gold-khanda-sikh-religious-pendant-6226\/\">18ct<\/a> Green Street'in \u00fcnl\u00fc kuyumcusu PureJewels UK'den Alt\u0131n P\u0131rlanta Kulak \u00c7\u0131t\u00e7\u0131tlar\u0131. En iyi malzemeler ve uzman el i\u015f\u00e7ili\u011fi ile \u00fcretilmi\u015ftir. <a href=\"https:\/\/www.purejewels.com\/tr\/a-guide-to-die-stamping\/\">zanaatkarl\u0131k<\/a>Bu \u00e7\u0131t\u00e7\u0131tlar her m\u00fccevher koleksiyonu i\u00e7in zamans\u0131z bir eklentidir. L\u00fcks alt\u0131n i\u00e7ine yerle\u015ftirilmi\u015f \u0131\u015f\u0131lt\u0131l\u0131 p\u0131rlantalar g\u00f6z kama\u015ft\u0131r\u0131c\u0131 bir g\u00f6r\u00fcn\u00fcm yarat\u0131r. Bu \u00e7arp\u0131c\u0131 k\u00fcpelerle kendinize veya sevdi\u011finiz birine \u015f\u0131kl\u0131\u011f\u0131n en \u00fcst noktas\u0131n\u0131 sunun.<\/p>\n<ul>\n<li><strong>Tasar\u0131m<\/strong>: Zarafet ve sofistike bir g\u00f6r\u00fcn\u00fcm sergileyen parlak p\u0131rlantal\u0131, zarif i\u015f\u00e7ilikli kulak \u00e7\u0131t\u00e7\u0131tlar\u0131.<\/li>\n<li><strong>Malzeme<\/strong>: Birinci s\u0131n\u0131f 18 ayar alt\u0131ndan yap\u0131lm\u0131\u015ft\u0131r, dayan\u0131kl\u0131l\u0131k ve l\u00fcks bir g\u00f6r\u00fcn\u00fcm sa\u011flar.<\/li>\n<li><strong><a href=\"https:\/\/www.purejewels.com\/tr\/product\/18ct-white-gold-stud-earrings-diamond-and-garnet-stone-45241\/\">P\u0131rlanta K\u00fcpeler<\/a><\/strong>: Y\u00fcksek kaliteli p\u0131rlantalarla s\u00fcslenmi\u015f bu k\u00fcpeler zamans\u0131z bir cazibeye sahiptir.<\/li>\n<li><strong><a href=\"https:\/\/www.purejewels.com\/tr\/product\/22ct-gold-stud-earring-for-ladies-50664\/\">Statement K\u00fcpeler<\/a><\/strong>: Cesur ama zarif, her g\u00f6r\u00fcn\u00fcm\u00fcn merkezi olmak i\u00e7in tasarland\u0131.<\/li>\n<li><strong>L\u00fcks K\u00fcpeler<\/strong>: Zenginlik ve zarafeti m\u00fckemmel bir \u015fekilde dengeleyen bu \u00fcr\u00fcn, \u00f6zel g\u00fcnler veya g\u00fcnl\u00fck kullan\u0131m i\u00e7in idealdir.<\/li>\n<\/ul>\n<p>Bu p\u0131rlanta kulak \u00e7\u0131t\u00e7\u0131tlar\u0131 \u015f\u0131kl\u0131\u011f\u0131n ve zarafetin sembol\u00fcd\u00fcr ve m\u00fccevher tutkunlar\u0131 i\u00e7in olmazsa olmazd\u0131r ya da \u00f6zel biri i\u00e7in unutulmaz bir hediyedir.<\/p>","protected":false},"excerpt":{"rendered":"<ul>\n<li>Detayl\u0131 p\u0131rlanta \u00e7ivili k\u00fcpe.<\/li>\n<li>P\u0131rlanta a\u011f\u0131rl\u0131\u011f\u0131- 0.31ct<\/li>\n<li>A\u011f\u0131rl\u0131k 1,70 gm<\/li>\n<li>SKU 31092<\/li>\n<li>T\u00fcm fiyatlara KDV dahildir<\/li>\n<li>\u00a0London Assay Office taraf\u0131ndan damgalanm\u0131\u015f alt\u0131n<\/li>\n<li>Sunum Kutusu ile Birlikte Gelir<\/li>\n<li>Teslimat Dahil<\/li>\n<li>M\u00fcsaitlik durumu ve daha fazla g\u00f6rsel i\u00e7in bizimle canl\u0131 sohbet edin <span data-sheets-root=\"1\">noel i\u0307\u00e7i\u0307n en i\u0307yi\u0307 m\u00fccevher hedi\u0307yeleri\u0307<\/span><\/li>\n<\/ul>","protected":false},"featured_media":311785,"comment_status":"closed","ping_status":"closed","template":"","meta":{"_eb_attr":"","_crsspst_to_jayantr4sg-hostcom":true},"product_brand":[],"product_cat":[6086,5679,1791,1794,5458,5457,1573,1574],"product_tag":[1455],"class_list":{"0":"post-311558","1":"product","2":"type-product","3":"status-publish","4":"has-post-thumbnail","6":"product_cat-18ct-gold-earring","7":"product_cat-18ct-gold-jewellery","8":"product_cat-anniversary-gifts","9":"product_cat-christmas-gifts","10":"product_cat-diamond-earring","11":"product_cat-diamond-jewellery","12":"product_cat-wedding-gifts","13":"product_cat-womens-jewellery","14":"product_tag-diamond-studs","16":"first","17":"instock","18":"taxable","19":"shipping-taxable","20":"purchasable","21":"product-type-simple","22":"add-to-wishlist-before_image"},"yoast_head":"<!-- This site is optimized with the Yoast SEO plugin v27.3 - https:\/\/yoast.com\/product\/yoast-seo-wordpress\/ -->\n<title>18ct Gold Diamond Earstuds - PureJewels UK<\/title>\n<meta name=\"robots\" content=\"index, follow, max-snippet:-1, max-image-preview:large, max-video-preview:-1\" \/>\n<link rel=\"canonical\" href=\"https:\/\/www.purejewels.com\/tr\/urun\/18-ayar-altin-pirlanta-kulaklik-31092\/\" \/>\n<meta property=\"og:locale\" content=\"tr_TR\" \/>\n<meta property=\"og:type\" content=\"article\" \/>\n<meta property=\"og:title\" content=\"18ct Gold Diamond Earstuds - PureJewels UK\" \/>\n<meta property=\"og:description\" content=\"Diamond Studded earrings with detailing.  Diamond wt- 0.31ct  Weight 1.70 gm  SKU 31092  All prices include VAT  \u00a0Gold\u00a0Hallmarked by London Assay Office  Comes With Presentation Box  Delivery Included  Live chat with us for availability and more images of best jewellery gifts for christmas\" \/>\n<meta property=\"og:url\" content=\"https:\/\/www.purejewels.com\/tr\/urun\/18-ayar-altin-pirlanta-kulaklik-31092\/\" \/>\n<meta property=\"og:site_name\" content=\"PureJewels UK\" \/>\n<meta property=\"article:modified_time\" content=\"2025-06-09T11:52:13+00:00\" \/>\n<meta property=\"og:image\" content=\"https:\/\/www.purejewels.com\/wp-content\/uploads\/2019\/11\/31092.jpg\" \/>\n\t<meta property=\"og:image:width\" content=\"1000\" \/>\n\t<meta property=\"og:image:height\" content=\"1000\" \/>\n\t<meta property=\"og:image:type\" content=\"image\/jpeg\" \/>\n<meta name=\"twitter:card\" content=\"summary_large_image\" \/>\n<meta name=\"twitter:label1\" content=\"Tahmini okuma s\u00fcresi\" \/>\n\t<meta name=\"twitter:data1\" content=\"1 dakika\" \/>\n<script type=\"application\/ld+json\" class=\"yoast-schema-graph\">{\"@context\":\"https:\\\/\\\/schema.org\",\"@graph\":[{\"@type\":[\"WebPage\",\"ItemPage\"],\"@id\":\"https:\\\/\\\/www.purejewels.com\\\/product\\\/18ct-gold-diamond-earstuds-31092\\\/\",\"url\":\"https:\\\/\\\/www.purejewels.com\\\/product\\\/18ct-gold-diamond-earstuds-31092\\\/\",\"name\":\"18ct Gold Diamond Earstuds - PureJewels UK\",\"isPartOf\":{\"@id\":\"https:\\\/\\\/www.purejewels.com\\\/#website\"},\"primaryImageOfPage\":{\"@id\":\"https:\\\/\\\/www.purejewels.com\\\/product\\\/18ct-gold-diamond-earstuds-31092\\\/#primaryimage\"},\"image\":{\"@id\":\"https:\\\/\\\/www.purejewels.com\\\/product\\\/18ct-gold-diamond-earstuds-31092\\\/#primaryimage\"},\"thumbnailUrl\":\"https:\\\/\\\/static.purejewels.com\\\/wp-content\\\/uploads\\\/2019\\\/11\\\/31092.jpg\",\"datePublished\":\"2019-11-11T07:19:29+00:00\",\"dateModified\":\"2025-06-09T11:52:13+00:00\",\"breadcrumb\":{\"@id\":\"https:\\\/\\\/www.purejewels.com\\\/product\\\/18ct-gold-diamond-earstuds-31092\\\/#breadcrumb\"},\"inLanguage\":\"tr\",\"potentialAction\":[{\"@type\":\"ReadAction\",\"target\":[\"https:\\\/\\\/www.purejewels.com\\\/product\\\/18ct-gold-diamond-earstuds-31092\\\/\"]}]},{\"@type\":\"ImageObject\",\"inLanguage\":\"tr\",\"@id\":\"https:\\\/\\\/www.purejewels.com\\\/product\\\/18ct-gold-diamond-earstuds-31092\\\/#primaryimage\",\"url\":\"https:\\\/\\\/static.purejewels.com\\\/wp-content\\\/uploads\\\/2019\\\/11\\\/31092.jpg\",\"contentUrl\":\"https:\\\/\\\/static.purejewels.com\\\/wp-content\\\/uploads\\\/2019\\\/11\\\/31092.jpg\",\"width\":1000,\"height\":1000,\"caption\":\"31092\"},{\"@type\":\"BreadcrumbList\",\"@id\":\"https:\\\/\\\/www.purejewels.com\\\/product\\\/18ct-gold-diamond-earstuds-31092\\\/#breadcrumb\",\"itemListElement\":[{\"@type\":\"ListItem\",\"position\":1,\"name\":\"Home\",\"item\":\"https:\\\/\\\/www.purejewels.com\\\/\"},{\"@type\":\"ListItem\",\"position\":2,\"name\":\"Shop\",\"item\":\"https:\\\/\\\/www.purejewels.com\\\/shop\\\/\"},{\"@type\":\"ListItem\",\"position\":3,\"name\":\"18ct Gold Diamond Earstuds\"}]},{\"@type\":\"WebSite\",\"@id\":\"https:\\\/\\\/www.purejewels.com\\\/#website\",\"url\":\"https:\\\/\\\/www.purejewels.com\\\/\",\"name\":\"PureJewels UK\",\"description\":\"Share the Love\",\"publisher\":{\"@id\":\"https:\\\/\\\/www.purejewels.com\\\/#organization\"},\"potentialAction\":[{\"@type\":\"SearchAction\",\"target\":{\"@type\":\"EntryPoint\",\"urlTemplate\":\"https:\\\/\\\/www.purejewels.com\\\/?s={search_term_string}\"},\"query-input\":{\"@type\":\"PropertyValueSpecification\",\"valueRequired\":true,\"valueName\":\"search_term_string\"}}],\"inLanguage\":\"tr\"},{\"@type\":\"Organization\",\"@id\":\"https:\\\/\\\/www.purejewels.com\\\/#organization\",\"name\":\"PureJewels UK\",\"url\":\"https:\\\/\\\/www.purejewels.com\\\/\",\"logo\":{\"@type\":\"ImageObject\",\"inLanguage\":\"tr\",\"@id\":\"https:\\\/\\\/www.purejewels.com\\\/#\\\/schema\\\/logo\\\/image\\\/\",\"url\":\"https:\\\/\\\/static.purejewels.com\\\/wp-content\\\/uploads\\\/2020\\\/11\\\/Logo-PJ-New-1.png\",\"contentUrl\":\"https:\\\/\\\/static.purejewels.com\\\/wp-content\\\/uploads\\\/2020\\\/11\\\/Logo-PJ-New-1.png\",\"width\":150,\"height\":80,\"caption\":\"PureJewels UK\"},\"image\":{\"@id\":\"https:\\\/\\\/www.purejewels.com\\\/#\\\/schema\\\/logo\\\/image\\\/\"}}]}<\/script>\n<!-- \/ Yoast SEO plugin. -->","yoast_head_json":{"title":"18 Ayar Alt\u0131n P\u0131rlanta Kulakl\u0131klar - PureJewels UK","robots":{"index":"index","follow":"follow","max-snippet":"max-snippet:-1","max-image-preview":"max-image-preview:large","max-video-preview":"max-video-preview:-1"},"canonical":"https:\/\/www.purejewels.com\/tr\/urun\/18-ayar-altin-pirlanta-kulaklik-31092\/","og_locale":"tr_TR","og_type":"article","og_title":"18ct Gold Diamond Earstuds - PureJewels UK","og_description":"Diamond Studded earrings with detailing.  Diamond wt- 0.31ct  Weight 1.70 gm  SKU 31092  All prices include VAT  \u00a0Gold\u00a0Hallmarked by London Assay Office  Comes With Presentation Box  Delivery Included  Live chat with us for availability and more images of best jewellery gifts for christmas","og_url":"https:\/\/www.purejewels.com\/tr\/urun\/18-ayar-altin-pirlanta-kulaklik-31092\/","og_site_name":"PureJewels UK","article_modified_time":"2025-06-09T11:52:13+00:00","og_image":[{"width":1000,"height":1000,"url":"https:\/\/www.purejewels.com\/wp-content\/uploads\/2019\/11\/31092.jpg","type":"image\/jpeg"}],"twitter_card":"summary_large_image","twitter_misc":{"Tahmini okuma s\u00fcresi":"1 dakika"},"schema":{"@context":"https:\/\/schema.org","@graph":[{"@type":["WebPage","ItemPage"],"@id":"https:\/\/www.purejewels.com\/product\/18ct-gold-diamond-earstuds-31092\/","url":"https:\/\/www.purejewels.com\/product\/18ct-gold-diamond-earstuds-31092\/","name":"18 Ayar Alt\u0131n P\u0131rlanta Kulakl\u0131klar - PureJewels UK","isPartOf":{"@id":"https:\/\/www.purejewels.com\/#website"},"primaryImageOfPage":{"@id":"https:\/\/www.purejewels.com\/product\/18ct-gold-diamond-earstuds-31092\/#primaryimage"},"image":{"@id":"https:\/\/www.purejewels.com\/product\/18ct-gold-diamond-earstuds-31092\/#primaryimage"},"thumbnailUrl":"https:\/\/static.purejewels.com\/wp-content\/uploads\/2019\/11\/31092.jpg","datePublished":"2019-11-11T07:19:29+00:00","dateModified":"2025-06-09T11:52:13+00:00","breadcrumb":{"@id":"https:\/\/www.purejewels.com\/product\/18ct-gold-diamond-earstuds-31092\/#breadcrumb"},"inLanguage":"tr","potentialAction":[{"@type":"ReadAction","target":["https:\/\/www.purejewels.com\/product\/18ct-gold-diamond-earstuds-31092\/"]}]},{"@type":"ImageObject","inLanguage":"tr","@id":"https:\/\/www.purejewels.com\/product\/18ct-gold-diamond-earstuds-31092\/#primaryimage","url":"https:\/\/static.purejewels.com\/wp-content\/uploads\/2019\/11\/31092.jpg","contentUrl":"https:\/\/static.purejewels.com\/wp-content\/uploads\/2019\/11\/31092.jpg","width":1000,"height":1000,"caption":"31092"},{"@type":"BreadcrumbList","@id":"https:\/\/www.purejewels.com\/product\/18ct-gold-diamond-earstuds-31092\/#breadcrumb","itemListElement":[{"@type":"ListItem","position":1,"name":"Home","item":"https:\/\/www.purejewels.com\/"},{"@type":"ListItem","position":2,"name":"Shop","item":"https:\/\/www.purejewels.com\/shop\/"},{"@type":"ListItem","position":3,"name":"18ct Gold Diamond Earstuds"}]},{"@type":"WebSite","@id":"https:\/\/www.purejewels.com\/#website","url":"https:\/\/www.purejewels.com\/","name":"PureJewels \u0130ngiltere","description":"Sevgiyi Payla\u015f\u0131n","publisher":{"@id":"https:\/\/www.purejewels.com\/#organization"},"potentialAction":[{"@type":"SearchAction","target":{"@type":"EntryPoint","urlTemplate":"https:\/\/www.purejewels.com\/?s={search_term_string}"},"query-input":{"@type":"PropertyValueSpecification","valueRequired":true,"valueName":"search_term_string"}}],"inLanguage":"tr"},{"@type":"Organization","@id":"https:\/\/www.purejewels.com\/#organization","name":"PureJewels \u0130ngiltere","url":"https:\/\/www.purejewels.com\/","logo":{"@type":"ImageObject","inLanguage":"tr","@id":"https:\/\/www.purejewels.com\/#\/schema\/logo\/image\/","url":"https:\/\/static.purejewels.com\/wp-content\/uploads\/2020\/11\/Logo-PJ-New-1.png","contentUrl":"https:\/\/static.purejewels.com\/wp-content\/uploads\/2020\/11\/Logo-PJ-New-1.png","width":150,"height":80,"caption":"PureJewels UK"},"image":{"@id":"https:\/\/www.purejewels.com\/#\/schema\/logo\/image\/"}}]}},"_links":{"self":[{"href":"https:\/\/www.purejewels.com\/tr\/wp-json\/wp\/v2\/product\/311558","targetHints":{"allow":["GET"]}}],"collection":[{"href":"https:\/\/www.purejewels.com\/tr\/wp-json\/wp\/v2\/product"}],"about":[{"href":"https:\/\/www.purejewels.com\/tr\/wp-json\/wp\/v2\/types\/product"}],"replies":[{"embeddable":true,"href":"https:\/\/www.purejewels.com\/tr\/wp-json\/wp\/v2\/comments?post=311558"}],"version-history":[{"count":4,"href":"https:\/\/www.purejewels.com\/tr\/wp-json\/wp\/v2\/product\/311558\/revisions"}],"predecessor-version":[{"id":391160,"href":"https:\/\/www.purejewels.com\/tr\/wp-json\/wp\/v2\/product\/311558\/revisions\/391160"}],"wp:featuredmedia":[{"embeddable":true,"href":"https:\/\/www.purejewels.com\/tr\/wp-json\/wp\/v2\/media\/311785"}],"wp:attachment":[{"href":"https:\/\/www.purejewels.com\/tr\/wp-json\/wp\/v2\/media?parent=311558"}],"wp:term":[{"taxonomy":"product_brand","embeddable":true,"href":"https:\/\/www.purejewels.com\/tr\/wp-json\/wp\/v2\/product_brand?post=311558"},{"taxonomy":"product_cat","embeddable":true,"href":"https:\/\/www.purejewels.com\/tr\/wp-json\/wp\/v2\/product_cat?post=311558"},{"taxonomy":"product_tag","embeddable":true,"href":"https:\/\/www.purejewels.com\/tr\/wp-json\/wp\/v2\/product_tag?post=311558"}],"curies":[{"name":"wp","href":"https:\/\/api.w.org\/{rel}","templated":true}]}}