{"id":311564,"date":"2019-11-11T06:31:04","date_gmt":"2019-11-11T06:31:04","guid":{"rendered":"https:\/\/www.purejewels.com\/?post_type=product&#038;p=311564"},"modified":"2026-01-19T08:09:54","modified_gmt":"2026-01-19T08:09:54","slug":"18-ayar-pirlanta-kolye-ucu-31091","status":"publish","type":"product","link":"https:\/\/www.purejewels.com\/tr\/product\/18ct-diamond-pendant-31091\/","title":{"rendered":"18 Ayar Beyaz Alt\u0131n P\u0131rlanta Ak\u0131\u015f Kolye"},"content":{"rendered":"<p><strong>Tasar\u0131m<\/strong><\/p>\n<p>Bu kolye ucu, hareket ve zarafet hissi yaratmak i\u00e7in nazik\u00e7e k\u0131vr\u0131lan ak\u0131c\u0131, kurdele benzeri formuyla tan\u0131mlan\u0131r. Elmas setli vurgular ak\u0131c\u0131 \u00e7izgiyi takip ederek yumu\u015fakl\u0131k ve \u0131\u015f\u0131lt\u0131 katan \u00e7i\u00e7ek esintili elmas motiflerine yol a\u00e7ar. A\u00e7\u0131k, heykelsi kompozisyon par\u00e7aya hafiflik verirken zarif ve etkileyici bir duru\u015f sergiler.<\/p>\n<p><strong>Zanaatkarl\u0131k<\/strong><\/p>\n<p>I\u015f\u0131lt\u0131l\u0131 18 ayar beyaz alt\u0131ndan \u00fcretilen kolye ucu, parlakl\u0131\u011f\u0131 ve dengeyi art\u0131rmak i\u00e7in \u00f6zenle d\u00fczenlenmi\u015f toplam 0,25 karat a\u011f\u0131rl\u0131\u011f\u0131nda p\u0131rlanta ile donat\u0131lm\u0131\u015ft\u0131r. Her bir p\u0131rlanta, tasar\u0131m\u0131n k\u0131vr\u0131mlar\u0131n\u0131 takip edecek ve d\u00fczenli kullan\u0131m i\u00e7in dayan\u0131kl\u0131l\u0131k sa\u011flayacak \u015fekilde hassas bir \u015fekilde ayarlanm\u0131\u015ft\u0131r. Par\u00e7a, PureJewels'in kalite, \u00f6zg\u00fcnl\u00fck ve ince i\u015f\u00e7ili\u011fe olan ba\u011fl\u0131l\u0131\u011f\u0131n\u0131 yans\u0131tan safl\u0131k sertifikas\u0131 i\u00e7in \u0130ngiltere'de damgalanm\u0131\u015ft\u0131r.<\/p>\n<p><strong>\u015eekillendirme &amp; Hediyele\u015fme<\/strong><\/p>\n<p>Se\u00e7ece\u011finiz ince beyaz alt\u0131n zincirle e\u015fle\u015ftirilmek \u00fczere tasarlanan bu kolye ucu, zarif bir g\u00fcnl\u00fck par\u00e7a olarak tak\u0131labilir veya \u00f6zel g\u00fcnler i\u00e7in \u015fekillendirilebilir. Do\u011fum g\u00fcnleri, y\u0131ld\u00f6n\u00fcmleri ve d\u00fc\u015f\u00fcnceli hediyeler i\u00e7in ideal olan bu zarif tasar\u0131m, hem g\u00fczellik hem de duygusall\u0131k ta\u015f\u0131r.<\/p>","protected":false},"excerpt":{"rendered":"<ul>\n<li>18 Ayar Beyaz Alt\u0131n P\u0131rlanta Kolye<\/li>\n<li>P\u0131rlanta a\u011f\u0131rl\u0131\u011f\u0131 0,25 karat<\/li>\n<li>SKU 31091<\/li>\n<li>Zincir dahil de\u011fildir<\/li>\n<li>T\u00fcm fiyatlara KDV dahildir<\/li>\n<li>T\u00fcm \u00dcr\u00fcnlerimiz Londra Tahlil Ofisi Taraf\u0131ndan Damgalanm\u0131\u015ft\u0131r<\/li>\n<li>T\u00fcm Set Sunum Kutusuyla Birlikte Gelir<\/li>\n<li>Teslimat Dahil<\/li>\n<li>Gold Christmas Present'\u0131n stok durumu ve daha fazla g\u00f6rsel i\u00e7in bizimle canl\u0131 sohbet edin<\/li>\n<\/ul>","protected":false},"featured_media":311784,"comment_status":"closed","ping_status":"closed","template":"","meta":{"_eb_attr":"","_crsspst_to_jayantr4sg-hostcom":true},"product_brand":[],"product_cat":[5679,5951,1791,1559,1794,5457,5459,1770,1569,5348],"product_tag":[5612],"class_list":{"0":"post-311564","1":"product","2":"type-product","3":"status-publish","4":"has-post-thumbnail","6":"product_cat-18ct-gold-jewellery","7":"product_cat-18ct-gold-pendant","8":"product_cat-anniversary-gifts","9":"product_cat-birthday-gifts","10":"product_cat-christmas-gifts","11":"product_cat-diamond-jewellery","12":"product_cat-diamond-pendant","13":"product_cat-fancy-pendants","14":"product_cat-valentine-day-gifts","15":"product_cat-white-gold-jewellery","16":"product_tag-diamond-pendant","18":"first","19":"instock","20":"taxable","21":"shipping-taxable","22":"purchasable","23":"product-type-simple","24":"add-to-wishlist-before_image"},"yoast_head":"<!-- This site is optimized with the Yoast SEO plugin v27.6 - https:\/\/yoast.com\/product\/yoast-seo-wordpress\/ -->\n<title>18ct White Gold Diamond Flow Pendant | 0.25 ct<\/title>\n<meta name=\"description\" content=\"Discover this elegant 18ct white gold diamond flow pendant, set with 0.25 carats of diamonds in a sculpted, fluid design.\" \/>\n<meta name=\"robots\" content=\"index, follow, max-snippet:-1, max-image-preview:large, max-video-preview:-1\" \/>\n<link rel=\"canonical\" href=\"https:\/\/www.purejewels.com\/tr\/urun\/18-ayar-pirlanta-kolye-ucu-31091\/\" \/>\n<meta property=\"og:locale\" content=\"tr_TR\" \/>\n<meta property=\"og:type\" content=\"article\" \/>\n<meta property=\"og:title\" content=\"18ct White Gold Diamond Flow Pendant | 0.25 ct\" \/>\n<meta property=\"og:description\" content=\"Discover this elegant 18ct white gold diamond flow pendant, set with 0.25 carats of diamonds in a sculpted, fluid design.\" \/>\n<meta property=\"og:url\" content=\"https:\/\/www.purejewels.com\/tr\/urun\/18-ayar-pirlanta-kolye-ucu-31091\/\" \/>\n<meta property=\"og:site_name\" content=\"PureJewels UK\" \/>\n<meta property=\"article:modified_time\" content=\"2026-01-19T08:09:54+00:00\" \/>\n<meta property=\"og:image\" content=\"https:\/\/static.purejewels.com\/wp-content\/uploads\/2019\/11\/31091.jpg\" \/>\n\t<meta property=\"og:image:width\" content=\"1000\" \/>\n\t<meta property=\"og:image:height\" content=\"1000\" \/>\n\t<meta property=\"og:image:type\" content=\"image\/jpeg\" \/>\n<meta name=\"twitter:card\" content=\"summary_large_image\" \/>\n<meta name=\"twitter:label1\" content=\"Tahmini okuma s\u00fcresi\" \/>\n\t<meta name=\"twitter:data1\" content=\"1 dakika\" \/>\n<script type=\"application\/ld+json\" class=\"yoast-schema-graph\">{\"@context\":\"https:\\\/\\\/schema.org\",\"@graph\":[{\"@type\":[\"WebPage\",\"ItemPage\"],\"@id\":\"https:\\\/\\\/www.purejewels.com\\\/product\\\/18ct-diamond-pendant-31091\\\/\",\"url\":\"https:\\\/\\\/www.purejewels.com\\\/product\\\/18ct-diamond-pendant-31091\\\/\",\"name\":\"18ct White Gold Diamond Flow Pendant | 0.25 ct\",\"isPartOf\":{\"@id\":\"https:\\\/\\\/www.purejewels.com\\\/#website\"},\"primaryImageOfPage\":{\"@id\":\"https:\\\/\\\/www.purejewels.com\\\/product\\\/18ct-diamond-pendant-31091\\\/#primaryimage\"},\"image\":{\"@id\":\"https:\\\/\\\/www.purejewels.com\\\/product\\\/18ct-diamond-pendant-31091\\\/#primaryimage\"},\"thumbnailUrl\":\"https:\\\/\\\/static.purejewels.com\\\/wp-content\\\/uploads\\\/2019\\\/11\\\/31091.jpg\",\"datePublished\":\"2019-11-11T06:31:04+00:00\",\"dateModified\":\"2026-01-19T08:09:54+00:00\",\"description\":\"Discover this elegant 18ct white gold diamond flow pendant, set with 0.25 carats of diamonds in a sculpted, fluid design.\",\"breadcrumb\":{\"@id\":\"https:\\\/\\\/www.purejewels.com\\\/product\\\/18ct-diamond-pendant-31091\\\/#breadcrumb\"},\"inLanguage\":\"tr\",\"potentialAction\":[{\"@type\":\"ReadAction\",\"target\":[\"https:\\\/\\\/www.purejewels.com\\\/product\\\/18ct-diamond-pendant-31091\\\/\"]}]},{\"@type\":\"ImageObject\",\"inLanguage\":\"tr\",\"@id\":\"https:\\\/\\\/www.purejewels.com\\\/product\\\/18ct-diamond-pendant-31091\\\/#primaryimage\",\"url\":\"https:\\\/\\\/static.purejewels.com\\\/wp-content\\\/uploads\\\/2019\\\/11\\\/31091.jpg\",\"contentUrl\":\"https:\\\/\\\/static.purejewels.com\\\/wp-content\\\/uploads\\\/2019\\\/11\\\/31091.jpg\",\"width\":1000,\"height\":1000,\"caption\":\"31091\"},{\"@type\":\"BreadcrumbList\",\"@id\":\"https:\\\/\\\/www.purejewels.com\\\/product\\\/18ct-diamond-pendant-31091\\\/#breadcrumb\",\"itemListElement\":[{\"@type\":\"ListItem\",\"position\":1,\"name\":\"Home\",\"item\":\"https:\\\/\\\/www.purejewels.com\\\/\"},{\"@type\":\"ListItem\",\"position\":2,\"name\":\"Shop\",\"item\":\"https:\\\/\\\/www.purejewels.com\\\/shop\\\/\"},{\"@type\":\"ListItem\",\"position\":3,\"name\":\"18ct White Gold Diamond Flow Pendant\"}]},{\"@type\":\"WebSite\",\"@id\":\"https:\\\/\\\/www.purejewels.com\\\/#website\",\"url\":\"https:\\\/\\\/www.purejewels.com\\\/\",\"name\":\"PureJewels UK\",\"description\":\"Share the Love\",\"publisher\":{\"@id\":\"https:\\\/\\\/www.purejewels.com\\\/#organization\"},\"potentialAction\":[{\"@type\":\"SearchAction\",\"target\":{\"@type\":\"EntryPoint\",\"urlTemplate\":\"https:\\\/\\\/www.purejewels.com\\\/?s={search_term_string}\"},\"query-input\":{\"@type\":\"PropertyValueSpecification\",\"valueRequired\":true,\"valueName\":\"search_term_string\"}}],\"inLanguage\":\"tr\"},{\"@type\":\"Organization\",\"@id\":\"https:\\\/\\\/www.purejewels.com\\\/#organization\",\"name\":\"PureJewels UK\",\"url\":\"https:\\\/\\\/www.purejewels.com\\\/\",\"logo\":{\"@type\":\"ImageObject\",\"inLanguage\":\"tr\",\"@id\":\"https:\\\/\\\/www.purejewels.com\\\/#\\\/schema\\\/logo\\\/image\\\/\",\"url\":\"https:\\\/\\\/static.purejewels.com\\\/wp-content\\\/uploads\\\/2020\\\/11\\\/Logo-PJ-New-1.png\",\"contentUrl\":\"https:\\\/\\\/static.purejewels.com\\\/wp-content\\\/uploads\\\/2020\\\/11\\\/Logo-PJ-New-1.png\",\"width\":150,\"height\":80,\"caption\":\"PureJewels UK\"},\"image\":{\"@id\":\"https:\\\/\\\/www.purejewels.com\\\/#\\\/schema\\\/logo\\\/image\\\/\"}}]}<\/script>\n<!-- \/ Yoast SEO plugin. -->","yoast_head_json":{"title":"18 Ayar Beyaz Alt\u0131n P\u0131rlanta Ak\u0131\u015f Kolye | 0,25 ct","description":"Bu zarif 18 ayar beyaz alt\u0131n p\u0131rlanta kolye ucunu ke\u015ffedin, 0,25 karat p\u0131rlanta ile \u015fekillendirilmi\u015f, ak\u0131\u015fkan bir tasar\u0131ma sahiptir.","robots":{"index":"index","follow":"follow","max-snippet":"max-snippet:-1","max-image-preview":"max-image-preview:large","max-video-preview":"max-video-preview:-1"},"canonical":"https:\/\/www.purejewels.com\/tr\/urun\/18-ayar-pirlanta-kolye-ucu-31091\/","og_locale":"tr_TR","og_type":"article","og_title":"18ct White Gold Diamond Flow Pendant | 0.25 ct","og_description":"Discover this elegant 18ct white gold diamond flow pendant, set with 0.25 carats of diamonds in a sculpted, fluid design.","og_url":"https:\/\/www.purejewels.com\/tr\/urun\/18-ayar-pirlanta-kolye-ucu-31091\/","og_site_name":"PureJewels UK","article_modified_time":"2026-01-19T08:09:54+00:00","og_image":[{"width":1000,"height":1000,"url":"https:\/\/static.purejewels.com\/wp-content\/uploads\/2019\/11\/31091.jpg","type":"image\/jpeg"}],"twitter_card":"summary_large_image","twitter_misc":{"Tahmini okuma s\u00fcresi":"1 dakika"},"schema":{"@context":"https:\/\/schema.org","@graph":[{"@type":["WebPage","ItemPage"],"@id":"https:\/\/www.purejewels.com\/product\/18ct-diamond-pendant-31091\/","url":"https:\/\/www.purejewels.com\/product\/18ct-diamond-pendant-31091\/","name":"18 Ayar Beyaz Alt\u0131n P\u0131rlanta Ak\u0131\u015f Kolye | 0,25 ct","isPartOf":{"@id":"https:\/\/www.purejewels.com\/#website"},"primaryImageOfPage":{"@id":"https:\/\/www.purejewels.com\/product\/18ct-diamond-pendant-31091\/#primaryimage"},"image":{"@id":"https:\/\/www.purejewels.com\/product\/18ct-diamond-pendant-31091\/#primaryimage"},"thumbnailUrl":"https:\/\/static.purejewels.com\/wp-content\/uploads\/2019\/11\/31091.jpg","datePublished":"2019-11-11T06:31:04+00:00","dateModified":"2026-01-19T08:09:54+00:00","description":"Bu zarif 18 ayar beyaz alt\u0131n p\u0131rlanta kolye ucunu ke\u015ffedin, 0,25 karat p\u0131rlanta ile \u015fekillendirilmi\u015f, ak\u0131\u015fkan bir tasar\u0131ma sahiptir.","breadcrumb":{"@id":"https:\/\/www.purejewels.com\/product\/18ct-diamond-pendant-31091\/#breadcrumb"},"inLanguage":"tr","potentialAction":[{"@type":"ReadAction","target":["https:\/\/www.purejewels.com\/product\/18ct-diamond-pendant-31091\/"]}]},{"@type":"ImageObject","inLanguage":"tr","@id":"https:\/\/www.purejewels.com\/product\/18ct-diamond-pendant-31091\/#primaryimage","url":"https:\/\/static.purejewels.com\/wp-content\/uploads\/2019\/11\/31091.jpg","contentUrl":"https:\/\/static.purejewels.com\/wp-content\/uploads\/2019\/11\/31091.jpg","width":1000,"height":1000,"caption":"31091"},{"@type":"BreadcrumbList","@id":"https:\/\/www.purejewels.com\/product\/18ct-diamond-pendant-31091\/#breadcrumb","itemListElement":[{"@type":"ListItem","position":1,"name":"Home","item":"https:\/\/www.purejewels.com\/"},{"@type":"ListItem","position":2,"name":"Shop","item":"https:\/\/www.purejewels.com\/shop\/"},{"@type":"ListItem","position":3,"name":"18ct White Gold Diamond Flow Pendant"}]},{"@type":"WebSite","@id":"https:\/\/www.purejewels.com\/#website","url":"https:\/\/www.purejewels.com\/","name":"PureJewels \u0130ngiltere","description":"Sevgiyi Payla\u015f\u0131n","publisher":{"@id":"https:\/\/www.purejewels.com\/#organization"},"potentialAction":[{"@type":"SearchAction","target":{"@type":"EntryPoint","urlTemplate":"https:\/\/www.purejewels.com\/?s={search_term_string}"},"query-input":{"@type":"PropertyValueSpecification","valueRequired":true,"valueName":"search_term_string"}}],"inLanguage":"tr"},{"@type":"Organization","@id":"https:\/\/www.purejewels.com\/#organization","name":"PureJewels \u0130ngiltere","url":"https:\/\/www.purejewels.com\/","logo":{"@type":"ImageObject","inLanguage":"tr","@id":"https:\/\/www.purejewels.com\/#\/schema\/logo\/image\/","url":"https:\/\/static.purejewels.com\/wp-content\/uploads\/2020\/11\/Logo-PJ-New-1.png","contentUrl":"https:\/\/static.purejewels.com\/wp-content\/uploads\/2020\/11\/Logo-PJ-New-1.png","width":150,"height":80,"caption":"PureJewels UK"},"image":{"@id":"https:\/\/www.purejewels.com\/#\/schema\/logo\/image\/"}}]}},"_links":{"self":[{"href":"https:\/\/www.purejewels.com\/tr\/wp-json\/wp\/v2\/product\/311564","targetHints":{"allow":["GET"]}}],"collection":[{"href":"https:\/\/www.purejewels.com\/tr\/wp-json\/wp\/v2\/product"}],"about":[{"href":"https:\/\/www.purejewels.com\/tr\/wp-json\/wp\/v2\/types\/product"}],"replies":[{"embeddable":true,"href":"https:\/\/www.purejewels.com\/tr\/wp-json\/wp\/v2\/comments?post=311564"}],"version-history":[{"count":4,"href":"https:\/\/www.purejewels.com\/tr\/wp-json\/wp\/v2\/product\/311564\/revisions"}],"predecessor-version":[{"id":424986,"href":"https:\/\/www.purejewels.com\/tr\/wp-json\/wp\/v2\/product\/311564\/revisions\/424986"}],"wp:featuredmedia":[{"embeddable":true,"href":"https:\/\/www.purejewels.com\/tr\/wp-json\/wp\/v2\/media\/311784"}],"wp:attachment":[{"href":"https:\/\/www.purejewels.com\/tr\/wp-json\/wp\/v2\/media?parent=311564"}],"wp:term":[{"taxonomy":"product_brand","embeddable":true,"href":"https:\/\/www.purejewels.com\/tr\/wp-json\/wp\/v2\/product_brand?post=311564"},{"taxonomy":"product_cat","embeddable":true,"href":"https:\/\/www.purejewels.com\/tr\/wp-json\/wp\/v2\/product_cat?post=311564"},{"taxonomy":"product_tag","embeddable":true,"href":"https:\/\/www.purejewels.com\/tr\/wp-json\/wp\/v2\/product_tag?post=311564"}],"curies":[{"name":"wp","href":"https:\/\/api.w.org\/{rel}","templated":true}]}}