{"id":311664,"date":"2019-10-25T07:40:12","date_gmt":"2019-10-25T06:40:12","guid":{"rendered":"https:\/\/www.purejewels.com\/?post_type=product&#038;p=311664"},"modified":"2026-04-06T20:50:18","modified_gmt":"2026-04-06T19:50:18","slug":"24-ayar-20-gram-ince-altin-kulce","status":"publish","type":"product","link":"https:\/\/www.purejewels.com\/tr\/product\/20-0-gram-fine-gold-bar-in-24ct\/","title":{"rendered":"24 Ayar 20,0 Gram \u0130nce Alt\u0131n K\u00fcl\u00e7e"},"content":{"rendered":"<p>Bu 20,0 graml\u0131k 24 ayar ince alt\u0131n k\u00fcl\u00e7e, PureJewels UK'den \u00e7arp\u0131c\u0131 bir yat\u0131r\u0131m par\u00e7as\u0131d\u0131r. Saf 999,9 ayar alt\u0131ndan \u00fcretilen bu k\u00fcl\u00e7e l\u00fcks ve zenginli\u011fin sembol\u00fcd\u00fcr. Her bir k\u00fcl\u00e7e hediye kutusuyla birlikte gelir ve kendiniz ya da sevdi\u011finiz biri i\u00e7in m\u00fckemmel bir hediye olur. Ertesi i\u015f g\u00fcn\u00fc g\u00fcvenli teslimat dahil, yat\u0131r\u0131m\u0131n\u0131z\u0131n g\u00fcvenli ve h\u0131zl\u0131 bir \u015fekilde ula\u015faca\u011f\u0131ndan emin olabilirsiniz.<\/p>\n<p>\u0130ster deneyimli bir yat\u0131r\u0131mc\u0131 ister alt\u0131n d\u00fcnyas\u0131nda yeni olun, bu 20g alt\u0131n k\u00fcl\u00e7e her koleksiyon i\u00e7in de\u011ferli bir katk\u0131d\u0131r. G\u00fcvenli \u00e7evrimi\u00e7i \u00f6deme sistemimiz, i\u015fleminizin g\u00fcvenli ve korumal\u0131 olmas\u0131n\u0131 sa\u011flar.<\/p>\n<p>Farkl\u0131 bir a\u011f\u0131rl\u0131k band\u0131 m\u0131 ar\u0131yorsunuz? \u00dcr\u00fcn yelpazemizi ke\u015ffetmek i\u00e7in bug\u00fcn bize ula\u015f\u0131n <a href=\"https:\/\/www.purejewels.com\/tr\/product\/24ct-gold-minted-bar-in-5grm\/\">24 ayar alt\u0131n<\/a> Barlar. PureJewels UK ile gelece\u011finize bug\u00fcnden yat\u0131r\u0131m yap\u0131n.<\/p>","protected":false},"excerpt":{"rendered":"<p>A\u011eIRLIK: 20 g<br \/>\nMETAL: \u0130nce alt\u0131n<br \/>\nB\u0130T\u0130\u015e: 999,9<br \/>\nTESL\u0130MAT: Ertesi i\u015f g\u00fcn\u00fc g\u00fcvenli teslimat dahildir<br \/>\n\u0130ADE: 14 g\u00fcn iade politikas\u0131.<br \/>\nPAKETLEME: Hediye kutusu ile birlikte gelir<br \/>\nFarkl\u0131 a\u011f\u0131rl\u0131k bantlar\u0131nda 24 ayar alt\u0131n k\u00fcl\u00e7e sat\u0131n almak i\u00e7in bizimle ileti\u015fime ge\u00e7in.<\/p>","protected":false},"featured_media":311674,"comment_status":"closed","ping_status":"closed","template":"","meta":{"_eb_attr":"","_crsspst_to_jayantr4sg-hostcom":false},"product_brand":[],"product_cat":[1646],"product_tag":[1836,1837],"class_list":{"0":"post-311664","1":"product","2":"type-product","3":"status-publish","4":"has-post-thumbnail","6":"product_cat-gold-bars","7":"product_tag-24ct-gold","8":"product_tag-gold-bars","10":"first","11":"outofstock","12":"product-type-simple","13":"add-to-wishlist-before_image"},"yoast_head":"<!-- This site is optimized with the Yoast SEO plugin v27.3 - https:\/\/yoast.com\/product\/yoast-seo-wordpress\/ -->\n<title>20.0 Gram Fine Gold Bar in 24ct - PureJewels UK<\/title>\n<meta name=\"robots\" content=\"index, follow, max-snippet:-1, max-image-preview:large, max-video-preview:-1\" \/>\n<link rel=\"canonical\" href=\"https:\/\/www.purejewels.com\/tr\/urun\/24-ayar-20-gram-ince-altin-kulce\/\" \/>\n<meta property=\"og:locale\" content=\"tr_TR\" \/>\n<meta property=\"og:type\" content=\"article\" \/>\n<meta property=\"og:title\" content=\"20.0 Gram Fine Gold Bar in 24ct - PureJewels UK\" \/>\n<meta property=\"og:description\" content=\"WEIGHT: 20 g METAL: Fine gold FINISH: 999.9 DELIVERY: Secure next working day delivery included RETURNS: 14 days returns policy. PACKAGING: Comes with a gift box Contact us to buy 24ct Gold bar in different weight-band.\" \/>\n<meta property=\"og:url\" content=\"https:\/\/www.purejewels.com\/tr\/urun\/24-ayar-20-gram-ince-altin-kulce\/\" \/>\n<meta property=\"og:site_name\" content=\"PureJewels UK\" \/>\n<meta property=\"article:modified_time\" content=\"2026-04-06T19:50:18+00:00\" \/>\n<meta property=\"og:image\" content=\"https:\/\/www.purejewels.com\/wp-content\/uploads\/2019\/10\/20gmbar-scaled.jpg\" \/>\n\t<meta property=\"og:image:width\" content=\"2048\" \/>\n\t<meta property=\"og:image:height\" content=\"2560\" \/>\n\t<meta property=\"og:image:type\" content=\"image\/jpeg\" \/>\n<meta name=\"twitter:card\" content=\"summary_large_image\" \/>\n<meta name=\"twitter:label1\" content=\"Tahmini okuma s\u00fcresi\" \/>\n\t<meta name=\"twitter:data1\" content=\"1 dakika\" \/>\n<script type=\"application\/ld+json\" class=\"yoast-schema-graph\">{\"@context\":\"https:\\\/\\\/schema.org\",\"@graph\":[{\"@type\":[\"WebPage\",\"ItemPage\"],\"@id\":\"https:\\\/\\\/www.purejewels.com\\\/product\\\/20-0-gram-fine-gold-bar-in-24ct\\\/\",\"url\":\"https:\\\/\\\/www.purejewels.com\\\/product\\\/20-0-gram-fine-gold-bar-in-24ct\\\/\",\"name\":\"20.0 Gram Fine Gold Bar in 24ct - PureJewels UK\",\"isPartOf\":{\"@id\":\"https:\\\/\\\/www.purejewels.com\\\/#website\"},\"primaryImageOfPage\":{\"@id\":\"https:\\\/\\\/www.purejewels.com\\\/product\\\/20-0-gram-fine-gold-bar-in-24ct\\\/#primaryimage\"},\"image\":{\"@id\":\"https:\\\/\\\/www.purejewels.com\\\/product\\\/20-0-gram-fine-gold-bar-in-24ct\\\/#primaryimage\"},\"thumbnailUrl\":\"https:\\\/\\\/static.purejewels.com\\\/wp-content\\\/uploads\\\/2019\\\/10\\\/20gmbar-scaled.jpg\",\"datePublished\":\"2019-10-25T06:40:12+00:00\",\"dateModified\":\"2026-04-06T19:50:18+00:00\",\"breadcrumb\":{\"@id\":\"https:\\\/\\\/www.purejewels.com\\\/product\\\/20-0-gram-fine-gold-bar-in-24ct\\\/#breadcrumb\"},\"inLanguage\":\"tr\",\"potentialAction\":[{\"@type\":\"ReadAction\",\"target\":[\"https:\\\/\\\/www.purejewels.com\\\/product\\\/20-0-gram-fine-gold-bar-in-24ct\\\/\"]}]},{\"@type\":\"ImageObject\",\"inLanguage\":\"tr\",\"@id\":\"https:\\\/\\\/www.purejewels.com\\\/product\\\/20-0-gram-fine-gold-bar-in-24ct\\\/#primaryimage\",\"url\":\"https:\\\/\\\/static.purejewels.com\\\/wp-content\\\/uploads\\\/2019\\\/10\\\/20gmbar-scaled.jpg\",\"contentUrl\":\"https:\\\/\\\/static.purejewels.com\\\/wp-content\\\/uploads\\\/2019\\\/10\\\/20gmbar-scaled.jpg\",\"width\":2048,\"height\":2560,\"caption\":\"999.9 20gm Gold Bar\"},{\"@type\":\"BreadcrumbList\",\"@id\":\"https:\\\/\\\/www.purejewels.com\\\/product\\\/20-0-gram-fine-gold-bar-in-24ct\\\/#breadcrumb\",\"itemListElement\":[{\"@type\":\"ListItem\",\"position\":1,\"name\":\"Home\",\"item\":\"https:\\\/\\\/www.purejewels.com\\\/\"},{\"@type\":\"ListItem\",\"position\":2,\"name\":\"Shop\",\"item\":\"https:\\\/\\\/www.purejewels.com\\\/shop\\\/\"},{\"@type\":\"ListItem\",\"position\":3,\"name\":\"20.0 Gram Fine Gold Bar in 24ct\"}]},{\"@type\":\"WebSite\",\"@id\":\"https:\\\/\\\/www.purejewels.com\\\/#website\",\"url\":\"https:\\\/\\\/www.purejewels.com\\\/\",\"name\":\"PureJewels UK\",\"description\":\"Share the Love\",\"publisher\":{\"@id\":\"https:\\\/\\\/www.purejewels.com\\\/#organization\"},\"potentialAction\":[{\"@type\":\"SearchAction\",\"target\":{\"@type\":\"EntryPoint\",\"urlTemplate\":\"https:\\\/\\\/www.purejewels.com\\\/?s={search_term_string}\"},\"query-input\":{\"@type\":\"PropertyValueSpecification\",\"valueRequired\":true,\"valueName\":\"search_term_string\"}}],\"inLanguage\":\"tr\"},{\"@type\":\"Organization\",\"@id\":\"https:\\\/\\\/www.purejewels.com\\\/#organization\",\"name\":\"PureJewels UK\",\"url\":\"https:\\\/\\\/www.purejewels.com\\\/\",\"logo\":{\"@type\":\"ImageObject\",\"inLanguage\":\"tr\",\"@id\":\"https:\\\/\\\/www.purejewels.com\\\/#\\\/schema\\\/logo\\\/image\\\/\",\"url\":\"https:\\\/\\\/static.purejewels.com\\\/wp-content\\\/uploads\\\/2020\\\/11\\\/Logo-PJ-New-1.png\",\"contentUrl\":\"https:\\\/\\\/static.purejewels.com\\\/wp-content\\\/uploads\\\/2020\\\/11\\\/Logo-PJ-New-1.png\",\"width\":150,\"height\":80,\"caption\":\"PureJewels UK\"},\"image\":{\"@id\":\"https:\\\/\\\/www.purejewels.com\\\/#\\\/schema\\\/logo\\\/image\\\/\"}}]}<\/script>\n<!-- \/ Yoast SEO plugin. -->","yoast_head_json":{"title":"24 Ayar 20,0 Gram \u0130nce Alt\u0131n K\u00fcl\u00e7e - PureJewels UK","robots":{"index":"index","follow":"follow","max-snippet":"max-snippet:-1","max-image-preview":"max-image-preview:large","max-video-preview":"max-video-preview:-1"},"canonical":"https:\/\/www.purejewels.com\/tr\/urun\/24-ayar-20-gram-ince-altin-kulce\/","og_locale":"tr_TR","og_type":"article","og_title":"20.0 Gram Fine Gold Bar in 24ct - PureJewels UK","og_description":"WEIGHT: 20 g METAL: Fine gold FINISH: 999.9 DELIVERY: Secure next working day delivery included RETURNS: 14 days returns policy. PACKAGING: Comes with a gift box Contact us to buy 24ct Gold bar in different weight-band.","og_url":"https:\/\/www.purejewels.com\/tr\/urun\/24-ayar-20-gram-ince-altin-kulce\/","og_site_name":"PureJewels UK","article_modified_time":"2026-04-06T19:50:18+00:00","og_image":[{"width":2048,"height":2560,"url":"https:\/\/www.purejewels.com\/wp-content\/uploads\/2019\/10\/20gmbar-scaled.jpg","type":"image\/jpeg"}],"twitter_card":"summary_large_image","twitter_misc":{"Tahmini okuma s\u00fcresi":"1 dakika"},"schema":{"@context":"https:\/\/schema.org","@graph":[{"@type":["WebPage","ItemPage"],"@id":"https:\/\/www.purejewels.com\/product\/20-0-gram-fine-gold-bar-in-24ct\/","url":"https:\/\/www.purejewels.com\/product\/20-0-gram-fine-gold-bar-in-24ct\/","name":"24 Ayar 20,0 Gram \u0130nce Alt\u0131n K\u00fcl\u00e7e - PureJewels UK","isPartOf":{"@id":"https:\/\/www.purejewels.com\/#website"},"primaryImageOfPage":{"@id":"https:\/\/www.purejewels.com\/product\/20-0-gram-fine-gold-bar-in-24ct\/#primaryimage"},"image":{"@id":"https:\/\/www.purejewels.com\/product\/20-0-gram-fine-gold-bar-in-24ct\/#primaryimage"},"thumbnailUrl":"https:\/\/static.purejewels.com\/wp-content\/uploads\/2019\/10\/20gmbar-scaled.jpg","datePublished":"2019-10-25T06:40:12+00:00","dateModified":"2026-04-06T19:50:18+00:00","breadcrumb":{"@id":"https:\/\/www.purejewels.com\/product\/20-0-gram-fine-gold-bar-in-24ct\/#breadcrumb"},"inLanguage":"tr","potentialAction":[{"@type":"ReadAction","target":["https:\/\/www.purejewels.com\/product\/20-0-gram-fine-gold-bar-in-24ct\/"]}]},{"@type":"ImageObject","inLanguage":"tr","@id":"https:\/\/www.purejewels.com\/product\/20-0-gram-fine-gold-bar-in-24ct\/#primaryimage","url":"https:\/\/static.purejewels.com\/wp-content\/uploads\/2019\/10\/20gmbar-scaled.jpg","contentUrl":"https:\/\/static.purejewels.com\/wp-content\/uploads\/2019\/10\/20gmbar-scaled.jpg","width":2048,"height":2560,"caption":"999.9 20gm Gold Bar"},{"@type":"BreadcrumbList","@id":"https:\/\/www.purejewels.com\/product\/20-0-gram-fine-gold-bar-in-24ct\/#breadcrumb","itemListElement":[{"@type":"ListItem","position":1,"name":"Home","item":"https:\/\/www.purejewels.com\/"},{"@type":"ListItem","position":2,"name":"Shop","item":"https:\/\/www.purejewels.com\/shop\/"},{"@type":"ListItem","position":3,"name":"20.0 Gram Fine Gold Bar in 24ct"}]},{"@type":"WebSite","@id":"https:\/\/www.purejewels.com\/#website","url":"https:\/\/www.purejewels.com\/","name":"PureJewels \u0130ngiltere","description":"Sevgiyi Payla\u015f\u0131n","publisher":{"@id":"https:\/\/www.purejewels.com\/#organization"},"potentialAction":[{"@type":"SearchAction","target":{"@type":"EntryPoint","urlTemplate":"https:\/\/www.purejewels.com\/?s={search_term_string}"},"query-input":{"@type":"PropertyValueSpecification","valueRequired":true,"valueName":"search_term_string"}}],"inLanguage":"tr"},{"@type":"Organization","@id":"https:\/\/www.purejewels.com\/#organization","name":"PureJewels \u0130ngiltere","url":"https:\/\/www.purejewels.com\/","logo":{"@type":"ImageObject","inLanguage":"tr","@id":"https:\/\/www.purejewels.com\/#\/schema\/logo\/image\/","url":"https:\/\/static.purejewels.com\/wp-content\/uploads\/2020\/11\/Logo-PJ-New-1.png","contentUrl":"https:\/\/static.purejewels.com\/wp-content\/uploads\/2020\/11\/Logo-PJ-New-1.png","width":150,"height":80,"caption":"PureJewels UK"},"image":{"@id":"https:\/\/www.purejewels.com\/#\/schema\/logo\/image\/"}}]}},"_links":{"self":[{"href":"https:\/\/www.purejewels.com\/tr\/wp-json\/wp\/v2\/product\/311664","targetHints":{"allow":["GET"]}}],"collection":[{"href":"https:\/\/www.purejewels.com\/tr\/wp-json\/wp\/v2\/product"}],"about":[{"href":"https:\/\/www.purejewels.com\/tr\/wp-json\/wp\/v2\/types\/product"}],"replies":[{"embeddable":true,"href":"https:\/\/www.purejewels.com\/tr\/wp-json\/wp\/v2\/comments?post=311664"}],"version-history":[{"count":2,"href":"https:\/\/www.purejewels.com\/tr\/wp-json\/wp\/v2\/product\/311664\/revisions"}],"predecessor-version":[{"id":421011,"href":"https:\/\/www.purejewels.com\/tr\/wp-json\/wp\/v2\/product\/311664\/revisions\/421011"}],"wp:featuredmedia":[{"embeddable":true,"href":"https:\/\/www.purejewels.com\/tr\/wp-json\/wp\/v2\/media\/311674"}],"wp:attachment":[{"href":"https:\/\/www.purejewels.com\/tr\/wp-json\/wp\/v2\/media?parent=311664"}],"wp:term":[{"taxonomy":"product_brand","embeddable":true,"href":"https:\/\/www.purejewels.com\/tr\/wp-json\/wp\/v2\/product_brand?post=311664"},{"taxonomy":"product_cat","embeddable":true,"href":"https:\/\/www.purejewels.com\/tr\/wp-json\/wp\/v2\/product_cat?post=311664"},{"taxonomy":"product_tag","embeddable":true,"href":"https:\/\/www.purejewels.com\/tr\/wp-json\/wp\/v2\/product_tag?post=311664"}],"curies":[{"name":"wp","href":"https:\/\/api.w.org\/{rel}","templated":true}]}}