{"id":311720,"date":"2019-11-11T06:21:15","date_gmt":"2019-11-11T06:21:15","guid":{"rendered":"https:\/\/www.purejewels.com\/?post_type=product&#038;p=311720"},"modified":"2026-01-06T06:53:29","modified_gmt":"2026-01-06T06:53:29","slug":"22-ayar-hint-altini-jhumkha-31761","status":"publish","type":"product","link":"https:\/\/www.purejewels.com\/tr\/product\/22ct-indian-gold-jhumkha-31761\/","title":{"rendered":"22 ayar alt\u0131n geleneksel Jhumka k\u00fcpeler"},"content":{"rendered":"<p><strong>Tasar\u0131m<\/strong><\/p>\n<p>Bu geleneksel 22 ayar alt\u0131n Jhumka k\u00fcpeler, detaylar ve k\u00fclt\u00fcrel sembolizm a\u00e7\u0131s\u0131ndan zengin, ikonik kubbe \u015feklindeki sil\u00fcetiyle tasarlanm\u0131\u015ft\u0131r. \u00dcst k\u0131s\u0131mda ince telkari i\u015f\u00e7ili\u011fiyle damla motifi bulunurken, \u00e7an \u015feklindeki alt k\u0131s\u0131m, hareketi ve parlakl\u0131\u011f\u0131 art\u0131ran, g\u00fczelce d\u00fczenlenmi\u015f sallanan alt\u0131n boncuklarla s\u00fcslenmi\u015ftir.<\/p>\n<p><strong>Zanaatkarl\u0131k<\/strong><\/p>\n<p>Ola\u011fan\u00fcst\u00fc bir hassasiyetle \u00fcretilen bu k\u00fcpeler, en ince Hint m\u00fccevher yap\u0131m tekniklerini temsil eder. Karma\u015f\u0131k gran\u00fclasyon, telkari ve kubbe katmanl\u0131 yap\u0131, tasar\u0131m\u0131n zarafetini ve derinli\u011fini ortaya \u00e7\u0131karmak i\u00e7in yetenekli zanaatkarlar taraf\u0131ndan elle i\u015flenmi\u015ftir. Simetrik damlalardan s\u00fcsl\u00fc \u015femsiye tarz\u0131 alt charm'a kadar her unsur, kalite ve gelene\u011fi yans\u0131tmaktad\u0131r.<\/p>\n<p><strong>Stil<\/strong><\/p>\n<p>D\u00fc\u011f\u00fcnler, dini etkinlikler veya bayram kutlamalar\u0131 i\u00e7in m\u00fckemmel olan bu Jhumka k\u00fcpeler, dikkat \u00e7ekici bir g\u00f6r\u00fcn\u00fcm sunar. Zamans\u0131z g\u00fczelli\u011fi, sari, lehenga veya Anarkali tak\u0131mlar\u0131yla kolayca uyum sa\u011flar ve g\u00f6r\u00fcn\u00fcm\u00fcn\u00fcze geleneksel bir \u015f\u0131kl\u0131k katar. Geleneksel Hint m\u00fccevherlerinin \u00f6z\u00fcn\u00fc sevenler i\u00e7in olmazsa olmaz bir par\u00e7ad\u0131r.<\/p>","protected":false},"excerpt":{"rendered":"<p>Hint zanaatkarl\u0131\u011f\u0131n\u0131n incelikli i\u015f\u00e7ili\u011fini ve zamans\u0131z cazibesini yans\u0131tan zarif 22 ayar alt\u0131n Jhumka k\u00fcpeler \u2013 d\u00fc\u011f\u00fcnler, festivaller ve kutlamalar i\u00e7in m\u00fckemmel.<\/p>\n<ul>\n<li>22 Ayar Hint Alt\u0131n\u0131 Jhumkha<\/li>\n<li>A\u011f\u0131rl\u0131k: 24,8 gms<\/li>\n<li>Sku 31761<\/li>\n<li>T\u00fcm fiyatlara KDV dahildir<\/li>\n<li>T\u00fcm \u00fcr\u00fcnlerimiz London Assay Office taraf\u0131ndan damgalanm\u0131\u015ft\u0131r<\/li>\n<li>T\u00fcm setler sunum kutusu ile birlikte gelir<\/li>\n<li>Teslimat Dahil<\/li>\n<li>Stok durumu ve stokta bulunan benzer tasar\u0131mlar\u0131n daha fazla g\u00f6r\u00fcnt\u00fcs\u00fc i\u00e7in bizimle canl\u0131 sohbet edin<\/li>\n<\/ul>","protected":false},"featured_media":311783,"comment_status":"closed","ping_status":"closed","template":"","meta":{"_eb_attr":"","_crsspst_to_jayantr4sg-hostcom":true},"product_brand":[],"product_cat":[1254,252,1578,1574],"product_tag":[4122],"class_list":{"0":"post-311720","1":"product","2":"type-product","3":"status-publish","4":"has-post-thumbnail","6":"product_cat-gold-earrings","7":"product_cat-jali-collections","8":"product_cat-jhumkha-earrings","9":"product_cat-womens-jewellery","10":"product_tag-earrings-for-sale","12":"first","13":"outofstock","14":"taxable","15":"shipping-taxable","16":"product-type-simple","17":"add-to-wishlist-before_image"},"yoast_head":"<!-- This site is optimized with the Yoast SEO plugin v27.6 - https:\/\/yoast.com\/product\/yoast-seo-wordpress\/ -->\n<title>22ct Gold Jhumka Earrings | PureJewels Traditional Gold Jewellery<\/title>\n<meta name=\"description\" content=\"Shop 22ct gold traditional Jhumka earrings at PureJewels \u2013 expertly crafted with detailed design and rich heritage. A timeless addition to your jewellery collection.\" \/>\n<meta name=\"robots\" content=\"index, follow, max-snippet:-1, max-image-preview:large, max-video-preview:-1\" \/>\n<link rel=\"canonical\" href=\"https:\/\/www.purejewels.com\/tr\/urun\/22-ayar-hint-altini-jhumkha-31761\/\" \/>\n<meta property=\"og:locale\" content=\"tr_TR\" \/>\n<meta property=\"og:type\" content=\"article\" \/>\n<meta property=\"og:title\" content=\"22ct Gold Jhumka Earrings | PureJewels Traditional Gold Jewellery\" \/>\n<meta property=\"og:description\" content=\"Shop 22ct gold traditional Jhumka earrings at PureJewels \u2013 expertly crafted with detailed design and rich heritage. A timeless addition to your jewellery collection.\" \/>\n<meta property=\"og:url\" content=\"https:\/\/www.purejewels.com\/tr\/urun\/22-ayar-hint-altini-jhumkha-31761\/\" \/>\n<meta property=\"og:site_name\" content=\"PureJewels UK\" \/>\n<meta property=\"article:modified_time\" content=\"2026-01-06T06:53:29+00:00\" \/>\n<meta property=\"og:image\" content=\"https:\/\/static.purejewels.com\/wp-content\/uploads\/2019\/11\/31761.jpg\" \/>\n\t<meta property=\"og:image:width\" content=\"1000\" \/>\n\t<meta property=\"og:image:height\" content=\"1000\" \/>\n\t<meta property=\"og:image:type\" content=\"image\/jpeg\" \/>\n<meta name=\"twitter:card\" content=\"summary_large_image\" \/>\n<meta name=\"twitter:label1\" content=\"Tahmini okuma s\u00fcresi\" \/>\n\t<meta name=\"twitter:data1\" content=\"1 dakika\" \/>\n<script type=\"application\/ld+json\" class=\"yoast-schema-graph\">{\"@context\":\"https:\\\/\\\/schema.org\",\"@graph\":[{\"@type\":[\"WebPage\",\"ItemPage\"],\"@id\":\"https:\\\/\\\/www.purejewels.com\\\/product\\\/22ct-indian-gold-jhumkha-31761\\\/\",\"url\":\"https:\\\/\\\/www.purejewels.com\\\/product\\\/22ct-indian-gold-jhumkha-31761\\\/\",\"name\":\"22ct Gold Jhumka Earrings | PureJewels Traditional Gold Jewellery\",\"isPartOf\":{\"@id\":\"https:\\\/\\\/www.purejewels.com\\\/#website\"},\"primaryImageOfPage\":{\"@id\":\"https:\\\/\\\/www.purejewels.com\\\/product\\\/22ct-indian-gold-jhumkha-31761\\\/#primaryimage\"},\"image\":{\"@id\":\"https:\\\/\\\/www.purejewels.com\\\/product\\\/22ct-indian-gold-jhumkha-31761\\\/#primaryimage\"},\"thumbnailUrl\":\"https:\\\/\\\/static.purejewels.com\\\/wp-content\\\/uploads\\\/2019\\\/11\\\/31761.jpg\",\"datePublished\":\"2019-11-11T06:21:15+00:00\",\"dateModified\":\"2026-01-06T06:53:29+00:00\",\"description\":\"Shop 22ct gold traditional Jhumka earrings at PureJewels \u2013 expertly crafted with detailed design and rich heritage. A timeless addition to your jewellery collection.\",\"breadcrumb\":{\"@id\":\"https:\\\/\\\/www.purejewels.com\\\/product\\\/22ct-indian-gold-jhumkha-31761\\\/#breadcrumb\"},\"inLanguage\":\"tr\",\"potentialAction\":[{\"@type\":\"ReadAction\",\"target\":[\"https:\\\/\\\/www.purejewels.com\\\/product\\\/22ct-indian-gold-jhumkha-31761\\\/\"]}]},{\"@type\":\"ImageObject\",\"inLanguage\":\"tr\",\"@id\":\"https:\\\/\\\/www.purejewels.com\\\/product\\\/22ct-indian-gold-jhumkha-31761\\\/#primaryimage\",\"url\":\"https:\\\/\\\/static.purejewels.com\\\/wp-content\\\/uploads\\\/2019\\\/11\\\/31761.jpg\",\"contentUrl\":\"https:\\\/\\\/static.purejewels.com\\\/wp-content\\\/uploads\\\/2019\\\/11\\\/31761.jpg\",\"width\":1000,\"height\":1000,\"caption\":\"31761\"},{\"@type\":\"BreadcrumbList\",\"@id\":\"https:\\\/\\\/www.purejewels.com\\\/product\\\/22ct-indian-gold-jhumkha-31761\\\/#breadcrumb\",\"itemListElement\":[{\"@type\":\"ListItem\",\"position\":1,\"name\":\"Home\",\"item\":\"https:\\\/\\\/www.purejewels.com\\\/\"},{\"@type\":\"ListItem\",\"position\":2,\"name\":\"Shop\",\"item\":\"https:\\\/\\\/www.purejewels.com\\\/shop\\\/\"},{\"@type\":\"ListItem\",\"position\":3,\"name\":\"22ct Gold Traditional Jhumka Earrings\"}]},{\"@type\":\"WebSite\",\"@id\":\"https:\\\/\\\/www.purejewels.com\\\/#website\",\"url\":\"https:\\\/\\\/www.purejewels.com\\\/\",\"name\":\"PureJewels UK\",\"description\":\"Share the Love\",\"publisher\":{\"@id\":\"https:\\\/\\\/www.purejewels.com\\\/#organization\"},\"potentialAction\":[{\"@type\":\"SearchAction\",\"target\":{\"@type\":\"EntryPoint\",\"urlTemplate\":\"https:\\\/\\\/www.purejewels.com\\\/?s={search_term_string}\"},\"query-input\":{\"@type\":\"PropertyValueSpecification\",\"valueRequired\":true,\"valueName\":\"search_term_string\"}}],\"inLanguage\":\"tr\"},{\"@type\":\"Organization\",\"@id\":\"https:\\\/\\\/www.purejewels.com\\\/#organization\",\"name\":\"PureJewels UK\",\"url\":\"https:\\\/\\\/www.purejewels.com\\\/\",\"logo\":{\"@type\":\"ImageObject\",\"inLanguage\":\"tr\",\"@id\":\"https:\\\/\\\/www.purejewels.com\\\/#\\\/schema\\\/logo\\\/image\\\/\",\"url\":\"https:\\\/\\\/static.purejewels.com\\\/wp-content\\\/uploads\\\/2020\\\/11\\\/Logo-PJ-New-1.png\",\"contentUrl\":\"https:\\\/\\\/static.purejewels.com\\\/wp-content\\\/uploads\\\/2020\\\/11\\\/Logo-PJ-New-1.png\",\"width\":150,\"height\":80,\"caption\":\"PureJewels UK\"},\"image\":{\"@id\":\"https:\\\/\\\/www.purejewels.com\\\/#\\\/schema\\\/logo\\\/image\\\/\"}}]}<\/script>\n<!-- \/ Yoast SEO plugin. -->","yoast_head_json":{"title":"22 ayar alt\u0131n Jhumka k\u00fcpeler | PureJewels Geleneksel Alt\u0131n Tak\u0131lar","description":"PureJewels'da 22 ayar alt\u0131n geleneksel Jhumka k\u00fcpeleri sat\u0131n al\u0131n \u2013 detayl\u0131 tasar\u0131m ve zengin mirasla ustal\u0131kla i\u015flenmi\u015f. M\u00fccevher koleksiyonunuza zamans\u0131z bir katk\u0131.","robots":{"index":"index","follow":"follow","max-snippet":"max-snippet:-1","max-image-preview":"max-image-preview:large","max-video-preview":"max-video-preview:-1"},"canonical":"https:\/\/www.purejewels.com\/tr\/urun\/22-ayar-hint-altini-jhumkha-31761\/","og_locale":"tr_TR","og_type":"article","og_title":"22ct Gold Jhumka Earrings | PureJewels Traditional Gold Jewellery","og_description":"Shop 22ct gold traditional Jhumka earrings at PureJewels \u2013 expertly crafted with detailed design and rich heritage. A timeless addition to your jewellery collection.","og_url":"https:\/\/www.purejewels.com\/tr\/urun\/22-ayar-hint-altini-jhumkha-31761\/","og_site_name":"PureJewels UK","article_modified_time":"2026-01-06T06:53:29+00:00","og_image":[{"width":1000,"height":1000,"url":"https:\/\/static.purejewels.com\/wp-content\/uploads\/2019\/11\/31761.jpg","type":"image\/jpeg"}],"twitter_card":"summary_large_image","twitter_misc":{"Tahmini okuma s\u00fcresi":"1 dakika"},"schema":{"@context":"https:\/\/schema.org","@graph":[{"@type":["WebPage","ItemPage"],"@id":"https:\/\/www.purejewels.com\/product\/22ct-indian-gold-jhumkha-31761\/","url":"https:\/\/www.purejewels.com\/product\/22ct-indian-gold-jhumkha-31761\/","name":"22 ayar alt\u0131n Jhumka k\u00fcpeler | PureJewels Geleneksel Alt\u0131n Tak\u0131lar","isPartOf":{"@id":"https:\/\/www.purejewels.com\/#website"},"primaryImageOfPage":{"@id":"https:\/\/www.purejewels.com\/product\/22ct-indian-gold-jhumkha-31761\/#primaryimage"},"image":{"@id":"https:\/\/www.purejewels.com\/product\/22ct-indian-gold-jhumkha-31761\/#primaryimage"},"thumbnailUrl":"https:\/\/static.purejewels.com\/wp-content\/uploads\/2019\/11\/31761.jpg","datePublished":"2019-11-11T06:21:15+00:00","dateModified":"2026-01-06T06:53:29+00:00","description":"PureJewels'da 22 ayar alt\u0131n geleneksel Jhumka k\u00fcpeleri sat\u0131n al\u0131n \u2013 detayl\u0131 tasar\u0131m ve zengin mirasla ustal\u0131kla i\u015flenmi\u015f. M\u00fccevher koleksiyonunuza zamans\u0131z bir katk\u0131.","breadcrumb":{"@id":"https:\/\/www.purejewels.com\/product\/22ct-indian-gold-jhumkha-31761\/#breadcrumb"},"inLanguage":"tr","potentialAction":[{"@type":"ReadAction","target":["https:\/\/www.purejewels.com\/product\/22ct-indian-gold-jhumkha-31761\/"]}]},{"@type":"ImageObject","inLanguage":"tr","@id":"https:\/\/www.purejewels.com\/product\/22ct-indian-gold-jhumkha-31761\/#primaryimage","url":"https:\/\/static.purejewels.com\/wp-content\/uploads\/2019\/11\/31761.jpg","contentUrl":"https:\/\/static.purejewels.com\/wp-content\/uploads\/2019\/11\/31761.jpg","width":1000,"height":1000,"caption":"31761"},{"@type":"BreadcrumbList","@id":"https:\/\/www.purejewels.com\/product\/22ct-indian-gold-jhumkha-31761\/#breadcrumb","itemListElement":[{"@type":"ListItem","position":1,"name":"Home","item":"https:\/\/www.purejewels.com\/"},{"@type":"ListItem","position":2,"name":"Shop","item":"https:\/\/www.purejewels.com\/shop\/"},{"@type":"ListItem","position":3,"name":"22ct Gold Traditional Jhumka Earrings"}]},{"@type":"WebSite","@id":"https:\/\/www.purejewels.com\/#website","url":"https:\/\/www.purejewels.com\/","name":"PureJewels \u0130ngiltere","description":"Sevgiyi Payla\u015f\u0131n","publisher":{"@id":"https:\/\/www.purejewels.com\/#organization"},"potentialAction":[{"@type":"SearchAction","target":{"@type":"EntryPoint","urlTemplate":"https:\/\/www.purejewels.com\/?s={search_term_string}"},"query-input":{"@type":"PropertyValueSpecification","valueRequired":true,"valueName":"search_term_string"}}],"inLanguage":"tr"},{"@type":"Organization","@id":"https:\/\/www.purejewels.com\/#organization","name":"PureJewels \u0130ngiltere","url":"https:\/\/www.purejewels.com\/","logo":{"@type":"ImageObject","inLanguage":"tr","@id":"https:\/\/www.purejewels.com\/#\/schema\/logo\/image\/","url":"https:\/\/static.purejewels.com\/wp-content\/uploads\/2020\/11\/Logo-PJ-New-1.png","contentUrl":"https:\/\/static.purejewels.com\/wp-content\/uploads\/2020\/11\/Logo-PJ-New-1.png","width":150,"height":80,"caption":"PureJewels UK"},"image":{"@id":"https:\/\/www.purejewels.com\/#\/schema\/logo\/image\/"}}]}},"_links":{"self":[{"href":"https:\/\/www.purejewels.com\/tr\/wp-json\/wp\/v2\/product\/311720","targetHints":{"allow":["GET"]}}],"collection":[{"href":"https:\/\/www.purejewels.com\/tr\/wp-json\/wp\/v2\/product"}],"about":[{"href":"https:\/\/www.purejewels.com\/tr\/wp-json\/wp\/v2\/types\/product"}],"replies":[{"embeddable":true,"href":"https:\/\/www.purejewels.com\/tr\/wp-json\/wp\/v2\/comments?post=311720"}],"version-history":[{"count":3,"href":"https:\/\/www.purejewels.com\/tr\/wp-json\/wp\/v2\/product\/311720\/revisions"}],"predecessor-version":[{"id":424101,"href":"https:\/\/www.purejewels.com\/tr\/wp-json\/wp\/v2\/product\/311720\/revisions\/424101"}],"wp:featuredmedia":[{"embeddable":true,"href":"https:\/\/www.purejewels.com\/tr\/wp-json\/wp\/v2\/media\/311783"}],"wp:attachment":[{"href":"https:\/\/www.purejewels.com\/tr\/wp-json\/wp\/v2\/media?parent=311720"}],"wp:term":[{"taxonomy":"product_brand","embeddable":true,"href":"https:\/\/www.purejewels.com\/tr\/wp-json\/wp\/v2\/product_brand?post=311720"},{"taxonomy":"product_cat","embeddable":true,"href":"https:\/\/www.purejewels.com\/tr\/wp-json\/wp\/v2\/product_cat?post=311720"},{"taxonomy":"product_tag","embeddable":true,"href":"https:\/\/www.purejewels.com\/tr\/wp-json\/wp\/v2\/product_tag?post=311720"}],"curies":[{"name":"wp","href":"https:\/\/api.w.org\/{rel}","templated":true}]}}