{"id":311721,"date":"2019-11-09T09:57:45","date_gmt":"2019-11-09T09:57:45","guid":{"rendered":"https:\/\/www.purejewels.com\/?post_type=product&#038;p=311721"},"modified":"2026-02-03T09:45:02","modified_gmt":"2026-02-03T09:45:02","slug":"22-ayar-altin-jali-kada-bilezikler","status":"publish","type":"product","link":"https:\/\/www.purejewels.com\/tr\/product\/22ct-gold-jali-kada-bangles\/","title":{"rendered":"22 Ayar Alt\u0131n Jali Dokulu K\u00fcre Tekli Kada"},"content":{"rendered":"<p>Tasar\u0131m<\/p>\n<p>Jali Koleksiyonu'ndan bu kada, a\u00e7\u0131k bir s\u00fcslemeden ziyade form arac\u0131l\u0131\u011f\u0131yla yap\u0131 ve tekrar\u0131 kutluyor. Merkezi dokulu alt\u0131n k\u00fcre, ince detayl\u0131 silindirik unsurlarla \u00e7er\u00e7evelenerek \u00f6l\u00e7\u00fcl\u00fc, mimari ve sessiz bir ifade hissi veren ritmik bir kompozisyon yarat\u0131yor.<\/p>\n<p>Zanaatkarl\u0131k<\/p>\n<p>Masif malzemeden el yap\u0131m\u0131 <a href=\"https:\/\/www.purejewels.com\/tr\/product\/22ct-gold-jali-filigree-ring-jali-collection-31926\/\">22ct<\/a> alt\u0131n olan kada, rafine bir profili korurken derinlik katan \u00f6zenle i\u015flenmi\u015f y\u00fczey dokular\u0131na sahiptir. Yumu\u015fak, parlak bir alt\u0131n \u0131\u015f\u0131lt\u0131s\u0131yla tamamlanan her par\u00e7a, PureJewels'in hassasiyet ve \u00f6zg\u00fcnl\u00fc\u011fe olan ba\u011fl\u0131l\u0131\u011f\u0131n\u0131 yans\u0131tan safl\u0131k sertifikas\u0131 i\u00e7in \u0130ngiltere'de damgalanm\u0131\u015ft\u0131r.<\/p>\n<p>\u015eekillendirme &amp; Hediyele\u015fme<\/p>\n<p>Bile\u011fe rahat\u00e7a oturacak \u015fekilde tasarlanan bu kada, g\u00fcnl\u00fck kullan\u0131mdan t\u00f6rensel etkinliklere zahmetsizce ge\u00e7i\u015f yapar. Geleneksel k\u0131yafetlerin yan\u0131 s\u0131ra \u00e7a\u011fda\u015f sil\u00fcetlerle de g\u00fczel bir uyum sa\u011flayan kada, kilometre ta\u015flar\u0131, y\u0131ld\u00f6n\u00fcmleri veya ki\u015fisel kutlamalar i\u00e7in d\u00fc\u015f\u00fcnceli bir hediye.<\/p>","protected":false},"excerpt":{"rendered":"<ul>\n<li>Tekli 22 Ayar Alt\u0131n Jali Telkari Kada - burada g\u00f6sterilen fiyat tek kada i\u00e7indir<\/li>\n<li>\u0130\u00e7i Bo\u015f Telkari Kada<\/li>\n<li>Sku 31733<\/li>\n<li>A\u011f\u0131rl\u0131k 11.9g<\/li>\n<li>\u00c7ap 3,6 mm<\/li>\n<li>Boyut: 2,6 in\u00e7.<\/li>\n<li>\u0130lave boyutlar i\u00e7in l\u00fctfen sorunuz<\/li>\n<li>Londra Tahlil Ofisi Taraf\u0131ndan Damgalanm\u0131\u015f 22 Ayar Alt\u0131n<\/li>\n<li>Sunum Kutusu ile Birlikte Gelir<\/li>\n<li>Teslimat Dahil<\/li>\n<li>T\u00fcm fiyatlara KDV dahildir<\/li>\n<li>Stok durumu ve stokta bulunan benzer tasar\u0131mlar\u0131n daha fazla g\u00f6r\u00fcnt\u00fcs\u00fc i\u00e7in bizimle canl\u0131 sohbet edin<\/li>\n<li><\/li>\n<\/ul>","protected":false},"featured_media":311776,"comment_status":"closed","ping_status":"closed","template":"","meta":{"_eb_attr":"","_crsspst_to_jayantr4sg-hostcom":true},"product_brand":[],"product_cat":[1559,1659,252,1570,1657,1573,1574],"product_tag":[],"class_list":{"0":"post-311721","1":"product","2":"type-product","3":"status-publish","4":"has-post-thumbnail","6":"product_cat-birthday-gifts","7":"product_cat-bridal-and-party-wear-gold-kada-bangle","8":"product_cat-jali-collections","9":"product_cat-mothers-day-gifts","10":"product_cat-single-bangle","11":"product_cat-wedding-gifts","12":"product_cat-womens-jewellery","14":"first","15":"outofstock","16":"taxable","17":"shipping-taxable","18":"product-type-simple","19":"add-to-wishlist-before_image"},"yoast_head":"<!-- This site is optimized with the Yoast SEO plugin v27.3 - https:\/\/yoast.com\/product\/yoast-seo-wordpress\/ -->\n<title>22ct Gold Jali Textured Sphere Kada | UK Hallmarked | PureJewels<\/title>\n<meta name=\"description\" content=\"Shop the 22ct Gold Jali Textured Sphere Kada from PureJewels\u2019 Jali Collection. Featuring sculpted gold spheres and fine textural detailing, UK hallmarked.\" \/>\n<meta name=\"robots\" content=\"index, follow, max-snippet:-1, max-image-preview:large, max-video-preview:-1\" \/>\n<link rel=\"canonical\" href=\"https:\/\/www.purejewels.com\/tr\/urun\/22-ayar-altin-jali-kada-bilezikler\/\" \/>\n<meta property=\"og:locale\" content=\"tr_TR\" \/>\n<meta property=\"og:type\" content=\"article\" \/>\n<meta property=\"og:title\" content=\"22ct Gold Jali Textured Sphere Kada | UK Hallmarked | PureJewels\" \/>\n<meta property=\"og:description\" content=\"Shop the 22ct Gold Jali Textured Sphere Kada from PureJewels\u2019 Jali Collection. Featuring sculpted gold spheres and fine textural detailing, UK hallmarked.\" \/>\n<meta property=\"og:url\" content=\"https:\/\/www.purejewels.com\/tr\/urun\/22-ayar-altin-jali-kada-bilezikler\/\" \/>\n<meta property=\"og:site_name\" content=\"PureJewels UK\" \/>\n<meta property=\"article:modified_time\" content=\"2026-02-03T09:45:02+00:00\" \/>\n<meta property=\"og:image\" content=\"https:\/\/static.purejewels.com\/wp-content\/uploads\/2019\/11\/31733.jpg\" \/>\n\t<meta property=\"og:image:width\" content=\"1000\" \/>\n\t<meta property=\"og:image:height\" content=\"1000\" \/>\n\t<meta property=\"og:image:type\" content=\"image\/jpeg\" \/>\n<meta name=\"twitter:card\" content=\"summary_large_image\" \/>\n<meta name=\"twitter:label1\" content=\"Tahmini okuma s\u00fcresi\" \/>\n\t<meta name=\"twitter:data1\" content=\"1 dakika\" \/>\n<script type=\"application\/ld+json\" class=\"yoast-schema-graph\">{\"@context\":\"https:\\\/\\\/schema.org\",\"@graph\":[{\"@type\":[\"WebPage\",\"ItemPage\"],\"@id\":\"https:\\\/\\\/www.purejewels.com\\\/product\\\/22ct-gold-jali-kada-bangles\\\/\",\"url\":\"https:\\\/\\\/www.purejewels.com\\\/product\\\/22ct-gold-jali-kada-bangles\\\/\",\"name\":\"22ct Gold Jali Textured Sphere Kada | UK Hallmarked | PureJewels\",\"isPartOf\":{\"@id\":\"https:\\\/\\\/www.purejewels.com\\\/#website\"},\"primaryImageOfPage\":{\"@id\":\"https:\\\/\\\/www.purejewels.com\\\/product\\\/22ct-gold-jali-kada-bangles\\\/#primaryimage\"},\"image\":{\"@id\":\"https:\\\/\\\/www.purejewels.com\\\/product\\\/22ct-gold-jali-kada-bangles\\\/#primaryimage\"},\"thumbnailUrl\":\"https:\\\/\\\/static.purejewels.com\\\/wp-content\\\/uploads\\\/2019\\\/11\\\/31733.jpg\",\"datePublished\":\"2019-11-09T09:57:45+00:00\",\"dateModified\":\"2026-02-03T09:45:02+00:00\",\"description\":\"Shop the 22ct Gold Jali Textured Sphere Kada from PureJewels\u2019 Jali Collection. Featuring sculpted gold spheres and fine textural detailing, UK hallmarked.\",\"breadcrumb\":{\"@id\":\"https:\\\/\\\/www.purejewels.com\\\/product\\\/22ct-gold-jali-kada-bangles\\\/#breadcrumb\"},\"inLanguage\":\"tr\",\"potentialAction\":[{\"@type\":\"ReadAction\",\"target\":[\"https:\\\/\\\/www.purejewels.com\\\/product\\\/22ct-gold-jali-kada-bangles\\\/\"]}]},{\"@type\":\"ImageObject\",\"inLanguage\":\"tr\",\"@id\":\"https:\\\/\\\/www.purejewels.com\\\/product\\\/22ct-gold-jali-kada-bangles\\\/#primaryimage\",\"url\":\"https:\\\/\\\/static.purejewels.com\\\/wp-content\\\/uploads\\\/2019\\\/11\\\/31733.jpg\",\"contentUrl\":\"https:\\\/\\\/static.purejewels.com\\\/wp-content\\\/uploads\\\/2019\\\/11\\\/31733.jpg\",\"width\":1000,\"height\":1000,\"caption\":\"31733\"},{\"@type\":\"BreadcrumbList\",\"@id\":\"https:\\\/\\\/www.purejewels.com\\\/product\\\/22ct-gold-jali-kada-bangles\\\/#breadcrumb\",\"itemListElement\":[{\"@type\":\"ListItem\",\"position\":1,\"name\":\"Home\",\"item\":\"https:\\\/\\\/www.purejewels.com\\\/\"},{\"@type\":\"ListItem\",\"position\":2,\"name\":\"Shop\",\"item\":\"https:\\\/\\\/www.purejewels.com\\\/shop\\\/\"},{\"@type\":\"ListItem\",\"position\":3,\"name\":\"22ct Gold Jali Textured Sphere Single Kada\"}]},{\"@type\":\"WebSite\",\"@id\":\"https:\\\/\\\/www.purejewels.com\\\/#website\",\"url\":\"https:\\\/\\\/www.purejewels.com\\\/\",\"name\":\"PureJewels UK\",\"description\":\"Share the Love\",\"publisher\":{\"@id\":\"https:\\\/\\\/www.purejewels.com\\\/#organization\"},\"potentialAction\":[{\"@type\":\"SearchAction\",\"target\":{\"@type\":\"EntryPoint\",\"urlTemplate\":\"https:\\\/\\\/www.purejewels.com\\\/?s={search_term_string}\"},\"query-input\":{\"@type\":\"PropertyValueSpecification\",\"valueRequired\":true,\"valueName\":\"search_term_string\"}}],\"inLanguage\":\"tr\"},{\"@type\":\"Organization\",\"@id\":\"https:\\\/\\\/www.purejewels.com\\\/#organization\",\"name\":\"PureJewels UK\",\"url\":\"https:\\\/\\\/www.purejewels.com\\\/\",\"logo\":{\"@type\":\"ImageObject\",\"inLanguage\":\"tr\",\"@id\":\"https:\\\/\\\/www.purejewels.com\\\/#\\\/schema\\\/logo\\\/image\\\/\",\"url\":\"https:\\\/\\\/static.purejewels.com\\\/wp-content\\\/uploads\\\/2020\\\/11\\\/Logo-PJ-New-1.png\",\"contentUrl\":\"https:\\\/\\\/static.purejewels.com\\\/wp-content\\\/uploads\\\/2020\\\/11\\\/Logo-PJ-New-1.png\",\"width\":150,\"height\":80,\"caption\":\"PureJewels UK\"},\"image\":{\"@id\":\"https:\\\/\\\/www.purejewels.com\\\/#\\\/schema\\\/logo\\\/image\\\/\"}}]}<\/script>\n<!-- \/ Yoast SEO plugin. -->","yoast_head_json":{"title":"22 Ayar Alt\u0131n Jali Dokulu K\u00fcre Kada | UK Hallmarked | PureJewels","description":"PureJewels'in Jali Koleksiyonundan 22 Ayar Alt\u0131n Jali Dokulu K\u00fcre Kada'y\u0131 sat\u0131n al\u0131n. Yontulmu\u015f alt\u0131n k\u00fcreler ve ince dokusal detaylara sahip, \u0130ngiltere damgal\u0131.","robots":{"index":"index","follow":"follow","max-snippet":"max-snippet:-1","max-image-preview":"max-image-preview:large","max-video-preview":"max-video-preview:-1"},"canonical":"https:\/\/www.purejewels.com\/tr\/urun\/22-ayar-altin-jali-kada-bilezikler\/","og_locale":"tr_TR","og_type":"article","og_title":"22ct Gold Jali Textured Sphere Kada | UK Hallmarked | PureJewels","og_description":"Shop the 22ct Gold Jali Textured Sphere Kada from PureJewels\u2019 Jali Collection. Featuring sculpted gold spheres and fine textural detailing, UK hallmarked.","og_url":"https:\/\/www.purejewels.com\/tr\/urun\/22-ayar-altin-jali-kada-bilezikler\/","og_site_name":"PureJewels UK","article_modified_time":"2026-02-03T09:45:02+00:00","og_image":[{"width":1000,"height":1000,"url":"https:\/\/static.purejewels.com\/wp-content\/uploads\/2019\/11\/31733.jpg","type":"image\/jpeg"}],"twitter_card":"summary_large_image","twitter_misc":{"Tahmini okuma s\u00fcresi":"1 dakika"},"schema":{"@context":"https:\/\/schema.org","@graph":[{"@type":["WebPage","ItemPage"],"@id":"https:\/\/www.purejewels.com\/product\/22ct-gold-jali-kada-bangles\/","url":"https:\/\/www.purejewels.com\/product\/22ct-gold-jali-kada-bangles\/","name":"22 Ayar Alt\u0131n Jali Dokulu K\u00fcre Kada | UK Hallmarked | PureJewels","isPartOf":{"@id":"https:\/\/www.purejewels.com\/#website"},"primaryImageOfPage":{"@id":"https:\/\/www.purejewels.com\/product\/22ct-gold-jali-kada-bangles\/#primaryimage"},"image":{"@id":"https:\/\/www.purejewels.com\/product\/22ct-gold-jali-kada-bangles\/#primaryimage"},"thumbnailUrl":"https:\/\/static.purejewels.com\/wp-content\/uploads\/2019\/11\/31733.jpg","datePublished":"2019-11-09T09:57:45+00:00","dateModified":"2026-02-03T09:45:02+00:00","description":"PureJewels'in Jali Koleksiyonundan 22 Ayar Alt\u0131n Jali Dokulu K\u00fcre Kada'y\u0131 sat\u0131n al\u0131n. Yontulmu\u015f alt\u0131n k\u00fcreler ve ince dokusal detaylara sahip, \u0130ngiltere damgal\u0131.","breadcrumb":{"@id":"https:\/\/www.purejewels.com\/product\/22ct-gold-jali-kada-bangles\/#breadcrumb"},"inLanguage":"tr","potentialAction":[{"@type":"ReadAction","target":["https:\/\/www.purejewels.com\/product\/22ct-gold-jali-kada-bangles\/"]}]},{"@type":"ImageObject","inLanguage":"tr","@id":"https:\/\/www.purejewels.com\/product\/22ct-gold-jali-kada-bangles\/#primaryimage","url":"https:\/\/static.purejewels.com\/wp-content\/uploads\/2019\/11\/31733.jpg","contentUrl":"https:\/\/static.purejewels.com\/wp-content\/uploads\/2019\/11\/31733.jpg","width":1000,"height":1000,"caption":"31733"},{"@type":"BreadcrumbList","@id":"https:\/\/www.purejewels.com\/product\/22ct-gold-jali-kada-bangles\/#breadcrumb","itemListElement":[{"@type":"ListItem","position":1,"name":"Home","item":"https:\/\/www.purejewels.com\/"},{"@type":"ListItem","position":2,"name":"Shop","item":"https:\/\/www.purejewels.com\/shop\/"},{"@type":"ListItem","position":3,"name":"22ct Gold Jali Textured Sphere Single Kada"}]},{"@type":"WebSite","@id":"https:\/\/www.purejewels.com\/#website","url":"https:\/\/www.purejewels.com\/","name":"PureJewels \u0130ngiltere","description":"Sevgiyi Payla\u015f\u0131n","publisher":{"@id":"https:\/\/www.purejewels.com\/#organization"},"potentialAction":[{"@type":"SearchAction","target":{"@type":"EntryPoint","urlTemplate":"https:\/\/www.purejewels.com\/?s={search_term_string}"},"query-input":{"@type":"PropertyValueSpecification","valueRequired":true,"valueName":"search_term_string"}}],"inLanguage":"tr"},{"@type":"Organization","@id":"https:\/\/www.purejewels.com\/#organization","name":"PureJewels \u0130ngiltere","url":"https:\/\/www.purejewels.com\/","logo":{"@type":"ImageObject","inLanguage":"tr","@id":"https:\/\/www.purejewels.com\/#\/schema\/logo\/image\/","url":"https:\/\/static.purejewels.com\/wp-content\/uploads\/2020\/11\/Logo-PJ-New-1.png","contentUrl":"https:\/\/static.purejewels.com\/wp-content\/uploads\/2020\/11\/Logo-PJ-New-1.png","width":150,"height":80,"caption":"PureJewels UK"},"image":{"@id":"https:\/\/www.purejewels.com\/#\/schema\/logo\/image\/"}}]}},"_links":{"self":[{"href":"https:\/\/www.purejewels.com\/tr\/wp-json\/wp\/v2\/product\/311721","targetHints":{"allow":["GET"]}}],"collection":[{"href":"https:\/\/www.purejewels.com\/tr\/wp-json\/wp\/v2\/product"}],"about":[{"href":"https:\/\/www.purejewels.com\/tr\/wp-json\/wp\/v2\/types\/product"}],"replies":[{"embeddable":true,"href":"https:\/\/www.purejewels.com\/tr\/wp-json\/wp\/v2\/comments?post=311721"}],"version-history":[{"count":3,"href":"https:\/\/www.purejewels.com\/tr\/wp-json\/wp\/v2\/product\/311721\/revisions"}],"predecessor-version":[{"id":425593,"href":"https:\/\/www.purejewels.com\/tr\/wp-json\/wp\/v2\/product\/311721\/revisions\/425593"}],"wp:featuredmedia":[{"embeddable":true,"href":"https:\/\/www.purejewels.com\/tr\/wp-json\/wp\/v2\/media\/311776"}],"wp:attachment":[{"href":"https:\/\/www.purejewels.com\/tr\/wp-json\/wp\/v2\/media?parent=311721"}],"wp:term":[{"taxonomy":"product_brand","embeddable":true,"href":"https:\/\/www.purejewels.com\/tr\/wp-json\/wp\/v2\/product_brand?post=311721"},{"taxonomy":"product_cat","embeddable":true,"href":"https:\/\/www.purejewels.com\/tr\/wp-json\/wp\/v2\/product_cat?post=311721"},{"taxonomy":"product_tag","embeddable":true,"href":"https:\/\/www.purejewels.com\/tr\/wp-json\/wp\/v2\/product_tag?post=311721"}],"curies":[{"name":"wp","href":"https:\/\/api.w.org\/{rel}","templated":true}]}}