{"id":311722,"date":"2019-11-09T09:53:44","date_gmt":"2019-11-09T09:53:44","guid":{"rendered":"https:\/\/www.purejewels.com\/?post_type=product&#038;p=311722"},"modified":"2025-12-22T11:59:25","modified_gmt":"2025-12-22T11:59:25","slug":"22-ayar-altin-kubik-zirkon-saplama-kupe-3","status":"publish","type":"product","link":"https:\/\/www.purejewels.com\/tr\/product\/22ct-gold-cubic-zirconia-stud-earring-3\/","title":{"rendered":"22 ayar alt\u0131n yuvarlak CZ k\u00fcme k\u00fcpe"},"content":{"rendered":"<p><strong>Tasar\u0131m:<\/strong><br \/>\nBu k\u00fcpeler, \u00f6zenle yerle\u015ftirilmi\u015f k\u00fcbik zirkon ta\u015flardan olu\u015fan cesur bir dairesel k\u00fcme tasar\u0131m\u0131na sahiptir. D\u00fczg\u00fcn d\u00fczenleme, simetriyi ve parlakl\u0131\u011f\u0131 art\u0131rarak merkezden d\u0131\u015fa do\u011fru yay\u0131lan bir g\u00fcne\u015f \u0131\u015f\u0131\u011f\u0131 efekti yarat\u0131r. Klasik yuvarlak silueti, zamans\u0131z ve \u00e7ok y\u00f6nl\u00fc olmalar\u0131n\u0131 sa\u011flar.<\/p>\n<p><strong>\u0130\u015f\u00e7ilik:<\/strong><br \/>\n22 ayar alt\u0131ndan ustal\u0131kla el i\u015f\u00e7ili\u011fi ile \u00fcretilen bu k\u00fcpeler, hem form hem de i\u015flev a\u00e7\u0131s\u0131ndan m\u00fckemmelli\u011fi yans\u0131t\u0131yor. Her bir ta\u015f, optimum \u0131\u015f\u0131k yans\u0131mas\u0131 i\u00e7in \u00e7atal ayar ile yerle\u015ftirilmi\u015f ve kal\u0131c\u0131 \u0131\u015f\u0131lt\u0131y\u0131 sa\u011flamak i\u00e7in sabitlenmi\u015ftir. M\u00fckemmel bir \u015fekilde cilalanm\u0131\u015f y\u00fczey, hem alt\u0131n\u0131n hem de ta\u015flar\u0131n parlakl\u0131\u011f\u0131n\u0131 art\u0131r\u0131yor.<\/p>\n<p><strong>Stil:<\/strong><br \/>\nHem resmi davetler hem de g\u00fcnl\u00fck kullan\u0131m i\u00e7in ideal olan bu k\u00fcpeler, zarif bir \u015f\u0131kl\u0131k ile \u00e7arp\u0131c\u0131 bir \u0131\u015f\u0131lt\u0131 aras\u0131nda m\u00fckemmel bir denge kuruyor. Modern bir dokunu\u015fla kal\u0131c\u0131 zarafeti sevenler i\u00e7in vazge\u00e7ilmez bir aksesuar.<\/p>","protected":false},"excerpt":{"rendered":"<p>Zengin 22 ayar alt\u0131n \u00fczerine yerle\u015ftirilmi\u015f parlak k\u00fcbik zirkonya k\u00fcmesi, bu yuvarlak k\u00fcpeyi m\u00fccevher koleksiyonunuz i\u00e7in \u0131\u015f\u0131lt\u0131l\u0131 bir vazge\u00e7ilmez haline getiriyor.<\/p>\n<ul>\n<li>22 Ayar Alt\u0131n K\u00fcbik Zirkon Saplama K\u00fcpe<\/li>\n<li>A\u011f\u0131rl\u0131k 1.1 g<\/li>\n<li>\u00c7ap 6,1 mm<\/li>\n<li>SKU. 31738<\/li>\n<li>T\u00fcm fiyatlara KDV dahildir<\/li>\n<li>T\u00fcm \u00fcr\u00fcnlerimiz London Assay Office taraf\u0131ndan damgalanm\u0131\u015ft\u0131r<\/li>\n<li>Sunum kutusu ile birlikte gelir<\/li>\n<li>Teslimat Dahil<\/li>\n<li>\u00dcr\u00fcn\u00fcn videosunu g\u00f6rmek i\u00e7in bize ula\u015f\u0131n \/ bizimle sohbet edin<\/li>\n<\/ul>","protected":false},"featured_media":311775,"comment_status":"closed","ping_status":"closed","template":"","meta":{"_eb_attr":"","_crsspst_to_jayantr4sg-hostcom":false},"product_brand":[],"product_cat":[1576,1577],"product_tag":[],"class_list":{"0":"post-311722","1":"product","2":"type-product","3":"status-publish","4":"has-post-thumbnail","6":"product_cat-childrens-jewellery","7":"product_cat-stud-earrings","9":"first","10":"outofstock","11":"taxable","12":"shipping-taxable","13":"product-type-simple","14":"add-to-wishlist-before_image"},"yoast_head":"<!-- This site is optimized with the Yoast SEO plugin v27.3 - https:\/\/yoast.com\/product\/yoast-seo-wordpress\/ -->\n<title>22ct Gold Round Earrings | Elegant Gold Jewellery PureJewels<\/title>\n<meta name=\"description\" content=\"Discover timeless sparkle with 22ct gold round stud earrings, featuring a dazzling cluster of cubic zirconia. Elegant, lightweight, and perfect for every occasion.\" \/>\n<meta name=\"robots\" content=\"index, follow, max-snippet:-1, max-image-preview:large, max-video-preview:-1\" \/>\n<link rel=\"canonical\" href=\"https:\/\/www.purejewels.com\/tr\/urun\/22-ayar-altin-kubik-zirkon-saplama-kupe-3\/\" \/>\n<meta property=\"og:locale\" content=\"tr_TR\" \/>\n<meta property=\"og:type\" content=\"article\" \/>\n<meta property=\"og:title\" content=\"22ct Gold Round Earrings | Elegant Gold Jewellery PureJewels\" \/>\n<meta property=\"og:description\" content=\"Discover timeless sparkle with 22ct gold round stud earrings, featuring a dazzling cluster of cubic zirconia. Elegant, lightweight, and perfect for every occasion.\" \/>\n<meta property=\"og:url\" content=\"https:\/\/www.purejewels.com\/tr\/urun\/22-ayar-altin-kubik-zirkon-saplama-kupe-3\/\" \/>\n<meta property=\"og:site_name\" content=\"PureJewels UK\" \/>\n<meta property=\"article:modified_time\" content=\"2025-12-22T11:59:25+00:00\" \/>\n<meta property=\"og:image\" content=\"https:\/\/static.purejewels.com\/wp-content\/uploads\/2019\/11\/31738.jpg\" \/>\n\t<meta property=\"og:image:width\" content=\"1000\" \/>\n\t<meta property=\"og:image:height\" content=\"1000\" \/>\n\t<meta property=\"og:image:type\" content=\"image\/jpeg\" \/>\n<meta name=\"twitter:card\" content=\"summary_large_image\" \/>\n<meta name=\"twitter:label1\" content=\"Tahmini okuma s\u00fcresi\" \/>\n\t<meta name=\"twitter:data1\" content=\"1 dakika\" \/>\n<script type=\"application\/ld+json\" class=\"yoast-schema-graph\">{\"@context\":\"https:\\\/\\\/schema.org\",\"@graph\":[{\"@type\":[\"WebPage\",\"ItemPage\"],\"@id\":\"https:\\\/\\\/www.purejewels.com\\\/product\\\/22ct-gold-cubic-zirconia-stud-earring-3\\\/\",\"url\":\"https:\\\/\\\/www.purejewels.com\\\/product\\\/22ct-gold-cubic-zirconia-stud-earring-3\\\/\",\"name\":\"22ct Gold Round Earrings | Elegant Gold Jewellery PureJewels\",\"isPartOf\":{\"@id\":\"https:\\\/\\\/www.purejewels.com\\\/#website\"},\"primaryImageOfPage\":{\"@id\":\"https:\\\/\\\/www.purejewels.com\\\/product\\\/22ct-gold-cubic-zirconia-stud-earring-3\\\/#primaryimage\"},\"image\":{\"@id\":\"https:\\\/\\\/www.purejewels.com\\\/product\\\/22ct-gold-cubic-zirconia-stud-earring-3\\\/#primaryimage\"},\"thumbnailUrl\":\"https:\\\/\\\/static.purejewels.com\\\/wp-content\\\/uploads\\\/2019\\\/11\\\/31738.jpg\",\"datePublished\":\"2019-11-09T09:53:44+00:00\",\"dateModified\":\"2025-12-22T11:59:25+00:00\",\"description\":\"Discover timeless sparkle with 22ct gold round stud earrings, featuring a dazzling cluster of cubic zirconia. Elegant, lightweight, and perfect for every occasion.\",\"breadcrumb\":{\"@id\":\"https:\\\/\\\/www.purejewels.com\\\/product\\\/22ct-gold-cubic-zirconia-stud-earring-3\\\/#breadcrumb\"},\"inLanguage\":\"tr\",\"potentialAction\":[{\"@type\":\"ReadAction\",\"target\":[\"https:\\\/\\\/www.purejewels.com\\\/product\\\/22ct-gold-cubic-zirconia-stud-earring-3\\\/\"]}]},{\"@type\":\"ImageObject\",\"inLanguage\":\"tr\",\"@id\":\"https:\\\/\\\/www.purejewels.com\\\/product\\\/22ct-gold-cubic-zirconia-stud-earring-3\\\/#primaryimage\",\"url\":\"https:\\\/\\\/static.purejewels.com\\\/wp-content\\\/uploads\\\/2019\\\/11\\\/31738.jpg\",\"contentUrl\":\"https:\\\/\\\/static.purejewels.com\\\/wp-content\\\/uploads\\\/2019\\\/11\\\/31738.jpg\",\"width\":1000,\"height\":1000,\"caption\":\"31738\"},{\"@type\":\"BreadcrumbList\",\"@id\":\"https:\\\/\\\/www.purejewels.com\\\/product\\\/22ct-gold-cubic-zirconia-stud-earring-3\\\/#breadcrumb\",\"itemListElement\":[{\"@type\":\"ListItem\",\"position\":1,\"name\":\"Home\",\"item\":\"https:\\\/\\\/www.purejewels.com\\\/\"},{\"@type\":\"ListItem\",\"position\":2,\"name\":\"Shop\",\"item\":\"https:\\\/\\\/www.purejewels.com\\\/shop\\\/\"},{\"@type\":\"ListItem\",\"position\":3,\"name\":\"22ct Gold Round CZ Cluster Stud Earrings\"}]},{\"@type\":\"WebSite\",\"@id\":\"https:\\\/\\\/www.purejewels.com\\\/#website\",\"url\":\"https:\\\/\\\/www.purejewels.com\\\/\",\"name\":\"PureJewels UK\",\"description\":\"Share the Love\",\"publisher\":{\"@id\":\"https:\\\/\\\/www.purejewels.com\\\/#organization\"},\"potentialAction\":[{\"@type\":\"SearchAction\",\"target\":{\"@type\":\"EntryPoint\",\"urlTemplate\":\"https:\\\/\\\/www.purejewels.com\\\/?s={search_term_string}\"},\"query-input\":{\"@type\":\"PropertyValueSpecification\",\"valueRequired\":true,\"valueName\":\"search_term_string\"}}],\"inLanguage\":\"tr\"},{\"@type\":\"Organization\",\"@id\":\"https:\\\/\\\/www.purejewels.com\\\/#organization\",\"name\":\"PureJewels UK\",\"url\":\"https:\\\/\\\/www.purejewels.com\\\/\",\"logo\":{\"@type\":\"ImageObject\",\"inLanguage\":\"tr\",\"@id\":\"https:\\\/\\\/www.purejewels.com\\\/#\\\/schema\\\/logo\\\/image\\\/\",\"url\":\"https:\\\/\\\/static.purejewels.com\\\/wp-content\\\/uploads\\\/2020\\\/11\\\/Logo-PJ-New-1.png\",\"contentUrl\":\"https:\\\/\\\/static.purejewels.com\\\/wp-content\\\/uploads\\\/2020\\\/11\\\/Logo-PJ-New-1.png\",\"width\":150,\"height\":80,\"caption\":\"PureJewels UK\"},\"image\":{\"@id\":\"https:\\\/\\\/www.purejewels.com\\\/#\\\/schema\\\/logo\\\/image\\\/\"}}]}<\/script>\n<!-- \/ Yoast SEO plugin. -->","yoast_head_json":{"title":"22 ayar alt\u0131n yuvarlak k\u00fcpeler | Zarif alt\u0131n tak\u0131lar PureJewels","description":"22 ayar alt\u0131n yuvarlak k\u00fcpe, g\u00f6z kama\u015ft\u0131r\u0131c\u0131 k\u00fcbik zirkonya k\u00fcmesi ile zamans\u0131z bir \u0131\u015f\u0131lt\u0131 ke\u015ffedin. Zarif, hafif ve her ortama uygun.","robots":{"index":"index","follow":"follow","max-snippet":"max-snippet:-1","max-image-preview":"max-image-preview:large","max-video-preview":"max-video-preview:-1"},"canonical":"https:\/\/www.purejewels.com\/tr\/urun\/22-ayar-altin-kubik-zirkon-saplama-kupe-3\/","og_locale":"tr_TR","og_type":"article","og_title":"22ct Gold Round Earrings | Elegant Gold Jewellery PureJewels","og_description":"Discover timeless sparkle with 22ct gold round stud earrings, featuring a dazzling cluster of cubic zirconia. Elegant, lightweight, and perfect for every occasion.","og_url":"https:\/\/www.purejewels.com\/tr\/urun\/22-ayar-altin-kubik-zirkon-saplama-kupe-3\/","og_site_name":"PureJewels UK","article_modified_time":"2025-12-22T11:59:25+00:00","og_image":[{"width":1000,"height":1000,"url":"https:\/\/static.purejewels.com\/wp-content\/uploads\/2019\/11\/31738.jpg","type":"image\/jpeg"}],"twitter_card":"summary_large_image","twitter_misc":{"Tahmini okuma s\u00fcresi":"1 dakika"},"schema":{"@context":"https:\/\/schema.org","@graph":[{"@type":["WebPage","ItemPage"],"@id":"https:\/\/www.purejewels.com\/product\/22ct-gold-cubic-zirconia-stud-earring-3\/","url":"https:\/\/www.purejewels.com\/product\/22ct-gold-cubic-zirconia-stud-earring-3\/","name":"22 ayar alt\u0131n yuvarlak k\u00fcpeler | Zarif alt\u0131n tak\u0131lar PureJewels","isPartOf":{"@id":"https:\/\/www.purejewels.com\/#website"},"primaryImageOfPage":{"@id":"https:\/\/www.purejewels.com\/product\/22ct-gold-cubic-zirconia-stud-earring-3\/#primaryimage"},"image":{"@id":"https:\/\/www.purejewels.com\/product\/22ct-gold-cubic-zirconia-stud-earring-3\/#primaryimage"},"thumbnailUrl":"https:\/\/static.purejewels.com\/wp-content\/uploads\/2019\/11\/31738.jpg","datePublished":"2019-11-09T09:53:44+00:00","dateModified":"2025-12-22T11:59:25+00:00","description":"22 ayar alt\u0131n yuvarlak k\u00fcpe, g\u00f6z kama\u015ft\u0131r\u0131c\u0131 k\u00fcbik zirkonya k\u00fcmesi ile zamans\u0131z bir \u0131\u015f\u0131lt\u0131 ke\u015ffedin. Zarif, hafif ve her ortama uygun.","breadcrumb":{"@id":"https:\/\/www.purejewels.com\/product\/22ct-gold-cubic-zirconia-stud-earring-3\/#breadcrumb"},"inLanguage":"tr","potentialAction":[{"@type":"ReadAction","target":["https:\/\/www.purejewels.com\/product\/22ct-gold-cubic-zirconia-stud-earring-3\/"]}]},{"@type":"ImageObject","inLanguage":"tr","@id":"https:\/\/www.purejewels.com\/product\/22ct-gold-cubic-zirconia-stud-earring-3\/#primaryimage","url":"https:\/\/static.purejewels.com\/wp-content\/uploads\/2019\/11\/31738.jpg","contentUrl":"https:\/\/static.purejewels.com\/wp-content\/uploads\/2019\/11\/31738.jpg","width":1000,"height":1000,"caption":"31738"},{"@type":"BreadcrumbList","@id":"https:\/\/www.purejewels.com\/product\/22ct-gold-cubic-zirconia-stud-earring-3\/#breadcrumb","itemListElement":[{"@type":"ListItem","position":1,"name":"Home","item":"https:\/\/www.purejewels.com\/"},{"@type":"ListItem","position":2,"name":"Shop","item":"https:\/\/www.purejewels.com\/shop\/"},{"@type":"ListItem","position":3,"name":"22ct Gold Round CZ Cluster Stud Earrings"}]},{"@type":"WebSite","@id":"https:\/\/www.purejewels.com\/#website","url":"https:\/\/www.purejewels.com\/","name":"PureJewels \u0130ngiltere","description":"Sevgiyi Payla\u015f\u0131n","publisher":{"@id":"https:\/\/www.purejewels.com\/#organization"},"potentialAction":[{"@type":"SearchAction","target":{"@type":"EntryPoint","urlTemplate":"https:\/\/www.purejewels.com\/?s={search_term_string}"},"query-input":{"@type":"PropertyValueSpecification","valueRequired":true,"valueName":"search_term_string"}}],"inLanguage":"tr"},{"@type":"Organization","@id":"https:\/\/www.purejewels.com\/#organization","name":"PureJewels \u0130ngiltere","url":"https:\/\/www.purejewels.com\/","logo":{"@type":"ImageObject","inLanguage":"tr","@id":"https:\/\/www.purejewels.com\/#\/schema\/logo\/image\/","url":"https:\/\/static.purejewels.com\/wp-content\/uploads\/2020\/11\/Logo-PJ-New-1.png","contentUrl":"https:\/\/static.purejewels.com\/wp-content\/uploads\/2020\/11\/Logo-PJ-New-1.png","width":150,"height":80,"caption":"PureJewels UK"},"image":{"@id":"https:\/\/www.purejewels.com\/#\/schema\/logo\/image\/"}}]}},"_links":{"self":[{"href":"https:\/\/www.purejewels.com\/tr\/wp-json\/wp\/v2\/product\/311722","targetHints":{"allow":["GET"]}}],"collection":[{"href":"https:\/\/www.purejewels.com\/tr\/wp-json\/wp\/v2\/product"}],"about":[{"href":"https:\/\/www.purejewels.com\/tr\/wp-json\/wp\/v2\/types\/product"}],"replies":[{"embeddable":true,"href":"https:\/\/www.purejewels.com\/tr\/wp-json\/wp\/v2\/comments?post=311722"}],"version-history":[{"count":3,"href":"https:\/\/www.purejewels.com\/tr\/wp-json\/wp\/v2\/product\/311722\/revisions"}],"predecessor-version":[{"id":423686,"href":"https:\/\/www.purejewels.com\/tr\/wp-json\/wp\/v2\/product\/311722\/revisions\/423686"}],"wp:featuredmedia":[{"embeddable":true,"href":"https:\/\/www.purejewels.com\/tr\/wp-json\/wp\/v2\/media\/311775"}],"wp:attachment":[{"href":"https:\/\/www.purejewels.com\/tr\/wp-json\/wp\/v2\/media?parent=311722"}],"wp:term":[{"taxonomy":"product_brand","embeddable":true,"href":"https:\/\/www.purejewels.com\/tr\/wp-json\/wp\/v2\/product_brand?post=311722"},{"taxonomy":"product_cat","embeddable":true,"href":"https:\/\/www.purejewels.com\/tr\/wp-json\/wp\/v2\/product_cat?post=311722"},{"taxonomy":"product_tag","embeddable":true,"href":"https:\/\/www.purejewels.com\/tr\/wp-json\/wp\/v2\/product_tag?post=311722"}],"curies":[{"name":"wp","href":"https:\/\/api.w.org\/{rel}","templated":true}]}}